{"id":14088,"date":"2026-04-25T17:43:04","date_gmt":"2026-04-25T17:43:04","guid":{"rendered":"https:\/\/gastora.eu\/?post_type=product&#038;p=14088"},"modified":"2026-04-28T16:55:52","modified_gmt":"2026-04-28T16:55:52","slug":"gaufrier-4-gaufres-coeurs","status":"publish","type":"product","link":"https:\/\/gastora.eu\/en\/product\/gaufrier-4-gaufres-coeurs\/","title":{"rendered":"Gaufrier &#8211; 4 gaufres &#8211; coeurs"},"content":{"rendered":"<p>Les gaufres les plus d\u00e9licieuses sont faites \u00e0 la maison, dans votre propre cuisine. Ce gaufrier professionnel vous permet de cr\u00e9er les plus d\u00e9licieuses gaufres en forme de c\u0153ur. Vous pouvez utiliser ce gaufrier simple pour pr\u00e9parer des gaufres parfaites au march\u00e9 ou \u00e0 la foire, mais aussi dans un restaurant ou un caf\u00e9. Servez des gaufres en forme de c\u0153ur avec un dessert, par exemple. Parce que le temps est pr\u00e9cieux dans une cuisine professionnelle, cet appareil vous aidera \u00e0 cr\u00e9er des gaufres parfaites rapidement et facilement.<\/p>\n<h3>Avec rev\u00eatement antiadh\u00e9sif<\/h3>\n<p>Gr\u00e2ce \u00e0 son puissant \u00e9l\u00e9ment chauffant, le gaufrier chauffe rapidement. Il dispose \u00e9galement d&#8217;un r\u00e9gulateur de temp\u00e9rature thermostatique qui permet de r\u00e9gler la temp\u00e9rature entre 50 et 300\u00baC. La plaque en aluminium est recouverte d&#8217;un rev\u00eatement antiadh\u00e9sif, ce qui permet d&#8217;obtenir des gaufres propres et attrayantes. Pour \u00e9viter que les gaufres ne br\u00fblent, le gaufrier est dot\u00e9 d&#8217;une minuterie facile \u00e0 r\u00e9gler. Le voyant lumineux indique que le gaufrier est chaud et pr\u00eat \u00e0 l&#8217;emploi. La poign\u00e9e en forme de spirale facilite l&#8217;ouverture et la fermeture du gaufrier.<\/p>\n<h3>Facile \u00e0 nettoyer<\/h3>\n<p>Ce gaufrier de haute qualit\u00e9 est dot\u00e9 d&#8217;un bo\u00eetier en acier inoxydable et de plaques en aluminium, ce qui facilite le nettoyage. Avant de proc\u00e9der au nettoyage, \u00e9teignez l&#8217;appareil et d\u00e9branchez-le de la prise murale. Ne laissez pas le plateau refroidir compl\u00e8tement, mais commencez le nettoyage lorsqu&#8217;il est encore chaud. Utilisez une brosse, une \u00e9ponge ou un chiffon humide et un peu d&#8217;eau chaude pour tout nettoyer. S\u00e9chez ensuite le gaufrier avec un chiffon sec.<\/p>\n<p><strong>Caract\u00e9ristiques<\/strong><\/p>\n<ul>\n<li>Gaufrier haute performance pour la restauration<\/li>\n<li>Disponible en mod\u00e8le simple ou double<\/li>\n<li>Disponible avec un motif en forme de c\u0153ur ou de gaufre classique<\/li>\n<li>R\u00e9glage thermostatique de la temp\u00e9rature de 50 \u00e0 300 \u00b0C<\/li>\n<li>Plaque de cuisson en aluminium avec rev\u00eatement antiadh\u00e9sif<\/li>\n<li>Bo\u00eetier en acier inoxydable<\/li>\n<li>Surface facile \u00e0 nettoyer<\/li>\n<\/ul>\n<p><strong>Caract\u00e9ristiques du produit<\/strong><\/p>\n<ul>\n<li>Poids net : 5,5 kg<\/li>\n<li>Dimensions : B25,5 x D38 x H27cm B25,5 x D38 x H27cm<\/li>\n<li>230V\/50Hz\/1Phase 1000W<\/li>\n<\/ul>","protected":false},"excerpt":{"rendered":"<p>Ce gaufrier professionnel permet de r\u00e9aliser quatre c\u0153urs de gaufre en une seule fois. Il est dot\u00e9 d&#8217;un bo\u00eetier en acier inoxydable et d&#8217;une plaque de cuisson antiadh\u00e9sive en aluminium. Le panneau de commande analogique est dot\u00e9 de boutons robustes pour r\u00e9gler la temp\u00e9rature ou la minuterie. Id\u00e9al pour une foire, un march\u00e9, un restaurant ou un caf\u00e9.<\/p>","protected":false},"featured_media":6926,"template":"","meta":{"_acf_changed":false},"product_brand":[],"product_cat":[16],"product_tag":[],"class_list":{"0":"post-14088","1":"product","2":"type-product","3":"status-publish","4":"has-post-thumbnail","6":"product_cat-cuisson","8":"first","9":"instock","10":"sale","11":"taxable","12":"shipping-taxable","13":"purchasable","14":"product-type-simple"},"acf":[],"yoast_head":"<!-- This site is optimized with the Yoast SEO plugin v27.5 - https:\/\/yoast.com\/product\/yoast-seo-wordpress\/ -->\n<title>Gaufrier - 4 gaufres - coeurs - Gastora<\/title>\n<meta name=\"description\" content=\"Achetez Gaufrier - 4 gaufres - coeurs au meilleur prix, fiable et performant avec une livraison rapide\" \/>\n<meta name=\"robots\" content=\"index, follow, max-snippet:-1, max-image-preview:large, max-video-preview:-1\" \/>\n<link rel=\"canonical\" href=\"https:\/\/gastora.eu\/en\/product\/gaufrier-4-gaufres-coeurs\/\" \/>\n<meta property=\"og:locale\" content=\"en_US\" \/>\n<meta property=\"og:type\" content=\"article\" \/>\n<meta property=\"og:title\" content=\"Gaufrier - 4 gaufres - coeurs - Gastora\" \/>\n<meta property=\"og:description\" content=\"Achetez Gaufrier - 4 gaufres - coeurs au meilleur prix, fiable et performant avec une livraison rapide\" \/>\n<meta property=\"og:url\" content=\"https:\/\/gastora.eu\/en\/product\/gaufrier-4-gaufres-coeurs\/\" \/>\n<meta property=\"og:site_name\" content=\"Gastora\" \/>\n<meta property=\"article:modified_time\" content=\"2026-04-28T16:55:52+00:00\" \/>\n<meta name=\"twitter:card\" content=\"summary_large_image\" \/>\n<meta name=\"twitter:label1\" content=\"Est. reading time\" \/>\n\t<meta name=\"twitter:data1\" content=\"2 minutes\" \/>\n<script type=\"application\/ld+json\" class=\"yoast-schema-graph\">{\"@context\":\"https:\\\/\\\/schema.org\",\"@graph\":[{\"@type\":\"WebPage\",\"@id\":\"https:\\\/\\\/gastora.eu\\\/product\\\/gaufrier-4-gaufres-coeurs\\\/\",\"url\":\"https:\\\/\\\/gastora.eu\\\/product\\\/gaufrier-4-gaufres-coeurs\\\/\",\"name\":\"Gaufrier - 4 gaufres - coeurs - Gastora\",\"isPartOf\":{\"@id\":\"https:\\\/\\\/gastora.eu\\\/#website\"},\"primaryImageOfPage\":{\"@id\":\"https:\\\/\\\/gastora.eu\\\/product\\\/gaufrier-4-gaufres-coeurs\\\/#primaryimage\"},\"image\":{\"@id\":\"https:\\\/\\\/gastora.eu\\\/product\\\/gaufrier-4-gaufres-coeurs\\\/#primaryimage\"},\"thumbnailUrl\":\"https:\\\/\\\/gastora.eu\\\/wp-content\\\/uploads\\\/2026\\\/04\\\/sp-005-61656ea7a2cbc.jpg\",\"datePublished\":\"2026-04-25T17:43:04+00:00\",\"dateModified\":\"2026-04-28T16:55:52+00:00\",\"description\":\"Achetez Gaufrier - 4 gaufres - coeurs au meilleur prix, fiable et performant avec une livraison rapide\",\"breadcrumb\":{\"@id\":\"https:\\\/\\\/gastora.eu\\\/product\\\/gaufrier-4-gaufres-coeurs\\\/#breadcrumb\"},\"inLanguage\":\"en-US\",\"potentialAction\":[{\"@type\":\"ReadAction\",\"target\":[\"https:\\\/\\\/gastora.eu\\\/product\\\/gaufrier-4-gaufres-coeurs\\\/\"]}]},{\"@type\":\"ImageObject\",\"inLanguage\":\"en-US\",\"@id\":\"https:\\\/\\\/gastora.eu\\\/product\\\/gaufrier-4-gaufres-coeurs\\\/#primaryimage\",\"url\":\"https:\\\/\\\/gastora.eu\\\/wp-content\\\/uploads\\\/2026\\\/04\\\/sp-005-61656ea7a2cbc.jpg\",\"contentUrl\":\"https:\\\/\\\/gastora.eu\\\/wp-content\\\/uploads\\\/2026\\\/04\\\/sp-005-61656ea7a2cbc.jpg\",\"width\":1024,\"height\":1024},{\"@type\":\"BreadcrumbList\",\"@id\":\"https:\\\/\\\/gastora.eu\\\/product\\\/gaufrier-4-gaufres-coeurs\\\/#breadcrumb\",\"itemListElement\":[{\"@type\":\"ListItem\",\"position\":1,\"name\":\"Home\",\"item\":\"https:\\\/\\\/gastora.eu\\\/\"},{\"@type\":\"ListItem\",\"position\":2,\"name\":\"Shop\",\"item\":\"https:\\\/\\\/gastora.eu\\\/shop\\\/\"},{\"@type\":\"ListItem\",\"position\":3,\"name\":\"Gaufrier &#8211; 4 gaufres &#8211; coeurs\"}]},{\"@type\":\"WebSite\",\"@id\":\"https:\\\/\\\/gastora.eu\\\/#website\",\"url\":\"https:\\\/\\\/gastora.eu\\\/\",\"name\":\"Gastora\",\"description\":\"\u00c9quipements professionnels CHR\",\"publisher\":{\"@id\":\"https:\\\/\\\/gastora.eu\\\/#organization\"},\"potentialAction\":[{\"@type\":\"SearchAction\",\"target\":{\"@type\":\"EntryPoint\",\"urlTemplate\":\"https:\\\/\\\/gastora.eu\\\/?s={search_term_string}\"},\"query-input\":{\"@type\":\"PropertyValueSpecification\",\"valueRequired\":true,\"valueName\":\"search_term_string\"}}],\"inLanguage\":\"en-US\"},{\"@type\":\"Organization\",\"@id\":\"https:\\\/\\\/gastora.eu\\\/#organization\",\"name\":\"Gastora\",\"url\":\"https:\\\/\\\/gastora.eu\\\/\",\"logo\":{\"@type\":\"ImageObject\",\"inLanguage\":\"en-US\",\"@id\":\"https:\\\/\\\/gastora.eu\\\/#\\\/schema\\\/logo\\\/image\\\/\",\"url\":\"https:\\\/\\\/gastora.eu\\\/wp-content\\\/uploads\\\/2025\\\/12\\\/ChatGPT-Image-2-janv.-2026-22_52_47-1.png\",\"contentUrl\":\"https:\\\/\\\/gastora.eu\\\/wp-content\\\/uploads\\\/2025\\\/12\\\/ChatGPT-Image-2-janv.-2026-22_52_47-1.png\",\"width\":1536,\"height\":320,\"caption\":\"Gastora\"},\"image\":{\"@id\":\"https:\\\/\\\/gastora.eu\\\/#\\\/schema\\\/logo\\\/image\\\/\"}}]}<\/script>\n<!-- \/ Yoast SEO plugin. -->","yoast_head_json":{"title":"Gaufrier - 4 gaufres - coeurs - Gastora","description":"Achetez Gaufrier - 4 gaufres - coeurs au meilleur prix, fiable et performant avec une livraison rapide","robots":{"index":"index","follow":"follow","max-snippet":"max-snippet:-1","max-image-preview":"max-image-preview:large","max-video-preview":"max-video-preview:-1"},"canonical":"https:\/\/gastora.eu\/en\/product\/gaufrier-4-gaufres-coeurs\/","og_locale":"en_US","og_type":"article","og_title":"Gaufrier - 4 gaufres - coeurs - Gastora","og_description":"Achetez Gaufrier - 4 gaufres - coeurs au meilleur prix, fiable et performant avec une livraison rapide","og_url":"https:\/\/gastora.eu\/en\/product\/gaufrier-4-gaufres-coeurs\/","og_site_name":"Gastora","article_modified_time":"2026-04-28T16:55:52+00:00","twitter_card":"summary_large_image","twitter_misc":{"Est. reading time":"2 minutes"},"schema":{"@context":"https:\/\/schema.org","@graph":[{"@type":"WebPage","@id":"https:\/\/gastora.eu\/product\/gaufrier-4-gaufres-coeurs\/","url":"https:\/\/gastora.eu\/product\/gaufrier-4-gaufres-coeurs\/","name":"Gaufrier - 4 gaufres - coeurs - Gastora","isPartOf":{"@id":"https:\/\/gastora.eu\/#website"},"primaryImageOfPage":{"@id":"https:\/\/gastora.eu\/product\/gaufrier-4-gaufres-coeurs\/#primaryimage"},"image":{"@id":"https:\/\/gastora.eu\/product\/gaufrier-4-gaufres-coeurs\/#primaryimage"},"thumbnailUrl":"https:\/\/gastora.eu\/wp-content\/uploads\/2026\/04\/sp-005-61656ea7a2cbc.jpg","datePublished":"2026-04-25T17:43:04+00:00","dateModified":"2026-04-28T16:55:52+00:00","description":"Achetez Gaufrier - 4 gaufres - coeurs au meilleur prix, fiable et performant avec une livraison rapide","breadcrumb":{"@id":"https:\/\/gastora.eu\/product\/gaufrier-4-gaufres-coeurs\/#breadcrumb"},"inLanguage":"en-US","potentialAction":[{"@type":"ReadAction","target":["https:\/\/gastora.eu\/product\/gaufrier-4-gaufres-coeurs\/"]}]},{"@type":"ImageObject","inLanguage":"en-US","@id":"https:\/\/gastora.eu\/product\/gaufrier-4-gaufres-coeurs\/#primaryimage","url":"https:\/\/gastora.eu\/wp-content\/uploads\/2026\/04\/sp-005-61656ea7a2cbc.jpg","contentUrl":"https:\/\/gastora.eu\/wp-content\/uploads\/2026\/04\/sp-005-61656ea7a2cbc.jpg","width":1024,"height":1024},{"@type":"BreadcrumbList","@id":"https:\/\/gastora.eu\/product\/gaufrier-4-gaufres-coeurs\/#breadcrumb","itemListElement":[{"@type":"ListItem","position":1,"name":"Home","item":"https:\/\/gastora.eu\/"},{"@type":"ListItem","position":2,"name":"Shop","item":"https:\/\/gastora.eu\/shop\/"},{"@type":"ListItem","position":3,"name":"Gaufrier &#8211; 4 gaufres &#8211; coeurs"}]},{"@type":"WebSite","@id":"https:\/\/gastora.eu\/#website","url":"https:\/\/gastora.eu\/","name":"Gastora","description":"\u00c9quipements professionnels CHR","publisher":{"@id":"https:\/\/gastora.eu\/#organization"},"potentialAction":[{"@type":"SearchAction","target":{"@type":"EntryPoint","urlTemplate":"https:\/\/gastora.eu\/?s={search_term_string}"},"query-input":{"@type":"PropertyValueSpecification","valueRequired":true,"valueName":"search_term_string"}}],"inLanguage":"en-US"},{"@type":"Organization","@id":"https:\/\/gastora.eu\/#organization","name":"Gastora","url":"https:\/\/gastora.eu\/","logo":{"@type":"ImageObject","inLanguage":"en-US","@id":"https:\/\/gastora.eu\/#\/schema\/logo\/image\/","url":"https:\/\/gastora.eu\/wp-content\/uploads\/2025\/12\/ChatGPT-Image-2-janv.-2026-22_52_47-1.png","contentUrl":"https:\/\/gastora.eu\/wp-content\/uploads\/2025\/12\/ChatGPT-Image-2-janv.-2026-22_52_47-1.png","width":1536,"height":320,"caption":"Gastora"},"image":{"@id":"https:\/\/gastora.eu\/#\/schema\/logo\/image\/"}}]}},"jetpack_sharing_enabled":true,"_links":{"self":[{"href":"https:\/\/gastora.eu\/en\/wp-json\/wp\/v2\/product\/14088","targetHints":{"allow":["GET"]}}],"collection":[{"href":"https:\/\/gastora.eu\/en\/wp-json\/wp\/v2\/product"}],"about":[{"href":"https:\/\/gastora.eu\/en\/wp-json\/wp\/v2\/types\/product"}],"wp:featuredmedia":[{"embeddable":true,"href":"https:\/\/gastora.eu\/en\/wp-json\/wp\/v2\/media\/6926"}],"wp:attachment":[{"href":"https:\/\/gastora.eu\/en\/wp-json\/wp\/v2\/media?parent=14088"}],"wp:term":[{"taxonomy":"product_brand","embeddable":true,"href":"https:\/\/gastora.eu\/en\/wp-json\/wp\/v2\/product_brand?post=14088"},{"taxonomy":"product_cat","embeddable":true,"href":"https:\/\/gastora.eu\/en\/wp-json\/wp\/v2\/product_cat?post=14088"},{"taxonomy":"product_tag","embeddable":true,"href":"https:\/\/gastora.eu\/en\/wp-json\/wp\/v2\/product_tag?post=14088"}],"curies":[{"name":"wp","href":"https:\/\/api.w.org\/{rel}","templated":true}]}}