{"id":14081,"date":"2026-04-25T17:42:54","date_gmt":"2026-04-25T17:42:54","guid":{"rendered":"https:\/\/gastora.eu\/?post_type=product&#038;p=14081"},"modified":"2026-04-28T16:55:51","modified_gmt":"2026-04-28T16:55:51","slug":"sous-vide-28-l","status":"publish","type":"product","link":"https:\/\/gastora.eu\/en\/product\/sous-vide-28-l\/","title":{"rendered":"Sous vide &#8211; 28 L"},"content":{"rendered":"<p>Le sous-vide peut \u00eatre utilis\u00e9 pour un large \u00e9ventail de plats et d&#8217;aliments. Les avantages de la cuisson sous vide sont que les produits conservent leur saveur et leurs vitamines. En outre, la cuisson dans cet appareil sous vide permet d&#8217;\u00e9viter que vos plats ne br\u00fblent ou ne s\u00e8chent. Il est \u00e0 la fois compact et tr\u00e8s silencieux. Il vous permet \u00e9galement de r\u00e9duire les mati\u00e8res grasses et le sel pendant la cuisson. Lorsque vous cuisinez sous vide, vous laissez les aliments emball\u00e9s sous vide cuire \u00e0 une temp\u00e9rature constante. Avant de cuisiner sous vide, nettoyez, coupez ou \u00e9pluchez les aliments frais afin que les plats soient pr\u00eats imm\u00e9diatement apr\u00e8s la cuisson sous vide.<\/p>\n<h3>Une pr\u00e9cision sans pr\u00e9c\u00e9dent de 0,1\u00baC<\/h3>\n<p>Dans cet appareil professionnel sous vide d&#8217;une capacit\u00e9 de 28 litres, l&#8217;eau du r\u00e9servoir est chauff\u00e9e progressivement. Les aliments ne br\u00fblent pas et ne se s\u00e9parent pas car la temp\u00e9rature de l&#8217;eau ne peut pas d\u00e9passer 99\u00baC. La temp\u00e9rature et la dur\u00e9e peuvent \u00eatre r\u00e9gl\u00e9es s\u00e9par\u00e9ment. En outre, cet appareil sous vide a une pr\u00e9cision de 0,1\u00baC. Gr\u00e2ce \u00e0 l&#8217;\u00e9coulement r\u00e9gulier de l&#8217;eau, vous pouvez cr\u00e9er une pr\u00e9paration parfaite o\u00f9 le go\u00fbt, la texture et les nutriments sont pr\u00e9serv\u00e9s. L&#8217;\u00e9cran LCD est num\u00e9rique et le panneau de commande est facile \u00e0 utiliser, gr\u00e2ce aux boutons tactiles. Le sous vide est \u00e9galement \u00e9quip\u00e9 d&#8217;un dispositif de s\u00e9curit\u00e9 thermique et le cordon d&#8217;alimentation peut \u00eatre retir\u00e9.<\/p>\n<h3>Comprend une \u00e9tag\u00e8re pratique en acier inoxydable pour les produits<\/h3>\n<p>L&#8217;appareil sous vide est tr\u00e8s silencieux et ne fait presque aucun bruit pendant la cuisson. De plus, l&#8217;appareil est livr\u00e9 avec une \u00e9tag\u00e8re en acier inoxydable tr\u00e8s pratique pour placer les produits dans le r\u00e9servoir d&#8217;eau. L&#8217;eau peut \u00eatre \u00e9vacu\u00e9e \u00e0 l&#8217;aide du robinet de vidange situ\u00e9 \u00e0 l&#8217;arri\u00e8re. Laissez refroidir l&#8217;appareil avant de le nettoyer. Utilisez un chiffon humide, de l&#8217;eau chaude et un d\u00e9tergent doux pour nettoyer les parties en acier inoxydable. Essuyez avec un chiffon sec avant de r\u00e9utiliser l&#8217;appareil.<\/p>\n<ul>\n<li>Appareil sous vide compact et agr\u00e9able<\/li>\n<li>Capacit\u00e9 importante, jusqu&#8217;\u00e0 28L<\/li>\n<li>Temp\u00e9rature et temps r\u00e9glables s\u00e9par\u00e9ment<\/li>\n<li>Pr\u00e9cision sans pr\u00e9c\u00e9dent jusqu&#8217;\u00e0 <0,1C<\/li>\n<li>Temp\u00e9rature maximale de 99 degr\u00e9s Celsius<\/li>\n<li>Pr\u00e9paration parfaite par eau uniforme<\/li>\n<li>Le go\u00fbt, la texture et les nutriments sont conserv\u00e9s<\/li>\n<li>Machine bien isol\u00e9e<\/li>\n<li>Cuisson sous vide tr\u00e8s silencieuse &#8211; aucun bruit<\/li>\n<li>Affichage num\u00e9rique sur \u00e9cran LCD<\/li>\n<li>Panneau de commande simple avec commandes tactiles<\/li>\n<li>Avec protection thermique<\/li>\n<li>\u00c9quip\u00e9 d&#8217;un support pratique en acier inoxydable pour les produits<\/li>\n<li>Cordon d&#8217;alimentation d\u00e9tachable<\/li>\n<li>Facile \u00e0 nettoyer<\/li>\n<li>Poids net : 8,5 kg<\/li>\n<li>Dimensions : L570 x P430 x H280 mm<\/li>\n<li>230V \/ 50Hz \/ 1phase 1800 Watt<\/li>\n<p><!--0.3c--><\/ul>\n<ul>\n<li>Poids net : 8,5 kg\n<\/li>\n<li>Capacit\u00e9 : 28L\n<\/li>\n<li>Dimensions : L57 x P43 x H28cm\n<\/li>\n<li>230V\/50Hz\/1Phase 1800W<br \/>","protected":false},"excerpt":{"rendered":"<p>Avec ce sous vide d&#8217;une capacit\u00e9 de 28L, vous pouvez pr\u00e9parer des plats sains et cuisin\u00e9s qui conservent leur saveur et leurs vitamines sans br\u00fbler ni se dess\u00e9cher. Cet appareil sous vide compact cuit avec une pr\u00e9cision de 0,1\u00baC. Le temps et la temp\u00e9rature peuvent \u00eatre r\u00e9gl\u00e9s comme vous le souhaitez.<\/p>","protected":false},"featured_media":6911,"template":"","meta":{"_acf_changed":false},"product_brand":[],"product_cat":[16],"product_tag":[],"class_list":{"0":"post-14081","1":"product","2":"type-product","3":"status-publish","4":"has-post-thumbnail","6":"product_cat-cuisson","8":"first","9":"instock","10":"sale","11":"taxable","12":"shipping-taxable","13":"purchasable","14":"product-type-simple"},"acf":[],"yoast_head":"<!-- This site is optimized with the Yoast SEO plugin v27.5 - https:\/\/yoast.com\/product\/yoast-seo-wordpress\/ -->\n<title>Sous vide - 28 L - Gastora<\/title>\n<meta name=\"description\" content=\"Achetez Sous vide - 28 L au meilleur prix, fiable et performant avec une livraison rapide\" \/>\n<meta name=\"robots\" content=\"index, follow, max-snippet:-1, max-image-preview:large, max-video-preview:-1\" \/>\n<link rel=\"canonical\" href=\"https:\/\/gastora.eu\/en\/product\/sous-vide-28-l\/\" \/>\n<meta property=\"og:locale\" content=\"en_US\" \/>\n<meta property=\"og:type\" content=\"article\" \/>\n<meta property=\"og:title\" content=\"Sous vide - 28 L - Gastora\" \/>\n<meta property=\"og:description\" content=\"Achetez Sous vide - 28 L au meilleur prix, fiable et performant avec une livraison rapide\" \/>\n<meta property=\"og:url\" content=\"https:\/\/gastora.eu\/en\/product\/sous-vide-28-l\/\" \/>\n<meta property=\"og:site_name\" content=\"Gastora\" \/>\n<meta property=\"article:modified_time\" content=\"2026-04-28T16:55:51+00:00\" \/>\n<meta name=\"twitter:card\" content=\"summary_large_image\" \/>\n<meta name=\"twitter:label1\" content=\"Est. reading time\" \/>\n\t<meta name=\"twitter:data1\" content=\"2 minutes\" \/>\n<script type=\"application\/ld+json\" class=\"yoast-schema-graph\">{\"@context\":\"https:\\\/\\\/schema.org\",\"@graph\":[{\"@type\":\"WebPage\",\"@id\":\"https:\\\/\\\/gastora.eu\\\/product\\\/sous-vide-28-l\\\/\",\"url\":\"https:\\\/\\\/gastora.eu\\\/product\\\/sous-vide-28-l\\\/\",\"name\":\"Sous vide - 28 L - Gastora\",\"isPartOf\":{\"@id\":\"https:\\\/\\\/gastora.eu\\\/#website\"},\"primaryImageOfPage\":{\"@id\":\"https:\\\/\\\/gastora.eu\\\/product\\\/sous-vide-28-l\\\/#primaryimage\"},\"image\":{\"@id\":\"https:\\\/\\\/gastora.eu\\\/product\\\/sous-vide-28-l\\\/#primaryimage\"},\"thumbnailUrl\":\"https:\\\/\\\/gastora.eu\\\/wp-content\\\/uploads\\\/2026\\\/04\\\/1_sous_vide_28l_2892a.jpg\",\"datePublished\":\"2026-04-25T17:42:54+00:00\",\"dateModified\":\"2026-04-28T16:55:51+00:00\",\"description\":\"Achetez Sous vide - 28 L au meilleur prix, fiable et performant avec une livraison rapide\",\"breadcrumb\":{\"@id\":\"https:\\\/\\\/gastora.eu\\\/product\\\/sous-vide-28-l\\\/#breadcrumb\"},\"inLanguage\":\"en-US\",\"potentialAction\":[{\"@type\":\"ReadAction\",\"target\":[\"https:\\\/\\\/gastora.eu\\\/product\\\/sous-vide-28-l\\\/\"]}]},{\"@type\":\"ImageObject\",\"inLanguage\":\"en-US\",\"@id\":\"https:\\\/\\\/gastora.eu\\\/product\\\/sous-vide-28-l\\\/#primaryimage\",\"url\":\"https:\\\/\\\/gastora.eu\\\/wp-content\\\/uploads\\\/2026\\\/04\\\/1_sous_vide_28l_2892a.jpg\",\"contentUrl\":\"https:\\\/\\\/gastora.eu\\\/wp-content\\\/uploads\\\/2026\\\/04\\\/1_sous_vide_28l_2892a.jpg\",\"width\":1200,\"height\":1200},{\"@type\":\"BreadcrumbList\",\"@id\":\"https:\\\/\\\/gastora.eu\\\/product\\\/sous-vide-28-l\\\/#breadcrumb\",\"itemListElement\":[{\"@type\":\"ListItem\",\"position\":1,\"name\":\"Home\",\"item\":\"https:\\\/\\\/gastora.eu\\\/\"},{\"@type\":\"ListItem\",\"position\":2,\"name\":\"Shop\",\"item\":\"https:\\\/\\\/gastora.eu\\\/shop\\\/\"},{\"@type\":\"ListItem\",\"position\":3,\"name\":\"Sous vide &#8211; 28 L\"}]},{\"@type\":\"WebSite\",\"@id\":\"https:\\\/\\\/gastora.eu\\\/#website\",\"url\":\"https:\\\/\\\/gastora.eu\\\/\",\"name\":\"Gastora\",\"description\":\"\u00c9quipements professionnels CHR\",\"publisher\":{\"@id\":\"https:\\\/\\\/gastora.eu\\\/#organization\"},\"potentialAction\":[{\"@type\":\"SearchAction\",\"target\":{\"@type\":\"EntryPoint\",\"urlTemplate\":\"https:\\\/\\\/gastora.eu\\\/?s={search_term_string}\"},\"query-input\":{\"@type\":\"PropertyValueSpecification\",\"valueRequired\":true,\"valueName\":\"search_term_string\"}}],\"inLanguage\":\"en-US\"},{\"@type\":\"Organization\",\"@id\":\"https:\\\/\\\/gastora.eu\\\/#organization\",\"name\":\"Gastora\",\"url\":\"https:\\\/\\\/gastora.eu\\\/\",\"logo\":{\"@type\":\"ImageObject\",\"inLanguage\":\"en-US\",\"@id\":\"https:\\\/\\\/gastora.eu\\\/#\\\/schema\\\/logo\\\/image\\\/\",\"url\":\"https:\\\/\\\/gastora.eu\\\/wp-content\\\/uploads\\\/2025\\\/12\\\/ChatGPT-Image-2-janv.-2026-22_52_47-1.png\",\"contentUrl\":\"https:\\\/\\\/gastora.eu\\\/wp-content\\\/uploads\\\/2025\\\/12\\\/ChatGPT-Image-2-janv.-2026-22_52_47-1.png\",\"width\":1536,\"height\":320,\"caption\":\"Gastora\"},\"image\":{\"@id\":\"https:\\\/\\\/gastora.eu\\\/#\\\/schema\\\/logo\\\/image\\\/\"}}]}<\/script>\n<!-- \/ Yoast SEO plugin. -->","yoast_head_json":{"title":"Sous vide - 28 L - Gastora","description":"Achetez Sous vide - 28 L au meilleur prix, fiable et performant avec une livraison rapide","robots":{"index":"index","follow":"follow","max-snippet":"max-snippet:-1","max-image-preview":"max-image-preview:large","max-video-preview":"max-video-preview:-1"},"canonical":"https:\/\/gastora.eu\/en\/product\/sous-vide-28-l\/","og_locale":"en_US","og_type":"article","og_title":"Sous vide - 28 L - Gastora","og_description":"Achetez Sous vide - 28 L au meilleur prix, fiable et performant avec une livraison rapide","og_url":"https:\/\/gastora.eu\/en\/product\/sous-vide-28-l\/","og_site_name":"Gastora","article_modified_time":"2026-04-28T16:55:51+00:00","twitter_card":"summary_large_image","twitter_misc":{"Est. reading time":"2 minutes"},"schema":{"@context":"https:\/\/schema.org","@graph":[{"@type":"WebPage","@id":"https:\/\/gastora.eu\/product\/sous-vide-28-l\/","url":"https:\/\/gastora.eu\/product\/sous-vide-28-l\/","name":"Sous vide - 28 L - Gastora","isPartOf":{"@id":"https:\/\/gastora.eu\/#website"},"primaryImageOfPage":{"@id":"https:\/\/gastora.eu\/product\/sous-vide-28-l\/#primaryimage"},"image":{"@id":"https:\/\/gastora.eu\/product\/sous-vide-28-l\/#primaryimage"},"thumbnailUrl":"https:\/\/gastora.eu\/wp-content\/uploads\/2026\/04\/1_sous_vide_28l_2892a.jpg","datePublished":"2026-04-25T17:42:54+00:00","dateModified":"2026-04-28T16:55:51+00:00","description":"Achetez Sous vide - 28 L au meilleur prix, fiable et performant avec une livraison rapide","breadcrumb":{"@id":"https:\/\/gastora.eu\/product\/sous-vide-28-l\/#breadcrumb"},"inLanguage":"en-US","potentialAction":[{"@type":"ReadAction","target":["https:\/\/gastora.eu\/product\/sous-vide-28-l\/"]}]},{"@type":"ImageObject","inLanguage":"en-US","@id":"https:\/\/gastora.eu\/product\/sous-vide-28-l\/#primaryimage","url":"https:\/\/gastora.eu\/wp-content\/uploads\/2026\/04\/1_sous_vide_28l_2892a.jpg","contentUrl":"https:\/\/gastora.eu\/wp-content\/uploads\/2026\/04\/1_sous_vide_28l_2892a.jpg","width":1200,"height":1200},{"@type":"BreadcrumbList","@id":"https:\/\/gastora.eu\/product\/sous-vide-28-l\/#breadcrumb","itemListElement":[{"@type":"ListItem","position":1,"name":"Home","item":"https:\/\/gastora.eu\/"},{"@type":"ListItem","position":2,"name":"Shop","item":"https:\/\/gastora.eu\/shop\/"},{"@type":"ListItem","position":3,"name":"Sous vide &#8211; 28 L"}]},{"@type":"WebSite","@id":"https:\/\/gastora.eu\/#website","url":"https:\/\/gastora.eu\/","name":"Gastora","description":"\u00c9quipements professionnels CHR","publisher":{"@id":"https:\/\/gastora.eu\/#organization"},"potentialAction":[{"@type":"SearchAction","target":{"@type":"EntryPoint","urlTemplate":"https:\/\/gastora.eu\/?s={search_term_string}"},"query-input":{"@type":"PropertyValueSpecification","valueRequired":true,"valueName":"search_term_string"}}],"inLanguage":"en-US"},{"@type":"Organization","@id":"https:\/\/gastora.eu\/#organization","name":"Gastora","url":"https:\/\/gastora.eu\/","logo":{"@type":"ImageObject","inLanguage":"en-US","@id":"https:\/\/gastora.eu\/#\/schema\/logo\/image\/","url":"https:\/\/gastora.eu\/wp-content\/uploads\/2025\/12\/ChatGPT-Image-2-janv.-2026-22_52_47-1.png","contentUrl":"https:\/\/gastora.eu\/wp-content\/uploads\/2025\/12\/ChatGPT-Image-2-janv.-2026-22_52_47-1.png","width":1536,"height":320,"caption":"Gastora"},"image":{"@id":"https:\/\/gastora.eu\/#\/schema\/logo\/image\/"}}]}},"jetpack_sharing_enabled":true,"_links":{"self":[{"href":"https:\/\/gastora.eu\/en\/wp-json\/wp\/v2\/product\/14081","targetHints":{"allow":["GET"]}}],"collection":[{"href":"https:\/\/gastora.eu\/en\/wp-json\/wp\/v2\/product"}],"about":[{"href":"https:\/\/gastora.eu\/en\/wp-json\/wp\/v2\/types\/product"}],"wp:featuredmedia":[{"embeddable":true,"href":"https:\/\/gastora.eu\/en\/wp-json\/wp\/v2\/media\/6911"}],"wp:attachment":[{"href":"https:\/\/gastora.eu\/en\/wp-json\/wp\/v2\/media?parent=14081"}],"wp:term":[{"taxonomy":"product_brand","embeddable":true,"href":"https:\/\/gastora.eu\/en\/wp-json\/wp\/v2\/product_brand?post=14081"},{"taxonomy":"product_cat","embeddable":true,"href":"https:\/\/gastora.eu\/en\/wp-json\/wp\/v2\/product_cat?post=14081"},{"taxonomy":"product_tag","embeddable":true,"href":"https:\/\/gastora.eu\/en\/wp-json\/wp\/v2\/product_tag?post=14081"}],"curies":[{"name":"wp","href":"https:\/\/api.w.org\/{rel}","templated":true}]}}