{"id":14080,"date":"2026-04-25T17:42:53","date_gmt":"2026-04-25T17:42:53","guid":{"rendered":"https:\/\/gastora.eu\/?post_type=product&#038;p=14080"},"modified":"2026-04-28T16:55:51","modified_gmt":"2026-04-28T16:55:51","slug":"vitrine-rfrigre-300-l-92-cm","status":"publish","type":"product","link":"https:\/\/gastora.eu\/en\/product\/vitrine-rfrigre-300-l-92-cm\/","title":{"rendered":"Vitrine r\u00e9frig\u00e9r\u00e9e &#8211; 300 L &#8211; 92 cm"},"content":{"rendered":"<p>Gr\u00e2ce \u00e0 ses magnifiques vitres en verre, ce r\u00e9frig\u00e9rateur pr\u00e9sentoir est id\u00e9al pour mettre en valeur les aliments et les boissons aupr\u00e8s des clients potentiels. Les produits sont pr\u00e9sent\u00e9s de mani\u00e8re attrayante gr\u00e2ce \u00e0 l&#8217;\u00e9clairage LED int\u00e9gr\u00e9 \u00e0 faible consommation d&#8217;\u00e9nergie. Avec une capacit\u00e9 de 300 litres, ce r\u00e9frig\u00e9rateur pr\u00e9sentoir offre plus d&#8217;espace que n\u00e9cessaire pour tous vos g\u00e2teaux, p\u00e2tisseries, snacks, sandwichs et autres aliments. \u00c0 l&#8217;int\u00e9rieur, il y a deux \u00e9tag\u00e8res en verre, toutes deux r\u00e9glables en hauteur, ce qui vous permet de personnaliser votre agencement en fonction de vos besoins sp\u00e9cifiques. Enfin, il comprend une porte coulissante \u00e0 l&#8217;arri\u00e8re pour faciliter l&#8217;acc\u00e8s au remplissage et au retrait des articles.<\/p>\n<h3>Id\u00e9al pour pr\u00e9senter les g\u00e2teaux<\/h3>\n<p>Ce r\u00e9frig\u00e9rateur de pr\u00e9sentation professionnel est dot\u00e9 d&#8217;un syst\u00e8me de refroidissement comprenant un ventilateur, ce qui le rend id\u00e9al pour les produits tels que les g\u00e2teaux et autres produits de boulangerie. Le ventilateur assure une r\u00e9partition uniforme de l&#8217;air froid \u00e0 l&#8217;int\u00e9rieur de la vitrine, ce qui vous garantit que tous vos aliments restent \u00e9galement refroidis. Vous pouvez facilement r\u00e9gler la temp\u00e9rature \u00e0 l&#8217;aide du panneau de commande num\u00e9rique, dans une plage de temp\u00e9rature comprise entre 2 et 8\u00b0C. Le r\u00e9frig\u00e9rant utilis\u00e9 pour ce r\u00e9frig\u00e9rateur de pr\u00e9sentation de luxe est le R290, exempt de CFC. Cette vitrine professionnelle est \u00e9galement tr\u00e8s facile \u00e0 d\u00e9placer, gr\u00e2ce aux quatre roulettes situ\u00e9es sous la vitrine.<\/p>\n<h3>Un nettoyage sans effort<\/h3>\n<p>Pour tout \u00e9quipement de cuisine, la propret\u00e9 et l&#8217;hygi\u00e8ne sont tr\u00e8s importantes. C&#8217;est encore plus vrai dans le secteur de la restauration o\u00f9 les appareils sont utilis\u00e9s et doivent donc \u00eatre nettoy\u00e9s quotidiennement. Avec ce r\u00e9frig\u00e9rateur vitrine, le nettoyage se fait sans effort. L&#8217;ext\u00e9rieur en acier inoxydable du r\u00e9frig\u00e9rateur vitrine se nettoie simplement \u00e0 l&#8217;aide d&#8217;un chiffon doux et humide. Pour l&#8217;int\u00e9rieur du r\u00e9frig\u00e9rateur, ainsi que les \u00e9tag\u00e8res en verre, utilisez un peu d&#8217;eau chaude avec un d\u00e9tergent doux pour le nettoyer en profondeur.<\/p>\n<p><strong>Caract\u00e9ristiques<\/strong><\/p>\n<ul>\n<li>\u00c9clairage LED \u00e0 l&#8217;int\u00e9rieur<\/li>\n<li>R\u00e9frig\u00e9rant R290, sans CFC<\/li>\n<li>R\u00e9gulateur de temp\u00e9rature num\u00e9rique<\/li>\n<li>Bo\u00eetier robuste en acier inoxydable<\/li>\n<li>Sur quatre roues pour un d\u00e9placement facile<\/li>\n<li>Plage de temp\u00e9rature de 2 \u00e0 8\u00b0C<\/li>\n<li>Comprend deux \u00e9tag\u00e8res en verre r\u00e9glables<\/li>\n<li>Porte coulissante \u00e0 l&#8217;arri\u00e8re pour faciliter le remplissage<\/li>\n<li>Fen\u00eatres \u00e0 double vitrage sur tous les c\u00f4t\u00e9s<\/li>\n<li>Id\u00e9al pour les g\u00e2teaux, les p\u00e2tisseries, les snacks et les sandwiches<\/li>\n<li>Cycle de refroidissement sp\u00e9cialis\u00e9 pour r\u00e9duire la formation de glace<\/li>\n<li>Syst\u00e8me de refroidissement avec ventilateur parfaitement adapt\u00e9 aux g\u00e2teaux<\/li>\n<\/ul>\n<p><strong>Caract\u00e9ristiques du produit<\/strong><\/p>\n<ul>\n<li>Poids net : 135 kg<\/li>\n<li>Dimensions int\u00e9rieures : L85,9 x P58 x H64,8cm<\/li>\n<li>Dimensions ext\u00e9rieures : L91,5 x P67,5 x H121cm<\/li>\n<li>Dimensions de la base (sans le pr\u00e9sentoir) : L91,5 x P67,5 x H47,4cm<\/li>\n<li>Volume : 300L<\/li>\n<li>230V \/ 50Hz \/ 1 Phase 475W<\/li>\n<\/ul>\n<p><strong>Remarque :<\/strong> pour \u00e9viter la condensation, ne placez pas le r\u00e9frig\u00e9rateur dans une pi\u00e8ce chaude ou humide. Si de la condensation se produit, veuillez nous contacter.<\/p>","protected":false},"excerpt":{"rendered":"<p>Ce r\u00e9frig\u00e9rateur pr\u00e9sentoir d&#8217;une capacit\u00e9 de 300 litres est id\u00e9al pour pr\u00e9senter les produits aux clients potentiels de mani\u00e8re attrayante. Il est mont\u00e9 sur roulettes, ce qui le rend facile \u00e0 d\u00e9placer, et comprend un r\u00e9gulateur de temp\u00e9rature num\u00e9rique tr\u00e8s convivial qui vous permet de toujours r\u00e9gler la temp\u00e9rature avec pr\u00e9cision.<\/p>","protected":false},"featured_media":6909,"template":"","meta":{"_acf_changed":false},"product_brand":[],"product_cat":[475],"product_tag":[],"class_list":{"0":"post-14080","1":"product","2":"type-product","3":"status-publish","4":"has-post-thumbnail","6":"product_cat-vitrines-refrigerees-2","8":"first","9":"instock","10":"sale","11":"taxable","12":"shipping-taxable","13":"purchasable","14":"product-type-simple"},"acf":[],"yoast_head":"<!-- This site is optimized with the Yoast SEO plugin v27.5 - https:\/\/yoast.com\/product\/yoast-seo-wordpress\/ -->\n<title>Vitrine r\u00e9frig\u00e9r\u00e9e - 300 L - 92 cm - Gastora<\/title>\n<meta name=\"description\" content=\"Achetez Vitrine r\u00e9frig\u00e9r\u00e9e - 300 L - 92 cm au meilleur prix, fiable et performant avec une livraison rapide\" \/>\n<meta name=\"robots\" content=\"index, follow, max-snippet:-1, max-image-preview:large, max-video-preview:-1\" \/>\n<link rel=\"canonical\" href=\"https:\/\/gastora.eu\/en\/product\/vitrine-rfrigre-300-l-92-cm\/\" \/>\n<meta property=\"og:locale\" content=\"en_US\" \/>\n<meta property=\"og:type\" content=\"article\" \/>\n<meta property=\"og:title\" content=\"Vitrine r\u00e9frig\u00e9r\u00e9e - 300 L - 92 cm - Gastora\" \/>\n<meta property=\"og:description\" content=\"Achetez Vitrine r\u00e9frig\u00e9r\u00e9e - 300 L - 92 cm au meilleur prix, fiable et performant avec une livraison rapide\" \/>\n<meta property=\"og:url\" content=\"https:\/\/gastora.eu\/en\/product\/vitrine-rfrigre-300-l-92-cm\/\" \/>\n<meta property=\"og:site_name\" content=\"Gastora\" \/>\n<meta property=\"article:modified_time\" content=\"2026-04-28T16:55:51+00:00\" \/>\n<meta name=\"twitter:card\" content=\"summary_large_image\" \/>\n<meta name=\"twitter:label1\" content=\"Est. reading time\" \/>\n\t<meta name=\"twitter:data1\" content=\"3 minutes\" \/>\n<script type=\"application\/ld+json\" class=\"yoast-schema-graph\">{\"@context\":\"https:\\\/\\\/schema.org\",\"@graph\":[{\"@type\":\"WebPage\",\"@id\":\"https:\\\/\\\/gastora.eu\\\/product\\\/vitrine-rfrigre-300-l-92-cm\\\/\",\"url\":\"https:\\\/\\\/gastora.eu\\\/product\\\/vitrine-rfrigre-300-l-92-cm\\\/\",\"name\":\"Vitrine r\u00e9frig\u00e9r\u00e9e - 300 L - 92 cm - Gastora\",\"isPartOf\":{\"@id\":\"https:\\\/\\\/gastora.eu\\\/#website\"},\"primaryImageOfPage\":{\"@id\":\"https:\\\/\\\/gastora.eu\\\/product\\\/vitrine-rfrigre-300-l-92-cm\\\/#primaryimage\"},\"image\":{\"@id\":\"https:\\\/\\\/gastora.eu\\\/product\\\/vitrine-rfrigre-300-l-92-cm\\\/#primaryimage\"},\"thumbnailUrl\":\"https:\\\/\\\/gastora.eu\\\/wp-content\\\/uploads\\\/2026\\\/04\\\/maxima-showcase-300l-400l-500l-1.jpg\",\"datePublished\":\"2026-04-25T17:42:53+00:00\",\"dateModified\":\"2026-04-28T16:55:51+00:00\",\"description\":\"Achetez Vitrine r\u00e9frig\u00e9r\u00e9e - 300 L - 92 cm au meilleur prix, fiable et performant avec une livraison rapide\",\"breadcrumb\":{\"@id\":\"https:\\\/\\\/gastora.eu\\\/product\\\/vitrine-rfrigre-300-l-92-cm\\\/#breadcrumb\"},\"inLanguage\":\"en-US\",\"potentialAction\":[{\"@type\":\"ReadAction\",\"target\":[\"https:\\\/\\\/gastora.eu\\\/product\\\/vitrine-rfrigre-300-l-92-cm\\\/\"]}]},{\"@type\":\"ImageObject\",\"inLanguage\":\"en-US\",\"@id\":\"https:\\\/\\\/gastora.eu\\\/product\\\/vitrine-rfrigre-300-l-92-cm\\\/#primaryimage\",\"url\":\"https:\\\/\\\/gastora.eu\\\/wp-content\\\/uploads\\\/2026\\\/04\\\/maxima-showcase-300l-400l-500l-1.jpg\",\"contentUrl\":\"https:\\\/\\\/gastora.eu\\\/wp-content\\\/uploads\\\/2026\\\/04\\\/maxima-showcase-300l-400l-500l-1.jpg\",\"width\":1024,\"height\":1024},{\"@type\":\"BreadcrumbList\",\"@id\":\"https:\\\/\\\/gastora.eu\\\/product\\\/vitrine-rfrigre-300-l-92-cm\\\/#breadcrumb\",\"itemListElement\":[{\"@type\":\"ListItem\",\"position\":1,\"name\":\"Home\",\"item\":\"https:\\\/\\\/gastora.eu\\\/\"},{\"@type\":\"ListItem\",\"position\":2,\"name\":\"Shop\",\"item\":\"https:\\\/\\\/gastora.eu\\\/shop\\\/\"},{\"@type\":\"ListItem\",\"position\":3,\"name\":\"Vitrine r\u00e9frig\u00e9r\u00e9e &#8211; 300 L &#8211; 92 cm\"}]},{\"@type\":\"WebSite\",\"@id\":\"https:\\\/\\\/gastora.eu\\\/#website\",\"url\":\"https:\\\/\\\/gastora.eu\\\/\",\"name\":\"Gastora\",\"description\":\"\u00c9quipements professionnels CHR\",\"publisher\":{\"@id\":\"https:\\\/\\\/gastora.eu\\\/#organization\"},\"potentialAction\":[{\"@type\":\"SearchAction\",\"target\":{\"@type\":\"EntryPoint\",\"urlTemplate\":\"https:\\\/\\\/gastora.eu\\\/?s={search_term_string}\"},\"query-input\":{\"@type\":\"PropertyValueSpecification\",\"valueRequired\":true,\"valueName\":\"search_term_string\"}}],\"inLanguage\":\"en-US\"},{\"@type\":\"Organization\",\"@id\":\"https:\\\/\\\/gastora.eu\\\/#organization\",\"name\":\"Gastora\",\"url\":\"https:\\\/\\\/gastora.eu\\\/\",\"logo\":{\"@type\":\"ImageObject\",\"inLanguage\":\"en-US\",\"@id\":\"https:\\\/\\\/gastora.eu\\\/#\\\/schema\\\/logo\\\/image\\\/\",\"url\":\"https:\\\/\\\/gastora.eu\\\/wp-content\\\/uploads\\\/2025\\\/12\\\/ChatGPT-Image-2-janv.-2026-22_52_47-1.png\",\"contentUrl\":\"https:\\\/\\\/gastora.eu\\\/wp-content\\\/uploads\\\/2025\\\/12\\\/ChatGPT-Image-2-janv.-2026-22_52_47-1.png\",\"width\":1536,\"height\":320,\"caption\":\"Gastora\"},\"image\":{\"@id\":\"https:\\\/\\\/gastora.eu\\\/#\\\/schema\\\/logo\\\/image\\\/\"}}]}<\/script>\n<!-- \/ Yoast SEO plugin. -->","yoast_head_json":{"title":"Vitrine r\u00e9frig\u00e9r\u00e9e - 300 L - 92 cm - Gastora","description":"Achetez Vitrine r\u00e9frig\u00e9r\u00e9e - 300 L - 92 cm au meilleur prix, fiable et performant avec une livraison rapide","robots":{"index":"index","follow":"follow","max-snippet":"max-snippet:-1","max-image-preview":"max-image-preview:large","max-video-preview":"max-video-preview:-1"},"canonical":"https:\/\/gastora.eu\/en\/product\/vitrine-rfrigre-300-l-92-cm\/","og_locale":"en_US","og_type":"article","og_title":"Vitrine r\u00e9frig\u00e9r\u00e9e - 300 L - 92 cm - Gastora","og_description":"Achetez Vitrine r\u00e9frig\u00e9r\u00e9e - 300 L - 92 cm au meilleur prix, fiable et performant avec une livraison rapide","og_url":"https:\/\/gastora.eu\/en\/product\/vitrine-rfrigre-300-l-92-cm\/","og_site_name":"Gastora","article_modified_time":"2026-04-28T16:55:51+00:00","twitter_card":"summary_large_image","twitter_misc":{"Est. reading time":"3 minutes"},"schema":{"@context":"https:\/\/schema.org","@graph":[{"@type":"WebPage","@id":"https:\/\/gastora.eu\/product\/vitrine-rfrigre-300-l-92-cm\/","url":"https:\/\/gastora.eu\/product\/vitrine-rfrigre-300-l-92-cm\/","name":"Vitrine r\u00e9frig\u00e9r\u00e9e - 300 L - 92 cm - Gastora","isPartOf":{"@id":"https:\/\/gastora.eu\/#website"},"primaryImageOfPage":{"@id":"https:\/\/gastora.eu\/product\/vitrine-rfrigre-300-l-92-cm\/#primaryimage"},"image":{"@id":"https:\/\/gastora.eu\/product\/vitrine-rfrigre-300-l-92-cm\/#primaryimage"},"thumbnailUrl":"https:\/\/gastora.eu\/wp-content\/uploads\/2026\/04\/maxima-showcase-300l-400l-500l-1.jpg","datePublished":"2026-04-25T17:42:53+00:00","dateModified":"2026-04-28T16:55:51+00:00","description":"Achetez Vitrine r\u00e9frig\u00e9r\u00e9e - 300 L - 92 cm au meilleur prix, fiable et performant avec une livraison rapide","breadcrumb":{"@id":"https:\/\/gastora.eu\/product\/vitrine-rfrigre-300-l-92-cm\/#breadcrumb"},"inLanguage":"en-US","potentialAction":[{"@type":"ReadAction","target":["https:\/\/gastora.eu\/product\/vitrine-rfrigre-300-l-92-cm\/"]}]},{"@type":"ImageObject","inLanguage":"en-US","@id":"https:\/\/gastora.eu\/product\/vitrine-rfrigre-300-l-92-cm\/#primaryimage","url":"https:\/\/gastora.eu\/wp-content\/uploads\/2026\/04\/maxima-showcase-300l-400l-500l-1.jpg","contentUrl":"https:\/\/gastora.eu\/wp-content\/uploads\/2026\/04\/maxima-showcase-300l-400l-500l-1.jpg","width":1024,"height":1024},{"@type":"BreadcrumbList","@id":"https:\/\/gastora.eu\/product\/vitrine-rfrigre-300-l-92-cm\/#breadcrumb","itemListElement":[{"@type":"ListItem","position":1,"name":"Home","item":"https:\/\/gastora.eu\/"},{"@type":"ListItem","position":2,"name":"Shop","item":"https:\/\/gastora.eu\/shop\/"},{"@type":"ListItem","position":3,"name":"Vitrine r\u00e9frig\u00e9r\u00e9e &#8211; 300 L &#8211; 92 cm"}]},{"@type":"WebSite","@id":"https:\/\/gastora.eu\/#website","url":"https:\/\/gastora.eu\/","name":"Gastora","description":"\u00c9quipements professionnels CHR","publisher":{"@id":"https:\/\/gastora.eu\/#organization"},"potentialAction":[{"@type":"SearchAction","target":{"@type":"EntryPoint","urlTemplate":"https:\/\/gastora.eu\/?s={search_term_string}"},"query-input":{"@type":"PropertyValueSpecification","valueRequired":true,"valueName":"search_term_string"}}],"inLanguage":"en-US"},{"@type":"Organization","@id":"https:\/\/gastora.eu\/#organization","name":"Gastora","url":"https:\/\/gastora.eu\/","logo":{"@type":"ImageObject","inLanguage":"en-US","@id":"https:\/\/gastora.eu\/#\/schema\/logo\/image\/","url":"https:\/\/gastora.eu\/wp-content\/uploads\/2025\/12\/ChatGPT-Image-2-janv.-2026-22_52_47-1.png","contentUrl":"https:\/\/gastora.eu\/wp-content\/uploads\/2025\/12\/ChatGPT-Image-2-janv.-2026-22_52_47-1.png","width":1536,"height":320,"caption":"Gastora"},"image":{"@id":"https:\/\/gastora.eu\/#\/schema\/logo\/image\/"}}]}},"jetpack_sharing_enabled":true,"_links":{"self":[{"href":"https:\/\/gastora.eu\/en\/wp-json\/wp\/v2\/product\/14080","targetHints":{"allow":["GET"]}}],"collection":[{"href":"https:\/\/gastora.eu\/en\/wp-json\/wp\/v2\/product"}],"about":[{"href":"https:\/\/gastora.eu\/en\/wp-json\/wp\/v2\/types\/product"}],"wp:featuredmedia":[{"embeddable":true,"href":"https:\/\/gastora.eu\/en\/wp-json\/wp\/v2\/media\/6909"}],"wp:attachment":[{"href":"https:\/\/gastora.eu\/en\/wp-json\/wp\/v2\/media?parent=14080"}],"wp:term":[{"taxonomy":"product_brand","embeddable":true,"href":"https:\/\/gastora.eu\/en\/wp-json\/wp\/v2\/product_brand?post=14080"},{"taxonomy":"product_cat","embeddable":true,"href":"https:\/\/gastora.eu\/en\/wp-json\/wp\/v2\/product_cat?post=14080"},{"taxonomy":"product_tag","embeddable":true,"href":"https:\/\/gastora.eu\/en\/wp-json\/wp\/v2\/product_tag?post=14080"}],"curies":[{"name":"wp","href":"https:\/\/api.w.org\/{rel}","templated":true}]}}