{"id":14079,"date":"2026-04-25T17:42:52","date_gmt":"2026-04-25T17:42:52","guid":{"rendered":"https:\/\/gastora.eu\/?post_type=product&#038;p=14079"},"modified":"2026-04-28T16:55:51","modified_gmt":"2026-04-28T16:55:51","slug":"heavy-duty-plaque-de-gril-demi-rainur-chrom-unit-double-profondeur-70-cm-gaz","status":"publish","type":"product","link":"https:\/\/gastora.eu\/en\/product\/heavy-duty-plaque-de-gril-demi-rainur-chrom-unit-double-profondeur-70-cm-gaz\/","title":{"rendered":"Heavy Duty plaque de gril &#8211; demi-rainur\u00e9 chrom\u00e9 &#8211; unit\u00e9 double &#8211; profondeur 70 cm &#8211; gaz"},"content":{"rendered":"<p>L&#8217;utilisation d&#8217;une plancha dans la cuisine ajoute de la saveur aux plats. Elle fonctionne \u00e0 haute temp\u00e9rature, de sorte que la viande et les l\u00e9gumes cuisent rapidement et uniform\u00e9ment. L&#8217;avantage est qu&#8217;elle pr\u00e9serve la saveur et les vitamines, ce qui vous permet de servir les plats les plus d\u00e9licieux. Cette double plaque de gril \u00e0 gaz est adapt\u00e9e \u00e0 la pr\u00e9paration de plusieurs produits c\u00f4te \u00e0 c\u00f4te. Peu ou pas d&#8217;huile ou de graisse est utilis\u00e9e pour la cuisson sur la plaque de gril, ce mode de cuisson est donc \u00e9galement sain. Le gril peut \u00eatre utilis\u00e9 ind\u00e9pendamment ou sur un support en acier inoxydable.<\/p>\n<h3>Avec bac de r\u00e9cup\u00e9ration et protection contre les \u00e9claboussures<\/h3>\n<p>Cette plancha robuste peut r\u00e9sister \u00e0 un usage intensif et comporte une double plaque en acier inoxydable de 15 mm, lisse et rainur\u00e9e, chrom\u00e9e et satin\u00e9e. La plaque de la plancha est encastr\u00e9e dans le renfoncement \u00e9tanche et, gr\u00e2ce au dessus soud\u00e9 sans soudure, il ne reste aucun r\u00e9sidu apr\u00e8s le nettoyage. Il dispose \u00e9galement d&#8217;un bac de r\u00e9cup\u00e9ration de 1,5 litre et d&#8217;une protection contre les \u00e9claboussures d&#8217;huile. Pour r\u00e9gler la temp\u00e9rature, utilisez le thermostat de s\u00e9curit\u00e9 pour des temp\u00e9ratures comprises entre 50 et 300\u00baC. La plancha s&#8217;int\u00e8gre aussi parfaitement dans une ligne de cuisson.<\/p>\n<h3>Fabriqu\u00e9e en acier inoxydable <\/h3>\n<p>Cette plancha professionnelle est fabriqu\u00e9e \u00e0 partir de composants tr\u00e8s r\u00e9sistants. Le bo\u00eetier en acier inoxydable facilite le nettoyage. Nettoyez soigneusement cette construction durable avec un chiffon humide, de l&#8217;eau chaude et un d\u00e9tergent doux. Les r\u00e9sidus grossiers peuvent \u00eatre enlev\u00e9s avec un grattoir. Les morceaux coll\u00e9s sont plus faciles \u00e0 nettoyer en chauffant le gril \u00e0 70\u00baC et en l&#8217;essuyant. Il est recommand\u00e9 de porter des gants.<\/p>\n<ul>\n<li>Gril \u00e0 usage intensif 1\/2 rainur\u00e9 chrom\u00e9 &#8211; Double &#8211; Gaz<\/li>\n<li>Bo\u00eetier et protection anti-\u00e9claboussures enti\u00e8rement en acier inoxydable<\/li>\n<li>Le rev\u00eatement chrom\u00e9 r\u00e9duit le rayonnement thermique<\/li>\n<li>Dessus soud\u00e9 sans soudure<\/li>\n<li>15.plaque en acier inoxydable tremp\u00e9 de 0 mm avec finition satin\u00e9e<\/li>\n<li>S&#8217;enfonce magnifiquement dans un renfoncement \u00e9tanche<\/li>\n<li>Composants tr\u00e8s r\u00e9sistants<\/li>\n<li>Equip\u00e9 d&#8217;un grand bac de r\u00e9cup\u00e9ration de 1,5L<\/li>\n<li>D\u00e9tonateurs \u00e9lectriques pi\u00e9zo\u00e9lectriques<\/li>\n<li>Equip\u00e9 d&#8217;un pilote<\/li>\n<li>Thermostat de s\u00e9curit\u00e9 100-300 degr\u00e9s Celsius<\/li>\n<li>Soupape de s\u00e9curit\u00e9 pour le gaz avec thermocouple<\/li>\n<li>Convient pour GPL ou Natuurgas<\/li>\n<li>Construction tr\u00e8s durable<\/li>\n<li>Conception hygi\u00e9nique<\/li>\n<li>Facile \u00e0 nettoyer<\/li>\n<li>Design ergonomique<\/li>\n<li>Poids net : 40 kg<\/li>\n<li>Dimensions : L800 x P700 x H280 mm<\/li>\n<li>Puissance : 2 x 7.0 kW<\/li>\n<li>Puissance totale : 14,0 kW<\/li>\n<\/ul>\n<ul>\n<li>Injecteurs de gaz pr\u00e9install\u00e9s : G25 &#8211; Gaz naturel<\/li>\n<li>Injecteurs de gaz suppl\u00e9mentaires install\u00e9s : G30 &#8211; GPL (Propane \/ Butane)<\/li>\n<\/ul>\n<ul>\n<li>Poids net : 40 kg\n<\/li>\n<li>Dimensions : L80 x P70 x H28cm\n<\/li>\n<li>Puissance de sortie : 2 x 7 kW\n<\/li>\n<li>Puissance totale : 14,0 kW\n<\/li>\n<li>Injecteurs de gaz install\u00e9s G25-gaz naturel\n<\/li>\n<li>Jeu suppl\u00e9mentaire d&#8217;injecteurs de gaz : G30-LPG (propane\/butane)<br \/>","protected":false},"excerpt":{"rendered":"<p>Ajoutez de la saveur \u00e0 vos plats gr\u00e2ce \u00e0 cette plaque de gril double \u00e0 gaz Heavy Duty avec une surface chrom\u00e9e lisse et rainur\u00e9e. Une plaque de gril robuste telle que celle-ci est indispensable dans les grandes cuisines de restauration tr\u00e8s fr\u00e9quent\u00e9es et convient \u00e0 une utilisation quotidienne intensive. Cette plancha peut \u00e9galement \u00eatre plac\u00e9e dans une ligne de cuisson.<\/p>","protected":false},"featured_media":6907,"template":"","meta":{"_acf_changed":false},"product_brand":[],"product_cat":[495],"product_tag":[],"class_list":{"0":"post-14079","1":"product","2":"type-product","3":"status-publish","4":"has-post-thumbnail","6":"product_cat-plaques-pianos-de-cuisson-2","8":"first","9":"instock","10":"sale","11":"taxable","12":"shipping-taxable","13":"purchasable","14":"product-type-simple"},"acf":[],"yoast_head":"<!-- This site is optimized with the Yoast SEO plugin v27.6 - https:\/\/yoast.com\/product\/yoast-seo-wordpress\/ -->\n<title>Heavy Duty plaque de gril - demi-rainur\u00e9 chrom\u00e9 - unit\u00e9 double - profondeur 70 cm - gaz - Gastora<\/title>\n<meta name=\"description\" content=\"Achetez Heavy Duty plaque de gril - demi-rainur\u00e9 chrom\u00e9 - unit\u00e9 double - profondeur 70 cm - gaz au meilleur prix, fiable et performant avec une livraison rapide\" \/>\n<meta name=\"robots\" content=\"index, follow, max-snippet:-1, max-image-preview:large, max-video-preview:-1\" \/>\n<link rel=\"canonical\" href=\"https:\/\/gastora.eu\/en\/product\/heavy-duty-plaque-de-gril-demi-rainur-chrom-unit-double-profondeur-70-cm-gaz\/\" \/>\n<meta property=\"og:locale\" content=\"en_US\" \/>\n<meta property=\"og:type\" content=\"article\" \/>\n<meta property=\"og:title\" content=\"Heavy Duty plaque de gril - demi-rainur\u00e9 chrom\u00e9 - unit\u00e9 double - profondeur 70 cm - gaz - Gastora\" \/>\n<meta property=\"og:description\" content=\"Achetez Heavy Duty plaque de gril - demi-rainur\u00e9 chrom\u00e9 - unit\u00e9 double - profondeur 70 cm - gaz au meilleur prix, fiable et performant avec une livraison rapide\" \/>\n<meta property=\"og:url\" content=\"https:\/\/gastora.eu\/en\/product\/heavy-duty-plaque-de-gril-demi-rainur-chrom-unit-double-profondeur-70-cm-gaz\/\" \/>\n<meta property=\"og:site_name\" content=\"Gastora\" \/>\n<meta property=\"article:modified_time\" content=\"2026-04-28T16:55:51+00:00\" \/>\n<meta name=\"twitter:card\" content=\"summary_large_image\" \/>\n<meta name=\"twitter:label1\" content=\"Est. reading time\" \/>\n\t<meta name=\"twitter:data1\" content=\"2 minutes\" \/>\n<script type=\"application\/ld+json\" class=\"yoast-schema-graph\">{\"@context\":\"https:\\\/\\\/schema.org\",\"@graph\":[{\"@type\":\"WebPage\",\"@id\":\"https:\\\/\\\/gastora.eu\\\/product\\\/heavy-duty-plaque-de-gril-demi-rainur-chrom-unit-double-profondeur-70-cm-gaz\\\/\",\"url\":\"https:\\\/\\\/gastora.eu\\\/product\\\/heavy-duty-plaque-de-gril-demi-rainur-chrom-unit-double-profondeur-70-cm-gaz\\\/\",\"name\":\"Heavy Duty plaque de gril - demi-rainur\u00e9 chrom\u00e9 - unit\u00e9 double - profondeur 70 cm - gaz - Gastora\",\"isPartOf\":{\"@id\":\"https:\\\/\\\/gastora.eu\\\/#website\"},\"primaryImageOfPage\":{\"@id\":\"https:\\\/\\\/gastora.eu\\\/product\\\/heavy-duty-plaque-de-gril-demi-rainur-chrom-unit-double-profondeur-70-cm-gaz\\\/#primaryimage\"},\"image\":{\"@id\":\"https:\\\/\\\/gastora.eu\\\/product\\\/heavy-duty-plaque-de-gril-demi-rainur-chrom-unit-double-profondeur-70-cm-gaz\\\/#primaryimage\"},\"thumbnailUrl\":\"https:\\\/\\\/gastora.eu\\\/wp-content\\\/uploads\\\/2026\\\/04\\\/maxima-gas-griddle-800-smooth-grooved-61656ecc24d0c.jpg\",\"datePublished\":\"2026-04-25T17:42:52+00:00\",\"dateModified\":\"2026-04-28T16:55:51+00:00\",\"description\":\"Achetez Heavy Duty plaque de gril - demi-rainur\u00e9 chrom\u00e9 - unit\u00e9 double - profondeur 70 cm - gaz au meilleur prix, fiable et performant avec une livraison rapide\",\"breadcrumb\":{\"@id\":\"https:\\\/\\\/gastora.eu\\\/product\\\/heavy-duty-plaque-de-gril-demi-rainur-chrom-unit-double-profondeur-70-cm-gaz\\\/#breadcrumb\"},\"inLanguage\":\"en-US\",\"potentialAction\":[{\"@type\":\"ReadAction\",\"target\":[\"https:\\\/\\\/gastora.eu\\\/product\\\/heavy-duty-plaque-de-gril-demi-rainur-chrom-unit-double-profondeur-70-cm-gaz\\\/\"]}]},{\"@type\":\"ImageObject\",\"inLanguage\":\"en-US\",\"@id\":\"https:\\\/\\\/gastora.eu\\\/product\\\/heavy-duty-plaque-de-gril-demi-rainur-chrom-unit-double-profondeur-70-cm-gaz\\\/#primaryimage\",\"url\":\"https:\\\/\\\/gastora.eu\\\/wp-content\\\/uploads\\\/2026\\\/04\\\/maxima-gas-griddle-800-smooth-grooved-61656ecc24d0c.jpg\",\"contentUrl\":\"https:\\\/\\\/gastora.eu\\\/wp-content\\\/uploads\\\/2026\\\/04\\\/maxima-gas-griddle-800-smooth-grooved-61656ecc24d0c.jpg\",\"width\":1024,\"height\":708},{\"@type\":\"BreadcrumbList\",\"@id\":\"https:\\\/\\\/gastora.eu\\\/product\\\/heavy-duty-plaque-de-gril-demi-rainur-chrom-unit-double-profondeur-70-cm-gaz\\\/#breadcrumb\",\"itemListElement\":[{\"@type\":\"ListItem\",\"position\":1,\"name\":\"Home\",\"item\":\"https:\\\/\\\/gastora.eu\\\/\"},{\"@type\":\"ListItem\",\"position\":2,\"name\":\"Shop\",\"item\":\"https:\\\/\\\/gastora.eu\\\/shop\\\/\"},{\"@type\":\"ListItem\",\"position\":3,\"name\":\"Heavy Duty plaque de gril &#8211; demi-rainur\u00e9 chrom\u00e9 &#8211; unit\u00e9 double &#8211; profondeur 70 cm &#8211; gaz\"}]},{\"@type\":\"WebSite\",\"@id\":\"https:\\\/\\\/gastora.eu\\\/#website\",\"url\":\"https:\\\/\\\/gastora.eu\\\/\",\"name\":\"Gastora\",\"description\":\"\u00c9quipements professionnels CHR\",\"publisher\":{\"@id\":\"https:\\\/\\\/gastora.eu\\\/#organization\"},\"potentialAction\":[{\"@type\":\"SearchAction\",\"target\":{\"@type\":\"EntryPoint\",\"urlTemplate\":\"https:\\\/\\\/gastora.eu\\\/?s={search_term_string}\"},\"query-input\":{\"@type\":\"PropertyValueSpecification\",\"valueRequired\":true,\"valueName\":\"search_term_string\"}}],\"inLanguage\":\"en-US\"},{\"@type\":\"Organization\",\"@id\":\"https:\\\/\\\/gastora.eu\\\/#organization\",\"name\":\"Gastora\",\"url\":\"https:\\\/\\\/gastora.eu\\\/\",\"logo\":{\"@type\":\"ImageObject\",\"inLanguage\":\"en-US\",\"@id\":\"https:\\\/\\\/gastora.eu\\\/#\\\/schema\\\/logo\\\/image\\\/\",\"url\":\"https:\\\/\\\/gastora.eu\\\/wp-content\\\/uploads\\\/2025\\\/12\\\/ChatGPT-Image-2-janv.-2026-22_52_47-1.png\",\"contentUrl\":\"https:\\\/\\\/gastora.eu\\\/wp-content\\\/uploads\\\/2025\\\/12\\\/ChatGPT-Image-2-janv.-2026-22_52_47-1.png\",\"width\":1536,\"height\":320,\"caption\":\"Gastora\"},\"image\":{\"@id\":\"https:\\\/\\\/gastora.eu\\\/#\\\/schema\\\/logo\\\/image\\\/\"}}]}<\/script>\n<!-- \/ Yoast SEO plugin. -->","yoast_head_json":{"title":"Heavy Duty plaque de gril - demi-rainur\u00e9 chrom\u00e9 - unit\u00e9 double - profondeur 70 cm - gaz - Gastora","description":"Achetez Heavy Duty plaque de gril - demi-rainur\u00e9 chrom\u00e9 - unit\u00e9 double - profondeur 70 cm - gaz au meilleur prix, fiable et performant avec une livraison rapide","robots":{"index":"index","follow":"follow","max-snippet":"max-snippet:-1","max-image-preview":"max-image-preview:large","max-video-preview":"max-video-preview:-1"},"canonical":"https:\/\/gastora.eu\/en\/product\/heavy-duty-plaque-de-gril-demi-rainur-chrom-unit-double-profondeur-70-cm-gaz\/","og_locale":"en_US","og_type":"article","og_title":"Heavy Duty plaque de gril - demi-rainur\u00e9 chrom\u00e9 - unit\u00e9 double - profondeur 70 cm - gaz - Gastora","og_description":"Achetez Heavy Duty plaque de gril - demi-rainur\u00e9 chrom\u00e9 - unit\u00e9 double - profondeur 70 cm - gaz au meilleur prix, fiable et performant avec une livraison rapide","og_url":"https:\/\/gastora.eu\/en\/product\/heavy-duty-plaque-de-gril-demi-rainur-chrom-unit-double-profondeur-70-cm-gaz\/","og_site_name":"Gastora","article_modified_time":"2026-04-28T16:55:51+00:00","twitter_card":"summary_large_image","twitter_misc":{"Est. reading time":"2 minutes"},"schema":{"@context":"https:\/\/schema.org","@graph":[{"@type":"WebPage","@id":"https:\/\/gastora.eu\/product\/heavy-duty-plaque-de-gril-demi-rainur-chrom-unit-double-profondeur-70-cm-gaz\/","url":"https:\/\/gastora.eu\/product\/heavy-duty-plaque-de-gril-demi-rainur-chrom-unit-double-profondeur-70-cm-gaz\/","name":"Heavy Duty plaque de gril - demi-rainur\u00e9 chrom\u00e9 - unit\u00e9 double - profondeur 70 cm - gaz - Gastora","isPartOf":{"@id":"https:\/\/gastora.eu\/#website"},"primaryImageOfPage":{"@id":"https:\/\/gastora.eu\/product\/heavy-duty-plaque-de-gril-demi-rainur-chrom-unit-double-profondeur-70-cm-gaz\/#primaryimage"},"image":{"@id":"https:\/\/gastora.eu\/product\/heavy-duty-plaque-de-gril-demi-rainur-chrom-unit-double-profondeur-70-cm-gaz\/#primaryimage"},"thumbnailUrl":"https:\/\/gastora.eu\/wp-content\/uploads\/2026\/04\/maxima-gas-griddle-800-smooth-grooved-61656ecc24d0c.jpg","datePublished":"2026-04-25T17:42:52+00:00","dateModified":"2026-04-28T16:55:51+00:00","description":"Achetez Heavy Duty plaque de gril - demi-rainur\u00e9 chrom\u00e9 - unit\u00e9 double - profondeur 70 cm - gaz au meilleur prix, fiable et performant avec une livraison rapide","breadcrumb":{"@id":"https:\/\/gastora.eu\/product\/heavy-duty-plaque-de-gril-demi-rainur-chrom-unit-double-profondeur-70-cm-gaz\/#breadcrumb"},"inLanguage":"en-US","potentialAction":[{"@type":"ReadAction","target":["https:\/\/gastora.eu\/product\/heavy-duty-plaque-de-gril-demi-rainur-chrom-unit-double-profondeur-70-cm-gaz\/"]}]},{"@type":"ImageObject","inLanguage":"en-US","@id":"https:\/\/gastora.eu\/product\/heavy-duty-plaque-de-gril-demi-rainur-chrom-unit-double-profondeur-70-cm-gaz\/#primaryimage","url":"https:\/\/gastora.eu\/wp-content\/uploads\/2026\/04\/maxima-gas-griddle-800-smooth-grooved-61656ecc24d0c.jpg","contentUrl":"https:\/\/gastora.eu\/wp-content\/uploads\/2026\/04\/maxima-gas-griddle-800-smooth-grooved-61656ecc24d0c.jpg","width":1024,"height":708},{"@type":"BreadcrumbList","@id":"https:\/\/gastora.eu\/product\/heavy-duty-plaque-de-gril-demi-rainur-chrom-unit-double-profondeur-70-cm-gaz\/#breadcrumb","itemListElement":[{"@type":"ListItem","position":1,"name":"Home","item":"https:\/\/gastora.eu\/"},{"@type":"ListItem","position":2,"name":"Shop","item":"https:\/\/gastora.eu\/shop\/"},{"@type":"ListItem","position":3,"name":"Heavy Duty plaque de gril &#8211; demi-rainur\u00e9 chrom\u00e9 &#8211; unit\u00e9 double &#8211; profondeur 70 cm &#8211; gaz"}]},{"@type":"WebSite","@id":"https:\/\/gastora.eu\/#website","url":"https:\/\/gastora.eu\/","name":"Gastora","description":"\u00c9quipements professionnels CHR","publisher":{"@id":"https:\/\/gastora.eu\/#organization"},"potentialAction":[{"@type":"SearchAction","target":{"@type":"EntryPoint","urlTemplate":"https:\/\/gastora.eu\/?s={search_term_string}"},"query-input":{"@type":"PropertyValueSpecification","valueRequired":true,"valueName":"search_term_string"}}],"inLanguage":"en-US"},{"@type":"Organization","@id":"https:\/\/gastora.eu\/#organization","name":"Gastora","url":"https:\/\/gastora.eu\/","logo":{"@type":"ImageObject","inLanguage":"en-US","@id":"https:\/\/gastora.eu\/#\/schema\/logo\/image\/","url":"https:\/\/gastora.eu\/wp-content\/uploads\/2025\/12\/ChatGPT-Image-2-janv.-2026-22_52_47-1.png","contentUrl":"https:\/\/gastora.eu\/wp-content\/uploads\/2025\/12\/ChatGPT-Image-2-janv.-2026-22_52_47-1.png","width":1536,"height":320,"caption":"Gastora"},"image":{"@id":"https:\/\/gastora.eu\/#\/schema\/logo\/image\/"}}]}},"jetpack_sharing_enabled":true,"_links":{"self":[{"href":"https:\/\/gastora.eu\/en\/wp-json\/wp\/v2\/product\/14079","targetHints":{"allow":["GET"]}}],"collection":[{"href":"https:\/\/gastora.eu\/en\/wp-json\/wp\/v2\/product"}],"about":[{"href":"https:\/\/gastora.eu\/en\/wp-json\/wp\/v2\/types\/product"}],"wp:featuredmedia":[{"embeddable":true,"href":"https:\/\/gastora.eu\/en\/wp-json\/wp\/v2\/media\/6907"}],"wp:attachment":[{"href":"https:\/\/gastora.eu\/en\/wp-json\/wp\/v2\/media?parent=14079"}],"wp:term":[{"taxonomy":"product_brand","embeddable":true,"href":"https:\/\/gastora.eu\/en\/wp-json\/wp\/v2\/product_brand?post=14079"},{"taxonomy":"product_cat","embeddable":true,"href":"https:\/\/gastora.eu\/en\/wp-json\/wp\/v2\/product_cat?post=14079"},{"taxonomy":"product_tag","embeddable":true,"href":"https:\/\/gastora.eu\/en\/wp-json\/wp\/v2\/product_tag?post=14079"}],"curies":[{"name":"wp","href":"https:\/\/api.w.org\/{rel}","templated":true}]}}