{"id":14076,"date":"2026-04-25T17:42:47","date_gmt":"2026-04-25T17:42:47","guid":{"rendered":"https:\/\/gastora.eu\/?post_type=product&#038;p=14076"},"modified":"2026-04-28T16:55:51","modified_gmt":"2026-04-28T16:55:51","slug":"heavy-duty-support-unit-simple-profondeur-70-cm-ouvert","status":"publish","type":"product","link":"https:\/\/gastora.eu\/en\/product\/heavy-duty-support-unit-simple-profondeur-70-cm-ouvert\/","title":{"rendered":"Heavy Duty support &#8211; unit\u00e9 simple &#8211; profondeur 70 cm &#8211; ouvert"},"content":{"rendered":"<p>Vous recherchez un support robuste pour l&#8217;un des appareils de cuisine de la s\u00e9rie 700 cooking line ? Ce support robuste est un excellent compl\u00e9ment \u00e0 toute cuisine professionnelle. Il peut \u00e9galement \u00eatre plac\u00e9 dans une ligne de cuisson et convient \u00e0 une utilisation quotidienne intensive. La robustesse et la hauteur correcte du chariot vous permettent de travailler de mani\u00e8re ergonomique dans n&#8217;importe quelle cuisineFacile<\/p>\n<h3>\u00e0 assemblerLe<\/h3>\n<p>support offre suffisamment d&#8217;espace pour ranger les casseroles et autres ustensiles de cuisine. En outre, les appareils de cuisine de la s\u00e9rie 700 cookline peuvent \u00eatre rapidement mont\u00e9s sur le chariot gr\u00e2ce au m\u00e9canisme de connexion facile. Il existe \u00e9galement une version double de ce support, mesurant 80 x 70 cm. <\/p>\n<h3>Facile \u00e0 nettoyerLe nettoyage<\/h3>\n<p>du chariot est simple, gr\u00e2ce \u00e0 son bo\u00eetier en acier inoxydable. Un chiffon humide, de l&#8217;eau chaude et un d\u00e9tergent doux suffisent pour nettoyer ce support professionnel de mani\u00e8re professionnelle. En outre, le chariot est dot\u00e9 de pieds robustes pour une installation stable dans chaque cuisine.<\/p>\n<ul>\n<li>Grand compartiment \u00e0 la base pour ranger les casseroles, les po\u00eales, etc.<\/li>\n<li>M\u00e9canisme de connexion facile avec les autres \u00e9l\u00e9ments de la s\u00e9rie 700<\/li>\n<li>Pieds robustes pour la stabilit\u00e9<\/li>\n<li>\u00c9galement disponible en version double (80 x 70 cm)<\/li>\n<li>Dimensions : L400 x P630 x H L400 x P630 x H570 mm<\/li>\n<\/ul>\n<h2>Service Maxima<\/h2>\n<p>Parce qu&#8217;un excellent service \u00e0 la client\u00e8le et une bonne exp\u00e9rience avec nos produits ne sont pas une option mais une exigence, nous pensons qu&#8217;il est important que vous puissiez \u00e9galement nous contacter apr\u00e8s l&#8217;achat. Pour ce faire, nous disposons d&#8217;un service technique interne qui se fera un plaisir de vous aider en cas de questions ou de d\u00e9fauts \u00e9ventuels. N&#8217;h\u00e9sitez pas \u00e0 contacter l&#8217;un de nos collaborateurs. <br \/>Vous vous demandez o\u00f9 et comment nous trouver ? Consultez notre <a href=\"\/en\/{{store url=''}}service\/\" target=\"_blank\" rel=\"noopener\">page de service \u00e0 la client\u00e8le<\/a>.<\/p>\n<ul>\n<li>Dimensions : B40 x D63 x H57cm<br \/>","protected":false},"excerpt":{"rendered":"<p>Ce support Heavy Duty convient \u00e0 tous les appareils de cuisine de la s\u00e9rie 700 cooking line. Gr\u00e2ce \u00e0 l&#8217;acier inoxydable de haute qualit\u00e9, le support peut r\u00e9sister aux chocs et durer des ann\u00e9es. Il dispose \u00e9galement d&#8217;un espace de rangement pour les casseroles et les po\u00eales. Les pieds sont r\u00e9glables en hauteur.<\/p>","protected":false},"featured_media":6901,"template":"","meta":{"_acf_changed":false},"product_brand":[],"product_cat":[495],"product_tag":[],"class_list":{"0":"post-14076","1":"product","2":"type-product","3":"status-publish","4":"has-post-thumbnail","6":"product_cat-plaques-pianos-de-cuisson-2","8":"first","9":"instock","10":"sale","11":"taxable","12":"shipping-taxable","13":"purchasable","14":"product-type-simple"},"acf":[],"yoast_head":"<!-- This site is optimized with the Yoast SEO plugin v27.6 - https:\/\/yoast.com\/product\/yoast-seo-wordpress\/ -->\n<title>Heavy Duty support - unit\u00e9 simple - profondeur 70 cm - ouvert - Gastora<\/title>\n<meta name=\"description\" content=\"Achetez Heavy Duty support - unit\u00e9 simple - profondeur 70 cm - ouvert au meilleur prix, fiable et performant avec une livraison rapide\" \/>\n<meta name=\"robots\" content=\"index, follow, max-snippet:-1, max-image-preview:large, max-video-preview:-1\" \/>\n<link rel=\"canonical\" href=\"https:\/\/gastora.eu\/en\/product\/heavy-duty-support-unit-simple-profondeur-70-cm-ouvert\/\" \/>\n<meta property=\"og:locale\" content=\"en_US\" \/>\n<meta property=\"og:type\" content=\"article\" \/>\n<meta property=\"og:title\" content=\"Heavy Duty support - unit\u00e9 simple - profondeur 70 cm - ouvert - Gastora\" \/>\n<meta property=\"og:description\" content=\"Achetez Heavy Duty support - unit\u00e9 simple - profondeur 70 cm - ouvert au meilleur prix, fiable et performant avec une livraison rapide\" \/>\n<meta property=\"og:url\" content=\"https:\/\/gastora.eu\/en\/product\/heavy-duty-support-unit-simple-profondeur-70-cm-ouvert\/\" \/>\n<meta property=\"og:site_name\" content=\"Gastora\" \/>\n<meta property=\"article:modified_time\" content=\"2026-04-28T16:55:51+00:00\" \/>\n<meta name=\"twitter:card\" content=\"summary_large_image\" \/>\n<meta name=\"twitter:label1\" content=\"Est. reading time\" \/>\n\t<meta name=\"twitter:data1\" content=\"2 minutes\" \/>\n<script type=\"application\/ld+json\" class=\"yoast-schema-graph\">{\"@context\":\"https:\\\/\\\/schema.org\",\"@graph\":[{\"@type\":\"WebPage\",\"@id\":\"https:\\\/\\\/gastora.eu\\\/product\\\/heavy-duty-support-unit-simple-profondeur-70-cm-ouvert\\\/\",\"url\":\"https:\\\/\\\/gastora.eu\\\/product\\\/heavy-duty-support-unit-simple-profondeur-70-cm-ouvert\\\/\",\"name\":\"Heavy Duty support - unit\u00e9 simple - profondeur 70 cm - ouvert - Gastora\",\"isPartOf\":{\"@id\":\"https:\\\/\\\/gastora.eu\\\/#website\"},\"primaryImageOfPage\":{\"@id\":\"https:\\\/\\\/gastora.eu\\\/product\\\/heavy-duty-support-unit-simple-profondeur-70-cm-ouvert\\\/#primaryimage\"},\"image\":{\"@id\":\"https:\\\/\\\/gastora.eu\\\/product\\\/heavy-duty-support-unit-simple-profondeur-70-cm-ouvert\\\/#primaryimage\"},\"thumbnailUrl\":\"https:\\\/\\\/gastora.eu\\\/wp-content\\\/uploads\\\/2026\\\/04\\\/700-serie-onderstel1-zonder-deuren.jpg\",\"datePublished\":\"2026-04-25T17:42:47+00:00\",\"dateModified\":\"2026-04-28T16:55:51+00:00\",\"description\":\"Achetez Heavy Duty support - unit\u00e9 simple - profondeur 70 cm - ouvert au meilleur prix, fiable et performant avec une livraison rapide\",\"breadcrumb\":{\"@id\":\"https:\\\/\\\/gastora.eu\\\/product\\\/heavy-duty-support-unit-simple-profondeur-70-cm-ouvert\\\/#breadcrumb\"},\"inLanguage\":\"en-US\",\"potentialAction\":[{\"@type\":\"ReadAction\",\"target\":[\"https:\\\/\\\/gastora.eu\\\/product\\\/heavy-duty-support-unit-simple-profondeur-70-cm-ouvert\\\/\"]}]},{\"@type\":\"ImageObject\",\"inLanguage\":\"en-US\",\"@id\":\"https:\\\/\\\/gastora.eu\\\/product\\\/heavy-duty-support-unit-simple-profondeur-70-cm-ouvert\\\/#primaryimage\",\"url\":\"https:\\\/\\\/gastora.eu\\\/wp-content\\\/uploads\\\/2026\\\/04\\\/700-serie-onderstel1-zonder-deuren.jpg\",\"contentUrl\":\"https:\\\/\\\/gastora.eu\\\/wp-content\\\/uploads\\\/2026\\\/04\\\/700-serie-onderstel1-zonder-deuren.jpg\",\"width\":1024,\"height\":1024},{\"@type\":\"BreadcrumbList\",\"@id\":\"https:\\\/\\\/gastora.eu\\\/product\\\/heavy-duty-support-unit-simple-profondeur-70-cm-ouvert\\\/#breadcrumb\",\"itemListElement\":[{\"@type\":\"ListItem\",\"position\":1,\"name\":\"Home\",\"item\":\"https:\\\/\\\/gastora.eu\\\/\"},{\"@type\":\"ListItem\",\"position\":2,\"name\":\"Shop\",\"item\":\"https:\\\/\\\/gastora.eu\\\/shop\\\/\"},{\"@type\":\"ListItem\",\"position\":3,\"name\":\"Heavy Duty support &#8211; unit\u00e9 simple &#8211; profondeur 70 cm &#8211; ouvert\"}]},{\"@type\":\"WebSite\",\"@id\":\"https:\\\/\\\/gastora.eu\\\/#website\",\"url\":\"https:\\\/\\\/gastora.eu\\\/\",\"name\":\"Gastora\",\"description\":\"\u00c9quipements professionnels CHR\",\"publisher\":{\"@id\":\"https:\\\/\\\/gastora.eu\\\/#organization\"},\"potentialAction\":[{\"@type\":\"SearchAction\",\"target\":{\"@type\":\"EntryPoint\",\"urlTemplate\":\"https:\\\/\\\/gastora.eu\\\/?s={search_term_string}\"},\"query-input\":{\"@type\":\"PropertyValueSpecification\",\"valueRequired\":true,\"valueName\":\"search_term_string\"}}],\"inLanguage\":\"en-US\"},{\"@type\":\"Organization\",\"@id\":\"https:\\\/\\\/gastora.eu\\\/#organization\",\"name\":\"Gastora\",\"url\":\"https:\\\/\\\/gastora.eu\\\/\",\"logo\":{\"@type\":\"ImageObject\",\"inLanguage\":\"en-US\",\"@id\":\"https:\\\/\\\/gastora.eu\\\/#\\\/schema\\\/logo\\\/image\\\/\",\"url\":\"https:\\\/\\\/gastora.eu\\\/wp-content\\\/uploads\\\/2025\\\/12\\\/ChatGPT-Image-2-janv.-2026-22_52_47-1.png\",\"contentUrl\":\"https:\\\/\\\/gastora.eu\\\/wp-content\\\/uploads\\\/2025\\\/12\\\/ChatGPT-Image-2-janv.-2026-22_52_47-1.png\",\"width\":1536,\"height\":320,\"caption\":\"Gastora\"},\"image\":{\"@id\":\"https:\\\/\\\/gastora.eu\\\/#\\\/schema\\\/logo\\\/image\\\/\"}}]}<\/script>\n<!-- \/ Yoast SEO plugin. -->","yoast_head_json":{"title":"Heavy Duty support - unit\u00e9 simple - profondeur 70 cm - ouvert - Gastora","description":"Achetez Heavy Duty support - unit\u00e9 simple - profondeur 70 cm - ouvert au meilleur prix, fiable et performant avec une livraison rapide","robots":{"index":"index","follow":"follow","max-snippet":"max-snippet:-1","max-image-preview":"max-image-preview:large","max-video-preview":"max-video-preview:-1"},"canonical":"https:\/\/gastora.eu\/en\/product\/heavy-duty-support-unit-simple-profondeur-70-cm-ouvert\/","og_locale":"en_US","og_type":"article","og_title":"Heavy Duty support - unit\u00e9 simple - profondeur 70 cm - ouvert - Gastora","og_description":"Achetez Heavy Duty support - unit\u00e9 simple - profondeur 70 cm - ouvert au meilleur prix, fiable et performant avec une livraison rapide","og_url":"https:\/\/gastora.eu\/en\/product\/heavy-duty-support-unit-simple-profondeur-70-cm-ouvert\/","og_site_name":"Gastora","article_modified_time":"2026-04-28T16:55:51+00:00","twitter_card":"summary_large_image","twitter_misc":{"Est. reading time":"2 minutes"},"schema":{"@context":"https:\/\/schema.org","@graph":[{"@type":"WebPage","@id":"https:\/\/gastora.eu\/product\/heavy-duty-support-unit-simple-profondeur-70-cm-ouvert\/","url":"https:\/\/gastora.eu\/product\/heavy-duty-support-unit-simple-profondeur-70-cm-ouvert\/","name":"Heavy Duty support - unit\u00e9 simple - profondeur 70 cm - ouvert - Gastora","isPartOf":{"@id":"https:\/\/gastora.eu\/#website"},"primaryImageOfPage":{"@id":"https:\/\/gastora.eu\/product\/heavy-duty-support-unit-simple-profondeur-70-cm-ouvert\/#primaryimage"},"image":{"@id":"https:\/\/gastora.eu\/product\/heavy-duty-support-unit-simple-profondeur-70-cm-ouvert\/#primaryimage"},"thumbnailUrl":"https:\/\/gastora.eu\/wp-content\/uploads\/2026\/04\/700-serie-onderstel1-zonder-deuren.jpg","datePublished":"2026-04-25T17:42:47+00:00","dateModified":"2026-04-28T16:55:51+00:00","description":"Achetez Heavy Duty support - unit\u00e9 simple - profondeur 70 cm - ouvert au meilleur prix, fiable et performant avec une livraison rapide","breadcrumb":{"@id":"https:\/\/gastora.eu\/product\/heavy-duty-support-unit-simple-profondeur-70-cm-ouvert\/#breadcrumb"},"inLanguage":"en-US","potentialAction":[{"@type":"ReadAction","target":["https:\/\/gastora.eu\/product\/heavy-duty-support-unit-simple-profondeur-70-cm-ouvert\/"]}]},{"@type":"ImageObject","inLanguage":"en-US","@id":"https:\/\/gastora.eu\/product\/heavy-duty-support-unit-simple-profondeur-70-cm-ouvert\/#primaryimage","url":"https:\/\/gastora.eu\/wp-content\/uploads\/2026\/04\/700-serie-onderstel1-zonder-deuren.jpg","contentUrl":"https:\/\/gastora.eu\/wp-content\/uploads\/2026\/04\/700-serie-onderstel1-zonder-deuren.jpg","width":1024,"height":1024},{"@type":"BreadcrumbList","@id":"https:\/\/gastora.eu\/product\/heavy-duty-support-unit-simple-profondeur-70-cm-ouvert\/#breadcrumb","itemListElement":[{"@type":"ListItem","position":1,"name":"Home","item":"https:\/\/gastora.eu\/"},{"@type":"ListItem","position":2,"name":"Shop","item":"https:\/\/gastora.eu\/shop\/"},{"@type":"ListItem","position":3,"name":"Heavy Duty support &#8211; unit\u00e9 simple &#8211; profondeur 70 cm &#8211; ouvert"}]},{"@type":"WebSite","@id":"https:\/\/gastora.eu\/#website","url":"https:\/\/gastora.eu\/","name":"Gastora","description":"\u00c9quipements professionnels CHR","publisher":{"@id":"https:\/\/gastora.eu\/#organization"},"potentialAction":[{"@type":"SearchAction","target":{"@type":"EntryPoint","urlTemplate":"https:\/\/gastora.eu\/?s={search_term_string}"},"query-input":{"@type":"PropertyValueSpecification","valueRequired":true,"valueName":"search_term_string"}}],"inLanguage":"en-US"},{"@type":"Organization","@id":"https:\/\/gastora.eu\/#organization","name":"Gastora","url":"https:\/\/gastora.eu\/","logo":{"@type":"ImageObject","inLanguage":"en-US","@id":"https:\/\/gastora.eu\/#\/schema\/logo\/image\/","url":"https:\/\/gastora.eu\/wp-content\/uploads\/2025\/12\/ChatGPT-Image-2-janv.-2026-22_52_47-1.png","contentUrl":"https:\/\/gastora.eu\/wp-content\/uploads\/2025\/12\/ChatGPT-Image-2-janv.-2026-22_52_47-1.png","width":1536,"height":320,"caption":"Gastora"},"image":{"@id":"https:\/\/gastora.eu\/#\/schema\/logo\/image\/"}}]}},"jetpack_sharing_enabled":true,"_links":{"self":[{"href":"https:\/\/gastora.eu\/en\/wp-json\/wp\/v2\/product\/14076","targetHints":{"allow":["GET"]}}],"collection":[{"href":"https:\/\/gastora.eu\/en\/wp-json\/wp\/v2\/product"}],"about":[{"href":"https:\/\/gastora.eu\/en\/wp-json\/wp\/v2\/types\/product"}],"wp:featuredmedia":[{"embeddable":true,"href":"https:\/\/gastora.eu\/en\/wp-json\/wp\/v2\/media\/6901"}],"wp:attachment":[{"href":"https:\/\/gastora.eu\/en\/wp-json\/wp\/v2\/media?parent=14076"}],"wp:term":[{"taxonomy":"product_brand","embeddable":true,"href":"https:\/\/gastora.eu\/en\/wp-json\/wp\/v2\/product_brand?post=14076"},{"taxonomy":"product_cat","embeddable":true,"href":"https:\/\/gastora.eu\/en\/wp-json\/wp\/v2\/product_cat?post=14076"},{"taxonomy":"product_tag","embeddable":true,"href":"https:\/\/gastora.eu\/en\/wp-json\/wp\/v2\/product_tag?post=14076"}],"curies":[{"name":"wp","href":"https:\/\/api.w.org\/{rel}","templated":true}]}}