{"id":14074,"date":"2026-04-25T17:42:45","date_gmt":"2026-04-25T17:42:45","guid":{"rendered":"https:\/\/gastora.eu\/?post_type=product&#038;p=14074"},"modified":"2026-04-28T16:55:51","modified_gmt":"2026-04-28T16:55:51","slug":"heavy-duty-bratt-pan-50-l-unit-double-profondeur-70-cm-lectrique","status":"publish","type":"product","link":"https:\/\/gastora.eu\/en\/product\/heavy-duty-bratt-pan-50-l-unit-double-profondeur-70-cm-lectrique\/","title":{"rendered":"Heavy Duty bratt pan &#8211; 50 L &#8211;  unit\u00e9 double &#8211; profondeur 70 cm &#8211; \u00e9lectrique"},"content":{"rendered":"<p>Cette casserole Bratt robuste d&#8217;une capacit\u00e9 de 50 litres convient \u00e0 une utilisation dans toute cuisine professionnelle. Elle vous permet de pr\u00e9parer les plats les plus d\u00e9licieux en grandes quantit\u00e9s. La casserole Bratt est facile \u00e0 basculer. Gr\u00e2ce au plateau inclinable, vous pouvez \u00e9goutter toute la casserole en une seule fois. Gr\u00e2ce \u00e0 la manivelle situ\u00e9e \u00e0 l&#8217;avant de la r\u00f4tissoire, vous pouvez soulever la casserole jusqu&#8217;\u00e0 ce qu&#8217;elle soit verticale afin de la vider compl\u00e8tement. En outre, le fond de 8 mm d&#8217;\u00e9paisseur est fabriqu\u00e9 en acier inoxydable pour r\u00e9sister \u00e0 la corrosion. Ce fond \u00e9pais garantit \u00e9galement une r\u00e9partition uniforme de la chaleur.<\/p>\n<h3>Dot\u00e9 d&#8217;une isolation thermiqueTravailler<\/h3>\n<p>en toute s\u00e9curit\u00e9 dans le secteur de la restauration est essentiel. Cette r\u00f4tissoire Bratt est \u00e9quip\u00e9e d&#8217;un syst\u00e8me de s\u00e9curit\u00e9 qui coupe l&#8217;\u00e9lectricit\u00e9 et le chauffage lorsque le couvercle est ouvert. Le thermostat de s\u00e9curit\u00e9 emp\u00eache la r\u00f4tissoire de surchauffer. La temp\u00e9rature peut \u00eatre r\u00e9gl\u00e9e entre 50 et 300\u00baC. Pour limiter le rayonnement de la chaleur et r\u00e9duire la consommation d&#8217;\u00e9nergie, la r\u00f4tissoire est \u00e9quip\u00e9e d&#8217;une isolation thermique. L&#8217;eau de la r\u00f4tissoire peut \u00eatre compl\u00e9t\u00e9e manuellement. <\/p>\n<h3>Facile \u00e0 nettoyerLa<\/h3>\n<p>r\u00f4tissoire Bratt est \u00e9quip\u00e9e de pieds r\u00e9glables qui lui permettent de rester stable sur n&#8217;importe quelle surface. Le bo\u00eetier et la poign\u00e9e du couvercle sont en acier inoxydable. La r\u00f4tissoire a des coins arrondis pour faciliter le nettoyage. Les surfaces lisses peuvent \u00eatre nettoy\u00e9es avec un seau d&#8217;eau, un d\u00e9tergent doux et un chiffon ou une \u00e9ponge humide.<\/p>\n<ul>\n<li>fond en acier inoxydable de 8 mm d&#8217;\u00e9paisseur pour une meilleure r\u00e9sistance \u00e0 la corrosion<\/li>\n<li>Coins arrondis pour faciliter le nettoyage<\/li>\n<li>Pieds robustes pour la stabilit\u00e9<\/li>\n<li>Contr\u00f4le thermostatique de la temp\u00e9rature entre 50 et 300 degr\u00e9s<\/li>\n<li>Isolation thermique pour limiter le rayonnement de la chaleur et r\u00e9duire la consommation d&#8217;\u00e9nergie<\/li>\n<li>M\u00e9canisme d&#8217;inclinaison facile \u00e0 utiliser<\/li>\n<li>Poids net : 115 kg<\/li>\n<li>Dimensions : L800 x P700 x H850 mm<\/li>\n<li>Capacit\u00e9 nette : 50L<\/li>\n<li>400V \/ 50Hz \/ 3Phase 7500 Watt<\/li>\n<\/ul>\n<\/p>\n<p><strong>Ce produit est fourni sans prise<\/strong><\/p>\n<ul>\n<li>Poids net : 115kg<\/li>\n<li>Capacit\u00e9 : 50L<\/li>\n<li>Dimensions : B80 x D70 x H85cm B80 x D70 x H85cm<\/li>\n<li>400V \/ 50Hz \/ 3Phase 7500W<br \/>","protected":false},"excerpt":{"rendered":"<p>Cette sauteuse \u00e9lectrique Heavy Duty d&#8217;une capacit\u00e9 de 50 litres vous permet de r\u00f4tir et de frire rapidement de grandes quantit\u00e9s d&#8217;aliments en m\u00eame temps. Le plateau inclinable vous permet d&#8217;\u00e9goutter directement l&#8217;ensemble de la casserole. Elle est fabriqu\u00e9e en acier inoxydable et le fond en coche assure un chauffage uniforme de vos aliments.<\/p>","protected":false},"featured_media":6897,"template":"","meta":{"_acf_changed":false},"product_brand":[],"product_cat":[495],"product_tag":[],"class_list":{"0":"post-14074","1":"product","2":"type-product","3":"status-publish","4":"has-post-thumbnail","6":"product_cat-plaques-pianos-de-cuisson-2","8":"first","9":"instock","10":"sale","11":"taxable","12":"shipping-taxable","13":"purchasable","14":"product-type-simple"},"acf":[],"yoast_head":"<!-- This site is optimized with the Yoast SEO plugin v27.5 - https:\/\/yoast.com\/product\/yoast-seo-wordpress\/ -->\n<title>Heavy Duty bratt pan - 50 L - unit\u00e9 double - profondeur 70 cm - \u00e9lectrique - Gastora<\/title>\n<meta name=\"description\" content=\"Achetez Heavy Duty bratt pan - 50 L - unit\u00e9 double - profondeur 70 cm - \u00e9lectrique au meilleur prix, fiable et performant avec une livraison rapide\" \/>\n<meta name=\"robots\" content=\"index, follow, max-snippet:-1, max-image-preview:large, max-video-preview:-1\" \/>\n<link rel=\"canonical\" href=\"https:\/\/gastora.eu\/en\/product\/heavy-duty-bratt-pan-50-l-unit-double-profondeur-70-cm-lectrique\/\" \/>\n<meta property=\"og:locale\" content=\"en_US\" \/>\n<meta property=\"og:type\" content=\"article\" \/>\n<meta property=\"og:title\" content=\"Heavy Duty bratt pan - 50 L - unit\u00e9 double - profondeur 70 cm - \u00e9lectrique - Gastora\" \/>\n<meta property=\"og:description\" content=\"Achetez Heavy Duty bratt pan - 50 L - unit\u00e9 double - profondeur 70 cm - \u00e9lectrique au meilleur prix, fiable et performant avec une livraison rapide\" \/>\n<meta property=\"og:url\" content=\"https:\/\/gastora.eu\/en\/product\/heavy-duty-bratt-pan-50-l-unit-double-profondeur-70-cm-lectrique\/\" \/>\n<meta property=\"og:site_name\" content=\"Gastora\" \/>\n<meta property=\"article:modified_time\" content=\"2026-04-28T16:55:51+00:00\" \/>\n<meta name=\"twitter:card\" content=\"summary_large_image\" \/>\n<meta name=\"twitter:label1\" content=\"Est. reading time\" \/>\n\t<meta name=\"twitter:data1\" content=\"2 minutes\" \/>\n<script type=\"application\/ld+json\" class=\"yoast-schema-graph\">{\"@context\":\"https:\\\/\\\/schema.org\",\"@graph\":[{\"@type\":\"WebPage\",\"@id\":\"https:\\\/\\\/gastora.eu\\\/product\\\/heavy-duty-bratt-pan-50-l-unit-double-profondeur-70-cm-lectrique\\\/\",\"url\":\"https:\\\/\\\/gastora.eu\\\/product\\\/heavy-duty-bratt-pan-50-l-unit-double-profondeur-70-cm-lectrique\\\/\",\"name\":\"Heavy Duty bratt pan - 50 L - unit\u00e9 double - profondeur 70 cm - \u00e9lectrique - Gastora\",\"isPartOf\":{\"@id\":\"https:\\\/\\\/gastora.eu\\\/#website\"},\"primaryImageOfPage\":{\"@id\":\"https:\\\/\\\/gastora.eu\\\/product\\\/heavy-duty-bratt-pan-50-l-unit-double-profondeur-70-cm-lectrique\\\/#primaryimage\"},\"image\":{\"@id\":\"https:\\\/\\\/gastora.eu\\\/product\\\/heavy-duty-bratt-pan-50-l-unit-double-profondeur-70-cm-lectrique\\\/#primaryimage\"},\"thumbnailUrl\":\"https:\\\/\\\/gastora.eu\\\/wp-content\\\/uploads\\\/2026\\\/04\\\/maxima-electric-bratt-pann-50l.jpg\",\"datePublished\":\"2026-04-25T17:42:45+00:00\",\"dateModified\":\"2026-04-28T16:55:51+00:00\",\"description\":\"Achetez Heavy Duty bratt pan - 50 L - unit\u00e9 double - profondeur 70 cm - \u00e9lectrique au meilleur prix, fiable et performant avec une livraison rapide\",\"breadcrumb\":{\"@id\":\"https:\\\/\\\/gastora.eu\\\/product\\\/heavy-duty-bratt-pan-50-l-unit-double-profondeur-70-cm-lectrique\\\/#breadcrumb\"},\"inLanguage\":\"en-US\",\"potentialAction\":[{\"@type\":\"ReadAction\",\"target\":[\"https:\\\/\\\/gastora.eu\\\/product\\\/heavy-duty-bratt-pan-50-l-unit-double-profondeur-70-cm-lectrique\\\/\"]}]},{\"@type\":\"ImageObject\",\"inLanguage\":\"en-US\",\"@id\":\"https:\\\/\\\/gastora.eu\\\/product\\\/heavy-duty-bratt-pan-50-l-unit-double-profondeur-70-cm-lectrique\\\/#primaryimage\",\"url\":\"https:\\\/\\\/gastora.eu\\\/wp-content\\\/uploads\\\/2026\\\/04\\\/maxima-electric-bratt-pann-50l.jpg\",\"contentUrl\":\"https:\\\/\\\/gastora.eu\\\/wp-content\\\/uploads\\\/2026\\\/04\\\/maxima-electric-bratt-pann-50l.jpg\",\"width\":1024,\"height\":1024},{\"@type\":\"BreadcrumbList\",\"@id\":\"https:\\\/\\\/gastora.eu\\\/product\\\/heavy-duty-bratt-pan-50-l-unit-double-profondeur-70-cm-lectrique\\\/#breadcrumb\",\"itemListElement\":[{\"@type\":\"ListItem\",\"position\":1,\"name\":\"Home\",\"item\":\"https:\\\/\\\/gastora.eu\\\/\"},{\"@type\":\"ListItem\",\"position\":2,\"name\":\"Shop\",\"item\":\"https:\\\/\\\/gastora.eu\\\/shop\\\/\"},{\"@type\":\"ListItem\",\"position\":3,\"name\":\"Heavy Duty bratt pan &#8211; 50 L &#8211; unit\u00e9 double &#8211; profondeur 70 cm &#8211; \u00e9lectrique\"}]},{\"@type\":\"WebSite\",\"@id\":\"https:\\\/\\\/gastora.eu\\\/#website\",\"url\":\"https:\\\/\\\/gastora.eu\\\/\",\"name\":\"Gastora\",\"description\":\"\u00c9quipements professionnels CHR\",\"publisher\":{\"@id\":\"https:\\\/\\\/gastora.eu\\\/#organization\"},\"potentialAction\":[{\"@type\":\"SearchAction\",\"target\":{\"@type\":\"EntryPoint\",\"urlTemplate\":\"https:\\\/\\\/gastora.eu\\\/?s={search_term_string}\"},\"query-input\":{\"@type\":\"PropertyValueSpecification\",\"valueRequired\":true,\"valueName\":\"search_term_string\"}}],\"inLanguage\":\"en-US\"},{\"@type\":\"Organization\",\"@id\":\"https:\\\/\\\/gastora.eu\\\/#organization\",\"name\":\"Gastora\",\"url\":\"https:\\\/\\\/gastora.eu\\\/\",\"logo\":{\"@type\":\"ImageObject\",\"inLanguage\":\"en-US\",\"@id\":\"https:\\\/\\\/gastora.eu\\\/#\\\/schema\\\/logo\\\/image\\\/\",\"url\":\"https:\\\/\\\/gastora.eu\\\/wp-content\\\/uploads\\\/2025\\\/12\\\/ChatGPT-Image-2-janv.-2026-22_52_47-1.png\",\"contentUrl\":\"https:\\\/\\\/gastora.eu\\\/wp-content\\\/uploads\\\/2025\\\/12\\\/ChatGPT-Image-2-janv.-2026-22_52_47-1.png\",\"width\":1536,\"height\":320,\"caption\":\"Gastora\"},\"image\":{\"@id\":\"https:\\\/\\\/gastora.eu\\\/#\\\/schema\\\/logo\\\/image\\\/\"}}]}<\/script>\n<!-- \/ Yoast SEO plugin. -->","yoast_head_json":{"title":"Heavy Duty bratt pan - 50 L - unit\u00e9 double - profondeur 70 cm - \u00e9lectrique - Gastora","description":"Achetez Heavy Duty bratt pan - 50 L - unit\u00e9 double - profondeur 70 cm - \u00e9lectrique au meilleur prix, fiable et performant avec une livraison rapide","robots":{"index":"index","follow":"follow","max-snippet":"max-snippet:-1","max-image-preview":"max-image-preview:large","max-video-preview":"max-video-preview:-1"},"canonical":"https:\/\/gastora.eu\/en\/product\/heavy-duty-bratt-pan-50-l-unit-double-profondeur-70-cm-lectrique\/","og_locale":"en_US","og_type":"article","og_title":"Heavy Duty bratt pan - 50 L - unit\u00e9 double - profondeur 70 cm - \u00e9lectrique - Gastora","og_description":"Achetez Heavy Duty bratt pan - 50 L - unit\u00e9 double - profondeur 70 cm - \u00e9lectrique au meilleur prix, fiable et performant avec une livraison rapide","og_url":"https:\/\/gastora.eu\/en\/product\/heavy-duty-bratt-pan-50-l-unit-double-profondeur-70-cm-lectrique\/","og_site_name":"Gastora","article_modified_time":"2026-04-28T16:55:51+00:00","twitter_card":"summary_large_image","twitter_misc":{"Est. reading time":"2 minutes"},"schema":{"@context":"https:\/\/schema.org","@graph":[{"@type":"WebPage","@id":"https:\/\/gastora.eu\/product\/heavy-duty-bratt-pan-50-l-unit-double-profondeur-70-cm-lectrique\/","url":"https:\/\/gastora.eu\/product\/heavy-duty-bratt-pan-50-l-unit-double-profondeur-70-cm-lectrique\/","name":"Heavy Duty bratt pan - 50 L - unit\u00e9 double - profondeur 70 cm - \u00e9lectrique - Gastora","isPartOf":{"@id":"https:\/\/gastora.eu\/#website"},"primaryImageOfPage":{"@id":"https:\/\/gastora.eu\/product\/heavy-duty-bratt-pan-50-l-unit-double-profondeur-70-cm-lectrique\/#primaryimage"},"image":{"@id":"https:\/\/gastora.eu\/product\/heavy-duty-bratt-pan-50-l-unit-double-profondeur-70-cm-lectrique\/#primaryimage"},"thumbnailUrl":"https:\/\/gastora.eu\/wp-content\/uploads\/2026\/04\/maxima-electric-bratt-pann-50l.jpg","datePublished":"2026-04-25T17:42:45+00:00","dateModified":"2026-04-28T16:55:51+00:00","description":"Achetez Heavy Duty bratt pan - 50 L - unit\u00e9 double - profondeur 70 cm - \u00e9lectrique au meilleur prix, fiable et performant avec une livraison rapide","breadcrumb":{"@id":"https:\/\/gastora.eu\/product\/heavy-duty-bratt-pan-50-l-unit-double-profondeur-70-cm-lectrique\/#breadcrumb"},"inLanguage":"en-US","potentialAction":[{"@type":"ReadAction","target":["https:\/\/gastora.eu\/product\/heavy-duty-bratt-pan-50-l-unit-double-profondeur-70-cm-lectrique\/"]}]},{"@type":"ImageObject","inLanguage":"en-US","@id":"https:\/\/gastora.eu\/product\/heavy-duty-bratt-pan-50-l-unit-double-profondeur-70-cm-lectrique\/#primaryimage","url":"https:\/\/gastora.eu\/wp-content\/uploads\/2026\/04\/maxima-electric-bratt-pann-50l.jpg","contentUrl":"https:\/\/gastora.eu\/wp-content\/uploads\/2026\/04\/maxima-electric-bratt-pann-50l.jpg","width":1024,"height":1024},{"@type":"BreadcrumbList","@id":"https:\/\/gastora.eu\/product\/heavy-duty-bratt-pan-50-l-unit-double-profondeur-70-cm-lectrique\/#breadcrumb","itemListElement":[{"@type":"ListItem","position":1,"name":"Home","item":"https:\/\/gastora.eu\/"},{"@type":"ListItem","position":2,"name":"Shop","item":"https:\/\/gastora.eu\/shop\/"},{"@type":"ListItem","position":3,"name":"Heavy Duty bratt pan &#8211; 50 L &#8211; unit\u00e9 double &#8211; profondeur 70 cm &#8211; \u00e9lectrique"}]},{"@type":"WebSite","@id":"https:\/\/gastora.eu\/#website","url":"https:\/\/gastora.eu\/","name":"Gastora","description":"\u00c9quipements professionnels CHR","publisher":{"@id":"https:\/\/gastora.eu\/#organization"},"potentialAction":[{"@type":"SearchAction","target":{"@type":"EntryPoint","urlTemplate":"https:\/\/gastora.eu\/?s={search_term_string}"},"query-input":{"@type":"PropertyValueSpecification","valueRequired":true,"valueName":"search_term_string"}}],"inLanguage":"en-US"},{"@type":"Organization","@id":"https:\/\/gastora.eu\/#organization","name":"Gastora","url":"https:\/\/gastora.eu\/","logo":{"@type":"ImageObject","inLanguage":"en-US","@id":"https:\/\/gastora.eu\/#\/schema\/logo\/image\/","url":"https:\/\/gastora.eu\/wp-content\/uploads\/2025\/12\/ChatGPT-Image-2-janv.-2026-22_52_47-1.png","contentUrl":"https:\/\/gastora.eu\/wp-content\/uploads\/2025\/12\/ChatGPT-Image-2-janv.-2026-22_52_47-1.png","width":1536,"height":320,"caption":"Gastora"},"image":{"@id":"https:\/\/gastora.eu\/#\/schema\/logo\/image\/"}}]}},"jetpack_sharing_enabled":true,"_links":{"self":[{"href":"https:\/\/gastora.eu\/en\/wp-json\/wp\/v2\/product\/14074","targetHints":{"allow":["GET"]}}],"collection":[{"href":"https:\/\/gastora.eu\/en\/wp-json\/wp\/v2\/product"}],"about":[{"href":"https:\/\/gastora.eu\/en\/wp-json\/wp\/v2\/types\/product"}],"wp:featuredmedia":[{"embeddable":true,"href":"https:\/\/gastora.eu\/en\/wp-json\/wp\/v2\/media\/6897"}],"wp:attachment":[{"href":"https:\/\/gastora.eu\/en\/wp-json\/wp\/v2\/media?parent=14074"}],"wp:term":[{"taxonomy":"product_brand","embeddable":true,"href":"https:\/\/gastora.eu\/en\/wp-json\/wp\/v2\/product_brand?post=14074"},{"taxonomy":"product_cat","embeddable":true,"href":"https:\/\/gastora.eu\/en\/wp-json\/wp\/v2\/product_cat?post=14074"},{"taxonomy":"product_tag","embeddable":true,"href":"https:\/\/gastora.eu\/en\/wp-json\/wp\/v2\/product_tag?post=14074"}],"curies":[{"name":"wp","href":"https:\/\/api.w.org\/{rel}","templated":true}]}}