{"id":14071,"date":"2026-04-25T17:42:42","date_gmt":"2026-04-25T17:42:42","guid":{"rendered":"https:\/\/gastora.eu\/?post_type=product&#038;p=14071"},"modified":"2026-04-28T16:55:51","modified_gmt":"2026-04-28T16:55:51","slug":"heavy-duty-bain-marie-unit-double-profondeur-70-cm-lectrique","status":"publish","type":"product","link":"https:\/\/gastora.eu\/en\/product\/heavy-duty-bain-marie-unit-double-profondeur-70-cm-lectrique\/","title":{"rendered":"Heavy Duty bain marie &#8211; unit\u00e9 double &#8211; profondeur 70 cm &#8211; \u00e9lectrique"},"content":{"rendered":"<p>Vous travaillez avec des ingr\u00e9dients qui ne doivent pas \u00eatre trop chauds au risque de br\u00fbler ou de se s\u00e9parer ? Alors ce bain-marie fonctionnant au gaz est id\u00e9al pour vous aider \u00e0 faire fondre du chocolat ou \u00e0 chauffer des sauces, par exemple. Il constitue un moyen id\u00e9al de cuire les aliments et de les maintenir au chaud. Remplissez le bain marie manuellement avec de l&#8217;eau et le bac \u00e0 eau monobloc est compl\u00e8tement \u00e9tanche. Pour \u00e9vacuer l&#8217;eau, vous pouvez la vider rapidement et facilement \u00e0 l&#8217;aide du robinet de vidange.<\/p>\n<h3>Convient aux r\u00e9cipients GN<\/h3>\n<p>Ce bain-marie \u00e9lectrique peut \u00eatre utilis\u00e9 avec des r\u00e9cipients GN. Les r\u00e9cipients GN s&#8217;adaptent parfaitement au bain-marie, de sorte qu&#8217;il n&#8217;y a aucune perte de chaleur. Les r\u00e9cipients ne sont pas fournis en standard, mais vous pouvez facilement les commander sur notre site web. Vous pouvez ainsi d\u00e9terminer vous-m\u00eame la configuration exacte et les dimensions des r\u00e9cipients que vous souhaitez utiliser. Sans utiliser d&#8217;entretoises, vous pouvez ins\u00e9rer des conteneurs GN 1\/1 et GN 2\/1. Si vous utilisez des bacs GN 1\/2 ou 1\/3, vous devez utiliser des entretoises, qui sont \u00e9galement disponibles dans notre boutique en ligne. La hauteur maximale des r\u00e9cipients GN que vous pouvez utiliser est de 15 cm.<\/p>\n<h3>Nettoyage simple<\/h3>\n<p>Le bain-marie se salit \u00e0 peine dans le cadre d&#8217;une utilisation normale. Toutefois, si vous devez nettoyer l&#8217;appareil, veillez \u00e0 ce qu&#8217;il soit \u00e9teint apr\u00e8s utilisation et retirez les r\u00e9cipients GN. Attention, des gouttes d&#8217;eau chaude peuvent se d\u00e9tacher des bacs. Les bacs GN peuvent \u00eatre nettoy\u00e9s au lave-vaisselle. Videz l&#8217;eau du bain-marie \u00e0 l&#8217;aide du robinet. L&#8217;int\u00e9rieur et l&#8217;ext\u00e9rieur sont en acier inoxydable et peuvent \u00eatre nettoy\u00e9s \u00e0 l&#8217;aide d&#8217;un chiffon humide et d&#8217;un d\u00e9tergent doux. Enfin, s\u00e9chez toutes les pi\u00e8ces et remettez le bain-marie en place.<\/p>\n<p><strong>Caract\u00e9ristiques<\/strong><\/p>\n<ul>\n<li>Construction durable<\/li>\n<li>Bo\u00eetier en acier inoxydable<\/li>\n<li>Bassin d&#8217;eau monobloc enti\u00e8rement \u00e9tanche<\/li>\n<li>Dessus soud\u00e9 sans joints<\/li>\n<li>Composants robustes<\/li>\n<li>Chauffage efficace et rapide<\/li>\n<\/ul>\n<p><strong>Caract\u00e9ristiques du produit<\/strong><\/p>\n<ul>\n<li>Poids net : 20,6 kg<\/li>\n<li>Dimensions : 80 x 70 x 28 cm L80 x P70 x H28cm<\/li>\n<li>Puissance totale : 2,0 kW<\/li>\n<li>230V \/ 50Hz \/ 1 Phase 2000W<\/li>\n<\/ul>\n<p><em>A l&#8217;exclusion de<\/em><\/p>\n<ul>\n<li><em>R\u00e9cipients GN et couvercles<\/em><\/li>\n<li><em>Bouchon A<\/em><strong><br \/><\/strong><\/li>\n<\/ul>","protected":false},"excerpt":{"rendered":"<p>Avec ce bain-marie double, il est tr\u00e8s facile de cuire les aliments ou de les r\u00e9chauffer pour une utilisation ult\u00e9rieure. Gr\u00e2ce \u00e0 sa grande taille, il peut accueillir divers r\u00e9cipients GN de 1\/1. En outre, vous pouvez installer ce bain-marie dans une ligne de cuisson et l&#8217;utiliser intensivement dans toute cuisine professionnelle.<\/p>","protected":false},"featured_media":6891,"template":"","meta":{"_acf_changed":false},"product_brand":[],"product_cat":[495],"product_tag":[],"class_list":{"0":"post-14071","1":"product","2":"type-product","3":"status-publish","4":"has-post-thumbnail","6":"product_cat-plaques-pianos-de-cuisson-2","8":"first","9":"instock","10":"sale","11":"taxable","12":"shipping-taxable","13":"purchasable","14":"product-type-simple"},"acf":[],"yoast_head":"<!-- This site is optimized with the Yoast SEO plugin v27.5 - https:\/\/yoast.com\/product\/yoast-seo-wordpress\/ -->\n<title>Heavy Duty bain marie - unit\u00e9 double - profondeur 70 cm - \u00e9lectrique - Gastora<\/title>\n<meta name=\"description\" content=\"Achetez Heavy Duty bain marie - unit\u00e9 double - profondeur 70 cm - \u00e9lectrique au meilleur prix, fiable et performant avec une livraison rapide\" \/>\n<meta name=\"robots\" content=\"index, follow, max-snippet:-1, max-image-preview:large, max-video-preview:-1\" \/>\n<link rel=\"canonical\" href=\"https:\/\/gastora.eu\/en\/product\/heavy-duty-bain-marie-unit-double-profondeur-70-cm-lectrique\/\" \/>\n<meta property=\"og:locale\" content=\"en_US\" \/>\n<meta property=\"og:type\" content=\"article\" \/>\n<meta property=\"og:title\" content=\"Heavy Duty bain marie - unit\u00e9 double - profondeur 70 cm - \u00e9lectrique - Gastora\" \/>\n<meta property=\"og:description\" content=\"Achetez Heavy Duty bain marie - unit\u00e9 double - profondeur 70 cm - \u00e9lectrique au meilleur prix, fiable et performant avec une livraison rapide\" \/>\n<meta property=\"og:url\" content=\"https:\/\/gastora.eu\/en\/product\/heavy-duty-bain-marie-unit-double-profondeur-70-cm-lectrique\/\" \/>\n<meta property=\"og:site_name\" content=\"Gastora\" \/>\n<meta property=\"article:modified_time\" content=\"2026-04-28T16:55:51+00:00\" \/>\n<meta name=\"twitter:card\" content=\"summary_large_image\" \/>\n<meta name=\"twitter:label1\" content=\"Est. reading time\" \/>\n\t<meta name=\"twitter:data1\" content=\"2 minutes\" \/>\n<script type=\"application\/ld+json\" class=\"yoast-schema-graph\">{\"@context\":\"https:\\\/\\\/schema.org\",\"@graph\":[{\"@type\":\"WebPage\",\"@id\":\"https:\\\/\\\/gastora.eu\\\/product\\\/heavy-duty-bain-marie-unit-double-profondeur-70-cm-lectrique\\\/\",\"url\":\"https:\\\/\\\/gastora.eu\\\/product\\\/heavy-duty-bain-marie-unit-double-profondeur-70-cm-lectrique\\\/\",\"name\":\"Heavy Duty bain marie - unit\u00e9 double - profondeur 70 cm - \u00e9lectrique - Gastora\",\"isPartOf\":{\"@id\":\"https:\\\/\\\/gastora.eu\\\/#website\"},\"primaryImageOfPage\":{\"@id\":\"https:\\\/\\\/gastora.eu\\\/product\\\/heavy-duty-bain-marie-unit-double-profondeur-70-cm-lectrique\\\/#primaryimage\"},\"image\":{\"@id\":\"https:\\\/\\\/gastora.eu\\\/product\\\/heavy-duty-bain-marie-unit-double-profondeur-70-cm-lectrique\\\/#primaryimage\"},\"thumbnailUrl\":\"https:\\\/\\\/gastora.eu\\\/wp-content\\\/uploads\\\/2026\\\/04\\\/maxima-electric-bain-marie-full.jpg\",\"datePublished\":\"2026-04-25T17:42:42+00:00\",\"dateModified\":\"2026-04-28T16:55:51+00:00\",\"description\":\"Achetez Heavy Duty bain marie - unit\u00e9 double - profondeur 70 cm - \u00e9lectrique au meilleur prix, fiable et performant avec une livraison rapide\",\"breadcrumb\":{\"@id\":\"https:\\\/\\\/gastora.eu\\\/product\\\/heavy-duty-bain-marie-unit-double-profondeur-70-cm-lectrique\\\/#breadcrumb\"},\"inLanguage\":\"en-US\",\"potentialAction\":[{\"@type\":\"ReadAction\",\"target\":[\"https:\\\/\\\/gastora.eu\\\/product\\\/heavy-duty-bain-marie-unit-double-profondeur-70-cm-lectrique\\\/\"]}]},{\"@type\":\"ImageObject\",\"inLanguage\":\"en-US\",\"@id\":\"https:\\\/\\\/gastora.eu\\\/product\\\/heavy-duty-bain-marie-unit-double-profondeur-70-cm-lectrique\\\/#primaryimage\",\"url\":\"https:\\\/\\\/gastora.eu\\\/wp-content\\\/uploads\\\/2026\\\/04\\\/maxima-electric-bain-marie-full.jpg\",\"contentUrl\":\"https:\\\/\\\/gastora.eu\\\/wp-content\\\/uploads\\\/2026\\\/04\\\/maxima-electric-bain-marie-full.jpg\",\"width\":1024,\"height\":1024},{\"@type\":\"BreadcrumbList\",\"@id\":\"https:\\\/\\\/gastora.eu\\\/product\\\/heavy-duty-bain-marie-unit-double-profondeur-70-cm-lectrique\\\/#breadcrumb\",\"itemListElement\":[{\"@type\":\"ListItem\",\"position\":1,\"name\":\"Home\",\"item\":\"https:\\\/\\\/gastora.eu\\\/\"},{\"@type\":\"ListItem\",\"position\":2,\"name\":\"Shop\",\"item\":\"https:\\\/\\\/gastora.eu\\\/shop\\\/\"},{\"@type\":\"ListItem\",\"position\":3,\"name\":\"Heavy Duty bain marie &#8211; unit\u00e9 double &#8211; profondeur 70 cm &#8211; \u00e9lectrique\"}]},{\"@type\":\"WebSite\",\"@id\":\"https:\\\/\\\/gastora.eu\\\/#website\",\"url\":\"https:\\\/\\\/gastora.eu\\\/\",\"name\":\"Gastora\",\"description\":\"\u00c9quipements professionnels CHR\",\"publisher\":{\"@id\":\"https:\\\/\\\/gastora.eu\\\/#organization\"},\"potentialAction\":[{\"@type\":\"SearchAction\",\"target\":{\"@type\":\"EntryPoint\",\"urlTemplate\":\"https:\\\/\\\/gastora.eu\\\/?s={search_term_string}\"},\"query-input\":{\"@type\":\"PropertyValueSpecification\",\"valueRequired\":true,\"valueName\":\"search_term_string\"}}],\"inLanguage\":\"en-US\"},{\"@type\":\"Organization\",\"@id\":\"https:\\\/\\\/gastora.eu\\\/#organization\",\"name\":\"Gastora\",\"url\":\"https:\\\/\\\/gastora.eu\\\/\",\"logo\":{\"@type\":\"ImageObject\",\"inLanguage\":\"en-US\",\"@id\":\"https:\\\/\\\/gastora.eu\\\/#\\\/schema\\\/logo\\\/image\\\/\",\"url\":\"https:\\\/\\\/gastora.eu\\\/wp-content\\\/uploads\\\/2025\\\/12\\\/ChatGPT-Image-2-janv.-2026-22_52_47-1.png\",\"contentUrl\":\"https:\\\/\\\/gastora.eu\\\/wp-content\\\/uploads\\\/2025\\\/12\\\/ChatGPT-Image-2-janv.-2026-22_52_47-1.png\",\"width\":1536,\"height\":320,\"caption\":\"Gastora\"},\"image\":{\"@id\":\"https:\\\/\\\/gastora.eu\\\/#\\\/schema\\\/logo\\\/image\\\/\"}}]}<\/script>\n<!-- \/ Yoast SEO plugin. -->","yoast_head_json":{"title":"Heavy Duty bain marie - unit\u00e9 double - profondeur 70 cm - \u00e9lectrique - Gastora","description":"Achetez Heavy Duty bain marie - unit\u00e9 double - profondeur 70 cm - \u00e9lectrique au meilleur prix, fiable et performant avec une livraison rapide","robots":{"index":"index","follow":"follow","max-snippet":"max-snippet:-1","max-image-preview":"max-image-preview:large","max-video-preview":"max-video-preview:-1"},"canonical":"https:\/\/gastora.eu\/en\/product\/heavy-duty-bain-marie-unit-double-profondeur-70-cm-lectrique\/","og_locale":"en_US","og_type":"article","og_title":"Heavy Duty bain marie - unit\u00e9 double - profondeur 70 cm - \u00e9lectrique - Gastora","og_description":"Achetez Heavy Duty bain marie - unit\u00e9 double - profondeur 70 cm - \u00e9lectrique au meilleur prix, fiable et performant avec une livraison rapide","og_url":"https:\/\/gastora.eu\/en\/product\/heavy-duty-bain-marie-unit-double-profondeur-70-cm-lectrique\/","og_site_name":"Gastora","article_modified_time":"2026-04-28T16:55:51+00:00","twitter_card":"summary_large_image","twitter_misc":{"Est. reading time":"2 minutes"},"schema":{"@context":"https:\/\/schema.org","@graph":[{"@type":"WebPage","@id":"https:\/\/gastora.eu\/product\/heavy-duty-bain-marie-unit-double-profondeur-70-cm-lectrique\/","url":"https:\/\/gastora.eu\/product\/heavy-duty-bain-marie-unit-double-profondeur-70-cm-lectrique\/","name":"Heavy Duty bain marie - unit\u00e9 double - profondeur 70 cm - \u00e9lectrique - Gastora","isPartOf":{"@id":"https:\/\/gastora.eu\/#website"},"primaryImageOfPage":{"@id":"https:\/\/gastora.eu\/product\/heavy-duty-bain-marie-unit-double-profondeur-70-cm-lectrique\/#primaryimage"},"image":{"@id":"https:\/\/gastora.eu\/product\/heavy-duty-bain-marie-unit-double-profondeur-70-cm-lectrique\/#primaryimage"},"thumbnailUrl":"https:\/\/gastora.eu\/wp-content\/uploads\/2026\/04\/maxima-electric-bain-marie-full.jpg","datePublished":"2026-04-25T17:42:42+00:00","dateModified":"2026-04-28T16:55:51+00:00","description":"Achetez Heavy Duty bain marie - unit\u00e9 double - profondeur 70 cm - \u00e9lectrique au meilleur prix, fiable et performant avec une livraison rapide","breadcrumb":{"@id":"https:\/\/gastora.eu\/product\/heavy-duty-bain-marie-unit-double-profondeur-70-cm-lectrique\/#breadcrumb"},"inLanguage":"en-US","potentialAction":[{"@type":"ReadAction","target":["https:\/\/gastora.eu\/product\/heavy-duty-bain-marie-unit-double-profondeur-70-cm-lectrique\/"]}]},{"@type":"ImageObject","inLanguage":"en-US","@id":"https:\/\/gastora.eu\/product\/heavy-duty-bain-marie-unit-double-profondeur-70-cm-lectrique\/#primaryimage","url":"https:\/\/gastora.eu\/wp-content\/uploads\/2026\/04\/maxima-electric-bain-marie-full.jpg","contentUrl":"https:\/\/gastora.eu\/wp-content\/uploads\/2026\/04\/maxima-electric-bain-marie-full.jpg","width":1024,"height":1024},{"@type":"BreadcrumbList","@id":"https:\/\/gastora.eu\/product\/heavy-duty-bain-marie-unit-double-profondeur-70-cm-lectrique\/#breadcrumb","itemListElement":[{"@type":"ListItem","position":1,"name":"Home","item":"https:\/\/gastora.eu\/"},{"@type":"ListItem","position":2,"name":"Shop","item":"https:\/\/gastora.eu\/shop\/"},{"@type":"ListItem","position":3,"name":"Heavy Duty bain marie &#8211; unit\u00e9 double &#8211; profondeur 70 cm &#8211; \u00e9lectrique"}]},{"@type":"WebSite","@id":"https:\/\/gastora.eu\/#website","url":"https:\/\/gastora.eu\/","name":"Gastora","description":"\u00c9quipements professionnels CHR","publisher":{"@id":"https:\/\/gastora.eu\/#organization"},"potentialAction":[{"@type":"SearchAction","target":{"@type":"EntryPoint","urlTemplate":"https:\/\/gastora.eu\/?s={search_term_string}"},"query-input":{"@type":"PropertyValueSpecification","valueRequired":true,"valueName":"search_term_string"}}],"inLanguage":"en-US"},{"@type":"Organization","@id":"https:\/\/gastora.eu\/#organization","name":"Gastora","url":"https:\/\/gastora.eu\/","logo":{"@type":"ImageObject","inLanguage":"en-US","@id":"https:\/\/gastora.eu\/#\/schema\/logo\/image\/","url":"https:\/\/gastora.eu\/wp-content\/uploads\/2025\/12\/ChatGPT-Image-2-janv.-2026-22_52_47-1.png","contentUrl":"https:\/\/gastora.eu\/wp-content\/uploads\/2025\/12\/ChatGPT-Image-2-janv.-2026-22_52_47-1.png","width":1536,"height":320,"caption":"Gastora"},"image":{"@id":"https:\/\/gastora.eu\/#\/schema\/logo\/image\/"}}]}},"jetpack_sharing_enabled":true,"_links":{"self":[{"href":"https:\/\/gastora.eu\/en\/wp-json\/wp\/v2\/product\/14071","targetHints":{"allow":["GET"]}}],"collection":[{"href":"https:\/\/gastora.eu\/en\/wp-json\/wp\/v2\/product"}],"about":[{"href":"https:\/\/gastora.eu\/en\/wp-json\/wp\/v2\/types\/product"}],"wp:featuredmedia":[{"embeddable":true,"href":"https:\/\/gastora.eu\/en\/wp-json\/wp\/v2\/media\/6891"}],"wp:attachment":[{"href":"https:\/\/gastora.eu\/en\/wp-json\/wp\/v2\/media?parent=14071"}],"wp:term":[{"taxonomy":"product_brand","embeddable":true,"href":"https:\/\/gastora.eu\/en\/wp-json\/wp\/v2\/product_brand?post=14071"},{"taxonomy":"product_cat","embeddable":true,"href":"https:\/\/gastora.eu\/en\/wp-json\/wp\/v2\/product_cat?post=14071"},{"taxonomy":"product_tag","embeddable":true,"href":"https:\/\/gastora.eu\/en\/wp-json\/wp\/v2\/product_tag?post=14071"}],"curies":[{"name":"wp","href":"https:\/\/api.w.org\/{rel}","templated":true}]}}