{"id":14070,"date":"2026-04-25T17:42:41","date_gmt":"2026-04-25T17:42:41","guid":{"rendered":"https:\/\/gastora.eu\/?post_type=product&#038;p=14070"},"modified":"2026-04-28T16:55:51","modified_gmt":"2026-04-28T16:55:51","slug":"heavy-duty-bain-marie-unit-double-profondeur-70-cm-gaz","status":"publish","type":"product","link":"https:\/\/gastora.eu\/en\/product\/heavy-duty-bain-marie-unit-double-profondeur-70-cm-gaz\/","title":{"rendered":"Heavy Duty bain marie &#8211; unit\u00e9 double &#8211; profondeur 70 cm &#8211; gaz"},"content":{"rendered":"<p>Vous travaillez avec des ingr\u00e9dients qui ne doivent pas \u00eatre trop chauds au risque de br\u00fbler ou de se s\u00e9parer ? Alors ce bain-marie fonctionnant au gaz est id\u00e9al pour vous aider \u00e0 faire fondre du chocolat ou \u00e0 chauffer des sauces, par exemple. Il constitue un moyen id\u00e9al de cuire les aliments et de les maintenir au chaud. Remplissez le bain-marie manuellement avec de l&#8217;eau et le bac \u00e0 eau monobloc est compl\u00e8tement \u00e9tanche. Pour \u00e9vacuer l&#8217;eau, vous pouvez la vider rapidement et facilement \u00e0 l&#8217;aide du robinet de vidange. Le br\u00fbleur situ\u00e9 sous le bac \u00e0 eau est en acier inoxydable.<\/p>\n<h3>Compatible avec les r\u00e9cipients GN<\/h3>\n<p>Ce bain-marie professionnel peut \u00eatre utilis\u00e9 avec des r\u00e9cipients GN 1\/1 ou GN 2\/1. Ceux-ci ne sont pas inclus mais peuvent \u00eatre command\u00e9s s\u00e9par\u00e9ment dans notre boutique en ligne. Il est \u00e9galement possible d&#8217;utiliser des r\u00e9cipients GN 1\/2 ou 1\/3, mais il faut alors utiliser des barres d&#8217;adaptation. La hauteur maximale des r\u00e9cipients GN que vous pouvez utiliser est de 15 cm. L&#8217;acier inoxydable \u00e9pais et le design ergonomique garantissent un chauffage efficace et rapide des produits. Ce bain-marie est \u00e9quip\u00e9 d&#8217;une veilleuse, d&#8217;un allumage \u00e9lectrique Piezo et d&#8217;une soupape de s\u00e9curit\u00e9 pour le gaz avec thermocouple. La temp\u00e9rature du bain-marie peut \u00eatre r\u00e9gl\u00e9e jusqu&#8217;\u00e0 90\u00baC \u00e0 l&#8217;aide du thermostat. L&#8217;eau du bain-marie ne d\u00e9passe jamais 100\u00baC, de sorte que la temp\u00e9rature des aliments ne s&#8217;\u00e9l\u00e8ve jamais au-dessus de 100\u00baC et qu&#8217;ils ne peuvent ni bouillir ni br\u00fbler.<\/p>\n<h3>Nettoyage facile<\/h3>\n<p>Le bain-marie se salit \u00e0 peine dans le cadre d&#8217;une utilisation normale. Toutefois, si vous devez nettoyer l&#8217;appareil, assurez-vous qu&#8217;il est \u00e9teint apr\u00e8s utilisation et retirez les r\u00e9cipients GN. Attention, des gouttelettes d&#8217;eau chaude peuvent se d\u00e9tacher des bacs. Les bacs GN peuvent \u00eatre nettoy\u00e9s au lave-vaisselle. Videz l&#8217;eau du bain-marie \u00e0 l&#8217;aide du robinet. L&#8217;int\u00e9rieur et l&#8217;ext\u00e9rieur sont en acier inoxydable et peuvent \u00eatre nettoy\u00e9s \u00e0 l&#8217;aide d&#8217;un chiffon humide et d&#8217;un d\u00e9tergent doux. Enfin, s\u00e9chez toutes les pi\u00e8ces et remettez le bain-marie en place.<\/p>\n<p><strong>Caract\u00e9ristiques<\/strong><\/p>\n<ul>\n<li>Allumage \u00e9lectrique pi\u00e9zo\u00e9lectrique<\/li>\n<li>Cuve monobloc enti\u00e8rement \u00e9tanche<\/li>\n<li>\u00c9quip\u00e9 d&#8217;une veilleuse<\/li>\n<li>Convient pour le GPL ou le gaz naturel<\/li>\n<li>Soupape de s\u00e9curit\u00e9 pour le gaz avec thermocouple<\/li>\n<li>Vidange facile et rapide par vanne d&#8217;eau rotative<\/li>\n<li>Br\u00fbleur en acier inoxydable sous le bac \u00e0 eau<\/li>\n<\/ul>\n<p><strong>Caract\u00e9ristiques du produit<\/strong><\/p>\n<ul>\n<li>Poids net : 29,4 kg<\/li>\n<li>Dimensions : 80 x 70 x 28 cm L80 x P70 x H28cm<\/li>\n<li>Puissance totale : 4,0 kW<\/li>\n<li>Temp\u00e9rature : 90\u00baC<\/li>\n<li>Injecteurs de gaz pr\u00e9install\u00e9s : G25 &#8211; gaz naturel<\/li>\n<li>Injecteurs de gaz suppl\u00e9mentaires : G30 &#8211; GPL (propane \/ butane)<\/li>\n<\/ul>\n<p><em>A l&#8217;exclusion<\/em><\/p>\n<ul>\n<li style=\"font-style: italic;\"><em>R\u00e9cipients GN et couvercles<\/em><\/li>\n<\/ul>","protected":false},"excerpt":{"rendered":"<p>Avec ce bain-marie double \u00e0 gaz, il est tr\u00e8s facile de cuire des aliments ou de les r\u00e9chauffer pour une utilisation ult\u00e9rieure. Gr\u00e2ce \u00e0 sa grande taille, il peut accueillir divers r\u00e9cipients GN de 1\/1. En outre, vous pouvez installer ce bain-marie dans une ligne de cuisson et l&#8217;utiliser intensivement dans toute cuisine professionnelle.<\/p>","protected":false},"featured_media":6889,"template":"","meta":{"_acf_changed":false},"product_brand":[],"product_cat":[495],"product_tag":[],"class_list":{"0":"post-14070","1":"product","2":"type-product","3":"status-publish","4":"has-post-thumbnail","6":"product_cat-plaques-pianos-de-cuisson-2","8":"first","9":"instock","10":"sale","11":"taxable","12":"shipping-taxable","13":"purchasable","14":"product-type-simple"},"acf":[],"yoast_head":"<!-- This site is optimized with the Yoast SEO plugin v27.5 - https:\/\/yoast.com\/product\/yoast-seo-wordpress\/ -->\n<title>Heavy Duty bain marie - unit\u00e9 double - profondeur 70 cm - gaz - Gastora<\/title>\n<meta name=\"description\" content=\"Achetez Heavy Duty bain marie - unit\u00e9 double - profondeur 70 cm - gaz au meilleur prix, fiable et performant avec une livraison rapide\" \/>\n<meta name=\"robots\" content=\"index, follow, max-snippet:-1, max-image-preview:large, max-video-preview:-1\" \/>\n<link rel=\"canonical\" href=\"https:\/\/gastora.eu\/en\/product\/heavy-duty-bain-marie-unit-double-profondeur-70-cm-gaz\/\" \/>\n<meta property=\"og:locale\" content=\"en_US\" \/>\n<meta property=\"og:type\" content=\"article\" \/>\n<meta property=\"og:title\" content=\"Heavy Duty bain marie - unit\u00e9 double - profondeur 70 cm - gaz - Gastora\" \/>\n<meta property=\"og:description\" content=\"Achetez Heavy Duty bain marie - unit\u00e9 double - profondeur 70 cm - gaz au meilleur prix, fiable et performant avec une livraison rapide\" \/>\n<meta property=\"og:url\" content=\"https:\/\/gastora.eu\/en\/product\/heavy-duty-bain-marie-unit-double-profondeur-70-cm-gaz\/\" \/>\n<meta property=\"og:site_name\" content=\"Gastora\" \/>\n<meta property=\"article:modified_time\" content=\"2026-04-28T16:55:51+00:00\" \/>\n<meta name=\"twitter:card\" content=\"summary_large_image\" \/>\n<meta name=\"twitter:label1\" content=\"Est. reading time\" \/>\n\t<meta name=\"twitter:data1\" content=\"2 minutes\" \/>\n<script type=\"application\/ld+json\" class=\"yoast-schema-graph\">{\"@context\":\"https:\\\/\\\/schema.org\",\"@graph\":[{\"@type\":\"WebPage\",\"@id\":\"https:\\\/\\\/gastora.eu\\\/product\\\/heavy-duty-bain-marie-unit-double-profondeur-70-cm-gaz\\\/\",\"url\":\"https:\\\/\\\/gastora.eu\\\/product\\\/heavy-duty-bain-marie-unit-double-profondeur-70-cm-gaz\\\/\",\"name\":\"Heavy Duty bain marie - unit\u00e9 double - profondeur 70 cm - gaz - Gastora\",\"isPartOf\":{\"@id\":\"https:\\\/\\\/gastora.eu\\\/#website\"},\"primaryImageOfPage\":{\"@id\":\"https:\\\/\\\/gastora.eu\\\/product\\\/heavy-duty-bain-marie-unit-double-profondeur-70-cm-gaz\\\/#primaryimage\"},\"image\":{\"@id\":\"https:\\\/\\\/gastora.eu\\\/product\\\/heavy-duty-bain-marie-unit-double-profondeur-70-cm-gaz\\\/#primaryimage\"},\"thumbnailUrl\":\"https:\\\/\\\/gastora.eu\\\/wp-content\\\/uploads\\\/2026\\\/04\\\/maxima-gas-bain-marie-800.jpg\",\"datePublished\":\"2026-04-25T17:42:41+00:00\",\"dateModified\":\"2026-04-28T16:55:51+00:00\",\"description\":\"Achetez Heavy Duty bain marie - unit\u00e9 double - profondeur 70 cm - gaz au meilleur prix, fiable et performant avec une livraison rapide\",\"breadcrumb\":{\"@id\":\"https:\\\/\\\/gastora.eu\\\/product\\\/heavy-duty-bain-marie-unit-double-profondeur-70-cm-gaz\\\/#breadcrumb\"},\"inLanguage\":\"en-US\",\"potentialAction\":[{\"@type\":\"ReadAction\",\"target\":[\"https:\\\/\\\/gastora.eu\\\/product\\\/heavy-duty-bain-marie-unit-double-profondeur-70-cm-gaz\\\/\"]}]},{\"@type\":\"ImageObject\",\"inLanguage\":\"en-US\",\"@id\":\"https:\\\/\\\/gastora.eu\\\/product\\\/heavy-duty-bain-marie-unit-double-profondeur-70-cm-gaz\\\/#primaryimage\",\"url\":\"https:\\\/\\\/gastora.eu\\\/wp-content\\\/uploads\\\/2026\\\/04\\\/maxima-gas-bain-marie-800.jpg\",\"contentUrl\":\"https:\\\/\\\/gastora.eu\\\/wp-content\\\/uploads\\\/2026\\\/04\\\/maxima-gas-bain-marie-800.jpg\",\"width\":1024,\"height\":853},{\"@type\":\"BreadcrumbList\",\"@id\":\"https:\\\/\\\/gastora.eu\\\/product\\\/heavy-duty-bain-marie-unit-double-profondeur-70-cm-gaz\\\/#breadcrumb\",\"itemListElement\":[{\"@type\":\"ListItem\",\"position\":1,\"name\":\"Home\",\"item\":\"https:\\\/\\\/gastora.eu\\\/\"},{\"@type\":\"ListItem\",\"position\":2,\"name\":\"Shop\",\"item\":\"https:\\\/\\\/gastora.eu\\\/shop\\\/\"},{\"@type\":\"ListItem\",\"position\":3,\"name\":\"Heavy Duty bain marie &#8211; unit\u00e9 double &#8211; profondeur 70 cm &#8211; gaz\"}]},{\"@type\":\"WebSite\",\"@id\":\"https:\\\/\\\/gastora.eu\\\/#website\",\"url\":\"https:\\\/\\\/gastora.eu\\\/\",\"name\":\"Gastora\",\"description\":\"\u00c9quipements professionnels CHR\",\"publisher\":{\"@id\":\"https:\\\/\\\/gastora.eu\\\/#organization\"},\"potentialAction\":[{\"@type\":\"SearchAction\",\"target\":{\"@type\":\"EntryPoint\",\"urlTemplate\":\"https:\\\/\\\/gastora.eu\\\/?s={search_term_string}\"},\"query-input\":{\"@type\":\"PropertyValueSpecification\",\"valueRequired\":true,\"valueName\":\"search_term_string\"}}],\"inLanguage\":\"en-US\"},{\"@type\":\"Organization\",\"@id\":\"https:\\\/\\\/gastora.eu\\\/#organization\",\"name\":\"Gastora\",\"url\":\"https:\\\/\\\/gastora.eu\\\/\",\"logo\":{\"@type\":\"ImageObject\",\"inLanguage\":\"en-US\",\"@id\":\"https:\\\/\\\/gastora.eu\\\/#\\\/schema\\\/logo\\\/image\\\/\",\"url\":\"https:\\\/\\\/gastora.eu\\\/wp-content\\\/uploads\\\/2025\\\/12\\\/ChatGPT-Image-2-janv.-2026-22_52_47-1.png\",\"contentUrl\":\"https:\\\/\\\/gastora.eu\\\/wp-content\\\/uploads\\\/2025\\\/12\\\/ChatGPT-Image-2-janv.-2026-22_52_47-1.png\",\"width\":1536,\"height\":320,\"caption\":\"Gastora\"},\"image\":{\"@id\":\"https:\\\/\\\/gastora.eu\\\/#\\\/schema\\\/logo\\\/image\\\/\"}}]}<\/script>\n<!-- \/ Yoast SEO plugin. -->","yoast_head_json":{"title":"Heavy Duty bain marie - unit\u00e9 double - profondeur 70 cm - gaz - Gastora","description":"Achetez Heavy Duty bain marie - unit\u00e9 double - profondeur 70 cm - gaz au meilleur prix, fiable et performant avec une livraison rapide","robots":{"index":"index","follow":"follow","max-snippet":"max-snippet:-1","max-image-preview":"max-image-preview:large","max-video-preview":"max-video-preview:-1"},"canonical":"https:\/\/gastora.eu\/en\/product\/heavy-duty-bain-marie-unit-double-profondeur-70-cm-gaz\/","og_locale":"en_US","og_type":"article","og_title":"Heavy Duty bain marie - unit\u00e9 double - profondeur 70 cm - gaz - Gastora","og_description":"Achetez Heavy Duty bain marie - unit\u00e9 double - profondeur 70 cm - gaz au meilleur prix, fiable et performant avec une livraison rapide","og_url":"https:\/\/gastora.eu\/en\/product\/heavy-duty-bain-marie-unit-double-profondeur-70-cm-gaz\/","og_site_name":"Gastora","article_modified_time":"2026-04-28T16:55:51+00:00","twitter_card":"summary_large_image","twitter_misc":{"Est. reading time":"2 minutes"},"schema":{"@context":"https:\/\/schema.org","@graph":[{"@type":"WebPage","@id":"https:\/\/gastora.eu\/product\/heavy-duty-bain-marie-unit-double-profondeur-70-cm-gaz\/","url":"https:\/\/gastora.eu\/product\/heavy-duty-bain-marie-unit-double-profondeur-70-cm-gaz\/","name":"Heavy Duty bain marie - unit\u00e9 double - profondeur 70 cm - gaz - Gastora","isPartOf":{"@id":"https:\/\/gastora.eu\/#website"},"primaryImageOfPage":{"@id":"https:\/\/gastora.eu\/product\/heavy-duty-bain-marie-unit-double-profondeur-70-cm-gaz\/#primaryimage"},"image":{"@id":"https:\/\/gastora.eu\/product\/heavy-duty-bain-marie-unit-double-profondeur-70-cm-gaz\/#primaryimage"},"thumbnailUrl":"https:\/\/gastora.eu\/wp-content\/uploads\/2026\/04\/maxima-gas-bain-marie-800.jpg","datePublished":"2026-04-25T17:42:41+00:00","dateModified":"2026-04-28T16:55:51+00:00","description":"Achetez Heavy Duty bain marie - unit\u00e9 double - profondeur 70 cm - gaz au meilleur prix, fiable et performant avec une livraison rapide","breadcrumb":{"@id":"https:\/\/gastora.eu\/product\/heavy-duty-bain-marie-unit-double-profondeur-70-cm-gaz\/#breadcrumb"},"inLanguage":"en-US","potentialAction":[{"@type":"ReadAction","target":["https:\/\/gastora.eu\/product\/heavy-duty-bain-marie-unit-double-profondeur-70-cm-gaz\/"]}]},{"@type":"ImageObject","inLanguage":"en-US","@id":"https:\/\/gastora.eu\/product\/heavy-duty-bain-marie-unit-double-profondeur-70-cm-gaz\/#primaryimage","url":"https:\/\/gastora.eu\/wp-content\/uploads\/2026\/04\/maxima-gas-bain-marie-800.jpg","contentUrl":"https:\/\/gastora.eu\/wp-content\/uploads\/2026\/04\/maxima-gas-bain-marie-800.jpg","width":1024,"height":853},{"@type":"BreadcrumbList","@id":"https:\/\/gastora.eu\/product\/heavy-duty-bain-marie-unit-double-profondeur-70-cm-gaz\/#breadcrumb","itemListElement":[{"@type":"ListItem","position":1,"name":"Home","item":"https:\/\/gastora.eu\/"},{"@type":"ListItem","position":2,"name":"Shop","item":"https:\/\/gastora.eu\/shop\/"},{"@type":"ListItem","position":3,"name":"Heavy Duty bain marie &#8211; unit\u00e9 double &#8211; profondeur 70 cm &#8211; gaz"}]},{"@type":"WebSite","@id":"https:\/\/gastora.eu\/#website","url":"https:\/\/gastora.eu\/","name":"Gastora","description":"\u00c9quipements professionnels CHR","publisher":{"@id":"https:\/\/gastora.eu\/#organization"},"potentialAction":[{"@type":"SearchAction","target":{"@type":"EntryPoint","urlTemplate":"https:\/\/gastora.eu\/?s={search_term_string}"},"query-input":{"@type":"PropertyValueSpecification","valueRequired":true,"valueName":"search_term_string"}}],"inLanguage":"en-US"},{"@type":"Organization","@id":"https:\/\/gastora.eu\/#organization","name":"Gastora","url":"https:\/\/gastora.eu\/","logo":{"@type":"ImageObject","inLanguage":"en-US","@id":"https:\/\/gastora.eu\/#\/schema\/logo\/image\/","url":"https:\/\/gastora.eu\/wp-content\/uploads\/2025\/12\/ChatGPT-Image-2-janv.-2026-22_52_47-1.png","contentUrl":"https:\/\/gastora.eu\/wp-content\/uploads\/2025\/12\/ChatGPT-Image-2-janv.-2026-22_52_47-1.png","width":1536,"height":320,"caption":"Gastora"},"image":{"@id":"https:\/\/gastora.eu\/#\/schema\/logo\/image\/"}}]}},"jetpack_sharing_enabled":true,"_links":{"self":[{"href":"https:\/\/gastora.eu\/en\/wp-json\/wp\/v2\/product\/14070","targetHints":{"allow":["GET"]}}],"collection":[{"href":"https:\/\/gastora.eu\/en\/wp-json\/wp\/v2\/product"}],"about":[{"href":"https:\/\/gastora.eu\/en\/wp-json\/wp\/v2\/types\/product"}],"wp:featuredmedia":[{"embeddable":true,"href":"https:\/\/gastora.eu\/en\/wp-json\/wp\/v2\/media\/6889"}],"wp:attachment":[{"href":"https:\/\/gastora.eu\/en\/wp-json\/wp\/v2\/media?parent=14070"}],"wp:term":[{"taxonomy":"product_brand","embeddable":true,"href":"https:\/\/gastora.eu\/en\/wp-json\/wp\/v2\/product_brand?post=14070"},{"taxonomy":"product_cat","embeddable":true,"href":"https:\/\/gastora.eu\/en\/wp-json\/wp\/v2\/product_cat?post=14070"},{"taxonomy":"product_tag","embeddable":true,"href":"https:\/\/gastora.eu\/en\/wp-json\/wp\/v2\/product_tag?post=14070"}],"curies":[{"name":"wp","href":"https:\/\/api.w.org\/{rel}","templated":true}]}}