{"id":14068,"date":"2026-04-25T17:42:39","date_gmt":"2026-04-25T17:42:39","guid":{"rendered":"https:\/\/gastora.eu\/?post_type=product&#038;p=14068"},"modified":"2026-04-28T16:55:50","modified_gmt":"2026-04-28T16:55:50","slug":"heavy-duty-rchaud-frites-unit-simple-profondeur-70-cm-lectrique","status":"publish","type":"product","link":"https:\/\/gastora.eu\/en\/product\/heavy-duty-rchaud-frites-unit-simple-profondeur-70-cm-lectrique\/","title":{"rendered":"Heavy Duty r\u00e9chaud \u00e0 frites &#8211; unit\u00e9 simple &#8211; profondeur 70 cm &#8211; \u00e9lectrique"},"content":{"rendered":"<p>Dans les restaurants, caf\u00e9s et autres \u00e9tablissements de restauration o\u00f9 l&#8217;on pr\u00e9pare des frites, une unit\u00e9 chauffante est indispensable. Si vous souhaitez conserver des frites fra\u00eechement pr\u00e9par\u00e9es chaudes et croustillantes en grandes quantit\u00e9s, vous pouvez les stocker dans cette unit\u00e9 chauffante pratique. Ainsi, les autres plats peuvent \u00eatre pr\u00e9par\u00e9s et les frites restent \u00e0 la bonne temp\u00e9rature. Cette unit\u00e9 chauffante peut \u00eatre utilis\u00e9e en combinaison avec une friteuse pour r\u00e9cup\u00e9rer l&#8217;exc\u00e8s d&#8217;huile dans la cuve.<\/p>\n<h3>Les frites restent fra\u00eeches plus longtempsLe<\/h3>\n<p>bac de r\u00e9cup\u00e9ration des graisses situ\u00e9 sous cette friteuse est en acier inoxydable et a des coins arrondis, ce qui le rend facile \u00e0 nettoyer. \u00c0 l&#8217;arri\u00e8re de la friteuse se trouve un \u00e9l\u00e9ment chauffant infrarouge qui augmente la dur\u00e9e de conservation des frites fra\u00eechement pr\u00e9par\u00e9es. Pour r\u00e9cup\u00e9rer plus facilement les frites de l&#8217;unit\u00e9 chauffante, celle-ci est \u00e9quip\u00e9e d&#8217;un faux fond perfor\u00e9 de forme sp\u00e9ciale. <\/p>\n<h3>\u00c9quip\u00e9 de pieds r\u00e9glablesLe<\/h3>\n<p>dessus de ce chauffe-frites professionnel est soud\u00e9 sans joints. La partie sup\u00e9rieure et le bo\u00eetier sont en acier inoxydable. Ensemble, ces \u00e9l\u00e9ments garantissent un nettoyage rapide et facile de cet appareil de cuisine. Pour nettoyer les surfaces lisses, utilisez un chiffon humide, de l&#8217;eau chaude et un d\u00e9tergent doux. Gr\u00e2ce aux pieds r\u00e9glables, vous pouvez placer l&#8217;unit\u00e9 chauffante dans une position stable.<\/p>\n<ul>\n<li>Bo\u00eetier et dessus enti\u00e8rement en acier inoxydable<\/li>\n<li>Bac \u00e0 graisse en acier inoxydable embouti avec coins arrondis<\/li>\n<li>Recommand\u00e9 pour une utilisation avec une friteuse afin de recueillir l&#8217;exc\u00e9dent d&#8217;huile dans le r\u00e9cipient<\/li>\n<li>Dur\u00e9e de conservation accrue gr\u00e2ce \u00e0 l&#8217;\u00e9l\u00e9ment chauffant infrarouge situ\u00e9 \u00e0 l&#8217;arri\u00e8re<\/li>\n<li>Faux fond perfor\u00e9 pour faciliter le ramassage des frites<\/li>\n<li>Dessus soud\u00e9 sans joints<\/li>\n<li>Composants lourds<\/li>\n<li>Construction tr\u00e8s durable<\/li>\n<li>Conception hygi\u00e9nique<\/li>\n<li>Facile \u00e0 nettoyer<\/li>\n<li>Conception ergonomique<\/li>\n<\/ul>\n<ul>\n<li>Capacit\u00e9 frites : 1,5 kg<\/li>\n<li>Poids net : 15 kg<\/li>\n<li>Dimensions : L400 x P700 x H280 mm L400 x D700 x H280 mm<\/li>\n<li>230V \/ 50Hz \/ 1Phase 1000 Watt<\/li>\n<\/ul>\n<p><strong>Ce produit est fourni sans fiche<\/strong><\/p>\n<ul>\n<li>Poids net : 15 kg<\/li>\n<li>Capacit\u00e9 des frites : 1,5kg<\/li>\n<li>Dimensions de l&#8217;appareil : B40 x D70 x H28cm<\/li>\n<li>230V \/ 50Hz \/ 1Phase 1000W<br \/>","protected":false},"excerpt":{"rendered":"<p>Ce chauffe-frites \u00e9lectrique est id\u00e9al pour maintenir au chaud les frites fra\u00eechement pr\u00e9par\u00e9es. Il est id\u00e9al pour garder vos frites fra\u00eeches chaudes et croustillantes, pr\u00eates \u00e0 \u00eatre servies. Il est fabriqu\u00e9 en acier inoxydable et a des coins arrondis, ce qui le rend facile \u00e0 nettoyer. Ce chauffe-frites est id\u00e9al pour une utilisation quotidienne et s&#8217;adapte \u00e0 une ligne de cuisson de 700 mm de profondeur.<\/p>","protected":false},"featured_media":6885,"template":"","meta":{"_acf_changed":false},"product_brand":[],"product_cat":[495],"product_tag":[],"class_list":{"0":"post-14068","1":"product","2":"type-product","3":"status-publish","4":"has-post-thumbnail","6":"product_cat-plaques-pianos-de-cuisson-2","8":"first","9":"instock","10":"sale","11":"taxable","12":"shipping-taxable","13":"purchasable","14":"product-type-simple"},"acf":[],"yoast_head":"<!-- This site is optimized with the Yoast SEO plugin v27.6 - https:\/\/yoast.com\/product\/yoast-seo-wordpress\/ -->\n<title>Heavy Duty r\u00e9chaud \u00e0 frites - unit\u00e9 simple - profondeur 70 cm - \u00e9lectrique - Gastora<\/title>\n<meta name=\"description\" content=\"Achetez Heavy Duty r\u00e9chaud \u00e0 frites - unit\u00e9 simple - profondeur 70 cm - \u00e9lectrique au meilleur prix, fiable et performant avec une livraison rapide\" \/>\n<meta name=\"robots\" content=\"index, follow, max-snippet:-1, max-image-preview:large, max-video-preview:-1\" \/>\n<link rel=\"canonical\" href=\"https:\/\/gastora.eu\/en\/product\/heavy-duty-rchaud-frites-unit-simple-profondeur-70-cm-lectrique\/\" \/>\n<meta property=\"og:locale\" content=\"en_US\" \/>\n<meta property=\"og:type\" content=\"article\" \/>\n<meta property=\"og:title\" content=\"Heavy Duty r\u00e9chaud \u00e0 frites - unit\u00e9 simple - profondeur 70 cm - \u00e9lectrique - Gastora\" \/>\n<meta property=\"og:description\" content=\"Achetez Heavy Duty r\u00e9chaud \u00e0 frites - unit\u00e9 simple - profondeur 70 cm - \u00e9lectrique au meilleur prix, fiable et performant avec une livraison rapide\" \/>\n<meta property=\"og:url\" content=\"https:\/\/gastora.eu\/en\/product\/heavy-duty-rchaud-frites-unit-simple-profondeur-70-cm-lectrique\/\" \/>\n<meta property=\"og:site_name\" content=\"Gastora\" \/>\n<meta property=\"article:modified_time\" content=\"2026-04-28T16:55:50+00:00\" \/>\n<meta name=\"twitter:card\" content=\"summary_large_image\" \/>\n<meta name=\"twitter:label1\" content=\"Est. reading time\" \/>\n\t<meta name=\"twitter:data1\" content=\"2 minutes\" \/>\n<script type=\"application\/ld+json\" class=\"yoast-schema-graph\">{\"@context\":\"https:\\\/\\\/schema.org\",\"@graph\":[{\"@type\":\"WebPage\",\"@id\":\"https:\\\/\\\/gastora.eu\\\/product\\\/heavy-duty-rchaud-frites-unit-simple-profondeur-70-cm-lectrique\\\/\",\"url\":\"https:\\\/\\\/gastora.eu\\\/product\\\/heavy-duty-rchaud-frites-unit-simple-profondeur-70-cm-lectrique\\\/\",\"name\":\"Heavy Duty r\u00e9chaud \u00e0 frites - unit\u00e9 simple - profondeur 70 cm - \u00e9lectrique - Gastora\",\"isPartOf\":{\"@id\":\"https:\\\/\\\/gastora.eu\\\/#website\"},\"primaryImageOfPage\":{\"@id\":\"https:\\\/\\\/gastora.eu\\\/product\\\/heavy-duty-rchaud-frites-unit-simple-profondeur-70-cm-lectrique\\\/#primaryimage\"},\"image\":{\"@id\":\"https:\\\/\\\/gastora.eu\\\/product\\\/heavy-duty-rchaud-frites-unit-simple-profondeur-70-cm-lectrique\\\/#primaryimage\"},\"thumbnailUrl\":\"https:\\\/\\\/gastora.eu\\\/wp-content\\\/uploads\\\/2026\\\/04\\\/maxima-electric-chip-scuttle.jpg\",\"datePublished\":\"2026-04-25T17:42:39+00:00\",\"dateModified\":\"2026-04-28T16:55:50+00:00\",\"description\":\"Achetez Heavy Duty r\u00e9chaud \u00e0 frites - unit\u00e9 simple - profondeur 70 cm - \u00e9lectrique au meilleur prix, fiable et performant avec une livraison rapide\",\"breadcrumb\":{\"@id\":\"https:\\\/\\\/gastora.eu\\\/product\\\/heavy-duty-rchaud-frites-unit-simple-profondeur-70-cm-lectrique\\\/#breadcrumb\"},\"inLanguage\":\"en-US\",\"potentialAction\":[{\"@type\":\"ReadAction\",\"target\":[\"https:\\\/\\\/gastora.eu\\\/product\\\/heavy-duty-rchaud-frites-unit-simple-profondeur-70-cm-lectrique\\\/\"]}]},{\"@type\":\"ImageObject\",\"inLanguage\":\"en-US\",\"@id\":\"https:\\\/\\\/gastora.eu\\\/product\\\/heavy-duty-rchaud-frites-unit-simple-profondeur-70-cm-lectrique\\\/#primaryimage\",\"url\":\"https:\\\/\\\/gastora.eu\\\/wp-content\\\/uploads\\\/2026\\\/04\\\/maxima-electric-chip-scuttle.jpg\",\"contentUrl\":\"https:\\\/\\\/gastora.eu\\\/wp-content\\\/uploads\\\/2026\\\/04\\\/maxima-electric-chip-scuttle.jpg\",\"width\":1024,\"height\":1024},{\"@type\":\"BreadcrumbList\",\"@id\":\"https:\\\/\\\/gastora.eu\\\/product\\\/heavy-duty-rchaud-frites-unit-simple-profondeur-70-cm-lectrique\\\/#breadcrumb\",\"itemListElement\":[{\"@type\":\"ListItem\",\"position\":1,\"name\":\"Home\",\"item\":\"https:\\\/\\\/gastora.eu\\\/\"},{\"@type\":\"ListItem\",\"position\":2,\"name\":\"Shop\",\"item\":\"https:\\\/\\\/gastora.eu\\\/shop\\\/\"},{\"@type\":\"ListItem\",\"position\":3,\"name\":\"Heavy Duty r\u00e9chaud \u00e0 frites &#8211; unit\u00e9 simple &#8211; profondeur 70 cm &#8211; \u00e9lectrique\"}]},{\"@type\":\"WebSite\",\"@id\":\"https:\\\/\\\/gastora.eu\\\/#website\",\"url\":\"https:\\\/\\\/gastora.eu\\\/\",\"name\":\"Gastora\",\"description\":\"\u00c9quipements professionnels CHR\",\"publisher\":{\"@id\":\"https:\\\/\\\/gastora.eu\\\/#organization\"},\"potentialAction\":[{\"@type\":\"SearchAction\",\"target\":{\"@type\":\"EntryPoint\",\"urlTemplate\":\"https:\\\/\\\/gastora.eu\\\/?s={search_term_string}\"},\"query-input\":{\"@type\":\"PropertyValueSpecification\",\"valueRequired\":true,\"valueName\":\"search_term_string\"}}],\"inLanguage\":\"en-US\"},{\"@type\":\"Organization\",\"@id\":\"https:\\\/\\\/gastora.eu\\\/#organization\",\"name\":\"Gastora\",\"url\":\"https:\\\/\\\/gastora.eu\\\/\",\"logo\":{\"@type\":\"ImageObject\",\"inLanguage\":\"en-US\",\"@id\":\"https:\\\/\\\/gastora.eu\\\/#\\\/schema\\\/logo\\\/image\\\/\",\"url\":\"https:\\\/\\\/gastora.eu\\\/wp-content\\\/uploads\\\/2025\\\/12\\\/ChatGPT-Image-2-janv.-2026-22_52_47-1.png\",\"contentUrl\":\"https:\\\/\\\/gastora.eu\\\/wp-content\\\/uploads\\\/2025\\\/12\\\/ChatGPT-Image-2-janv.-2026-22_52_47-1.png\",\"width\":1536,\"height\":320,\"caption\":\"Gastora\"},\"image\":{\"@id\":\"https:\\\/\\\/gastora.eu\\\/#\\\/schema\\\/logo\\\/image\\\/\"}}]}<\/script>\n<!-- \/ Yoast SEO plugin. -->","yoast_head_json":{"title":"Heavy Duty r\u00e9chaud \u00e0 frites - unit\u00e9 simple - profondeur 70 cm - \u00e9lectrique - Gastora","description":"Achetez Heavy Duty r\u00e9chaud \u00e0 frites - unit\u00e9 simple - profondeur 70 cm - \u00e9lectrique au meilleur prix, fiable et performant avec une livraison rapide","robots":{"index":"index","follow":"follow","max-snippet":"max-snippet:-1","max-image-preview":"max-image-preview:large","max-video-preview":"max-video-preview:-1"},"canonical":"https:\/\/gastora.eu\/en\/product\/heavy-duty-rchaud-frites-unit-simple-profondeur-70-cm-lectrique\/","og_locale":"en_US","og_type":"article","og_title":"Heavy Duty r\u00e9chaud \u00e0 frites - unit\u00e9 simple - profondeur 70 cm - \u00e9lectrique - Gastora","og_description":"Achetez Heavy Duty r\u00e9chaud \u00e0 frites - unit\u00e9 simple - profondeur 70 cm - \u00e9lectrique au meilleur prix, fiable et performant avec une livraison rapide","og_url":"https:\/\/gastora.eu\/en\/product\/heavy-duty-rchaud-frites-unit-simple-profondeur-70-cm-lectrique\/","og_site_name":"Gastora","article_modified_time":"2026-04-28T16:55:50+00:00","twitter_card":"summary_large_image","twitter_misc":{"Est. reading time":"2 minutes"},"schema":{"@context":"https:\/\/schema.org","@graph":[{"@type":"WebPage","@id":"https:\/\/gastora.eu\/product\/heavy-duty-rchaud-frites-unit-simple-profondeur-70-cm-lectrique\/","url":"https:\/\/gastora.eu\/product\/heavy-duty-rchaud-frites-unit-simple-profondeur-70-cm-lectrique\/","name":"Heavy Duty r\u00e9chaud \u00e0 frites - unit\u00e9 simple - profondeur 70 cm - \u00e9lectrique - Gastora","isPartOf":{"@id":"https:\/\/gastora.eu\/#website"},"primaryImageOfPage":{"@id":"https:\/\/gastora.eu\/product\/heavy-duty-rchaud-frites-unit-simple-profondeur-70-cm-lectrique\/#primaryimage"},"image":{"@id":"https:\/\/gastora.eu\/product\/heavy-duty-rchaud-frites-unit-simple-profondeur-70-cm-lectrique\/#primaryimage"},"thumbnailUrl":"https:\/\/gastora.eu\/wp-content\/uploads\/2026\/04\/maxima-electric-chip-scuttle.jpg","datePublished":"2026-04-25T17:42:39+00:00","dateModified":"2026-04-28T16:55:50+00:00","description":"Achetez Heavy Duty r\u00e9chaud \u00e0 frites - unit\u00e9 simple - profondeur 70 cm - \u00e9lectrique au meilleur prix, fiable et performant avec une livraison rapide","breadcrumb":{"@id":"https:\/\/gastora.eu\/product\/heavy-duty-rchaud-frites-unit-simple-profondeur-70-cm-lectrique\/#breadcrumb"},"inLanguage":"en-US","potentialAction":[{"@type":"ReadAction","target":["https:\/\/gastora.eu\/product\/heavy-duty-rchaud-frites-unit-simple-profondeur-70-cm-lectrique\/"]}]},{"@type":"ImageObject","inLanguage":"en-US","@id":"https:\/\/gastora.eu\/product\/heavy-duty-rchaud-frites-unit-simple-profondeur-70-cm-lectrique\/#primaryimage","url":"https:\/\/gastora.eu\/wp-content\/uploads\/2026\/04\/maxima-electric-chip-scuttle.jpg","contentUrl":"https:\/\/gastora.eu\/wp-content\/uploads\/2026\/04\/maxima-electric-chip-scuttle.jpg","width":1024,"height":1024},{"@type":"BreadcrumbList","@id":"https:\/\/gastora.eu\/product\/heavy-duty-rchaud-frites-unit-simple-profondeur-70-cm-lectrique\/#breadcrumb","itemListElement":[{"@type":"ListItem","position":1,"name":"Home","item":"https:\/\/gastora.eu\/"},{"@type":"ListItem","position":2,"name":"Shop","item":"https:\/\/gastora.eu\/shop\/"},{"@type":"ListItem","position":3,"name":"Heavy Duty r\u00e9chaud \u00e0 frites &#8211; unit\u00e9 simple &#8211; profondeur 70 cm &#8211; \u00e9lectrique"}]},{"@type":"WebSite","@id":"https:\/\/gastora.eu\/#website","url":"https:\/\/gastora.eu\/","name":"Gastora","description":"\u00c9quipements professionnels CHR","publisher":{"@id":"https:\/\/gastora.eu\/#organization"},"potentialAction":[{"@type":"SearchAction","target":{"@type":"EntryPoint","urlTemplate":"https:\/\/gastora.eu\/?s={search_term_string}"},"query-input":{"@type":"PropertyValueSpecification","valueRequired":true,"valueName":"search_term_string"}}],"inLanguage":"en-US"},{"@type":"Organization","@id":"https:\/\/gastora.eu\/#organization","name":"Gastora","url":"https:\/\/gastora.eu\/","logo":{"@type":"ImageObject","inLanguage":"en-US","@id":"https:\/\/gastora.eu\/#\/schema\/logo\/image\/","url":"https:\/\/gastora.eu\/wp-content\/uploads\/2025\/12\/ChatGPT-Image-2-janv.-2026-22_52_47-1.png","contentUrl":"https:\/\/gastora.eu\/wp-content\/uploads\/2025\/12\/ChatGPT-Image-2-janv.-2026-22_52_47-1.png","width":1536,"height":320,"caption":"Gastora"},"image":{"@id":"https:\/\/gastora.eu\/#\/schema\/logo\/image\/"}}]}},"jetpack_sharing_enabled":true,"_links":{"self":[{"href":"https:\/\/gastora.eu\/en\/wp-json\/wp\/v2\/product\/14068","targetHints":{"allow":["GET"]}}],"collection":[{"href":"https:\/\/gastora.eu\/en\/wp-json\/wp\/v2\/product"}],"about":[{"href":"https:\/\/gastora.eu\/en\/wp-json\/wp\/v2\/types\/product"}],"wp:featuredmedia":[{"embeddable":true,"href":"https:\/\/gastora.eu\/en\/wp-json\/wp\/v2\/media\/6885"}],"wp:attachment":[{"href":"https:\/\/gastora.eu\/en\/wp-json\/wp\/v2\/media?parent=14068"}],"wp:term":[{"taxonomy":"product_brand","embeddable":true,"href":"https:\/\/gastora.eu\/en\/wp-json\/wp\/v2\/product_brand?post=14068"},{"taxonomy":"product_cat","embeddable":true,"href":"https:\/\/gastora.eu\/en\/wp-json\/wp\/v2\/product_cat?post=14068"},{"taxonomy":"product_tag","embeddable":true,"href":"https:\/\/gastora.eu\/en\/wp-json\/wp\/v2\/product_tag?post=14068"}],"curies":[{"name":"wp","href":"https:\/\/api.w.org\/{rel}","templated":true}]}}