{"id":14067,"date":"2026-04-25T17:42:36","date_gmt":"2026-04-25T17:42:36","guid":{"rendered":"https:\/\/gastora.eu\/?post_type=product&#038;p=14067"},"modified":"2026-04-28T16:55:50","modified_gmt":"2026-04-28T16:55:50","slug":"heavy-duty-cuiseur-de-ptes-1-x-20-l-unit-simple-profondeur-70-cm-lectrique","status":"publish","type":"product","link":"https:\/\/gastora.eu\/en\/product\/heavy-duty-cuiseur-de-ptes-1-x-20-l-unit-simple-profondeur-70-cm-lectrique\/","title":{"rendered":"Heavy Duty cuiseur de p\u00e2tes &#8211; 1 x 20 L &#8211; unit\u00e9 simple &#8211; profondeur 70 cm &#8211; \u00e9lectrique"},"content":{"rendered":"<p>Avec ce cuiseur de p\u00e2tes robuste, vous pouvez servir un repas de p\u00e2tes complet en quelques minutes. Avec une capacit\u00e9 de 20 litres et trois paniers en acier inoxydable, vous pouvez pr\u00e9parer plusieurs types de p\u00e2tes en m\u00eame temps. Outre les p\u00e2tes, vous pouvez \u00e9galement cuire des pommes de terre, du riz et des l\u00e9gumes dans le cuiseur \u00e0 p\u00e2tes. Les paniers \u00e0 p\u00e2tes ont une perforation fine et sont tr\u00e8s robustes. La construction tr\u00e8s durable et les composants robustes garantissent que ce cuiseur de p\u00e2tes durera des ann\u00e9es.<\/p>\n<h3>A placer dans une ligne de cuisson<\/h3>\n<p>Le bac \u00e0 eau en acier inoxydable a des coins arrondis et le dessus du cuiseur \u00e0 p\u00e2tes est soud\u00e9 sans joints. La cuve peut \u00eatre remplie par l&#8217;arriv\u00e9e d&#8217;eau froide gr\u00e2ce \u00e0 une \u00e9lectrovanne. Pour remplacer l&#8217;eau de cuisson, il suffit d&#8217;utiliser le bouton rotatif manuel qui permet de pr\u00e9lever l&#8217;eau facilement et rapidement. Gr\u00e2ce au thermostat de s\u00e9curit\u00e9, vous pouvez r\u00e9gler la temp\u00e9rature entre 30\u00b0 et 110\u00b0C. Le cuiseur de p\u00e2tes professionnel peut \u00eatre plac\u00e9 sur une table ou un \u00e9tabli. L&#8217;appareil peut \u00e9galement \u00eatre install\u00e9 dans une ligne de cuisson.<\/p>\n<h3>Fonctionne sur courant triphas\u00e9<\/h3>\n<p>Le bo\u00eetier et la partie sup\u00e9rieure de ce cuiseur \u00e0 p\u00e2tes robuste sont enti\u00e8rement fabriqu\u00e9s en acier inoxydable. Les paniers sont \u00e9galement en acier inoxydable, de sorte que toutes les pi\u00e8ces sont faciles \u00e0 nettoyer. Utilisez un chiffon humide, de l&#8217;eau chaude et un d\u00e9tergent doux. Gr\u00e2ce \u00e0 ses pieds r\u00e9glables, le cuiseur de p\u00e2tes est stable et peut \u00eatre plac\u00e9 n&#8217;importe o\u00f9 dans la cuisine. Le cuiseur de p\u00e2tes fonctionne sur un courant triphas\u00e9.<\/p>\n<p><strong>Caract\u00e9ristiques<\/strong><\/p>\n<ul>\n<li>Panier \u00e0 p\u00e2tes robuste en acier inoxydable avec perforation fine<\/li>\n<li>Alimentation en eau froide par \u00e9lectrovanne<\/li>\n<li>Vidange facile et rapide gr\u00e2ce \u00e0 un bouton manuel<\/li>\n<li>Thermostat de s\u00e9curit\u00e9 30 \u00b0 &#8211; 110 \u00b0<\/li>\n<li>Construction tr\u00e8s durable et conception hygi\u00e9nique<\/li>\n<\/ul>\n<p><strong>Caract\u00e9ristiques du produit<\/strong><\/p>\n<ul>\n<li>Poids net : 19 kg<\/li>\n<li>Dimensions du petit panier : B13 x D13 x H20cm<\/li>\n<li>Dimensions du grand panier : B28 x D9 x H20cm<\/li>\n<li>Dimensions du panier : B40 x D70 x H24cm<\/li>\n<li>400V \/ 50Hz \/ 3Phase 5500W<\/li>\n<\/ul>\n<p><strong>Remarque : ce produit est fourni sans fiche<\/strong><\/p>","protected":false},"excerpt":{"rendered":"<p>Ce cuiseur de p\u00e2tes Heavy Duty a une capacit\u00e9 de 20 litres et dispose de trois paniers en acier inoxydable pour pr\u00e9parer diff\u00e9rentes p\u00e2tes s\u00e9par\u00e9ment. Le bo\u00eetier en acier inoxydable et le robinet de vidange pour vider le r\u00e9cipient facilitent le nettoyage. Il est id\u00e9al pour \u00eatre plac\u00e9 dans une ligne de cuisson de 700 mm de profondeur et pour \u00eatre utilis\u00e9 dans les cuisines professionnelles.<\/p>","protected":false},"featured_media":6883,"template":"","meta":{"_acf_changed":false},"product_brand":[],"product_cat":[495],"product_tag":[],"class_list":{"0":"post-14067","1":"product","2":"type-product","3":"status-publish","4":"has-post-thumbnail","6":"product_cat-plaques-pianos-de-cuisson-2","8":"first","9":"instock","10":"sale","11":"taxable","12":"shipping-taxable","13":"purchasable","14":"product-type-simple"},"acf":[],"yoast_head":"<!-- This site is optimized with the Yoast SEO plugin v27.5 - https:\/\/yoast.com\/product\/yoast-seo-wordpress\/ -->\n<title>Heavy Duty cuiseur de p\u00e2tes - 1 x 20 L - unit\u00e9 simple - profondeur 70 cm - \u00e9lectrique - Gastora<\/title>\n<meta name=\"description\" content=\"Achetez Heavy Duty cuiseur de p\u00e2tes - 1 x 20 L - unit\u00e9 simple - profondeur 70 cm - \u00e9lectrique au meilleur prix, fiable et performant avec une livraison rapide\" \/>\n<meta name=\"robots\" content=\"index, follow, max-snippet:-1, max-image-preview:large, max-video-preview:-1\" \/>\n<link rel=\"canonical\" href=\"https:\/\/gastora.eu\/en\/product\/heavy-duty-cuiseur-de-ptes-1-x-20-l-unit-simple-profondeur-70-cm-lectrique\/\" \/>\n<meta property=\"og:locale\" content=\"en_US\" \/>\n<meta property=\"og:type\" content=\"article\" \/>\n<meta property=\"og:title\" content=\"Heavy Duty cuiseur de p\u00e2tes - 1 x 20 L - unit\u00e9 simple - profondeur 70 cm - \u00e9lectrique - Gastora\" \/>\n<meta property=\"og:description\" content=\"Achetez Heavy Duty cuiseur de p\u00e2tes - 1 x 20 L - unit\u00e9 simple - profondeur 70 cm - \u00e9lectrique au meilleur prix, fiable et performant avec une livraison rapide\" \/>\n<meta property=\"og:url\" content=\"https:\/\/gastora.eu\/en\/product\/heavy-duty-cuiseur-de-ptes-1-x-20-l-unit-simple-profondeur-70-cm-lectrique\/\" \/>\n<meta property=\"og:site_name\" content=\"Gastora\" \/>\n<meta property=\"article:modified_time\" content=\"2026-04-28T16:55:50+00:00\" \/>\n<meta name=\"twitter:card\" content=\"summary_large_image\" \/>\n<meta name=\"twitter:label1\" content=\"Est. reading time\" \/>\n\t<meta name=\"twitter:data1\" content=\"2 minutes\" \/>\n<script type=\"application\/ld+json\" class=\"yoast-schema-graph\">{\"@context\":\"https:\\\/\\\/schema.org\",\"@graph\":[{\"@type\":\"WebPage\",\"@id\":\"https:\\\/\\\/gastora.eu\\\/product\\\/heavy-duty-cuiseur-de-ptes-1-x-20-l-unit-simple-profondeur-70-cm-lectrique\\\/\",\"url\":\"https:\\\/\\\/gastora.eu\\\/product\\\/heavy-duty-cuiseur-de-ptes-1-x-20-l-unit-simple-profondeur-70-cm-lectrique\\\/\",\"name\":\"Heavy Duty cuiseur de p\u00e2tes - 1 x 20 L - unit\u00e9 simple - profondeur 70 cm - \u00e9lectrique - Gastora\",\"isPartOf\":{\"@id\":\"https:\\\/\\\/gastora.eu\\\/#website\"},\"primaryImageOfPage\":{\"@id\":\"https:\\\/\\\/gastora.eu\\\/product\\\/heavy-duty-cuiseur-de-ptes-1-x-20-l-unit-simple-profondeur-70-cm-lectrique\\\/#primaryimage\"},\"image\":{\"@id\":\"https:\\\/\\\/gastora.eu\\\/product\\\/heavy-duty-cuiseur-de-ptes-1-x-20-l-unit-simple-profondeur-70-cm-lectrique\\\/#primaryimage\"},\"thumbnailUrl\":\"https:\\\/\\\/gastora.eu\\\/wp-content\\\/uploads\\\/2026\\\/04\\\/maxima-electric-pasta-cooker.jpg\",\"datePublished\":\"2026-04-25T17:42:36+00:00\",\"dateModified\":\"2026-04-28T16:55:50+00:00\",\"description\":\"Achetez Heavy Duty cuiseur de p\u00e2tes - 1 x 20 L - unit\u00e9 simple - profondeur 70 cm - \u00e9lectrique au meilleur prix, fiable et performant avec une livraison rapide\",\"breadcrumb\":{\"@id\":\"https:\\\/\\\/gastora.eu\\\/product\\\/heavy-duty-cuiseur-de-ptes-1-x-20-l-unit-simple-profondeur-70-cm-lectrique\\\/#breadcrumb\"},\"inLanguage\":\"en-US\",\"potentialAction\":[{\"@type\":\"ReadAction\",\"target\":[\"https:\\\/\\\/gastora.eu\\\/product\\\/heavy-duty-cuiseur-de-ptes-1-x-20-l-unit-simple-profondeur-70-cm-lectrique\\\/\"]}]},{\"@type\":\"ImageObject\",\"inLanguage\":\"en-US\",\"@id\":\"https:\\\/\\\/gastora.eu\\\/product\\\/heavy-duty-cuiseur-de-ptes-1-x-20-l-unit-simple-profondeur-70-cm-lectrique\\\/#primaryimage\",\"url\":\"https:\\\/\\\/gastora.eu\\\/wp-content\\\/uploads\\\/2026\\\/04\\\/maxima-electric-pasta-cooker.jpg\",\"contentUrl\":\"https:\\\/\\\/gastora.eu\\\/wp-content\\\/uploads\\\/2026\\\/04\\\/maxima-electric-pasta-cooker.jpg\",\"width\":1024,\"height\":1024},{\"@type\":\"BreadcrumbList\",\"@id\":\"https:\\\/\\\/gastora.eu\\\/product\\\/heavy-duty-cuiseur-de-ptes-1-x-20-l-unit-simple-profondeur-70-cm-lectrique\\\/#breadcrumb\",\"itemListElement\":[{\"@type\":\"ListItem\",\"position\":1,\"name\":\"Home\",\"item\":\"https:\\\/\\\/gastora.eu\\\/\"},{\"@type\":\"ListItem\",\"position\":2,\"name\":\"Shop\",\"item\":\"https:\\\/\\\/gastora.eu\\\/shop\\\/\"},{\"@type\":\"ListItem\",\"position\":3,\"name\":\"Heavy Duty cuiseur de p\u00e2tes &#8211; 1 x 20 L &#8211; unit\u00e9 simple &#8211; profondeur 70 cm &#8211; \u00e9lectrique\"}]},{\"@type\":\"WebSite\",\"@id\":\"https:\\\/\\\/gastora.eu\\\/#website\",\"url\":\"https:\\\/\\\/gastora.eu\\\/\",\"name\":\"Gastora\",\"description\":\"\u00c9quipements professionnels CHR\",\"publisher\":{\"@id\":\"https:\\\/\\\/gastora.eu\\\/#organization\"},\"potentialAction\":[{\"@type\":\"SearchAction\",\"target\":{\"@type\":\"EntryPoint\",\"urlTemplate\":\"https:\\\/\\\/gastora.eu\\\/?s={search_term_string}\"},\"query-input\":{\"@type\":\"PropertyValueSpecification\",\"valueRequired\":true,\"valueName\":\"search_term_string\"}}],\"inLanguage\":\"en-US\"},{\"@type\":\"Organization\",\"@id\":\"https:\\\/\\\/gastora.eu\\\/#organization\",\"name\":\"Gastora\",\"url\":\"https:\\\/\\\/gastora.eu\\\/\",\"logo\":{\"@type\":\"ImageObject\",\"inLanguage\":\"en-US\",\"@id\":\"https:\\\/\\\/gastora.eu\\\/#\\\/schema\\\/logo\\\/image\\\/\",\"url\":\"https:\\\/\\\/gastora.eu\\\/wp-content\\\/uploads\\\/2025\\\/12\\\/ChatGPT-Image-2-janv.-2026-22_52_47-1.png\",\"contentUrl\":\"https:\\\/\\\/gastora.eu\\\/wp-content\\\/uploads\\\/2025\\\/12\\\/ChatGPT-Image-2-janv.-2026-22_52_47-1.png\",\"width\":1536,\"height\":320,\"caption\":\"Gastora\"},\"image\":{\"@id\":\"https:\\\/\\\/gastora.eu\\\/#\\\/schema\\\/logo\\\/image\\\/\"}}]}<\/script>\n<!-- \/ Yoast SEO plugin. -->","yoast_head_json":{"title":"Heavy Duty cuiseur de p\u00e2tes - 1 x 20 L - unit\u00e9 simple - profondeur 70 cm - \u00e9lectrique - Gastora","description":"Achetez Heavy Duty cuiseur de p\u00e2tes - 1 x 20 L - unit\u00e9 simple - profondeur 70 cm - \u00e9lectrique au meilleur prix, fiable et performant avec une livraison rapide","robots":{"index":"index","follow":"follow","max-snippet":"max-snippet:-1","max-image-preview":"max-image-preview:large","max-video-preview":"max-video-preview:-1"},"canonical":"https:\/\/gastora.eu\/en\/product\/heavy-duty-cuiseur-de-ptes-1-x-20-l-unit-simple-profondeur-70-cm-lectrique\/","og_locale":"en_US","og_type":"article","og_title":"Heavy Duty cuiseur de p\u00e2tes - 1 x 20 L - unit\u00e9 simple - profondeur 70 cm - \u00e9lectrique - Gastora","og_description":"Achetez Heavy Duty cuiseur de p\u00e2tes - 1 x 20 L - unit\u00e9 simple - profondeur 70 cm - \u00e9lectrique au meilleur prix, fiable et performant avec une livraison rapide","og_url":"https:\/\/gastora.eu\/en\/product\/heavy-duty-cuiseur-de-ptes-1-x-20-l-unit-simple-profondeur-70-cm-lectrique\/","og_site_name":"Gastora","article_modified_time":"2026-04-28T16:55:50+00:00","twitter_card":"summary_large_image","twitter_misc":{"Est. reading time":"2 minutes"},"schema":{"@context":"https:\/\/schema.org","@graph":[{"@type":"WebPage","@id":"https:\/\/gastora.eu\/product\/heavy-duty-cuiseur-de-ptes-1-x-20-l-unit-simple-profondeur-70-cm-lectrique\/","url":"https:\/\/gastora.eu\/product\/heavy-duty-cuiseur-de-ptes-1-x-20-l-unit-simple-profondeur-70-cm-lectrique\/","name":"Heavy Duty cuiseur de p\u00e2tes - 1 x 20 L - unit\u00e9 simple - profondeur 70 cm - \u00e9lectrique - Gastora","isPartOf":{"@id":"https:\/\/gastora.eu\/#website"},"primaryImageOfPage":{"@id":"https:\/\/gastora.eu\/product\/heavy-duty-cuiseur-de-ptes-1-x-20-l-unit-simple-profondeur-70-cm-lectrique\/#primaryimage"},"image":{"@id":"https:\/\/gastora.eu\/product\/heavy-duty-cuiseur-de-ptes-1-x-20-l-unit-simple-profondeur-70-cm-lectrique\/#primaryimage"},"thumbnailUrl":"https:\/\/gastora.eu\/wp-content\/uploads\/2026\/04\/maxima-electric-pasta-cooker.jpg","datePublished":"2026-04-25T17:42:36+00:00","dateModified":"2026-04-28T16:55:50+00:00","description":"Achetez Heavy Duty cuiseur de p\u00e2tes - 1 x 20 L - unit\u00e9 simple - profondeur 70 cm - \u00e9lectrique au meilleur prix, fiable et performant avec une livraison rapide","breadcrumb":{"@id":"https:\/\/gastora.eu\/product\/heavy-duty-cuiseur-de-ptes-1-x-20-l-unit-simple-profondeur-70-cm-lectrique\/#breadcrumb"},"inLanguage":"en-US","potentialAction":[{"@type":"ReadAction","target":["https:\/\/gastora.eu\/product\/heavy-duty-cuiseur-de-ptes-1-x-20-l-unit-simple-profondeur-70-cm-lectrique\/"]}]},{"@type":"ImageObject","inLanguage":"en-US","@id":"https:\/\/gastora.eu\/product\/heavy-duty-cuiseur-de-ptes-1-x-20-l-unit-simple-profondeur-70-cm-lectrique\/#primaryimage","url":"https:\/\/gastora.eu\/wp-content\/uploads\/2026\/04\/maxima-electric-pasta-cooker.jpg","contentUrl":"https:\/\/gastora.eu\/wp-content\/uploads\/2026\/04\/maxima-electric-pasta-cooker.jpg","width":1024,"height":1024},{"@type":"BreadcrumbList","@id":"https:\/\/gastora.eu\/product\/heavy-duty-cuiseur-de-ptes-1-x-20-l-unit-simple-profondeur-70-cm-lectrique\/#breadcrumb","itemListElement":[{"@type":"ListItem","position":1,"name":"Home","item":"https:\/\/gastora.eu\/"},{"@type":"ListItem","position":2,"name":"Shop","item":"https:\/\/gastora.eu\/shop\/"},{"@type":"ListItem","position":3,"name":"Heavy Duty cuiseur de p\u00e2tes &#8211; 1 x 20 L &#8211; unit\u00e9 simple &#8211; profondeur 70 cm &#8211; \u00e9lectrique"}]},{"@type":"WebSite","@id":"https:\/\/gastora.eu\/#website","url":"https:\/\/gastora.eu\/","name":"Gastora","description":"\u00c9quipements professionnels CHR","publisher":{"@id":"https:\/\/gastora.eu\/#organization"},"potentialAction":[{"@type":"SearchAction","target":{"@type":"EntryPoint","urlTemplate":"https:\/\/gastora.eu\/?s={search_term_string}"},"query-input":{"@type":"PropertyValueSpecification","valueRequired":true,"valueName":"search_term_string"}}],"inLanguage":"en-US"},{"@type":"Organization","@id":"https:\/\/gastora.eu\/#organization","name":"Gastora","url":"https:\/\/gastora.eu\/","logo":{"@type":"ImageObject","inLanguage":"en-US","@id":"https:\/\/gastora.eu\/#\/schema\/logo\/image\/","url":"https:\/\/gastora.eu\/wp-content\/uploads\/2025\/12\/ChatGPT-Image-2-janv.-2026-22_52_47-1.png","contentUrl":"https:\/\/gastora.eu\/wp-content\/uploads\/2025\/12\/ChatGPT-Image-2-janv.-2026-22_52_47-1.png","width":1536,"height":320,"caption":"Gastora"},"image":{"@id":"https:\/\/gastora.eu\/#\/schema\/logo\/image\/"}}]}},"jetpack_sharing_enabled":true,"_links":{"self":[{"href":"https:\/\/gastora.eu\/en\/wp-json\/wp\/v2\/product\/14067","targetHints":{"allow":["GET"]}}],"collection":[{"href":"https:\/\/gastora.eu\/en\/wp-json\/wp\/v2\/product"}],"about":[{"href":"https:\/\/gastora.eu\/en\/wp-json\/wp\/v2\/types\/product"}],"wp:featuredmedia":[{"embeddable":true,"href":"https:\/\/gastora.eu\/en\/wp-json\/wp\/v2\/media\/6883"}],"wp:attachment":[{"href":"https:\/\/gastora.eu\/en\/wp-json\/wp\/v2\/media?parent=14067"}],"wp:term":[{"taxonomy":"product_brand","embeddable":true,"href":"https:\/\/gastora.eu\/en\/wp-json\/wp\/v2\/product_brand?post=14067"},{"taxonomy":"product_cat","embeddable":true,"href":"https:\/\/gastora.eu\/en\/wp-json\/wp\/v2\/product_cat?post=14067"},{"taxonomy":"product_tag","embeddable":true,"href":"https:\/\/gastora.eu\/en\/wp-json\/wp\/v2\/product_tag?post=14067"}],"curies":[{"name":"wp","href":"https:\/\/api.w.org\/{rel}","templated":true}]}}