{"id":14065,"date":"2026-04-25T17:42:34","date_gmt":"2026-04-25T17:42:34","guid":{"rendered":"https:\/\/gastora.eu\/?post_type=product&#038;p=14065"},"modified":"2026-04-28T16:55:50","modified_gmt":"2026-04-28T16:55:50","slug":"heavy-duty-friteuse-1-x-12-l-unit-simple-profondeur-70-cm-avec-robinet-de-vidange-lectrique","status":"publish","type":"product","link":"https:\/\/gastora.eu\/en\/product\/heavy-duty-friteuse-1-x-12-l-unit-simple-profondeur-70-cm-avec-robinet-de-vidange-lectrique\/","title":{"rendered":"Heavy Duty friteuse &#8211; 1 x 12 L &#8211; unit\u00e9 simple &#8211; profondeur 70 cm &#8211; avec robinet de vidange &#8211; \u00e9lectrique"},"content":{"rendered":"<p>Cette friteuse \u00e9lectrique robuste est sp\u00e9cialement con\u00e7ue pour les grandes cuisines, les friteries, les h\u00f4tels et les caf\u00e9s. Vous pouvez utiliser cette friteuse dans une ligne de cuisson et l&#8217;\u00e9tendre avec une base ouverte en acier inoxydable ou une base ferm\u00e9e avec une porte. Le dessus est soud\u00e9 sans joints et la friteuse monobloc a une capacit\u00e9 de 12 litres pour frire de grandes portions de snacks, de frites, de l\u00e9gumes, de poisson et d&#8217;autres produits.<\/p>\n<h3>Avec une flamme pilote<\/h3>\n<p>Cette puissante friteuse peut \u00eatre r\u00e9gl\u00e9e sur une temp\u00e9rature comprise entre 60 et 190\u00baC. Gr\u00e2ce \u00e0 son design ergonomique et hygi\u00e9nique, c&#8217;est un appareil facile \u00e0 utiliser. De plus, la friteuse est \u00e9quip\u00e9e d&#8217;une veilleuse. La friteuse est \u00e9galement \u00e9quip\u00e9e d&#8217;un robinet de vidange pour faciliter l&#8217;\u00e9vacuation de l&#8217;huile de friture. La friteuse est livr\u00e9e avec un couvercle et un panier de friture en acier inoxydable.<\/p>\n<h3>Nettoyage facile<\/h3>\n<p>Toutes les pi\u00e8ces de la friteuse sont en acier inoxydable. En combinaison avec les coins arrondis, cela garantit un nettoyage facile de l&#8217;appareil et une meilleure hygi\u00e8ne. Le bo\u00eetier en acier inoxydable peut \u00eatre nettoy\u00e9 \u00e0 l&#8217;aide d&#8217;un chiffon humide. Le panier \u00e0 friture et le couvercle peuvent \u00eatre tremp\u00e9s dans de l&#8217;eau chaude savonneuse. Apr\u00e8s le nettoyage, s\u00e9chez le tout avec un chiffon doux et la friteuse est \u00e0 nouveau pr\u00eate \u00e0 l&#8217;emploi.<\/p>\n<p><strong>Caract\u00e9ristiques<\/strong><\/p>\n<ul>\n<li>Bo\u00eetier et couvercles enti\u00e8rement en acier inoxydable<\/li>\n<li>Dessus soud\u00e9 sans joints<\/li>\n<li>Friteuses monoblocs<\/li>\n<li>Equip\u00e9es de vannes de vidange<\/li>\n<li>Thermostat de s\u00e9curit\u00e9 60-190 degr\u00e9s Celsius<\/li>\n<li>Construction tr\u00e8s durable<\/li>\n<\/ul>\n<p><strong>Caract\u00e9ristiques du produit<\/strong><\/p>\n<ul>\n<li>Poids net : 20 kg<\/li>\n<li>Dimensions du panier \u00e0 friture : L260 x D265 x H120 mm<\/li>\n<li>Dimensions du panier \u00e0 friture : L260 x D265 x H120 mm L400 x D700 x H280 mm<\/li>\n<li>Puissance : 1 x 11,0 kW<\/li>\n<li>Puissance totale : 11,0 kW<\/li>\n<li>400V \/ 50Hz \/ 3Phase 11000 Watt<\/li>\n<\/ul>\n<p><strong>Remarque : Ce produit est fourni sans fiche<\/strong><\/p>","protected":false},"excerpt":{"rendered":"<p>Cette puissante friteuse professionnelle fonctionne \u00e0 l&#8217;\u00e9lectricit\u00e9, est con\u00e7ue pour un usage quotidien intensif et peut \u00eatre utilis\u00e9e dans une ligne de cuisson. Avec une capacit\u00e9 de 12 litres et un robinet pratique, cette friteuse est la solution id\u00e9ale pour la cuisine de restauration. Elle s&#8217;int\u00e8gre parfaitement dans une ligne de cuisson de 700 mm de profondeur.<\/p>","protected":false},"featured_media":6879,"template":"","meta":{"_acf_changed":false},"product_brand":[],"product_cat":[495],"product_tag":[],"class_list":{"0":"post-14065","1":"product","2":"type-product","3":"status-publish","4":"has-post-thumbnail","6":"product_cat-plaques-pianos-de-cuisson-2","8":"first","9":"instock","10":"sale","11":"taxable","12":"shipping-taxable","13":"purchasable","14":"product-type-simple"},"acf":[],"yoast_head":"<!-- This site is optimized with the Yoast SEO plugin v27.5 - https:\/\/yoast.com\/product\/yoast-seo-wordpress\/ -->\n<title>Heavy Duty friteuse - 1 x 12 L - unit\u00e9 simple - profondeur 70 cm - avec robinet de vidange - \u00e9lectrique - Gastora<\/title>\n<meta name=\"description\" content=\"Achetez Heavy Duty friteuse - 1 x 12 L - unit\u00e9 simple - profondeur 70 cm - avec robinet de vidange - \u00e9lectrique au meilleur prix, fiable et performant avec une livraison rapide\" \/>\n<meta name=\"robots\" content=\"index, follow, max-snippet:-1, max-image-preview:large, max-video-preview:-1\" \/>\n<link rel=\"canonical\" href=\"https:\/\/gastora.eu\/en\/product\/heavy-duty-friteuse-1-x-12-l-unit-simple-profondeur-70-cm-avec-robinet-de-vidange-lectrique\/\" \/>\n<meta property=\"og:locale\" content=\"en_US\" \/>\n<meta property=\"og:type\" content=\"article\" \/>\n<meta property=\"og:title\" content=\"Heavy Duty friteuse - 1 x 12 L - unit\u00e9 simple - profondeur 70 cm - avec robinet de vidange - \u00e9lectrique - Gastora\" \/>\n<meta property=\"og:description\" content=\"Achetez Heavy Duty friteuse - 1 x 12 L - unit\u00e9 simple - profondeur 70 cm - avec robinet de vidange - \u00e9lectrique au meilleur prix, fiable et performant avec une livraison rapide\" \/>\n<meta property=\"og:url\" content=\"https:\/\/gastora.eu\/en\/product\/heavy-duty-friteuse-1-x-12-l-unit-simple-profondeur-70-cm-avec-robinet-de-vidange-lectrique\/\" \/>\n<meta property=\"og:site_name\" content=\"Gastora\" \/>\n<meta property=\"article:modified_time\" content=\"2026-04-28T16:55:50+00:00\" \/>\n<meta name=\"twitter:card\" content=\"summary_large_image\" \/>\n<meta name=\"twitter:label1\" content=\"Est. reading time\" \/>\n\t<meta name=\"twitter:data1\" content=\"2 minutes\" \/>\n<script type=\"application\/ld+json\" class=\"yoast-schema-graph\">{\"@context\":\"https:\\\/\\\/schema.org\",\"@graph\":[{\"@type\":\"WebPage\",\"@id\":\"https:\\\/\\\/gastora.eu\\\/product\\\/heavy-duty-friteuse-1-x-12-l-unit-simple-profondeur-70-cm-avec-robinet-de-vidange-lectrique\\\/\",\"url\":\"https:\\\/\\\/gastora.eu\\\/product\\\/heavy-duty-friteuse-1-x-12-l-unit-simple-profondeur-70-cm-avec-robinet-de-vidange-lectrique\\\/\",\"name\":\"Heavy Duty friteuse - 1 x 12 L - unit\u00e9 simple - profondeur 70 cm - avec robinet de vidange - \u00e9lectrique - Gastora\",\"isPartOf\":{\"@id\":\"https:\\\/\\\/gastora.eu\\\/#website\"},\"primaryImageOfPage\":{\"@id\":\"https:\\\/\\\/gastora.eu\\\/product\\\/heavy-duty-friteuse-1-x-12-l-unit-simple-profondeur-70-cm-avec-robinet-de-vidange-lectrique\\\/#primaryimage\"},\"image\":{\"@id\":\"https:\\\/\\\/gastora.eu\\\/product\\\/heavy-duty-friteuse-1-x-12-l-unit-simple-profondeur-70-cm-avec-robinet-de-vidange-lectrique\\\/#primaryimage\"},\"thumbnailUrl\":\"https:\\\/\\\/gastora.eu\\\/wp-content\\\/uploads\\\/2026\\\/04\\\/maxima-electric-fryer-single.jpg\",\"datePublished\":\"2026-04-25T17:42:34+00:00\",\"dateModified\":\"2026-04-28T16:55:50+00:00\",\"description\":\"Achetez Heavy Duty friteuse - 1 x 12 L - unit\u00e9 simple - profondeur 70 cm - avec robinet de vidange - \u00e9lectrique au meilleur prix, fiable et performant avec une livraison rapide\",\"breadcrumb\":{\"@id\":\"https:\\\/\\\/gastora.eu\\\/product\\\/heavy-duty-friteuse-1-x-12-l-unit-simple-profondeur-70-cm-avec-robinet-de-vidange-lectrique\\\/#breadcrumb\"},\"inLanguage\":\"en-US\",\"potentialAction\":[{\"@type\":\"ReadAction\",\"target\":[\"https:\\\/\\\/gastora.eu\\\/product\\\/heavy-duty-friteuse-1-x-12-l-unit-simple-profondeur-70-cm-avec-robinet-de-vidange-lectrique\\\/\"]}]},{\"@type\":\"ImageObject\",\"inLanguage\":\"en-US\",\"@id\":\"https:\\\/\\\/gastora.eu\\\/product\\\/heavy-duty-friteuse-1-x-12-l-unit-simple-profondeur-70-cm-avec-robinet-de-vidange-lectrique\\\/#primaryimage\",\"url\":\"https:\\\/\\\/gastora.eu\\\/wp-content\\\/uploads\\\/2026\\\/04\\\/maxima-electric-fryer-single.jpg\",\"contentUrl\":\"https:\\\/\\\/gastora.eu\\\/wp-content\\\/uploads\\\/2026\\\/04\\\/maxima-electric-fryer-single.jpg\",\"width\":1024,\"height\":1024},{\"@type\":\"BreadcrumbList\",\"@id\":\"https:\\\/\\\/gastora.eu\\\/product\\\/heavy-duty-friteuse-1-x-12-l-unit-simple-profondeur-70-cm-avec-robinet-de-vidange-lectrique\\\/#breadcrumb\",\"itemListElement\":[{\"@type\":\"ListItem\",\"position\":1,\"name\":\"Home\",\"item\":\"https:\\\/\\\/gastora.eu\\\/\"},{\"@type\":\"ListItem\",\"position\":2,\"name\":\"Shop\",\"item\":\"https:\\\/\\\/gastora.eu\\\/shop\\\/\"},{\"@type\":\"ListItem\",\"position\":3,\"name\":\"Heavy Duty friteuse &#8211; 1 x 12 L &#8211; unit\u00e9 simple &#8211; profondeur 70 cm &#8211; avec robinet de vidange &#8211; \u00e9lectrique\"}]},{\"@type\":\"WebSite\",\"@id\":\"https:\\\/\\\/gastora.eu\\\/#website\",\"url\":\"https:\\\/\\\/gastora.eu\\\/\",\"name\":\"Gastora\",\"description\":\"\u00c9quipements professionnels CHR\",\"publisher\":{\"@id\":\"https:\\\/\\\/gastora.eu\\\/#organization\"},\"potentialAction\":[{\"@type\":\"SearchAction\",\"target\":{\"@type\":\"EntryPoint\",\"urlTemplate\":\"https:\\\/\\\/gastora.eu\\\/?s={search_term_string}\"},\"query-input\":{\"@type\":\"PropertyValueSpecification\",\"valueRequired\":true,\"valueName\":\"search_term_string\"}}],\"inLanguage\":\"en-US\"},{\"@type\":\"Organization\",\"@id\":\"https:\\\/\\\/gastora.eu\\\/#organization\",\"name\":\"Gastora\",\"url\":\"https:\\\/\\\/gastora.eu\\\/\",\"logo\":{\"@type\":\"ImageObject\",\"inLanguage\":\"en-US\",\"@id\":\"https:\\\/\\\/gastora.eu\\\/#\\\/schema\\\/logo\\\/image\\\/\",\"url\":\"https:\\\/\\\/gastora.eu\\\/wp-content\\\/uploads\\\/2025\\\/12\\\/ChatGPT-Image-2-janv.-2026-22_52_47-1.png\",\"contentUrl\":\"https:\\\/\\\/gastora.eu\\\/wp-content\\\/uploads\\\/2025\\\/12\\\/ChatGPT-Image-2-janv.-2026-22_52_47-1.png\",\"width\":1536,\"height\":320,\"caption\":\"Gastora\"},\"image\":{\"@id\":\"https:\\\/\\\/gastora.eu\\\/#\\\/schema\\\/logo\\\/image\\\/\"}}]}<\/script>\n<!-- \/ Yoast SEO plugin. -->","yoast_head_json":{"title":"Heavy Duty friteuse - 1 x 12 L - unit\u00e9 simple - profondeur 70 cm - avec robinet de vidange - \u00e9lectrique - Gastora","description":"Achetez Heavy Duty friteuse - 1 x 12 L - unit\u00e9 simple - profondeur 70 cm - avec robinet de vidange - \u00e9lectrique au meilleur prix, fiable et performant avec une livraison rapide","robots":{"index":"index","follow":"follow","max-snippet":"max-snippet:-1","max-image-preview":"max-image-preview:large","max-video-preview":"max-video-preview:-1"},"canonical":"https:\/\/gastora.eu\/en\/product\/heavy-duty-friteuse-1-x-12-l-unit-simple-profondeur-70-cm-avec-robinet-de-vidange-lectrique\/","og_locale":"en_US","og_type":"article","og_title":"Heavy Duty friteuse - 1 x 12 L - unit\u00e9 simple - profondeur 70 cm - avec robinet de vidange - \u00e9lectrique - Gastora","og_description":"Achetez Heavy Duty friteuse - 1 x 12 L - unit\u00e9 simple - profondeur 70 cm - avec robinet de vidange - \u00e9lectrique au meilleur prix, fiable et performant avec une livraison rapide","og_url":"https:\/\/gastora.eu\/en\/product\/heavy-duty-friteuse-1-x-12-l-unit-simple-profondeur-70-cm-avec-robinet-de-vidange-lectrique\/","og_site_name":"Gastora","article_modified_time":"2026-04-28T16:55:50+00:00","twitter_card":"summary_large_image","twitter_misc":{"Est. reading time":"2 minutes"},"schema":{"@context":"https:\/\/schema.org","@graph":[{"@type":"WebPage","@id":"https:\/\/gastora.eu\/product\/heavy-duty-friteuse-1-x-12-l-unit-simple-profondeur-70-cm-avec-robinet-de-vidange-lectrique\/","url":"https:\/\/gastora.eu\/product\/heavy-duty-friteuse-1-x-12-l-unit-simple-profondeur-70-cm-avec-robinet-de-vidange-lectrique\/","name":"Heavy Duty friteuse - 1 x 12 L - unit\u00e9 simple - profondeur 70 cm - avec robinet de vidange - \u00e9lectrique - Gastora","isPartOf":{"@id":"https:\/\/gastora.eu\/#website"},"primaryImageOfPage":{"@id":"https:\/\/gastora.eu\/product\/heavy-duty-friteuse-1-x-12-l-unit-simple-profondeur-70-cm-avec-robinet-de-vidange-lectrique\/#primaryimage"},"image":{"@id":"https:\/\/gastora.eu\/product\/heavy-duty-friteuse-1-x-12-l-unit-simple-profondeur-70-cm-avec-robinet-de-vidange-lectrique\/#primaryimage"},"thumbnailUrl":"https:\/\/gastora.eu\/wp-content\/uploads\/2026\/04\/maxima-electric-fryer-single.jpg","datePublished":"2026-04-25T17:42:34+00:00","dateModified":"2026-04-28T16:55:50+00:00","description":"Achetez Heavy Duty friteuse - 1 x 12 L - unit\u00e9 simple - profondeur 70 cm - avec robinet de vidange - \u00e9lectrique au meilleur prix, fiable et performant avec une livraison rapide","breadcrumb":{"@id":"https:\/\/gastora.eu\/product\/heavy-duty-friteuse-1-x-12-l-unit-simple-profondeur-70-cm-avec-robinet-de-vidange-lectrique\/#breadcrumb"},"inLanguage":"en-US","potentialAction":[{"@type":"ReadAction","target":["https:\/\/gastora.eu\/product\/heavy-duty-friteuse-1-x-12-l-unit-simple-profondeur-70-cm-avec-robinet-de-vidange-lectrique\/"]}]},{"@type":"ImageObject","inLanguage":"en-US","@id":"https:\/\/gastora.eu\/product\/heavy-duty-friteuse-1-x-12-l-unit-simple-profondeur-70-cm-avec-robinet-de-vidange-lectrique\/#primaryimage","url":"https:\/\/gastora.eu\/wp-content\/uploads\/2026\/04\/maxima-electric-fryer-single.jpg","contentUrl":"https:\/\/gastora.eu\/wp-content\/uploads\/2026\/04\/maxima-electric-fryer-single.jpg","width":1024,"height":1024},{"@type":"BreadcrumbList","@id":"https:\/\/gastora.eu\/product\/heavy-duty-friteuse-1-x-12-l-unit-simple-profondeur-70-cm-avec-robinet-de-vidange-lectrique\/#breadcrumb","itemListElement":[{"@type":"ListItem","position":1,"name":"Home","item":"https:\/\/gastora.eu\/"},{"@type":"ListItem","position":2,"name":"Shop","item":"https:\/\/gastora.eu\/shop\/"},{"@type":"ListItem","position":3,"name":"Heavy Duty friteuse &#8211; 1 x 12 L &#8211; unit\u00e9 simple &#8211; profondeur 70 cm &#8211; avec robinet de vidange &#8211; \u00e9lectrique"}]},{"@type":"WebSite","@id":"https:\/\/gastora.eu\/#website","url":"https:\/\/gastora.eu\/","name":"Gastora","description":"\u00c9quipements professionnels CHR","publisher":{"@id":"https:\/\/gastora.eu\/#organization"},"potentialAction":[{"@type":"SearchAction","target":{"@type":"EntryPoint","urlTemplate":"https:\/\/gastora.eu\/?s={search_term_string}"},"query-input":{"@type":"PropertyValueSpecification","valueRequired":true,"valueName":"search_term_string"}}],"inLanguage":"en-US"},{"@type":"Organization","@id":"https:\/\/gastora.eu\/#organization","name":"Gastora","url":"https:\/\/gastora.eu\/","logo":{"@type":"ImageObject","inLanguage":"en-US","@id":"https:\/\/gastora.eu\/#\/schema\/logo\/image\/","url":"https:\/\/gastora.eu\/wp-content\/uploads\/2025\/12\/ChatGPT-Image-2-janv.-2026-22_52_47-1.png","contentUrl":"https:\/\/gastora.eu\/wp-content\/uploads\/2025\/12\/ChatGPT-Image-2-janv.-2026-22_52_47-1.png","width":1536,"height":320,"caption":"Gastora"},"image":{"@id":"https:\/\/gastora.eu\/#\/schema\/logo\/image\/"}}]}},"jetpack_sharing_enabled":true,"_links":{"self":[{"href":"https:\/\/gastora.eu\/en\/wp-json\/wp\/v2\/product\/14065","targetHints":{"allow":["GET"]}}],"collection":[{"href":"https:\/\/gastora.eu\/en\/wp-json\/wp\/v2\/product"}],"about":[{"href":"https:\/\/gastora.eu\/en\/wp-json\/wp\/v2\/types\/product"}],"wp:featuredmedia":[{"embeddable":true,"href":"https:\/\/gastora.eu\/en\/wp-json\/wp\/v2\/media\/6879"}],"wp:attachment":[{"href":"https:\/\/gastora.eu\/en\/wp-json\/wp\/v2\/media?parent=14065"}],"wp:term":[{"taxonomy":"product_brand","embeddable":true,"href":"https:\/\/gastora.eu\/en\/wp-json\/wp\/v2\/product_brand?post=14065"},{"taxonomy":"product_cat","embeddable":true,"href":"https:\/\/gastora.eu\/en\/wp-json\/wp\/v2\/product_cat?post=14065"},{"taxonomy":"product_tag","embeddable":true,"href":"https:\/\/gastora.eu\/en\/wp-json\/wp\/v2\/product_tag?post=14065"}],"curies":[{"name":"wp","href":"https:\/\/api.w.org\/{rel}","templated":true}]}}