{"id":14062,"date":"2026-04-25T17:42:31","date_gmt":"2026-04-25T17:42:31","guid":{"rendered":"https:\/\/gastora.eu\/?post_type=product&#038;p=14062"},"modified":"2026-04-28T16:55:50","modified_gmt":"2026-04-28T16:55:50","slug":"heavy-duty-gril-en-pierre-de-lave-unit-double-profondeur-70-cm-gaz","status":"publish","type":"product","link":"https:\/\/gastora.eu\/en\/product\/heavy-duty-gril-en-pierre-de-lave-unit-double-profondeur-70-cm-gaz\/","title":{"rendered":"Heavy Duty gril en pierre de lave &#8211; unit\u00e9 double &#8211; profondeur 70 cm &#8211; gaz"},"content":{"rendered":"<p>Pour donner \u00e0 la viande, au poisson ou aux l\u00e9gumes un d\u00e9licieux go\u00fbt de fum\u00e9e ou de barbecue, utilisez cette plaque de cuisson \u00e0 gaz en pierre de lave Heavy Duty. Gr\u00e2ce \u00e0 la double plaque de cuisson, vous pouvez pr\u00e9parer plusieurs produits en m\u00eame temps. Gr\u00e2ce \u00e0 sa construction tr\u00e8s durable, ce gril en pierre de lave durera longtemps. Il est \u00e9galement robuste, ce qui permet \u00e0 cet appareil de cuisine d&#8217;\u00eatre utilis\u00e9 de mani\u00e8re intensive dans les cuisines professionnelles tr\u00e8s fr\u00e9quent\u00e9es. La partie du gril en acier inoxydable est en forme de V, ce qui permet d&#8217;\u00e9vacuer facilement la graisse. La graisse est recueillie dans le bac de r\u00e9cup\u00e9ration de 1,5 litre.Grille<\/p>\n<h3>r\u00e9glable en hauteurLa<\/h3>\n<p>partie grill inclin\u00e9e de cette plancha en pierre de lave est r\u00e9glable en hauteur. Gr\u00e2ce au dessus soud\u00e9 sans joints, aucun r\u00e9sidu n&#8217;est laiss\u00e9 apr\u00e8s le nettoyage. Cette plaque de cuisson \u00e0 gaz est \u00e9quip\u00e9e d&#8217;une veilleuse et d&#8217;un allumage \u00e9lectrique Piezo. Le thermostat de s\u00e9curit\u00e9 permet de r\u00e9gler la temp\u00e9rature entre 100 et 300\u00baC. En outre, le gril en pierre est \u00e9quip\u00e9 d&#8217;une soupape de s\u00e9curit\u00e9 avec thermocouple. La plancha en pierre de lave peut \u00eatre utilis\u00e9e avec du GPL ou du gaz naturel.<\/p>\n<h3>Extension possible avec une <\/h3>\n<p>base Vous pouvez \u00e9tendre cette plancha en pierre de lave avec une base en acier inoxydable, ouverte ou avec une porte. En outre, gr\u00e2ce \u00e0 son bo\u00eetier en acier inoxydable, la plaque de cuisson en pierre est facile \u00e0 nettoyer. Un chiffon humide, de l&#8217;eau ti\u00e8de et un d\u00e9tergent doux suffisent \u00e0 nettoyer cet appareil de cuisine rapidement et facilement. La grille en forme de V, le bac de r\u00e9cup\u00e9ration et le support pour pierres de lave peuvent \u00eatre retir\u00e9s pour le nettoyage.<\/p>\n<ul>\n<li>Gril Lavastone \u00e0 usage intensif &#8211; Double &#8211; Gaz<\/li>\n<li>Bo\u00eetier et dessus enti\u00e8rement en acier inoxydable<\/li>\n<li>Grille en acier inoxydable en forme de V pour l&#8217;\u00e9limination des graisses<\/li>\n<li>Section inclin\u00e9e du gril r\u00e9glable en hauteur<\/li>\n<li>Dessus soud\u00e9 sans joints<\/li>\n<li>Composants robustes<\/li>\n<li>\u00c9quip\u00e9 d&#8217;un grand bac de r\u00e9cup\u00e9ration de 1,5 litre<\/li>\n<li>D\u00e9tonateurs \u00e9lectriques pi\u00e9zo\u00e9lectriques<\/li>\n<li>\u00c9quip\u00e9 d&#8217;un pilote<\/li>\n<li>Thermostat de s\u00e9curit\u00e9 100-300 degr\u00e9s Celsius<\/li>\n<li>Soupape de s\u00e9curit\u00e9 pour le gaz avec thermocouple<\/li>\n<li>Convient pour le GPL ou le gaz naturel<\/li>\n<li>Construction tr\u00e8s durable<\/li>\n<li>Conception hygi\u00e9nique<\/li>\n<li>Facile \u00e0 nettoyer<\/li>\n<li>Conception ergonomique<\/li>\n<li>Poids net : 40 kg<\/li>\n<li>Dimensions de l&#8217;appareil : L800 x D700 x H280 mm<\/li>\n<li>Puissance : 2 x 7,0 kW<\/li>\n<li>Puissance totale : 14,0 kW<\/li>\n<\/ul>\n<ul>\n<li>Injecteurs de gaz pr\u00e9install\u00e9s : G25 &#8211; Gaz naturel<\/li>\n<li>Injecteurs de gaz suppl\u00e9mentaires : G30 &#8211; GPL (Propane \/ Butane)<\/li>\n<\/ul>\n<ul>\n<li>Poids net : 40 kg<\/li>\n<li>Dimensions : 80 x 70 x 28 cm L80 x P70 x H28cm<\/li>\n<li>Puissance de sortie : 2 x 7,0 kW<\/li>\n<li>Puissance totale : 14,0 kW<\/li>\n<li>Injecteurs de gaz install\u00e9s G25-gaz naturel<\/li>\n<li>Jeu suppl\u00e9mentaire d&#8217;injecteurs de gaz : G30-GPL (propane\/butane)<br \/>","protected":false},"excerpt":{"rendered":"<p>Avec ce gril \u00e0 gaz en pierre de lave robuste, vous pouvez donner \u00e0 la viande, au poisson et aux l\u00e9gumes une v\u00e9ritable saveur de barbecue. La double surface inclin\u00e9e du gril est r\u00e9glable en hauteur. Le bo\u00eetier en acier inoxydable et le bac de r\u00e9cup\u00e9ration des graisses facilitent le nettoyage. En outre, ce gril peut \u00eatre plac\u00e9 dans une ligne de cuisson de 700 mm de profondeur.<\/p>","protected":false},"featured_media":6873,"template":"","meta":{"_acf_changed":false},"product_brand":[],"product_cat":[495],"product_tag":[],"class_list":{"0":"post-14062","1":"product","2":"type-product","3":"status-publish","4":"has-post-thumbnail","6":"product_cat-plaques-pianos-de-cuisson-2","8":"first","9":"instock","10":"sale","11":"taxable","12":"shipping-taxable","13":"purchasable","14":"product-type-simple"},"acf":[],"yoast_head":"<!-- This site is optimized with the Yoast SEO plugin v27.6 - https:\/\/yoast.com\/product\/yoast-seo-wordpress\/ -->\n<title>Heavy Duty gril en pierre de lave - unit\u00e9 double - profondeur 70 cm - gaz - Gastora<\/title>\n<meta name=\"description\" content=\"Achetez Heavy Duty gril en pierre de lave - unit\u00e9 double - profondeur 70 cm - gaz au meilleur prix, fiable et performant avec une livraison rapide\" \/>\n<meta name=\"robots\" content=\"index, follow, max-snippet:-1, max-image-preview:large, max-video-preview:-1\" \/>\n<link rel=\"canonical\" href=\"https:\/\/gastora.eu\/en\/product\/heavy-duty-gril-en-pierre-de-lave-unit-double-profondeur-70-cm-gaz\/\" \/>\n<meta property=\"og:locale\" content=\"en_US\" \/>\n<meta property=\"og:type\" content=\"article\" \/>\n<meta property=\"og:title\" content=\"Heavy Duty gril en pierre de lave - unit\u00e9 double - profondeur 70 cm - gaz - Gastora\" \/>\n<meta property=\"og:description\" content=\"Achetez Heavy Duty gril en pierre de lave - unit\u00e9 double - profondeur 70 cm - gaz au meilleur prix, fiable et performant avec une livraison rapide\" \/>\n<meta property=\"og:url\" content=\"https:\/\/gastora.eu\/en\/product\/heavy-duty-gril-en-pierre-de-lave-unit-double-profondeur-70-cm-gaz\/\" \/>\n<meta property=\"og:site_name\" content=\"Gastora\" \/>\n<meta property=\"article:modified_time\" content=\"2026-04-28T16:55:50+00:00\" \/>\n<meta name=\"twitter:card\" content=\"summary_large_image\" \/>\n<meta name=\"twitter:label1\" content=\"Est. reading time\" \/>\n\t<meta name=\"twitter:data1\" content=\"2 minutes\" \/>\n<script type=\"application\/ld+json\" class=\"yoast-schema-graph\">{\"@context\":\"https:\\\/\\\/schema.org\",\"@graph\":[{\"@type\":\"WebPage\",\"@id\":\"https:\\\/\\\/gastora.eu\\\/product\\\/heavy-duty-gril-en-pierre-de-lave-unit-double-profondeur-70-cm-gaz\\\/\",\"url\":\"https:\\\/\\\/gastora.eu\\\/product\\\/heavy-duty-gril-en-pierre-de-lave-unit-double-profondeur-70-cm-gaz\\\/\",\"name\":\"Heavy Duty gril en pierre de lave - unit\u00e9 double - profondeur 70 cm - gaz - Gastora\",\"isPartOf\":{\"@id\":\"https:\\\/\\\/gastora.eu\\\/#website\"},\"primaryImageOfPage\":{\"@id\":\"https:\\\/\\\/gastora.eu\\\/product\\\/heavy-duty-gril-en-pierre-de-lave-unit-double-profondeur-70-cm-gaz\\\/#primaryimage\"},\"image\":{\"@id\":\"https:\\\/\\\/gastora.eu\\\/product\\\/heavy-duty-gril-en-pierre-de-lave-unit-double-profondeur-70-cm-gaz\\\/#primaryimage\"},\"thumbnailUrl\":\"https:\\\/\\\/gastora.eu\\\/wp-content\\\/uploads\\\/2026\\\/04\\\/maxima-gas-lavastone-griddle-800.jpg\",\"datePublished\":\"2026-04-25T17:42:31+00:00\",\"dateModified\":\"2026-04-28T16:55:50+00:00\",\"description\":\"Achetez Heavy Duty gril en pierre de lave - unit\u00e9 double - profondeur 70 cm - gaz au meilleur prix, fiable et performant avec une livraison rapide\",\"breadcrumb\":{\"@id\":\"https:\\\/\\\/gastora.eu\\\/product\\\/heavy-duty-gril-en-pierre-de-lave-unit-double-profondeur-70-cm-gaz\\\/#breadcrumb\"},\"inLanguage\":\"en-US\",\"potentialAction\":[{\"@type\":\"ReadAction\",\"target\":[\"https:\\\/\\\/gastora.eu\\\/product\\\/heavy-duty-gril-en-pierre-de-lave-unit-double-profondeur-70-cm-gaz\\\/\"]}]},{\"@type\":\"ImageObject\",\"inLanguage\":\"en-US\",\"@id\":\"https:\\\/\\\/gastora.eu\\\/product\\\/heavy-duty-gril-en-pierre-de-lave-unit-double-profondeur-70-cm-gaz\\\/#primaryimage\",\"url\":\"https:\\\/\\\/gastora.eu\\\/wp-content\\\/uploads\\\/2026\\\/04\\\/maxima-gas-lavastone-griddle-800.jpg\",\"contentUrl\":\"https:\\\/\\\/gastora.eu\\\/wp-content\\\/uploads\\\/2026\\\/04\\\/maxima-gas-lavastone-griddle-800.jpg\",\"width\":1024,\"height\":708},{\"@type\":\"BreadcrumbList\",\"@id\":\"https:\\\/\\\/gastora.eu\\\/product\\\/heavy-duty-gril-en-pierre-de-lave-unit-double-profondeur-70-cm-gaz\\\/#breadcrumb\",\"itemListElement\":[{\"@type\":\"ListItem\",\"position\":1,\"name\":\"Home\",\"item\":\"https:\\\/\\\/gastora.eu\\\/\"},{\"@type\":\"ListItem\",\"position\":2,\"name\":\"Shop\",\"item\":\"https:\\\/\\\/gastora.eu\\\/shop\\\/\"},{\"@type\":\"ListItem\",\"position\":3,\"name\":\"Heavy Duty gril en pierre de lave &#8211; unit\u00e9 double &#8211; profondeur 70 cm &#8211; gaz\"}]},{\"@type\":\"WebSite\",\"@id\":\"https:\\\/\\\/gastora.eu\\\/#website\",\"url\":\"https:\\\/\\\/gastora.eu\\\/\",\"name\":\"Gastora\",\"description\":\"\u00c9quipements professionnels CHR\",\"publisher\":{\"@id\":\"https:\\\/\\\/gastora.eu\\\/#organization\"},\"potentialAction\":[{\"@type\":\"SearchAction\",\"target\":{\"@type\":\"EntryPoint\",\"urlTemplate\":\"https:\\\/\\\/gastora.eu\\\/?s={search_term_string}\"},\"query-input\":{\"@type\":\"PropertyValueSpecification\",\"valueRequired\":true,\"valueName\":\"search_term_string\"}}],\"inLanguage\":\"en-US\"},{\"@type\":\"Organization\",\"@id\":\"https:\\\/\\\/gastora.eu\\\/#organization\",\"name\":\"Gastora\",\"url\":\"https:\\\/\\\/gastora.eu\\\/\",\"logo\":{\"@type\":\"ImageObject\",\"inLanguage\":\"en-US\",\"@id\":\"https:\\\/\\\/gastora.eu\\\/#\\\/schema\\\/logo\\\/image\\\/\",\"url\":\"https:\\\/\\\/gastora.eu\\\/wp-content\\\/uploads\\\/2025\\\/12\\\/ChatGPT-Image-2-janv.-2026-22_52_47-1.png\",\"contentUrl\":\"https:\\\/\\\/gastora.eu\\\/wp-content\\\/uploads\\\/2025\\\/12\\\/ChatGPT-Image-2-janv.-2026-22_52_47-1.png\",\"width\":1536,\"height\":320,\"caption\":\"Gastora\"},\"image\":{\"@id\":\"https:\\\/\\\/gastora.eu\\\/#\\\/schema\\\/logo\\\/image\\\/\"}}]}<\/script>\n<!-- \/ Yoast SEO plugin. -->","yoast_head_json":{"title":"Heavy Duty gril en pierre de lave - unit\u00e9 double - profondeur 70 cm - gaz - Gastora","description":"Achetez Heavy Duty gril en pierre de lave - unit\u00e9 double - profondeur 70 cm - gaz au meilleur prix, fiable et performant avec une livraison rapide","robots":{"index":"index","follow":"follow","max-snippet":"max-snippet:-1","max-image-preview":"max-image-preview:large","max-video-preview":"max-video-preview:-1"},"canonical":"https:\/\/gastora.eu\/en\/product\/heavy-duty-gril-en-pierre-de-lave-unit-double-profondeur-70-cm-gaz\/","og_locale":"en_US","og_type":"article","og_title":"Heavy Duty gril en pierre de lave - unit\u00e9 double - profondeur 70 cm - gaz - Gastora","og_description":"Achetez Heavy Duty gril en pierre de lave - unit\u00e9 double - profondeur 70 cm - gaz au meilleur prix, fiable et performant avec une livraison rapide","og_url":"https:\/\/gastora.eu\/en\/product\/heavy-duty-gril-en-pierre-de-lave-unit-double-profondeur-70-cm-gaz\/","og_site_name":"Gastora","article_modified_time":"2026-04-28T16:55:50+00:00","twitter_card":"summary_large_image","twitter_misc":{"Est. reading time":"2 minutes"},"schema":{"@context":"https:\/\/schema.org","@graph":[{"@type":"WebPage","@id":"https:\/\/gastora.eu\/product\/heavy-duty-gril-en-pierre-de-lave-unit-double-profondeur-70-cm-gaz\/","url":"https:\/\/gastora.eu\/product\/heavy-duty-gril-en-pierre-de-lave-unit-double-profondeur-70-cm-gaz\/","name":"Heavy Duty gril en pierre de lave - unit\u00e9 double - profondeur 70 cm - gaz - Gastora","isPartOf":{"@id":"https:\/\/gastora.eu\/#website"},"primaryImageOfPage":{"@id":"https:\/\/gastora.eu\/product\/heavy-duty-gril-en-pierre-de-lave-unit-double-profondeur-70-cm-gaz\/#primaryimage"},"image":{"@id":"https:\/\/gastora.eu\/product\/heavy-duty-gril-en-pierre-de-lave-unit-double-profondeur-70-cm-gaz\/#primaryimage"},"thumbnailUrl":"https:\/\/gastora.eu\/wp-content\/uploads\/2026\/04\/maxima-gas-lavastone-griddle-800.jpg","datePublished":"2026-04-25T17:42:31+00:00","dateModified":"2026-04-28T16:55:50+00:00","description":"Achetez Heavy Duty gril en pierre de lave - unit\u00e9 double - profondeur 70 cm - gaz au meilleur prix, fiable et performant avec une livraison rapide","breadcrumb":{"@id":"https:\/\/gastora.eu\/product\/heavy-duty-gril-en-pierre-de-lave-unit-double-profondeur-70-cm-gaz\/#breadcrumb"},"inLanguage":"en-US","potentialAction":[{"@type":"ReadAction","target":["https:\/\/gastora.eu\/product\/heavy-duty-gril-en-pierre-de-lave-unit-double-profondeur-70-cm-gaz\/"]}]},{"@type":"ImageObject","inLanguage":"en-US","@id":"https:\/\/gastora.eu\/product\/heavy-duty-gril-en-pierre-de-lave-unit-double-profondeur-70-cm-gaz\/#primaryimage","url":"https:\/\/gastora.eu\/wp-content\/uploads\/2026\/04\/maxima-gas-lavastone-griddle-800.jpg","contentUrl":"https:\/\/gastora.eu\/wp-content\/uploads\/2026\/04\/maxima-gas-lavastone-griddle-800.jpg","width":1024,"height":708},{"@type":"BreadcrumbList","@id":"https:\/\/gastora.eu\/product\/heavy-duty-gril-en-pierre-de-lave-unit-double-profondeur-70-cm-gaz\/#breadcrumb","itemListElement":[{"@type":"ListItem","position":1,"name":"Home","item":"https:\/\/gastora.eu\/"},{"@type":"ListItem","position":2,"name":"Shop","item":"https:\/\/gastora.eu\/shop\/"},{"@type":"ListItem","position":3,"name":"Heavy Duty gril en pierre de lave &#8211; unit\u00e9 double &#8211; profondeur 70 cm &#8211; gaz"}]},{"@type":"WebSite","@id":"https:\/\/gastora.eu\/#website","url":"https:\/\/gastora.eu\/","name":"Gastora","description":"\u00c9quipements professionnels CHR","publisher":{"@id":"https:\/\/gastora.eu\/#organization"},"potentialAction":[{"@type":"SearchAction","target":{"@type":"EntryPoint","urlTemplate":"https:\/\/gastora.eu\/?s={search_term_string}"},"query-input":{"@type":"PropertyValueSpecification","valueRequired":true,"valueName":"search_term_string"}}],"inLanguage":"en-US"},{"@type":"Organization","@id":"https:\/\/gastora.eu\/#organization","name":"Gastora","url":"https:\/\/gastora.eu\/","logo":{"@type":"ImageObject","inLanguage":"en-US","@id":"https:\/\/gastora.eu\/#\/schema\/logo\/image\/","url":"https:\/\/gastora.eu\/wp-content\/uploads\/2025\/12\/ChatGPT-Image-2-janv.-2026-22_52_47-1.png","contentUrl":"https:\/\/gastora.eu\/wp-content\/uploads\/2025\/12\/ChatGPT-Image-2-janv.-2026-22_52_47-1.png","width":1536,"height":320,"caption":"Gastora"},"image":{"@id":"https:\/\/gastora.eu\/#\/schema\/logo\/image\/"}}]}},"jetpack_sharing_enabled":true,"_links":{"self":[{"href":"https:\/\/gastora.eu\/en\/wp-json\/wp\/v2\/product\/14062","targetHints":{"allow":["GET"]}}],"collection":[{"href":"https:\/\/gastora.eu\/en\/wp-json\/wp\/v2\/product"}],"about":[{"href":"https:\/\/gastora.eu\/en\/wp-json\/wp\/v2\/types\/product"}],"wp:featuredmedia":[{"embeddable":true,"href":"https:\/\/gastora.eu\/en\/wp-json\/wp\/v2\/media\/6873"}],"wp:attachment":[{"href":"https:\/\/gastora.eu\/en\/wp-json\/wp\/v2\/media?parent=14062"}],"wp:term":[{"taxonomy":"product_brand","embeddable":true,"href":"https:\/\/gastora.eu\/en\/wp-json\/wp\/v2\/product_brand?post=14062"},{"taxonomy":"product_cat","embeddable":true,"href":"https:\/\/gastora.eu\/en\/wp-json\/wp\/v2\/product_cat?post=14062"},{"taxonomy":"product_tag","embeddable":true,"href":"https:\/\/gastora.eu\/en\/wp-json\/wp\/v2\/product_tag?post=14062"}],"curies":[{"name":"wp","href":"https:\/\/api.w.org\/{rel}","templated":true}]}}