{"id":14058,"date":"2026-04-25T17:42:27","date_gmt":"2026-04-25T17:42:27","guid":{"rendered":"https:\/\/gastora.eu\/?post_type=product&#038;p=14058"},"modified":"2026-04-28T16:55:49","modified_gmt":"2026-04-28T16:55:49","slug":"heavy-duty-plaque-de-gril-lisse-unit-simple-profondeur-70-cm-lectrique","status":"publish","type":"product","link":"https:\/\/gastora.eu\/en\/product\/heavy-duty-plaque-de-gril-lisse-unit-simple-profondeur-70-cm-lectrique\/","title":{"rendered":"Heavy Duty plaque de gril &#8211; lisse &#8211; unit\u00e9 simple &#8211; profondeur 70 cm &#8211; \u00e9lectrique"},"content":{"rendered":"<p>Griller les ingr\u00e9dients permet de conserver les saveurs suppl\u00e9mentaires des plats que vous servez dans votre restaurant, h\u00f4tel, caf\u00e9 ou autre \u00e9tablissement de restauration. Quoi que vous pr\u00e9pariez sur le gril, de la viande aux l\u00e9gumes, gr\u00e2ce aux temp\u00e9ratures \u00e9lev\u00e9es, ils cuisent tr\u00e8s rapidement. Ainsi, les vitamines et les saveurs sont pr\u00e9serv\u00e9es. Si vous travaillez dans une grande cuisine tr\u00e8s fr\u00e9quent\u00e9e, cette plaque de gril Heavy Duty est parfaite car elle dure longtemps et peut supporter de nombreuses manipulations brutales. En outre, le gril est un mode de cuisson plus sain car vous n&#8217;avez pas besoin d&#8217;utiliser beaucoup de graisse ou d&#8217;huile. La plaque de gril peut \u00eatre plac\u00e9e sur elle-m\u00eame ou sur une base en acier inoxydable. Choisissez entre une base ouverte ou une base avec une porte, qui sont faciles \u00e0 commander via notre boutique en ligne.<\/p>\n<h3>Convient pour \u00eatre plac\u00e9e dans une ligne de cuisson<\/h3>\n<p>Gr\u00e2ce \u00e0 cette plaque robuste, vous pouvez griller des aliments sur la plaque lisse en acier inoxydable tremp\u00e9 de 15 mm d&#8217;\u00e9paisseur, avec une finition satin\u00e9e. La plaque est ins\u00e9r\u00e9e dans une cavit\u00e9 \u00e9tanche. Un bac de r\u00e9cup\u00e9ration pratique de 1,5 litre et une protection contre les \u00e9claboussures d&#8217;huile rendent l&#8217;utilisation de cette plancha s\u00fbre. Le thermostat de s\u00e9curit\u00e9 permet de r\u00e9gler la temp\u00e9rature entre 50 et 300\u00baC. Si vous travaillez avec une ligne de cuisson dans votre cuisine, cette plancha s&#8217;y int\u00e8gre parfaitement.<\/p>\n<h3>Facile \u00e0 nettoyer <\/h3>\n<p>Le nettoyage de cette plancha professionnelle ne pose aucun probl\u00e8me. Gr\u00e2ce au bo\u00eetier en acier inoxydable et au bac de r\u00e9cup\u00e9ration amovible, toutes les pi\u00e8ces peuvent \u00eatre nettoy\u00e9es rapidement et soigneusement. Utilisez un chiffon humide, de l&#8217;eau chaude et un d\u00e9tergent doux. Les r\u00e9sidus alimentaires grossiers s&#8217;enl\u00e8vent mieux avec un grattoir. Pour \u00e9liminer les salet\u00e9s tenaces, chauffez le gril \u00e0 70\u00baC et nettoyez la surface avec un chiffon. Portez des gants pour une manipulation s\u00fbre.<\/p>\n<ul>\n<li>Gril \u00e0 usage intensif &#8211; simple<\/li>\n<li>Bo\u00eetier et protection anti-\u00e9claboussures enti\u00e8rement en acier inoxydable<\/li>\n<li>Dessus soud\u00e9 sans soudure<\/li>\n<li>15.plaque en acier inoxydable tremp\u00e9 de 0 mm avec finition satin\u00e9e<\/li>\n<li>Bien enfonc\u00e9 dans une niche \u00e9tanche<\/li>\n<li>Composants tr\u00e8s r\u00e9sistants<\/li>\n<li>\u00c9quip\u00e9 d&#8217;un grand bac de r\u00e9cup\u00e9ration de 1,5 L<\/li>\n<li>Distribution uniforme et rapide de la chaleur<\/li>\n<li>Thermostat de s\u00e9curit\u00e9 50 &#8211; 300 degr\u00e9s Celsius<\/li>\n<li>Construction tr\u00e8s durable<\/li>\n<li>Conception hygi\u00e9nique<\/li>\n<li>Facile \u00e0 nettoyer<\/li>\n<li>Design ergonomique<\/li>\n<li>Poids net : 20 kg<\/li>\n<li>Dimensions : L400 x P700 x H280 mm<\/li>\n<li>Puissance : 1 x 4,5 kW<\/li>\n<li>Puissance totale : 4,5 kW<\/li>\n<li>400V \/ 50Hz \/ 3Phase 4500 Watt<\/li>\n<\/ul>\n<p><strong>Ce produit est fourni sans fiche<\/strong><\/p>\n<ul>\n<li>Poids net : 20kg\n<\/li>\n<li>Dimensions : B40 x D70 x H28cm<br \/>\nPuissance de sortie : 1 x 4,5 kW<br \/>\nPuissance totale : 4,5 kW<br \/>\n400V \/ 50Hz \/ 3Phase 4500W<\/p>","protected":false},"excerpt":{"rendered":"<p>Les plats de viande et de poisson les plus d\u00e9licieux sont pr\u00e9par\u00e9s avec cette plancha \u00e9lectrique Heavy Duty \u00e0 une seule plaque lisse. Son design ergonomique et son bo\u00eetier en acier inoxydable sont id\u00e9aux pour une utilisation intensive dans les cuisines professionnelles. Vous pouvez \u00e9galement placer cette plancha dans une ligne de cuisson.<\/p>","protected":false},"featured_media":6865,"template":"","meta":{"_acf_changed":false},"product_brand":[],"product_cat":[495],"product_tag":[],"class_list":{"0":"post-14058","1":"product","2":"type-product","3":"status-publish","4":"has-post-thumbnail","6":"product_cat-plaques-pianos-de-cuisson-2","8":"first","9":"instock","10":"sale","11":"taxable","12":"shipping-taxable","13":"purchasable","14":"product-type-simple"},"acf":[],"yoast_head":"<!-- This site is optimized with the Yoast SEO plugin v27.5 - https:\/\/yoast.com\/product\/yoast-seo-wordpress\/ -->\n<title>Heavy Duty plaque de gril - lisse - unit\u00e9 simple - profondeur 70 cm - \u00e9lectrique - Gastora<\/title>\n<meta name=\"description\" content=\"Achetez Heavy Duty plaque de gril - lisse - unit\u00e9 simple - profondeur 70 cm - \u00e9lectrique au meilleur prix, fiable et performant avec une livraison rapide\" \/>\n<meta name=\"robots\" content=\"index, follow, max-snippet:-1, max-image-preview:large, max-video-preview:-1\" \/>\n<link rel=\"canonical\" href=\"https:\/\/gastora.eu\/en\/product\/heavy-duty-plaque-de-gril-lisse-unit-simple-profondeur-70-cm-lectrique\/\" \/>\n<meta property=\"og:locale\" content=\"en_US\" \/>\n<meta property=\"og:type\" content=\"article\" \/>\n<meta property=\"og:title\" content=\"Heavy Duty plaque de gril - lisse - unit\u00e9 simple - profondeur 70 cm - \u00e9lectrique - Gastora\" \/>\n<meta property=\"og:description\" content=\"Achetez Heavy Duty plaque de gril - lisse - unit\u00e9 simple - profondeur 70 cm - \u00e9lectrique au meilleur prix, fiable et performant avec une livraison rapide\" \/>\n<meta property=\"og:url\" content=\"https:\/\/gastora.eu\/en\/product\/heavy-duty-plaque-de-gril-lisse-unit-simple-profondeur-70-cm-lectrique\/\" \/>\n<meta property=\"og:site_name\" content=\"Gastora\" \/>\n<meta property=\"article:modified_time\" content=\"2026-04-28T16:55:49+00:00\" \/>\n<meta name=\"twitter:card\" content=\"summary_large_image\" \/>\n<meta name=\"twitter:label1\" content=\"Est. reading time\" \/>\n\t<meta name=\"twitter:data1\" content=\"2 minutes\" \/>\n<script type=\"application\/ld+json\" class=\"yoast-schema-graph\">{\"@context\":\"https:\\\/\\\/schema.org\",\"@graph\":[{\"@type\":\"WebPage\",\"@id\":\"https:\\\/\\\/gastora.eu\\\/product\\\/heavy-duty-plaque-de-gril-lisse-unit-simple-profondeur-70-cm-lectrique\\\/\",\"url\":\"https:\\\/\\\/gastora.eu\\\/product\\\/heavy-duty-plaque-de-gril-lisse-unit-simple-profondeur-70-cm-lectrique\\\/\",\"name\":\"Heavy Duty plaque de gril - lisse - unit\u00e9 simple - profondeur 70 cm - \u00e9lectrique - Gastora\",\"isPartOf\":{\"@id\":\"https:\\\/\\\/gastora.eu\\\/#website\"},\"primaryImageOfPage\":{\"@id\":\"https:\\\/\\\/gastora.eu\\\/product\\\/heavy-duty-plaque-de-gril-lisse-unit-simple-profondeur-70-cm-lectrique\\\/#primaryimage\"},\"image\":{\"@id\":\"https:\\\/\\\/gastora.eu\\\/product\\\/heavy-duty-plaque-de-gril-lisse-unit-simple-profondeur-70-cm-lectrique\\\/#primaryimage\"},\"thumbnailUrl\":\"https:\\\/\\\/gastora.eu\\\/wp-content\\\/uploads\\\/2026\\\/04\\\/maxima-electric-grill-half-smooth.jpg\",\"datePublished\":\"2026-04-25T17:42:27+00:00\",\"dateModified\":\"2026-04-28T16:55:49+00:00\",\"description\":\"Achetez Heavy Duty plaque de gril - lisse - unit\u00e9 simple - profondeur 70 cm - \u00e9lectrique au meilleur prix, fiable et performant avec une livraison rapide\",\"breadcrumb\":{\"@id\":\"https:\\\/\\\/gastora.eu\\\/product\\\/heavy-duty-plaque-de-gril-lisse-unit-simple-profondeur-70-cm-lectrique\\\/#breadcrumb\"},\"inLanguage\":\"en-US\",\"potentialAction\":[{\"@type\":\"ReadAction\",\"target\":[\"https:\\\/\\\/gastora.eu\\\/product\\\/heavy-duty-plaque-de-gril-lisse-unit-simple-profondeur-70-cm-lectrique\\\/\"]}]},{\"@type\":\"ImageObject\",\"inLanguage\":\"en-US\",\"@id\":\"https:\\\/\\\/gastora.eu\\\/product\\\/heavy-duty-plaque-de-gril-lisse-unit-simple-profondeur-70-cm-lectrique\\\/#primaryimage\",\"url\":\"https:\\\/\\\/gastora.eu\\\/wp-content\\\/uploads\\\/2026\\\/04\\\/maxima-electric-grill-half-smooth.jpg\",\"contentUrl\":\"https:\\\/\\\/gastora.eu\\\/wp-content\\\/uploads\\\/2026\\\/04\\\/maxima-electric-grill-half-smooth.jpg\",\"width\":1024,\"height\":1024},{\"@type\":\"BreadcrumbList\",\"@id\":\"https:\\\/\\\/gastora.eu\\\/product\\\/heavy-duty-plaque-de-gril-lisse-unit-simple-profondeur-70-cm-lectrique\\\/#breadcrumb\",\"itemListElement\":[{\"@type\":\"ListItem\",\"position\":1,\"name\":\"Home\",\"item\":\"https:\\\/\\\/gastora.eu\\\/\"},{\"@type\":\"ListItem\",\"position\":2,\"name\":\"Shop\",\"item\":\"https:\\\/\\\/gastora.eu\\\/shop\\\/\"},{\"@type\":\"ListItem\",\"position\":3,\"name\":\"Heavy Duty plaque de gril &#8211; lisse &#8211; unit\u00e9 simple &#8211; profondeur 70 cm &#8211; \u00e9lectrique\"}]},{\"@type\":\"WebSite\",\"@id\":\"https:\\\/\\\/gastora.eu\\\/#website\",\"url\":\"https:\\\/\\\/gastora.eu\\\/\",\"name\":\"Gastora\",\"description\":\"\u00c9quipements professionnels CHR\",\"publisher\":{\"@id\":\"https:\\\/\\\/gastora.eu\\\/#organization\"},\"potentialAction\":[{\"@type\":\"SearchAction\",\"target\":{\"@type\":\"EntryPoint\",\"urlTemplate\":\"https:\\\/\\\/gastora.eu\\\/?s={search_term_string}\"},\"query-input\":{\"@type\":\"PropertyValueSpecification\",\"valueRequired\":true,\"valueName\":\"search_term_string\"}}],\"inLanguage\":\"en-US\"},{\"@type\":\"Organization\",\"@id\":\"https:\\\/\\\/gastora.eu\\\/#organization\",\"name\":\"Gastora\",\"url\":\"https:\\\/\\\/gastora.eu\\\/\",\"logo\":{\"@type\":\"ImageObject\",\"inLanguage\":\"en-US\",\"@id\":\"https:\\\/\\\/gastora.eu\\\/#\\\/schema\\\/logo\\\/image\\\/\",\"url\":\"https:\\\/\\\/gastora.eu\\\/wp-content\\\/uploads\\\/2025\\\/12\\\/ChatGPT-Image-2-janv.-2026-22_52_47-1.png\",\"contentUrl\":\"https:\\\/\\\/gastora.eu\\\/wp-content\\\/uploads\\\/2025\\\/12\\\/ChatGPT-Image-2-janv.-2026-22_52_47-1.png\",\"width\":1536,\"height\":320,\"caption\":\"Gastora\"},\"image\":{\"@id\":\"https:\\\/\\\/gastora.eu\\\/#\\\/schema\\\/logo\\\/image\\\/\"}}]}<\/script>\n<!-- \/ Yoast SEO plugin. -->","yoast_head_json":{"title":"Heavy Duty plaque de gril - lisse - unit\u00e9 simple - profondeur 70 cm - \u00e9lectrique - Gastora","description":"Achetez Heavy Duty plaque de gril - lisse - unit\u00e9 simple - profondeur 70 cm - \u00e9lectrique au meilleur prix, fiable et performant avec une livraison rapide","robots":{"index":"index","follow":"follow","max-snippet":"max-snippet:-1","max-image-preview":"max-image-preview:large","max-video-preview":"max-video-preview:-1"},"canonical":"https:\/\/gastora.eu\/en\/product\/heavy-duty-plaque-de-gril-lisse-unit-simple-profondeur-70-cm-lectrique\/","og_locale":"en_US","og_type":"article","og_title":"Heavy Duty plaque de gril - lisse - unit\u00e9 simple - profondeur 70 cm - \u00e9lectrique - Gastora","og_description":"Achetez Heavy Duty plaque de gril - lisse - unit\u00e9 simple - profondeur 70 cm - \u00e9lectrique au meilleur prix, fiable et performant avec une livraison rapide","og_url":"https:\/\/gastora.eu\/en\/product\/heavy-duty-plaque-de-gril-lisse-unit-simple-profondeur-70-cm-lectrique\/","og_site_name":"Gastora","article_modified_time":"2026-04-28T16:55:49+00:00","twitter_card":"summary_large_image","twitter_misc":{"Est. reading time":"2 minutes"},"schema":{"@context":"https:\/\/schema.org","@graph":[{"@type":"WebPage","@id":"https:\/\/gastora.eu\/product\/heavy-duty-plaque-de-gril-lisse-unit-simple-profondeur-70-cm-lectrique\/","url":"https:\/\/gastora.eu\/product\/heavy-duty-plaque-de-gril-lisse-unit-simple-profondeur-70-cm-lectrique\/","name":"Heavy Duty plaque de gril - lisse - unit\u00e9 simple - profondeur 70 cm - \u00e9lectrique - Gastora","isPartOf":{"@id":"https:\/\/gastora.eu\/#website"},"primaryImageOfPage":{"@id":"https:\/\/gastora.eu\/product\/heavy-duty-plaque-de-gril-lisse-unit-simple-profondeur-70-cm-lectrique\/#primaryimage"},"image":{"@id":"https:\/\/gastora.eu\/product\/heavy-duty-plaque-de-gril-lisse-unit-simple-profondeur-70-cm-lectrique\/#primaryimage"},"thumbnailUrl":"https:\/\/gastora.eu\/wp-content\/uploads\/2026\/04\/maxima-electric-grill-half-smooth.jpg","datePublished":"2026-04-25T17:42:27+00:00","dateModified":"2026-04-28T16:55:49+00:00","description":"Achetez Heavy Duty plaque de gril - lisse - unit\u00e9 simple - profondeur 70 cm - \u00e9lectrique au meilleur prix, fiable et performant avec une livraison rapide","breadcrumb":{"@id":"https:\/\/gastora.eu\/product\/heavy-duty-plaque-de-gril-lisse-unit-simple-profondeur-70-cm-lectrique\/#breadcrumb"},"inLanguage":"en-US","potentialAction":[{"@type":"ReadAction","target":["https:\/\/gastora.eu\/product\/heavy-duty-plaque-de-gril-lisse-unit-simple-profondeur-70-cm-lectrique\/"]}]},{"@type":"ImageObject","inLanguage":"en-US","@id":"https:\/\/gastora.eu\/product\/heavy-duty-plaque-de-gril-lisse-unit-simple-profondeur-70-cm-lectrique\/#primaryimage","url":"https:\/\/gastora.eu\/wp-content\/uploads\/2026\/04\/maxima-electric-grill-half-smooth.jpg","contentUrl":"https:\/\/gastora.eu\/wp-content\/uploads\/2026\/04\/maxima-electric-grill-half-smooth.jpg","width":1024,"height":1024},{"@type":"BreadcrumbList","@id":"https:\/\/gastora.eu\/product\/heavy-duty-plaque-de-gril-lisse-unit-simple-profondeur-70-cm-lectrique\/#breadcrumb","itemListElement":[{"@type":"ListItem","position":1,"name":"Home","item":"https:\/\/gastora.eu\/"},{"@type":"ListItem","position":2,"name":"Shop","item":"https:\/\/gastora.eu\/shop\/"},{"@type":"ListItem","position":3,"name":"Heavy Duty plaque de gril &#8211; lisse &#8211; unit\u00e9 simple &#8211; profondeur 70 cm &#8211; \u00e9lectrique"}]},{"@type":"WebSite","@id":"https:\/\/gastora.eu\/#website","url":"https:\/\/gastora.eu\/","name":"Gastora","description":"\u00c9quipements professionnels CHR","publisher":{"@id":"https:\/\/gastora.eu\/#organization"},"potentialAction":[{"@type":"SearchAction","target":{"@type":"EntryPoint","urlTemplate":"https:\/\/gastora.eu\/?s={search_term_string}"},"query-input":{"@type":"PropertyValueSpecification","valueRequired":true,"valueName":"search_term_string"}}],"inLanguage":"en-US"},{"@type":"Organization","@id":"https:\/\/gastora.eu\/#organization","name":"Gastora","url":"https:\/\/gastora.eu\/","logo":{"@type":"ImageObject","inLanguage":"en-US","@id":"https:\/\/gastora.eu\/#\/schema\/logo\/image\/","url":"https:\/\/gastora.eu\/wp-content\/uploads\/2025\/12\/ChatGPT-Image-2-janv.-2026-22_52_47-1.png","contentUrl":"https:\/\/gastora.eu\/wp-content\/uploads\/2025\/12\/ChatGPT-Image-2-janv.-2026-22_52_47-1.png","width":1536,"height":320,"caption":"Gastora"},"image":{"@id":"https:\/\/gastora.eu\/#\/schema\/logo\/image\/"}}]}},"jetpack_sharing_enabled":true,"_links":{"self":[{"href":"https:\/\/gastora.eu\/en\/wp-json\/wp\/v2\/product\/14058","targetHints":{"allow":["GET"]}}],"collection":[{"href":"https:\/\/gastora.eu\/en\/wp-json\/wp\/v2\/product"}],"about":[{"href":"https:\/\/gastora.eu\/en\/wp-json\/wp\/v2\/types\/product"}],"wp:featuredmedia":[{"embeddable":true,"href":"https:\/\/gastora.eu\/en\/wp-json\/wp\/v2\/media\/6865"}],"wp:attachment":[{"href":"https:\/\/gastora.eu\/en\/wp-json\/wp\/v2\/media?parent=14058"}],"wp:term":[{"taxonomy":"product_brand","embeddable":true,"href":"https:\/\/gastora.eu\/en\/wp-json\/wp\/v2\/product_brand?post=14058"},{"taxonomy":"product_cat","embeddable":true,"href":"https:\/\/gastora.eu\/en\/wp-json\/wp\/v2\/product_cat?post=14058"},{"taxonomy":"product_tag","embeddable":true,"href":"https:\/\/gastora.eu\/en\/wp-json\/wp\/v2\/product_tag?post=14058"}],"curies":[{"name":"wp","href":"https:\/\/api.w.org\/{rel}","templated":true}]}}