{"id":14051,"date":"2026-04-25T17:42:18","date_gmt":"2026-04-25T17:42:18","guid":{"rendered":"https:\/\/gastora.eu\/?post_type=product&#038;p=14051"},"modified":"2026-04-28T16:55:48","modified_gmt":"2026-04-28T16:55:48","slug":"heavy-duty-plaque-de-gril-lisse-unit-double-profondeur-70-cm-gaz","status":"publish","type":"product","link":"https:\/\/gastora.eu\/en\/product\/heavy-duty-plaque-de-gril-lisse-unit-double-profondeur-70-cm-gaz\/","title":{"rendered":"Heavy Duty plaque de gril &#8211; lisse &#8211; unit\u00e9 double- profondeur 70 cm &#8211; gaz"},"content":{"rendered":"<p>Si vous pr\u00e9parez r\u00e9guli\u00e8rement les plats de viande et de poisson les plus d\u00e9licieux, une plaque de gril professionnelle et robuste est indispensable dans votre cuisine de restauration. Le gril pr\u00e9sente un grand avantage : il conserve la saveur et les vitamines plus longtemps et les plats sont cuits plus rapidement. Cette plaque de gril robuste est dot\u00e9e d&#8217;une double plaque de cuisson lisse de 15 mm en acier inoxydable tremp\u00e9 avec une finition satin\u00e9e. La plaque est encastr\u00e9e dans une cavit\u00e9 \u00e9tanche et le dessus est soud\u00e9 sans joints. Gr\u00e2ce \u00e0 la r\u00e9partition de la chaleur, les aliments sont cuits uniform\u00e9ment. Le gril s&#8217;int\u00e8gre parfaitement dans une ligne de cuisson.<\/p>\n<h3>\u00c9quip\u00e9 de pare-\u00e9claboussures <\/h3>\n<p>Cette plaque de gril professionnelle est dot\u00e9e d&#8217;un bac de r\u00e9cup\u00e9ration de 1,5 litre. En outre, vous pouvez r\u00e9gler la temp\u00e9rature entre 100 et 300\u00baC. L&#8217;appareil est \u00e9galement \u00e9quip\u00e9 d&#8217;une veilleuse et d&#8217;une vanne de s\u00e9curit\u00e9 gaz avec thermocouple. Malgr\u00e9 les temp\u00e9ratures \u00e9lev\u00e9es, il est toujours possible de travailler en toute s\u00e9curit\u00e9 avec cette plaque de gril professionnelle. Elle est \u00e9quip\u00e9e de pare-\u00e9claboussures en acier inoxydable pour \u00e9viter les fuites d&#8217;huile. Vous pouvez utiliser le gril avec du GPL ou du gaz naturel.<\/p>\n<h3>Facile \u00e0 nettoyerLe nettoyage de<\/h3>\n<p>la plaque de gril est tr\u00e8s facile. Un bac amovible situ\u00e9 sous l&#8217;appareil recueille les graisses. Gr\u00e2ce au bo\u00eetier et au pare-\u00e9claboussures en acier inoxydable, les surfaces lisses sont faciles \u00e0 nettoyer. Un grattoir permet d&#8217;\u00e9liminer les r\u00e9sidus grossiers. Un chiffon humide, de l&#8217;eau chaude et un d\u00e9tergent doux peuvent \u00eatre utilis\u00e9s pour nettoyer l&#8217;ext\u00e9rieur et le gril. Veillez \u00e0 ce que toutes les pi\u00e8ces soient bien s\u00e8ches avant de r\u00e9utiliser la plancha.<\/p>\n<ul>\n<li>Gril \u00e0 usage intensif Lisse &#8211; Double &#8211; Gaz<\/li>\n<li>Bo\u00eetier et protection contre les \u00e9claboussures enti\u00e8rement en acier inoxydable<\/li>\n<li>Dessus soud\u00e9 sans joints<\/li>\n<li>15.plaque en acier inoxydable tremp\u00e9 de 0 mm avec finition satin\u00e9e<\/li>\n<li>S&#8217;encastre parfaitement dans une niche \u00e9tanche<\/li>\n<li>Composants robustes<\/li>\n<li>\u00c9quip\u00e9 d&#8217;un grand bac de r\u00e9cup\u00e9ration de 1,5 L<\/li>\n<li>D\u00e9tonateurs \u00e9lectriques pi\u00e9zo\u00e9lectriques<\/li>\n<li>\u00c9quip\u00e9 d&#8217;un pilote<\/li>\n<li>Thermostat de s\u00e9curit\u00e9 100-300 degr\u00e9s Celsius<\/li>\n<li>Soupape de s\u00e9curit\u00e9 pour le gaz avec thermocouple<\/li>\n<li>Convient pour le GPL ou le gaz naturel<\/li>\n<li>Construction tr\u00e8s durable<\/li>\n<li>Conception hygi\u00e9nique<\/li>\n<li>Facile \u00e0 nettoyer<\/li>\n<li>Conception ergonomique<\/li>\n<li>Poids net : 40 kg<\/li>\n<li>Dimensions de l&#8217;appareil : L800 x D700 x H280 mm<\/li>\n<li>Puissance : 2 x 7,0 kW<\/li>\n<li>Puissance totale : 14,0 kW<\/li>\n<\/ul>\n<ul>\n<li>Injecteurs de gaz pr\u00e9install\u00e9s : G25 &#8211; Gaz naturel<\/li>\n<li>Injecteurs de gaz suppl\u00e9mentaires : G30 &#8211; GPL (Propane \/ Butane)<\/li>\n<\/ul>\n<ul>\n<li>Poids net : 40 kg<\/li>\n<li>Dimensions : 80 x 70 x 28 cm L80 x P70 x H28cm<\/li>\n<li>Puissance de sortie : 2 x 7,0 kW<\/li>\n<li>Puissance totale : 14,0 kW<\/li>\n<li>Injecteurs de gaz install\u00e9s G25-gaz naturel<\/li>\n<li>Jeu suppl\u00e9mentaire d&#8217;injecteurs de gaz : G30-GPL (propane\/butane)<br \/>","protected":false},"excerpt":{"rendered":"<p>Cette plancha \u00e0 gaz tr\u00e8s r\u00e9sistante est fabriqu\u00e9e en acier inoxydable \u00e9pais et pr\u00e9sente une double surface de gril lisse, id\u00e9ale pour cuire la viande, le poisson, les l\u00e9gumes et les \u0153ufs. Il s&#8217;agit d&#8217;une plaque id\u00e9ale pour une utilisation intensive dans les cuisines professionnelles. En outre, cette plaque de gril s&#8217;adapte \u00e0 une ligne de cuisson de 700 mm de profondeur.<\/p>","protected":false},"featured_media":6851,"template":"","meta":{"_acf_changed":false},"product_brand":[],"product_cat":[495],"product_tag":[],"class_list":{"0":"post-14051","1":"product","2":"type-product","3":"status-publish","4":"has-post-thumbnail","6":"product_cat-plaques-pianos-de-cuisson-2","8":"first","9":"instock","10":"sale","11":"taxable","12":"shipping-taxable","13":"purchasable","14":"product-type-simple"},"acf":[],"yoast_head":"<!-- This site is optimized with the Yoast SEO plugin v27.6 - https:\/\/yoast.com\/product\/yoast-seo-wordpress\/ -->\n<title>Heavy Duty plaque de gril - lisse - unit\u00e9 double- profondeur 70 cm - gaz - Gastora<\/title>\n<meta name=\"description\" content=\"Achetez Heavy Duty plaque de gril - lisse - unit\u00e9 double- profondeur 70 cm - gaz au meilleur prix, fiable et performant avec une livraison rapide\" \/>\n<meta name=\"robots\" content=\"index, follow, max-snippet:-1, max-image-preview:large, max-video-preview:-1\" \/>\n<link rel=\"canonical\" href=\"https:\/\/gastora.eu\/en\/product\/heavy-duty-plaque-de-gril-lisse-unit-double-profondeur-70-cm-gaz\/\" \/>\n<meta property=\"og:locale\" content=\"en_US\" \/>\n<meta property=\"og:type\" content=\"article\" \/>\n<meta property=\"og:title\" content=\"Heavy Duty plaque de gril - lisse - unit\u00e9 double- profondeur 70 cm - gaz - Gastora\" \/>\n<meta property=\"og:description\" content=\"Achetez Heavy Duty plaque de gril - lisse - unit\u00e9 double- profondeur 70 cm - gaz au meilleur prix, fiable et performant avec une livraison rapide\" \/>\n<meta property=\"og:url\" content=\"https:\/\/gastora.eu\/en\/product\/heavy-duty-plaque-de-gril-lisse-unit-double-profondeur-70-cm-gaz\/\" \/>\n<meta property=\"og:site_name\" content=\"Gastora\" \/>\n<meta property=\"article:modified_time\" content=\"2026-04-28T16:55:48+00:00\" \/>\n<meta name=\"twitter:card\" content=\"summary_large_image\" \/>\n<meta name=\"twitter:label1\" content=\"Est. reading time\" \/>\n\t<meta name=\"twitter:data1\" content=\"2 minutes\" \/>\n<script type=\"application\/ld+json\" class=\"yoast-schema-graph\">{\"@context\":\"https:\\\/\\\/schema.org\",\"@graph\":[{\"@type\":\"WebPage\",\"@id\":\"https:\\\/\\\/gastora.eu\\\/product\\\/heavy-duty-plaque-de-gril-lisse-unit-double-profondeur-70-cm-gaz\\\/\",\"url\":\"https:\\\/\\\/gastora.eu\\\/product\\\/heavy-duty-plaque-de-gril-lisse-unit-double-profondeur-70-cm-gaz\\\/\",\"name\":\"Heavy Duty plaque de gril - lisse - unit\u00e9 double- profondeur 70 cm - gaz - Gastora\",\"isPartOf\":{\"@id\":\"https:\\\/\\\/gastora.eu\\\/#website\"},\"primaryImageOfPage\":{\"@id\":\"https:\\\/\\\/gastora.eu\\\/product\\\/heavy-duty-plaque-de-gril-lisse-unit-double-profondeur-70-cm-gaz\\\/#primaryimage\"},\"image\":{\"@id\":\"https:\\\/\\\/gastora.eu\\\/product\\\/heavy-duty-plaque-de-gril-lisse-unit-double-profondeur-70-cm-gaz\\\/#primaryimage\"},\"thumbnailUrl\":\"https:\\\/\\\/gastora.eu\\\/wp-content\\\/uploads\\\/2026\\\/04\\\/maxima-gas-griddle-800-smooth.jpg\",\"datePublished\":\"2026-04-25T17:42:18+00:00\",\"dateModified\":\"2026-04-28T16:55:48+00:00\",\"description\":\"Achetez Heavy Duty plaque de gril - lisse - unit\u00e9 double- profondeur 70 cm - gaz au meilleur prix, fiable et performant avec une livraison rapide\",\"breadcrumb\":{\"@id\":\"https:\\\/\\\/gastora.eu\\\/product\\\/heavy-duty-plaque-de-gril-lisse-unit-double-profondeur-70-cm-gaz\\\/#breadcrumb\"},\"inLanguage\":\"en-US\",\"potentialAction\":[{\"@type\":\"ReadAction\",\"target\":[\"https:\\\/\\\/gastora.eu\\\/product\\\/heavy-duty-plaque-de-gril-lisse-unit-double-profondeur-70-cm-gaz\\\/\"]}]},{\"@type\":\"ImageObject\",\"inLanguage\":\"en-US\",\"@id\":\"https:\\\/\\\/gastora.eu\\\/product\\\/heavy-duty-plaque-de-gril-lisse-unit-double-profondeur-70-cm-gaz\\\/#primaryimage\",\"url\":\"https:\\\/\\\/gastora.eu\\\/wp-content\\\/uploads\\\/2026\\\/04\\\/maxima-gas-griddle-800-smooth.jpg\",\"contentUrl\":\"https:\\\/\\\/gastora.eu\\\/wp-content\\\/uploads\\\/2026\\\/04\\\/maxima-gas-griddle-800-smooth.jpg\",\"width\":1024,\"height\":708},{\"@type\":\"BreadcrumbList\",\"@id\":\"https:\\\/\\\/gastora.eu\\\/product\\\/heavy-duty-plaque-de-gril-lisse-unit-double-profondeur-70-cm-gaz\\\/#breadcrumb\",\"itemListElement\":[{\"@type\":\"ListItem\",\"position\":1,\"name\":\"Home\",\"item\":\"https:\\\/\\\/gastora.eu\\\/\"},{\"@type\":\"ListItem\",\"position\":2,\"name\":\"Shop\",\"item\":\"https:\\\/\\\/gastora.eu\\\/shop\\\/\"},{\"@type\":\"ListItem\",\"position\":3,\"name\":\"Heavy Duty plaque de gril &#8211; lisse &#8211; unit\u00e9 double- profondeur 70 cm &#8211; gaz\"}]},{\"@type\":\"WebSite\",\"@id\":\"https:\\\/\\\/gastora.eu\\\/#website\",\"url\":\"https:\\\/\\\/gastora.eu\\\/\",\"name\":\"Gastora\",\"description\":\"\u00c9quipements professionnels CHR\",\"publisher\":{\"@id\":\"https:\\\/\\\/gastora.eu\\\/#organization\"},\"potentialAction\":[{\"@type\":\"SearchAction\",\"target\":{\"@type\":\"EntryPoint\",\"urlTemplate\":\"https:\\\/\\\/gastora.eu\\\/?s={search_term_string}\"},\"query-input\":{\"@type\":\"PropertyValueSpecification\",\"valueRequired\":true,\"valueName\":\"search_term_string\"}}],\"inLanguage\":\"en-US\"},{\"@type\":\"Organization\",\"@id\":\"https:\\\/\\\/gastora.eu\\\/#organization\",\"name\":\"Gastora\",\"url\":\"https:\\\/\\\/gastora.eu\\\/\",\"logo\":{\"@type\":\"ImageObject\",\"inLanguage\":\"en-US\",\"@id\":\"https:\\\/\\\/gastora.eu\\\/#\\\/schema\\\/logo\\\/image\\\/\",\"url\":\"https:\\\/\\\/gastora.eu\\\/wp-content\\\/uploads\\\/2025\\\/12\\\/ChatGPT-Image-2-janv.-2026-22_52_47-1.png\",\"contentUrl\":\"https:\\\/\\\/gastora.eu\\\/wp-content\\\/uploads\\\/2025\\\/12\\\/ChatGPT-Image-2-janv.-2026-22_52_47-1.png\",\"width\":1536,\"height\":320,\"caption\":\"Gastora\"},\"image\":{\"@id\":\"https:\\\/\\\/gastora.eu\\\/#\\\/schema\\\/logo\\\/image\\\/\"}}]}<\/script>\n<!-- \/ Yoast SEO plugin. -->","yoast_head_json":{"title":"Heavy Duty plaque de gril - lisse - unit\u00e9 double- profondeur 70 cm - gaz - Gastora","description":"Achetez Heavy Duty plaque de gril - lisse - unit\u00e9 double- profondeur 70 cm - gaz au meilleur prix, fiable et performant avec une livraison rapide","robots":{"index":"index","follow":"follow","max-snippet":"max-snippet:-1","max-image-preview":"max-image-preview:large","max-video-preview":"max-video-preview:-1"},"canonical":"https:\/\/gastora.eu\/en\/product\/heavy-duty-plaque-de-gril-lisse-unit-double-profondeur-70-cm-gaz\/","og_locale":"en_US","og_type":"article","og_title":"Heavy Duty plaque de gril - lisse - unit\u00e9 double- profondeur 70 cm - gaz - Gastora","og_description":"Achetez Heavy Duty plaque de gril - lisse - unit\u00e9 double- profondeur 70 cm - gaz au meilleur prix, fiable et performant avec une livraison rapide","og_url":"https:\/\/gastora.eu\/en\/product\/heavy-duty-plaque-de-gril-lisse-unit-double-profondeur-70-cm-gaz\/","og_site_name":"Gastora","article_modified_time":"2026-04-28T16:55:48+00:00","twitter_card":"summary_large_image","twitter_misc":{"Est. reading time":"2 minutes"},"schema":{"@context":"https:\/\/schema.org","@graph":[{"@type":"WebPage","@id":"https:\/\/gastora.eu\/product\/heavy-duty-plaque-de-gril-lisse-unit-double-profondeur-70-cm-gaz\/","url":"https:\/\/gastora.eu\/product\/heavy-duty-plaque-de-gril-lisse-unit-double-profondeur-70-cm-gaz\/","name":"Heavy Duty plaque de gril - lisse - unit\u00e9 double- profondeur 70 cm - gaz - Gastora","isPartOf":{"@id":"https:\/\/gastora.eu\/#website"},"primaryImageOfPage":{"@id":"https:\/\/gastora.eu\/product\/heavy-duty-plaque-de-gril-lisse-unit-double-profondeur-70-cm-gaz\/#primaryimage"},"image":{"@id":"https:\/\/gastora.eu\/product\/heavy-duty-plaque-de-gril-lisse-unit-double-profondeur-70-cm-gaz\/#primaryimage"},"thumbnailUrl":"https:\/\/gastora.eu\/wp-content\/uploads\/2026\/04\/maxima-gas-griddle-800-smooth.jpg","datePublished":"2026-04-25T17:42:18+00:00","dateModified":"2026-04-28T16:55:48+00:00","description":"Achetez Heavy Duty plaque de gril - lisse - unit\u00e9 double- profondeur 70 cm - gaz au meilleur prix, fiable et performant avec une livraison rapide","breadcrumb":{"@id":"https:\/\/gastora.eu\/product\/heavy-duty-plaque-de-gril-lisse-unit-double-profondeur-70-cm-gaz\/#breadcrumb"},"inLanguage":"en-US","potentialAction":[{"@type":"ReadAction","target":["https:\/\/gastora.eu\/product\/heavy-duty-plaque-de-gril-lisse-unit-double-profondeur-70-cm-gaz\/"]}]},{"@type":"ImageObject","inLanguage":"en-US","@id":"https:\/\/gastora.eu\/product\/heavy-duty-plaque-de-gril-lisse-unit-double-profondeur-70-cm-gaz\/#primaryimage","url":"https:\/\/gastora.eu\/wp-content\/uploads\/2026\/04\/maxima-gas-griddle-800-smooth.jpg","contentUrl":"https:\/\/gastora.eu\/wp-content\/uploads\/2026\/04\/maxima-gas-griddle-800-smooth.jpg","width":1024,"height":708},{"@type":"BreadcrumbList","@id":"https:\/\/gastora.eu\/product\/heavy-duty-plaque-de-gril-lisse-unit-double-profondeur-70-cm-gaz\/#breadcrumb","itemListElement":[{"@type":"ListItem","position":1,"name":"Home","item":"https:\/\/gastora.eu\/"},{"@type":"ListItem","position":2,"name":"Shop","item":"https:\/\/gastora.eu\/shop\/"},{"@type":"ListItem","position":3,"name":"Heavy Duty plaque de gril &#8211; lisse &#8211; unit\u00e9 double- profondeur 70 cm &#8211; gaz"}]},{"@type":"WebSite","@id":"https:\/\/gastora.eu\/#website","url":"https:\/\/gastora.eu\/","name":"Gastora","description":"\u00c9quipements professionnels CHR","publisher":{"@id":"https:\/\/gastora.eu\/#organization"},"potentialAction":[{"@type":"SearchAction","target":{"@type":"EntryPoint","urlTemplate":"https:\/\/gastora.eu\/?s={search_term_string}"},"query-input":{"@type":"PropertyValueSpecification","valueRequired":true,"valueName":"search_term_string"}}],"inLanguage":"en-US"},{"@type":"Organization","@id":"https:\/\/gastora.eu\/#organization","name":"Gastora","url":"https:\/\/gastora.eu\/","logo":{"@type":"ImageObject","inLanguage":"en-US","@id":"https:\/\/gastora.eu\/#\/schema\/logo\/image\/","url":"https:\/\/gastora.eu\/wp-content\/uploads\/2025\/12\/ChatGPT-Image-2-janv.-2026-22_52_47-1.png","contentUrl":"https:\/\/gastora.eu\/wp-content\/uploads\/2025\/12\/ChatGPT-Image-2-janv.-2026-22_52_47-1.png","width":1536,"height":320,"caption":"Gastora"},"image":{"@id":"https:\/\/gastora.eu\/#\/schema\/logo\/image\/"}}]}},"jetpack_sharing_enabled":true,"_links":{"self":[{"href":"https:\/\/gastora.eu\/en\/wp-json\/wp\/v2\/product\/14051","targetHints":{"allow":["GET"]}}],"collection":[{"href":"https:\/\/gastora.eu\/en\/wp-json\/wp\/v2\/product"}],"about":[{"href":"https:\/\/gastora.eu\/en\/wp-json\/wp\/v2\/types\/product"}],"wp:featuredmedia":[{"embeddable":true,"href":"https:\/\/gastora.eu\/en\/wp-json\/wp\/v2\/media\/6851"}],"wp:attachment":[{"href":"https:\/\/gastora.eu\/en\/wp-json\/wp\/v2\/media?parent=14051"}],"wp:term":[{"taxonomy":"product_brand","embeddable":true,"href":"https:\/\/gastora.eu\/en\/wp-json\/wp\/v2\/product_brand?post=14051"},{"taxonomy":"product_cat","embeddable":true,"href":"https:\/\/gastora.eu\/en\/wp-json\/wp\/v2\/product_cat?post=14051"},{"taxonomy":"product_tag","embeddable":true,"href":"https:\/\/gastora.eu\/en\/wp-json\/wp\/v2\/product_tag?post=14051"}],"curies":[{"name":"wp","href":"https:\/\/api.w.org\/{rel}","templated":true}]}}