{"id":14050,"date":"2026-04-25T17:42:17","date_gmt":"2026-04-25T17:42:17","guid":{"rendered":"https:\/\/gastora.eu\/?post_type=product&#038;p=14050"},"modified":"2026-04-28T16:55:48","modified_gmt":"2026-04-28T16:55:48","slug":"heavy-duty-plaque-de-gril-rainur-unit-simple-profondeur-70-cm-gaz","status":"publish","type":"product","link":"https:\/\/gastora.eu\/en\/product\/heavy-duty-plaque-de-gril-rainur-unit-simple-profondeur-70-cm-gaz\/","title":{"rendered":"Heavy Duty plaque de gril &#8211; rainur\u00e9 &#8211; unit\u00e9 simple &#8211; profondeur 70 cm &#8211; gaz"},"content":{"rendered":"<p>Pour des plats de viande, de poisson et de l\u00e9gumes savoureux, vous pouvez utiliser une plaque chauffante. Avec cette plaque rainur\u00e9e de 40 x 60 cm dans votre ligne de cuisson, vos plats sont pr\u00eats rapidement. Cette plaque est plac\u00e9e dans une niche \u00e9tanche et convient au GPL ou au gaz naturel. Vous pouvez \u00e9galement la placer dans votre ligne de cuisson ou sur une base en acier inoxydable, que vous pouvez facilement commander dans notre boutique en ligne.<\/p>\n<h3>Enti\u00e8rement en acier inoxydable<\/h3>\n<p>Comme vous pouvez l&#8217;attendre de tous les appareils professionnels de notre gamme de cuisson 700, la qualit\u00e9 ne d\u00e9\u00e7oit jamais. Cette plaque de cuisson r\u00e9sistante est enti\u00e8rement fabriqu\u00e9e en acier inoxydable et pr\u00e9sente des finitions soign\u00e9es. La plaque elle-m\u00eame est fabriqu\u00e9e en acier de 15 mm et a une surface de gril de 34,4 x 45,8 cm. Le large pare-\u00e9claboussures emp\u00eache les \u00e9claboussures sur le mur et il y a \u00e9galement un bac de r\u00e9cup\u00e9ration amovible en acier inoxydable au fond qui peut recueillir jusqu&#8217;\u00e0 1,5 litre de graisse.<\/p>\n<h3>Obtenez rapidement la bonne temp\u00e9rature<\/h3>\n<p>Parce que les cuisines de restauration peuvent \u00eatre tr\u00e8s occup\u00e9es, il est bon de savoir que vous pouvez d\u00e9marrer rapidement avec cette plancha. Vous l&#8217;allumez gr\u00e2ce \u00e0 l&#8217;allumage pi\u00e9zo pratique : appuyez sur le bouton rotatif et tournez-le directement \u00e0 la temp\u00e9rature souhait\u00e9e. Les br\u00fbleurs en acier inoxydable atteignent 200\u00b0C en seulement dix minutes. Vous pouvez \u00e9galement augmenter la temp\u00e9rature jusqu&#8217;\u00e0 300\u00b0C.<\/p>\n<p><strong>Caract\u00e9ristiques du produit<\/strong><\/p>\n<ul>\n<li>Poids net : 20 kg<\/li>\n<li>Surface du gril : 34,4 x 45,8 cm<\/li>\n<li>Dimensions de l&#8217;appareil : L40 x P70 x H28cm<\/li>\n<li>Puissance totale : 7,0 kW<\/li>\n<li>Plage de temp\u00e9rature : 50-300\u00b0C<\/li>\n<li>Injecteurs de gaz install\u00e9s : G25 &#8211; Gaz naturel<\/li>\n<li>Jeu suppl\u00e9mentaire d&#8217;injecteurs de gaz : G30 &#8211; GPL (Propane \/ Butane)<\/li>\n<\/ul>","protected":false},"excerpt":{"rendered":"<p>Cette plaque de cuisson \u00e0 gaz robuste avec plaque de gril rainur\u00e9e fait partie de la gamme de cuisson 700. Elle est fabriqu\u00e9e en acier inoxydable et comporte des protections contre les \u00e9claboussures et un bac de r\u00e9cup\u00e9ration des graisses. Elle est donc facile \u00e0 nettoyer et convient \u00e0 un usage quotidien intensif dans les cuisines professionnelles.<\/p><\/p>","protected":false},"featured_media":6849,"template":"","meta":{"_acf_changed":false},"product_brand":[],"product_cat":[495],"product_tag":[],"class_list":{"0":"post-14050","1":"product","2":"type-product","3":"status-publish","4":"has-post-thumbnail","6":"product_cat-plaques-pianos-de-cuisson-2","8":"first","9":"instock","10":"sale","11":"taxable","12":"shipping-taxable","13":"purchasable","14":"product-type-simple"},"acf":[],"yoast_head":"<!-- This site is optimized with the Yoast SEO plugin v27.5 - https:\/\/yoast.com\/product\/yoast-seo-wordpress\/ -->\n<title>Heavy Duty plaque de gril - rainur\u00e9 - unit\u00e9 simple - profondeur 70 cm - gaz - Gastora<\/title>\n<meta name=\"description\" content=\"Achetez Heavy Duty plaque de gril - rainur\u00e9 - unit\u00e9 simple - profondeur 70 cm - gaz au meilleur prix, fiable et performant avec une livraison rapide\" \/>\n<meta name=\"robots\" content=\"index, follow, max-snippet:-1, max-image-preview:large, max-video-preview:-1\" \/>\n<link rel=\"canonical\" href=\"https:\/\/gastora.eu\/en\/product\/heavy-duty-plaque-de-gril-rainur-unit-simple-profondeur-70-cm-gaz\/\" \/>\n<meta property=\"og:locale\" content=\"en_US\" \/>\n<meta property=\"og:type\" content=\"article\" \/>\n<meta property=\"og:title\" content=\"Heavy Duty plaque de gril - rainur\u00e9 - unit\u00e9 simple - profondeur 70 cm - gaz - Gastora\" \/>\n<meta property=\"og:description\" content=\"Achetez Heavy Duty plaque de gril - rainur\u00e9 - unit\u00e9 simple - profondeur 70 cm - gaz au meilleur prix, fiable et performant avec une livraison rapide\" \/>\n<meta property=\"og:url\" content=\"https:\/\/gastora.eu\/en\/product\/heavy-duty-plaque-de-gril-rainur-unit-simple-profondeur-70-cm-gaz\/\" \/>\n<meta property=\"og:site_name\" content=\"Gastora\" \/>\n<meta property=\"article:modified_time\" content=\"2026-04-28T16:55:48+00:00\" \/>\n<meta name=\"twitter:card\" content=\"summary_large_image\" \/>\n<meta name=\"twitter:label1\" content=\"Est. reading time\" \/>\n\t<meta name=\"twitter:data1\" content=\"2 minutes\" \/>\n<script type=\"application\/ld+json\" class=\"yoast-schema-graph\">{\"@context\":\"https:\\\/\\\/schema.org\",\"@graph\":[{\"@type\":\"WebPage\",\"@id\":\"https:\\\/\\\/gastora.eu\\\/product\\\/heavy-duty-plaque-de-gril-rainur-unit-simple-profondeur-70-cm-gaz\\\/\",\"url\":\"https:\\\/\\\/gastora.eu\\\/product\\\/heavy-duty-plaque-de-gril-rainur-unit-simple-profondeur-70-cm-gaz\\\/\",\"name\":\"Heavy Duty plaque de gril - rainur\u00e9 - unit\u00e9 simple - profondeur 70 cm - gaz - Gastora\",\"isPartOf\":{\"@id\":\"https:\\\/\\\/gastora.eu\\\/#website\"},\"primaryImageOfPage\":{\"@id\":\"https:\\\/\\\/gastora.eu\\\/product\\\/heavy-duty-plaque-de-gril-rainur-unit-simple-profondeur-70-cm-gaz\\\/#primaryimage\"},\"image\":{\"@id\":\"https:\\\/\\\/gastora.eu\\\/product\\\/heavy-duty-plaque-de-gril-rainur-unit-simple-profondeur-70-cm-gaz\\\/#primaryimage\"},\"thumbnailUrl\":\"https:\\\/\\\/gastora.eu\\\/wp-content\\\/uploads\\\/2026\\\/04\\\/maxima-gas-griddle-400-grooved-1.jpg\",\"datePublished\":\"2026-04-25T17:42:17+00:00\",\"dateModified\":\"2026-04-28T16:55:48+00:00\",\"description\":\"Achetez Heavy Duty plaque de gril - rainur\u00e9 - unit\u00e9 simple - profondeur 70 cm - gaz au meilleur prix, fiable et performant avec une livraison rapide\",\"breadcrumb\":{\"@id\":\"https:\\\/\\\/gastora.eu\\\/product\\\/heavy-duty-plaque-de-gril-rainur-unit-simple-profondeur-70-cm-gaz\\\/#breadcrumb\"},\"inLanguage\":\"en-US\",\"potentialAction\":[{\"@type\":\"ReadAction\",\"target\":[\"https:\\\/\\\/gastora.eu\\\/product\\\/heavy-duty-plaque-de-gril-rainur-unit-simple-profondeur-70-cm-gaz\\\/\"]}]},{\"@type\":\"ImageObject\",\"inLanguage\":\"en-US\",\"@id\":\"https:\\\/\\\/gastora.eu\\\/product\\\/heavy-duty-plaque-de-gril-rainur-unit-simple-profondeur-70-cm-gaz\\\/#primaryimage\",\"url\":\"https:\\\/\\\/gastora.eu\\\/wp-content\\\/uploads\\\/2026\\\/04\\\/maxima-gas-griddle-400-grooved-1.jpg\",\"contentUrl\":\"https:\\\/\\\/gastora.eu\\\/wp-content\\\/uploads\\\/2026\\\/04\\\/maxima-gas-griddle-400-grooved-1.jpg\",\"width\":750,\"height\":750},{\"@type\":\"BreadcrumbList\",\"@id\":\"https:\\\/\\\/gastora.eu\\\/product\\\/heavy-duty-plaque-de-gril-rainur-unit-simple-profondeur-70-cm-gaz\\\/#breadcrumb\",\"itemListElement\":[{\"@type\":\"ListItem\",\"position\":1,\"name\":\"Home\",\"item\":\"https:\\\/\\\/gastora.eu\\\/\"},{\"@type\":\"ListItem\",\"position\":2,\"name\":\"Shop\",\"item\":\"https:\\\/\\\/gastora.eu\\\/shop\\\/\"},{\"@type\":\"ListItem\",\"position\":3,\"name\":\"Heavy Duty plaque de gril &#8211; rainur\u00e9 &#8211; unit\u00e9 simple &#8211; profondeur 70 cm &#8211; gaz\"}]},{\"@type\":\"WebSite\",\"@id\":\"https:\\\/\\\/gastora.eu\\\/#website\",\"url\":\"https:\\\/\\\/gastora.eu\\\/\",\"name\":\"Gastora\",\"description\":\"\u00c9quipements professionnels CHR\",\"publisher\":{\"@id\":\"https:\\\/\\\/gastora.eu\\\/#organization\"},\"potentialAction\":[{\"@type\":\"SearchAction\",\"target\":{\"@type\":\"EntryPoint\",\"urlTemplate\":\"https:\\\/\\\/gastora.eu\\\/?s={search_term_string}\"},\"query-input\":{\"@type\":\"PropertyValueSpecification\",\"valueRequired\":true,\"valueName\":\"search_term_string\"}}],\"inLanguage\":\"en-US\"},{\"@type\":\"Organization\",\"@id\":\"https:\\\/\\\/gastora.eu\\\/#organization\",\"name\":\"Gastora\",\"url\":\"https:\\\/\\\/gastora.eu\\\/\",\"logo\":{\"@type\":\"ImageObject\",\"inLanguage\":\"en-US\",\"@id\":\"https:\\\/\\\/gastora.eu\\\/#\\\/schema\\\/logo\\\/image\\\/\",\"url\":\"https:\\\/\\\/gastora.eu\\\/wp-content\\\/uploads\\\/2025\\\/12\\\/ChatGPT-Image-2-janv.-2026-22_52_47-1.png\",\"contentUrl\":\"https:\\\/\\\/gastora.eu\\\/wp-content\\\/uploads\\\/2025\\\/12\\\/ChatGPT-Image-2-janv.-2026-22_52_47-1.png\",\"width\":1536,\"height\":320,\"caption\":\"Gastora\"},\"image\":{\"@id\":\"https:\\\/\\\/gastora.eu\\\/#\\\/schema\\\/logo\\\/image\\\/\"}}]}<\/script>\n<!-- \/ Yoast SEO plugin. -->","yoast_head_json":{"title":"Heavy Duty plaque de gril - rainur\u00e9 - unit\u00e9 simple - profondeur 70 cm - gaz - Gastora","description":"Achetez Heavy Duty plaque de gril - rainur\u00e9 - unit\u00e9 simple - profondeur 70 cm - gaz au meilleur prix, fiable et performant avec une livraison rapide","robots":{"index":"index","follow":"follow","max-snippet":"max-snippet:-1","max-image-preview":"max-image-preview:large","max-video-preview":"max-video-preview:-1"},"canonical":"https:\/\/gastora.eu\/en\/product\/heavy-duty-plaque-de-gril-rainur-unit-simple-profondeur-70-cm-gaz\/","og_locale":"en_US","og_type":"article","og_title":"Heavy Duty plaque de gril - rainur\u00e9 - unit\u00e9 simple - profondeur 70 cm - gaz - Gastora","og_description":"Achetez Heavy Duty plaque de gril - rainur\u00e9 - unit\u00e9 simple - profondeur 70 cm - gaz au meilleur prix, fiable et performant avec une livraison rapide","og_url":"https:\/\/gastora.eu\/en\/product\/heavy-duty-plaque-de-gril-rainur-unit-simple-profondeur-70-cm-gaz\/","og_site_name":"Gastora","article_modified_time":"2026-04-28T16:55:48+00:00","twitter_card":"summary_large_image","twitter_misc":{"Est. reading time":"2 minutes"},"schema":{"@context":"https:\/\/schema.org","@graph":[{"@type":"WebPage","@id":"https:\/\/gastora.eu\/product\/heavy-duty-plaque-de-gril-rainur-unit-simple-profondeur-70-cm-gaz\/","url":"https:\/\/gastora.eu\/product\/heavy-duty-plaque-de-gril-rainur-unit-simple-profondeur-70-cm-gaz\/","name":"Heavy Duty plaque de gril - rainur\u00e9 - unit\u00e9 simple - profondeur 70 cm - gaz - Gastora","isPartOf":{"@id":"https:\/\/gastora.eu\/#website"},"primaryImageOfPage":{"@id":"https:\/\/gastora.eu\/product\/heavy-duty-plaque-de-gril-rainur-unit-simple-profondeur-70-cm-gaz\/#primaryimage"},"image":{"@id":"https:\/\/gastora.eu\/product\/heavy-duty-plaque-de-gril-rainur-unit-simple-profondeur-70-cm-gaz\/#primaryimage"},"thumbnailUrl":"https:\/\/gastora.eu\/wp-content\/uploads\/2026\/04\/maxima-gas-griddle-400-grooved-1.jpg","datePublished":"2026-04-25T17:42:17+00:00","dateModified":"2026-04-28T16:55:48+00:00","description":"Achetez Heavy Duty plaque de gril - rainur\u00e9 - unit\u00e9 simple - profondeur 70 cm - gaz au meilleur prix, fiable et performant avec une livraison rapide","breadcrumb":{"@id":"https:\/\/gastora.eu\/product\/heavy-duty-plaque-de-gril-rainur-unit-simple-profondeur-70-cm-gaz\/#breadcrumb"},"inLanguage":"en-US","potentialAction":[{"@type":"ReadAction","target":["https:\/\/gastora.eu\/product\/heavy-duty-plaque-de-gril-rainur-unit-simple-profondeur-70-cm-gaz\/"]}]},{"@type":"ImageObject","inLanguage":"en-US","@id":"https:\/\/gastora.eu\/product\/heavy-duty-plaque-de-gril-rainur-unit-simple-profondeur-70-cm-gaz\/#primaryimage","url":"https:\/\/gastora.eu\/wp-content\/uploads\/2026\/04\/maxima-gas-griddle-400-grooved-1.jpg","contentUrl":"https:\/\/gastora.eu\/wp-content\/uploads\/2026\/04\/maxima-gas-griddle-400-grooved-1.jpg","width":750,"height":750},{"@type":"BreadcrumbList","@id":"https:\/\/gastora.eu\/product\/heavy-duty-plaque-de-gril-rainur-unit-simple-profondeur-70-cm-gaz\/#breadcrumb","itemListElement":[{"@type":"ListItem","position":1,"name":"Home","item":"https:\/\/gastora.eu\/"},{"@type":"ListItem","position":2,"name":"Shop","item":"https:\/\/gastora.eu\/shop\/"},{"@type":"ListItem","position":3,"name":"Heavy Duty plaque de gril &#8211; rainur\u00e9 &#8211; unit\u00e9 simple &#8211; profondeur 70 cm &#8211; gaz"}]},{"@type":"WebSite","@id":"https:\/\/gastora.eu\/#website","url":"https:\/\/gastora.eu\/","name":"Gastora","description":"\u00c9quipements professionnels CHR","publisher":{"@id":"https:\/\/gastora.eu\/#organization"},"potentialAction":[{"@type":"SearchAction","target":{"@type":"EntryPoint","urlTemplate":"https:\/\/gastora.eu\/?s={search_term_string}"},"query-input":{"@type":"PropertyValueSpecification","valueRequired":true,"valueName":"search_term_string"}}],"inLanguage":"en-US"},{"@type":"Organization","@id":"https:\/\/gastora.eu\/#organization","name":"Gastora","url":"https:\/\/gastora.eu\/","logo":{"@type":"ImageObject","inLanguage":"en-US","@id":"https:\/\/gastora.eu\/#\/schema\/logo\/image\/","url":"https:\/\/gastora.eu\/wp-content\/uploads\/2025\/12\/ChatGPT-Image-2-janv.-2026-22_52_47-1.png","contentUrl":"https:\/\/gastora.eu\/wp-content\/uploads\/2025\/12\/ChatGPT-Image-2-janv.-2026-22_52_47-1.png","width":1536,"height":320,"caption":"Gastora"},"image":{"@id":"https:\/\/gastora.eu\/#\/schema\/logo\/image\/"}}]}},"jetpack_sharing_enabled":true,"_links":{"self":[{"href":"https:\/\/gastora.eu\/en\/wp-json\/wp\/v2\/product\/14050","targetHints":{"allow":["GET"]}}],"collection":[{"href":"https:\/\/gastora.eu\/en\/wp-json\/wp\/v2\/product"}],"about":[{"href":"https:\/\/gastora.eu\/en\/wp-json\/wp\/v2\/types\/product"}],"wp:featuredmedia":[{"embeddable":true,"href":"https:\/\/gastora.eu\/en\/wp-json\/wp\/v2\/media\/6849"}],"wp:attachment":[{"href":"https:\/\/gastora.eu\/en\/wp-json\/wp\/v2\/media?parent=14050"}],"wp:term":[{"taxonomy":"product_brand","embeddable":true,"href":"https:\/\/gastora.eu\/en\/wp-json\/wp\/v2\/product_brand?post=14050"},{"taxonomy":"product_cat","embeddable":true,"href":"https:\/\/gastora.eu\/en\/wp-json\/wp\/v2\/product_cat?post=14050"},{"taxonomy":"product_tag","embeddable":true,"href":"https:\/\/gastora.eu\/en\/wp-json\/wp\/v2\/product_tag?post=14050"}],"curies":[{"name":"wp","href":"https:\/\/api.w.org\/{rel}","templated":true}]}}