{"id":14047,"date":"2026-04-25T17:42:12","date_gmt":"2026-04-25T17:42:12","guid":{"rendered":"https:\/\/gastora.eu\/?post_type=product&#038;p=14047"},"modified":"2026-05-06T14:32:09","modified_gmt":"2026-05-06T14:32:09","slug":"heavy-duty-cuiseur-wok-285-cm-anneau-de-cuisson-unit-simple-profondeur-70-cm-gaz","status":"publish","type":"product","link":"https:\/\/gastora.eu\/en\/product\/heavy-duty-cuiseur-wok-285-cm-anneau-de-cuisson-unit-simple-profondeur-70-cm-gaz\/","title":{"rendered":"Heavy Duty cuiseur wok &#8211; \u00d828,5 cm anneau de cuisson &#8211; unit\u00e9 simple &#8211; profondeur 70 cm &#8211; gaz"},"content":{"rendered":"<p>La cuisson au wok ou \u00e0 l&#8217;\u00e9touff\u00e9e est un moyen id\u00e9al de pr\u00e9server la saveur des ingr\u00e9dients. Avec cette po\u00eale wok \u00e0 gaz robuste \u00e0 br\u00fbleur unique, les ingr\u00e9dients tels que les l\u00e9gumes, la viande, le poisson et le poulet sont cuits rapidement tout en pr\u00e9servant les vitamines. Le puissant br\u00fbleur en fonte et l&#8217;anneau durable de la po\u00eale conviennent aux charges lourdes. Le diam\u00e8tre de l&#8217;anneau en fonte est de 28,5 cm. Ce br\u00fbleur pour wok est \u00e9galement \u00e9quip\u00e9 d&#8217;un large plateau d&#8217;\u00e9gouttage afin que vous puissiez continuer \u00e0 cuisiner sans interruption. Vous pouvez placer ce br\u00fbleur wok professionnel dans une ligne de cuisson.<\/p>\n<h3>Cuisson s\u00fbre <\/h3>\n<p>Ce mod\u00e8le de table convient pour \u00eatre plac\u00e9 sur un comptoir ou une table. Vous pouvez \u00e9galement commander un support en acier inoxydable. Vous avez le choix entre une base ouverte et une base avec porte. En outre, le br\u00fbleur wok est dot\u00e9 d&#8217;un thermostat de s\u00e9curit\u00e9, d&#8217;une veilleuse et d&#8217;une soupape de s\u00e9curit\u00e9 pour le gaz, avec un thermocouple. Gr\u00e2ce \u00e0 sa construction durable, ce cuiseur wok a une longue dur\u00e9e de vie et r\u00e9siste aux mauvais traitements. Vous pouvez utiliser le br\u00fbleur wok avec du GPL ou du gaz naturel.<\/p>\n<h3>Facile \u00e0 nettoyer <\/h3>\n<p>L&#8217;anneau de la po\u00eale wok peut \u00eatre facilement retir\u00e9 pour le nettoyage. Le bo\u00eetier en acier inoxydable et la partie sup\u00e9rieure soud\u00e9e sans joints rendent cette t\u00e2che tr\u00e8s facile. Un chiffon humide, de l&#8217;eau chaude et un d\u00e9tergent doux suffisent pour nettoyer rapidement l&#8217;ext\u00e9rieur. Le bac de r\u00e9cup\u00e9ration est \u00e9galement amovible pour le nettoyage.<\/p>\n<ul>\n<li>Br\u00fbleur wok \u00e0 usage intensif &#8211; simple &#8211; gaz<\/li>\n<li>Bo\u00eetier enti\u00e8rement en acier inoxydable<\/li>\n<li>Br\u00fbleur en fonte tr\u00e8s puissant<\/li>\n<li>Anneau de cuisson en fonte durable et solide pour les charges lourdes<\/li>\n<li>Le diam\u00e8tre de l&#8217;anneau en fonte est de 285 mm<\/li>\n<li>Les anneaux de cuisson peuvent \u00eatre facilement retir\u00e9s pour le nettoyage<\/li>\n<li>Avec un large bac de r\u00e9cup\u00e9ration pour une production continue<\/li>\n<li>Dessus soud\u00e9 sans joints<\/li>\n<li>Composants lourds<\/li>\n<li>\u00c9quip\u00e9 d&#8217;une lampe t\u00e9moin<\/li>\n<li>Avec thermostat de s\u00e9curit\u00e9<\/li>\n<li>Soupape de s\u00e9curit\u00e9 pour le gaz avec thermocouple<\/li>\n<li>Convient pour le GPL ou le gaz naturel<\/li>\n<li>Construction tr\u00e8s durable<\/li>\n<li>Conception hygi\u00e9nique<\/li>\n<li>Facile \u00e0 nettoyer<\/li>\n<li>Caract\u00e9ristiques ergonomiques<\/li>\n<li>Poids net : 20 kg<\/li>\n<li>Dimensions de l&#8217;appareil : L400 x D700 x H380 mm<\/li>\n<li>Puissance totale : 14,0 kW<\/li>\n<\/ul>\n<ul>\n<li>Injecteurs de gaz pr\u00e9install\u00e9s : G25 &#8211; Gaz naturel<\/li>\n<li>Injecteurs de gaz suppl\u00e9mentaires : G30 &#8211; GPL (Propane \/ Butane)<\/li>\n<\/ul>\n<ul>\n<li>Poids net : 20kg<\/li>\n<li>Dimensions : B40 x D70 x H38cm B40 x D70 x H38cm<\/li>\n<li>Puissance totale : 14,0 kW<\/li>\n<li>Injecteurs de gaz install\u00e9s G25-gaz naturel<\/li>\n<li>Jeu suppl\u00e9mentaire d&#8217;injecteurs de gaz : G30-GPL (propane\/butane)<br \/>","protected":false},"excerpt":{"rendered":"<p>Si vous utilisez un br\u00fbleur wok quotidiennement, ce br\u00fbleur wok \u00e0 gaz simple et robuste avec anneau en fonte est un excellent choix dans la cuisine professionnelle. Dot\u00e9 d&#8217;un design ergonomique et fabriqu\u00e9 en acier inoxydable \u00e9pais, ce br\u00fbleur pour wok s&#8217;int\u00e8gre parfaitement dans une ligne de cuisson de 700 mm de profondeur.<\/p>","protected":false},"featured_media":6843,"template":"","meta":{"_acf_changed":false},"product_brand":[],"product_cat":[495],"product_tag":[],"class_list":{"0":"post-14047","1":"product","2":"type-product","3":"status-publish","4":"has-post-thumbnail","6":"product_cat-plaques-pianos-de-cuisson-2","8":"first","9":"instock","10":"sale","11":"taxable","12":"shipping-taxable","13":"purchasable","14":"product-type-simple"},"acf":[],"yoast_head":"<!-- This site is optimized with the Yoast SEO plugin v27.5 - https:\/\/yoast.com\/product\/yoast-seo-wordpress\/ -->\n<title>Heavy Duty cuiseur wok - \u00d828,5 cm anneau de cuisson - unit\u00e9 simple - profondeur 70 cm - gaz - Gastora<\/title>\n<meta name=\"description\" content=\"Achetez Heavy Duty cuiseur wok - \u00d828,5 cm anneau de cuisson - unit\u00e9 simple - profondeur 70 cm - gaz au meilleur prix, fiable et performant avec une livraison rapide\" \/>\n<meta name=\"robots\" content=\"index, follow, max-snippet:-1, max-image-preview:large, max-video-preview:-1\" \/>\n<link rel=\"canonical\" href=\"https:\/\/gastora.eu\/en\/product\/heavy-duty-cuiseur-wok-285-cm-anneau-de-cuisson-unit-simple-profondeur-70-cm-gaz\/\" \/>\n<meta property=\"og:locale\" content=\"en_US\" \/>\n<meta property=\"og:type\" content=\"article\" \/>\n<meta property=\"og:title\" content=\"Heavy Duty cuiseur wok - \u00d828,5 cm anneau de cuisson - unit\u00e9 simple - profondeur 70 cm - gaz - Gastora\" \/>\n<meta property=\"og:description\" content=\"Achetez Heavy Duty cuiseur wok - \u00d828,5 cm anneau de cuisson - unit\u00e9 simple - profondeur 70 cm - gaz au meilleur prix, fiable et performant avec une livraison rapide\" \/>\n<meta property=\"og:url\" content=\"https:\/\/gastora.eu\/en\/product\/heavy-duty-cuiseur-wok-285-cm-anneau-de-cuisson-unit-simple-profondeur-70-cm-gaz\/\" \/>\n<meta property=\"og:site_name\" content=\"Gastora\" \/>\n<meta property=\"article:modified_time\" content=\"2026-05-06T14:32:09+00:00\" \/>\n<meta name=\"twitter:card\" content=\"summary_large_image\" \/>\n<meta name=\"twitter:label1\" content=\"Est. reading time\" \/>\n\t<meta name=\"twitter:data1\" content=\"2 minutes\" \/>\n<script type=\"application\/ld+json\" class=\"yoast-schema-graph\">{\"@context\":\"https:\\\/\\\/schema.org\",\"@graph\":[{\"@type\":\"WebPage\",\"@id\":\"https:\\\/\\\/gastora.eu\\\/product\\\/heavy-duty-cuiseur-wok-285-cm-anneau-de-cuisson-unit-simple-profondeur-70-cm-gaz\\\/\",\"url\":\"https:\\\/\\\/gastora.eu\\\/product\\\/heavy-duty-cuiseur-wok-285-cm-anneau-de-cuisson-unit-simple-profondeur-70-cm-gaz\\\/\",\"name\":\"Heavy Duty cuiseur wok - \u00d828,5 cm anneau de cuisson - unit\u00e9 simple - profondeur 70 cm - gaz - Gastora\",\"isPartOf\":{\"@id\":\"https:\\\/\\\/gastora.eu\\\/#website\"},\"primaryImageOfPage\":{\"@id\":\"https:\\\/\\\/gastora.eu\\\/product\\\/heavy-duty-cuiseur-wok-285-cm-anneau-de-cuisson-unit-simple-profondeur-70-cm-gaz\\\/#primaryimage\"},\"image\":{\"@id\":\"https:\\\/\\\/gastora.eu\\\/product\\\/heavy-duty-cuiseur-wok-285-cm-anneau-de-cuisson-unit-simple-profondeur-70-cm-gaz\\\/#primaryimage\"},\"thumbnailUrl\":\"https:\\\/\\\/gastora.eu\\\/wp-content\\\/uploads\\\/2026\\\/04\\\/maxima-gas-wok-burner-400.jpg\",\"datePublished\":\"2026-04-25T17:42:12+00:00\",\"dateModified\":\"2026-05-06T14:32:09+00:00\",\"description\":\"Achetez Heavy Duty cuiseur wok - \u00d828,5 cm anneau de cuisson - unit\u00e9 simple - profondeur 70 cm - gaz au meilleur prix, fiable et performant avec une livraison rapide\",\"breadcrumb\":{\"@id\":\"https:\\\/\\\/gastora.eu\\\/product\\\/heavy-duty-cuiseur-wok-285-cm-anneau-de-cuisson-unit-simple-profondeur-70-cm-gaz\\\/#breadcrumb\"},\"inLanguage\":\"en-US\",\"potentialAction\":[{\"@type\":\"ReadAction\",\"target\":[\"https:\\\/\\\/gastora.eu\\\/product\\\/heavy-duty-cuiseur-wok-285-cm-anneau-de-cuisson-unit-simple-profondeur-70-cm-gaz\\\/\"]}]},{\"@type\":\"ImageObject\",\"inLanguage\":\"en-US\",\"@id\":\"https:\\\/\\\/gastora.eu\\\/product\\\/heavy-duty-cuiseur-wok-285-cm-anneau-de-cuisson-unit-simple-profondeur-70-cm-gaz\\\/#primaryimage\",\"url\":\"https:\\\/\\\/gastora.eu\\\/wp-content\\\/uploads\\\/2026\\\/04\\\/maxima-gas-wok-burner-400.jpg\",\"contentUrl\":\"https:\\\/\\\/gastora.eu\\\/wp-content\\\/uploads\\\/2026\\\/04\\\/maxima-gas-wok-burner-400.jpg\",\"width\":750,\"height\":616},{\"@type\":\"BreadcrumbList\",\"@id\":\"https:\\\/\\\/gastora.eu\\\/product\\\/heavy-duty-cuiseur-wok-285-cm-anneau-de-cuisson-unit-simple-profondeur-70-cm-gaz\\\/#breadcrumb\",\"itemListElement\":[{\"@type\":\"ListItem\",\"position\":1,\"name\":\"Home\",\"item\":\"https:\\\/\\\/gastora.eu\\\/\"},{\"@type\":\"ListItem\",\"position\":2,\"name\":\"Shop\",\"item\":\"https:\\\/\\\/gastora.eu\\\/shop\\\/\"},{\"@type\":\"ListItem\",\"position\":3,\"name\":\"Heavy Duty cuiseur wok &#8211; \u00d828,5 cm anneau de cuisson &#8211; unit\u00e9 simple &#8211; profondeur 70 cm &#8211; gaz\"}]},{\"@type\":\"WebSite\",\"@id\":\"https:\\\/\\\/gastora.eu\\\/#website\",\"url\":\"https:\\\/\\\/gastora.eu\\\/\",\"name\":\"Gastora\",\"description\":\"\u00c9quipements professionnels CHR\",\"publisher\":{\"@id\":\"https:\\\/\\\/gastora.eu\\\/#organization\"},\"potentialAction\":[{\"@type\":\"SearchAction\",\"target\":{\"@type\":\"EntryPoint\",\"urlTemplate\":\"https:\\\/\\\/gastora.eu\\\/?s={search_term_string}\"},\"query-input\":{\"@type\":\"PropertyValueSpecification\",\"valueRequired\":true,\"valueName\":\"search_term_string\"}}],\"inLanguage\":\"en-US\"},{\"@type\":\"Organization\",\"@id\":\"https:\\\/\\\/gastora.eu\\\/#organization\",\"name\":\"Gastora\",\"url\":\"https:\\\/\\\/gastora.eu\\\/\",\"logo\":{\"@type\":\"ImageObject\",\"inLanguage\":\"en-US\",\"@id\":\"https:\\\/\\\/gastora.eu\\\/#\\\/schema\\\/logo\\\/image\\\/\",\"url\":\"https:\\\/\\\/gastora.eu\\\/wp-content\\\/uploads\\\/2025\\\/12\\\/ChatGPT-Image-2-janv.-2026-22_52_47-1.png\",\"contentUrl\":\"https:\\\/\\\/gastora.eu\\\/wp-content\\\/uploads\\\/2025\\\/12\\\/ChatGPT-Image-2-janv.-2026-22_52_47-1.png\",\"width\":1536,\"height\":320,\"caption\":\"Gastora\"},\"image\":{\"@id\":\"https:\\\/\\\/gastora.eu\\\/#\\\/schema\\\/logo\\\/image\\\/\"}}]}<\/script>\n<!-- \/ Yoast SEO plugin. -->","yoast_head_json":{"title":"Heavy Duty cuiseur wok - \u00d828,5 cm anneau de cuisson - unit\u00e9 simple - profondeur 70 cm - gaz - Gastora","description":"Achetez Heavy Duty cuiseur wok - \u00d828,5 cm anneau de cuisson - unit\u00e9 simple - profondeur 70 cm - gaz au meilleur prix, fiable et performant avec une livraison rapide","robots":{"index":"index","follow":"follow","max-snippet":"max-snippet:-1","max-image-preview":"max-image-preview:large","max-video-preview":"max-video-preview:-1"},"canonical":"https:\/\/gastora.eu\/en\/product\/heavy-duty-cuiseur-wok-285-cm-anneau-de-cuisson-unit-simple-profondeur-70-cm-gaz\/","og_locale":"en_US","og_type":"article","og_title":"Heavy Duty cuiseur wok - \u00d828,5 cm anneau de cuisson - unit\u00e9 simple - profondeur 70 cm - gaz - Gastora","og_description":"Achetez Heavy Duty cuiseur wok - \u00d828,5 cm anneau de cuisson - unit\u00e9 simple - profondeur 70 cm - gaz au meilleur prix, fiable et performant avec une livraison rapide","og_url":"https:\/\/gastora.eu\/en\/product\/heavy-duty-cuiseur-wok-285-cm-anneau-de-cuisson-unit-simple-profondeur-70-cm-gaz\/","og_site_name":"Gastora","article_modified_time":"2026-05-06T14:32:09+00:00","twitter_card":"summary_large_image","twitter_misc":{"Est. reading time":"2 minutes"},"schema":{"@context":"https:\/\/schema.org","@graph":[{"@type":"WebPage","@id":"https:\/\/gastora.eu\/product\/heavy-duty-cuiseur-wok-285-cm-anneau-de-cuisson-unit-simple-profondeur-70-cm-gaz\/","url":"https:\/\/gastora.eu\/product\/heavy-duty-cuiseur-wok-285-cm-anneau-de-cuisson-unit-simple-profondeur-70-cm-gaz\/","name":"Heavy Duty cuiseur wok - \u00d828,5 cm anneau de cuisson - unit\u00e9 simple - profondeur 70 cm - gaz - Gastora","isPartOf":{"@id":"https:\/\/gastora.eu\/#website"},"primaryImageOfPage":{"@id":"https:\/\/gastora.eu\/product\/heavy-duty-cuiseur-wok-285-cm-anneau-de-cuisson-unit-simple-profondeur-70-cm-gaz\/#primaryimage"},"image":{"@id":"https:\/\/gastora.eu\/product\/heavy-duty-cuiseur-wok-285-cm-anneau-de-cuisson-unit-simple-profondeur-70-cm-gaz\/#primaryimage"},"thumbnailUrl":"https:\/\/gastora.eu\/wp-content\/uploads\/2026\/04\/maxima-gas-wok-burner-400.jpg","datePublished":"2026-04-25T17:42:12+00:00","dateModified":"2026-05-06T14:32:09+00:00","description":"Achetez Heavy Duty cuiseur wok - \u00d828,5 cm anneau de cuisson - unit\u00e9 simple - profondeur 70 cm - gaz au meilleur prix, fiable et performant avec une livraison rapide","breadcrumb":{"@id":"https:\/\/gastora.eu\/product\/heavy-duty-cuiseur-wok-285-cm-anneau-de-cuisson-unit-simple-profondeur-70-cm-gaz\/#breadcrumb"},"inLanguage":"en-US","potentialAction":[{"@type":"ReadAction","target":["https:\/\/gastora.eu\/product\/heavy-duty-cuiseur-wok-285-cm-anneau-de-cuisson-unit-simple-profondeur-70-cm-gaz\/"]}]},{"@type":"ImageObject","inLanguage":"en-US","@id":"https:\/\/gastora.eu\/product\/heavy-duty-cuiseur-wok-285-cm-anneau-de-cuisson-unit-simple-profondeur-70-cm-gaz\/#primaryimage","url":"https:\/\/gastora.eu\/wp-content\/uploads\/2026\/04\/maxima-gas-wok-burner-400.jpg","contentUrl":"https:\/\/gastora.eu\/wp-content\/uploads\/2026\/04\/maxima-gas-wok-burner-400.jpg","width":750,"height":616},{"@type":"BreadcrumbList","@id":"https:\/\/gastora.eu\/product\/heavy-duty-cuiseur-wok-285-cm-anneau-de-cuisson-unit-simple-profondeur-70-cm-gaz\/#breadcrumb","itemListElement":[{"@type":"ListItem","position":1,"name":"Home","item":"https:\/\/gastora.eu\/"},{"@type":"ListItem","position":2,"name":"Shop","item":"https:\/\/gastora.eu\/shop\/"},{"@type":"ListItem","position":3,"name":"Heavy Duty cuiseur wok &#8211; \u00d828,5 cm anneau de cuisson &#8211; unit\u00e9 simple &#8211; profondeur 70 cm &#8211; gaz"}]},{"@type":"WebSite","@id":"https:\/\/gastora.eu\/#website","url":"https:\/\/gastora.eu\/","name":"Gastora","description":"\u00c9quipements professionnels CHR","publisher":{"@id":"https:\/\/gastora.eu\/#organization"},"potentialAction":[{"@type":"SearchAction","target":{"@type":"EntryPoint","urlTemplate":"https:\/\/gastora.eu\/?s={search_term_string}"},"query-input":{"@type":"PropertyValueSpecification","valueRequired":true,"valueName":"search_term_string"}}],"inLanguage":"en-US"},{"@type":"Organization","@id":"https:\/\/gastora.eu\/#organization","name":"Gastora","url":"https:\/\/gastora.eu\/","logo":{"@type":"ImageObject","inLanguage":"en-US","@id":"https:\/\/gastora.eu\/#\/schema\/logo\/image\/","url":"https:\/\/gastora.eu\/wp-content\/uploads\/2025\/12\/ChatGPT-Image-2-janv.-2026-22_52_47-1.png","contentUrl":"https:\/\/gastora.eu\/wp-content\/uploads\/2025\/12\/ChatGPT-Image-2-janv.-2026-22_52_47-1.png","width":1536,"height":320,"caption":"Gastora"},"image":{"@id":"https:\/\/gastora.eu\/#\/schema\/logo\/image\/"}}]}},"jetpack_sharing_enabled":true,"_links":{"self":[{"href":"https:\/\/gastora.eu\/en\/wp-json\/wp\/v2\/product\/14047","targetHints":{"allow":["GET"]}}],"collection":[{"href":"https:\/\/gastora.eu\/en\/wp-json\/wp\/v2\/product"}],"about":[{"href":"https:\/\/gastora.eu\/en\/wp-json\/wp\/v2\/types\/product"}],"wp:featuredmedia":[{"embeddable":true,"href":"https:\/\/gastora.eu\/en\/wp-json\/wp\/v2\/media\/6843"}],"wp:attachment":[{"href":"https:\/\/gastora.eu\/en\/wp-json\/wp\/v2\/media?parent=14047"}],"wp:term":[{"taxonomy":"product_brand","embeddable":true,"href":"https:\/\/gastora.eu\/en\/wp-json\/wp\/v2\/product_brand?post=14047"},{"taxonomy":"product_cat","embeddable":true,"href":"https:\/\/gastora.eu\/en\/wp-json\/wp\/v2\/product_cat?post=14047"},{"taxonomy":"product_tag","embeddable":true,"href":"https:\/\/gastora.eu\/en\/wp-json\/wp\/v2\/product_tag?post=14047"}],"curies":[{"name":"wp","href":"https:\/\/api.w.org\/{rel}","templated":true}]}}