{"id":14046,"date":"2026-04-25T17:42:11","date_gmt":"2026-04-25T17:42:11","guid":{"rendered":"https:\/\/gastora.eu\/?post_type=product&#038;p=14046"},"modified":"2026-04-28T16:55:48","modified_gmt":"2026-04-28T16:55:48","slug":"heavy-duty-plaque-coup-de-feu-1-brleur-unit-double-profondeur-70-cm-gaz","status":"publish","type":"product","link":"https:\/\/gastora.eu\/en\/product\/heavy-duty-plaque-coup-de-feu-1-brleur-unit-double-profondeur-70-cm-gaz\/","title":{"rendered":"Heavy Duty plaque coup de feu &#8211; 1 br\u00fbleur &#8211; unit\u00e9 double &#8211; profondeur 70 cm &#8211; gaz"},"content":{"rendered":"<p>La qualit\u00e9 de la conception de cette table solide et r\u00e9sistante est \u00e9vidente. Il est luxueusement \u00e9quip\u00e9 d&#8217;un \u00e9pais bo\u00eetier en acier inoxydable et est id\u00e9al pour \u00eatre plac\u00e9 dans une ligne de cuisson. Il peut m\u00eame \u00eatre compl\u00e9t\u00e9 par un socle ouvert en acier inoxydable, ou un socle ferm\u00e9 avec deux portes. Vous pouvez le commander en tant qu&#8217;accessoire sur notre boutique en ligne.<\/p>\n<h3>Une qualit\u00e9 sup\u00e9rieure<\/h3>\n<p>La surface de cuisson est en fonte de 22 mm d&#8217;\u00e9paisseur et contient diff\u00e9rentes zones thermiques afin que vous puissiez toujours cuisiner \u00e0 la temp\u00e9rature souhait\u00e9e. Dans le cercle central, les temp\u00e9ratures peuvent atteindre 500\u00b0C, et sur le bord ext\u00e9rieur, la temp\u00e9rature est d&#8217;environ 200\u00b0C. Le br\u00fbleur ouvert en fonte offre \u00e9galement deux flammes, une de 10 kW et une de 4 kW de puissance. Gr\u00e2ce \u00e0 ses surfaces lisses en acier inoxydable, la cuisini\u00e8re est \u00e9galement facile \u00e0 nettoyer. Un grand bac d&#8217;\u00e9gouttement aide vraiment \u00e0 cela en le faisant glisser facilement de l&#8217;avant pour le vider.<\/p>\n<h3>Travailler en toute s\u00e9curit\u00e9<\/h3>\n<p>Bien entendu, la s\u00e9curit\u00e9 a \u00e9galement \u00e9t\u00e9 prise en compte dans la conception de ce produit. Gr\u00e2ce \u00e0 l&#8217;allumage pi\u00e9zo\u00e9lectrique, vous pouvez le mettre en marche rapidement et en toute s\u00e9curit\u00e9. Il y a \u00e9galement une soupape de s\u00e9curit\u00e9 avec un thermocouple, qui veille \u00e0 ce que l&#8217;\u00e9trangleur reste ouvert tant que le capteur d\u00e9tecte de la chaleur. D\u00e8s qu&#8217;il n&#8217;y a plus de flamme, il ferme automatiquement la vanne d&#8217;\u00e9tranglement afin que le gaz ne puisse pas s&#8217;\u00e9chapper. Enfin, chaque br\u00fbleur ouvert est \u00e9quip\u00e9 d&#8217;une protection contre les flammes et le grand anneau de br\u00fbleur dispose de la flamme pilote pour rendre son utilisation confortable et s\u00fbre.<\/p>\n<p><strong>Caract\u00e9ristiques du produit<\/strong><\/p>\n<ul>\n<li>Poids net : 40 kg<\/li>\n<li>Dimensions de l&#8217;appareil : L80 x P70 x H28cm<\/li>\n<li>Puissance totale : 10,0 kW<\/li>\n<li>Injecteurs de gaz install\u00e9s : G25 &#8211; gaz naturel<\/li>\n<li>Jeu suppl\u00e9mentaire d&#8217;injecteurs de gaz : G30 &#8211; GPL (Propane \/ Butane)<\/li>\n<\/ul>","protected":false},"excerpt":{"rendered":"<p>Les plats qui n\u00e9cessitent un long temps de cuisson sont entre de bonnes mains avec cette table de cuisson. Laissez le rago\u00fbt, le mijotage et la cuisson lente \u00e0 ce luxueux appareil en acier inoxydable, pendant que vous vous occupez d&#8217;autres t\u00e2ches. Ainsi, vous pouvez lib\u00e9rer de la capacit\u00e9 sur votre cuisini\u00e8re pour d&#8217;autres plats qui n\u00e9cessitent un temps d&#8217;ex\u00e9cution plus rapide.<\/p>","protected":false},"featured_media":6841,"template":"","meta":{"_acf_changed":false},"product_brand":[],"product_cat":[495],"product_tag":[],"class_list":{"0":"post-14046","1":"product","2":"type-product","3":"status-publish","4":"has-post-thumbnail","6":"product_cat-plaques-pianos-de-cuisson-2","8":"first","9":"instock","10":"sale","11":"taxable","12":"shipping-taxable","13":"purchasable","14":"product-type-simple"},"acf":[],"yoast_head":"<!-- This site is optimized with the Yoast SEO plugin v27.6 - https:\/\/yoast.com\/product\/yoast-seo-wordpress\/ -->\n<title>Heavy Duty plaque coup de feu - 1 br\u00fbleur - unit\u00e9 double - profondeur 70 cm - gaz - Gastora<\/title>\n<meta name=\"description\" content=\"Achetez Heavy Duty plaque coup de feu - 1 br\u00fbleur - unit\u00e9 double - profondeur 70 cm - gaz au meilleur prix, fiable et performant avec une livraison rapide\" \/>\n<meta name=\"robots\" content=\"index, follow, max-snippet:-1, max-image-preview:large, max-video-preview:-1\" \/>\n<link rel=\"canonical\" href=\"https:\/\/gastora.eu\/en\/product\/heavy-duty-plaque-coup-de-feu-1-brleur-unit-double-profondeur-70-cm-gaz\/\" \/>\n<meta property=\"og:locale\" content=\"en_US\" \/>\n<meta property=\"og:type\" content=\"article\" \/>\n<meta property=\"og:title\" content=\"Heavy Duty plaque coup de feu - 1 br\u00fbleur - unit\u00e9 double - profondeur 70 cm - gaz - Gastora\" \/>\n<meta property=\"og:description\" content=\"Achetez Heavy Duty plaque coup de feu - 1 br\u00fbleur - unit\u00e9 double - profondeur 70 cm - gaz au meilleur prix, fiable et performant avec une livraison rapide\" \/>\n<meta property=\"og:url\" content=\"https:\/\/gastora.eu\/en\/product\/heavy-duty-plaque-coup-de-feu-1-brleur-unit-double-profondeur-70-cm-gaz\/\" \/>\n<meta property=\"og:site_name\" content=\"Gastora\" \/>\n<meta property=\"article:modified_time\" content=\"2026-04-28T16:55:48+00:00\" \/>\n<meta name=\"twitter:card\" content=\"summary_large_image\" \/>\n<meta name=\"twitter:label1\" content=\"Est. reading time\" \/>\n\t<meta name=\"twitter:data1\" content=\"2 minutes\" \/>\n<script type=\"application\/ld+json\" class=\"yoast-schema-graph\">{\"@context\":\"https:\\\/\\\/schema.org\",\"@graph\":[{\"@type\":\"WebPage\",\"@id\":\"https:\\\/\\\/gastora.eu\\\/product\\\/heavy-duty-plaque-coup-de-feu-1-brleur-unit-double-profondeur-70-cm-gaz\\\/\",\"url\":\"https:\\\/\\\/gastora.eu\\\/product\\\/heavy-duty-plaque-coup-de-feu-1-brleur-unit-double-profondeur-70-cm-gaz\\\/\",\"name\":\"Heavy Duty plaque coup de feu - 1 br\u00fbleur - unit\u00e9 double - profondeur 70 cm - gaz - Gastora\",\"isPartOf\":{\"@id\":\"https:\\\/\\\/gastora.eu\\\/#website\"},\"primaryImageOfPage\":{\"@id\":\"https:\\\/\\\/gastora.eu\\\/product\\\/heavy-duty-plaque-coup-de-feu-1-brleur-unit-double-profondeur-70-cm-gaz\\\/#primaryimage\"},\"image\":{\"@id\":\"https:\\\/\\\/gastora.eu\\\/product\\\/heavy-duty-plaque-coup-de-feu-1-brleur-unit-double-profondeur-70-cm-gaz\\\/#primaryimage\"},\"thumbnailUrl\":\"https:\\\/\\\/gastora.eu\\\/wp-content\\\/uploads\\\/2026\\\/04\\\/maxima-gas-solid-top.jpg\",\"datePublished\":\"2026-04-25T17:42:11+00:00\",\"dateModified\":\"2026-04-28T16:55:48+00:00\",\"description\":\"Achetez Heavy Duty plaque coup de feu - 1 br\u00fbleur - unit\u00e9 double - profondeur 70 cm - gaz au meilleur prix, fiable et performant avec une livraison rapide\",\"breadcrumb\":{\"@id\":\"https:\\\/\\\/gastora.eu\\\/product\\\/heavy-duty-plaque-coup-de-feu-1-brleur-unit-double-profondeur-70-cm-gaz\\\/#breadcrumb\"},\"inLanguage\":\"en-US\",\"potentialAction\":[{\"@type\":\"ReadAction\",\"target\":[\"https:\\\/\\\/gastora.eu\\\/product\\\/heavy-duty-plaque-coup-de-feu-1-brleur-unit-double-profondeur-70-cm-gaz\\\/\"]}]},{\"@type\":\"ImageObject\",\"inLanguage\":\"en-US\",\"@id\":\"https:\\\/\\\/gastora.eu\\\/product\\\/heavy-duty-plaque-coup-de-feu-1-brleur-unit-double-profondeur-70-cm-gaz\\\/#primaryimage\",\"url\":\"https:\\\/\\\/gastora.eu\\\/wp-content\\\/uploads\\\/2026\\\/04\\\/maxima-gas-solid-top.jpg\",\"contentUrl\":\"https:\\\/\\\/gastora.eu\\\/wp-content\\\/uploads\\\/2026\\\/04\\\/maxima-gas-solid-top.jpg\",\"width\":1024,\"height\":1024},{\"@type\":\"BreadcrumbList\",\"@id\":\"https:\\\/\\\/gastora.eu\\\/product\\\/heavy-duty-plaque-coup-de-feu-1-brleur-unit-double-profondeur-70-cm-gaz\\\/#breadcrumb\",\"itemListElement\":[{\"@type\":\"ListItem\",\"position\":1,\"name\":\"Home\",\"item\":\"https:\\\/\\\/gastora.eu\\\/\"},{\"@type\":\"ListItem\",\"position\":2,\"name\":\"Shop\",\"item\":\"https:\\\/\\\/gastora.eu\\\/shop\\\/\"},{\"@type\":\"ListItem\",\"position\":3,\"name\":\"Heavy Duty plaque coup de feu &#8211; 1 br\u00fbleur &#8211; unit\u00e9 double &#8211; profondeur 70 cm &#8211; gaz\"}]},{\"@type\":\"WebSite\",\"@id\":\"https:\\\/\\\/gastora.eu\\\/#website\",\"url\":\"https:\\\/\\\/gastora.eu\\\/\",\"name\":\"Gastora\",\"description\":\"\u00c9quipements professionnels CHR\",\"publisher\":{\"@id\":\"https:\\\/\\\/gastora.eu\\\/#organization\"},\"potentialAction\":[{\"@type\":\"SearchAction\",\"target\":{\"@type\":\"EntryPoint\",\"urlTemplate\":\"https:\\\/\\\/gastora.eu\\\/?s={search_term_string}\"},\"query-input\":{\"@type\":\"PropertyValueSpecification\",\"valueRequired\":true,\"valueName\":\"search_term_string\"}}],\"inLanguage\":\"en-US\"},{\"@type\":\"Organization\",\"@id\":\"https:\\\/\\\/gastora.eu\\\/#organization\",\"name\":\"Gastora\",\"url\":\"https:\\\/\\\/gastora.eu\\\/\",\"logo\":{\"@type\":\"ImageObject\",\"inLanguage\":\"en-US\",\"@id\":\"https:\\\/\\\/gastora.eu\\\/#\\\/schema\\\/logo\\\/image\\\/\",\"url\":\"https:\\\/\\\/gastora.eu\\\/wp-content\\\/uploads\\\/2025\\\/12\\\/ChatGPT-Image-2-janv.-2026-22_52_47-1.png\",\"contentUrl\":\"https:\\\/\\\/gastora.eu\\\/wp-content\\\/uploads\\\/2025\\\/12\\\/ChatGPT-Image-2-janv.-2026-22_52_47-1.png\",\"width\":1536,\"height\":320,\"caption\":\"Gastora\"},\"image\":{\"@id\":\"https:\\\/\\\/gastora.eu\\\/#\\\/schema\\\/logo\\\/image\\\/\"}}]}<\/script>\n<!-- \/ Yoast SEO plugin. -->","yoast_head_json":{"title":"Heavy Duty plaque coup de feu - 1 br\u00fbleur - unit\u00e9 double - profondeur 70 cm - gaz - Gastora","description":"Achetez Heavy Duty plaque coup de feu - 1 br\u00fbleur - unit\u00e9 double - profondeur 70 cm - gaz au meilleur prix, fiable et performant avec une livraison rapide","robots":{"index":"index","follow":"follow","max-snippet":"max-snippet:-1","max-image-preview":"max-image-preview:large","max-video-preview":"max-video-preview:-1"},"canonical":"https:\/\/gastora.eu\/en\/product\/heavy-duty-plaque-coup-de-feu-1-brleur-unit-double-profondeur-70-cm-gaz\/","og_locale":"en_US","og_type":"article","og_title":"Heavy Duty plaque coup de feu - 1 br\u00fbleur - unit\u00e9 double - profondeur 70 cm - gaz - Gastora","og_description":"Achetez Heavy Duty plaque coup de feu - 1 br\u00fbleur - unit\u00e9 double - profondeur 70 cm - gaz au meilleur prix, fiable et performant avec une livraison rapide","og_url":"https:\/\/gastora.eu\/en\/product\/heavy-duty-plaque-coup-de-feu-1-brleur-unit-double-profondeur-70-cm-gaz\/","og_site_name":"Gastora","article_modified_time":"2026-04-28T16:55:48+00:00","twitter_card":"summary_large_image","twitter_misc":{"Est. reading time":"2 minutes"},"schema":{"@context":"https:\/\/schema.org","@graph":[{"@type":"WebPage","@id":"https:\/\/gastora.eu\/product\/heavy-duty-plaque-coup-de-feu-1-brleur-unit-double-profondeur-70-cm-gaz\/","url":"https:\/\/gastora.eu\/product\/heavy-duty-plaque-coup-de-feu-1-brleur-unit-double-profondeur-70-cm-gaz\/","name":"Heavy Duty plaque coup de feu - 1 br\u00fbleur - unit\u00e9 double - profondeur 70 cm - gaz - Gastora","isPartOf":{"@id":"https:\/\/gastora.eu\/#website"},"primaryImageOfPage":{"@id":"https:\/\/gastora.eu\/product\/heavy-duty-plaque-coup-de-feu-1-brleur-unit-double-profondeur-70-cm-gaz\/#primaryimage"},"image":{"@id":"https:\/\/gastora.eu\/product\/heavy-duty-plaque-coup-de-feu-1-brleur-unit-double-profondeur-70-cm-gaz\/#primaryimage"},"thumbnailUrl":"https:\/\/gastora.eu\/wp-content\/uploads\/2026\/04\/maxima-gas-solid-top.jpg","datePublished":"2026-04-25T17:42:11+00:00","dateModified":"2026-04-28T16:55:48+00:00","description":"Achetez Heavy Duty plaque coup de feu - 1 br\u00fbleur - unit\u00e9 double - profondeur 70 cm - gaz au meilleur prix, fiable et performant avec une livraison rapide","breadcrumb":{"@id":"https:\/\/gastora.eu\/product\/heavy-duty-plaque-coup-de-feu-1-brleur-unit-double-profondeur-70-cm-gaz\/#breadcrumb"},"inLanguage":"en-US","potentialAction":[{"@type":"ReadAction","target":["https:\/\/gastora.eu\/product\/heavy-duty-plaque-coup-de-feu-1-brleur-unit-double-profondeur-70-cm-gaz\/"]}]},{"@type":"ImageObject","inLanguage":"en-US","@id":"https:\/\/gastora.eu\/product\/heavy-duty-plaque-coup-de-feu-1-brleur-unit-double-profondeur-70-cm-gaz\/#primaryimage","url":"https:\/\/gastora.eu\/wp-content\/uploads\/2026\/04\/maxima-gas-solid-top.jpg","contentUrl":"https:\/\/gastora.eu\/wp-content\/uploads\/2026\/04\/maxima-gas-solid-top.jpg","width":1024,"height":1024},{"@type":"BreadcrumbList","@id":"https:\/\/gastora.eu\/product\/heavy-duty-plaque-coup-de-feu-1-brleur-unit-double-profondeur-70-cm-gaz\/#breadcrumb","itemListElement":[{"@type":"ListItem","position":1,"name":"Home","item":"https:\/\/gastora.eu\/"},{"@type":"ListItem","position":2,"name":"Shop","item":"https:\/\/gastora.eu\/shop\/"},{"@type":"ListItem","position":3,"name":"Heavy Duty plaque coup de feu &#8211; 1 br\u00fbleur &#8211; unit\u00e9 double &#8211; profondeur 70 cm &#8211; gaz"}]},{"@type":"WebSite","@id":"https:\/\/gastora.eu\/#website","url":"https:\/\/gastora.eu\/","name":"Gastora","description":"\u00c9quipements professionnels CHR","publisher":{"@id":"https:\/\/gastora.eu\/#organization"},"potentialAction":[{"@type":"SearchAction","target":{"@type":"EntryPoint","urlTemplate":"https:\/\/gastora.eu\/?s={search_term_string}"},"query-input":{"@type":"PropertyValueSpecification","valueRequired":true,"valueName":"search_term_string"}}],"inLanguage":"en-US"},{"@type":"Organization","@id":"https:\/\/gastora.eu\/#organization","name":"Gastora","url":"https:\/\/gastora.eu\/","logo":{"@type":"ImageObject","inLanguage":"en-US","@id":"https:\/\/gastora.eu\/#\/schema\/logo\/image\/","url":"https:\/\/gastora.eu\/wp-content\/uploads\/2025\/12\/ChatGPT-Image-2-janv.-2026-22_52_47-1.png","contentUrl":"https:\/\/gastora.eu\/wp-content\/uploads\/2025\/12\/ChatGPT-Image-2-janv.-2026-22_52_47-1.png","width":1536,"height":320,"caption":"Gastora"},"image":{"@id":"https:\/\/gastora.eu\/#\/schema\/logo\/image\/"}}]}},"jetpack_sharing_enabled":true,"_links":{"self":[{"href":"https:\/\/gastora.eu\/en\/wp-json\/wp\/v2\/product\/14046","targetHints":{"allow":["GET"]}}],"collection":[{"href":"https:\/\/gastora.eu\/en\/wp-json\/wp\/v2\/product"}],"about":[{"href":"https:\/\/gastora.eu\/en\/wp-json\/wp\/v2\/types\/product"}],"wp:featuredmedia":[{"embeddable":true,"href":"https:\/\/gastora.eu\/en\/wp-json\/wp\/v2\/media\/6841"}],"wp:attachment":[{"href":"https:\/\/gastora.eu\/en\/wp-json\/wp\/v2\/media?parent=14046"}],"wp:term":[{"taxonomy":"product_brand","embeddable":true,"href":"https:\/\/gastora.eu\/en\/wp-json\/wp\/v2\/product_brand?post=14046"},{"taxonomy":"product_cat","embeddable":true,"href":"https:\/\/gastora.eu\/en\/wp-json\/wp\/v2\/product_cat?post=14046"},{"taxonomy":"product_tag","embeddable":true,"href":"https:\/\/gastora.eu\/en\/wp-json\/wp\/v2\/product_tag?post=14046"}],"curies":[{"name":"wp","href":"https:\/\/api.w.org\/{rel}","templated":true}]}}