{"id":14045,"date":"2026-04-25T17:42:10","date_gmt":"2026-04-25T17:42:10","guid":{"rendered":"https:\/\/gastora.eu\/?post_type=product&#038;p=14045"},"modified":"2026-04-28T16:55:48","modified_gmt":"2026-04-28T16:55:48","slug":"heavy-duty-cuisinire-4-brleurs-unit-double-profondeur-70-cm-lectrique","status":"publish","type":"product","link":"https:\/\/gastora.eu\/en\/product\/heavy-duty-cuisinire-4-brleurs-unit-double-profondeur-70-cm-lectrique\/","title":{"rendered":"Heavy Duty cuisini\u00e8re &#8211; 4 br\u00fbleurs &#8211; unit\u00e9 double &#8211; profondeur 70 cm &#8211; \u00e9lectrique"},"content":{"rendered":"<p>Lorsque les appareils de cuisson sont utilis\u00e9s quotidiennement de mani\u00e8re tr\u00e8s intensive, il est important qu&#8217;ils puissent r\u00e9sister et durer longtemps. C&#8217;est pourquoi cette plaque de cuisson \u00e9lectrique \u00e0 quatre feux est sp\u00e9cialement con\u00e7ue pour les grandes cuisines des restaurants, des caf\u00e9t\u00e9rias et des h\u00f4tels. Le bo\u00eetier est en acier inoxydable \u00e9pais. C&#8217;est pourquoi sa construction robuste et tr\u00e8s durable est excellente pour une utilisation fr\u00e9quente. Comme cette table de cuisson est assez lourde pour \u00eatre d\u00e9plac\u00e9e rapidement, vous pouvez commander un socle en acier inoxydable.<\/p>\n<h3>Gros boutons rotatifs pratiques<\/h3>\n<p>La table de cuisson est \u00e9quip\u00e9e de gros boutons rotatifs pratiques. Le design ergonomique facilite l&#8217;utilisation de cette table de cuisson. Le thermostat de s\u00e9curit\u00e9 permet de r\u00e9gler facilement la temp\u00e9rature entre 90 et 450 degr\u00e9s Celsius. Le thermostat est \u00e9quip\u00e9 d&#8217;un interrupteur de s\u00e9curit\u00e9 qui emp\u00eache la surchauffe. Cette table de cuisson fonctionne sur courant \u00e9lectrique.<\/p>\n<h3>Facile \u00e0 nettoyer<\/h3>\n<p>Cette table de cuisson de la s\u00e9rie 700 est facile \u00e0 nettoyer gr\u00e2ce \u00e0 ses surfaces lisses en acier inoxydable. Le dessus soud\u00e9 sans soudure pr\u00e9sente l&#8217;avantage d&#8217;emp\u00eacher la salet\u00e9 de s&#8217;incruster. Les angles int\u00e9rieurs sont arrondis pour \u00e9viter que la salet\u00e9 ne s&#8217;accumule. Pour nettoyer toutes les pi\u00e8ces, il suffit de les d\u00e9monter et de les nettoyer avec de l&#8217;eau chaude et un d\u00e9tergent doux. S\u00e9chez toujours l&#8217;ensemble \u00e0 l&#8217;aide d&#8217;un chiffon doux.<\/p>\n<ul>\n<li>Bo\u00eetier enti\u00e8rement en acier inoxydable<\/li>\n<li>Supports de casseroles en fonte lourde<\/li>\n<li>Supports de casseroles en t\u00f4le monobloc<\/li>\n<li>Dessus soud\u00e9 sans joints<\/li>\n<li>Composants lourds<\/li>\n<li>Thermostat avec interrupteur de s\u00e9curit\u00e9 en cas de surchauffe<\/li>\n<li>Thermostat de s\u00e9curit\u00e9 90 &#8211; 450 degr\u00e9s Celsius<\/li>\n<li>Construction tr\u00e8s durable<\/li>\n<li>Conception hygi\u00e9nique<\/li>\n<li>Facile \u00e0 nettoyer<\/li>\n<li>Caract\u00e9ristiques ergonomiques<\/li>\n<\/ul>\n<p><strong>Ce produit est fourni sans prise de courant<\/strong><\/p>\n<ul>\n<li>Poids net : 22,1 kg<\/li>\n<li>Dimensions de l&#8217;appareil : L800 x P700 x H280 mm : L800 x D700 x H280 mm<\/li>\n<li>Consommation \u00e9lectrique : 4 x 2,6 kW<\/li>\n<li>400V \/ 50Hz \/ 3Phase 10400 Watt<\/li>\n<\/ul>","protected":false},"excerpt":{"rendered":"<p>La cuisini\u00e8re \u00e9lectrique Heavy Duty poss\u00e8de quatre br\u00fbleurs et peut \u00eatre install\u00e9e dans une ligne de cuisson de 700 mm. Elle est \u00e9quip\u00e9e de gros boutons rotatifs pour contr\u00f4ler la temp\u00e9rature. La cuisini\u00e8re est fabriqu\u00e9e en acier inoxydable avec un dessus soud\u00e9 sans soudure, ce qui la rend facile \u00e0 nettoyer.<\/p>","protected":false},"featured_media":6839,"template":"","meta":{"_acf_changed":false},"product_brand":[],"product_cat":[495],"product_tag":[],"class_list":{"0":"post-14045","1":"product","2":"type-product","3":"status-publish","4":"has-post-thumbnail","6":"product_cat-plaques-pianos-de-cuisson-2","8":"first","9":"instock","10":"sale","11":"taxable","12":"shipping-taxable","13":"purchasable","14":"product-type-simple"},"acf":[],"yoast_head":"<!-- This site is optimized with the Yoast SEO plugin v27.5 - https:\/\/yoast.com\/product\/yoast-seo-wordpress\/ -->\n<title>Heavy Duty cuisini\u00e8re - 4 br\u00fbleurs - unit\u00e9 double - profondeur 70 cm - \u00e9lectrique - Gastora<\/title>\n<meta name=\"description\" content=\"Achetez Heavy Duty cuisini\u00e8re - 4 br\u00fbleurs - unit\u00e9 double - profondeur 70 cm - \u00e9lectrique au meilleur prix, fiable et performant avec une livraison rapide\" \/>\n<meta name=\"robots\" content=\"index, follow, max-snippet:-1, max-image-preview:large, max-video-preview:-1\" \/>\n<link rel=\"canonical\" href=\"https:\/\/gastora.eu\/en\/product\/heavy-duty-cuisinire-4-brleurs-unit-double-profondeur-70-cm-lectrique\/\" \/>\n<meta property=\"og:locale\" content=\"en_US\" \/>\n<meta property=\"og:type\" content=\"article\" \/>\n<meta property=\"og:title\" content=\"Heavy Duty cuisini\u00e8re - 4 br\u00fbleurs - unit\u00e9 double - profondeur 70 cm - \u00e9lectrique - Gastora\" \/>\n<meta property=\"og:description\" content=\"Achetez Heavy Duty cuisini\u00e8re - 4 br\u00fbleurs - unit\u00e9 double - profondeur 70 cm - \u00e9lectrique au meilleur prix, fiable et performant avec une livraison rapide\" \/>\n<meta property=\"og:url\" content=\"https:\/\/gastora.eu\/en\/product\/heavy-duty-cuisinire-4-brleurs-unit-double-profondeur-70-cm-lectrique\/\" \/>\n<meta property=\"og:site_name\" content=\"Gastora\" \/>\n<meta property=\"article:modified_time\" content=\"2026-04-28T16:55:48+00:00\" \/>\n<meta name=\"twitter:card\" content=\"summary_large_image\" \/>\n<meta name=\"twitter:label1\" content=\"Est. reading time\" \/>\n\t<meta name=\"twitter:data1\" content=\"2 minutes\" \/>\n<script type=\"application\/ld+json\" class=\"yoast-schema-graph\">{\"@context\":\"https:\\\/\\\/schema.org\",\"@graph\":[{\"@type\":\"WebPage\",\"@id\":\"https:\\\/\\\/gastora.eu\\\/product\\\/heavy-duty-cuisinire-4-brleurs-unit-double-profondeur-70-cm-lectrique\\\/\",\"url\":\"https:\\\/\\\/gastora.eu\\\/product\\\/heavy-duty-cuisinire-4-brleurs-unit-double-profondeur-70-cm-lectrique\\\/\",\"name\":\"Heavy Duty cuisini\u00e8re - 4 br\u00fbleurs - unit\u00e9 double - profondeur 70 cm - \u00e9lectrique - Gastora\",\"isPartOf\":{\"@id\":\"https:\\\/\\\/gastora.eu\\\/#website\"},\"primaryImageOfPage\":{\"@id\":\"https:\\\/\\\/gastora.eu\\\/product\\\/heavy-duty-cuisinire-4-brleurs-unit-double-profondeur-70-cm-lectrique\\\/#primaryimage\"},\"image\":{\"@id\":\"https:\\\/\\\/gastora.eu\\\/product\\\/heavy-duty-cuisinire-4-brleurs-unit-double-profondeur-70-cm-lectrique\\\/#primaryimage\"},\"thumbnailUrl\":\"https:\\\/\\\/gastora.eu\\\/wp-content\\\/uploads\\\/2026\\\/04\\\/maxima-electric-boiling-top-4.jpg\",\"datePublished\":\"2026-04-25T17:42:10+00:00\",\"dateModified\":\"2026-04-28T16:55:48+00:00\",\"description\":\"Achetez Heavy Duty cuisini\u00e8re - 4 br\u00fbleurs - unit\u00e9 double - profondeur 70 cm - \u00e9lectrique au meilleur prix, fiable et performant avec une livraison rapide\",\"breadcrumb\":{\"@id\":\"https:\\\/\\\/gastora.eu\\\/product\\\/heavy-duty-cuisinire-4-brleurs-unit-double-profondeur-70-cm-lectrique\\\/#breadcrumb\"},\"inLanguage\":\"en-US\",\"potentialAction\":[{\"@type\":\"ReadAction\",\"target\":[\"https:\\\/\\\/gastora.eu\\\/product\\\/heavy-duty-cuisinire-4-brleurs-unit-double-profondeur-70-cm-lectrique\\\/\"]}]},{\"@type\":\"ImageObject\",\"inLanguage\":\"en-US\",\"@id\":\"https:\\\/\\\/gastora.eu\\\/product\\\/heavy-duty-cuisinire-4-brleurs-unit-double-profondeur-70-cm-lectrique\\\/#primaryimage\",\"url\":\"https:\\\/\\\/gastora.eu\\\/wp-content\\\/uploads\\\/2026\\\/04\\\/maxima-electric-boiling-top-4.jpg\",\"contentUrl\":\"https:\\\/\\\/gastora.eu\\\/wp-content\\\/uploads\\\/2026\\\/04\\\/maxima-electric-boiling-top-4.jpg\",\"width\":1024,\"height\":1024},{\"@type\":\"BreadcrumbList\",\"@id\":\"https:\\\/\\\/gastora.eu\\\/product\\\/heavy-duty-cuisinire-4-brleurs-unit-double-profondeur-70-cm-lectrique\\\/#breadcrumb\",\"itemListElement\":[{\"@type\":\"ListItem\",\"position\":1,\"name\":\"Home\",\"item\":\"https:\\\/\\\/gastora.eu\\\/\"},{\"@type\":\"ListItem\",\"position\":2,\"name\":\"Shop\",\"item\":\"https:\\\/\\\/gastora.eu\\\/shop\\\/\"},{\"@type\":\"ListItem\",\"position\":3,\"name\":\"Heavy Duty cuisini\u00e8re &#8211; 4 br\u00fbleurs &#8211; unit\u00e9 double &#8211; profondeur 70 cm &#8211; \u00e9lectrique\"}]},{\"@type\":\"WebSite\",\"@id\":\"https:\\\/\\\/gastora.eu\\\/#website\",\"url\":\"https:\\\/\\\/gastora.eu\\\/\",\"name\":\"Gastora\",\"description\":\"\u00c9quipements professionnels CHR\",\"publisher\":{\"@id\":\"https:\\\/\\\/gastora.eu\\\/#organization\"},\"potentialAction\":[{\"@type\":\"SearchAction\",\"target\":{\"@type\":\"EntryPoint\",\"urlTemplate\":\"https:\\\/\\\/gastora.eu\\\/?s={search_term_string}\"},\"query-input\":{\"@type\":\"PropertyValueSpecification\",\"valueRequired\":true,\"valueName\":\"search_term_string\"}}],\"inLanguage\":\"en-US\"},{\"@type\":\"Organization\",\"@id\":\"https:\\\/\\\/gastora.eu\\\/#organization\",\"name\":\"Gastora\",\"url\":\"https:\\\/\\\/gastora.eu\\\/\",\"logo\":{\"@type\":\"ImageObject\",\"inLanguage\":\"en-US\",\"@id\":\"https:\\\/\\\/gastora.eu\\\/#\\\/schema\\\/logo\\\/image\\\/\",\"url\":\"https:\\\/\\\/gastora.eu\\\/wp-content\\\/uploads\\\/2025\\\/12\\\/ChatGPT-Image-2-janv.-2026-22_52_47-1.png\",\"contentUrl\":\"https:\\\/\\\/gastora.eu\\\/wp-content\\\/uploads\\\/2025\\\/12\\\/ChatGPT-Image-2-janv.-2026-22_52_47-1.png\",\"width\":1536,\"height\":320,\"caption\":\"Gastora\"},\"image\":{\"@id\":\"https:\\\/\\\/gastora.eu\\\/#\\\/schema\\\/logo\\\/image\\\/\"}}]}<\/script>\n<!-- \/ Yoast SEO plugin. -->","yoast_head_json":{"title":"Heavy Duty cuisini\u00e8re - 4 br\u00fbleurs - unit\u00e9 double - profondeur 70 cm - \u00e9lectrique - Gastora","description":"Achetez Heavy Duty cuisini\u00e8re - 4 br\u00fbleurs - unit\u00e9 double - profondeur 70 cm - \u00e9lectrique au meilleur prix, fiable et performant avec une livraison rapide","robots":{"index":"index","follow":"follow","max-snippet":"max-snippet:-1","max-image-preview":"max-image-preview:large","max-video-preview":"max-video-preview:-1"},"canonical":"https:\/\/gastora.eu\/en\/product\/heavy-duty-cuisinire-4-brleurs-unit-double-profondeur-70-cm-lectrique\/","og_locale":"en_US","og_type":"article","og_title":"Heavy Duty cuisini\u00e8re - 4 br\u00fbleurs - unit\u00e9 double - profondeur 70 cm - \u00e9lectrique - Gastora","og_description":"Achetez Heavy Duty cuisini\u00e8re - 4 br\u00fbleurs - unit\u00e9 double - profondeur 70 cm - \u00e9lectrique au meilleur prix, fiable et performant avec une livraison rapide","og_url":"https:\/\/gastora.eu\/en\/product\/heavy-duty-cuisinire-4-brleurs-unit-double-profondeur-70-cm-lectrique\/","og_site_name":"Gastora","article_modified_time":"2026-04-28T16:55:48+00:00","twitter_card":"summary_large_image","twitter_misc":{"Est. reading time":"2 minutes"},"schema":{"@context":"https:\/\/schema.org","@graph":[{"@type":"WebPage","@id":"https:\/\/gastora.eu\/product\/heavy-duty-cuisinire-4-brleurs-unit-double-profondeur-70-cm-lectrique\/","url":"https:\/\/gastora.eu\/product\/heavy-duty-cuisinire-4-brleurs-unit-double-profondeur-70-cm-lectrique\/","name":"Heavy Duty cuisini\u00e8re - 4 br\u00fbleurs - unit\u00e9 double - profondeur 70 cm - \u00e9lectrique - Gastora","isPartOf":{"@id":"https:\/\/gastora.eu\/#website"},"primaryImageOfPage":{"@id":"https:\/\/gastora.eu\/product\/heavy-duty-cuisinire-4-brleurs-unit-double-profondeur-70-cm-lectrique\/#primaryimage"},"image":{"@id":"https:\/\/gastora.eu\/product\/heavy-duty-cuisinire-4-brleurs-unit-double-profondeur-70-cm-lectrique\/#primaryimage"},"thumbnailUrl":"https:\/\/gastora.eu\/wp-content\/uploads\/2026\/04\/maxima-electric-boiling-top-4.jpg","datePublished":"2026-04-25T17:42:10+00:00","dateModified":"2026-04-28T16:55:48+00:00","description":"Achetez Heavy Duty cuisini\u00e8re - 4 br\u00fbleurs - unit\u00e9 double - profondeur 70 cm - \u00e9lectrique au meilleur prix, fiable et performant avec une livraison rapide","breadcrumb":{"@id":"https:\/\/gastora.eu\/product\/heavy-duty-cuisinire-4-brleurs-unit-double-profondeur-70-cm-lectrique\/#breadcrumb"},"inLanguage":"en-US","potentialAction":[{"@type":"ReadAction","target":["https:\/\/gastora.eu\/product\/heavy-duty-cuisinire-4-brleurs-unit-double-profondeur-70-cm-lectrique\/"]}]},{"@type":"ImageObject","inLanguage":"en-US","@id":"https:\/\/gastora.eu\/product\/heavy-duty-cuisinire-4-brleurs-unit-double-profondeur-70-cm-lectrique\/#primaryimage","url":"https:\/\/gastora.eu\/wp-content\/uploads\/2026\/04\/maxima-electric-boiling-top-4.jpg","contentUrl":"https:\/\/gastora.eu\/wp-content\/uploads\/2026\/04\/maxima-electric-boiling-top-4.jpg","width":1024,"height":1024},{"@type":"BreadcrumbList","@id":"https:\/\/gastora.eu\/product\/heavy-duty-cuisinire-4-brleurs-unit-double-profondeur-70-cm-lectrique\/#breadcrumb","itemListElement":[{"@type":"ListItem","position":1,"name":"Home","item":"https:\/\/gastora.eu\/"},{"@type":"ListItem","position":2,"name":"Shop","item":"https:\/\/gastora.eu\/shop\/"},{"@type":"ListItem","position":3,"name":"Heavy Duty cuisini\u00e8re &#8211; 4 br\u00fbleurs &#8211; unit\u00e9 double &#8211; profondeur 70 cm &#8211; \u00e9lectrique"}]},{"@type":"WebSite","@id":"https:\/\/gastora.eu\/#website","url":"https:\/\/gastora.eu\/","name":"Gastora","description":"\u00c9quipements professionnels CHR","publisher":{"@id":"https:\/\/gastora.eu\/#organization"},"potentialAction":[{"@type":"SearchAction","target":{"@type":"EntryPoint","urlTemplate":"https:\/\/gastora.eu\/?s={search_term_string}"},"query-input":{"@type":"PropertyValueSpecification","valueRequired":true,"valueName":"search_term_string"}}],"inLanguage":"en-US"},{"@type":"Organization","@id":"https:\/\/gastora.eu\/#organization","name":"Gastora","url":"https:\/\/gastora.eu\/","logo":{"@type":"ImageObject","inLanguage":"en-US","@id":"https:\/\/gastora.eu\/#\/schema\/logo\/image\/","url":"https:\/\/gastora.eu\/wp-content\/uploads\/2025\/12\/ChatGPT-Image-2-janv.-2026-22_52_47-1.png","contentUrl":"https:\/\/gastora.eu\/wp-content\/uploads\/2025\/12\/ChatGPT-Image-2-janv.-2026-22_52_47-1.png","width":1536,"height":320,"caption":"Gastora"},"image":{"@id":"https:\/\/gastora.eu\/#\/schema\/logo\/image\/"}}]}},"jetpack_sharing_enabled":true,"_links":{"self":[{"href":"https:\/\/gastora.eu\/en\/wp-json\/wp\/v2\/product\/14045","targetHints":{"allow":["GET"]}}],"collection":[{"href":"https:\/\/gastora.eu\/en\/wp-json\/wp\/v2\/product"}],"about":[{"href":"https:\/\/gastora.eu\/en\/wp-json\/wp\/v2\/types\/product"}],"wp:featuredmedia":[{"embeddable":true,"href":"https:\/\/gastora.eu\/en\/wp-json\/wp\/v2\/media\/6839"}],"wp:attachment":[{"href":"https:\/\/gastora.eu\/en\/wp-json\/wp\/v2\/media?parent=14045"}],"wp:term":[{"taxonomy":"product_brand","embeddable":true,"href":"https:\/\/gastora.eu\/en\/wp-json\/wp\/v2\/product_brand?post=14045"},{"taxonomy":"product_cat","embeddable":true,"href":"https:\/\/gastora.eu\/en\/wp-json\/wp\/v2\/product_cat?post=14045"},{"taxonomy":"product_tag","embeddable":true,"href":"https:\/\/gastora.eu\/en\/wp-json\/wp\/v2\/product_tag?post=14045"}],"curies":[{"name":"wp","href":"https:\/\/api.w.org\/{rel}","templated":true}]}}