{"id":14042,"date":"2026-04-25T17:42:06","date_gmt":"2026-04-25T17:42:06","guid":{"rendered":"https:\/\/gastora.eu\/?post_type=product&#038;p=14042"},"modified":"2026-04-28T16:55:47","modified_gmt":"2026-04-28T16:55:47","slug":"chauffe-plats-85-l-lectrique-incl-11-gn-et-couvercle","status":"publish","type":"product","link":"https:\/\/gastora.eu\/en\/product\/chauffe-plats-85-l-lectrique-incl-11-gn-et-couvercle\/","title":{"rendered":"Chauffe-plats &#8211; 8,5 L &#8211; \u00e9lectrique &#8211; incl 1\/1 GN et couvercle"},"content":{"rendered":"<p>Vous souhaitez maintenir les aliments au chaud dans un restaurant libre-service, un caf\u00e9 ou un autre \u00e9tablissement de restauration ? Avec ce chafing dish, il est facile de servir des aliments chauds. Il est \u00e9galement id\u00e9al pour une utilisation lors de f\u00eates, d&#8217;\u00e9v\u00e9nements et de buffets. Le r\u00e9chaud est con\u00e7u pour que vous puissiez facilement le soulever et le d\u00e9placer. Il s&#8217;agit d&#8217;un mod\u00e8le standard qui fonctionne \u00e0 l&#8217;\u00e9lectricit\u00e9. Avec une capacit\u00e9 de ,,5 litres, vous pouvez maintenir de nombreux plats \u00e0 la bonne temp\u00e9rature.<\/p>\n<h3>Convient aux r\u00e9cipients GN<\/h3>\n<p>Ce r\u00e9chaud professionnel peut \u00eatre utilis\u00e9 avec des r\u00e9cipients Gastronorm jusqu&#8217;\u00e0 6,5 cm de profondeur. Avec votre commande, vous recevrez un r\u00e9cipient GN 1\/1 de 6,5 cm de profondeur et un couvercle GN 1\/1. La construction robuste se compose d&#8217;un r\u00e9cipient int\u00e9rieur et d&#8217;un couvercle, tous deux en acier inoxydable. Le fond du r\u00e9chaud est en ABS noir. Cet appareil de cuisine est dot\u00e9 d&#8217;une construction en plastique isolante. Vous pouvez facilement r\u00e9gler vous-m\u00eame la temp\u00e9rature afin que les plats soient maintenus au chaud \u00e0 la bonne temp\u00e9rature sans br\u00fbler ou cuire davantage.<\/p>\n<h3>Pi\u00e8ces r\u00e9sistantes au lave-vaisselle<\/h3>\n<p>Le nettoyage d&#8217;un r\u00e9chaud est \u00e9galement tr\u00e8s simple. Les pi\u00e8ces en acier inoxydable vont au lave-vaisselle. Apr\u00e8s utilisation, \u00e9teignez le r\u00e9chaud et retirez les r\u00e9cipients GN. Veuillez noter que des gouttes d&#8217;eau chaude peuvent encore s&#8217;\u00e9couler de la partie inf\u00e9rieure et vous br\u00fbler. Avec un chiffon humide, nettoyez l&#8217;int\u00e9rieur et l&#8217;ext\u00e9rieur. Apr\u00e8s le nettoyage, s\u00e9chez toutes les parties avec un chiffon doux et remettez le tout en place pour la prochaine utilisation.<\/p>\n<ul>\n<li>R\u00e9chaud \u00e9lectrique mod\u00e8le standard<\/li>\n<li>Id\u00e9al pour garder les aliments au chaud<\/li>\n<li>Design pratique \u00e0 soulever<\/li>\n<li>Capacit\u00e9 de 8,5 litres<\/li>\n<li>Cuvette et couvercle en acier inoxydable<\/li>\n<li>Construction en plastique isolant<\/li>\n<li>Contr\u00f4le simple de la temp\u00e9rature<\/li>\n<li>Les pi\u00e8ces en acier inoxydable passent au lave-vaisselle<\/li>\n<li>Protection thermique<\/li>\n<li>Facile \u00e0 nettoyer<\/li>\n<li>Convient aux r\u00e9cipients GN jusqu&#8217;\u00e0 65 mm de profondeur<\/li>\n<li>Poids net : 3,50 kg<\/li>\n<li>Dimensions : L610 x P350 x H280 mm<\/li>\n<li>230V \/ 50Hz \/ 1phase 900 Watt<\/li>\n<\/ul>\n<p>Inclus :<\/p>\n<ul>\n<li>1 x Acier inoxydable GN gastronormbak 1\/1 GN 65 mm<\/li>\n<li>1 x Couvercle GN en acier inoxydable 1\/1 GN<\/li>\n<\/ul>\n<ul>\n<li>Poids net : 3,5kg\n<\/li>\n<li>Mesures : B61 x D35 x H28cm\n<\/li>\n<li>Convient aux r\u00e9cipients GN d&#8217;une profondeur maximale de 6,5 cm\n<\/li>\n<li>Inclus : 1 x bac GN 1\/1 de 6,5cm de profondeur, et 1 x couvercle GN 1\/1\n<\/li>\n<li>230V\/50Hz\/1Phase 900W<br \/>","protected":false},"excerpt":{"rendered":"<p>Avec le chafing dish, il est facile de garder les plats au chaud pour les buffets ou les \u00e9v\u00e9nements. Vous pouvez r\u00e9gler vous-m\u00eame la temp\u00e9rature, en sachant que les aliments ne br\u00fbleront pas ou ne continueront pas \u00e0 cuire. Le chafing dish est \u00e9galement \u00e9quip\u00e9 d&#8217;un plateau et d&#8217;un couvercle.<\/p>","protected":false},"featured_media":6833,"template":"","meta":{"_acf_changed":false},"product_brand":[],"product_cat":[54],"product_tag":[],"class_list":{"0":"post-14042","1":"product","2":"type-product","3":"status-publish","4":"has-post-thumbnail","6":"product_cat-chaud","8":"first","9":"instock","10":"sale","11":"taxable","12":"shipping-taxable","13":"purchasable","14":"product-type-simple"},"acf":[],"yoast_head":"<!-- This site is optimized with the Yoast SEO plugin v27.5 - https:\/\/yoast.com\/product\/yoast-seo-wordpress\/ -->\n<title>Chauffe-plats - 8,5 L - \u00e9lectrique - incl 1\/1 GN et couvercle - Gastora<\/title>\n<meta name=\"description\" content=\"Achetez Chauffe-plats - 8,5 L - \u00e9lectrique - incl 1\/1 GN et couvercle au meilleur prix, fiable et performant avec une livraison rapide\" \/>\n<meta name=\"robots\" content=\"index, follow, max-snippet:-1, max-image-preview:large, max-video-preview:-1\" \/>\n<link rel=\"canonical\" href=\"https:\/\/gastora.eu\/en\/product\/chauffe-plats-85-l-lectrique-incl-11-gn-et-couvercle\/\" \/>\n<meta property=\"og:locale\" content=\"en_US\" \/>\n<meta property=\"og:type\" content=\"article\" \/>\n<meta property=\"og:title\" content=\"Chauffe-plats - 8,5 L - \u00e9lectrique - incl 1\/1 GN et couvercle - Gastora\" \/>\n<meta property=\"og:description\" content=\"Achetez Chauffe-plats - 8,5 L - \u00e9lectrique - incl 1\/1 GN et couvercle au meilleur prix, fiable et performant avec une livraison rapide\" \/>\n<meta property=\"og:url\" content=\"https:\/\/gastora.eu\/en\/product\/chauffe-plats-85-l-lectrique-incl-11-gn-et-couvercle\/\" \/>\n<meta property=\"og:site_name\" content=\"Gastora\" \/>\n<meta property=\"article:modified_time\" content=\"2026-04-28T16:55:47+00:00\" \/>\n<meta name=\"twitter:card\" content=\"summary_large_image\" \/>\n<meta name=\"twitter:label1\" content=\"Est. reading time\" \/>\n\t<meta name=\"twitter:data1\" content=\"2 minutes\" \/>\n<script type=\"application\/ld+json\" class=\"yoast-schema-graph\">{\"@context\":\"https:\\\/\\\/schema.org\",\"@graph\":[{\"@type\":\"WebPage\",\"@id\":\"https:\\\/\\\/gastora.eu\\\/product\\\/chauffe-plats-85-l-lectrique-incl-11-gn-et-couvercle\\\/\",\"url\":\"https:\\\/\\\/gastora.eu\\\/product\\\/chauffe-plats-85-l-lectrique-incl-11-gn-et-couvercle\\\/\",\"name\":\"Chauffe-plats - 8,5 L - \u00e9lectrique - incl 1\\\/1 GN et couvercle - Gastora\",\"isPartOf\":{\"@id\":\"https:\\\/\\\/gastora.eu\\\/#website\"},\"primaryImageOfPage\":{\"@id\":\"https:\\\/\\\/gastora.eu\\\/product\\\/chauffe-plats-85-l-lectrique-incl-11-gn-et-couvercle\\\/#primaryimage\"},\"image\":{\"@id\":\"https:\\\/\\\/gastora.eu\\\/product\\\/chauffe-plats-85-l-lectrique-incl-11-gn-et-couvercle\\\/#primaryimage\"},\"thumbnailUrl\":\"https:\\\/\\\/gastora.eu\\\/wp-content\\\/uploads\\\/2026\\\/04\\\/sp-05-61656e6f48c9a.jpg\",\"datePublished\":\"2026-04-25T17:42:06+00:00\",\"dateModified\":\"2026-04-28T16:55:47+00:00\",\"description\":\"Achetez Chauffe-plats - 8,5 L - \u00e9lectrique - incl 1\\\/1 GN et couvercle au meilleur prix, fiable et performant avec une livraison rapide\",\"breadcrumb\":{\"@id\":\"https:\\\/\\\/gastora.eu\\\/product\\\/chauffe-plats-85-l-lectrique-incl-11-gn-et-couvercle\\\/#breadcrumb\"},\"inLanguage\":\"en-US\",\"potentialAction\":[{\"@type\":\"ReadAction\",\"target\":[\"https:\\\/\\\/gastora.eu\\\/product\\\/chauffe-plats-85-l-lectrique-incl-11-gn-et-couvercle\\\/\"]}]},{\"@type\":\"ImageObject\",\"inLanguage\":\"en-US\",\"@id\":\"https:\\\/\\\/gastora.eu\\\/product\\\/chauffe-plats-85-l-lectrique-incl-11-gn-et-couvercle\\\/#primaryimage\",\"url\":\"https:\\\/\\\/gastora.eu\\\/wp-content\\\/uploads\\\/2026\\\/04\\\/sp-05-61656e6f48c9a.jpg\",\"contentUrl\":\"https:\\\/\\\/gastora.eu\\\/wp-content\\\/uploads\\\/2026\\\/04\\\/sp-05-61656e6f48c9a.jpg\",\"width\":1024,\"height\":1024},{\"@type\":\"BreadcrumbList\",\"@id\":\"https:\\\/\\\/gastora.eu\\\/product\\\/chauffe-plats-85-l-lectrique-incl-11-gn-et-couvercle\\\/#breadcrumb\",\"itemListElement\":[{\"@type\":\"ListItem\",\"position\":1,\"name\":\"Home\",\"item\":\"https:\\\/\\\/gastora.eu\\\/\"},{\"@type\":\"ListItem\",\"position\":2,\"name\":\"Shop\",\"item\":\"https:\\\/\\\/gastora.eu\\\/shop\\\/\"},{\"@type\":\"ListItem\",\"position\":3,\"name\":\"Chauffe-plats &#8211; 8,5 L &#8211; \u00e9lectrique &#8211; incl 1\\\/1 GN et couvercle\"}]},{\"@type\":\"WebSite\",\"@id\":\"https:\\\/\\\/gastora.eu\\\/#website\",\"url\":\"https:\\\/\\\/gastora.eu\\\/\",\"name\":\"Gastora\",\"description\":\"\u00c9quipements professionnels CHR\",\"publisher\":{\"@id\":\"https:\\\/\\\/gastora.eu\\\/#organization\"},\"potentialAction\":[{\"@type\":\"SearchAction\",\"target\":{\"@type\":\"EntryPoint\",\"urlTemplate\":\"https:\\\/\\\/gastora.eu\\\/?s={search_term_string}\"},\"query-input\":{\"@type\":\"PropertyValueSpecification\",\"valueRequired\":true,\"valueName\":\"search_term_string\"}}],\"inLanguage\":\"en-US\"},{\"@type\":\"Organization\",\"@id\":\"https:\\\/\\\/gastora.eu\\\/#organization\",\"name\":\"Gastora\",\"url\":\"https:\\\/\\\/gastora.eu\\\/\",\"logo\":{\"@type\":\"ImageObject\",\"inLanguage\":\"en-US\",\"@id\":\"https:\\\/\\\/gastora.eu\\\/#\\\/schema\\\/logo\\\/image\\\/\",\"url\":\"https:\\\/\\\/gastora.eu\\\/wp-content\\\/uploads\\\/2025\\\/12\\\/ChatGPT-Image-2-janv.-2026-22_52_47-1.png\",\"contentUrl\":\"https:\\\/\\\/gastora.eu\\\/wp-content\\\/uploads\\\/2025\\\/12\\\/ChatGPT-Image-2-janv.-2026-22_52_47-1.png\",\"width\":1536,\"height\":320,\"caption\":\"Gastora\"},\"image\":{\"@id\":\"https:\\\/\\\/gastora.eu\\\/#\\\/schema\\\/logo\\\/image\\\/\"}}]}<\/script>\n<!-- \/ Yoast SEO plugin. -->","yoast_head_json":{"title":"Chauffe-plats - 8,5 L - \u00e9lectrique - incl 1\/1 GN et couvercle - Gastora","description":"Achetez Chauffe-plats - 8,5 L - \u00e9lectrique - incl 1\/1 GN et couvercle au meilleur prix, fiable et performant avec une livraison rapide","robots":{"index":"index","follow":"follow","max-snippet":"max-snippet:-1","max-image-preview":"max-image-preview:large","max-video-preview":"max-video-preview:-1"},"canonical":"https:\/\/gastora.eu\/en\/product\/chauffe-plats-85-l-lectrique-incl-11-gn-et-couvercle\/","og_locale":"en_US","og_type":"article","og_title":"Chauffe-plats - 8,5 L - \u00e9lectrique - incl 1\/1 GN et couvercle - Gastora","og_description":"Achetez Chauffe-plats - 8,5 L - \u00e9lectrique - incl 1\/1 GN et couvercle au meilleur prix, fiable et performant avec une livraison rapide","og_url":"https:\/\/gastora.eu\/en\/product\/chauffe-plats-85-l-lectrique-incl-11-gn-et-couvercle\/","og_site_name":"Gastora","article_modified_time":"2026-04-28T16:55:47+00:00","twitter_card":"summary_large_image","twitter_misc":{"Est. reading time":"2 minutes"},"schema":{"@context":"https:\/\/schema.org","@graph":[{"@type":"WebPage","@id":"https:\/\/gastora.eu\/product\/chauffe-plats-85-l-lectrique-incl-11-gn-et-couvercle\/","url":"https:\/\/gastora.eu\/product\/chauffe-plats-85-l-lectrique-incl-11-gn-et-couvercle\/","name":"Chauffe-plats - 8,5 L - \u00e9lectrique - incl 1\/1 GN et couvercle - Gastora","isPartOf":{"@id":"https:\/\/gastora.eu\/#website"},"primaryImageOfPage":{"@id":"https:\/\/gastora.eu\/product\/chauffe-plats-85-l-lectrique-incl-11-gn-et-couvercle\/#primaryimage"},"image":{"@id":"https:\/\/gastora.eu\/product\/chauffe-plats-85-l-lectrique-incl-11-gn-et-couvercle\/#primaryimage"},"thumbnailUrl":"https:\/\/gastora.eu\/wp-content\/uploads\/2026\/04\/sp-05-61656e6f48c9a.jpg","datePublished":"2026-04-25T17:42:06+00:00","dateModified":"2026-04-28T16:55:47+00:00","description":"Achetez Chauffe-plats - 8,5 L - \u00e9lectrique - incl 1\/1 GN et couvercle au meilleur prix, fiable et performant avec une livraison rapide","breadcrumb":{"@id":"https:\/\/gastora.eu\/product\/chauffe-plats-85-l-lectrique-incl-11-gn-et-couvercle\/#breadcrumb"},"inLanguage":"en-US","potentialAction":[{"@type":"ReadAction","target":["https:\/\/gastora.eu\/product\/chauffe-plats-85-l-lectrique-incl-11-gn-et-couvercle\/"]}]},{"@type":"ImageObject","inLanguage":"en-US","@id":"https:\/\/gastora.eu\/product\/chauffe-plats-85-l-lectrique-incl-11-gn-et-couvercle\/#primaryimage","url":"https:\/\/gastora.eu\/wp-content\/uploads\/2026\/04\/sp-05-61656e6f48c9a.jpg","contentUrl":"https:\/\/gastora.eu\/wp-content\/uploads\/2026\/04\/sp-05-61656e6f48c9a.jpg","width":1024,"height":1024},{"@type":"BreadcrumbList","@id":"https:\/\/gastora.eu\/product\/chauffe-plats-85-l-lectrique-incl-11-gn-et-couvercle\/#breadcrumb","itemListElement":[{"@type":"ListItem","position":1,"name":"Home","item":"https:\/\/gastora.eu\/"},{"@type":"ListItem","position":2,"name":"Shop","item":"https:\/\/gastora.eu\/shop\/"},{"@type":"ListItem","position":3,"name":"Chauffe-plats &#8211; 8,5 L &#8211; \u00e9lectrique &#8211; incl 1\/1 GN et couvercle"}]},{"@type":"WebSite","@id":"https:\/\/gastora.eu\/#website","url":"https:\/\/gastora.eu\/","name":"Gastora","description":"\u00c9quipements professionnels CHR","publisher":{"@id":"https:\/\/gastora.eu\/#organization"},"potentialAction":[{"@type":"SearchAction","target":{"@type":"EntryPoint","urlTemplate":"https:\/\/gastora.eu\/?s={search_term_string}"},"query-input":{"@type":"PropertyValueSpecification","valueRequired":true,"valueName":"search_term_string"}}],"inLanguage":"en-US"},{"@type":"Organization","@id":"https:\/\/gastora.eu\/#organization","name":"Gastora","url":"https:\/\/gastora.eu\/","logo":{"@type":"ImageObject","inLanguage":"en-US","@id":"https:\/\/gastora.eu\/#\/schema\/logo\/image\/","url":"https:\/\/gastora.eu\/wp-content\/uploads\/2025\/12\/ChatGPT-Image-2-janv.-2026-22_52_47-1.png","contentUrl":"https:\/\/gastora.eu\/wp-content\/uploads\/2025\/12\/ChatGPT-Image-2-janv.-2026-22_52_47-1.png","width":1536,"height":320,"caption":"Gastora"},"image":{"@id":"https:\/\/gastora.eu\/#\/schema\/logo\/image\/"}}]}},"jetpack_sharing_enabled":true,"_links":{"self":[{"href":"https:\/\/gastora.eu\/en\/wp-json\/wp\/v2\/product\/14042","targetHints":{"allow":["GET"]}}],"collection":[{"href":"https:\/\/gastora.eu\/en\/wp-json\/wp\/v2\/product"}],"about":[{"href":"https:\/\/gastora.eu\/en\/wp-json\/wp\/v2\/types\/product"}],"wp:featuredmedia":[{"embeddable":true,"href":"https:\/\/gastora.eu\/en\/wp-json\/wp\/v2\/media\/6833"}],"wp:attachment":[{"href":"https:\/\/gastora.eu\/en\/wp-json\/wp\/v2\/media?parent=14042"}],"wp:term":[{"taxonomy":"product_brand","embeddable":true,"href":"https:\/\/gastora.eu\/en\/wp-json\/wp\/v2\/product_brand?post=14042"},{"taxonomy":"product_cat","embeddable":true,"href":"https:\/\/gastora.eu\/en\/wp-json\/wp\/v2\/product_cat?post=14042"},{"taxonomy":"product_tag","embeddable":true,"href":"https:\/\/gastora.eu\/en\/wp-json\/wp\/v2\/product_tag?post=14042"}],"curies":[{"name":"wp","href":"https:\/\/api.w.org\/{rel}","templated":true}]}}