{"id":14041,"date":"2026-04-25T17:42:05","date_gmt":"2026-04-25T17:42:05","guid":{"rendered":"https:\/\/gastora.eu\/?post_type=product&#038;p=14041"},"modified":"2026-04-28T16:55:47","modified_gmt":"2026-04-28T16:55:47","slug":"heavy-duty-support-unit-double-profondeur-70-cm-avec-portes","status":"publish","type":"product","link":"https:\/\/gastora.eu\/en\/product\/heavy-duty-support-unit-double-profondeur-70-cm-avec-portes\/","title":{"rendered":"Heavy Duty support &#8211; unit\u00e9 double &#8211; profondeur 70 cm &#8211; avec portes"},"content":{"rendered":"<p>Si vous cherchez un support pour l&#8217;un des appareils de cuisine de la gamme 700, c&#8217;est celui-ci qu&#8217;il vous faut. Fabriqu\u00e9 en acier inoxydable durable, il convient \u00e0 une utilisation quotidienne intensive dans une cuisine professionnelle, tout comme l&#8217;ensemble de la gamme de tables de cuisson 700. Elle est robuste et durable. Le fait de placer les appareils de cuisine sur ce chariot haut et robuste permet de travailler de mani\u00e8re ergonomique et efficace.<\/p>\n<h3>Deux portes avec poign\u00e9es<\/h3>\n<p>Le chariot est dot\u00e9 de deux portes \u00e0 double \u00e9paisseur avec des poign\u00e9es ergonomiques. Derri\u00e8re les portes se trouve un espace de rangement suppl\u00e9mentaire pour les casseroles et les po\u00eales. Pour maintenir les portes ferm\u00e9es, la base est \u00e9quip\u00e9e d&#8217;une serrure magn\u00e9tique. En outre, la base est \u00e9quip\u00e9e d&#8217;un m\u00e9canisme de connexion simple permettant de l&#8217;associer \u00e0 d&#8217;autres s\u00e9ries de la ligne de cuisson 700.<\/p>\n<h3>Pieds solides<\/h3>\n<p>Ce chariot professionnel est \u00e9galement \u00e9quip\u00e9 de pieds solides pour maintenir les appareils stables pendant l&#8217;utilisation. Ce double chariot a des dimensions de 80 x 70 cm, mais il est \u00e9galement disponible en version simple de 40 x 70 cm. Le nettoyage est facile gr\u00e2ce \u00e0 la surface en acier inoxydable. Un chiffon humide, de l&#8217;eau chaude et un d\u00e9tergent doux suffisent pour nettoyer la base.<\/p>\n<ul>\n<li>Grand compartiment de base pour le rangement des casseroles, po\u00eales, etc.<\/li>\n<li>Portes \u00e0 double \u00e9paisseur avec poign\u00e9es ergonomiques<\/li>\n<li>Verrouillage magn\u00e9tique pour maintenir les portes ferm\u00e9es<\/li>\n<li>M\u00e9canisme de connexion facile avec les autres \u00e9l\u00e9ments de la s\u00e9rie 700<\/li>\n<li>Pieds robustes pour une meilleure stabilit\u00e9<\/li>\n<li>\u00c9galement disponible en version simple (40 x 70 cm)<\/li>\n<li>Poids net : 22 kg<\/li>\n<li>Dimensions : 80 x 63 x 57 cm L80 x P63 x H57cm<\/li>\n<\/ul>","protected":false},"excerpt":{"rendered":"<p>Ce support \u00e0 double porte en acier inoxydable est id\u00e9al pour \u00eatre plac\u00e9 sous l&#8217;un des appareils de cuisine de la s\u00e9rie 700 cooking line. Le support est dot\u00e9 de portes magn\u00e9tiques et les pieds peuvent \u00eatre r\u00e9gl\u00e9s \u00e0 la hauteur souhait\u00e9e. Vous pouvez ainsi ranger facilement vos casseroles et po\u00eales et les prot\u00e9ger de la poussi\u00e8re.<\/p>","protected":false},"featured_media":6831,"template":"","meta":{"_acf_changed":false},"product_brand":[],"product_cat":[495],"product_tag":[],"class_list":{"0":"post-14041","1":"product","2":"type-product","3":"status-publish","4":"has-post-thumbnail","6":"product_cat-plaques-pianos-de-cuisson-2","8":"first","9":"instock","10":"sale","11":"taxable","12":"shipping-taxable","13":"purchasable","14":"product-type-simple"},"acf":[],"yoast_head":"<!-- This site is optimized with the Yoast SEO plugin v27.5 - https:\/\/yoast.com\/product\/yoast-seo-wordpress\/ -->\n<title>Heavy Duty support - unit\u00e9 double - profondeur 70 cm - avec portes - Gastora<\/title>\n<meta name=\"description\" content=\"Achetez Heavy Duty support - unit\u00e9 double - profondeur 70 cm - avec portes au meilleur prix, fiable et performant avec une livraison rapide\" \/>\n<meta name=\"robots\" content=\"index, follow, max-snippet:-1, max-image-preview:large, max-video-preview:-1\" \/>\n<link rel=\"canonical\" href=\"https:\/\/gastora.eu\/en\/product\/heavy-duty-support-unit-double-profondeur-70-cm-avec-portes\/\" \/>\n<meta property=\"og:locale\" content=\"en_US\" \/>\n<meta property=\"og:type\" content=\"article\" \/>\n<meta property=\"og:title\" content=\"Heavy Duty support - unit\u00e9 double - profondeur 70 cm - avec portes - Gastora\" \/>\n<meta property=\"og:description\" content=\"Achetez Heavy Duty support - unit\u00e9 double - profondeur 70 cm - avec portes au meilleur prix, fiable et performant avec une livraison rapide\" \/>\n<meta property=\"og:url\" content=\"https:\/\/gastora.eu\/en\/product\/heavy-duty-support-unit-double-profondeur-70-cm-avec-portes\/\" \/>\n<meta property=\"og:site_name\" content=\"Gastora\" \/>\n<meta property=\"article:modified_time\" content=\"2026-04-28T16:55:47+00:00\" \/>\n<meta name=\"twitter:card\" content=\"summary_large_image\" \/>\n<meta name=\"twitter:label1\" content=\"Est. reading time\" \/>\n\t<meta name=\"twitter:data1\" content=\"1 minute\" \/>\n<script type=\"application\/ld+json\" class=\"yoast-schema-graph\">{\"@context\":\"https:\\\/\\\/schema.org\",\"@graph\":[{\"@type\":\"WebPage\",\"@id\":\"https:\\\/\\\/gastora.eu\\\/product\\\/heavy-duty-support-unit-double-profondeur-70-cm-avec-portes\\\/\",\"url\":\"https:\\\/\\\/gastora.eu\\\/product\\\/heavy-duty-support-unit-double-profondeur-70-cm-avec-portes\\\/\",\"name\":\"Heavy Duty support - unit\u00e9 double - profondeur 70 cm - avec portes - Gastora\",\"isPartOf\":{\"@id\":\"https:\\\/\\\/gastora.eu\\\/#website\"},\"primaryImageOfPage\":{\"@id\":\"https:\\\/\\\/gastora.eu\\\/product\\\/heavy-duty-support-unit-double-profondeur-70-cm-avec-portes\\\/#primaryimage\"},\"image\":{\"@id\":\"https:\\\/\\\/gastora.eu\\\/product\\\/heavy-duty-support-unit-double-profondeur-70-cm-avec-portes\\\/#primaryimage\"},\"thumbnailUrl\":\"https:\\\/\\\/gastora.eu\\\/wp-content\\\/uploads\\\/2026\\\/04\\\/underbench-door-double.jpg\",\"datePublished\":\"2026-04-25T17:42:05+00:00\",\"dateModified\":\"2026-04-28T16:55:47+00:00\",\"description\":\"Achetez Heavy Duty support - unit\u00e9 double - profondeur 70 cm - avec portes au meilleur prix, fiable et performant avec une livraison rapide\",\"breadcrumb\":{\"@id\":\"https:\\\/\\\/gastora.eu\\\/product\\\/heavy-duty-support-unit-double-profondeur-70-cm-avec-portes\\\/#breadcrumb\"},\"inLanguage\":\"en-US\",\"potentialAction\":[{\"@type\":\"ReadAction\",\"target\":[\"https:\\\/\\\/gastora.eu\\\/product\\\/heavy-duty-support-unit-double-profondeur-70-cm-avec-portes\\\/\"]}]},{\"@type\":\"ImageObject\",\"inLanguage\":\"en-US\",\"@id\":\"https:\\\/\\\/gastora.eu\\\/product\\\/heavy-duty-support-unit-double-profondeur-70-cm-avec-portes\\\/#primaryimage\",\"url\":\"https:\\\/\\\/gastora.eu\\\/wp-content\\\/uploads\\\/2026\\\/04\\\/underbench-door-double.jpg\",\"contentUrl\":\"https:\\\/\\\/gastora.eu\\\/wp-content\\\/uploads\\\/2026\\\/04\\\/underbench-door-double.jpg\",\"width\":1024,\"height\":1024},{\"@type\":\"BreadcrumbList\",\"@id\":\"https:\\\/\\\/gastora.eu\\\/product\\\/heavy-duty-support-unit-double-profondeur-70-cm-avec-portes\\\/#breadcrumb\",\"itemListElement\":[{\"@type\":\"ListItem\",\"position\":1,\"name\":\"Home\",\"item\":\"https:\\\/\\\/gastora.eu\\\/\"},{\"@type\":\"ListItem\",\"position\":2,\"name\":\"Shop\",\"item\":\"https:\\\/\\\/gastora.eu\\\/shop\\\/\"},{\"@type\":\"ListItem\",\"position\":3,\"name\":\"Heavy Duty support &#8211; unit\u00e9 double &#8211; profondeur 70 cm &#8211; avec portes\"}]},{\"@type\":\"WebSite\",\"@id\":\"https:\\\/\\\/gastora.eu\\\/#website\",\"url\":\"https:\\\/\\\/gastora.eu\\\/\",\"name\":\"Gastora\",\"description\":\"\u00c9quipements professionnels CHR\",\"publisher\":{\"@id\":\"https:\\\/\\\/gastora.eu\\\/#organization\"},\"potentialAction\":[{\"@type\":\"SearchAction\",\"target\":{\"@type\":\"EntryPoint\",\"urlTemplate\":\"https:\\\/\\\/gastora.eu\\\/?s={search_term_string}\"},\"query-input\":{\"@type\":\"PropertyValueSpecification\",\"valueRequired\":true,\"valueName\":\"search_term_string\"}}],\"inLanguage\":\"en-US\"},{\"@type\":\"Organization\",\"@id\":\"https:\\\/\\\/gastora.eu\\\/#organization\",\"name\":\"Gastora\",\"url\":\"https:\\\/\\\/gastora.eu\\\/\",\"logo\":{\"@type\":\"ImageObject\",\"inLanguage\":\"en-US\",\"@id\":\"https:\\\/\\\/gastora.eu\\\/#\\\/schema\\\/logo\\\/image\\\/\",\"url\":\"https:\\\/\\\/gastora.eu\\\/wp-content\\\/uploads\\\/2025\\\/12\\\/ChatGPT-Image-2-janv.-2026-22_52_47-1.png\",\"contentUrl\":\"https:\\\/\\\/gastora.eu\\\/wp-content\\\/uploads\\\/2025\\\/12\\\/ChatGPT-Image-2-janv.-2026-22_52_47-1.png\",\"width\":1536,\"height\":320,\"caption\":\"Gastora\"},\"image\":{\"@id\":\"https:\\\/\\\/gastora.eu\\\/#\\\/schema\\\/logo\\\/image\\\/\"}}]}<\/script>\n<!-- \/ Yoast SEO plugin. -->","yoast_head_json":{"title":"Heavy Duty support - unit\u00e9 double - profondeur 70 cm - avec portes - Gastora","description":"Achetez Heavy Duty support - unit\u00e9 double - profondeur 70 cm - avec portes au meilleur prix, fiable et performant avec une livraison rapide","robots":{"index":"index","follow":"follow","max-snippet":"max-snippet:-1","max-image-preview":"max-image-preview:large","max-video-preview":"max-video-preview:-1"},"canonical":"https:\/\/gastora.eu\/en\/product\/heavy-duty-support-unit-double-profondeur-70-cm-avec-portes\/","og_locale":"en_US","og_type":"article","og_title":"Heavy Duty support - unit\u00e9 double - profondeur 70 cm - avec portes - Gastora","og_description":"Achetez Heavy Duty support - unit\u00e9 double - profondeur 70 cm - avec portes au meilleur prix, fiable et performant avec une livraison rapide","og_url":"https:\/\/gastora.eu\/en\/product\/heavy-duty-support-unit-double-profondeur-70-cm-avec-portes\/","og_site_name":"Gastora","article_modified_time":"2026-04-28T16:55:47+00:00","twitter_card":"summary_large_image","twitter_misc":{"Est. reading time":"1 minute"},"schema":{"@context":"https:\/\/schema.org","@graph":[{"@type":"WebPage","@id":"https:\/\/gastora.eu\/product\/heavy-duty-support-unit-double-profondeur-70-cm-avec-portes\/","url":"https:\/\/gastora.eu\/product\/heavy-duty-support-unit-double-profondeur-70-cm-avec-portes\/","name":"Heavy Duty support - unit\u00e9 double - profondeur 70 cm - avec portes - Gastora","isPartOf":{"@id":"https:\/\/gastora.eu\/#website"},"primaryImageOfPage":{"@id":"https:\/\/gastora.eu\/product\/heavy-duty-support-unit-double-profondeur-70-cm-avec-portes\/#primaryimage"},"image":{"@id":"https:\/\/gastora.eu\/product\/heavy-duty-support-unit-double-profondeur-70-cm-avec-portes\/#primaryimage"},"thumbnailUrl":"https:\/\/gastora.eu\/wp-content\/uploads\/2026\/04\/underbench-door-double.jpg","datePublished":"2026-04-25T17:42:05+00:00","dateModified":"2026-04-28T16:55:47+00:00","description":"Achetez Heavy Duty support - unit\u00e9 double - profondeur 70 cm - avec portes au meilleur prix, fiable et performant avec une livraison rapide","breadcrumb":{"@id":"https:\/\/gastora.eu\/product\/heavy-duty-support-unit-double-profondeur-70-cm-avec-portes\/#breadcrumb"},"inLanguage":"en-US","potentialAction":[{"@type":"ReadAction","target":["https:\/\/gastora.eu\/product\/heavy-duty-support-unit-double-profondeur-70-cm-avec-portes\/"]}]},{"@type":"ImageObject","inLanguage":"en-US","@id":"https:\/\/gastora.eu\/product\/heavy-duty-support-unit-double-profondeur-70-cm-avec-portes\/#primaryimage","url":"https:\/\/gastora.eu\/wp-content\/uploads\/2026\/04\/underbench-door-double.jpg","contentUrl":"https:\/\/gastora.eu\/wp-content\/uploads\/2026\/04\/underbench-door-double.jpg","width":1024,"height":1024},{"@type":"BreadcrumbList","@id":"https:\/\/gastora.eu\/product\/heavy-duty-support-unit-double-profondeur-70-cm-avec-portes\/#breadcrumb","itemListElement":[{"@type":"ListItem","position":1,"name":"Home","item":"https:\/\/gastora.eu\/"},{"@type":"ListItem","position":2,"name":"Shop","item":"https:\/\/gastora.eu\/shop\/"},{"@type":"ListItem","position":3,"name":"Heavy Duty support &#8211; unit\u00e9 double &#8211; profondeur 70 cm &#8211; avec portes"}]},{"@type":"WebSite","@id":"https:\/\/gastora.eu\/#website","url":"https:\/\/gastora.eu\/","name":"Gastora","description":"\u00c9quipements professionnels CHR","publisher":{"@id":"https:\/\/gastora.eu\/#organization"},"potentialAction":[{"@type":"SearchAction","target":{"@type":"EntryPoint","urlTemplate":"https:\/\/gastora.eu\/?s={search_term_string}"},"query-input":{"@type":"PropertyValueSpecification","valueRequired":true,"valueName":"search_term_string"}}],"inLanguage":"en-US"},{"@type":"Organization","@id":"https:\/\/gastora.eu\/#organization","name":"Gastora","url":"https:\/\/gastora.eu\/","logo":{"@type":"ImageObject","inLanguage":"en-US","@id":"https:\/\/gastora.eu\/#\/schema\/logo\/image\/","url":"https:\/\/gastora.eu\/wp-content\/uploads\/2025\/12\/ChatGPT-Image-2-janv.-2026-22_52_47-1.png","contentUrl":"https:\/\/gastora.eu\/wp-content\/uploads\/2025\/12\/ChatGPT-Image-2-janv.-2026-22_52_47-1.png","width":1536,"height":320,"caption":"Gastora"},"image":{"@id":"https:\/\/gastora.eu\/#\/schema\/logo\/image\/"}}]}},"jetpack_sharing_enabled":true,"_links":{"self":[{"href":"https:\/\/gastora.eu\/en\/wp-json\/wp\/v2\/product\/14041","targetHints":{"allow":["GET"]}}],"collection":[{"href":"https:\/\/gastora.eu\/en\/wp-json\/wp\/v2\/product"}],"about":[{"href":"https:\/\/gastora.eu\/en\/wp-json\/wp\/v2\/types\/product"}],"wp:featuredmedia":[{"embeddable":true,"href":"https:\/\/gastora.eu\/en\/wp-json\/wp\/v2\/media\/6831"}],"wp:attachment":[{"href":"https:\/\/gastora.eu\/en\/wp-json\/wp\/v2\/media?parent=14041"}],"wp:term":[{"taxonomy":"product_brand","embeddable":true,"href":"https:\/\/gastora.eu\/en\/wp-json\/wp\/v2\/product_brand?post=14041"},{"taxonomy":"product_cat","embeddable":true,"href":"https:\/\/gastora.eu\/en\/wp-json\/wp\/v2\/product_cat?post=14041"},{"taxonomy":"product_tag","embeddable":true,"href":"https:\/\/gastora.eu\/en\/wp-json\/wp\/v2\/product_tag?post=14041"}],"curies":[{"name":"wp","href":"https:\/\/api.w.org\/{rel}","templated":true}]}}