{"id":14040,"date":"2026-04-25T17:42:05","date_gmt":"2026-04-25T17:42:05","guid":{"rendered":"https:\/\/gastora.eu\/?post_type=product&#038;p=14040"},"modified":"2026-04-28T16:55:47","modified_gmt":"2026-04-28T16:55:47","slug":"heavy-duty-support-unit-simple-profondeur-70-cm-avec-porte","status":"publish","type":"product","link":"https:\/\/gastora.eu\/en\/product\/heavy-duty-support-unit-simple-profondeur-70-cm-avec-porte\/","title":{"rendered":"Heavy Duty support &#8211; unit\u00e9 simple &#8211; profondeur 70 cm &#8211; avec porte"},"content":{"rendered":"<p>Vous souhaitez placer les appareils de cuisine de la s\u00e9rie 700 cooking line sur un chariot pratique pour plus de commodit\u00e9 ? Dans ce cas, ce chariot 40 x 70 cm \u00e0 usage intensif sera un excellent compl\u00e9ment \u00e0 votre cuisine professionnelle. Gr\u00e2ce \u00e0 son bo\u00eetier en acier inoxydable, ce chariot est durable et r\u00e9siste \u00e0 l&#8217;usure. Il convient donc \u00e0 un usage quotidien intensif. Autre avantage : lorsque les appareils sont plac\u00e9s sur le chariot, vous pouvez travailler de mani\u00e8re plus ergonomique dans la cuisine.<\/p>\n<h3>Espace de rangement suppl\u00e9mentaire<\/h3>\n<p>Ce chariot spacieux est \u00e9galement id\u00e9al pour ranger les casseroles et les po\u00eales. Il est dot\u00e9 d&#8217;un m\u00e9canisme de connexion facile avec les autres \u00e9l\u00e9ments de la s\u00e9rie 700 cooking line, ce qui vous permet de monter facilement n&#8217;importe quel appareil de cuisine sur le chariot. Ce chariot est \u00e9galement disponible en version double de 80 x 70 cm.<\/p>\n<h3>Pieds robustes<\/h3>\n<p>Gr\u00e2ce aux pieds robustes, les appareils de cuisine sont stables et bien plac\u00e9s dans la cuisine. Le chariot convient \u00e9galement parfaitement \u00e0 une utilisation dans une ligne de cuisson. Si vous souhaitez nettoyer le support, cela ne pose aucun probl\u00e8me gr\u00e2ce au bo\u00eetier en acier inoxydable. Il suffit d&#8217;un chiffon humide, d&#8217;eau chaude et d&#8217;un d\u00e9tergent doux.<\/p>\n<ul>\n<li>Grand compartiment de base pour le rangement des casseroles, po\u00eales, etc.<\/li>\n<li>Porte \u00e0 double \u00e9paisseur avec poign\u00e9e ergonomique<\/li>\n<li>Verrouillage magn\u00e9tique pour maintenir la porte ferm\u00e9e<\/li>\n<li>M\u00e9canisme de connexion facile avec d&#8217;autres \u00e9l\u00e9ments de la s\u00e9rie 700<\/li>\n<li>Pieds robustes pour une meilleure stabilit\u00e9<\/li>\n<li>\u00c9galement disponible en version double (80 x 70 cm)<\/li>\n<li>Dimensions : B40 x D63 x H57cm<\/li>\n<\/ul>","protected":false},"excerpt":{"rendered":"<p>Ce support robuste, sp\u00e9cialement con\u00e7u pour les appareils de cuisine de la gamme 700, vous permet de cr\u00e9er un espace de rangement suppl\u00e9mentaire pour les casseroles et les po\u00eales. En outre, les appareils restent bien en place sur la ligne de cuisson dans les cuisines professionnelles. Le support est dot\u00e9 de pieds r\u00e9glables, ce qui vous permet de le r\u00e9gler \u00e0 la hauteur souhait\u00e9e.<\/p>","protected":false},"featured_media":6829,"template":"","meta":{"_acf_changed":false},"product_brand":[],"product_cat":[495],"product_tag":[],"class_list":{"0":"post-14040","1":"product","2":"type-product","3":"status-publish","4":"has-post-thumbnail","6":"product_cat-plaques-pianos-de-cuisson-2","8":"first","9":"instock","10":"sale","11":"taxable","12":"shipping-taxable","13":"purchasable","14":"product-type-simple"},"acf":[],"yoast_head":"<!-- This site is optimized with the Yoast SEO plugin v27.5 - https:\/\/yoast.com\/product\/yoast-seo-wordpress\/ -->\n<title>Heavy Duty support - unit\u00e9 simple - profondeur 70 cm - avec porte - Gastora<\/title>\n<meta name=\"description\" content=\"Achetez Heavy Duty support - unit\u00e9 simple - profondeur 70 cm - avec porte au meilleur prix, fiable et performant avec une livraison rapide\" \/>\n<meta name=\"robots\" content=\"index, follow, max-snippet:-1, max-image-preview:large, max-video-preview:-1\" \/>\n<link rel=\"canonical\" href=\"https:\/\/gastora.eu\/en\/product\/heavy-duty-support-unit-simple-profondeur-70-cm-avec-porte\/\" \/>\n<meta property=\"og:locale\" content=\"en_US\" \/>\n<meta property=\"og:type\" content=\"article\" \/>\n<meta property=\"og:title\" content=\"Heavy Duty support - unit\u00e9 simple - profondeur 70 cm - avec porte - Gastora\" \/>\n<meta property=\"og:description\" content=\"Achetez Heavy Duty support - unit\u00e9 simple - profondeur 70 cm - avec porte au meilleur prix, fiable et performant avec une livraison rapide\" \/>\n<meta property=\"og:url\" content=\"https:\/\/gastora.eu\/en\/product\/heavy-duty-support-unit-simple-profondeur-70-cm-avec-porte\/\" \/>\n<meta property=\"og:site_name\" content=\"Gastora\" \/>\n<meta property=\"article:modified_time\" content=\"2026-04-28T16:55:47+00:00\" \/>\n<meta name=\"twitter:card\" content=\"summary_large_image\" \/>\n<meta name=\"twitter:label1\" content=\"Est. reading time\" \/>\n\t<meta name=\"twitter:data1\" content=\"1 minute\" \/>\n<script type=\"application\/ld+json\" class=\"yoast-schema-graph\">{\"@context\":\"https:\\\/\\\/schema.org\",\"@graph\":[{\"@type\":\"WebPage\",\"@id\":\"https:\\\/\\\/gastora.eu\\\/product\\\/heavy-duty-support-unit-simple-profondeur-70-cm-avec-porte\\\/\",\"url\":\"https:\\\/\\\/gastora.eu\\\/product\\\/heavy-duty-support-unit-simple-profondeur-70-cm-avec-porte\\\/\",\"name\":\"Heavy Duty support - unit\u00e9 simple - profondeur 70 cm - avec porte - Gastora\",\"isPartOf\":{\"@id\":\"https:\\\/\\\/gastora.eu\\\/#website\"},\"primaryImageOfPage\":{\"@id\":\"https:\\\/\\\/gastora.eu\\\/product\\\/heavy-duty-support-unit-simple-profondeur-70-cm-avec-porte\\\/#primaryimage\"},\"image\":{\"@id\":\"https:\\\/\\\/gastora.eu\\\/product\\\/heavy-duty-support-unit-simple-profondeur-70-cm-avec-porte\\\/#primaryimage\"},\"thumbnailUrl\":\"https:\\\/\\\/gastora.eu\\\/wp-content\\\/uploads\\\/2026\\\/04\\\/underbench-door-single.jpg\",\"datePublished\":\"2026-04-25T17:42:05+00:00\",\"dateModified\":\"2026-04-28T16:55:47+00:00\",\"description\":\"Achetez Heavy Duty support - unit\u00e9 simple - profondeur 70 cm - avec porte au meilleur prix, fiable et performant avec une livraison rapide\",\"breadcrumb\":{\"@id\":\"https:\\\/\\\/gastora.eu\\\/product\\\/heavy-duty-support-unit-simple-profondeur-70-cm-avec-porte\\\/#breadcrumb\"},\"inLanguage\":\"en-US\",\"potentialAction\":[{\"@type\":\"ReadAction\",\"target\":[\"https:\\\/\\\/gastora.eu\\\/product\\\/heavy-duty-support-unit-simple-profondeur-70-cm-avec-porte\\\/\"]}]},{\"@type\":\"ImageObject\",\"inLanguage\":\"en-US\",\"@id\":\"https:\\\/\\\/gastora.eu\\\/product\\\/heavy-duty-support-unit-simple-profondeur-70-cm-avec-porte\\\/#primaryimage\",\"url\":\"https:\\\/\\\/gastora.eu\\\/wp-content\\\/uploads\\\/2026\\\/04\\\/underbench-door-single.jpg\",\"contentUrl\":\"https:\\\/\\\/gastora.eu\\\/wp-content\\\/uploads\\\/2026\\\/04\\\/underbench-door-single.jpg\",\"width\":1024,\"height\":1024},{\"@type\":\"BreadcrumbList\",\"@id\":\"https:\\\/\\\/gastora.eu\\\/product\\\/heavy-duty-support-unit-simple-profondeur-70-cm-avec-porte\\\/#breadcrumb\",\"itemListElement\":[{\"@type\":\"ListItem\",\"position\":1,\"name\":\"Home\",\"item\":\"https:\\\/\\\/gastora.eu\\\/\"},{\"@type\":\"ListItem\",\"position\":2,\"name\":\"Shop\",\"item\":\"https:\\\/\\\/gastora.eu\\\/shop\\\/\"},{\"@type\":\"ListItem\",\"position\":3,\"name\":\"Heavy Duty support &#8211; unit\u00e9 simple &#8211; profondeur 70 cm &#8211; avec porte\"}]},{\"@type\":\"WebSite\",\"@id\":\"https:\\\/\\\/gastora.eu\\\/#website\",\"url\":\"https:\\\/\\\/gastora.eu\\\/\",\"name\":\"Gastora\",\"description\":\"\u00c9quipements professionnels CHR\",\"publisher\":{\"@id\":\"https:\\\/\\\/gastora.eu\\\/#organization\"},\"potentialAction\":[{\"@type\":\"SearchAction\",\"target\":{\"@type\":\"EntryPoint\",\"urlTemplate\":\"https:\\\/\\\/gastora.eu\\\/?s={search_term_string}\"},\"query-input\":{\"@type\":\"PropertyValueSpecification\",\"valueRequired\":true,\"valueName\":\"search_term_string\"}}],\"inLanguage\":\"en-US\"},{\"@type\":\"Organization\",\"@id\":\"https:\\\/\\\/gastora.eu\\\/#organization\",\"name\":\"Gastora\",\"url\":\"https:\\\/\\\/gastora.eu\\\/\",\"logo\":{\"@type\":\"ImageObject\",\"inLanguage\":\"en-US\",\"@id\":\"https:\\\/\\\/gastora.eu\\\/#\\\/schema\\\/logo\\\/image\\\/\",\"url\":\"https:\\\/\\\/gastora.eu\\\/wp-content\\\/uploads\\\/2025\\\/12\\\/ChatGPT-Image-2-janv.-2026-22_52_47-1.png\",\"contentUrl\":\"https:\\\/\\\/gastora.eu\\\/wp-content\\\/uploads\\\/2025\\\/12\\\/ChatGPT-Image-2-janv.-2026-22_52_47-1.png\",\"width\":1536,\"height\":320,\"caption\":\"Gastora\"},\"image\":{\"@id\":\"https:\\\/\\\/gastora.eu\\\/#\\\/schema\\\/logo\\\/image\\\/\"}}]}<\/script>\n<!-- \/ Yoast SEO plugin. -->","yoast_head_json":{"title":"Heavy Duty support - unit\u00e9 simple - profondeur 70 cm - avec porte - Gastora","description":"Achetez Heavy Duty support - unit\u00e9 simple - profondeur 70 cm - avec porte au meilleur prix, fiable et performant avec une livraison rapide","robots":{"index":"index","follow":"follow","max-snippet":"max-snippet:-1","max-image-preview":"max-image-preview:large","max-video-preview":"max-video-preview:-1"},"canonical":"https:\/\/gastora.eu\/en\/product\/heavy-duty-support-unit-simple-profondeur-70-cm-avec-porte\/","og_locale":"en_US","og_type":"article","og_title":"Heavy Duty support - unit\u00e9 simple - profondeur 70 cm - avec porte - Gastora","og_description":"Achetez Heavy Duty support - unit\u00e9 simple - profondeur 70 cm - avec porte au meilleur prix, fiable et performant avec une livraison rapide","og_url":"https:\/\/gastora.eu\/en\/product\/heavy-duty-support-unit-simple-profondeur-70-cm-avec-porte\/","og_site_name":"Gastora","article_modified_time":"2026-04-28T16:55:47+00:00","twitter_card":"summary_large_image","twitter_misc":{"Est. reading time":"1 minute"},"schema":{"@context":"https:\/\/schema.org","@graph":[{"@type":"WebPage","@id":"https:\/\/gastora.eu\/product\/heavy-duty-support-unit-simple-profondeur-70-cm-avec-porte\/","url":"https:\/\/gastora.eu\/product\/heavy-duty-support-unit-simple-profondeur-70-cm-avec-porte\/","name":"Heavy Duty support - unit\u00e9 simple - profondeur 70 cm - avec porte - Gastora","isPartOf":{"@id":"https:\/\/gastora.eu\/#website"},"primaryImageOfPage":{"@id":"https:\/\/gastora.eu\/product\/heavy-duty-support-unit-simple-profondeur-70-cm-avec-porte\/#primaryimage"},"image":{"@id":"https:\/\/gastora.eu\/product\/heavy-duty-support-unit-simple-profondeur-70-cm-avec-porte\/#primaryimage"},"thumbnailUrl":"https:\/\/gastora.eu\/wp-content\/uploads\/2026\/04\/underbench-door-single.jpg","datePublished":"2026-04-25T17:42:05+00:00","dateModified":"2026-04-28T16:55:47+00:00","description":"Achetez Heavy Duty support - unit\u00e9 simple - profondeur 70 cm - avec porte au meilleur prix, fiable et performant avec une livraison rapide","breadcrumb":{"@id":"https:\/\/gastora.eu\/product\/heavy-duty-support-unit-simple-profondeur-70-cm-avec-porte\/#breadcrumb"},"inLanguage":"en-US","potentialAction":[{"@type":"ReadAction","target":["https:\/\/gastora.eu\/product\/heavy-duty-support-unit-simple-profondeur-70-cm-avec-porte\/"]}]},{"@type":"ImageObject","inLanguage":"en-US","@id":"https:\/\/gastora.eu\/product\/heavy-duty-support-unit-simple-profondeur-70-cm-avec-porte\/#primaryimage","url":"https:\/\/gastora.eu\/wp-content\/uploads\/2026\/04\/underbench-door-single.jpg","contentUrl":"https:\/\/gastora.eu\/wp-content\/uploads\/2026\/04\/underbench-door-single.jpg","width":1024,"height":1024},{"@type":"BreadcrumbList","@id":"https:\/\/gastora.eu\/product\/heavy-duty-support-unit-simple-profondeur-70-cm-avec-porte\/#breadcrumb","itemListElement":[{"@type":"ListItem","position":1,"name":"Home","item":"https:\/\/gastora.eu\/"},{"@type":"ListItem","position":2,"name":"Shop","item":"https:\/\/gastora.eu\/shop\/"},{"@type":"ListItem","position":3,"name":"Heavy Duty support &#8211; unit\u00e9 simple &#8211; profondeur 70 cm &#8211; avec porte"}]},{"@type":"WebSite","@id":"https:\/\/gastora.eu\/#website","url":"https:\/\/gastora.eu\/","name":"Gastora","description":"\u00c9quipements professionnels CHR","publisher":{"@id":"https:\/\/gastora.eu\/#organization"},"potentialAction":[{"@type":"SearchAction","target":{"@type":"EntryPoint","urlTemplate":"https:\/\/gastora.eu\/?s={search_term_string}"},"query-input":{"@type":"PropertyValueSpecification","valueRequired":true,"valueName":"search_term_string"}}],"inLanguage":"en-US"},{"@type":"Organization","@id":"https:\/\/gastora.eu\/#organization","name":"Gastora","url":"https:\/\/gastora.eu\/","logo":{"@type":"ImageObject","inLanguage":"en-US","@id":"https:\/\/gastora.eu\/#\/schema\/logo\/image\/","url":"https:\/\/gastora.eu\/wp-content\/uploads\/2025\/12\/ChatGPT-Image-2-janv.-2026-22_52_47-1.png","contentUrl":"https:\/\/gastora.eu\/wp-content\/uploads\/2025\/12\/ChatGPT-Image-2-janv.-2026-22_52_47-1.png","width":1536,"height":320,"caption":"Gastora"},"image":{"@id":"https:\/\/gastora.eu\/#\/schema\/logo\/image\/"}}]}},"jetpack_sharing_enabled":true,"_links":{"self":[{"href":"https:\/\/gastora.eu\/en\/wp-json\/wp\/v2\/product\/14040","targetHints":{"allow":["GET"]}}],"collection":[{"href":"https:\/\/gastora.eu\/en\/wp-json\/wp\/v2\/product"}],"about":[{"href":"https:\/\/gastora.eu\/en\/wp-json\/wp\/v2\/types\/product"}],"wp:featuredmedia":[{"embeddable":true,"href":"https:\/\/gastora.eu\/en\/wp-json\/wp\/v2\/media\/6829"}],"wp:attachment":[{"href":"https:\/\/gastora.eu\/en\/wp-json\/wp\/v2\/media?parent=14040"}],"wp:term":[{"taxonomy":"product_brand","embeddable":true,"href":"https:\/\/gastora.eu\/en\/wp-json\/wp\/v2\/product_brand?post=14040"},{"taxonomy":"product_cat","embeddable":true,"href":"https:\/\/gastora.eu\/en\/wp-json\/wp\/v2\/product_cat?post=14040"},{"taxonomy":"product_tag","embeddable":true,"href":"https:\/\/gastora.eu\/en\/wp-json\/wp\/v2\/product_tag?post=14040"}],"curies":[{"name":"wp","href":"https:\/\/api.w.org\/{rel}","templated":true}]}}