{"id":14038,"date":"2026-04-25T17:42:03","date_gmt":"2026-04-25T17:42:03","guid":{"rendered":"https:\/\/gastora.eu\/?post_type=product&#038;p=14038"},"modified":"2026-04-28T16:55:47","modified_gmt":"2026-04-28T16:55:47","slug":"heavy-duty-bratt-pan-50-l-unit-double-profondeur-70-cm-gaz","status":"publish","type":"product","link":"https:\/\/gastora.eu\/en\/product\/heavy-duty-bratt-pan-50-l-unit-double-profondeur-70-cm-gaz\/","title":{"rendered":"Heavy Duty bratt pan &#8211; 50 L &#8211; unit\u00e9 double &#8211; profondeur 70 cm &#8211; gaz"},"content":{"rendered":"<p>Cette sauteuse robuste d&#8217;une capacit\u00e9 de 50 litres convient aux cuisines professionnelles. Cette casserole Bratt \u00e0 gaz vous permet de pr\u00e9parer les plats les plus savoureux en grandes quantit\u00e9s. La casserole est facile \u00e0 basculer. Le plateau basculant permet d&#8217;\u00e9goutter toute la casserole en une seule fois. Gr\u00e2ce \u00e0 la manivelle situ\u00e9e \u00e0 l&#8217;avant de la casserole Bratt, vous pouvez soulever la casserole jusqu&#8217;\u00e0 ce qu&#8217;elle soit verticale afin de la vider compl\u00e8tement. En outre, le fond de 8 mm d&#8217;\u00e9paisseur est fabriqu\u00e9 en acier inoxydable pour r\u00e9sister \u00e0 la corrosion. Ce fond \u00e9pais garantit \u00e9galement une r\u00e9partition uniforme de la chaleur.<\/p>\n<h3>Dot\u00e9 d&#8217;une isolation thermiqueTravailler<\/h3>\n<p>en toute s\u00e9curit\u00e9 dans le secteur de la restauration est essentiel. Cette r\u00f4tissoire Bratt est \u00e9quip\u00e9e d&#8217;un syst\u00e8me de s\u00e9curit\u00e9 qui coupe le gaz et le chauffage lorsque le couvercle est ouvert. Le thermostat de s\u00e9curit\u00e9 emp\u00eache la r\u00f4tissoire de surchauffer. La temp\u00e9rature peut \u00eatre r\u00e9gl\u00e9e entre 50 et 300\u00baC. Pour limiter le rayonnement de la chaleur et r\u00e9duire la consommation d&#8217;\u00e9nergie, la casserole Bratt est \u00e9quip\u00e9e d&#8217;une isolation thermique. L&#8217;eau de la cocotte peut \u00eatre compl\u00e9t\u00e9e manuellement. <\/p>\n<h3>Facile \u00e0 nettoyerLa<\/h3>\n<p>casserole Bratt est \u00e9quip\u00e9e de pieds r\u00e9glables. Quelle que soit la surface sur laquelle se trouve l&#8217;appareil, il reste toujours ferme et stable. Le bo\u00eetier, les br\u00fbleurs et la poign\u00e9e du couvercle sont en acier inoxydable. La po\u00eale Bratt a des coins arrondis pour faciliter le nettoyage. Les surfaces lisses peuvent \u00eatre nettoy\u00e9es avec un seau d&#8217;eau, un d\u00e9tergent doux et un chiffon ou une \u00e9ponge humide.<\/p>\n<ul>\n<li>fond en acier inoxydable de 8 mm d&#8217;\u00e9paisseur pour une meilleure r\u00e9sistance \u00e0 la corrosion<\/li>\n<li>Coins arrondis pour faciliter le nettoyage<\/li>\n<li>Syst\u00e8me de s\u00e9curit\u00e9 pour couper le gaz et le chauffage si la casserole est soulev\u00e9e<\/li>\n<li>Pieds robustes pour une meilleure stabilit\u00e9<\/li>\n<li>R\u00e9glage thermostatique de la temp\u00e9rature entre 120 et 300 degr\u00e9s<\/li>\n<li>Isolation thermique pour limiter le rayonnement de la chaleur et r\u00e9duire la consommation d&#8217;\u00e9nergie<\/li>\n<li>M\u00e9canisme d&#8217;inclinaison facile \u00e0 utiliser<\/li>\n<li>Br\u00fbleurs en acier inoxydable<\/li>\n<li>Poids net : 115 kg<\/li>\n<li>Dimensions : L800 x D700 x H850 mm<\/li>\n<li>Capacit\u00e9 nette : 50L<\/li>\n<\/ul>\n<ul>\n<li>Injecteurs de gaz pr\u00e9install\u00e9s : G25 &#8211; Gaz naturel<\/li>\n<li>Injecteurs de gaz suppl\u00e9mentaires : G30 &#8211; GPL (Propane \/ Butane)<\/li>\n<\/ul>\n<p><strong>Ce produit est fourni sans prise<\/strong><\/p>\n<ul>\n<li>Poids net : 115kg<\/li>\n<li>Capacit\u00e9 : 50L<\/li>\n<li>Dimensions : L80 x P70 x H85cm L80 x P70 x H85cm<\/li>\n<li>Injecteurs de gaz install\u00e9s G25-gaz naturel<\/li>\n<li>Jeu suppl\u00e9mentaire d&#8217;injecteurs de gaz : G30-GPL (propane\/butane)<br \/>","protected":false},"excerpt":{"rendered":"<p>Cette sauteuse \u00e0 gaz robuste d&#8217;une capacit\u00e9 de 50 litres vous permet de r\u00f4tir et de frire rapidement de grandes quantit\u00e9s d&#8217;aliments en une seule fois. La sauteuse est \u00e9quip\u00e9e d&#8217;une manivelle situ\u00e9e \u00e0 l&#8217;avant de la sauteuse, ce qui permet de la soulever facilement jusqu&#8217;\u00e0 ce qu&#8217;elle soit verticale. Vous pouvez ainsi la vider compl\u00e8tement. La sauteuse peut \u00eatre ajout\u00e9e \u00e0 une ligne de cuisson de 700 mm de profondeur.<\/p>","protected":false},"featured_media":6825,"template":"","meta":{"_acf_changed":false},"product_brand":[],"product_cat":[495],"product_tag":[],"class_list":{"0":"post-14038","1":"product","2":"type-product","3":"status-publish","4":"has-post-thumbnail","6":"product_cat-plaques-pianos-de-cuisson-2","8":"first","9":"instock","10":"sale","11":"taxable","12":"shipping-taxable","13":"purchasable","14":"product-type-simple"},"acf":[],"yoast_head":"<!-- This site is optimized with the Yoast SEO plugin v27.5 - https:\/\/yoast.com\/product\/yoast-seo-wordpress\/ -->\n<title>Heavy Duty bratt pan - 50 L - unit\u00e9 double - profondeur 70 cm - gaz - Gastora<\/title>\n<meta name=\"description\" content=\"Achetez Heavy Duty bratt pan - 50 L - unit\u00e9 double - profondeur 70 cm - gaz au meilleur prix, fiable et performant avec une livraison rapide\" \/>\n<meta name=\"robots\" content=\"index, follow, max-snippet:-1, max-image-preview:large, max-video-preview:-1\" \/>\n<link rel=\"canonical\" href=\"https:\/\/gastora.eu\/en\/product\/heavy-duty-bratt-pan-50-l-unit-double-profondeur-70-cm-gaz\/\" \/>\n<meta property=\"og:locale\" content=\"en_US\" \/>\n<meta property=\"og:type\" content=\"article\" \/>\n<meta property=\"og:title\" content=\"Heavy Duty bratt pan - 50 L - unit\u00e9 double - profondeur 70 cm - gaz - Gastora\" \/>\n<meta property=\"og:description\" content=\"Achetez Heavy Duty bratt pan - 50 L - unit\u00e9 double - profondeur 70 cm - gaz au meilleur prix, fiable et performant avec une livraison rapide\" \/>\n<meta property=\"og:url\" content=\"https:\/\/gastora.eu\/en\/product\/heavy-duty-bratt-pan-50-l-unit-double-profondeur-70-cm-gaz\/\" \/>\n<meta property=\"og:site_name\" content=\"Gastora\" \/>\n<meta property=\"article:modified_time\" content=\"2026-04-28T16:55:47+00:00\" \/>\n<meta name=\"twitter:card\" content=\"summary_large_image\" \/>\n<meta name=\"twitter:label1\" content=\"Est. reading time\" \/>\n\t<meta name=\"twitter:data1\" content=\"2 minutes\" \/>\n<script type=\"application\/ld+json\" class=\"yoast-schema-graph\">{\"@context\":\"https:\\\/\\\/schema.org\",\"@graph\":[{\"@type\":\"WebPage\",\"@id\":\"https:\\\/\\\/gastora.eu\\\/product\\\/heavy-duty-bratt-pan-50-l-unit-double-profondeur-70-cm-gaz\\\/\",\"url\":\"https:\\\/\\\/gastora.eu\\\/product\\\/heavy-duty-bratt-pan-50-l-unit-double-profondeur-70-cm-gaz\\\/\",\"name\":\"Heavy Duty bratt pan - 50 L - unit\u00e9 double - profondeur 70 cm - gaz - Gastora\",\"isPartOf\":{\"@id\":\"https:\\\/\\\/gastora.eu\\\/#website\"},\"primaryImageOfPage\":{\"@id\":\"https:\\\/\\\/gastora.eu\\\/product\\\/heavy-duty-bratt-pan-50-l-unit-double-profondeur-70-cm-gaz\\\/#primaryimage\"},\"image\":{\"@id\":\"https:\\\/\\\/gastora.eu\\\/product\\\/heavy-duty-bratt-pan-50-l-unit-double-profondeur-70-cm-gaz\\\/#primaryimage\"},\"thumbnailUrl\":\"https:\\\/\\\/gastora.eu\\\/wp-content\\\/uploads\\\/2026\\\/04\\\/7865.jpg\",\"datePublished\":\"2026-04-25T17:42:03+00:00\",\"dateModified\":\"2026-04-28T16:55:47+00:00\",\"description\":\"Achetez Heavy Duty bratt pan - 50 L - unit\u00e9 double - profondeur 70 cm - gaz au meilleur prix, fiable et performant avec une livraison rapide\",\"breadcrumb\":{\"@id\":\"https:\\\/\\\/gastora.eu\\\/product\\\/heavy-duty-bratt-pan-50-l-unit-double-profondeur-70-cm-gaz\\\/#breadcrumb\"},\"inLanguage\":\"en-US\",\"potentialAction\":[{\"@type\":\"ReadAction\",\"target\":[\"https:\\\/\\\/gastora.eu\\\/product\\\/heavy-duty-bratt-pan-50-l-unit-double-profondeur-70-cm-gaz\\\/\"]}]},{\"@type\":\"ImageObject\",\"inLanguage\":\"en-US\",\"@id\":\"https:\\\/\\\/gastora.eu\\\/product\\\/heavy-duty-bratt-pan-50-l-unit-double-profondeur-70-cm-gaz\\\/#primaryimage\",\"url\":\"https:\\\/\\\/gastora.eu\\\/wp-content\\\/uploads\\\/2026\\\/04\\\/7865.jpg\",\"contentUrl\":\"https:\\\/\\\/gastora.eu\\\/wp-content\\\/uploads\\\/2026\\\/04\\\/7865.jpg\",\"width\":949,\"height\":892},{\"@type\":\"BreadcrumbList\",\"@id\":\"https:\\\/\\\/gastora.eu\\\/product\\\/heavy-duty-bratt-pan-50-l-unit-double-profondeur-70-cm-gaz\\\/#breadcrumb\",\"itemListElement\":[{\"@type\":\"ListItem\",\"position\":1,\"name\":\"Home\",\"item\":\"https:\\\/\\\/gastora.eu\\\/\"},{\"@type\":\"ListItem\",\"position\":2,\"name\":\"Shop\",\"item\":\"https:\\\/\\\/gastora.eu\\\/shop\\\/\"},{\"@type\":\"ListItem\",\"position\":3,\"name\":\"Heavy Duty bratt pan &#8211; 50 L &#8211; unit\u00e9 double &#8211; profondeur 70 cm &#8211; gaz\"}]},{\"@type\":\"WebSite\",\"@id\":\"https:\\\/\\\/gastora.eu\\\/#website\",\"url\":\"https:\\\/\\\/gastora.eu\\\/\",\"name\":\"Gastora\",\"description\":\"\u00c9quipements professionnels CHR\",\"publisher\":{\"@id\":\"https:\\\/\\\/gastora.eu\\\/#organization\"},\"potentialAction\":[{\"@type\":\"SearchAction\",\"target\":{\"@type\":\"EntryPoint\",\"urlTemplate\":\"https:\\\/\\\/gastora.eu\\\/?s={search_term_string}\"},\"query-input\":{\"@type\":\"PropertyValueSpecification\",\"valueRequired\":true,\"valueName\":\"search_term_string\"}}],\"inLanguage\":\"en-US\"},{\"@type\":\"Organization\",\"@id\":\"https:\\\/\\\/gastora.eu\\\/#organization\",\"name\":\"Gastora\",\"url\":\"https:\\\/\\\/gastora.eu\\\/\",\"logo\":{\"@type\":\"ImageObject\",\"inLanguage\":\"en-US\",\"@id\":\"https:\\\/\\\/gastora.eu\\\/#\\\/schema\\\/logo\\\/image\\\/\",\"url\":\"https:\\\/\\\/gastora.eu\\\/wp-content\\\/uploads\\\/2025\\\/12\\\/ChatGPT-Image-2-janv.-2026-22_52_47-1.png\",\"contentUrl\":\"https:\\\/\\\/gastora.eu\\\/wp-content\\\/uploads\\\/2025\\\/12\\\/ChatGPT-Image-2-janv.-2026-22_52_47-1.png\",\"width\":1536,\"height\":320,\"caption\":\"Gastora\"},\"image\":{\"@id\":\"https:\\\/\\\/gastora.eu\\\/#\\\/schema\\\/logo\\\/image\\\/\"}}]}<\/script>\n<!-- \/ Yoast SEO plugin. -->","yoast_head_json":{"title":"Heavy Duty bratt pan - 50 L - unit\u00e9 double - profondeur 70 cm - gaz - Gastora","description":"Achetez Heavy Duty bratt pan - 50 L - unit\u00e9 double - profondeur 70 cm - gaz au meilleur prix, fiable et performant avec une livraison rapide","robots":{"index":"index","follow":"follow","max-snippet":"max-snippet:-1","max-image-preview":"max-image-preview:large","max-video-preview":"max-video-preview:-1"},"canonical":"https:\/\/gastora.eu\/en\/product\/heavy-duty-bratt-pan-50-l-unit-double-profondeur-70-cm-gaz\/","og_locale":"en_US","og_type":"article","og_title":"Heavy Duty bratt pan - 50 L - unit\u00e9 double - profondeur 70 cm - gaz - Gastora","og_description":"Achetez Heavy Duty bratt pan - 50 L - unit\u00e9 double - profondeur 70 cm - gaz au meilleur prix, fiable et performant avec une livraison rapide","og_url":"https:\/\/gastora.eu\/en\/product\/heavy-duty-bratt-pan-50-l-unit-double-profondeur-70-cm-gaz\/","og_site_name":"Gastora","article_modified_time":"2026-04-28T16:55:47+00:00","twitter_card":"summary_large_image","twitter_misc":{"Est. reading time":"2 minutes"},"schema":{"@context":"https:\/\/schema.org","@graph":[{"@type":"WebPage","@id":"https:\/\/gastora.eu\/product\/heavy-duty-bratt-pan-50-l-unit-double-profondeur-70-cm-gaz\/","url":"https:\/\/gastora.eu\/product\/heavy-duty-bratt-pan-50-l-unit-double-profondeur-70-cm-gaz\/","name":"Heavy Duty bratt pan - 50 L - unit\u00e9 double - profondeur 70 cm - gaz - Gastora","isPartOf":{"@id":"https:\/\/gastora.eu\/#website"},"primaryImageOfPage":{"@id":"https:\/\/gastora.eu\/product\/heavy-duty-bratt-pan-50-l-unit-double-profondeur-70-cm-gaz\/#primaryimage"},"image":{"@id":"https:\/\/gastora.eu\/product\/heavy-duty-bratt-pan-50-l-unit-double-profondeur-70-cm-gaz\/#primaryimage"},"thumbnailUrl":"https:\/\/gastora.eu\/wp-content\/uploads\/2026\/04\/7865.jpg","datePublished":"2026-04-25T17:42:03+00:00","dateModified":"2026-04-28T16:55:47+00:00","description":"Achetez Heavy Duty bratt pan - 50 L - unit\u00e9 double - profondeur 70 cm - gaz au meilleur prix, fiable et performant avec une livraison rapide","breadcrumb":{"@id":"https:\/\/gastora.eu\/product\/heavy-duty-bratt-pan-50-l-unit-double-profondeur-70-cm-gaz\/#breadcrumb"},"inLanguage":"en-US","potentialAction":[{"@type":"ReadAction","target":["https:\/\/gastora.eu\/product\/heavy-duty-bratt-pan-50-l-unit-double-profondeur-70-cm-gaz\/"]}]},{"@type":"ImageObject","inLanguage":"en-US","@id":"https:\/\/gastora.eu\/product\/heavy-duty-bratt-pan-50-l-unit-double-profondeur-70-cm-gaz\/#primaryimage","url":"https:\/\/gastora.eu\/wp-content\/uploads\/2026\/04\/7865.jpg","contentUrl":"https:\/\/gastora.eu\/wp-content\/uploads\/2026\/04\/7865.jpg","width":949,"height":892},{"@type":"BreadcrumbList","@id":"https:\/\/gastora.eu\/product\/heavy-duty-bratt-pan-50-l-unit-double-profondeur-70-cm-gaz\/#breadcrumb","itemListElement":[{"@type":"ListItem","position":1,"name":"Home","item":"https:\/\/gastora.eu\/"},{"@type":"ListItem","position":2,"name":"Shop","item":"https:\/\/gastora.eu\/shop\/"},{"@type":"ListItem","position":3,"name":"Heavy Duty bratt pan &#8211; 50 L &#8211; unit\u00e9 double &#8211; profondeur 70 cm &#8211; gaz"}]},{"@type":"WebSite","@id":"https:\/\/gastora.eu\/#website","url":"https:\/\/gastora.eu\/","name":"Gastora","description":"\u00c9quipements professionnels CHR","publisher":{"@id":"https:\/\/gastora.eu\/#organization"},"potentialAction":[{"@type":"SearchAction","target":{"@type":"EntryPoint","urlTemplate":"https:\/\/gastora.eu\/?s={search_term_string}"},"query-input":{"@type":"PropertyValueSpecification","valueRequired":true,"valueName":"search_term_string"}}],"inLanguage":"en-US"},{"@type":"Organization","@id":"https:\/\/gastora.eu\/#organization","name":"Gastora","url":"https:\/\/gastora.eu\/","logo":{"@type":"ImageObject","inLanguage":"en-US","@id":"https:\/\/gastora.eu\/#\/schema\/logo\/image\/","url":"https:\/\/gastora.eu\/wp-content\/uploads\/2025\/12\/ChatGPT-Image-2-janv.-2026-22_52_47-1.png","contentUrl":"https:\/\/gastora.eu\/wp-content\/uploads\/2025\/12\/ChatGPT-Image-2-janv.-2026-22_52_47-1.png","width":1536,"height":320,"caption":"Gastora"},"image":{"@id":"https:\/\/gastora.eu\/#\/schema\/logo\/image\/"}}]}},"jetpack_sharing_enabled":true,"_links":{"self":[{"href":"https:\/\/gastora.eu\/en\/wp-json\/wp\/v2\/product\/14038","targetHints":{"allow":["GET"]}}],"collection":[{"href":"https:\/\/gastora.eu\/en\/wp-json\/wp\/v2\/product"}],"about":[{"href":"https:\/\/gastora.eu\/en\/wp-json\/wp\/v2\/types\/product"}],"wp:featuredmedia":[{"embeddable":true,"href":"https:\/\/gastora.eu\/en\/wp-json\/wp\/v2\/media\/6825"}],"wp:attachment":[{"href":"https:\/\/gastora.eu\/en\/wp-json\/wp\/v2\/media?parent=14038"}],"wp:term":[{"taxonomy":"product_brand","embeddable":true,"href":"https:\/\/gastora.eu\/en\/wp-json\/wp\/v2\/product_brand?post=14038"},{"taxonomy":"product_cat","embeddable":true,"href":"https:\/\/gastora.eu\/en\/wp-json\/wp\/v2\/product_cat?post=14038"},{"taxonomy":"product_tag","embeddable":true,"href":"https:\/\/gastora.eu\/en\/wp-json\/wp\/v2\/product_tag?post=14038"}],"curies":[{"name":"wp","href":"https:\/\/api.w.org\/{rel}","templated":true}]}}