{"id":14034,"date":"2026-04-25T17:41:57","date_gmt":"2026-04-25T17:41:57","guid":{"rendered":"https:\/\/gastora.eu\/?post_type=product&#038;p=14034"},"modified":"2026-04-28T16:55:46","modified_gmt":"2026-04-28T16:55:46","slug":"rchauffeur-de-plaque-60-plaques-jusqu-32-cm","status":"publish","type":"product","link":"https:\/\/gastora.eu\/en\/product\/rchauffeur-de-plaque-60-plaques-jusqu-32-cm\/","title":{"rendered":"R\u00e9chauffeur de plaque &#8211; 60 plaques &#8211; jusqu&#8217;\u00e0 \u00d832 cm"},"content":{"rendered":"<p>Pour que les repas chauds restent chauds le plus longtemps possible, il est important de les servir sur des assiettes pr\u00e9chauff\u00e9es. Gr\u00e2ce \u00e0 ce chauffe-assiettes professionnel, vous pouvez r\u00e9chauffer vos assiettes rapidement et sans effort. Il s&#8217;agit d&#8217;un appareil tr\u00e8s convivial que n&#8217;importe qui dans votre cuisine peut utiliser. Ce chauffe-assiettes sp\u00e9cifique peut contenir jusqu&#8217;\u00e0 60 assiettes et, gr\u00e2ce \u00e0 son int\u00e9rieur spacieux, il peut facilement accueillir des assiettes plus grandes, jusqu&#8217;\u00e0 32 cm de diam\u00e8tre.<\/p>\n<h3>Convivial et r\u00e9glable<\/h3>\n<p>L&#8217;int\u00e9rieur de ce chauffe-assiettes peut \u00eatre chauff\u00e9 dans une fourchette de 30 \u00e0 85\u2070C, simplement en tournant le bouton de temp\u00e9rature. Un t\u00e9moin lumineux vous permet de savoir quand la temp\u00e9rature exacte a \u00e9t\u00e9 atteinte et que les assiettes sont pr\u00eates \u00e0 \u00eatre utilis\u00e9es. Les \u00e9tag\u00e8res \u00e0 l&#8217;int\u00e9rieur du chauffe-assiettes sont r\u00e9glables en hauteur afin que vous puissiez le personnaliser en fonction de vos besoins. Il comprend \u00e9galement une porte unique \u00e0 l&#8217;avant qui s&#8217;ouvre et se ferme facilement.<\/p>\n<h3>Facile \u00e0 nettoyer<\/h3>\n<p>Ce chauffe-assiettes haut de gamme a \u00e9t\u00e9 enti\u00e8rement fabriqu\u00e9 en acier inoxydable, il est donc tr\u00e8s facile \u00e0 nettoyer. Pour commencer, \u00e9teignez le chauffe-assiettes, retirez la fiche de la prise murale et laissez d&#8217;abord refroidir l&#8217;assiette chauff\u00e9e. Ensuite, prenez un chiffon chaud et humide avec un peu de d\u00e9tergent doux et essuyez soigneusement toutes les surfaces. Une fois termin\u00e9, n&#8217;oubliez pas de tout s\u00e9cher avec un chiffon doux. Le chauffe-assiettes est alors pr\u00eat \u00e0 \u00eatre utilis\u00e9 \u00e0 nouveau.<\/p>\n<p><strong>Caract\u00e9ristiques<\/strong><\/p>\n<ul>\n<li>Bo\u00eetier en acier inoxydable<\/li>\n<li>\u00c9tag\u00e8res r\u00e9glables en hauteur<\/li>\n<li>Pratique et facile \u00e0 utiliser<\/li>\n<li>Int\u00e9rieur spacieux pour des assiettes jusqu&#8217;\u00e0 \u220532cm<\/li>\n<\/ul>\n<p><strong>Caract\u00e9ristiques du produit<\/strong><\/p>\n<ul>\n<li>Poids net : 32kg<\/li>\n<li>Capacit\u00e9 : 60 assiettes<\/li>\n<li>Dimensions int\u00e9rieures : L41 x P38 x H66cm<\/li>\n<li>Dimensions ext\u00e9rieures : L45 x P48,5 x H85cm<\/li>\n<li>Plage de temp\u00e9rature : 30-85\u2070C<\/li>\n<li>230V \/ 50Hz \/ 1 phase 750W<\/li>\n<\/ul>\n<p><em>Inclus<\/em><\/p>\n<ul>\n<li>Une \u00e9tag\u00e8re<\/li>\n<\/ul>\n<p>&nbsp;<\/p>","protected":false},"excerpt":{"rendered":"<p>Ce chauffe-assiettes robuste et facile \u00e0 utiliser permet de chauffer 60 assiettes en m\u00eame temps. Il s&#8217;agit de l&#8217;appareil id\u00e9al pour les cantines et les \u00e9v\u00e9nements de restauration. Ce chauffe-assiettes professionnel est dot\u00e9 d&#8217;une seule porte \u00e0 l&#8217;avant et convient aux assiettes d&#8217;un diam\u00e8tre maximal de 32 cm.<\/p>","protected":false},"featured_media":6817,"template":"","meta":{"_acf_changed":false},"product_brand":[],"product_cat":[496],"product_tag":[],"class_list":{"0":"post-14034","1":"product","2":"type-product","3":"status-publish","4":"has-post-thumbnail","6":"product_cat-armoires-chauffantes-2","8":"first","9":"instock","10":"sale","11":"taxable","12":"shipping-taxable","13":"purchasable","14":"product-type-simple"},"acf":[],"yoast_head":"<!-- This site is optimized with the Yoast SEO plugin v27.5 - https:\/\/yoast.com\/product\/yoast-seo-wordpress\/ -->\n<title>R\u00e9chauffeur de plaque - 60 plaques - jusqu&#039;\u00e0 \u00d832 cm - Gastora<\/title>\n<meta name=\"description\" content=\"Achetez R\u00e9chauffeur de plaque - 60 plaques - jusqu&#039;\u00e0 \u00d832 cm au meilleur prix, fiable et performant avec une livraison rapide\" \/>\n<meta name=\"robots\" content=\"index, follow, max-snippet:-1, max-image-preview:large, max-video-preview:-1\" \/>\n<link rel=\"canonical\" href=\"https:\/\/gastora.eu\/en\/product\/rchauffeur-de-plaque-60-plaques-jusqu-32-cm\/\" \/>\n<meta property=\"og:locale\" content=\"en_US\" \/>\n<meta property=\"og:type\" content=\"article\" \/>\n<meta property=\"og:title\" content=\"R\u00e9chauffeur de plaque - 60 plaques - jusqu&#039;\u00e0 \u00d832 cm - Gastora\" \/>\n<meta property=\"og:description\" content=\"Achetez R\u00e9chauffeur de plaque - 60 plaques - jusqu&#039;\u00e0 \u00d832 cm au meilleur prix, fiable et performant avec une livraison rapide\" \/>\n<meta property=\"og:url\" content=\"https:\/\/gastora.eu\/en\/product\/rchauffeur-de-plaque-60-plaques-jusqu-32-cm\/\" \/>\n<meta property=\"og:site_name\" content=\"Gastora\" \/>\n<meta property=\"article:modified_time\" content=\"2026-04-28T16:55:46+00:00\" \/>\n<meta name=\"twitter:card\" content=\"summary_large_image\" \/>\n<meta name=\"twitter:label1\" content=\"Est. reading time\" \/>\n\t<meta name=\"twitter:data1\" content=\"2 minutes\" \/>\n<script type=\"application\/ld+json\" class=\"yoast-schema-graph\">{\"@context\":\"https:\\\/\\\/schema.org\",\"@graph\":[{\"@type\":\"WebPage\",\"@id\":\"https:\\\/\\\/gastora.eu\\\/product\\\/rchauffeur-de-plaque-60-plaques-jusqu-32-cm\\\/\",\"url\":\"https:\\\/\\\/gastora.eu\\\/product\\\/rchauffeur-de-plaque-60-plaques-jusqu-32-cm\\\/\",\"name\":\"R\u00e9chauffeur de plaque - 60 plaques - jusqu'\u00e0 \u00d832 cm - Gastora\",\"isPartOf\":{\"@id\":\"https:\\\/\\\/gastora.eu\\\/#website\"},\"primaryImageOfPage\":{\"@id\":\"https:\\\/\\\/gastora.eu\\\/product\\\/rchauffeur-de-plaque-60-plaques-jusqu-32-cm\\\/#primaryimage\"},\"image\":{\"@id\":\"https:\\\/\\\/gastora.eu\\\/product\\\/rchauffeur-de-plaque-60-plaques-jusqu-32-cm\\\/#primaryimage\"},\"thumbnailUrl\":\"https:\\\/\\\/gastora.eu\\\/wp-content\\\/uploads\\\/2026\\\/04\\\/bordenwarmhoudkast-61656e8f9246c.jpg\",\"datePublished\":\"2026-04-25T17:41:57+00:00\",\"dateModified\":\"2026-04-28T16:55:46+00:00\",\"description\":\"Achetez R\u00e9chauffeur de plaque - 60 plaques - jusqu'\u00e0 \u00d832 cm au meilleur prix, fiable et performant avec une livraison rapide\",\"breadcrumb\":{\"@id\":\"https:\\\/\\\/gastora.eu\\\/product\\\/rchauffeur-de-plaque-60-plaques-jusqu-32-cm\\\/#breadcrumb\"},\"inLanguage\":\"en-US\",\"potentialAction\":[{\"@type\":\"ReadAction\",\"target\":[\"https:\\\/\\\/gastora.eu\\\/product\\\/rchauffeur-de-plaque-60-plaques-jusqu-32-cm\\\/\"]}]},{\"@type\":\"ImageObject\",\"inLanguage\":\"en-US\",\"@id\":\"https:\\\/\\\/gastora.eu\\\/product\\\/rchauffeur-de-plaque-60-plaques-jusqu-32-cm\\\/#primaryimage\",\"url\":\"https:\\\/\\\/gastora.eu\\\/wp-content\\\/uploads\\\/2026\\\/04\\\/bordenwarmhoudkast-61656e8f9246c.jpg\",\"contentUrl\":\"https:\\\/\\\/gastora.eu\\\/wp-content\\\/uploads\\\/2026\\\/04\\\/bordenwarmhoudkast-61656e8f9246c.jpg\",\"width\":1024,\"height\":1024},{\"@type\":\"BreadcrumbList\",\"@id\":\"https:\\\/\\\/gastora.eu\\\/product\\\/rchauffeur-de-plaque-60-plaques-jusqu-32-cm\\\/#breadcrumb\",\"itemListElement\":[{\"@type\":\"ListItem\",\"position\":1,\"name\":\"Home\",\"item\":\"https:\\\/\\\/gastora.eu\\\/\"},{\"@type\":\"ListItem\",\"position\":2,\"name\":\"Shop\",\"item\":\"https:\\\/\\\/gastora.eu\\\/shop\\\/\"},{\"@type\":\"ListItem\",\"position\":3,\"name\":\"R\u00e9chauffeur de plaque &#8211; 60 plaques &#8211; jusqu&#8217;\u00e0 \u00d832 cm\"}]},{\"@type\":\"WebSite\",\"@id\":\"https:\\\/\\\/gastora.eu\\\/#website\",\"url\":\"https:\\\/\\\/gastora.eu\\\/\",\"name\":\"Gastora\",\"description\":\"\u00c9quipements professionnels CHR\",\"publisher\":{\"@id\":\"https:\\\/\\\/gastora.eu\\\/#organization\"},\"potentialAction\":[{\"@type\":\"SearchAction\",\"target\":{\"@type\":\"EntryPoint\",\"urlTemplate\":\"https:\\\/\\\/gastora.eu\\\/?s={search_term_string}\"},\"query-input\":{\"@type\":\"PropertyValueSpecification\",\"valueRequired\":true,\"valueName\":\"search_term_string\"}}],\"inLanguage\":\"en-US\"},{\"@type\":\"Organization\",\"@id\":\"https:\\\/\\\/gastora.eu\\\/#organization\",\"name\":\"Gastora\",\"url\":\"https:\\\/\\\/gastora.eu\\\/\",\"logo\":{\"@type\":\"ImageObject\",\"inLanguage\":\"en-US\",\"@id\":\"https:\\\/\\\/gastora.eu\\\/#\\\/schema\\\/logo\\\/image\\\/\",\"url\":\"https:\\\/\\\/gastora.eu\\\/wp-content\\\/uploads\\\/2025\\\/12\\\/ChatGPT-Image-2-janv.-2026-22_52_47-1.png\",\"contentUrl\":\"https:\\\/\\\/gastora.eu\\\/wp-content\\\/uploads\\\/2025\\\/12\\\/ChatGPT-Image-2-janv.-2026-22_52_47-1.png\",\"width\":1536,\"height\":320,\"caption\":\"Gastora\"},\"image\":{\"@id\":\"https:\\\/\\\/gastora.eu\\\/#\\\/schema\\\/logo\\\/image\\\/\"}}]}<\/script>\n<!-- \/ Yoast SEO plugin. -->","yoast_head_json":{"title":"R\u00e9chauffeur de plaque - 60 plaques - jusqu'\u00e0 \u00d832 cm - Gastora","description":"Achetez R\u00e9chauffeur de plaque - 60 plaques - jusqu'\u00e0 \u00d832 cm au meilleur prix, fiable et performant avec une livraison rapide","robots":{"index":"index","follow":"follow","max-snippet":"max-snippet:-1","max-image-preview":"max-image-preview:large","max-video-preview":"max-video-preview:-1"},"canonical":"https:\/\/gastora.eu\/en\/product\/rchauffeur-de-plaque-60-plaques-jusqu-32-cm\/","og_locale":"en_US","og_type":"article","og_title":"R\u00e9chauffeur de plaque - 60 plaques - jusqu'\u00e0 \u00d832 cm - Gastora","og_description":"Achetez R\u00e9chauffeur de plaque - 60 plaques - jusqu'\u00e0 \u00d832 cm au meilleur prix, fiable et performant avec une livraison rapide","og_url":"https:\/\/gastora.eu\/en\/product\/rchauffeur-de-plaque-60-plaques-jusqu-32-cm\/","og_site_name":"Gastora","article_modified_time":"2026-04-28T16:55:46+00:00","twitter_card":"summary_large_image","twitter_misc":{"Est. reading time":"2 minutes"},"schema":{"@context":"https:\/\/schema.org","@graph":[{"@type":"WebPage","@id":"https:\/\/gastora.eu\/product\/rchauffeur-de-plaque-60-plaques-jusqu-32-cm\/","url":"https:\/\/gastora.eu\/product\/rchauffeur-de-plaque-60-plaques-jusqu-32-cm\/","name":"R\u00e9chauffeur de plaque - 60 plaques - jusqu'\u00e0 \u00d832 cm - Gastora","isPartOf":{"@id":"https:\/\/gastora.eu\/#website"},"primaryImageOfPage":{"@id":"https:\/\/gastora.eu\/product\/rchauffeur-de-plaque-60-plaques-jusqu-32-cm\/#primaryimage"},"image":{"@id":"https:\/\/gastora.eu\/product\/rchauffeur-de-plaque-60-plaques-jusqu-32-cm\/#primaryimage"},"thumbnailUrl":"https:\/\/gastora.eu\/wp-content\/uploads\/2026\/04\/bordenwarmhoudkast-61656e8f9246c.jpg","datePublished":"2026-04-25T17:41:57+00:00","dateModified":"2026-04-28T16:55:46+00:00","description":"Achetez R\u00e9chauffeur de plaque - 60 plaques - jusqu'\u00e0 \u00d832 cm au meilleur prix, fiable et performant avec une livraison rapide","breadcrumb":{"@id":"https:\/\/gastora.eu\/product\/rchauffeur-de-plaque-60-plaques-jusqu-32-cm\/#breadcrumb"},"inLanguage":"en-US","potentialAction":[{"@type":"ReadAction","target":["https:\/\/gastora.eu\/product\/rchauffeur-de-plaque-60-plaques-jusqu-32-cm\/"]}]},{"@type":"ImageObject","inLanguage":"en-US","@id":"https:\/\/gastora.eu\/product\/rchauffeur-de-plaque-60-plaques-jusqu-32-cm\/#primaryimage","url":"https:\/\/gastora.eu\/wp-content\/uploads\/2026\/04\/bordenwarmhoudkast-61656e8f9246c.jpg","contentUrl":"https:\/\/gastora.eu\/wp-content\/uploads\/2026\/04\/bordenwarmhoudkast-61656e8f9246c.jpg","width":1024,"height":1024},{"@type":"BreadcrumbList","@id":"https:\/\/gastora.eu\/product\/rchauffeur-de-plaque-60-plaques-jusqu-32-cm\/#breadcrumb","itemListElement":[{"@type":"ListItem","position":1,"name":"Home","item":"https:\/\/gastora.eu\/"},{"@type":"ListItem","position":2,"name":"Shop","item":"https:\/\/gastora.eu\/shop\/"},{"@type":"ListItem","position":3,"name":"R\u00e9chauffeur de plaque &#8211; 60 plaques &#8211; jusqu&#8217;\u00e0 \u00d832 cm"}]},{"@type":"WebSite","@id":"https:\/\/gastora.eu\/#website","url":"https:\/\/gastora.eu\/","name":"Gastora","description":"\u00c9quipements professionnels CHR","publisher":{"@id":"https:\/\/gastora.eu\/#organization"},"potentialAction":[{"@type":"SearchAction","target":{"@type":"EntryPoint","urlTemplate":"https:\/\/gastora.eu\/?s={search_term_string}"},"query-input":{"@type":"PropertyValueSpecification","valueRequired":true,"valueName":"search_term_string"}}],"inLanguage":"en-US"},{"@type":"Organization","@id":"https:\/\/gastora.eu\/#organization","name":"Gastora","url":"https:\/\/gastora.eu\/","logo":{"@type":"ImageObject","inLanguage":"en-US","@id":"https:\/\/gastora.eu\/#\/schema\/logo\/image\/","url":"https:\/\/gastora.eu\/wp-content\/uploads\/2025\/12\/ChatGPT-Image-2-janv.-2026-22_52_47-1.png","contentUrl":"https:\/\/gastora.eu\/wp-content\/uploads\/2025\/12\/ChatGPT-Image-2-janv.-2026-22_52_47-1.png","width":1536,"height":320,"caption":"Gastora"},"image":{"@id":"https:\/\/gastora.eu\/#\/schema\/logo\/image\/"}}]}},"jetpack_sharing_enabled":true,"_links":{"self":[{"href":"https:\/\/gastora.eu\/en\/wp-json\/wp\/v2\/product\/14034","targetHints":{"allow":["GET"]}}],"collection":[{"href":"https:\/\/gastora.eu\/en\/wp-json\/wp\/v2\/product"}],"about":[{"href":"https:\/\/gastora.eu\/en\/wp-json\/wp\/v2\/types\/product"}],"wp:featuredmedia":[{"embeddable":true,"href":"https:\/\/gastora.eu\/en\/wp-json\/wp\/v2\/media\/6817"}],"wp:attachment":[{"href":"https:\/\/gastora.eu\/en\/wp-json\/wp\/v2\/media?parent=14034"}],"wp:term":[{"taxonomy":"product_brand","embeddable":true,"href":"https:\/\/gastora.eu\/en\/wp-json\/wp\/v2\/product_brand?post=14034"},{"taxonomy":"product_cat","embeddable":true,"href":"https:\/\/gastora.eu\/en\/wp-json\/wp\/v2\/product_cat?post=14034"},{"taxonomy":"product_tag","embeddable":true,"href":"https:\/\/gastora.eu\/en\/wp-json\/wp\/v2\/product_tag?post=14034"}],"curies":[{"name":"wp","href":"https:\/\/api.w.org\/{rel}","templated":true}]}}