{"id":14033,"date":"2026-04-25T17:41:56","date_gmt":"2026-04-25T17:41:56","guid":{"rendered":"https:\/\/gastora.eu\/?post_type=product&#038;p=14033"},"modified":"2026-04-28T16:55:46","modified_gmt":"2026-04-28T16:55:46","slug":"rchauffeur-de-plaque-30-plaques-jusqu-32-cm","status":"publish","type":"product","link":"https:\/\/gastora.eu\/en\/product\/rchauffeur-de-plaque-30-plaques-jusqu-32-cm\/","title":{"rendered":"R\u00e9chauffeur de plaque &#8211; 30 plaques &#8211; jusqu&#8217;\u00e0 \u00d832 cm"},"content":{"rendered":"<p>Pour que les aliments restent \u00e0 la bonne temp\u00e9rature, vous devez servir les plats chauds sur des assiettes chaudes. En pla\u00e7ant vos assiettes dans ce chauffe-assiettes professionnel, vous pouvez les r\u00e9chauffer de mani\u00e8re rapide et, surtout, facile. En outre, ce chauffe-assiettes est \u00e9galement tr\u00e8s pratique et facile \u00e0 manipuler pour le personnel d&#8217;exploitation. Ce grand chauffe-assiettes peut contenir jusqu&#8217;\u00e0 30 assiettes et, gr\u00e2ce au large passage, les assiettes jusqu&#8217;\u00e0 32 cm de longueur entrent dans l&#8217;armoire.<\/p>\n<h3>\u00c9quip\u00e9 de deux portes<\/h3>\n<p>A l&#8217;int\u00e9rieur de ce chauffe-assiettes, vous pouvez r\u00e9gler les temp\u00e9ratures entre 30 et 85\u2070C \u00e0 l&#8217;aide du cadran. Le t\u00e9moin lumineux vous permet de savoir quand la bonne temp\u00e9rature est atteinte et que les assiettes sont pr\u00eates \u00e0 \u00eatre servies. Les \u00e9tag\u00e8res de l&#8217;armoire sont r\u00e9glables en hauteur. Le chauffe-assiettes est \u00e9galement \u00e9quip\u00e9 de deux portes \u00e0 l&#8217;avant qui s&#8217;ouvrent et se ferment facilement.<\/p>\n<h3>Facile \u00e0 nettoyer<\/h3>\n<p>Le chauffe-assiettes est enti\u00e8rement fabriqu\u00e9 en acier inoxydable, ce qui le rend facile \u00e0 nettoyer. \u00c9teignez le chauffe-assiettes et laissez-le refroidir avant de commencer \u00e0 le nettoyer. Prenez ensuite un chiffon l\u00e9g\u00e8rement humide, de l&#8217;eau chaude et un d\u00e9tergent doux. Essuyez soigneusement toutes les surfaces et essuyez le tout avec un chiffon doux. Le chauffe-plats est alors pr\u00eat \u00e0 \u00eatre utilis\u00e9 \u00e0 nouveau.<\/p>\n<ul>\n<li>Fonctionnement pratique et facile \u00e0 manipuler<\/li>\n<li>Passage spacieux pour les assiettes jusqu&#8217;\u00e0 32 cm<\/li>\n<li>Temp\u00e9rature r\u00e9glable entre 30 et 85 degr\u00e9s Celsius<\/li>\n<li>Bo\u00eetier en acier inoxydable facile \u00e0 nettoyer<\/li>\n<li>Interm\u00e9diaire r\u00e9glable en hauteur<\/li>\n<li>Poids net : 21kg<\/li>\n<li>Capacit\u00e9 : 30 assiettes<\/li>\n<li>Dimensions : L40 x P45 x H57,5cm<\/li>\n<li>Dimensions de la chambre : L36 x P36 x H42cm<\/li>\n<li>230V \/ 50Hz \/ monophas\u00e9 400W<\/li>\n<\/ul>","protected":false},"excerpt":{"rendered":"<p>Dans ce chauffe-assiettes robuste et facile \u00e0 utiliser, vous pouvez chauffer 30 assiettes simultan\u00e9ment. Le chauffe-assiettes a deux portes \u00e0 l&#8217;avant et convient aux assiettes d&#8217;une taille maximale de 32 cm<\/p>","protected":false},"featured_media":6815,"template":"","meta":{"_acf_changed":false},"product_brand":[],"product_cat":[496],"product_tag":[],"class_list":{"0":"post-14033","1":"product","2":"type-product","3":"status-publish","4":"has-post-thumbnail","6":"product_cat-armoires-chauffantes-2","8":"first","9":"instock","10":"sale","11":"taxable","12":"shipping-taxable","13":"purchasable","14":"product-type-simple"},"acf":[],"yoast_head":"<!-- This site is optimized with the Yoast SEO plugin v27.5 - https:\/\/yoast.com\/product\/yoast-seo-wordpress\/ -->\n<title>R\u00e9chauffeur de plaque - 30 plaques - jusqu&#039;\u00e0 \u00d832 cm - Gastora<\/title>\n<meta name=\"description\" content=\"Achetez R\u00e9chauffeur de plaque - 30 plaques - jusqu&#039;\u00e0 \u00d832 cm au meilleur prix, fiable et performant avec une livraison rapide\" \/>\n<meta name=\"robots\" content=\"index, follow, max-snippet:-1, max-image-preview:large, max-video-preview:-1\" \/>\n<link rel=\"canonical\" href=\"https:\/\/gastora.eu\/en\/product\/rchauffeur-de-plaque-30-plaques-jusqu-32-cm\/\" \/>\n<meta property=\"og:locale\" content=\"en_US\" \/>\n<meta property=\"og:type\" content=\"article\" \/>\n<meta property=\"og:title\" content=\"R\u00e9chauffeur de plaque - 30 plaques - jusqu&#039;\u00e0 \u00d832 cm - Gastora\" \/>\n<meta property=\"og:description\" content=\"Achetez R\u00e9chauffeur de plaque - 30 plaques - jusqu&#039;\u00e0 \u00d832 cm au meilleur prix, fiable et performant avec une livraison rapide\" \/>\n<meta property=\"og:url\" content=\"https:\/\/gastora.eu\/en\/product\/rchauffeur-de-plaque-30-plaques-jusqu-32-cm\/\" \/>\n<meta property=\"og:site_name\" content=\"Gastora\" \/>\n<meta property=\"article:modified_time\" content=\"2026-04-28T16:55:46+00:00\" \/>\n<meta name=\"twitter:card\" content=\"summary_large_image\" \/>\n<meta name=\"twitter:label1\" content=\"Est. reading time\" \/>\n\t<meta name=\"twitter:data1\" content=\"1 minute\" \/>\n<script type=\"application\/ld+json\" class=\"yoast-schema-graph\">{\"@context\":\"https:\\\/\\\/schema.org\",\"@graph\":[{\"@type\":\"WebPage\",\"@id\":\"https:\\\/\\\/gastora.eu\\\/product\\\/rchauffeur-de-plaque-30-plaques-jusqu-32-cm\\\/\",\"url\":\"https:\\\/\\\/gastora.eu\\\/product\\\/rchauffeur-de-plaque-30-plaques-jusqu-32-cm\\\/\",\"name\":\"R\u00e9chauffeur de plaque - 30 plaques - jusqu'\u00e0 \u00d832 cm - Gastora\",\"isPartOf\":{\"@id\":\"https:\\\/\\\/gastora.eu\\\/#website\"},\"primaryImageOfPage\":{\"@id\":\"https:\\\/\\\/gastora.eu\\\/product\\\/rchauffeur-de-plaque-30-plaques-jusqu-32-cm\\\/#primaryimage\"},\"image\":{\"@id\":\"https:\\\/\\\/gastora.eu\\\/product\\\/rchauffeur-de-plaque-30-plaques-jusqu-32-cm\\\/#primaryimage\"},\"thumbnailUrl\":\"https:\\\/\\\/gastora.eu\\\/wp-content\\\/uploads\\\/2026\\\/04\\\/bordenwarmhoudkast.jpg\",\"datePublished\":\"2026-04-25T17:41:56+00:00\",\"dateModified\":\"2026-04-28T16:55:46+00:00\",\"description\":\"Achetez R\u00e9chauffeur de plaque - 30 plaques - jusqu'\u00e0 \u00d832 cm au meilleur prix, fiable et performant avec une livraison rapide\",\"breadcrumb\":{\"@id\":\"https:\\\/\\\/gastora.eu\\\/product\\\/rchauffeur-de-plaque-30-plaques-jusqu-32-cm\\\/#breadcrumb\"},\"inLanguage\":\"en-US\",\"potentialAction\":[{\"@type\":\"ReadAction\",\"target\":[\"https:\\\/\\\/gastora.eu\\\/product\\\/rchauffeur-de-plaque-30-plaques-jusqu-32-cm\\\/\"]}]},{\"@type\":\"ImageObject\",\"inLanguage\":\"en-US\",\"@id\":\"https:\\\/\\\/gastora.eu\\\/product\\\/rchauffeur-de-plaque-30-plaques-jusqu-32-cm\\\/#primaryimage\",\"url\":\"https:\\\/\\\/gastora.eu\\\/wp-content\\\/uploads\\\/2026\\\/04\\\/bordenwarmhoudkast.jpg\",\"contentUrl\":\"https:\\\/\\\/gastora.eu\\\/wp-content\\\/uploads\\\/2026\\\/04\\\/bordenwarmhoudkast.jpg\",\"width\":1024,\"height\":1024},{\"@type\":\"BreadcrumbList\",\"@id\":\"https:\\\/\\\/gastora.eu\\\/product\\\/rchauffeur-de-plaque-30-plaques-jusqu-32-cm\\\/#breadcrumb\",\"itemListElement\":[{\"@type\":\"ListItem\",\"position\":1,\"name\":\"Home\",\"item\":\"https:\\\/\\\/gastora.eu\\\/\"},{\"@type\":\"ListItem\",\"position\":2,\"name\":\"Shop\",\"item\":\"https:\\\/\\\/gastora.eu\\\/shop\\\/\"},{\"@type\":\"ListItem\",\"position\":3,\"name\":\"R\u00e9chauffeur de plaque &#8211; 30 plaques &#8211; jusqu&#8217;\u00e0 \u00d832 cm\"}]},{\"@type\":\"WebSite\",\"@id\":\"https:\\\/\\\/gastora.eu\\\/#website\",\"url\":\"https:\\\/\\\/gastora.eu\\\/\",\"name\":\"Gastora\",\"description\":\"\u00c9quipements professionnels CHR\",\"publisher\":{\"@id\":\"https:\\\/\\\/gastora.eu\\\/#organization\"},\"potentialAction\":[{\"@type\":\"SearchAction\",\"target\":{\"@type\":\"EntryPoint\",\"urlTemplate\":\"https:\\\/\\\/gastora.eu\\\/?s={search_term_string}\"},\"query-input\":{\"@type\":\"PropertyValueSpecification\",\"valueRequired\":true,\"valueName\":\"search_term_string\"}}],\"inLanguage\":\"en-US\"},{\"@type\":\"Organization\",\"@id\":\"https:\\\/\\\/gastora.eu\\\/#organization\",\"name\":\"Gastora\",\"url\":\"https:\\\/\\\/gastora.eu\\\/\",\"logo\":{\"@type\":\"ImageObject\",\"inLanguage\":\"en-US\",\"@id\":\"https:\\\/\\\/gastora.eu\\\/#\\\/schema\\\/logo\\\/image\\\/\",\"url\":\"https:\\\/\\\/gastora.eu\\\/wp-content\\\/uploads\\\/2025\\\/12\\\/ChatGPT-Image-2-janv.-2026-22_52_47-1.png\",\"contentUrl\":\"https:\\\/\\\/gastora.eu\\\/wp-content\\\/uploads\\\/2025\\\/12\\\/ChatGPT-Image-2-janv.-2026-22_52_47-1.png\",\"width\":1536,\"height\":320,\"caption\":\"Gastora\"},\"image\":{\"@id\":\"https:\\\/\\\/gastora.eu\\\/#\\\/schema\\\/logo\\\/image\\\/\"}}]}<\/script>\n<!-- \/ Yoast SEO plugin. -->","yoast_head_json":{"title":"R\u00e9chauffeur de plaque - 30 plaques - jusqu'\u00e0 \u00d832 cm - Gastora","description":"Achetez R\u00e9chauffeur de plaque - 30 plaques - jusqu'\u00e0 \u00d832 cm au meilleur prix, fiable et performant avec une livraison rapide","robots":{"index":"index","follow":"follow","max-snippet":"max-snippet:-1","max-image-preview":"max-image-preview:large","max-video-preview":"max-video-preview:-1"},"canonical":"https:\/\/gastora.eu\/en\/product\/rchauffeur-de-plaque-30-plaques-jusqu-32-cm\/","og_locale":"en_US","og_type":"article","og_title":"R\u00e9chauffeur de plaque - 30 plaques - jusqu'\u00e0 \u00d832 cm - Gastora","og_description":"Achetez R\u00e9chauffeur de plaque - 30 plaques - jusqu'\u00e0 \u00d832 cm au meilleur prix, fiable et performant avec une livraison rapide","og_url":"https:\/\/gastora.eu\/en\/product\/rchauffeur-de-plaque-30-plaques-jusqu-32-cm\/","og_site_name":"Gastora","article_modified_time":"2026-04-28T16:55:46+00:00","twitter_card":"summary_large_image","twitter_misc":{"Est. reading time":"1 minute"},"schema":{"@context":"https:\/\/schema.org","@graph":[{"@type":"WebPage","@id":"https:\/\/gastora.eu\/product\/rchauffeur-de-plaque-30-plaques-jusqu-32-cm\/","url":"https:\/\/gastora.eu\/product\/rchauffeur-de-plaque-30-plaques-jusqu-32-cm\/","name":"R\u00e9chauffeur de plaque - 30 plaques - jusqu'\u00e0 \u00d832 cm - Gastora","isPartOf":{"@id":"https:\/\/gastora.eu\/#website"},"primaryImageOfPage":{"@id":"https:\/\/gastora.eu\/product\/rchauffeur-de-plaque-30-plaques-jusqu-32-cm\/#primaryimage"},"image":{"@id":"https:\/\/gastora.eu\/product\/rchauffeur-de-plaque-30-plaques-jusqu-32-cm\/#primaryimage"},"thumbnailUrl":"https:\/\/gastora.eu\/wp-content\/uploads\/2026\/04\/bordenwarmhoudkast.jpg","datePublished":"2026-04-25T17:41:56+00:00","dateModified":"2026-04-28T16:55:46+00:00","description":"Achetez R\u00e9chauffeur de plaque - 30 plaques - jusqu'\u00e0 \u00d832 cm au meilleur prix, fiable et performant avec une livraison rapide","breadcrumb":{"@id":"https:\/\/gastora.eu\/product\/rchauffeur-de-plaque-30-plaques-jusqu-32-cm\/#breadcrumb"},"inLanguage":"en-US","potentialAction":[{"@type":"ReadAction","target":["https:\/\/gastora.eu\/product\/rchauffeur-de-plaque-30-plaques-jusqu-32-cm\/"]}]},{"@type":"ImageObject","inLanguage":"en-US","@id":"https:\/\/gastora.eu\/product\/rchauffeur-de-plaque-30-plaques-jusqu-32-cm\/#primaryimage","url":"https:\/\/gastora.eu\/wp-content\/uploads\/2026\/04\/bordenwarmhoudkast.jpg","contentUrl":"https:\/\/gastora.eu\/wp-content\/uploads\/2026\/04\/bordenwarmhoudkast.jpg","width":1024,"height":1024},{"@type":"BreadcrumbList","@id":"https:\/\/gastora.eu\/product\/rchauffeur-de-plaque-30-plaques-jusqu-32-cm\/#breadcrumb","itemListElement":[{"@type":"ListItem","position":1,"name":"Home","item":"https:\/\/gastora.eu\/"},{"@type":"ListItem","position":2,"name":"Shop","item":"https:\/\/gastora.eu\/shop\/"},{"@type":"ListItem","position":3,"name":"R\u00e9chauffeur de plaque &#8211; 30 plaques &#8211; jusqu&#8217;\u00e0 \u00d832 cm"}]},{"@type":"WebSite","@id":"https:\/\/gastora.eu\/#website","url":"https:\/\/gastora.eu\/","name":"Gastora","description":"\u00c9quipements professionnels CHR","publisher":{"@id":"https:\/\/gastora.eu\/#organization"},"potentialAction":[{"@type":"SearchAction","target":{"@type":"EntryPoint","urlTemplate":"https:\/\/gastora.eu\/?s={search_term_string}"},"query-input":{"@type":"PropertyValueSpecification","valueRequired":true,"valueName":"search_term_string"}}],"inLanguage":"en-US"},{"@type":"Organization","@id":"https:\/\/gastora.eu\/#organization","name":"Gastora","url":"https:\/\/gastora.eu\/","logo":{"@type":"ImageObject","inLanguage":"en-US","@id":"https:\/\/gastora.eu\/#\/schema\/logo\/image\/","url":"https:\/\/gastora.eu\/wp-content\/uploads\/2025\/12\/ChatGPT-Image-2-janv.-2026-22_52_47-1.png","contentUrl":"https:\/\/gastora.eu\/wp-content\/uploads\/2025\/12\/ChatGPT-Image-2-janv.-2026-22_52_47-1.png","width":1536,"height":320,"caption":"Gastora"},"image":{"@id":"https:\/\/gastora.eu\/#\/schema\/logo\/image\/"}}]}},"jetpack_sharing_enabled":true,"_links":{"self":[{"href":"https:\/\/gastora.eu\/en\/wp-json\/wp\/v2\/product\/14033","targetHints":{"allow":["GET"]}}],"collection":[{"href":"https:\/\/gastora.eu\/en\/wp-json\/wp\/v2\/product"}],"about":[{"href":"https:\/\/gastora.eu\/en\/wp-json\/wp\/v2\/types\/product"}],"wp:featuredmedia":[{"embeddable":true,"href":"https:\/\/gastora.eu\/en\/wp-json\/wp\/v2\/media\/6815"}],"wp:attachment":[{"href":"https:\/\/gastora.eu\/en\/wp-json\/wp\/v2\/media?parent=14033"}],"wp:term":[{"taxonomy":"product_brand","embeddable":true,"href":"https:\/\/gastora.eu\/en\/wp-json\/wp\/v2\/product_brand?post=14033"},{"taxonomy":"product_cat","embeddable":true,"href":"https:\/\/gastora.eu\/en\/wp-json\/wp\/v2\/product_cat?post=14033"},{"taxonomy":"product_tag","embeddable":true,"href":"https:\/\/gastora.eu\/en\/wp-json\/wp\/v2\/product_tag?post=14033"}],"curies":[{"name":"wp","href":"https:\/\/api.w.org\/{rel}","templated":true}]}}