{"id":14032,"date":"2026-04-25T17:41:55","date_gmt":"2026-04-25T17:41:55","guid":{"rendered":"https:\/\/gastora.eu\/?post_type=product&#038;p=14032"},"modified":"2026-04-28T16:55:46","modified_gmt":"2026-04-28T16:55:46","slug":"rchauffeur-de-plaque-80-assiettes-jusqu-30-cm-sur-roues","status":"publish","type":"product","link":"https:\/\/gastora.eu\/en\/product\/rchauffeur-de-plaque-80-assiettes-jusqu-30-cm-sur-roues\/","title":{"rendered":"R\u00e9chauffeur de plaque &#8211; 80 assiettes &#8211; jusqu&#8217;\u00e0 \u00d830 cm &#8211; sur roues"},"content":{"rendered":"<p>Les plats chauds sont servis de pr\u00e9f\u00e9rence dans des assiettes chauff\u00e9es, afin de conserver les aliments \u00e0 la temp\u00e9rature id\u00e9ale le plus longtemps possible. Avec ce chauffe-assiettes professionnel en acier inoxydable, vous pouvez empiler jusqu&#8217;\u00e0 80 assiettes pour les chauffer et les garder chaudes et pr\u00eates \u00e0 l&#8217;emploi. La taille maximale des assiettes pouvant \u00eatre plac\u00e9es dans ce chauffe-assiettes est de 30 cm. Il s&#8217;agit d&#8217;un appareil tr\u00e8s pratique pour le personnel de cuisine, car il permet de prendre rapidement une assiette apr\u00e8s l&#8217;autre, gr\u00e2ce \u00e0 son syst\u00e8me de suspension pratique.<\/p>\n<h3>Facile \u00e0 utiliser<\/h3>\n<p>La temp\u00e9rature de ce chauffe-assiettes peut \u00eatre r\u00e9gl\u00e9e entre 30 et 80\u2070C afin qu&#8217;ils soient toujours \u00e0 la bonne temp\u00e9rature pour les plats que vous servez. Il contient \u00e9galement deux chambres s\u00e9par\u00e9es, chacune avec son propre syst\u00e8me de chauffage, afin que vous puissiez r\u00e9gler des temp\u00e9ratures diff\u00e9rentes pour les assiettes. Les pi\u00e8ces ont \u00e9t\u00e9 fabriqu\u00e9es \u00e0 partir de mat\u00e9riaux de haute qualit\u00e9, de sorte que vous pouvez \u00eatre s\u00fbr que ce chauffe-assiettes durera de nombreuses ann\u00e9es. Ce chauffe-assiettes est mont\u00e9 sur quatre roues, y compris des freins, afin de pouvoir \u00eatre d\u00e9plac\u00e9 selon les besoins. Il est \u00e9galement \u00e9quip\u00e9 d&#8217;un voyant lumineux qui indique lorsque l&#8217;appareil est \u00e0 la bonne temp\u00e9rature.<\/p>\n<h3>Facile \u00e0 nettoyer<\/h3>\n<p>Le nettoyage de ce chauffe-plats est simple, gr\u00e2ce \u00e0 sa surface enti\u00e8rement en acier inoxydable. Avant de commencer \u00e0 nettoyer l&#8217;appareil, \u00e9teignez-le et d\u00e9branchez la fiche de la prise murale. \u00c0 l&#8217;aide d&#8217;un chiffon chaud et humide et d&#8217;un d\u00e9tergent doux, nettoyez toutes les surfaces. Une fois le nettoyage termin\u00e9, n&#8217;oubliez pas de s\u00e9cher soigneusement l&#8217;ensemble \u00e0 l&#8217;aide d&#8217;un chiffon doux, et le chauffe-plat est \u00e0 nouveau pr\u00eat \u00e0 l&#8217;emploi.<\/p>\n<p><strong>Caract\u00e9ristiques<\/strong><\/p>\n<ul>\n<li>Voyant d&#8217;avertissement lorsque la grille est chaude<\/li>\n<li>Bo\u00eetier en acier inoxydable<\/li>\n<li>Comprend quatre roues, avec frein<\/li>\n<li>Temp\u00e9rature r\u00e9glable<\/li>\n<li>Facile \u00e0 nettoyer<\/li>\n<\/ul>\n<p><strong>Caract\u00e9ristiques du produit<\/strong><\/p>\n<ul>\n<li>Poids net : 48 kg<\/li>\n<li>Dimensions : 45 x 91 x 77 cm L45 x P91 x H77cm<\/li>\n<li>Plage de temp\u00e9rature : 30 &#8211; 80\u2070C<\/li>\n<li>230V \/ 50Hz \/ 1 phase 800W<\/li>\n<\/ul>","protected":false},"excerpt":{"rendered":"<p>Ce chauffe-assiettes professionnel est fabriqu\u00e9 en acier inoxydable et peut chauffer jusqu&#8217;\u00e0 80 assiettes d&#8217;un diam\u00e8tre de 30 cm. Il convient parfaitement \u00e0 une vari\u00e9t\u00e9 d&#8217;activit\u00e9s li\u00e9es \u00e0 l&#8217;alimentation, telles que les cantines et les \u00e9v\u00e9nements avec traiteur. Il est dot\u00e9 d&#8217;un syst\u00e8me de suspension pratique qui permet de retirer plus facilement les assiettes en cas de besoin.<\/p>","protected":false},"featured_media":6813,"template":"","meta":{"_acf_changed":false},"product_brand":[],"product_cat":[496],"product_tag":[],"class_list":{"0":"post-14032","1":"product","2":"type-product","3":"status-publish","4":"has-post-thumbnail","6":"product_cat-armoires-chauffantes-2","8":"first","9":"instock","10":"sale","11":"taxable","12":"shipping-taxable","13":"purchasable","14":"product-type-simple"},"acf":[],"yoast_head":"<!-- This site is optimized with the Yoast SEO plugin v27.5 - https:\/\/yoast.com\/product\/yoast-seo-wordpress\/ -->\n<title>R\u00e9chauffeur de plaque - 80 assiettes - jusqu&#039;\u00e0 \u00d830 cm - sur roues - Gastora<\/title>\n<meta name=\"description\" content=\"Achetez R\u00e9chauffeur de plaque - 80 assiettes - jusqu&#039;\u00e0 \u00d830 cm - sur roues au meilleur prix, fiable et performant avec une livraison rapide\" \/>\n<meta name=\"robots\" content=\"index, follow, max-snippet:-1, max-image-preview:large, max-video-preview:-1\" \/>\n<link rel=\"canonical\" href=\"https:\/\/gastora.eu\/en\/product\/rchauffeur-de-plaque-80-assiettes-jusqu-30-cm-sur-roues\/\" \/>\n<meta property=\"og:locale\" content=\"en_US\" \/>\n<meta property=\"og:type\" content=\"article\" \/>\n<meta property=\"og:title\" content=\"R\u00e9chauffeur de plaque - 80 assiettes - jusqu&#039;\u00e0 \u00d830 cm - sur roues - Gastora\" \/>\n<meta property=\"og:description\" content=\"Achetez R\u00e9chauffeur de plaque - 80 assiettes - jusqu&#039;\u00e0 \u00d830 cm - sur roues au meilleur prix, fiable et performant avec une livraison rapide\" \/>\n<meta property=\"og:url\" content=\"https:\/\/gastora.eu\/en\/product\/rchauffeur-de-plaque-80-assiettes-jusqu-30-cm-sur-roues\/\" \/>\n<meta property=\"og:site_name\" content=\"Gastora\" \/>\n<meta property=\"article:modified_time\" content=\"2026-04-28T16:55:46+00:00\" \/>\n<meta name=\"twitter:card\" content=\"summary_large_image\" \/>\n<meta name=\"twitter:label1\" content=\"Est. reading time\" \/>\n\t<meta name=\"twitter:data1\" content=\"2 minutes\" \/>\n<script type=\"application\/ld+json\" class=\"yoast-schema-graph\">{\"@context\":\"https:\\\/\\\/schema.org\",\"@graph\":[{\"@type\":\"WebPage\",\"@id\":\"https:\\\/\\\/gastora.eu\\\/product\\\/rchauffeur-de-plaque-80-assiettes-jusqu-30-cm-sur-roues\\\/\",\"url\":\"https:\\\/\\\/gastora.eu\\\/product\\\/rchauffeur-de-plaque-80-assiettes-jusqu-30-cm-sur-roues\\\/\",\"name\":\"R\u00e9chauffeur de plaque - 80 assiettes - jusqu'\u00e0 \u00d830 cm - sur roues - Gastora\",\"isPartOf\":{\"@id\":\"https:\\\/\\\/gastora.eu\\\/#website\"},\"primaryImageOfPage\":{\"@id\":\"https:\\\/\\\/gastora.eu\\\/product\\\/rchauffeur-de-plaque-80-assiettes-jusqu-30-cm-sur-roues\\\/#primaryimage\"},\"image\":{\"@id\":\"https:\\\/\\\/gastora.eu\\\/product\\\/rchauffeur-de-plaque-80-assiettes-jusqu-30-cm-sur-roues\\\/#primaryimage\"},\"thumbnailUrl\":\"https:\\\/\\\/gastora.eu\\\/wp-content\\\/uploads\\\/2026\\\/04\\\/sp-004-61656e8f6ec91.jpg\",\"datePublished\":\"2026-04-25T17:41:55+00:00\",\"dateModified\":\"2026-04-28T16:55:46+00:00\",\"description\":\"Achetez R\u00e9chauffeur de plaque - 80 assiettes - jusqu'\u00e0 \u00d830 cm - sur roues au meilleur prix, fiable et performant avec une livraison rapide\",\"breadcrumb\":{\"@id\":\"https:\\\/\\\/gastora.eu\\\/product\\\/rchauffeur-de-plaque-80-assiettes-jusqu-30-cm-sur-roues\\\/#breadcrumb\"},\"inLanguage\":\"en-US\",\"potentialAction\":[{\"@type\":\"ReadAction\",\"target\":[\"https:\\\/\\\/gastora.eu\\\/product\\\/rchauffeur-de-plaque-80-assiettes-jusqu-30-cm-sur-roues\\\/\"]}]},{\"@type\":\"ImageObject\",\"inLanguage\":\"en-US\",\"@id\":\"https:\\\/\\\/gastora.eu\\\/product\\\/rchauffeur-de-plaque-80-assiettes-jusqu-30-cm-sur-roues\\\/#primaryimage\",\"url\":\"https:\\\/\\\/gastora.eu\\\/wp-content\\\/uploads\\\/2026\\\/04\\\/sp-004-61656e8f6ec91.jpg\",\"contentUrl\":\"https:\\\/\\\/gastora.eu\\\/wp-content\\\/uploads\\\/2026\\\/04\\\/sp-004-61656e8f6ec91.jpg\",\"width\":2048,\"height\":2048},{\"@type\":\"BreadcrumbList\",\"@id\":\"https:\\\/\\\/gastora.eu\\\/product\\\/rchauffeur-de-plaque-80-assiettes-jusqu-30-cm-sur-roues\\\/#breadcrumb\",\"itemListElement\":[{\"@type\":\"ListItem\",\"position\":1,\"name\":\"Home\",\"item\":\"https:\\\/\\\/gastora.eu\\\/\"},{\"@type\":\"ListItem\",\"position\":2,\"name\":\"Shop\",\"item\":\"https:\\\/\\\/gastora.eu\\\/shop\\\/\"},{\"@type\":\"ListItem\",\"position\":3,\"name\":\"R\u00e9chauffeur de plaque &#8211; 80 assiettes &#8211; jusqu&#8217;\u00e0 \u00d830 cm &#8211; sur roues\"}]},{\"@type\":\"WebSite\",\"@id\":\"https:\\\/\\\/gastora.eu\\\/#website\",\"url\":\"https:\\\/\\\/gastora.eu\\\/\",\"name\":\"Gastora\",\"description\":\"\u00c9quipements professionnels CHR\",\"publisher\":{\"@id\":\"https:\\\/\\\/gastora.eu\\\/#organization\"},\"potentialAction\":[{\"@type\":\"SearchAction\",\"target\":{\"@type\":\"EntryPoint\",\"urlTemplate\":\"https:\\\/\\\/gastora.eu\\\/?s={search_term_string}\"},\"query-input\":{\"@type\":\"PropertyValueSpecification\",\"valueRequired\":true,\"valueName\":\"search_term_string\"}}],\"inLanguage\":\"en-US\"},{\"@type\":\"Organization\",\"@id\":\"https:\\\/\\\/gastora.eu\\\/#organization\",\"name\":\"Gastora\",\"url\":\"https:\\\/\\\/gastora.eu\\\/\",\"logo\":{\"@type\":\"ImageObject\",\"inLanguage\":\"en-US\",\"@id\":\"https:\\\/\\\/gastora.eu\\\/#\\\/schema\\\/logo\\\/image\\\/\",\"url\":\"https:\\\/\\\/gastora.eu\\\/wp-content\\\/uploads\\\/2025\\\/12\\\/ChatGPT-Image-2-janv.-2026-22_52_47-1.png\",\"contentUrl\":\"https:\\\/\\\/gastora.eu\\\/wp-content\\\/uploads\\\/2025\\\/12\\\/ChatGPT-Image-2-janv.-2026-22_52_47-1.png\",\"width\":1536,\"height\":320,\"caption\":\"Gastora\"},\"image\":{\"@id\":\"https:\\\/\\\/gastora.eu\\\/#\\\/schema\\\/logo\\\/image\\\/\"}}]}<\/script>\n<!-- \/ Yoast SEO plugin. -->","yoast_head_json":{"title":"R\u00e9chauffeur de plaque - 80 assiettes - jusqu'\u00e0 \u00d830 cm - sur roues - Gastora","description":"Achetez R\u00e9chauffeur de plaque - 80 assiettes - jusqu'\u00e0 \u00d830 cm - sur roues au meilleur prix, fiable et performant avec une livraison rapide","robots":{"index":"index","follow":"follow","max-snippet":"max-snippet:-1","max-image-preview":"max-image-preview:large","max-video-preview":"max-video-preview:-1"},"canonical":"https:\/\/gastora.eu\/en\/product\/rchauffeur-de-plaque-80-assiettes-jusqu-30-cm-sur-roues\/","og_locale":"en_US","og_type":"article","og_title":"R\u00e9chauffeur de plaque - 80 assiettes - jusqu'\u00e0 \u00d830 cm - sur roues - Gastora","og_description":"Achetez R\u00e9chauffeur de plaque - 80 assiettes - jusqu'\u00e0 \u00d830 cm - sur roues au meilleur prix, fiable et performant avec une livraison rapide","og_url":"https:\/\/gastora.eu\/en\/product\/rchauffeur-de-plaque-80-assiettes-jusqu-30-cm-sur-roues\/","og_site_name":"Gastora","article_modified_time":"2026-04-28T16:55:46+00:00","twitter_card":"summary_large_image","twitter_misc":{"Est. reading time":"2 minutes"},"schema":{"@context":"https:\/\/schema.org","@graph":[{"@type":"WebPage","@id":"https:\/\/gastora.eu\/product\/rchauffeur-de-plaque-80-assiettes-jusqu-30-cm-sur-roues\/","url":"https:\/\/gastora.eu\/product\/rchauffeur-de-plaque-80-assiettes-jusqu-30-cm-sur-roues\/","name":"R\u00e9chauffeur de plaque - 80 assiettes - jusqu'\u00e0 \u00d830 cm - sur roues - Gastora","isPartOf":{"@id":"https:\/\/gastora.eu\/#website"},"primaryImageOfPage":{"@id":"https:\/\/gastora.eu\/product\/rchauffeur-de-plaque-80-assiettes-jusqu-30-cm-sur-roues\/#primaryimage"},"image":{"@id":"https:\/\/gastora.eu\/product\/rchauffeur-de-plaque-80-assiettes-jusqu-30-cm-sur-roues\/#primaryimage"},"thumbnailUrl":"https:\/\/gastora.eu\/wp-content\/uploads\/2026\/04\/sp-004-61656e8f6ec91.jpg","datePublished":"2026-04-25T17:41:55+00:00","dateModified":"2026-04-28T16:55:46+00:00","description":"Achetez R\u00e9chauffeur de plaque - 80 assiettes - jusqu'\u00e0 \u00d830 cm - sur roues au meilleur prix, fiable et performant avec une livraison rapide","breadcrumb":{"@id":"https:\/\/gastora.eu\/product\/rchauffeur-de-plaque-80-assiettes-jusqu-30-cm-sur-roues\/#breadcrumb"},"inLanguage":"en-US","potentialAction":[{"@type":"ReadAction","target":["https:\/\/gastora.eu\/product\/rchauffeur-de-plaque-80-assiettes-jusqu-30-cm-sur-roues\/"]}]},{"@type":"ImageObject","inLanguage":"en-US","@id":"https:\/\/gastora.eu\/product\/rchauffeur-de-plaque-80-assiettes-jusqu-30-cm-sur-roues\/#primaryimage","url":"https:\/\/gastora.eu\/wp-content\/uploads\/2026\/04\/sp-004-61656e8f6ec91.jpg","contentUrl":"https:\/\/gastora.eu\/wp-content\/uploads\/2026\/04\/sp-004-61656e8f6ec91.jpg","width":2048,"height":2048},{"@type":"BreadcrumbList","@id":"https:\/\/gastora.eu\/product\/rchauffeur-de-plaque-80-assiettes-jusqu-30-cm-sur-roues\/#breadcrumb","itemListElement":[{"@type":"ListItem","position":1,"name":"Home","item":"https:\/\/gastora.eu\/"},{"@type":"ListItem","position":2,"name":"Shop","item":"https:\/\/gastora.eu\/shop\/"},{"@type":"ListItem","position":3,"name":"R\u00e9chauffeur de plaque &#8211; 80 assiettes &#8211; jusqu&#8217;\u00e0 \u00d830 cm &#8211; sur roues"}]},{"@type":"WebSite","@id":"https:\/\/gastora.eu\/#website","url":"https:\/\/gastora.eu\/","name":"Gastora","description":"\u00c9quipements professionnels CHR","publisher":{"@id":"https:\/\/gastora.eu\/#organization"},"potentialAction":[{"@type":"SearchAction","target":{"@type":"EntryPoint","urlTemplate":"https:\/\/gastora.eu\/?s={search_term_string}"},"query-input":{"@type":"PropertyValueSpecification","valueRequired":true,"valueName":"search_term_string"}}],"inLanguage":"en-US"},{"@type":"Organization","@id":"https:\/\/gastora.eu\/#organization","name":"Gastora","url":"https:\/\/gastora.eu\/","logo":{"@type":"ImageObject","inLanguage":"en-US","@id":"https:\/\/gastora.eu\/#\/schema\/logo\/image\/","url":"https:\/\/gastora.eu\/wp-content\/uploads\/2025\/12\/ChatGPT-Image-2-janv.-2026-22_52_47-1.png","contentUrl":"https:\/\/gastora.eu\/wp-content\/uploads\/2025\/12\/ChatGPT-Image-2-janv.-2026-22_52_47-1.png","width":1536,"height":320,"caption":"Gastora"},"image":{"@id":"https:\/\/gastora.eu\/#\/schema\/logo\/image\/"}}]}},"jetpack_sharing_enabled":true,"_links":{"self":[{"href":"https:\/\/gastora.eu\/en\/wp-json\/wp\/v2\/product\/14032","targetHints":{"allow":["GET"]}}],"collection":[{"href":"https:\/\/gastora.eu\/en\/wp-json\/wp\/v2\/product"}],"about":[{"href":"https:\/\/gastora.eu\/en\/wp-json\/wp\/v2\/types\/product"}],"wp:featuredmedia":[{"embeddable":true,"href":"https:\/\/gastora.eu\/en\/wp-json\/wp\/v2\/media\/6813"}],"wp:attachment":[{"href":"https:\/\/gastora.eu\/en\/wp-json\/wp\/v2\/media?parent=14032"}],"wp:term":[{"taxonomy":"product_brand","embeddable":true,"href":"https:\/\/gastora.eu\/en\/wp-json\/wp\/v2\/product_brand?post=14032"},{"taxonomy":"product_cat","embeddable":true,"href":"https:\/\/gastora.eu\/en\/wp-json\/wp\/v2\/product_cat?post=14032"},{"taxonomy":"product_tag","embeddable":true,"href":"https:\/\/gastora.eu\/en\/wp-json\/wp\/v2\/product_tag?post=14032"}],"curies":[{"name":"wp","href":"https:\/\/api.w.org\/{rel}","templated":true}]}}