{"id":14030,"date":"2026-04-25T17:41:53","date_gmt":"2026-04-25T17:41:53","guid":{"rendered":"https:\/\/gastora.eu\/?post_type=product&#038;p=14030"},"modified":"2026-04-28T16:55:46","modified_gmt":"2026-04-28T16:55:46","slug":"stand-de-qualit-commerciale-unit-double-profondeur-60-cm-2-portes","status":"publish","type":"product","link":"https:\/\/gastora.eu\/en\/product\/stand-de-qualit-commerciale-unit-double-profondeur-60-cm-2-portes\/","title":{"rendered":"Stand de qualit\u00e9 commerciale &#8211; unit\u00e9 double &#8211; profondeur 60 cm &#8211; 2 portes"},"content":{"rendered":"<p>Si votre cuisine est \u00e0 l&#8217;\u00e9troit ou si vous voulez profiter d&#8217;un am\u00e9nagement efficace, ce chariot de cuisine de 60 x 60 cm est le choix id\u00e9al. Il peut \u00eatre utilis\u00e9 pour monter n&#8217;importe quel appareil de cuisine de la s\u00e9rie 600. Les \u00e9l\u00e9ments de cuisine doivent durer et \u00eatre capables de r\u00e9sister \u00e0 une manipulation brutale. La base est fabriqu\u00e9e en acier inoxydable et r\u00e9pond parfaitement \u00e0 ces exigences. Il est \u00e9galement important d&#8217;adopter une posture de travail ergonomique dans la cuisine professionnelle de restauration. Avec un appareil de cuisine mont\u00e9 sur ce chariot, vous travaillez toujours \u00e0 la bonne hauteur.<\/p>\n<h3>Un espace de rangement suppl\u00e9mentaire dans la cuisine<\/h3>\n<p>Un chariot \u00e0 deux portes est un atout pour toute cuisine. Combien de fois manquez-vous d&#8217;espace pour ranger facilement les casseroles et les po\u00eales ? En outre, le m\u00e9canisme d&#8217;assemblage a \u00e9t\u00e9 con\u00e7u de mani\u00e8re \u00e0 ce que les appareils de la gamme de cuisson 600 puissent \u00eatre mont\u00e9s sur le socle en toute simplicit\u00e9. Les deux portes \u00e0 double paroi sont dot\u00e9es d&#8217;une poign\u00e9e ergonomique pour une ouverture et une fermeture faciles. Le chariot est \u00e9quip\u00e9 d&#8217;une serrure magn\u00e9tique qui emp\u00eache de laisser les portes ouvertes <\/p>\n<h3>Un travail stable et s\u00fbr <\/h3>\n<p>Lorsque l&#8217;on travaille avec des appareils de cuisine dans le secteur de la restauration, il est important de travailler en toute s\u00e9curit\u00e9. Par cons\u00e9quent, les appareils ne doivent pas se d\u00e9placer lorsqu&#8217;ils sont utilis\u00e9s. En pla\u00e7ant un appareil de cuisine sur ce chariot, vous pouvez \u00e9viter les accidents et travailler de mani\u00e8re efficace et s\u00fbre. De plus, ce support peut \u00eatre parfaitement int\u00e9gr\u00e9 dans une ligne de cuisson. Pour nettoyer le chariot en acier inoxydable, utilisez un chiffon humide, de l&#8217;eau chaude et un d\u00e9tergent doux. Essuyez apr\u00e8s le nettoyage pour \u00e9viter les traces.<\/p>\n<ul>\n<li>Grand compartiment de base pour le rangement des casseroles, po\u00eales, etc.<\/li>\n<li>Portes \u00e0 double \u00e9paisseur avec poign\u00e9es ergonomiques<\/li>\n<li>Verrouillage magn\u00e9tique pour maintenir les portes ferm\u00e9es<\/li>\n<li>M\u00e9canisme de connexion facile avec les autres \u00e9l\u00e9ments de la s\u00e9rie 600<\/li>\n<li>Poids net : 15 kg<\/li>\n<li>Dimensions : L600 x P600 x H610 mm<\/li>\n<\/ul>\n<ul>\n<li>Poids net : 15 kg\n<\/li>\n<li>Dimensions : B60 x P60 x H61cm<br \/>","protected":false},"excerpt":{"rendered":"<p>Vous recherchez un chariot de restauration professionnel adapt\u00e9 aux appareils de cuisine de la s\u00e9rie 600 ? Ce chariot de 60 x 60 cm poss\u00e8de deux portes et est id\u00e9al pour servir d&#8217;espace de rangement suppl\u00e9mentaire pour les casseroles et les po\u00eales. Vous pouvez \u00e9galement placer la base dans une ligne de cuisson.<\/p>","protected":false},"featured_media":6809,"template":"","meta":{"_acf_changed":false},"product_brand":[],"product_cat":[495],"product_tag":[],"class_list":{"0":"post-14030","1":"product","2":"type-product","3":"status-publish","4":"has-post-thumbnail","6":"product_cat-plaques-pianos-de-cuisson-2","8":"first","9":"instock","10":"sale","11":"taxable","12":"shipping-taxable","13":"purchasable","14":"product-type-simple"},"acf":[],"yoast_head":"<!-- This site is optimized with the Yoast SEO plugin v27.5 - https:\/\/yoast.com\/product\/yoast-seo-wordpress\/ -->\n<title>Stand de qualit\u00e9 commerciale - unit\u00e9 double - profondeur 60 cm - 2 portes - Gastora<\/title>\n<meta name=\"description\" content=\"Achetez Stand de qualit\u00e9 commerciale - unit\u00e9 double - profondeur 60 cm - 2 portes au meilleur prix, fiable et performant avec une livraison rapide\" \/>\n<meta name=\"robots\" content=\"index, follow, max-snippet:-1, max-image-preview:large, max-video-preview:-1\" \/>\n<link rel=\"canonical\" href=\"https:\/\/gastora.eu\/en\/product\/stand-de-qualit-commerciale-unit-double-profondeur-60-cm-2-portes\/\" \/>\n<meta property=\"og:locale\" content=\"en_US\" \/>\n<meta property=\"og:type\" content=\"article\" \/>\n<meta property=\"og:title\" content=\"Stand de qualit\u00e9 commerciale - unit\u00e9 double - profondeur 60 cm - 2 portes - Gastora\" \/>\n<meta property=\"og:description\" content=\"Achetez Stand de qualit\u00e9 commerciale - unit\u00e9 double - profondeur 60 cm - 2 portes au meilleur prix, fiable et performant avec une livraison rapide\" \/>\n<meta property=\"og:url\" content=\"https:\/\/gastora.eu\/en\/product\/stand-de-qualit-commerciale-unit-double-profondeur-60-cm-2-portes\/\" \/>\n<meta property=\"og:site_name\" content=\"Gastora\" \/>\n<meta property=\"article:modified_time\" content=\"2026-04-28T16:55:46+00:00\" \/>\n<meta name=\"twitter:card\" content=\"summary_large_image\" \/>\n<meta name=\"twitter:label1\" content=\"Est. reading time\" \/>\n\t<meta name=\"twitter:data1\" content=\"2 minutes\" \/>\n<script type=\"application\/ld+json\" class=\"yoast-schema-graph\">{\"@context\":\"https:\\\/\\\/schema.org\",\"@graph\":[{\"@type\":\"WebPage\",\"@id\":\"https:\\\/\\\/gastora.eu\\\/product\\\/stand-de-qualit-commerciale-unit-double-profondeur-60-cm-2-portes\\\/\",\"url\":\"https:\\\/\\\/gastora.eu\\\/product\\\/stand-de-qualit-commerciale-unit-double-profondeur-60-cm-2-portes\\\/\",\"name\":\"Stand de qualit\u00e9 commerciale - unit\u00e9 double - profondeur 60 cm - 2 portes - Gastora\",\"isPartOf\":{\"@id\":\"https:\\\/\\\/gastora.eu\\\/#website\"},\"primaryImageOfPage\":{\"@id\":\"https:\\\/\\\/gastora.eu\\\/product\\\/stand-de-qualit-commerciale-unit-double-profondeur-60-cm-2-portes\\\/#primaryimage\"},\"image\":{\"@id\":\"https:\\\/\\\/gastora.eu\\\/product\\\/stand-de-qualit-commerciale-unit-double-profondeur-60-cm-2-portes\\\/#primaryimage\"},\"thumbnailUrl\":\"https:\\\/\\\/gastora.eu\\\/wp-content\\\/uploads\\\/2026\\\/04\\\/sp-005-61656e9152945.jpg\",\"datePublished\":\"2026-04-25T17:41:53+00:00\",\"dateModified\":\"2026-04-28T16:55:46+00:00\",\"description\":\"Achetez Stand de qualit\u00e9 commerciale - unit\u00e9 double - profondeur 60 cm - 2 portes au meilleur prix, fiable et performant avec une livraison rapide\",\"breadcrumb\":{\"@id\":\"https:\\\/\\\/gastora.eu\\\/product\\\/stand-de-qualit-commerciale-unit-double-profondeur-60-cm-2-portes\\\/#breadcrumb\"},\"inLanguage\":\"en-US\",\"potentialAction\":[{\"@type\":\"ReadAction\",\"target\":[\"https:\\\/\\\/gastora.eu\\\/product\\\/stand-de-qualit-commerciale-unit-double-profondeur-60-cm-2-portes\\\/\"]}]},{\"@type\":\"ImageObject\",\"inLanguage\":\"en-US\",\"@id\":\"https:\\\/\\\/gastora.eu\\\/product\\\/stand-de-qualit-commerciale-unit-double-profondeur-60-cm-2-portes\\\/#primaryimage\",\"url\":\"https:\\\/\\\/gastora.eu\\\/wp-content\\\/uploads\\\/2026\\\/04\\\/sp-005-61656e9152945.jpg\",\"contentUrl\":\"https:\\\/\\\/gastora.eu\\\/wp-content\\\/uploads\\\/2026\\\/04\\\/sp-005-61656e9152945.jpg\",\"width\":1024,\"height\":1024},{\"@type\":\"BreadcrumbList\",\"@id\":\"https:\\\/\\\/gastora.eu\\\/product\\\/stand-de-qualit-commerciale-unit-double-profondeur-60-cm-2-portes\\\/#breadcrumb\",\"itemListElement\":[{\"@type\":\"ListItem\",\"position\":1,\"name\":\"Home\",\"item\":\"https:\\\/\\\/gastora.eu\\\/\"},{\"@type\":\"ListItem\",\"position\":2,\"name\":\"Shop\",\"item\":\"https:\\\/\\\/gastora.eu\\\/shop\\\/\"},{\"@type\":\"ListItem\",\"position\":3,\"name\":\"Stand de qualit\u00e9 commerciale &#8211; unit\u00e9 double &#8211; profondeur 60 cm &#8211; 2 portes\"}]},{\"@type\":\"WebSite\",\"@id\":\"https:\\\/\\\/gastora.eu\\\/#website\",\"url\":\"https:\\\/\\\/gastora.eu\\\/\",\"name\":\"Gastora\",\"description\":\"\u00c9quipements professionnels CHR\",\"publisher\":{\"@id\":\"https:\\\/\\\/gastora.eu\\\/#organization\"},\"potentialAction\":[{\"@type\":\"SearchAction\",\"target\":{\"@type\":\"EntryPoint\",\"urlTemplate\":\"https:\\\/\\\/gastora.eu\\\/?s={search_term_string}\"},\"query-input\":{\"@type\":\"PropertyValueSpecification\",\"valueRequired\":true,\"valueName\":\"search_term_string\"}}],\"inLanguage\":\"en-US\"},{\"@type\":\"Organization\",\"@id\":\"https:\\\/\\\/gastora.eu\\\/#organization\",\"name\":\"Gastora\",\"url\":\"https:\\\/\\\/gastora.eu\\\/\",\"logo\":{\"@type\":\"ImageObject\",\"inLanguage\":\"en-US\",\"@id\":\"https:\\\/\\\/gastora.eu\\\/#\\\/schema\\\/logo\\\/image\\\/\",\"url\":\"https:\\\/\\\/gastora.eu\\\/wp-content\\\/uploads\\\/2025\\\/12\\\/ChatGPT-Image-2-janv.-2026-22_52_47-1.png\",\"contentUrl\":\"https:\\\/\\\/gastora.eu\\\/wp-content\\\/uploads\\\/2025\\\/12\\\/ChatGPT-Image-2-janv.-2026-22_52_47-1.png\",\"width\":1536,\"height\":320,\"caption\":\"Gastora\"},\"image\":{\"@id\":\"https:\\\/\\\/gastora.eu\\\/#\\\/schema\\\/logo\\\/image\\\/\"}}]}<\/script>\n<!-- \/ Yoast SEO plugin. -->","yoast_head_json":{"title":"Stand de qualit\u00e9 commerciale - unit\u00e9 double - profondeur 60 cm - 2 portes - Gastora","description":"Achetez Stand de qualit\u00e9 commerciale - unit\u00e9 double - profondeur 60 cm - 2 portes au meilleur prix, fiable et performant avec une livraison rapide","robots":{"index":"index","follow":"follow","max-snippet":"max-snippet:-1","max-image-preview":"max-image-preview:large","max-video-preview":"max-video-preview:-1"},"canonical":"https:\/\/gastora.eu\/en\/product\/stand-de-qualit-commerciale-unit-double-profondeur-60-cm-2-portes\/","og_locale":"en_US","og_type":"article","og_title":"Stand de qualit\u00e9 commerciale - unit\u00e9 double - profondeur 60 cm - 2 portes - Gastora","og_description":"Achetez Stand de qualit\u00e9 commerciale - unit\u00e9 double - profondeur 60 cm - 2 portes au meilleur prix, fiable et performant avec une livraison rapide","og_url":"https:\/\/gastora.eu\/en\/product\/stand-de-qualit-commerciale-unit-double-profondeur-60-cm-2-portes\/","og_site_name":"Gastora","article_modified_time":"2026-04-28T16:55:46+00:00","twitter_card":"summary_large_image","twitter_misc":{"Est. reading time":"2 minutes"},"schema":{"@context":"https:\/\/schema.org","@graph":[{"@type":"WebPage","@id":"https:\/\/gastora.eu\/product\/stand-de-qualit-commerciale-unit-double-profondeur-60-cm-2-portes\/","url":"https:\/\/gastora.eu\/product\/stand-de-qualit-commerciale-unit-double-profondeur-60-cm-2-portes\/","name":"Stand de qualit\u00e9 commerciale - unit\u00e9 double - profondeur 60 cm - 2 portes - Gastora","isPartOf":{"@id":"https:\/\/gastora.eu\/#website"},"primaryImageOfPage":{"@id":"https:\/\/gastora.eu\/product\/stand-de-qualit-commerciale-unit-double-profondeur-60-cm-2-portes\/#primaryimage"},"image":{"@id":"https:\/\/gastora.eu\/product\/stand-de-qualit-commerciale-unit-double-profondeur-60-cm-2-portes\/#primaryimage"},"thumbnailUrl":"https:\/\/gastora.eu\/wp-content\/uploads\/2026\/04\/sp-005-61656e9152945.jpg","datePublished":"2026-04-25T17:41:53+00:00","dateModified":"2026-04-28T16:55:46+00:00","description":"Achetez Stand de qualit\u00e9 commerciale - unit\u00e9 double - profondeur 60 cm - 2 portes au meilleur prix, fiable et performant avec une livraison rapide","breadcrumb":{"@id":"https:\/\/gastora.eu\/product\/stand-de-qualit-commerciale-unit-double-profondeur-60-cm-2-portes\/#breadcrumb"},"inLanguage":"en-US","potentialAction":[{"@type":"ReadAction","target":["https:\/\/gastora.eu\/product\/stand-de-qualit-commerciale-unit-double-profondeur-60-cm-2-portes\/"]}]},{"@type":"ImageObject","inLanguage":"en-US","@id":"https:\/\/gastora.eu\/product\/stand-de-qualit-commerciale-unit-double-profondeur-60-cm-2-portes\/#primaryimage","url":"https:\/\/gastora.eu\/wp-content\/uploads\/2026\/04\/sp-005-61656e9152945.jpg","contentUrl":"https:\/\/gastora.eu\/wp-content\/uploads\/2026\/04\/sp-005-61656e9152945.jpg","width":1024,"height":1024},{"@type":"BreadcrumbList","@id":"https:\/\/gastora.eu\/product\/stand-de-qualit-commerciale-unit-double-profondeur-60-cm-2-portes\/#breadcrumb","itemListElement":[{"@type":"ListItem","position":1,"name":"Home","item":"https:\/\/gastora.eu\/"},{"@type":"ListItem","position":2,"name":"Shop","item":"https:\/\/gastora.eu\/shop\/"},{"@type":"ListItem","position":3,"name":"Stand de qualit\u00e9 commerciale &#8211; unit\u00e9 double &#8211; profondeur 60 cm &#8211; 2 portes"}]},{"@type":"WebSite","@id":"https:\/\/gastora.eu\/#website","url":"https:\/\/gastora.eu\/","name":"Gastora","description":"\u00c9quipements professionnels CHR","publisher":{"@id":"https:\/\/gastora.eu\/#organization"},"potentialAction":[{"@type":"SearchAction","target":{"@type":"EntryPoint","urlTemplate":"https:\/\/gastora.eu\/?s={search_term_string}"},"query-input":{"@type":"PropertyValueSpecification","valueRequired":true,"valueName":"search_term_string"}}],"inLanguage":"en-US"},{"@type":"Organization","@id":"https:\/\/gastora.eu\/#organization","name":"Gastora","url":"https:\/\/gastora.eu\/","logo":{"@type":"ImageObject","inLanguage":"en-US","@id":"https:\/\/gastora.eu\/#\/schema\/logo\/image\/","url":"https:\/\/gastora.eu\/wp-content\/uploads\/2025\/12\/ChatGPT-Image-2-janv.-2026-22_52_47-1.png","contentUrl":"https:\/\/gastora.eu\/wp-content\/uploads\/2025\/12\/ChatGPT-Image-2-janv.-2026-22_52_47-1.png","width":1536,"height":320,"caption":"Gastora"},"image":{"@id":"https:\/\/gastora.eu\/#\/schema\/logo\/image\/"}}]}},"jetpack_sharing_enabled":true,"_links":{"self":[{"href":"https:\/\/gastora.eu\/en\/wp-json\/wp\/v2\/product\/14030","targetHints":{"allow":["GET"]}}],"collection":[{"href":"https:\/\/gastora.eu\/en\/wp-json\/wp\/v2\/product"}],"about":[{"href":"https:\/\/gastora.eu\/en\/wp-json\/wp\/v2\/types\/product"}],"wp:featuredmedia":[{"embeddable":true,"href":"https:\/\/gastora.eu\/en\/wp-json\/wp\/v2\/media\/6809"}],"wp:attachment":[{"href":"https:\/\/gastora.eu\/en\/wp-json\/wp\/v2\/media?parent=14030"}],"wp:term":[{"taxonomy":"product_brand","embeddable":true,"href":"https:\/\/gastora.eu\/en\/wp-json\/wp\/v2\/product_brand?post=14030"},{"taxonomy":"product_cat","embeddable":true,"href":"https:\/\/gastora.eu\/en\/wp-json\/wp\/v2\/product_cat?post=14030"},{"taxonomy":"product_tag","embeddable":true,"href":"https:\/\/gastora.eu\/en\/wp-json\/wp\/v2\/product_tag?post=14030"}],"curies":[{"name":"wp","href":"https:\/\/api.w.org\/{rel}","templated":true}]}}