{"id":14028,"date":"2026-04-25T17:41:51","date_gmt":"2026-04-25T17:41:51","guid":{"rendered":"https:\/\/gastora.eu\/?post_type=product&#038;p=14028"},"modified":"2026-04-28T16:55:46","modified_gmt":"2026-04-28T16:55:46","slug":"plan-de-travail-de-qualit-commerciale-unit-double-profondeur-60-cm","status":"publish","type":"product","link":"https:\/\/gastora.eu\/en\/product\/plan-de-travail-de-qualit-commerciale-unit-double-profondeur-60-cm\/","title":{"rendered":"Plan de travail de qualit\u00e9 commerciale &#8211; unit\u00e9 double &#8211; profondeur 60 cm"},"content":{"rendered":"<p>Aucune cuisine ne peut se passer d&#8217;un espace de travail robuste. Sur ce comptoir en acier inoxydable, vous pouvez couper, hacher, pr\u00e9parer des assiettes ou poser des casseroles chaudes. Le comptoir a une construction de haute qualit\u00e9 qui le rend durable et peut r\u00e9sister \u00e0 une utilisation intensive. Si vous travaillez avec des appareils de cuisine de la s\u00e9rie 600 cookline, ce comptoir est id\u00e9al, car il s&#8217;adapte \u00e0 toutes les bases de cette s\u00e9rie.<\/p>\n<h3>Id\u00e9al pour une ligne de cuisson<\/h3>\n<p>Ce plan de travail robuste convient \u00e0 une ligne de cuisson. Le nettoyage est tr\u00e8s facile gr\u00e2ce aux surfaces lisses en acier inoxydable. Pour le nettoyage, vous avez besoin d&#8217;un chiffon humide, d&#8217;un peu d&#8217;eau chaude et d&#8217;un d\u00e9tergent doux. Ce plan de travail mesure 60 x 60cm et est \u00e9galement disponible en version 40 x 60cm.<\/p>\n<ul>\n<li>Plan de travail en acier inoxydable<\/li>\n<li>Compatible avec d&#8217;autres produits de qualit\u00e9 commerciale<\/li>\n<li>Poids net : 15 kg<\/li>\n<li>Dimensions : L600 x P600 x H240 mm<\/li>\n<\/ul>\n<ul>\n<li>Poids net : 15 kg\n<\/li>\n<li>Dimensions : B60 x D60 x H24cm<br \/>","protected":false},"excerpt":{"rendered":"<p>Pour un espace de comptoir suppl\u00e9mentaire dans la cuisine professionnelle, utilisez cet espace de travail robuste. Ce comptoir a \u00e9t\u00e9 sp\u00e9cialement d\u00e9velopp\u00e9 pour \u00eatre utilis\u00e9 avec les bases de la s\u00e9rie 600 cookline. Gr\u00e2ce \u00e0 sa construction durable, cet espace de travail est adapt\u00e9 \u00e0 un usage quotidien intensif et peut \u00eatre mont\u00e9 dans une ligne de cuisson.<\/p>","protected":false},"featured_media":6805,"template":"","meta":{"_acf_changed":false},"product_brand":[],"product_cat":[495],"product_tag":[],"class_list":{"0":"post-14028","1":"product","2":"type-product","3":"status-publish","4":"has-post-thumbnail","6":"product_cat-plaques-pianos-de-cuisson-2","8":"first","9":"instock","10":"sale","11":"taxable","12":"shipping-taxable","13":"purchasable","14":"product-type-simple"},"acf":[],"yoast_head":"<!-- This site is optimized with the Yoast SEO plugin v27.5 - https:\/\/yoast.com\/product\/yoast-seo-wordpress\/ -->\n<title>Plan de travail de qualit\u00e9 commerciale - unit\u00e9 double - profondeur 60 cm - Gastora<\/title>\n<meta name=\"description\" content=\"Achetez Plan de travail de qualit\u00e9 commerciale - unit\u00e9 double - profondeur 60 cm au meilleur prix, fiable et performant avec une livraison rapide\" \/>\n<meta name=\"robots\" content=\"index, follow, max-snippet:-1, max-image-preview:large, max-video-preview:-1\" \/>\n<link rel=\"canonical\" href=\"https:\/\/gastora.eu\/en\/product\/plan-de-travail-de-qualit-commerciale-unit-double-profondeur-60-cm\/\" \/>\n<meta property=\"og:locale\" content=\"en_US\" \/>\n<meta property=\"og:type\" content=\"article\" \/>\n<meta property=\"og:title\" content=\"Plan de travail de qualit\u00e9 commerciale - unit\u00e9 double - profondeur 60 cm - Gastora\" \/>\n<meta property=\"og:description\" content=\"Achetez Plan de travail de qualit\u00e9 commerciale - unit\u00e9 double - profondeur 60 cm au meilleur prix, fiable et performant avec une livraison rapide\" \/>\n<meta property=\"og:url\" content=\"https:\/\/gastora.eu\/en\/product\/plan-de-travail-de-qualit-commerciale-unit-double-profondeur-60-cm\/\" \/>\n<meta property=\"og:site_name\" content=\"Gastora\" \/>\n<meta property=\"article:modified_time\" content=\"2026-04-28T16:55:46+00:00\" \/>\n<meta name=\"twitter:card\" content=\"summary_large_image\" \/>\n<meta name=\"twitter:label1\" content=\"Est. reading time\" \/>\n\t<meta name=\"twitter:data1\" content=\"1 minute\" \/>\n<script type=\"application\/ld+json\" class=\"yoast-schema-graph\">{\"@context\":\"https:\\\/\\\/schema.org\",\"@graph\":[{\"@type\":\"WebPage\",\"@id\":\"https:\\\/\\\/gastora.eu\\\/product\\\/plan-de-travail-de-qualit-commerciale-unit-double-profondeur-60-cm\\\/\",\"url\":\"https:\\\/\\\/gastora.eu\\\/product\\\/plan-de-travail-de-qualit-commerciale-unit-double-profondeur-60-cm\\\/\",\"name\":\"Plan de travail de qualit\u00e9 commerciale - unit\u00e9 double - profondeur 60 cm - Gastora\",\"isPartOf\":{\"@id\":\"https:\\\/\\\/gastora.eu\\\/#website\"},\"primaryImageOfPage\":{\"@id\":\"https:\\\/\\\/gastora.eu\\\/product\\\/plan-de-travail-de-qualit-commerciale-unit-double-profondeur-60-cm\\\/#primaryimage\"},\"image\":{\"@id\":\"https:\\\/\\\/gastora.eu\\\/product\\\/plan-de-travail-de-qualit-commerciale-unit-double-profondeur-60-cm\\\/#primaryimage\"},\"thumbnailUrl\":\"https:\\\/\\\/gastora.eu\\\/wp-content\\\/uploads\\\/2026\\\/04\\\/sp-005-61656e912c02f.jpg\",\"datePublished\":\"2026-04-25T17:41:51+00:00\",\"dateModified\":\"2026-04-28T16:55:46+00:00\",\"description\":\"Achetez Plan de travail de qualit\u00e9 commerciale - unit\u00e9 double - profondeur 60 cm au meilleur prix, fiable et performant avec une livraison rapide\",\"breadcrumb\":{\"@id\":\"https:\\\/\\\/gastora.eu\\\/product\\\/plan-de-travail-de-qualit-commerciale-unit-double-profondeur-60-cm\\\/#breadcrumb\"},\"inLanguage\":\"en-US\",\"potentialAction\":[{\"@type\":\"ReadAction\",\"target\":[\"https:\\\/\\\/gastora.eu\\\/product\\\/plan-de-travail-de-qualit-commerciale-unit-double-profondeur-60-cm\\\/\"]}]},{\"@type\":\"ImageObject\",\"inLanguage\":\"en-US\",\"@id\":\"https:\\\/\\\/gastora.eu\\\/product\\\/plan-de-travail-de-qualit-commerciale-unit-double-profondeur-60-cm\\\/#primaryimage\",\"url\":\"https:\\\/\\\/gastora.eu\\\/wp-content\\\/uploads\\\/2026\\\/04\\\/sp-005-61656e912c02f.jpg\",\"contentUrl\":\"https:\\\/\\\/gastora.eu\\\/wp-content\\\/uploads\\\/2026\\\/04\\\/sp-005-61656e912c02f.jpg\",\"width\":1024,\"height\":1024},{\"@type\":\"BreadcrumbList\",\"@id\":\"https:\\\/\\\/gastora.eu\\\/product\\\/plan-de-travail-de-qualit-commerciale-unit-double-profondeur-60-cm\\\/#breadcrumb\",\"itemListElement\":[{\"@type\":\"ListItem\",\"position\":1,\"name\":\"Home\",\"item\":\"https:\\\/\\\/gastora.eu\\\/\"},{\"@type\":\"ListItem\",\"position\":2,\"name\":\"Shop\",\"item\":\"https:\\\/\\\/gastora.eu\\\/shop\\\/\"},{\"@type\":\"ListItem\",\"position\":3,\"name\":\"Plan de travail de qualit\u00e9 commerciale &#8211; unit\u00e9 double &#8211; profondeur 60 cm\"}]},{\"@type\":\"WebSite\",\"@id\":\"https:\\\/\\\/gastora.eu\\\/#website\",\"url\":\"https:\\\/\\\/gastora.eu\\\/\",\"name\":\"Gastora\",\"description\":\"\u00c9quipements professionnels CHR\",\"publisher\":{\"@id\":\"https:\\\/\\\/gastora.eu\\\/#organization\"},\"potentialAction\":[{\"@type\":\"SearchAction\",\"target\":{\"@type\":\"EntryPoint\",\"urlTemplate\":\"https:\\\/\\\/gastora.eu\\\/?s={search_term_string}\"},\"query-input\":{\"@type\":\"PropertyValueSpecification\",\"valueRequired\":true,\"valueName\":\"search_term_string\"}}],\"inLanguage\":\"en-US\"},{\"@type\":\"Organization\",\"@id\":\"https:\\\/\\\/gastora.eu\\\/#organization\",\"name\":\"Gastora\",\"url\":\"https:\\\/\\\/gastora.eu\\\/\",\"logo\":{\"@type\":\"ImageObject\",\"inLanguage\":\"en-US\",\"@id\":\"https:\\\/\\\/gastora.eu\\\/#\\\/schema\\\/logo\\\/image\\\/\",\"url\":\"https:\\\/\\\/gastora.eu\\\/wp-content\\\/uploads\\\/2025\\\/12\\\/ChatGPT-Image-2-janv.-2026-22_52_47-1.png\",\"contentUrl\":\"https:\\\/\\\/gastora.eu\\\/wp-content\\\/uploads\\\/2025\\\/12\\\/ChatGPT-Image-2-janv.-2026-22_52_47-1.png\",\"width\":1536,\"height\":320,\"caption\":\"Gastora\"},\"image\":{\"@id\":\"https:\\\/\\\/gastora.eu\\\/#\\\/schema\\\/logo\\\/image\\\/\"}}]}<\/script>\n<!-- \/ Yoast SEO plugin. -->","yoast_head_json":{"title":"Plan de travail de qualit\u00e9 commerciale - unit\u00e9 double - profondeur 60 cm - Gastora","description":"Achetez Plan de travail de qualit\u00e9 commerciale - unit\u00e9 double - profondeur 60 cm au meilleur prix, fiable et performant avec une livraison rapide","robots":{"index":"index","follow":"follow","max-snippet":"max-snippet:-1","max-image-preview":"max-image-preview:large","max-video-preview":"max-video-preview:-1"},"canonical":"https:\/\/gastora.eu\/en\/product\/plan-de-travail-de-qualit-commerciale-unit-double-profondeur-60-cm\/","og_locale":"en_US","og_type":"article","og_title":"Plan de travail de qualit\u00e9 commerciale - unit\u00e9 double - profondeur 60 cm - Gastora","og_description":"Achetez Plan de travail de qualit\u00e9 commerciale - unit\u00e9 double - profondeur 60 cm au meilleur prix, fiable et performant avec une livraison rapide","og_url":"https:\/\/gastora.eu\/en\/product\/plan-de-travail-de-qualit-commerciale-unit-double-profondeur-60-cm\/","og_site_name":"Gastora","article_modified_time":"2026-04-28T16:55:46+00:00","twitter_card":"summary_large_image","twitter_misc":{"Est. reading time":"1 minute"},"schema":{"@context":"https:\/\/schema.org","@graph":[{"@type":"WebPage","@id":"https:\/\/gastora.eu\/product\/plan-de-travail-de-qualit-commerciale-unit-double-profondeur-60-cm\/","url":"https:\/\/gastora.eu\/product\/plan-de-travail-de-qualit-commerciale-unit-double-profondeur-60-cm\/","name":"Plan de travail de qualit\u00e9 commerciale - unit\u00e9 double - profondeur 60 cm - Gastora","isPartOf":{"@id":"https:\/\/gastora.eu\/#website"},"primaryImageOfPage":{"@id":"https:\/\/gastora.eu\/product\/plan-de-travail-de-qualit-commerciale-unit-double-profondeur-60-cm\/#primaryimage"},"image":{"@id":"https:\/\/gastora.eu\/product\/plan-de-travail-de-qualit-commerciale-unit-double-profondeur-60-cm\/#primaryimage"},"thumbnailUrl":"https:\/\/gastora.eu\/wp-content\/uploads\/2026\/04\/sp-005-61656e912c02f.jpg","datePublished":"2026-04-25T17:41:51+00:00","dateModified":"2026-04-28T16:55:46+00:00","description":"Achetez Plan de travail de qualit\u00e9 commerciale - unit\u00e9 double - profondeur 60 cm au meilleur prix, fiable et performant avec une livraison rapide","breadcrumb":{"@id":"https:\/\/gastora.eu\/product\/plan-de-travail-de-qualit-commerciale-unit-double-profondeur-60-cm\/#breadcrumb"},"inLanguage":"en-US","potentialAction":[{"@type":"ReadAction","target":["https:\/\/gastora.eu\/product\/plan-de-travail-de-qualit-commerciale-unit-double-profondeur-60-cm\/"]}]},{"@type":"ImageObject","inLanguage":"en-US","@id":"https:\/\/gastora.eu\/product\/plan-de-travail-de-qualit-commerciale-unit-double-profondeur-60-cm\/#primaryimage","url":"https:\/\/gastora.eu\/wp-content\/uploads\/2026\/04\/sp-005-61656e912c02f.jpg","contentUrl":"https:\/\/gastora.eu\/wp-content\/uploads\/2026\/04\/sp-005-61656e912c02f.jpg","width":1024,"height":1024},{"@type":"BreadcrumbList","@id":"https:\/\/gastora.eu\/product\/plan-de-travail-de-qualit-commerciale-unit-double-profondeur-60-cm\/#breadcrumb","itemListElement":[{"@type":"ListItem","position":1,"name":"Home","item":"https:\/\/gastora.eu\/"},{"@type":"ListItem","position":2,"name":"Shop","item":"https:\/\/gastora.eu\/shop\/"},{"@type":"ListItem","position":3,"name":"Plan de travail de qualit\u00e9 commerciale &#8211; unit\u00e9 double &#8211; profondeur 60 cm"}]},{"@type":"WebSite","@id":"https:\/\/gastora.eu\/#website","url":"https:\/\/gastora.eu\/","name":"Gastora","description":"\u00c9quipements professionnels CHR","publisher":{"@id":"https:\/\/gastora.eu\/#organization"},"potentialAction":[{"@type":"SearchAction","target":{"@type":"EntryPoint","urlTemplate":"https:\/\/gastora.eu\/?s={search_term_string}"},"query-input":{"@type":"PropertyValueSpecification","valueRequired":true,"valueName":"search_term_string"}}],"inLanguage":"en-US"},{"@type":"Organization","@id":"https:\/\/gastora.eu\/#organization","name":"Gastora","url":"https:\/\/gastora.eu\/","logo":{"@type":"ImageObject","inLanguage":"en-US","@id":"https:\/\/gastora.eu\/#\/schema\/logo\/image\/","url":"https:\/\/gastora.eu\/wp-content\/uploads\/2025\/12\/ChatGPT-Image-2-janv.-2026-22_52_47-1.png","contentUrl":"https:\/\/gastora.eu\/wp-content\/uploads\/2025\/12\/ChatGPT-Image-2-janv.-2026-22_52_47-1.png","width":1536,"height":320,"caption":"Gastora"},"image":{"@id":"https:\/\/gastora.eu\/#\/schema\/logo\/image\/"}}]}},"jetpack_sharing_enabled":true,"_links":{"self":[{"href":"https:\/\/gastora.eu\/en\/wp-json\/wp\/v2\/product\/14028","targetHints":{"allow":["GET"]}}],"collection":[{"href":"https:\/\/gastora.eu\/en\/wp-json\/wp\/v2\/product"}],"about":[{"href":"https:\/\/gastora.eu\/en\/wp-json\/wp\/v2\/types\/product"}],"wp:featuredmedia":[{"embeddable":true,"href":"https:\/\/gastora.eu\/en\/wp-json\/wp\/v2\/media\/6805"}],"wp:attachment":[{"href":"https:\/\/gastora.eu\/en\/wp-json\/wp\/v2\/media?parent=14028"}],"wp:term":[{"taxonomy":"product_brand","embeddable":true,"href":"https:\/\/gastora.eu\/en\/wp-json\/wp\/v2\/product_brand?post=14028"},{"taxonomy":"product_cat","embeddable":true,"href":"https:\/\/gastora.eu\/en\/wp-json\/wp\/v2\/product_cat?post=14028"},{"taxonomy":"product_tag","embeddable":true,"href":"https:\/\/gastora.eu\/en\/wp-json\/wp\/v2\/product_tag?post=14028"}],"curies":[{"name":"wp","href":"https:\/\/api.w.org\/{rel}","templated":true}]}}