{"id":14027,"date":"2026-04-25T17:41:48","date_gmt":"2026-04-25T17:41:48","guid":{"rendered":"https:\/\/gastora.eu\/?post_type=product&#038;p=14027"},"modified":"2026-04-28T16:55:45","modified_gmt":"2026-04-28T16:55:45","slug":"bain-marie-unit-simple-60-cm-avec-robinet-de-vidange-lectrique","status":"publish","type":"product","link":"https:\/\/gastora.eu\/en\/product\/bain-marie-unit-simple-60-cm-avec-robinet-de-vidange-lectrique\/","title":{"rendered":"Bain Marie &#8211; unit\u00e9 simple &#8211; 60 cm &#8211; avec robinet de vidange &#8211; \u00e9lectrique"},"content":{"rendered":"<p>Ce bain-marie professionnel permet de pr\u00e9parer des plats ou de les r\u00e9chauffer progressivement. Vous \u00e9vitez ainsi que les plats pr\u00e9par\u00e9s avec soin ne br\u00fblent ou ne se retrouvent avec des ar\u00f4mes dans l&#8217;assiette. Vous travaillez dans un restaurant, une cantine ou un h\u00f4tel et vous devez maintenir les aliments au chaud pour un grand nombre de personnes ? Dans ce cas, ce bain-marie est \u00e9galement le bienvenu. Vous pouvez placer un r\u00e9cipient GN 1\/1 dans le bain-marie, dans lequel vous mettez les aliments \u00e0 chauffer. Comme l&#8217;eau est chauff\u00e9e \u00e0 l&#8217;ext\u00e9rieur du r\u00e9cipient GN et que sa temp\u00e9rature ne d\u00e9passe pas 80\u00baC, vos aliments ne bouilliront jamais et ne risquent donc pas de br\u00fbler ou de se s\u00e9parer.<\/p>\n<h3>Id\u00e9al pour une utilisation dans une ligne de cuisson<\/h3>\n<p>Gr\u00e2ce \u00e0 ses composants robustes, le bain-marie est con\u00e7u pour un usage intensif. Il est \u00e9galement id\u00e9al pour une utilisation dans le cadre d&#8217;une ligne de cuisson professionnelle. Le r\u00e9servoir d&#8217;eau est en acier inoxydable tremp\u00e9 et pr\u00e9sente des angles arrondis. Vous pouvez remplir le r\u00e9servoir d&#8217;eau manuellement et, gr\u00e2ce au robinet de vidange, vous pouvez vider le r\u00e9servoir tr\u00e8s facilement. Le thermostat de s\u00e9curit\u00e9 peut supporter des temp\u00e9ratures allant jusqu&#8217;\u00e0 80\u00baC. D\u00e8s que le voyant s&#8217;\u00e9teint, l&#8217;eau est \u00e0 temp\u00e9rature et vous pouvez utiliser le bain-marie. Cet appareil est livr\u00e9 sans r\u00e9cipients GN.<\/p>\n<h3>Un nettoyage sans effort<\/h3>\n<p>Ce bain-marie professionnel est non seulement efficace et chauffe rapidement, mais il est aussi facile et rapide \u00e0 nettoyer. Avant de commencer le nettoyage, \u00e9teignez l&#8217;appareil et retirez les r\u00e9cipients GN du r\u00e9servoir. Ces r\u00e9cipients sont compatibles avec le lave-vaisselle et peuvent \u00eatre nettoy\u00e9s en les passant au lave-vaisselle. Soyez prudent lorsque vous nettoyez le reste de l&#8217;appareil, car les gouttes d&#8217;eau peuvent \u00eatre encore chaudes. Vous pouvez vidanger l&#8217;eau manuellement \u00e0 l&#8217;aide du robinet de vidange. Vous pouvez ensuite nettoyer le bain-marie \u00e0 l&#8217;aide d&#8217;un chiffon humide et d&#8217;un peu de d\u00e9tergent doux. Une fois le nettoyage termin\u00e9, essuyez \u00e0 nouveau le bain-marie avec un chiffon doux.<\/p>\n<p><strong>Caract\u00e9ristiques<\/strong><\/p>\n<ul>\n<li>Fabriqu\u00e9 en acier inoxydable<\/li>\n<li>Facile \u00e0 nettoyer<\/li>\n<li>Soud\u00e9 sans couture<\/li>\n<li>Bouton d&#8217;alimentation prot\u00e9g\u00e9<\/li>\n<li>Comprend un robinet de vidange<\/li>\n<li>Chauffage efficace et rapide<\/li>\n<\/ul>\n<p><strong>Caract\u00e9ristiques du produit<\/strong><\/p>\n<ul>\n<li>Poids net : 15 kg<\/li>\n<li>Dimensions : L40 x P60 x H24cm L40 x P60 x H24cm<\/li>\n<li>Plage de temp\u00e9rature : 30-80\u00baC<\/li>\n<li>230V \/ 50Hz \/ 1Phase 1500W<\/li>\n<\/ul>\n<p><strong>Remarque : ce produit est fourni sans fiche.<\/strong><\/p>","protected":false},"excerpt":{"rendered":"<p>Ce bain-marie \u00e9lectrique professionnel (40 x 60 cm) permet de r\u00e9chauffer ou de pr\u00e9parer progressivement des aliments. Il est id\u00e9al pour \u00eatre plac\u00e9 dans une ligne de cuisson dans toute cuisine professionnelle. Il peut accueillir des r\u00e9cipients GN de 1\/1 et comprend un robinet de vidange pratique.<\/p>","protected":false},"featured_media":6803,"template":"","meta":{"_acf_changed":false},"product_brand":[],"product_cat":[495],"product_tag":[],"class_list":{"0":"post-14027","1":"product","2":"type-product","3":"status-publish","4":"has-post-thumbnail","6":"product_cat-plaques-pianos-de-cuisson-2","8":"first","9":"instock","10":"sale","11":"taxable","12":"shipping-taxable","13":"purchasable","14":"product-type-simple"},"acf":[],"yoast_head":"<!-- This site is optimized with the Yoast SEO plugin v27.5 - https:\/\/yoast.com\/product\/yoast-seo-wordpress\/ -->\n<title>Bain Marie - unit\u00e9 simple - 60 cm - avec robinet de vidange - \u00e9lectrique - Gastora<\/title>\n<meta name=\"description\" content=\"Achetez Bain Marie - unit\u00e9 simple - 60 cm - avec robinet de vidange - \u00e9lectrique au meilleur prix, fiable et performant avec une livraison rapide\" \/>\n<meta name=\"robots\" content=\"index, follow, max-snippet:-1, max-image-preview:large, max-video-preview:-1\" \/>\n<link rel=\"canonical\" href=\"https:\/\/gastora.eu\/en\/product\/bain-marie-unit-simple-60-cm-avec-robinet-de-vidange-lectrique\/\" \/>\n<meta property=\"og:locale\" content=\"en_US\" \/>\n<meta property=\"og:type\" content=\"article\" \/>\n<meta property=\"og:title\" content=\"Bain Marie - unit\u00e9 simple - 60 cm - avec robinet de vidange - \u00e9lectrique - Gastora\" \/>\n<meta property=\"og:description\" content=\"Achetez Bain Marie - unit\u00e9 simple - 60 cm - avec robinet de vidange - \u00e9lectrique au meilleur prix, fiable et performant avec une livraison rapide\" \/>\n<meta property=\"og:url\" content=\"https:\/\/gastora.eu\/en\/product\/bain-marie-unit-simple-60-cm-avec-robinet-de-vidange-lectrique\/\" \/>\n<meta property=\"og:site_name\" content=\"Gastora\" \/>\n<meta property=\"article:modified_time\" content=\"2026-04-28T16:55:45+00:00\" \/>\n<meta name=\"twitter:card\" content=\"summary_large_image\" \/>\n<meta name=\"twitter:label1\" content=\"Est. reading time\" \/>\n\t<meta name=\"twitter:data1\" content=\"2 minutes\" \/>\n<script type=\"application\/ld+json\" class=\"yoast-schema-graph\">{\"@context\":\"https:\\\/\\\/schema.org\",\"@graph\":[{\"@type\":\"WebPage\",\"@id\":\"https:\\\/\\\/gastora.eu\\\/product\\\/bain-marie-unit-simple-60-cm-avec-robinet-de-vidange-lectrique\\\/\",\"url\":\"https:\\\/\\\/gastora.eu\\\/product\\\/bain-marie-unit-simple-60-cm-avec-robinet-de-vidange-lectrique\\\/\",\"name\":\"Bain Marie - unit\u00e9 simple - 60 cm - avec robinet de vidange - \u00e9lectrique - Gastora\",\"isPartOf\":{\"@id\":\"https:\\\/\\\/gastora.eu\\\/#website\"},\"primaryImageOfPage\":{\"@id\":\"https:\\\/\\\/gastora.eu\\\/product\\\/bain-marie-unit-simple-60-cm-avec-robinet-de-vidange-lectrique\\\/#primaryimage\"},\"image\":{\"@id\":\"https:\\\/\\\/gastora.eu\\\/product\\\/bain-marie-unit-simple-60-cm-avec-robinet-de-vidange-lectrique\\\/#primaryimage\"},\"thumbnailUrl\":\"https:\\\/\\\/gastora.eu\\\/wp-content\\\/uploads\\\/2026\\\/04\\\/sp-005-61656e9245589.jpg\",\"datePublished\":\"2026-04-25T17:41:48+00:00\",\"dateModified\":\"2026-04-28T16:55:45+00:00\",\"description\":\"Achetez Bain Marie - unit\u00e9 simple - 60 cm - avec robinet de vidange - \u00e9lectrique au meilleur prix, fiable et performant avec une livraison rapide\",\"breadcrumb\":{\"@id\":\"https:\\\/\\\/gastora.eu\\\/product\\\/bain-marie-unit-simple-60-cm-avec-robinet-de-vidange-lectrique\\\/#breadcrumb\"},\"inLanguage\":\"en-US\",\"potentialAction\":[{\"@type\":\"ReadAction\",\"target\":[\"https:\\\/\\\/gastora.eu\\\/product\\\/bain-marie-unit-simple-60-cm-avec-robinet-de-vidange-lectrique\\\/\"]}]},{\"@type\":\"ImageObject\",\"inLanguage\":\"en-US\",\"@id\":\"https:\\\/\\\/gastora.eu\\\/product\\\/bain-marie-unit-simple-60-cm-avec-robinet-de-vidange-lectrique\\\/#primaryimage\",\"url\":\"https:\\\/\\\/gastora.eu\\\/wp-content\\\/uploads\\\/2026\\\/04\\\/sp-005-61656e9245589.jpg\",\"contentUrl\":\"https:\\\/\\\/gastora.eu\\\/wp-content\\\/uploads\\\/2026\\\/04\\\/sp-005-61656e9245589.jpg\",\"width\":1024,\"height\":1024},{\"@type\":\"BreadcrumbList\",\"@id\":\"https:\\\/\\\/gastora.eu\\\/product\\\/bain-marie-unit-simple-60-cm-avec-robinet-de-vidange-lectrique\\\/#breadcrumb\",\"itemListElement\":[{\"@type\":\"ListItem\",\"position\":1,\"name\":\"Home\",\"item\":\"https:\\\/\\\/gastora.eu\\\/\"},{\"@type\":\"ListItem\",\"position\":2,\"name\":\"Shop\",\"item\":\"https:\\\/\\\/gastora.eu\\\/shop\\\/\"},{\"@type\":\"ListItem\",\"position\":3,\"name\":\"Bain Marie &#8211; unit\u00e9 simple &#8211; 60 cm &#8211; avec robinet de vidange &#8211; \u00e9lectrique\"}]},{\"@type\":\"WebSite\",\"@id\":\"https:\\\/\\\/gastora.eu\\\/#website\",\"url\":\"https:\\\/\\\/gastora.eu\\\/\",\"name\":\"Gastora\",\"description\":\"\u00c9quipements professionnels CHR\",\"publisher\":{\"@id\":\"https:\\\/\\\/gastora.eu\\\/#organization\"},\"potentialAction\":[{\"@type\":\"SearchAction\",\"target\":{\"@type\":\"EntryPoint\",\"urlTemplate\":\"https:\\\/\\\/gastora.eu\\\/?s={search_term_string}\"},\"query-input\":{\"@type\":\"PropertyValueSpecification\",\"valueRequired\":true,\"valueName\":\"search_term_string\"}}],\"inLanguage\":\"en-US\"},{\"@type\":\"Organization\",\"@id\":\"https:\\\/\\\/gastora.eu\\\/#organization\",\"name\":\"Gastora\",\"url\":\"https:\\\/\\\/gastora.eu\\\/\",\"logo\":{\"@type\":\"ImageObject\",\"inLanguage\":\"en-US\",\"@id\":\"https:\\\/\\\/gastora.eu\\\/#\\\/schema\\\/logo\\\/image\\\/\",\"url\":\"https:\\\/\\\/gastora.eu\\\/wp-content\\\/uploads\\\/2025\\\/12\\\/ChatGPT-Image-2-janv.-2026-22_52_47-1.png\",\"contentUrl\":\"https:\\\/\\\/gastora.eu\\\/wp-content\\\/uploads\\\/2025\\\/12\\\/ChatGPT-Image-2-janv.-2026-22_52_47-1.png\",\"width\":1536,\"height\":320,\"caption\":\"Gastora\"},\"image\":{\"@id\":\"https:\\\/\\\/gastora.eu\\\/#\\\/schema\\\/logo\\\/image\\\/\"}}]}<\/script>\n<!-- \/ Yoast SEO plugin. -->","yoast_head_json":{"title":"Bain Marie - unit\u00e9 simple - 60 cm - avec robinet de vidange - \u00e9lectrique - Gastora","description":"Achetez Bain Marie - unit\u00e9 simple - 60 cm - avec robinet de vidange - \u00e9lectrique au meilleur prix, fiable et performant avec une livraison rapide","robots":{"index":"index","follow":"follow","max-snippet":"max-snippet:-1","max-image-preview":"max-image-preview:large","max-video-preview":"max-video-preview:-1"},"canonical":"https:\/\/gastora.eu\/en\/product\/bain-marie-unit-simple-60-cm-avec-robinet-de-vidange-lectrique\/","og_locale":"en_US","og_type":"article","og_title":"Bain Marie - unit\u00e9 simple - 60 cm - avec robinet de vidange - \u00e9lectrique - Gastora","og_description":"Achetez Bain Marie - unit\u00e9 simple - 60 cm - avec robinet de vidange - \u00e9lectrique au meilleur prix, fiable et performant avec une livraison rapide","og_url":"https:\/\/gastora.eu\/en\/product\/bain-marie-unit-simple-60-cm-avec-robinet-de-vidange-lectrique\/","og_site_name":"Gastora","article_modified_time":"2026-04-28T16:55:45+00:00","twitter_card":"summary_large_image","twitter_misc":{"Est. reading time":"2 minutes"},"schema":{"@context":"https:\/\/schema.org","@graph":[{"@type":"WebPage","@id":"https:\/\/gastora.eu\/product\/bain-marie-unit-simple-60-cm-avec-robinet-de-vidange-lectrique\/","url":"https:\/\/gastora.eu\/product\/bain-marie-unit-simple-60-cm-avec-robinet-de-vidange-lectrique\/","name":"Bain Marie - unit\u00e9 simple - 60 cm - avec robinet de vidange - \u00e9lectrique - Gastora","isPartOf":{"@id":"https:\/\/gastora.eu\/#website"},"primaryImageOfPage":{"@id":"https:\/\/gastora.eu\/product\/bain-marie-unit-simple-60-cm-avec-robinet-de-vidange-lectrique\/#primaryimage"},"image":{"@id":"https:\/\/gastora.eu\/product\/bain-marie-unit-simple-60-cm-avec-robinet-de-vidange-lectrique\/#primaryimage"},"thumbnailUrl":"https:\/\/gastora.eu\/wp-content\/uploads\/2026\/04\/sp-005-61656e9245589.jpg","datePublished":"2026-04-25T17:41:48+00:00","dateModified":"2026-04-28T16:55:45+00:00","description":"Achetez Bain Marie - unit\u00e9 simple - 60 cm - avec robinet de vidange - \u00e9lectrique au meilleur prix, fiable et performant avec une livraison rapide","breadcrumb":{"@id":"https:\/\/gastora.eu\/product\/bain-marie-unit-simple-60-cm-avec-robinet-de-vidange-lectrique\/#breadcrumb"},"inLanguage":"en-US","potentialAction":[{"@type":"ReadAction","target":["https:\/\/gastora.eu\/product\/bain-marie-unit-simple-60-cm-avec-robinet-de-vidange-lectrique\/"]}]},{"@type":"ImageObject","inLanguage":"en-US","@id":"https:\/\/gastora.eu\/product\/bain-marie-unit-simple-60-cm-avec-robinet-de-vidange-lectrique\/#primaryimage","url":"https:\/\/gastora.eu\/wp-content\/uploads\/2026\/04\/sp-005-61656e9245589.jpg","contentUrl":"https:\/\/gastora.eu\/wp-content\/uploads\/2026\/04\/sp-005-61656e9245589.jpg","width":1024,"height":1024},{"@type":"BreadcrumbList","@id":"https:\/\/gastora.eu\/product\/bain-marie-unit-simple-60-cm-avec-robinet-de-vidange-lectrique\/#breadcrumb","itemListElement":[{"@type":"ListItem","position":1,"name":"Home","item":"https:\/\/gastora.eu\/"},{"@type":"ListItem","position":2,"name":"Shop","item":"https:\/\/gastora.eu\/shop\/"},{"@type":"ListItem","position":3,"name":"Bain Marie &#8211; unit\u00e9 simple &#8211; 60 cm &#8211; avec robinet de vidange &#8211; \u00e9lectrique"}]},{"@type":"WebSite","@id":"https:\/\/gastora.eu\/#website","url":"https:\/\/gastora.eu\/","name":"Gastora","description":"\u00c9quipements professionnels CHR","publisher":{"@id":"https:\/\/gastora.eu\/#organization"},"potentialAction":[{"@type":"SearchAction","target":{"@type":"EntryPoint","urlTemplate":"https:\/\/gastora.eu\/?s={search_term_string}"},"query-input":{"@type":"PropertyValueSpecification","valueRequired":true,"valueName":"search_term_string"}}],"inLanguage":"en-US"},{"@type":"Organization","@id":"https:\/\/gastora.eu\/#organization","name":"Gastora","url":"https:\/\/gastora.eu\/","logo":{"@type":"ImageObject","inLanguage":"en-US","@id":"https:\/\/gastora.eu\/#\/schema\/logo\/image\/","url":"https:\/\/gastora.eu\/wp-content\/uploads\/2025\/12\/ChatGPT-Image-2-janv.-2026-22_52_47-1.png","contentUrl":"https:\/\/gastora.eu\/wp-content\/uploads\/2025\/12\/ChatGPT-Image-2-janv.-2026-22_52_47-1.png","width":1536,"height":320,"caption":"Gastora"},"image":{"@id":"https:\/\/gastora.eu\/#\/schema\/logo\/image\/"}}]}},"jetpack_sharing_enabled":true,"_links":{"self":[{"href":"https:\/\/gastora.eu\/en\/wp-json\/wp\/v2\/product\/14027","targetHints":{"allow":["GET"]}}],"collection":[{"href":"https:\/\/gastora.eu\/en\/wp-json\/wp\/v2\/product"}],"about":[{"href":"https:\/\/gastora.eu\/en\/wp-json\/wp\/v2\/types\/product"}],"wp:featuredmedia":[{"embeddable":true,"href":"https:\/\/gastora.eu\/en\/wp-json\/wp\/v2\/media\/6803"}],"wp:attachment":[{"href":"https:\/\/gastora.eu\/en\/wp-json\/wp\/v2\/media?parent=14027"}],"wp:term":[{"taxonomy":"product_brand","embeddable":true,"href":"https:\/\/gastora.eu\/en\/wp-json\/wp\/v2\/product_brand?post=14027"},{"taxonomy":"product_cat","embeddable":true,"href":"https:\/\/gastora.eu\/en\/wp-json\/wp\/v2\/product_cat?post=14027"},{"taxonomy":"product_tag","embeddable":true,"href":"https:\/\/gastora.eu\/en\/wp-json\/wp\/v2\/product_tag?post=14027"}],"curies":[{"name":"wp","href":"https:\/\/api.w.org\/{rel}","templated":true}]}}