{"id":14026,"date":"2026-04-25T17:41:47","date_gmt":"2026-04-25T17:41:47","guid":{"rendered":"https:\/\/gastora.eu\/?post_type=product&#038;p=14026"},"modified":"2026-04-28T16:55:45","modified_gmt":"2026-04-28T16:55:45","slug":"rchauffeur-de-frites-de-qualit-commerciale-unit-simple-profondeur-60-cm-lectrique","status":"publish","type":"product","link":"https:\/\/gastora.eu\/en\/product\/rchauffeur-de-frites-de-qualit-commerciale-unit-simple-profondeur-60-cm-lectrique\/","title":{"rendered":"R\u00e9chauffeur de frites de qualit\u00e9 commerciale &#8211; unit\u00e9 simple &#8211; profondeur 60 cm &#8211; \u00e9lectrique"},"content":{"rendered":"<p>Vous pouvez utiliser ce chauffe-frites professionnel en combinaison avec une friteuse. De cette mani\u00e8re, vous pouvez r\u00e9cup\u00e9rer l&#8217;exc\u00e8s d&#8217;huile des frites dans le r\u00e9cipient de 29 x 32 cm. Le r\u00e9cipient a une capacit\u00e9 de 1kg de frites. L&#8217;unit\u00e9 de r\u00e9chauffement est dot\u00e9e d&#8217;un \u00e9l\u00e9ment chauffant infrarouge \u00e0 l&#8217;arri\u00e8re qui augmente la dur\u00e9e de conservation des frites. Le bac de r\u00e9cup\u00e9ration des graisses est fabriqu\u00e9 en acier inoxydable embouti et poss\u00e8de des coins arrondis afin que la graisse, le sel et les r\u00e9sidus alimentaires ne puissent pas s&#8217;accumuler dans les coins <\/p>\n<h3>R\u00e9cup\u00e9ration simple des frites<\/h3>\n<p>Si vous faites des frites de mani\u00e8re intensive dans une cuisine professionnelle, ce r\u00e9chaud est indispensable. Vous pouvez facilement placer l&#8217;unit\u00e9 de r\u00e9chauffement sur une table ou un comptoir, mais pour une friture vraiment efficace, vous placez l&#8217;unit\u00e9 dans une ligne de cuisson. Le faux fond est perfor\u00e9 et fa\u00e7onn\u00e9 pour faciliter l&#8217;\u00e9copage des frites.<\/p>\n<h3>Unit\u00e9 de chauffage de frites sans entretien<\/h3>\n<p>Cette unit\u00e9 professionnelle de chauffage des frites n\u00e9cessite peu d&#8217;entretien et, gr\u00e2ce \u00e0 sa conception hygi\u00e9nique, se nettoie \u00e9galement rapidement. Le dessus soud\u00e9 sans soudure et les surfaces en acier inoxydable sont faciles \u00e0 nettoyer avec un chiffon doux, de l&#8217;eau chaude et de l&#8217;eau savonneuse. Ses composants robustes et sa construction durable signifient qu&#8217;il durera des ann\u00e9es dans toute cuisine professionnelle.<\/p>\n<ul>\n<li>Qualit\u00e9 commerciale &#8211; Unit\u00e9 de r\u00e9chauffage des frites &#8211; \u00e9lectrique &#8211; 40 x 60 cm<\/li>\n<li>Bo\u00eetier et dessus enti\u00e8rement en acier inoxydable<\/li>\n<li>Plateau \u00e0 graisse en acier inoxydable embouti avec coins arrondis<\/li>\n<li>Recommand\u00e9 pour une utilisation avec la friteuse afin de collecter l&#8217;exc\u00e8s d&#8217;huile dans le r\u00e9cipient<\/li>\n<li>Dur\u00e9e de conservation accrue gr\u00e2ce \u00e0 l&#8217;\u00e9l\u00e9ment chauffant infrarouge \u00e0 l&#8217;arri\u00e8re<\/li>\n<li>Faux fond perfor\u00e9 form\u00e9 pour faciliter l&#8217;\u00e9copage des frites<\/li>\n<li>Dessus soud\u00e9 sans soudure<\/li>\n<li>Composants lourds<\/li>\n<li>Construction tr\u00e8s durable<\/li>\n<li>Conception hygi\u00e9nique<\/li>\n<li>Facile \u00e0 nettoyer<\/li>\n<li>Design ergonomique\n<\/li>\n<li>Capacit\u00e9 frites : 1 kg<\/li>\n<li>Poids net : 15 kg<\/li>\n<li>Dimensions : L400 x P600 x H370 mm<\/li>\n<li>230V \/ 50Hz \/ 1Phase 1000 Watt<\/li>\n<\/ul>\n<p><strong>Ce produit est fourni sans fiche<\/strong><\/p>\n<ul>\n<li>Poids net : 15 kg\n<\/li>\n<li>Dimensions : B40 x D60 x H37cm\n<\/li>\n<li>Capacit\u00e9 en frites : 1kg\n<\/li>\n<li>230V \/ 50Hz \/ 1Phase 1000W<br \/>","protected":false},"excerpt":{"rendered":"<p>Cette plaque chauffante de restauration permet de maintenir les frites au chaud dans son r\u00e9cipient de 29 x 32 cm. Gr\u00e2ce \u00e0 sa haute qualit\u00e9, ce r\u00e9chaud est adapt\u00e9 \u00e0 une utilisation quotidienne intensive. Les surfaces en acier inoxydable sont faciles \u00e0 nettoyer et vous pouvez installer le r\u00e9chaud dans une ligne de cuisson.<\/p>","protected":false},"featured_media":6801,"template":"","meta":{"_acf_changed":false},"product_brand":[],"product_cat":[495],"product_tag":[],"class_list":{"0":"post-14026","1":"product","2":"type-product","3":"status-publish","4":"has-post-thumbnail","6":"product_cat-plaques-pianos-de-cuisson-2","8":"first","9":"instock","10":"sale","11":"taxable","12":"shipping-taxable","13":"purchasable","14":"product-type-simple"},"acf":[],"yoast_head":"<!-- This site is optimized with the Yoast SEO plugin v27.5 - https:\/\/yoast.com\/product\/yoast-seo-wordpress\/ -->\n<title>R\u00e9chauffeur de frites de qualit\u00e9 commerciale - unit\u00e9 simple - profondeur 60 cm - \u00e9lectrique - Gastora<\/title>\n<meta name=\"description\" content=\"Achetez R\u00e9chauffeur de frites de qualit\u00e9 commerciale - unit\u00e9 simple - profondeur 60 cm - \u00e9lectrique au meilleur prix, fiable et performant avec une livraison rapide\" \/>\n<meta name=\"robots\" content=\"index, follow, max-snippet:-1, max-image-preview:large, max-video-preview:-1\" \/>\n<link rel=\"canonical\" href=\"https:\/\/gastora.eu\/en\/product\/rchauffeur-de-frites-de-qualit-commerciale-unit-simple-profondeur-60-cm-lectrique\/\" \/>\n<meta property=\"og:locale\" content=\"en_US\" \/>\n<meta property=\"og:type\" content=\"article\" \/>\n<meta property=\"og:title\" content=\"R\u00e9chauffeur de frites de qualit\u00e9 commerciale - unit\u00e9 simple - profondeur 60 cm - \u00e9lectrique - Gastora\" \/>\n<meta property=\"og:description\" content=\"Achetez R\u00e9chauffeur de frites de qualit\u00e9 commerciale - unit\u00e9 simple - profondeur 60 cm - \u00e9lectrique au meilleur prix, fiable et performant avec une livraison rapide\" \/>\n<meta property=\"og:url\" content=\"https:\/\/gastora.eu\/en\/product\/rchauffeur-de-frites-de-qualit-commerciale-unit-simple-profondeur-60-cm-lectrique\/\" \/>\n<meta property=\"og:site_name\" content=\"Gastora\" \/>\n<meta property=\"article:modified_time\" content=\"2026-04-28T16:55:45+00:00\" \/>\n<meta name=\"twitter:card\" content=\"summary_large_image\" \/>\n<meta name=\"twitter:label1\" content=\"Est. reading time\" \/>\n\t<meta name=\"twitter:data1\" content=\"2 minutes\" \/>\n<script type=\"application\/ld+json\" class=\"yoast-schema-graph\">{\"@context\":\"https:\\\/\\\/schema.org\",\"@graph\":[{\"@type\":\"WebPage\",\"@id\":\"https:\\\/\\\/gastora.eu\\\/product\\\/rchauffeur-de-frites-de-qualit-commerciale-unit-simple-profondeur-60-cm-lectrique\\\/\",\"url\":\"https:\\\/\\\/gastora.eu\\\/product\\\/rchauffeur-de-frites-de-qualit-commerciale-unit-simple-profondeur-60-cm-lectrique\\\/\",\"name\":\"R\u00e9chauffeur de frites de qualit\u00e9 commerciale - unit\u00e9 simple - profondeur 60 cm - \u00e9lectrique - Gastora\",\"isPartOf\":{\"@id\":\"https:\\\/\\\/gastora.eu\\\/#website\"},\"primaryImageOfPage\":{\"@id\":\"https:\\\/\\\/gastora.eu\\\/product\\\/rchauffeur-de-frites-de-qualit-commerciale-unit-simple-profondeur-60-cm-lectrique\\\/#primaryimage\"},\"image\":{\"@id\":\"https:\\\/\\\/gastora.eu\\\/product\\\/rchauffeur-de-frites-de-qualit-commerciale-unit-simple-profondeur-60-cm-lectrique\\\/#primaryimage\"},\"thumbnailUrl\":\"https:\\\/\\\/gastora.eu\\\/wp-content\\\/uploads\\\/2026\\\/04\\\/sp-005-61656e9253891.jpg\",\"datePublished\":\"2026-04-25T17:41:47+00:00\",\"dateModified\":\"2026-04-28T16:55:45+00:00\",\"description\":\"Achetez R\u00e9chauffeur de frites de qualit\u00e9 commerciale - unit\u00e9 simple - profondeur 60 cm - \u00e9lectrique au meilleur prix, fiable et performant avec une livraison rapide\",\"breadcrumb\":{\"@id\":\"https:\\\/\\\/gastora.eu\\\/product\\\/rchauffeur-de-frites-de-qualit-commerciale-unit-simple-profondeur-60-cm-lectrique\\\/#breadcrumb\"},\"inLanguage\":\"en-US\",\"potentialAction\":[{\"@type\":\"ReadAction\",\"target\":[\"https:\\\/\\\/gastora.eu\\\/product\\\/rchauffeur-de-frites-de-qualit-commerciale-unit-simple-profondeur-60-cm-lectrique\\\/\"]}]},{\"@type\":\"ImageObject\",\"inLanguage\":\"en-US\",\"@id\":\"https:\\\/\\\/gastora.eu\\\/product\\\/rchauffeur-de-frites-de-qualit-commerciale-unit-simple-profondeur-60-cm-lectrique\\\/#primaryimage\",\"url\":\"https:\\\/\\\/gastora.eu\\\/wp-content\\\/uploads\\\/2026\\\/04\\\/sp-005-61656e9253891.jpg\",\"contentUrl\":\"https:\\\/\\\/gastora.eu\\\/wp-content\\\/uploads\\\/2026\\\/04\\\/sp-005-61656e9253891.jpg\",\"width\":1024,\"height\":1024},{\"@type\":\"BreadcrumbList\",\"@id\":\"https:\\\/\\\/gastora.eu\\\/product\\\/rchauffeur-de-frites-de-qualit-commerciale-unit-simple-profondeur-60-cm-lectrique\\\/#breadcrumb\",\"itemListElement\":[{\"@type\":\"ListItem\",\"position\":1,\"name\":\"Home\",\"item\":\"https:\\\/\\\/gastora.eu\\\/\"},{\"@type\":\"ListItem\",\"position\":2,\"name\":\"Shop\",\"item\":\"https:\\\/\\\/gastora.eu\\\/shop\\\/\"},{\"@type\":\"ListItem\",\"position\":3,\"name\":\"R\u00e9chauffeur de frites de qualit\u00e9 commerciale &#8211; unit\u00e9 simple &#8211; profondeur 60 cm &#8211; \u00e9lectrique\"}]},{\"@type\":\"WebSite\",\"@id\":\"https:\\\/\\\/gastora.eu\\\/#website\",\"url\":\"https:\\\/\\\/gastora.eu\\\/\",\"name\":\"Gastora\",\"description\":\"\u00c9quipements professionnels CHR\",\"publisher\":{\"@id\":\"https:\\\/\\\/gastora.eu\\\/#organization\"},\"potentialAction\":[{\"@type\":\"SearchAction\",\"target\":{\"@type\":\"EntryPoint\",\"urlTemplate\":\"https:\\\/\\\/gastora.eu\\\/?s={search_term_string}\"},\"query-input\":{\"@type\":\"PropertyValueSpecification\",\"valueRequired\":true,\"valueName\":\"search_term_string\"}}],\"inLanguage\":\"en-US\"},{\"@type\":\"Organization\",\"@id\":\"https:\\\/\\\/gastora.eu\\\/#organization\",\"name\":\"Gastora\",\"url\":\"https:\\\/\\\/gastora.eu\\\/\",\"logo\":{\"@type\":\"ImageObject\",\"inLanguage\":\"en-US\",\"@id\":\"https:\\\/\\\/gastora.eu\\\/#\\\/schema\\\/logo\\\/image\\\/\",\"url\":\"https:\\\/\\\/gastora.eu\\\/wp-content\\\/uploads\\\/2025\\\/12\\\/ChatGPT-Image-2-janv.-2026-22_52_47-1.png\",\"contentUrl\":\"https:\\\/\\\/gastora.eu\\\/wp-content\\\/uploads\\\/2025\\\/12\\\/ChatGPT-Image-2-janv.-2026-22_52_47-1.png\",\"width\":1536,\"height\":320,\"caption\":\"Gastora\"},\"image\":{\"@id\":\"https:\\\/\\\/gastora.eu\\\/#\\\/schema\\\/logo\\\/image\\\/\"}}]}<\/script>\n<!-- \/ Yoast SEO plugin. -->","yoast_head_json":{"title":"R\u00e9chauffeur de frites de qualit\u00e9 commerciale - unit\u00e9 simple - profondeur 60 cm - \u00e9lectrique - Gastora","description":"Achetez R\u00e9chauffeur de frites de qualit\u00e9 commerciale - unit\u00e9 simple - profondeur 60 cm - \u00e9lectrique au meilleur prix, fiable et performant avec une livraison rapide","robots":{"index":"index","follow":"follow","max-snippet":"max-snippet:-1","max-image-preview":"max-image-preview:large","max-video-preview":"max-video-preview:-1"},"canonical":"https:\/\/gastora.eu\/en\/product\/rchauffeur-de-frites-de-qualit-commerciale-unit-simple-profondeur-60-cm-lectrique\/","og_locale":"en_US","og_type":"article","og_title":"R\u00e9chauffeur de frites de qualit\u00e9 commerciale - unit\u00e9 simple - profondeur 60 cm - \u00e9lectrique - Gastora","og_description":"Achetez R\u00e9chauffeur de frites de qualit\u00e9 commerciale - unit\u00e9 simple - profondeur 60 cm - \u00e9lectrique au meilleur prix, fiable et performant avec une livraison rapide","og_url":"https:\/\/gastora.eu\/en\/product\/rchauffeur-de-frites-de-qualit-commerciale-unit-simple-profondeur-60-cm-lectrique\/","og_site_name":"Gastora","article_modified_time":"2026-04-28T16:55:45+00:00","twitter_card":"summary_large_image","twitter_misc":{"Est. reading time":"2 minutes"},"schema":{"@context":"https:\/\/schema.org","@graph":[{"@type":"WebPage","@id":"https:\/\/gastora.eu\/product\/rchauffeur-de-frites-de-qualit-commerciale-unit-simple-profondeur-60-cm-lectrique\/","url":"https:\/\/gastora.eu\/product\/rchauffeur-de-frites-de-qualit-commerciale-unit-simple-profondeur-60-cm-lectrique\/","name":"R\u00e9chauffeur de frites de qualit\u00e9 commerciale - unit\u00e9 simple - profondeur 60 cm - \u00e9lectrique - Gastora","isPartOf":{"@id":"https:\/\/gastora.eu\/#website"},"primaryImageOfPage":{"@id":"https:\/\/gastora.eu\/product\/rchauffeur-de-frites-de-qualit-commerciale-unit-simple-profondeur-60-cm-lectrique\/#primaryimage"},"image":{"@id":"https:\/\/gastora.eu\/product\/rchauffeur-de-frites-de-qualit-commerciale-unit-simple-profondeur-60-cm-lectrique\/#primaryimage"},"thumbnailUrl":"https:\/\/gastora.eu\/wp-content\/uploads\/2026\/04\/sp-005-61656e9253891.jpg","datePublished":"2026-04-25T17:41:47+00:00","dateModified":"2026-04-28T16:55:45+00:00","description":"Achetez R\u00e9chauffeur de frites de qualit\u00e9 commerciale - unit\u00e9 simple - profondeur 60 cm - \u00e9lectrique au meilleur prix, fiable et performant avec une livraison rapide","breadcrumb":{"@id":"https:\/\/gastora.eu\/product\/rchauffeur-de-frites-de-qualit-commerciale-unit-simple-profondeur-60-cm-lectrique\/#breadcrumb"},"inLanguage":"en-US","potentialAction":[{"@type":"ReadAction","target":["https:\/\/gastora.eu\/product\/rchauffeur-de-frites-de-qualit-commerciale-unit-simple-profondeur-60-cm-lectrique\/"]}]},{"@type":"ImageObject","inLanguage":"en-US","@id":"https:\/\/gastora.eu\/product\/rchauffeur-de-frites-de-qualit-commerciale-unit-simple-profondeur-60-cm-lectrique\/#primaryimage","url":"https:\/\/gastora.eu\/wp-content\/uploads\/2026\/04\/sp-005-61656e9253891.jpg","contentUrl":"https:\/\/gastora.eu\/wp-content\/uploads\/2026\/04\/sp-005-61656e9253891.jpg","width":1024,"height":1024},{"@type":"BreadcrumbList","@id":"https:\/\/gastora.eu\/product\/rchauffeur-de-frites-de-qualit-commerciale-unit-simple-profondeur-60-cm-lectrique\/#breadcrumb","itemListElement":[{"@type":"ListItem","position":1,"name":"Home","item":"https:\/\/gastora.eu\/"},{"@type":"ListItem","position":2,"name":"Shop","item":"https:\/\/gastora.eu\/shop\/"},{"@type":"ListItem","position":3,"name":"R\u00e9chauffeur de frites de qualit\u00e9 commerciale &#8211; unit\u00e9 simple &#8211; profondeur 60 cm &#8211; \u00e9lectrique"}]},{"@type":"WebSite","@id":"https:\/\/gastora.eu\/#website","url":"https:\/\/gastora.eu\/","name":"Gastora","description":"\u00c9quipements professionnels CHR","publisher":{"@id":"https:\/\/gastora.eu\/#organization"},"potentialAction":[{"@type":"SearchAction","target":{"@type":"EntryPoint","urlTemplate":"https:\/\/gastora.eu\/?s={search_term_string}"},"query-input":{"@type":"PropertyValueSpecification","valueRequired":true,"valueName":"search_term_string"}}],"inLanguage":"en-US"},{"@type":"Organization","@id":"https:\/\/gastora.eu\/#organization","name":"Gastora","url":"https:\/\/gastora.eu\/","logo":{"@type":"ImageObject","inLanguage":"en-US","@id":"https:\/\/gastora.eu\/#\/schema\/logo\/image\/","url":"https:\/\/gastora.eu\/wp-content\/uploads\/2025\/12\/ChatGPT-Image-2-janv.-2026-22_52_47-1.png","contentUrl":"https:\/\/gastora.eu\/wp-content\/uploads\/2025\/12\/ChatGPT-Image-2-janv.-2026-22_52_47-1.png","width":1536,"height":320,"caption":"Gastora"},"image":{"@id":"https:\/\/gastora.eu\/#\/schema\/logo\/image\/"}}]}},"jetpack_sharing_enabled":true,"_links":{"self":[{"href":"https:\/\/gastora.eu\/en\/wp-json\/wp\/v2\/product\/14026","targetHints":{"allow":["GET"]}}],"collection":[{"href":"https:\/\/gastora.eu\/en\/wp-json\/wp\/v2\/product"}],"about":[{"href":"https:\/\/gastora.eu\/en\/wp-json\/wp\/v2\/types\/product"}],"wp:featuredmedia":[{"embeddable":true,"href":"https:\/\/gastora.eu\/en\/wp-json\/wp\/v2\/media\/6801"}],"wp:attachment":[{"href":"https:\/\/gastora.eu\/en\/wp-json\/wp\/v2\/media?parent=14026"}],"wp:term":[{"taxonomy":"product_brand","embeddable":true,"href":"https:\/\/gastora.eu\/en\/wp-json\/wp\/v2\/product_brand?post=14026"},{"taxonomy":"product_cat","embeddable":true,"href":"https:\/\/gastora.eu\/en\/wp-json\/wp\/v2\/product_cat?post=14026"},{"taxonomy":"product_tag","embeddable":true,"href":"https:\/\/gastora.eu\/en\/wp-json\/wp\/v2\/product_tag?post=14026"}],"curies":[{"name":"wp","href":"https:\/\/api.w.org\/{rel}","templated":true}]}}