{"id":14025,"date":"2026-04-25T17:41:46","date_gmt":"2026-04-25T17:41:46","guid":{"rendered":"https:\/\/gastora.eu\/?post_type=product&#038;p=14025"},"modified":"2026-04-28T16:55:45","modified_gmt":"2026-04-28T16:55:45","slug":"cuiseur-de-ptes-de-qualit-commerciale-15-l-unit-simple-profondeur-60-cm-lectrique","status":"publish","type":"product","link":"https:\/\/gastora.eu\/en\/product\/cuiseur-de-ptes-de-qualit-commerciale-15-l-unit-simple-profondeur-60-cm-lectrique\/","title":{"rendered":"Cuiseur de p\u00e2tes de qualit\u00e9 commerciale &#8211; 15 L &#8211; unit\u00e9 simple &#8211; profondeur 60 cm &#8211; \u00e9lectrique"},"content":{"rendered":"<p>En quelques minutes, vous pouvez servir les plats de p\u00e2tes les plus d\u00e9licieux dans votre restaurant, caf\u00e9 ou pizzeria. Ce cuiseur de p\u00e2tes a une capacit\u00e9 de 15 litres et dispose de trois paniers en acier inoxydable. Cela vous permet de cuire plusieurs types de p\u00e2tes en m\u00eame temps. Vous pouvez \u00e9galement utiliser cet appareil pour cuire des pommes de terre, du riz et des l\u00e9gumes. Le bac \u00e0 eau est en acier inoxydable embouti et a des angles arrondis. Les paniers \u00e0 p\u00e2tes sont dot\u00e9s de fines perforations et sont tr\u00e8s robustes. La construction durable et les composants robustes de ce cuiseur \u00e0 p\u00e2tes lui permettent de r\u00e9sister \u00e0 une utilisation intensive.<\/p>\n<h3>Convient pour le montage dans une ligne de cuisson<\/h3>\n<p>Si vous souhaitez remplir le bassin d&#8217;eau, vous pouvez le faire facilement gr\u00e2ce \u00e0 l&#8217;arriv\u00e9e d&#8217;eau froide dot\u00e9e d&#8217;une \u00e9lectrovanne. Le dessus du cuiseur de p\u00e2tes est soud\u00e9 sans joints, de sorte que la salet\u00e9 ne peut pas s&#8217;accumuler dans les coins. L&#8217;eau peut \u00eatre vid\u00e9e facilement et rapidement \u00e0 l&#8217;aide du bouton manuel. Gr\u00e2ce au thermostat de s\u00e9curit\u00e9, vous pouvez r\u00e9gler la temp\u00e9rature entre 30 et 110\u00baC. Gr\u00e2ce \u00e0 sa taille compacte, vous pouvez placer ce cuiseur de p\u00e2tes sur une table ou un comptoir. Pour une position de travail ergonomique, vous pouvez \u00e9galement commander un support sur lequel il s&#8217;adapte parfaitement.<\/p>\n<h3>Fabriqu\u00e9 en acier inoxydable de haute qualit\u00e9<\/h3>\n<p>Ce cuiseur de p\u00e2tes robuste est fabriqu\u00e9 en acier inoxydable et, gr\u00e2ce \u00e0 ses surfaces lisses, il est facile \u00e0 nettoyer. Les paniers sont amovibles et peuvent \u00eatre nettoy\u00e9s s\u00e9par\u00e9ment \u00e0 l&#8217;aide d&#8217;un chiffon humide, d&#8217;eau chaude et d&#8217;un d\u00e9tergent doux. Rincez bien les paniers avant de les remettre en place et essuyez le bo\u00eetier avec un chiffon doux<\/p>\n<p><strong>Caract\u00e9ristiques<\/strong><\/p>\n<ul>\n<li>Paniers \u00e0 p\u00e2tes robustes en acier inoxydable, finement perfor\u00e9s<\/li>\n<li>Dessus soud\u00e9 sans joints<\/li>\n<li>Alimentation en eau froide par \u00e9lectrovanne<\/li>\n<li>Vidange facile et rapide gr\u00e2ce au bouton manuel<\/li>\n<li>Thermostat de s\u00e9curit\u00e9 30 \u00b0 &#8211; 110 \u00b0<\/li>\n<\/ul>\n<p><strong>Caract\u00e9ristiques du produit<\/strong><\/p>\n<ul>\n<li>Poids net : 19 kg<\/li>\n<li>Dimensions : B40 x D60 x H24cm<\/li>\n<li>Capacit\u00e9 : 15L<\/li>\n<li>Taille du panier : petit B13,5 x D13,5 x H17 \/ grand B27,5 x D9 x H17cm<\/li>\n<li>230V\/50Hz\/1Phase 3400W<\/li>\n<\/ul>","protected":false},"excerpt":{"rendered":"<p>Ce cuiseur de p\u00e2tes professionnel dispose de trois paniers en acier inoxydable pour cuire les p\u00e2tes s\u00e9par\u00e9ment. Le cuiseur de p\u00e2tes a une capacit\u00e9 de 15 litres et peut \u00eatre plac\u00e9 dans une ligne de cuisson.<\/p>","protected":false},"featured_media":6799,"template":"","meta":{"_acf_changed":false},"product_brand":[],"product_cat":[495],"product_tag":[],"class_list":{"0":"post-14025","1":"product","2":"type-product","3":"status-publish","4":"has-post-thumbnail","6":"product_cat-plaques-pianos-de-cuisson-2","8":"first","9":"instock","10":"sale","11":"taxable","12":"shipping-taxable","13":"purchasable","14":"product-type-simple"},"acf":[],"yoast_head":"<!-- This site is optimized with the Yoast SEO plugin v27.5 - https:\/\/yoast.com\/product\/yoast-seo-wordpress\/ -->\n<title>Cuiseur de p\u00e2tes de qualit\u00e9 commerciale - 15 L - unit\u00e9 simple - profondeur 60 cm - \u00e9lectrique - Gastora<\/title>\n<meta name=\"description\" content=\"Achetez Cuiseur de p\u00e2tes de qualit\u00e9 commerciale - 15 L - unit\u00e9 simple - profondeur 60 cm - \u00e9lectrique au meilleur prix, fiable et performant avec une livraison rapide\" \/>\n<meta name=\"robots\" content=\"index, follow, max-snippet:-1, max-image-preview:large, max-video-preview:-1\" \/>\n<link rel=\"canonical\" href=\"https:\/\/gastora.eu\/en\/product\/cuiseur-de-ptes-de-qualit-commerciale-15-l-unit-simple-profondeur-60-cm-lectrique\/\" \/>\n<meta property=\"og:locale\" content=\"en_US\" \/>\n<meta property=\"og:type\" content=\"article\" \/>\n<meta property=\"og:title\" content=\"Cuiseur de p\u00e2tes de qualit\u00e9 commerciale - 15 L - unit\u00e9 simple - profondeur 60 cm - \u00e9lectrique - Gastora\" \/>\n<meta property=\"og:description\" content=\"Achetez Cuiseur de p\u00e2tes de qualit\u00e9 commerciale - 15 L - unit\u00e9 simple - profondeur 60 cm - \u00e9lectrique au meilleur prix, fiable et performant avec une livraison rapide\" \/>\n<meta property=\"og:url\" content=\"https:\/\/gastora.eu\/en\/product\/cuiseur-de-ptes-de-qualit-commerciale-15-l-unit-simple-profondeur-60-cm-lectrique\/\" \/>\n<meta property=\"og:site_name\" content=\"Gastora\" \/>\n<meta property=\"article:modified_time\" content=\"2026-04-28T16:55:45+00:00\" \/>\n<meta name=\"twitter:card\" content=\"summary_large_image\" \/>\n<meta name=\"twitter:label1\" content=\"Est. reading time\" \/>\n\t<meta name=\"twitter:data1\" content=\"2 minutes\" \/>\n<script type=\"application\/ld+json\" class=\"yoast-schema-graph\">{\"@context\":\"https:\\\/\\\/schema.org\",\"@graph\":[{\"@type\":\"WebPage\",\"@id\":\"https:\\\/\\\/gastora.eu\\\/product\\\/cuiseur-de-ptes-de-qualit-commerciale-15-l-unit-simple-profondeur-60-cm-lectrique\\\/\",\"url\":\"https:\\\/\\\/gastora.eu\\\/product\\\/cuiseur-de-ptes-de-qualit-commerciale-15-l-unit-simple-profondeur-60-cm-lectrique\\\/\",\"name\":\"Cuiseur de p\u00e2tes de qualit\u00e9 commerciale - 15 L - unit\u00e9 simple - profondeur 60 cm - \u00e9lectrique - Gastora\",\"isPartOf\":{\"@id\":\"https:\\\/\\\/gastora.eu\\\/#website\"},\"primaryImageOfPage\":{\"@id\":\"https:\\\/\\\/gastora.eu\\\/product\\\/cuiseur-de-ptes-de-qualit-commerciale-15-l-unit-simple-profondeur-60-cm-lectrique\\\/#primaryimage\"},\"image\":{\"@id\":\"https:\\\/\\\/gastora.eu\\\/product\\\/cuiseur-de-ptes-de-qualit-commerciale-15-l-unit-simple-profondeur-60-cm-lectrique\\\/#primaryimage\"},\"thumbnailUrl\":\"https:\\\/\\\/gastora.eu\\\/wp-content\\\/uploads\\\/2026\\\/04\\\/sp-005-61656e9236d02.jpg\",\"datePublished\":\"2026-04-25T17:41:46+00:00\",\"dateModified\":\"2026-04-28T16:55:45+00:00\",\"description\":\"Achetez Cuiseur de p\u00e2tes de qualit\u00e9 commerciale - 15 L - unit\u00e9 simple - profondeur 60 cm - \u00e9lectrique au meilleur prix, fiable et performant avec une livraison rapide\",\"breadcrumb\":{\"@id\":\"https:\\\/\\\/gastora.eu\\\/product\\\/cuiseur-de-ptes-de-qualit-commerciale-15-l-unit-simple-profondeur-60-cm-lectrique\\\/#breadcrumb\"},\"inLanguage\":\"en-US\",\"potentialAction\":[{\"@type\":\"ReadAction\",\"target\":[\"https:\\\/\\\/gastora.eu\\\/product\\\/cuiseur-de-ptes-de-qualit-commerciale-15-l-unit-simple-profondeur-60-cm-lectrique\\\/\"]}]},{\"@type\":\"ImageObject\",\"inLanguage\":\"en-US\",\"@id\":\"https:\\\/\\\/gastora.eu\\\/product\\\/cuiseur-de-ptes-de-qualit-commerciale-15-l-unit-simple-profondeur-60-cm-lectrique\\\/#primaryimage\",\"url\":\"https:\\\/\\\/gastora.eu\\\/wp-content\\\/uploads\\\/2026\\\/04\\\/sp-005-61656e9236d02.jpg\",\"contentUrl\":\"https:\\\/\\\/gastora.eu\\\/wp-content\\\/uploads\\\/2026\\\/04\\\/sp-005-61656e9236d02.jpg\",\"width\":1024,\"height\":1024},{\"@type\":\"BreadcrumbList\",\"@id\":\"https:\\\/\\\/gastora.eu\\\/product\\\/cuiseur-de-ptes-de-qualit-commerciale-15-l-unit-simple-profondeur-60-cm-lectrique\\\/#breadcrumb\",\"itemListElement\":[{\"@type\":\"ListItem\",\"position\":1,\"name\":\"Home\",\"item\":\"https:\\\/\\\/gastora.eu\\\/\"},{\"@type\":\"ListItem\",\"position\":2,\"name\":\"Shop\",\"item\":\"https:\\\/\\\/gastora.eu\\\/shop\\\/\"},{\"@type\":\"ListItem\",\"position\":3,\"name\":\"Cuiseur de p\u00e2tes de qualit\u00e9 commerciale &#8211; 15 L &#8211; unit\u00e9 simple &#8211; profondeur 60 cm &#8211; \u00e9lectrique\"}]},{\"@type\":\"WebSite\",\"@id\":\"https:\\\/\\\/gastora.eu\\\/#website\",\"url\":\"https:\\\/\\\/gastora.eu\\\/\",\"name\":\"Gastora\",\"description\":\"\u00c9quipements professionnels CHR\",\"publisher\":{\"@id\":\"https:\\\/\\\/gastora.eu\\\/#organization\"},\"potentialAction\":[{\"@type\":\"SearchAction\",\"target\":{\"@type\":\"EntryPoint\",\"urlTemplate\":\"https:\\\/\\\/gastora.eu\\\/?s={search_term_string}\"},\"query-input\":{\"@type\":\"PropertyValueSpecification\",\"valueRequired\":true,\"valueName\":\"search_term_string\"}}],\"inLanguage\":\"en-US\"},{\"@type\":\"Organization\",\"@id\":\"https:\\\/\\\/gastora.eu\\\/#organization\",\"name\":\"Gastora\",\"url\":\"https:\\\/\\\/gastora.eu\\\/\",\"logo\":{\"@type\":\"ImageObject\",\"inLanguage\":\"en-US\",\"@id\":\"https:\\\/\\\/gastora.eu\\\/#\\\/schema\\\/logo\\\/image\\\/\",\"url\":\"https:\\\/\\\/gastora.eu\\\/wp-content\\\/uploads\\\/2025\\\/12\\\/ChatGPT-Image-2-janv.-2026-22_52_47-1.png\",\"contentUrl\":\"https:\\\/\\\/gastora.eu\\\/wp-content\\\/uploads\\\/2025\\\/12\\\/ChatGPT-Image-2-janv.-2026-22_52_47-1.png\",\"width\":1536,\"height\":320,\"caption\":\"Gastora\"},\"image\":{\"@id\":\"https:\\\/\\\/gastora.eu\\\/#\\\/schema\\\/logo\\\/image\\\/\"}}]}<\/script>\n<!-- \/ Yoast SEO plugin. -->","yoast_head_json":{"title":"Cuiseur de p\u00e2tes de qualit\u00e9 commerciale - 15 L - unit\u00e9 simple - profondeur 60 cm - \u00e9lectrique - Gastora","description":"Achetez Cuiseur de p\u00e2tes de qualit\u00e9 commerciale - 15 L - unit\u00e9 simple - profondeur 60 cm - \u00e9lectrique au meilleur prix, fiable et performant avec une livraison rapide","robots":{"index":"index","follow":"follow","max-snippet":"max-snippet:-1","max-image-preview":"max-image-preview:large","max-video-preview":"max-video-preview:-1"},"canonical":"https:\/\/gastora.eu\/en\/product\/cuiseur-de-ptes-de-qualit-commerciale-15-l-unit-simple-profondeur-60-cm-lectrique\/","og_locale":"en_US","og_type":"article","og_title":"Cuiseur de p\u00e2tes de qualit\u00e9 commerciale - 15 L - unit\u00e9 simple - profondeur 60 cm - \u00e9lectrique - Gastora","og_description":"Achetez Cuiseur de p\u00e2tes de qualit\u00e9 commerciale - 15 L - unit\u00e9 simple - profondeur 60 cm - \u00e9lectrique au meilleur prix, fiable et performant avec une livraison rapide","og_url":"https:\/\/gastora.eu\/en\/product\/cuiseur-de-ptes-de-qualit-commerciale-15-l-unit-simple-profondeur-60-cm-lectrique\/","og_site_name":"Gastora","article_modified_time":"2026-04-28T16:55:45+00:00","twitter_card":"summary_large_image","twitter_misc":{"Est. reading time":"2 minutes"},"schema":{"@context":"https:\/\/schema.org","@graph":[{"@type":"WebPage","@id":"https:\/\/gastora.eu\/product\/cuiseur-de-ptes-de-qualit-commerciale-15-l-unit-simple-profondeur-60-cm-lectrique\/","url":"https:\/\/gastora.eu\/product\/cuiseur-de-ptes-de-qualit-commerciale-15-l-unit-simple-profondeur-60-cm-lectrique\/","name":"Cuiseur de p\u00e2tes de qualit\u00e9 commerciale - 15 L - unit\u00e9 simple - profondeur 60 cm - \u00e9lectrique - Gastora","isPartOf":{"@id":"https:\/\/gastora.eu\/#website"},"primaryImageOfPage":{"@id":"https:\/\/gastora.eu\/product\/cuiseur-de-ptes-de-qualit-commerciale-15-l-unit-simple-profondeur-60-cm-lectrique\/#primaryimage"},"image":{"@id":"https:\/\/gastora.eu\/product\/cuiseur-de-ptes-de-qualit-commerciale-15-l-unit-simple-profondeur-60-cm-lectrique\/#primaryimage"},"thumbnailUrl":"https:\/\/gastora.eu\/wp-content\/uploads\/2026\/04\/sp-005-61656e9236d02.jpg","datePublished":"2026-04-25T17:41:46+00:00","dateModified":"2026-04-28T16:55:45+00:00","description":"Achetez Cuiseur de p\u00e2tes de qualit\u00e9 commerciale - 15 L - unit\u00e9 simple - profondeur 60 cm - \u00e9lectrique au meilleur prix, fiable et performant avec une livraison rapide","breadcrumb":{"@id":"https:\/\/gastora.eu\/product\/cuiseur-de-ptes-de-qualit-commerciale-15-l-unit-simple-profondeur-60-cm-lectrique\/#breadcrumb"},"inLanguage":"en-US","potentialAction":[{"@type":"ReadAction","target":["https:\/\/gastora.eu\/product\/cuiseur-de-ptes-de-qualit-commerciale-15-l-unit-simple-profondeur-60-cm-lectrique\/"]}]},{"@type":"ImageObject","inLanguage":"en-US","@id":"https:\/\/gastora.eu\/product\/cuiseur-de-ptes-de-qualit-commerciale-15-l-unit-simple-profondeur-60-cm-lectrique\/#primaryimage","url":"https:\/\/gastora.eu\/wp-content\/uploads\/2026\/04\/sp-005-61656e9236d02.jpg","contentUrl":"https:\/\/gastora.eu\/wp-content\/uploads\/2026\/04\/sp-005-61656e9236d02.jpg","width":1024,"height":1024},{"@type":"BreadcrumbList","@id":"https:\/\/gastora.eu\/product\/cuiseur-de-ptes-de-qualit-commerciale-15-l-unit-simple-profondeur-60-cm-lectrique\/#breadcrumb","itemListElement":[{"@type":"ListItem","position":1,"name":"Home","item":"https:\/\/gastora.eu\/"},{"@type":"ListItem","position":2,"name":"Shop","item":"https:\/\/gastora.eu\/shop\/"},{"@type":"ListItem","position":3,"name":"Cuiseur de p\u00e2tes de qualit\u00e9 commerciale &#8211; 15 L &#8211; unit\u00e9 simple &#8211; profondeur 60 cm &#8211; \u00e9lectrique"}]},{"@type":"WebSite","@id":"https:\/\/gastora.eu\/#website","url":"https:\/\/gastora.eu\/","name":"Gastora","description":"\u00c9quipements professionnels CHR","publisher":{"@id":"https:\/\/gastora.eu\/#organization"},"potentialAction":[{"@type":"SearchAction","target":{"@type":"EntryPoint","urlTemplate":"https:\/\/gastora.eu\/?s={search_term_string}"},"query-input":{"@type":"PropertyValueSpecification","valueRequired":true,"valueName":"search_term_string"}}],"inLanguage":"en-US"},{"@type":"Organization","@id":"https:\/\/gastora.eu\/#organization","name":"Gastora","url":"https:\/\/gastora.eu\/","logo":{"@type":"ImageObject","inLanguage":"en-US","@id":"https:\/\/gastora.eu\/#\/schema\/logo\/image\/","url":"https:\/\/gastora.eu\/wp-content\/uploads\/2025\/12\/ChatGPT-Image-2-janv.-2026-22_52_47-1.png","contentUrl":"https:\/\/gastora.eu\/wp-content\/uploads\/2025\/12\/ChatGPT-Image-2-janv.-2026-22_52_47-1.png","width":1536,"height":320,"caption":"Gastora"},"image":{"@id":"https:\/\/gastora.eu\/#\/schema\/logo\/image\/"}}]}},"jetpack_sharing_enabled":true,"_links":{"self":[{"href":"https:\/\/gastora.eu\/en\/wp-json\/wp\/v2\/product\/14025","targetHints":{"allow":["GET"]}}],"collection":[{"href":"https:\/\/gastora.eu\/en\/wp-json\/wp\/v2\/product"}],"about":[{"href":"https:\/\/gastora.eu\/en\/wp-json\/wp\/v2\/types\/product"}],"wp:featuredmedia":[{"embeddable":true,"href":"https:\/\/gastora.eu\/en\/wp-json\/wp\/v2\/media\/6799"}],"wp:attachment":[{"href":"https:\/\/gastora.eu\/en\/wp-json\/wp\/v2\/media?parent=14025"}],"wp:term":[{"taxonomy":"product_brand","embeddable":true,"href":"https:\/\/gastora.eu\/en\/wp-json\/wp\/v2\/product_brand?post=14025"},{"taxonomy":"product_cat","embeddable":true,"href":"https:\/\/gastora.eu\/en\/wp-json\/wp\/v2\/product_cat?post=14025"},{"taxonomy":"product_tag","embeddable":true,"href":"https:\/\/gastora.eu\/en\/wp-json\/wp\/v2\/product_tag?post=14025"}],"curies":[{"name":"wp","href":"https:\/\/api.w.org\/{rel}","templated":true}]}}