{"id":14024,"date":"2026-04-25T17:41:45","date_gmt":"2026-04-25T17:41:45","guid":{"rendered":"https:\/\/gastora.eu\/?post_type=product&#038;p=14024"},"modified":"2026-04-28T16:55:45","modified_gmt":"2026-04-28T16:55:45","slug":"friteuse-2-x-10-l-2-paniers-avec-robinet-de-vidange-400v","status":"publish","type":"product","link":"https:\/\/gastora.eu\/en\/product\/friteuse-2-x-10-l-2-paniers-avec-robinet-de-vidange-400v\/","title":{"rendered":"Friteuse &#8211; 2 x 10 L &#8211; 2 paniers &#8211; avec robinet de vidange &#8211; 400V"},"content":{"rendered":"<p>Cette puissante friteuse vous permet d&#8217;augmenter consid\u00e9rablement votre capacit\u00e9 de friture dans la cuisine professionnelle. La friteuse est \u00e9quip\u00e9e d&#8217;un double bac de 10 litres chacun. Vous pouvez ainsi frire deux fois plus d&#8217;aliments en m\u00eame temps et les clients n&#8217;auront pas \u00e0 attendre aussi longtemps pour passer leur commande. Vous pouvez placer la friteuse seule sur un comptoir ou choisir de l&#8217;agrandir avec une armoire en acier inoxydable et de la placer le long d&#8217;une ligne de cuisson. Gr\u00e2ce \u00e0 la barre de connexion pratique, vous pouvez facilement fixer la friteuse \u00e0 d&#8217;autres appareils de cuisine. La friteuse est soud\u00e9e sans soudure en acier inoxydable pour vous aider \u00e0 pr\u00e9parer les snacks et les frites les plus croustillants.<\/p>\n<h3>\u00c9quip\u00e9e de robinets de vidange<\/h3>\n<p>La vidange de l&#8217;huile n&#8217;est pas difficile gr\u00e2ce aux robinets de vidange situ\u00e9s \u00e0 l&#8217;avant de la friteuse. Vous recevez \u00e9galement un grand panier de friture par cuve, ainsi qu&#8217;un couvercle amovible qui prot\u00e8ge des \u00e9claboussures d&#8217;huile. La friteuse est \u00e9quip\u00e9e de poign\u00e9es r\u00e9sistantes \u00e0 la chaleur et de pieds r\u00e9glables en hauteur pour plus de s\u00e9curit\u00e9 et de confort. Gr\u00e2ce au thermostat convivial, vous pouvez r\u00e9gler n&#8217;importe quelle temp\u00e9rature entre 0\u00b0C et 190\u00b0C. Ainsi, les frites, les snacks, les l\u00e9gumes, le poisson et les beignets sont croustillants et d\u00e9licieux. Cette friteuse fonctionne sur une alimentation de 400V.<\/p>\n<h3>Nettoyage facile<\/h3>\n<p>L&#8217;hygi\u00e8ne est toujours importante dans les cuisines de restauration. Cette friteuse est enti\u00e8rement fabriqu\u00e9e en acier inoxydable et poss\u00e8de des coins arrondis pour \u00e9viter que les aliments ne restent coinc\u00e9s. Il suffit de nettoyer le bo\u00eetier \u00e0 l&#8217;aide d&#8217;un chiffon humide. Les parties amovibles peuvent \u00eatre nettoy\u00e9es \u00e0 l&#8217;aide d&#8217;une brosse et d&#8217;eau chaude savonneuse. Utilisez ensuite un chiffon doux pour s\u00e9cher le tout.<\/p>\n<p><strong>Caract\u00e9ristiques<\/strong><\/p>\n<ul>\n<li>Panneaux ext\u00e9rieurs en acier inoxydable durable<\/li>\n<li>Cuve de friteuse monobloc en acier inoxydable<\/li>\n<li>Coins arrondis pour faciliter le nettoyage et am\u00e9liorer l&#8217;hygi\u00e8ne<\/li>\n<li>Thermostat de s\u00e9curit\u00e9 \u00e0 r\u00e9armement manuel<\/li>\n<li>R\u00e9gulation thermostatique de la temp\u00e9rature de l&#8217;huile jusqu&#8217;\u00e0 190\u00b0C<\/li>\n<li>\u00c9l\u00e9ments chauffants blind\u00e9s<\/li>\n<li>Vidange facile et s\u00fbre gr\u00e2ce au tuyau de vidange et \u00e0 la vanne<\/li>\n<\/ul>\n<p><strong>Caract\u00e9ristiques du produit<\/strong><\/p>\n<ul>\n<li>Poids net : 27 kg<\/li>\n<li>Capacit\u00e9 nette d&#8217;huile : 2x 8l<\/li>\n<li>Capacit\u00e9 brute d&#8217;huile : 2x 10l<\/li>\n<li>Dimensions du panier : L21 x P23 x H10cm<\/li>\n<li>Dimensions de la machine : L60,5 x P67 x H38cm<\/li>\n<li>Consommation \u00e9lectrique : 2 x 6,0kW<\/li>\n<li>Puissance : 400V \/ 50Hz \/ 3Phase 12000W<\/li>\n<\/ul>\n<p><strong>Remarque : ce produit est fourni sans prise de courant<\/strong><\/p>","protected":false},"excerpt":{"rendered":"<p>Cette friteuse professionnelle et puissante dispose de deux paniers pour frire de grandes quantit\u00e9s d&#8217;aliments. Elle poss\u00e8de deux r\u00e9servoirs d&#8217;huile distincts de 10 litres, ce qui vous permet de frire diff\u00e9rents aliments en m\u00eame temps. Les deux r\u00e9servoirs d&#8217;huile sont dot\u00e9s d&#8217;\u00e9l\u00e9ments chauffants s\u00e9par\u00e9s et d&#8217;un robinet de vidange pour faciliter le nettoyage.<\/p>","protected":false},"featured_media":6797,"template":"","meta":{"_acf_changed":false},"product_brand":[],"product_cat":[495],"product_tag":[],"class_list":{"0":"post-14024","1":"product","2":"type-product","3":"status-publish","4":"has-post-thumbnail","6":"product_cat-plaques-pianos-de-cuisson-2","8":"first","9":"instock","10":"sale","11":"taxable","12":"shipping-taxable","13":"purchasable","14":"product-type-simple"},"acf":[],"yoast_head":"<!-- This site is optimized with the Yoast SEO plugin v27.5 - https:\/\/yoast.com\/product\/yoast-seo-wordpress\/ -->\n<title>Friteuse - 2 x 10 L - 2 paniers - avec robinet de vidange - 400V - Gastora<\/title>\n<meta name=\"description\" content=\"Achetez Friteuse - 2 x 10 L - 2 paniers - avec robinet de vidange - 400V au meilleur prix, fiable et performant avec une livraison rapide\" \/>\n<meta name=\"robots\" content=\"index, follow, max-snippet:-1, max-image-preview:large, max-video-preview:-1\" \/>\n<link rel=\"canonical\" href=\"https:\/\/gastora.eu\/en\/product\/friteuse-2-x-10-l-2-paniers-avec-robinet-de-vidange-400v\/\" \/>\n<meta property=\"og:locale\" content=\"en_US\" \/>\n<meta property=\"og:type\" content=\"article\" \/>\n<meta property=\"og:title\" content=\"Friteuse - 2 x 10 L - 2 paniers - avec robinet de vidange - 400V - Gastora\" \/>\n<meta property=\"og:description\" content=\"Achetez Friteuse - 2 x 10 L - 2 paniers - avec robinet de vidange - 400V au meilleur prix, fiable et performant avec une livraison rapide\" \/>\n<meta property=\"og:url\" content=\"https:\/\/gastora.eu\/en\/product\/friteuse-2-x-10-l-2-paniers-avec-robinet-de-vidange-400v\/\" \/>\n<meta property=\"og:site_name\" content=\"Gastora\" \/>\n<meta property=\"article:modified_time\" content=\"2026-04-28T16:55:45+00:00\" \/>\n<meta name=\"twitter:card\" content=\"summary_large_image\" \/>\n<meta name=\"twitter:label1\" content=\"Est. reading time\" \/>\n\t<meta name=\"twitter:data1\" content=\"2 minutes\" \/>\n<script type=\"application\/ld+json\" class=\"yoast-schema-graph\">{\"@context\":\"https:\\\/\\\/schema.org\",\"@graph\":[{\"@type\":\"WebPage\",\"@id\":\"https:\\\/\\\/gastora.eu\\\/product\\\/friteuse-2-x-10-l-2-paniers-avec-robinet-de-vidange-400v\\\/\",\"url\":\"https:\\\/\\\/gastora.eu\\\/product\\\/friteuse-2-x-10-l-2-paniers-avec-robinet-de-vidange-400v\\\/\",\"name\":\"Friteuse - 2 x 10 L - 2 paniers - avec robinet de vidange - 400V - Gastora\",\"isPartOf\":{\"@id\":\"https:\\\/\\\/gastora.eu\\\/#website\"},\"primaryImageOfPage\":{\"@id\":\"https:\\\/\\\/gastora.eu\\\/product\\\/friteuse-2-x-10-l-2-paniers-avec-robinet-de-vidange-400v\\\/#primaryimage\"},\"image\":{\"@id\":\"https:\\\/\\\/gastora.eu\\\/product\\\/friteuse-2-x-10-l-2-paniers-avec-robinet-de-vidange-400v\\\/#primaryimage\"},\"thumbnailUrl\":\"https:\\\/\\\/gastora.eu\\\/wp-content\\\/uploads\\\/2026\\\/04\\\/sp-005-61656e91ac991.jpg\",\"datePublished\":\"2026-04-25T17:41:45+00:00\",\"dateModified\":\"2026-04-28T16:55:45+00:00\",\"description\":\"Achetez Friteuse - 2 x 10 L - 2 paniers - avec robinet de vidange - 400V au meilleur prix, fiable et performant avec une livraison rapide\",\"breadcrumb\":{\"@id\":\"https:\\\/\\\/gastora.eu\\\/product\\\/friteuse-2-x-10-l-2-paniers-avec-robinet-de-vidange-400v\\\/#breadcrumb\"},\"inLanguage\":\"en-US\",\"potentialAction\":[{\"@type\":\"ReadAction\",\"target\":[\"https:\\\/\\\/gastora.eu\\\/product\\\/friteuse-2-x-10-l-2-paniers-avec-robinet-de-vidange-400v\\\/\"]}]},{\"@type\":\"ImageObject\",\"inLanguage\":\"en-US\",\"@id\":\"https:\\\/\\\/gastora.eu\\\/product\\\/friteuse-2-x-10-l-2-paniers-avec-robinet-de-vidange-400v\\\/#primaryimage\",\"url\":\"https:\\\/\\\/gastora.eu\\\/wp-content\\\/uploads\\\/2026\\\/04\\\/sp-005-61656e91ac991.jpg\",\"contentUrl\":\"https:\\\/\\\/gastora.eu\\\/wp-content\\\/uploads\\\/2026\\\/04\\\/sp-005-61656e91ac991.jpg\",\"width\":1024,\"height\":1024},{\"@type\":\"BreadcrumbList\",\"@id\":\"https:\\\/\\\/gastora.eu\\\/product\\\/friteuse-2-x-10-l-2-paniers-avec-robinet-de-vidange-400v\\\/#breadcrumb\",\"itemListElement\":[{\"@type\":\"ListItem\",\"position\":1,\"name\":\"Home\",\"item\":\"https:\\\/\\\/gastora.eu\\\/\"},{\"@type\":\"ListItem\",\"position\":2,\"name\":\"Shop\",\"item\":\"https:\\\/\\\/gastora.eu\\\/shop\\\/\"},{\"@type\":\"ListItem\",\"position\":3,\"name\":\"Friteuse &#8211; 2 x 10 L &#8211; 2 paniers &#8211; avec robinet de vidange &#8211; 400V\"}]},{\"@type\":\"WebSite\",\"@id\":\"https:\\\/\\\/gastora.eu\\\/#website\",\"url\":\"https:\\\/\\\/gastora.eu\\\/\",\"name\":\"Gastora\",\"description\":\"\u00c9quipements professionnels CHR\",\"publisher\":{\"@id\":\"https:\\\/\\\/gastora.eu\\\/#organization\"},\"potentialAction\":[{\"@type\":\"SearchAction\",\"target\":{\"@type\":\"EntryPoint\",\"urlTemplate\":\"https:\\\/\\\/gastora.eu\\\/?s={search_term_string}\"},\"query-input\":{\"@type\":\"PropertyValueSpecification\",\"valueRequired\":true,\"valueName\":\"search_term_string\"}}],\"inLanguage\":\"en-US\"},{\"@type\":\"Organization\",\"@id\":\"https:\\\/\\\/gastora.eu\\\/#organization\",\"name\":\"Gastora\",\"url\":\"https:\\\/\\\/gastora.eu\\\/\",\"logo\":{\"@type\":\"ImageObject\",\"inLanguage\":\"en-US\",\"@id\":\"https:\\\/\\\/gastora.eu\\\/#\\\/schema\\\/logo\\\/image\\\/\",\"url\":\"https:\\\/\\\/gastora.eu\\\/wp-content\\\/uploads\\\/2025\\\/12\\\/ChatGPT-Image-2-janv.-2026-22_52_47-1.png\",\"contentUrl\":\"https:\\\/\\\/gastora.eu\\\/wp-content\\\/uploads\\\/2025\\\/12\\\/ChatGPT-Image-2-janv.-2026-22_52_47-1.png\",\"width\":1536,\"height\":320,\"caption\":\"Gastora\"},\"image\":{\"@id\":\"https:\\\/\\\/gastora.eu\\\/#\\\/schema\\\/logo\\\/image\\\/\"}}]}<\/script>\n<!-- \/ Yoast SEO plugin. -->","yoast_head_json":{"title":"Friteuse - 2 x 10 L - 2 paniers - avec robinet de vidange - 400V - Gastora","description":"Achetez Friteuse - 2 x 10 L - 2 paniers - avec robinet de vidange - 400V au meilleur prix, fiable et performant avec une livraison rapide","robots":{"index":"index","follow":"follow","max-snippet":"max-snippet:-1","max-image-preview":"max-image-preview:large","max-video-preview":"max-video-preview:-1"},"canonical":"https:\/\/gastora.eu\/en\/product\/friteuse-2-x-10-l-2-paniers-avec-robinet-de-vidange-400v\/","og_locale":"en_US","og_type":"article","og_title":"Friteuse - 2 x 10 L - 2 paniers - avec robinet de vidange - 400V - Gastora","og_description":"Achetez Friteuse - 2 x 10 L - 2 paniers - avec robinet de vidange - 400V au meilleur prix, fiable et performant avec une livraison rapide","og_url":"https:\/\/gastora.eu\/en\/product\/friteuse-2-x-10-l-2-paniers-avec-robinet-de-vidange-400v\/","og_site_name":"Gastora","article_modified_time":"2026-04-28T16:55:45+00:00","twitter_card":"summary_large_image","twitter_misc":{"Est. reading time":"2 minutes"},"schema":{"@context":"https:\/\/schema.org","@graph":[{"@type":"WebPage","@id":"https:\/\/gastora.eu\/product\/friteuse-2-x-10-l-2-paniers-avec-robinet-de-vidange-400v\/","url":"https:\/\/gastora.eu\/product\/friteuse-2-x-10-l-2-paniers-avec-robinet-de-vidange-400v\/","name":"Friteuse - 2 x 10 L - 2 paniers - avec robinet de vidange - 400V - Gastora","isPartOf":{"@id":"https:\/\/gastora.eu\/#website"},"primaryImageOfPage":{"@id":"https:\/\/gastora.eu\/product\/friteuse-2-x-10-l-2-paniers-avec-robinet-de-vidange-400v\/#primaryimage"},"image":{"@id":"https:\/\/gastora.eu\/product\/friteuse-2-x-10-l-2-paniers-avec-robinet-de-vidange-400v\/#primaryimage"},"thumbnailUrl":"https:\/\/gastora.eu\/wp-content\/uploads\/2026\/04\/sp-005-61656e91ac991.jpg","datePublished":"2026-04-25T17:41:45+00:00","dateModified":"2026-04-28T16:55:45+00:00","description":"Achetez Friteuse - 2 x 10 L - 2 paniers - avec robinet de vidange - 400V au meilleur prix, fiable et performant avec une livraison rapide","breadcrumb":{"@id":"https:\/\/gastora.eu\/product\/friteuse-2-x-10-l-2-paniers-avec-robinet-de-vidange-400v\/#breadcrumb"},"inLanguage":"en-US","potentialAction":[{"@type":"ReadAction","target":["https:\/\/gastora.eu\/product\/friteuse-2-x-10-l-2-paniers-avec-robinet-de-vidange-400v\/"]}]},{"@type":"ImageObject","inLanguage":"en-US","@id":"https:\/\/gastora.eu\/product\/friteuse-2-x-10-l-2-paniers-avec-robinet-de-vidange-400v\/#primaryimage","url":"https:\/\/gastora.eu\/wp-content\/uploads\/2026\/04\/sp-005-61656e91ac991.jpg","contentUrl":"https:\/\/gastora.eu\/wp-content\/uploads\/2026\/04\/sp-005-61656e91ac991.jpg","width":1024,"height":1024},{"@type":"BreadcrumbList","@id":"https:\/\/gastora.eu\/product\/friteuse-2-x-10-l-2-paniers-avec-robinet-de-vidange-400v\/#breadcrumb","itemListElement":[{"@type":"ListItem","position":1,"name":"Home","item":"https:\/\/gastora.eu\/"},{"@type":"ListItem","position":2,"name":"Shop","item":"https:\/\/gastora.eu\/shop\/"},{"@type":"ListItem","position":3,"name":"Friteuse &#8211; 2 x 10 L &#8211; 2 paniers &#8211; avec robinet de vidange &#8211; 400V"}]},{"@type":"WebSite","@id":"https:\/\/gastora.eu\/#website","url":"https:\/\/gastora.eu\/","name":"Gastora","description":"\u00c9quipements professionnels CHR","publisher":{"@id":"https:\/\/gastora.eu\/#organization"},"potentialAction":[{"@type":"SearchAction","target":{"@type":"EntryPoint","urlTemplate":"https:\/\/gastora.eu\/?s={search_term_string}"},"query-input":{"@type":"PropertyValueSpecification","valueRequired":true,"valueName":"search_term_string"}}],"inLanguage":"en-US"},{"@type":"Organization","@id":"https:\/\/gastora.eu\/#organization","name":"Gastora","url":"https:\/\/gastora.eu\/","logo":{"@type":"ImageObject","inLanguage":"en-US","@id":"https:\/\/gastora.eu\/#\/schema\/logo\/image\/","url":"https:\/\/gastora.eu\/wp-content\/uploads\/2025\/12\/ChatGPT-Image-2-janv.-2026-22_52_47-1.png","contentUrl":"https:\/\/gastora.eu\/wp-content\/uploads\/2025\/12\/ChatGPT-Image-2-janv.-2026-22_52_47-1.png","width":1536,"height":320,"caption":"Gastora"},"image":{"@id":"https:\/\/gastora.eu\/#\/schema\/logo\/image\/"}}]}},"jetpack_sharing_enabled":true,"_links":{"self":[{"href":"https:\/\/gastora.eu\/en\/wp-json\/wp\/v2\/product\/14024","targetHints":{"allow":["GET"]}}],"collection":[{"href":"https:\/\/gastora.eu\/en\/wp-json\/wp\/v2\/product"}],"about":[{"href":"https:\/\/gastora.eu\/en\/wp-json\/wp\/v2\/types\/product"}],"wp:featuredmedia":[{"embeddable":true,"href":"https:\/\/gastora.eu\/en\/wp-json\/wp\/v2\/media\/6797"}],"wp:attachment":[{"href":"https:\/\/gastora.eu\/en\/wp-json\/wp\/v2\/media?parent=14024"}],"wp:term":[{"taxonomy":"product_brand","embeddable":true,"href":"https:\/\/gastora.eu\/en\/wp-json\/wp\/v2\/product_brand?post=14024"},{"taxonomy":"product_cat","embeddable":true,"href":"https:\/\/gastora.eu\/en\/wp-json\/wp\/v2\/product_cat?post=14024"},{"taxonomy":"product_tag","embeddable":true,"href":"https:\/\/gastora.eu\/en\/wp-json\/wp\/v2\/product_tag?post=14024"}],"curies":[{"name":"wp","href":"https:\/\/api.w.org\/{rel}","templated":true}]}}