{"id":14020,"date":"2026-04-25T17:41:42","date_gmt":"2026-04-25T17:41:42","guid":{"rendered":"https:\/\/gastora.eu\/?post_type=product&#038;p=14020"},"modified":"2026-04-28T16:55:45","modified_gmt":"2026-04-28T16:55:45","slug":"gril-de-qualit-commerciale-lisse-unit-simple-profondeur-60-cm-lectrique","status":"publish","type":"product","link":"https:\/\/gastora.eu\/en\/product\/gril-de-qualit-commerciale-lisse-unit-simple-profondeur-60-cm-lectrique\/","title":{"rendered":"Gril de qualit\u00e9 commerciale &#8211; lisse &#8211; unit\u00e9 simple &#8211; profondeur 60 cm &#8211; \u00e9lectrique"},"content":{"rendered":"<p>Le gril est une technique de cuisson qui donne plus de saveur aux plats que vous servez. Gr\u00e2ce aux temp\u00e9ratures \u00e9lev\u00e9es de la plaque de cuisson, les nutriments et la saveur sont pr\u00e9serv\u00e9s. Cette plaque de cuisson professionnelle dot\u00e9e d&#8217;une grille \u00e0 feu doux est parfaite pour les restaurants, les caf\u00e9s, les cantines d&#8217;entreprise, les food trucks et autres \u00e9tablissements de restauration. La plaque de cuisson est con\u00e7ue pour r\u00e9partir uniform\u00e9ment la chaleur afin que les ingr\u00e9dients soient cuits simultan\u00e9ment. Une protection contre les \u00e9claboussures en acier inoxydable est install\u00e9e \u00e0 l&#8217;arri\u00e8re et sur les c\u00f4t\u00e9s pour \u00e9viter les projections d&#8217;huile.<\/p>\n<h3>Utilisation dans une ligne de cuisson<\/h3>\n<p>Cette plancha de restauration est \u00e9quip\u00e9e d&#8217;une large sortie pour faciliter son utilisation. Le thermostat convivial permet de r\u00e9gler la temp\u00e9rature entre 50 et 300\u00baC. Pour que la plaque fonctionne encore plus efficacement, les zones de cuisson sont ind\u00e9pendantes les unes des autres. Gr\u00e2ce au grand bac de r\u00e9cup\u00e9ration de 1 litre, cette plancha peut \u00eatre utilis\u00e9e en toute s\u00e9curit\u00e9. Le gril peut \u00eatre plac\u00e9 ind\u00e9pendamment, dans une ligne de cuisson ou sur un chariot en acier inoxydable, qui peut \u00eatre command\u00e9 s\u00e9par\u00e9ment.<\/p>\n<h3>Bac de r\u00e9cup\u00e9ration amovible<\/h3>\n<p>Le nettoyage de cette plancha professionnelle est tr\u00e8s facile. Le bac de r\u00e9cup\u00e9ration est amovible et le bo\u00eetier est en acier inoxydable. Pour le nettoyage, utilisez un chiffon humide, de l&#8217;eau chaude et un d\u00e9tergent doux. Avant de commencer \u00e0 nettoyer, \u00e9liminez les r\u00e9sidus alimentaires grossiers \u00e0 l&#8217;aide d&#8217;un grattoir. Vous voulez \u00e9liminer les salet\u00e9s tenaces ? Faites chauffer la plaque \u00e0 70 \u00b0C et nettoyez la surface \u00e0 l&#8217;aide d&#8217;un chiffon. Il est toutefois conseill\u00e9 de porter des gants pour \u00e9viter de se br\u00fbler les doigts lors du nettoyage.<\/p>\n<p><strong>Caract\u00e9ristiques<\/strong><\/p>\n<ul>\n<li>Con\u00e7ue pour une r\u00e9partition uniforme de la chaleur<\/li>\n<li>Grand orifice de vidange pour faciliter l&#8217;utilisation et le nettoyage<\/li>\n<li>Grand tiroir de r\u00e9cup\u00e9ration des graisses d&#8217;une capacit\u00e9 de 1 litre<\/li>\n<li>Protections hautes contre les \u00e9claboussures en acier inoxydable \u00e0 l&#8217;arri\u00e8re et sur les c\u00f4t\u00e9s<\/li>\n<li>Zones de cuisson contr\u00f4l\u00e9es ind\u00e9pendamment pour une utilisation efficace.<\/li>\n<li>Facile \u00e0 nettoyer<\/li>\n<\/ul>\n<p><strong>Caract\u00e9ristiques du produit<\/strong><\/p>\n<ul>\n<li>Poids net : 20 kg<\/li>\n<li>Dimensions : B40 x D60 x H24cm<\/li>\n<li>230V \/ 50Hz \/ 1Phase 3000W<\/li>\n<\/ul>\n<p><strong>Remarque : Ce produit est fourni sans fiche<\/strong><\/p>","protected":false},"excerpt":{"rendered":"<p>Ce gril \u00e9lectrique \u00e0 plaque lisse permet de pr\u00e9parer les plats les plus d\u00e9licieux pour les restaurants, les caf\u00e9s, les cantines et autres \u00e9tablissements de restauration. La plaque est con\u00e7ue pour un usage quotidien intensif, elle est facile \u00e0 nettoyer et peut \u00eatre plac\u00e9e dans une ligne de cuisson de 600 mm avec ou sans support.<\/p>","protected":false},"featured_media":6789,"template":"","meta":{"_acf_changed":false},"product_brand":[],"product_cat":[495],"product_tag":[],"class_list":{"0":"post-14020","1":"product","2":"type-product","3":"status-publish","4":"has-post-thumbnail","6":"product_cat-plaques-pianos-de-cuisson-2","8":"first","9":"instock","10":"sale","11":"taxable","12":"shipping-taxable","13":"purchasable","14":"product-type-simple"},"acf":[],"yoast_head":"<!-- This site is optimized with the Yoast SEO plugin v27.5 - https:\/\/yoast.com\/product\/yoast-seo-wordpress\/ -->\n<title>Gril de qualit\u00e9 commerciale - lisse - unit\u00e9 simple - profondeur 60 cm - \u00e9lectrique - Gastora<\/title>\n<meta name=\"description\" content=\"Achetez Gril de qualit\u00e9 commerciale - lisse - unit\u00e9 simple - profondeur 60 cm - \u00e9lectrique au meilleur prix, fiable et performant avec une livraison rapide\" \/>\n<meta name=\"robots\" content=\"index, follow, max-snippet:-1, max-image-preview:large, max-video-preview:-1\" \/>\n<link rel=\"canonical\" href=\"https:\/\/gastora.eu\/en\/product\/gril-de-qualit-commerciale-lisse-unit-simple-profondeur-60-cm-lectrique\/\" \/>\n<meta property=\"og:locale\" content=\"en_US\" \/>\n<meta property=\"og:type\" content=\"article\" \/>\n<meta property=\"og:title\" content=\"Gril de qualit\u00e9 commerciale - lisse - unit\u00e9 simple - profondeur 60 cm - \u00e9lectrique - Gastora\" \/>\n<meta property=\"og:description\" content=\"Achetez Gril de qualit\u00e9 commerciale - lisse - unit\u00e9 simple - profondeur 60 cm - \u00e9lectrique au meilleur prix, fiable et performant avec une livraison rapide\" \/>\n<meta property=\"og:url\" content=\"https:\/\/gastora.eu\/en\/product\/gril-de-qualit-commerciale-lisse-unit-simple-profondeur-60-cm-lectrique\/\" \/>\n<meta property=\"og:site_name\" content=\"Gastora\" \/>\n<meta property=\"article:modified_time\" content=\"2026-04-28T16:55:45+00:00\" \/>\n<meta name=\"twitter:card\" content=\"summary_large_image\" \/>\n<meta name=\"twitter:label1\" content=\"Est. reading time\" \/>\n\t<meta name=\"twitter:data1\" content=\"2 minutes\" \/>\n<script type=\"application\/ld+json\" class=\"yoast-schema-graph\">{\"@context\":\"https:\\\/\\\/schema.org\",\"@graph\":[{\"@type\":\"WebPage\",\"@id\":\"https:\\\/\\\/gastora.eu\\\/product\\\/gril-de-qualit-commerciale-lisse-unit-simple-profondeur-60-cm-lectrique\\\/\",\"url\":\"https:\\\/\\\/gastora.eu\\\/product\\\/gril-de-qualit-commerciale-lisse-unit-simple-profondeur-60-cm-lectrique\\\/\",\"name\":\"Gril de qualit\u00e9 commerciale - lisse - unit\u00e9 simple - profondeur 60 cm - \u00e9lectrique - Gastora\",\"isPartOf\":{\"@id\":\"https:\\\/\\\/gastora.eu\\\/#website\"},\"primaryImageOfPage\":{\"@id\":\"https:\\\/\\\/gastora.eu\\\/product\\\/gril-de-qualit-commerciale-lisse-unit-simple-profondeur-60-cm-lectrique\\\/#primaryimage\"},\"image\":{\"@id\":\"https:\\\/\\\/gastora.eu\\\/product\\\/gril-de-qualit-commerciale-lisse-unit-simple-profondeur-60-cm-lectrique\\\/#primaryimage\"},\"thumbnailUrl\":\"https:\\\/\\\/gastora.eu\\\/wp-content\\\/uploads\\\/2026\\\/04\\\/sp-005-61656e9208898.jpg\",\"datePublished\":\"2026-04-25T17:41:42+00:00\",\"dateModified\":\"2026-04-28T16:55:45+00:00\",\"description\":\"Achetez Gril de qualit\u00e9 commerciale - lisse - unit\u00e9 simple - profondeur 60 cm - \u00e9lectrique au meilleur prix, fiable et performant avec une livraison rapide\",\"breadcrumb\":{\"@id\":\"https:\\\/\\\/gastora.eu\\\/product\\\/gril-de-qualit-commerciale-lisse-unit-simple-profondeur-60-cm-lectrique\\\/#breadcrumb\"},\"inLanguage\":\"en-US\",\"potentialAction\":[{\"@type\":\"ReadAction\",\"target\":[\"https:\\\/\\\/gastora.eu\\\/product\\\/gril-de-qualit-commerciale-lisse-unit-simple-profondeur-60-cm-lectrique\\\/\"]}]},{\"@type\":\"ImageObject\",\"inLanguage\":\"en-US\",\"@id\":\"https:\\\/\\\/gastora.eu\\\/product\\\/gril-de-qualit-commerciale-lisse-unit-simple-profondeur-60-cm-lectrique\\\/#primaryimage\",\"url\":\"https:\\\/\\\/gastora.eu\\\/wp-content\\\/uploads\\\/2026\\\/04\\\/sp-005-61656e9208898.jpg\",\"contentUrl\":\"https:\\\/\\\/gastora.eu\\\/wp-content\\\/uploads\\\/2026\\\/04\\\/sp-005-61656e9208898.jpg\",\"width\":1024,\"height\":1024},{\"@type\":\"BreadcrumbList\",\"@id\":\"https:\\\/\\\/gastora.eu\\\/product\\\/gril-de-qualit-commerciale-lisse-unit-simple-profondeur-60-cm-lectrique\\\/#breadcrumb\",\"itemListElement\":[{\"@type\":\"ListItem\",\"position\":1,\"name\":\"Home\",\"item\":\"https:\\\/\\\/gastora.eu\\\/\"},{\"@type\":\"ListItem\",\"position\":2,\"name\":\"Shop\",\"item\":\"https:\\\/\\\/gastora.eu\\\/shop\\\/\"},{\"@type\":\"ListItem\",\"position\":3,\"name\":\"Gril de qualit\u00e9 commerciale &#8211; lisse &#8211; unit\u00e9 simple &#8211; profondeur 60 cm &#8211; \u00e9lectrique\"}]},{\"@type\":\"WebSite\",\"@id\":\"https:\\\/\\\/gastora.eu\\\/#website\",\"url\":\"https:\\\/\\\/gastora.eu\\\/\",\"name\":\"Gastora\",\"description\":\"\u00c9quipements professionnels CHR\",\"publisher\":{\"@id\":\"https:\\\/\\\/gastora.eu\\\/#organization\"},\"potentialAction\":[{\"@type\":\"SearchAction\",\"target\":{\"@type\":\"EntryPoint\",\"urlTemplate\":\"https:\\\/\\\/gastora.eu\\\/?s={search_term_string}\"},\"query-input\":{\"@type\":\"PropertyValueSpecification\",\"valueRequired\":true,\"valueName\":\"search_term_string\"}}],\"inLanguage\":\"en-US\"},{\"@type\":\"Organization\",\"@id\":\"https:\\\/\\\/gastora.eu\\\/#organization\",\"name\":\"Gastora\",\"url\":\"https:\\\/\\\/gastora.eu\\\/\",\"logo\":{\"@type\":\"ImageObject\",\"inLanguage\":\"en-US\",\"@id\":\"https:\\\/\\\/gastora.eu\\\/#\\\/schema\\\/logo\\\/image\\\/\",\"url\":\"https:\\\/\\\/gastora.eu\\\/wp-content\\\/uploads\\\/2025\\\/12\\\/ChatGPT-Image-2-janv.-2026-22_52_47-1.png\",\"contentUrl\":\"https:\\\/\\\/gastora.eu\\\/wp-content\\\/uploads\\\/2025\\\/12\\\/ChatGPT-Image-2-janv.-2026-22_52_47-1.png\",\"width\":1536,\"height\":320,\"caption\":\"Gastora\"},\"image\":{\"@id\":\"https:\\\/\\\/gastora.eu\\\/#\\\/schema\\\/logo\\\/image\\\/\"}}]}<\/script>\n<!-- \/ Yoast SEO plugin. -->","yoast_head_json":{"title":"Gril de qualit\u00e9 commerciale - lisse - unit\u00e9 simple - profondeur 60 cm - \u00e9lectrique - Gastora","description":"Achetez Gril de qualit\u00e9 commerciale - lisse - unit\u00e9 simple - profondeur 60 cm - \u00e9lectrique au meilleur prix, fiable et performant avec une livraison rapide","robots":{"index":"index","follow":"follow","max-snippet":"max-snippet:-1","max-image-preview":"max-image-preview:large","max-video-preview":"max-video-preview:-1"},"canonical":"https:\/\/gastora.eu\/en\/product\/gril-de-qualit-commerciale-lisse-unit-simple-profondeur-60-cm-lectrique\/","og_locale":"en_US","og_type":"article","og_title":"Gril de qualit\u00e9 commerciale - lisse - unit\u00e9 simple - profondeur 60 cm - \u00e9lectrique - Gastora","og_description":"Achetez Gril de qualit\u00e9 commerciale - lisse - unit\u00e9 simple - profondeur 60 cm - \u00e9lectrique au meilleur prix, fiable et performant avec une livraison rapide","og_url":"https:\/\/gastora.eu\/en\/product\/gril-de-qualit-commerciale-lisse-unit-simple-profondeur-60-cm-lectrique\/","og_site_name":"Gastora","article_modified_time":"2026-04-28T16:55:45+00:00","twitter_card":"summary_large_image","twitter_misc":{"Est. reading time":"2 minutes"},"schema":{"@context":"https:\/\/schema.org","@graph":[{"@type":"WebPage","@id":"https:\/\/gastora.eu\/product\/gril-de-qualit-commerciale-lisse-unit-simple-profondeur-60-cm-lectrique\/","url":"https:\/\/gastora.eu\/product\/gril-de-qualit-commerciale-lisse-unit-simple-profondeur-60-cm-lectrique\/","name":"Gril de qualit\u00e9 commerciale - lisse - unit\u00e9 simple - profondeur 60 cm - \u00e9lectrique - Gastora","isPartOf":{"@id":"https:\/\/gastora.eu\/#website"},"primaryImageOfPage":{"@id":"https:\/\/gastora.eu\/product\/gril-de-qualit-commerciale-lisse-unit-simple-profondeur-60-cm-lectrique\/#primaryimage"},"image":{"@id":"https:\/\/gastora.eu\/product\/gril-de-qualit-commerciale-lisse-unit-simple-profondeur-60-cm-lectrique\/#primaryimage"},"thumbnailUrl":"https:\/\/gastora.eu\/wp-content\/uploads\/2026\/04\/sp-005-61656e9208898.jpg","datePublished":"2026-04-25T17:41:42+00:00","dateModified":"2026-04-28T16:55:45+00:00","description":"Achetez Gril de qualit\u00e9 commerciale - lisse - unit\u00e9 simple - profondeur 60 cm - \u00e9lectrique au meilleur prix, fiable et performant avec une livraison rapide","breadcrumb":{"@id":"https:\/\/gastora.eu\/product\/gril-de-qualit-commerciale-lisse-unit-simple-profondeur-60-cm-lectrique\/#breadcrumb"},"inLanguage":"en-US","potentialAction":[{"@type":"ReadAction","target":["https:\/\/gastora.eu\/product\/gril-de-qualit-commerciale-lisse-unit-simple-profondeur-60-cm-lectrique\/"]}]},{"@type":"ImageObject","inLanguage":"en-US","@id":"https:\/\/gastora.eu\/product\/gril-de-qualit-commerciale-lisse-unit-simple-profondeur-60-cm-lectrique\/#primaryimage","url":"https:\/\/gastora.eu\/wp-content\/uploads\/2026\/04\/sp-005-61656e9208898.jpg","contentUrl":"https:\/\/gastora.eu\/wp-content\/uploads\/2026\/04\/sp-005-61656e9208898.jpg","width":1024,"height":1024},{"@type":"BreadcrumbList","@id":"https:\/\/gastora.eu\/product\/gril-de-qualit-commerciale-lisse-unit-simple-profondeur-60-cm-lectrique\/#breadcrumb","itemListElement":[{"@type":"ListItem","position":1,"name":"Home","item":"https:\/\/gastora.eu\/"},{"@type":"ListItem","position":2,"name":"Shop","item":"https:\/\/gastora.eu\/shop\/"},{"@type":"ListItem","position":3,"name":"Gril de qualit\u00e9 commerciale &#8211; lisse &#8211; unit\u00e9 simple &#8211; profondeur 60 cm &#8211; \u00e9lectrique"}]},{"@type":"WebSite","@id":"https:\/\/gastora.eu\/#website","url":"https:\/\/gastora.eu\/","name":"Gastora","description":"\u00c9quipements professionnels CHR","publisher":{"@id":"https:\/\/gastora.eu\/#organization"},"potentialAction":[{"@type":"SearchAction","target":{"@type":"EntryPoint","urlTemplate":"https:\/\/gastora.eu\/?s={search_term_string}"},"query-input":{"@type":"PropertyValueSpecification","valueRequired":true,"valueName":"search_term_string"}}],"inLanguage":"en-US"},{"@type":"Organization","@id":"https:\/\/gastora.eu\/#organization","name":"Gastora","url":"https:\/\/gastora.eu\/","logo":{"@type":"ImageObject","inLanguage":"en-US","@id":"https:\/\/gastora.eu\/#\/schema\/logo\/image\/","url":"https:\/\/gastora.eu\/wp-content\/uploads\/2025\/12\/ChatGPT-Image-2-janv.-2026-22_52_47-1.png","contentUrl":"https:\/\/gastora.eu\/wp-content\/uploads\/2025\/12\/ChatGPT-Image-2-janv.-2026-22_52_47-1.png","width":1536,"height":320,"caption":"Gastora"},"image":{"@id":"https:\/\/gastora.eu\/#\/schema\/logo\/image\/"}}]}},"jetpack_sharing_enabled":true,"_links":{"self":[{"href":"https:\/\/gastora.eu\/en\/wp-json\/wp\/v2\/product\/14020","targetHints":{"allow":["GET"]}}],"collection":[{"href":"https:\/\/gastora.eu\/en\/wp-json\/wp\/v2\/product"}],"about":[{"href":"https:\/\/gastora.eu\/en\/wp-json\/wp\/v2\/types\/product"}],"wp:featuredmedia":[{"embeddable":true,"href":"https:\/\/gastora.eu\/en\/wp-json\/wp\/v2\/media\/6789"}],"wp:attachment":[{"href":"https:\/\/gastora.eu\/en\/wp-json\/wp\/v2\/media?parent=14020"}],"wp:term":[{"taxonomy":"product_brand","embeddable":true,"href":"https:\/\/gastora.eu\/en\/wp-json\/wp\/v2\/product_brand?post=14020"},{"taxonomy":"product_cat","embeddable":true,"href":"https:\/\/gastora.eu\/en\/wp-json\/wp\/v2\/product_cat?post=14020"},{"taxonomy":"product_tag","embeddable":true,"href":"https:\/\/gastora.eu\/en\/wp-json\/wp\/v2\/product_tag?post=14020"}],"curies":[{"name":"wp","href":"https:\/\/api.w.org\/{rel}","templated":true}]}}