{"id":14019,"date":"2026-04-25T17:41:41","date_gmt":"2026-04-25T17:41:41","guid":{"rendered":"https:\/\/gastora.eu\/?post_type=product&#038;p=14019"},"modified":"2026-04-28T16:55:45","modified_gmt":"2026-04-28T16:55:45","slug":"gril-de-qualit-commerciale-lisse-unit-double-profondeur-60-cm-gaz","status":"publish","type":"product","link":"https:\/\/gastora.eu\/en\/product\/gril-de-qualit-commerciale-lisse-unit-double-profondeur-60-cm-gaz\/","title":{"rendered":"Gril de qualit\u00e9 commerciale &#8211; lisse &#8211; unit\u00e9 double &#8211; profondeur 60 cm &#8211; gaz"},"content":{"rendered":"<p>Le gril est une technique de cuisson qui donne une saveur suppl\u00e9mentaire aux plats que vous servez. Gr\u00e2ce aux temp\u00e9ratures \u00e9lev\u00e9es de la plaque de gril, les vitamines et les saveurs sont pr\u00e9serv\u00e9es. Cette plaque de cuisson professionnelle dot\u00e9e d&#8217;une grille \u00e0 combustion douce est parfaite pour les restaurants, caf\u00e9s, cantines d&#8217;entreprise, food trucks et autres \u00e9tablissements de restauration. La plaque de cuisson est con\u00e7ue pour distribuer la chaleur de mani\u00e8re uniforme afin que les ingr\u00e9dients soient cuits simultan\u00e9ment. Une protection contre les \u00e9claboussures en acier inoxydable est install\u00e9e \u00e0 l&#8217;arri\u00e8re et sur les c\u00f4t\u00e9s pour \u00e9viter les projections d&#8217;huile <\/p>\n<h3>Pour une utilisation dans une ligne de cuisson<\/h3>\n<p>Cette plancha professionnelle est \u00e9quip\u00e9e d&#8217;une grande sortie pour faciliter son utilisation. La plaque de gril fonctionne au gaz et est \u00e9quip\u00e9e d&#8217;une veilleuse et d&#8217;une soupape de s\u00e9curit\u00e9 gaz avec un thermocouple. Vous pouvez utiliser la plancha avec du GPL ou du gaz naturel. Pour rendre l&#8217;utilisation de la plancha encore plus efficace, les zones de cuisson fonctionnent ind\u00e9pendamment les unes des autres. Gr\u00e2ce au grand bac de r\u00e9cup\u00e9ration de 1 litre, cette plaque de gril peut \u00eatre utilis\u00e9e en toute s\u00e9curit\u00e9. La plaque de gril peut \u00eatre plac\u00e9e ind\u00e9pendamment, au sein d&#8217;une ligne de cuisson, ou sur un chariot en acier inoxydable, qui peut \u00eatre command\u00e9 s\u00e9par\u00e9ment.<\/p>\n<h3>Bac de r\u00e9cup\u00e9ration amovible<\/h3>\n<p>Le nettoyage de cette plancha professionnelle est tr\u00e8s facile. Le bac de r\u00e9cup\u00e9ration est amovible et le bo\u00eetier est en acier inoxydable. Pour le nettoyage, utilisez un chiffon humide, de l&#8217;eau chaude et un d\u00e9tergent doux. Avant de commencer \u00e0 nettoyer, \u00e9liminez les r\u00e9sidus alimentaires grossiers \u00e0 l&#8217;aide d&#8217;un grattoir. Vous voulez enlever les salet\u00e9s tenaces ? Chauffez le gril \u00e0 70\u00baC et nettoyez la surface avec un chiffon. Il est toutefois conseill\u00e9 de porter des gants pour \u00e9viter de se br\u00fbler les doigts lors du nettoyage.<\/p>\n<ul>\n<li>Con\u00e7u pour une r\u00e9partition uniforme de la chaleur<\/li>\n<li>Grand trou d&#8217;\u00e9vacuation pour faciliter l&#8217;utilisation et le nettoyage<\/li>\n<li>Grand tiroir de r\u00e9cup\u00e9ration des graisses d&#8217;une capacit\u00e9 de 1 litre<\/li>\n<li>Pare-\u00e9claboussures \u00e9lev\u00e9s en acier inoxydable \u00e0 l&#8217;arri\u00e8re et sur les c\u00f4t\u00e9s pour le confort d&#8217;utilisation<\/li>\n<li>Contr\u00f4le de la temp\u00e9rature entre 50 et 300 degr\u00e9s Celsius <\/li>\n<li>Zones de cuisson contr\u00f4l\u00e9es ind\u00e9pendamment pour une utilisation efficace.<\/li>\n<li>Chauffage rapide gr\u00e2ce aux br\u00fbleurs en acier inoxydable<\/li>\n<li>Allumage par \u00e9tincelle Piezzo<\/li>\n<li>Dispositifs de s\u00e9curit\u00e9 en cas de d\u00e9faillance de la flamme<\/li>\n<li>Facile \u00e0 nettoyer<\/li>\n<li>Poids net : 33 kg<\/li>\n<li>Dimensions : L600 x P600 x H240 mm<\/li>\n<li>Puissance : 5,0 kW<\/li>\n<\/ul>\n<ul>\n<li>Injecteurs de gaz pr\u00e9install\u00e9s : G25 &#8211; Gaz naturel<\/li>\n<li>Injecteurs de gaz suppl\u00e9mentaires install\u00e9s : G30 &#8211; GPL (Propane \/ Butane)<\/li>\n<\/ul>\n<p>Outre la surface lisse, une plaque \u00e0 surface rainur\u00e9e est \u00e9galement disponible.<\/p>\n<ul>\n<li>Poids net : 33kg\n<\/li>\n<li>Dimensions : B60 x D60 x H24cm\n<\/li>\n<li>Puissance de sortie : 5.0 kW\n<\/li>\n<li>Injecteurs de gaz install\u00e9s : G25 <\/li>\n<li>gaz naturel\n<\/li>\n<li>Jeu suppl\u00e9mentaire d&#8217;injecteurs de gaz : G30 <\/li>\n<li>GPL (propane\/butane)<br \/>","protected":false},"excerpt":{"rendered":"<p>Sur cette plaque de gril \u00e0 gaz avec plaque de gril lisse, vous pouvez pr\u00e9parer les plus d\u00e9licieux plats de viande et de poisson pour les restaurants, caf\u00e9s, cantines et autres \u00e9tablissements de restauration. La plancha est faite pour une utilisation quotidienne intensive et peut \u00eatre plac\u00e9e dans une ligne de cuisson.<\/p>","protected":false},"featured_media":6787,"template":"","meta":{"_acf_changed":false},"product_brand":[],"product_cat":[495],"product_tag":[],"class_list":{"0":"post-14019","1":"product","2":"type-product","3":"status-publish","4":"has-post-thumbnail","6":"product_cat-plaques-pianos-de-cuisson-2","8":"first","9":"instock","10":"sale","11":"taxable","12":"shipping-taxable","13":"purchasable","14":"product-type-simple"},"acf":[],"yoast_head":"<!-- This site is optimized with the Yoast SEO plugin v27.5 - https:\/\/yoast.com\/product\/yoast-seo-wordpress\/ -->\n<title>Gril de qualit\u00e9 commerciale - lisse - unit\u00e9 double - profondeur 60 cm - gaz - Gastora<\/title>\n<meta name=\"description\" content=\"Achetez Gril de qualit\u00e9 commerciale - lisse - unit\u00e9 double - profondeur 60 cm - gaz au meilleur prix, fiable et performant avec une livraison rapide\" \/>\n<meta name=\"robots\" content=\"index, follow, max-snippet:-1, max-image-preview:large, max-video-preview:-1\" \/>\n<link rel=\"canonical\" href=\"https:\/\/gastora.eu\/en\/product\/gril-de-qualit-commerciale-lisse-unit-double-profondeur-60-cm-gaz\/\" \/>\n<meta property=\"og:locale\" content=\"en_US\" \/>\n<meta property=\"og:type\" content=\"article\" \/>\n<meta property=\"og:title\" content=\"Gril de qualit\u00e9 commerciale - lisse - unit\u00e9 double - profondeur 60 cm - gaz - Gastora\" \/>\n<meta property=\"og:description\" content=\"Achetez Gril de qualit\u00e9 commerciale - lisse - unit\u00e9 double - profondeur 60 cm - gaz au meilleur prix, fiable et performant avec une livraison rapide\" \/>\n<meta property=\"og:url\" content=\"https:\/\/gastora.eu\/en\/product\/gril-de-qualit-commerciale-lisse-unit-double-profondeur-60-cm-gaz\/\" \/>\n<meta property=\"og:site_name\" content=\"Gastora\" \/>\n<meta property=\"article:modified_time\" content=\"2026-04-28T16:55:45+00:00\" \/>\n<meta name=\"twitter:card\" content=\"summary_large_image\" \/>\n<meta name=\"twitter:label1\" content=\"Est. reading time\" \/>\n\t<meta name=\"twitter:data1\" content=\"3 minutes\" \/>\n<script type=\"application\/ld+json\" class=\"yoast-schema-graph\">{\"@context\":\"https:\\\/\\\/schema.org\",\"@graph\":[{\"@type\":\"WebPage\",\"@id\":\"https:\\\/\\\/gastora.eu\\\/product\\\/gril-de-qualit-commerciale-lisse-unit-double-profondeur-60-cm-gaz\\\/\",\"url\":\"https:\\\/\\\/gastora.eu\\\/product\\\/gril-de-qualit-commerciale-lisse-unit-double-profondeur-60-cm-gaz\\\/\",\"name\":\"Gril de qualit\u00e9 commerciale - lisse - unit\u00e9 double - profondeur 60 cm - gaz - Gastora\",\"isPartOf\":{\"@id\":\"https:\\\/\\\/gastora.eu\\\/#website\"},\"primaryImageOfPage\":{\"@id\":\"https:\\\/\\\/gastora.eu\\\/product\\\/gril-de-qualit-commerciale-lisse-unit-double-profondeur-60-cm-gaz\\\/#primaryimage\"},\"image\":{\"@id\":\"https:\\\/\\\/gastora.eu\\\/product\\\/gril-de-qualit-commerciale-lisse-unit-double-profondeur-60-cm-gaz\\\/#primaryimage\"},\"thumbnailUrl\":\"https:\\\/\\\/gastora.eu\\\/wp-content\\\/uploads\\\/2026\\\/04\\\/sp-005-61656e91d751c.jpg\",\"datePublished\":\"2026-04-25T17:41:41+00:00\",\"dateModified\":\"2026-04-28T16:55:45+00:00\",\"description\":\"Achetez Gril de qualit\u00e9 commerciale - lisse - unit\u00e9 double - profondeur 60 cm - gaz au meilleur prix, fiable et performant avec une livraison rapide\",\"breadcrumb\":{\"@id\":\"https:\\\/\\\/gastora.eu\\\/product\\\/gril-de-qualit-commerciale-lisse-unit-double-profondeur-60-cm-gaz\\\/#breadcrumb\"},\"inLanguage\":\"en-US\",\"potentialAction\":[{\"@type\":\"ReadAction\",\"target\":[\"https:\\\/\\\/gastora.eu\\\/product\\\/gril-de-qualit-commerciale-lisse-unit-double-profondeur-60-cm-gaz\\\/\"]}]},{\"@type\":\"ImageObject\",\"inLanguage\":\"en-US\",\"@id\":\"https:\\\/\\\/gastora.eu\\\/product\\\/gril-de-qualit-commerciale-lisse-unit-double-profondeur-60-cm-gaz\\\/#primaryimage\",\"url\":\"https:\\\/\\\/gastora.eu\\\/wp-content\\\/uploads\\\/2026\\\/04\\\/sp-005-61656e91d751c.jpg\",\"contentUrl\":\"https:\\\/\\\/gastora.eu\\\/wp-content\\\/uploads\\\/2026\\\/04\\\/sp-005-61656e91d751c.jpg\",\"width\":1024,\"height\":1024},{\"@type\":\"BreadcrumbList\",\"@id\":\"https:\\\/\\\/gastora.eu\\\/product\\\/gril-de-qualit-commerciale-lisse-unit-double-profondeur-60-cm-gaz\\\/#breadcrumb\",\"itemListElement\":[{\"@type\":\"ListItem\",\"position\":1,\"name\":\"Home\",\"item\":\"https:\\\/\\\/gastora.eu\\\/\"},{\"@type\":\"ListItem\",\"position\":2,\"name\":\"Shop\",\"item\":\"https:\\\/\\\/gastora.eu\\\/shop\\\/\"},{\"@type\":\"ListItem\",\"position\":3,\"name\":\"Gril de qualit\u00e9 commerciale &#8211; lisse &#8211; unit\u00e9 double &#8211; profondeur 60 cm &#8211; gaz\"}]},{\"@type\":\"WebSite\",\"@id\":\"https:\\\/\\\/gastora.eu\\\/#website\",\"url\":\"https:\\\/\\\/gastora.eu\\\/\",\"name\":\"Gastora\",\"description\":\"\u00c9quipements professionnels CHR\",\"publisher\":{\"@id\":\"https:\\\/\\\/gastora.eu\\\/#organization\"},\"potentialAction\":[{\"@type\":\"SearchAction\",\"target\":{\"@type\":\"EntryPoint\",\"urlTemplate\":\"https:\\\/\\\/gastora.eu\\\/?s={search_term_string}\"},\"query-input\":{\"@type\":\"PropertyValueSpecification\",\"valueRequired\":true,\"valueName\":\"search_term_string\"}}],\"inLanguage\":\"en-US\"},{\"@type\":\"Organization\",\"@id\":\"https:\\\/\\\/gastora.eu\\\/#organization\",\"name\":\"Gastora\",\"url\":\"https:\\\/\\\/gastora.eu\\\/\",\"logo\":{\"@type\":\"ImageObject\",\"inLanguage\":\"en-US\",\"@id\":\"https:\\\/\\\/gastora.eu\\\/#\\\/schema\\\/logo\\\/image\\\/\",\"url\":\"https:\\\/\\\/gastora.eu\\\/wp-content\\\/uploads\\\/2025\\\/12\\\/ChatGPT-Image-2-janv.-2026-22_52_47-1.png\",\"contentUrl\":\"https:\\\/\\\/gastora.eu\\\/wp-content\\\/uploads\\\/2025\\\/12\\\/ChatGPT-Image-2-janv.-2026-22_52_47-1.png\",\"width\":1536,\"height\":320,\"caption\":\"Gastora\"},\"image\":{\"@id\":\"https:\\\/\\\/gastora.eu\\\/#\\\/schema\\\/logo\\\/image\\\/\"}}]}<\/script>\n<!-- \/ Yoast SEO plugin. -->","yoast_head_json":{"title":"Gril de qualit\u00e9 commerciale - lisse - unit\u00e9 double - profondeur 60 cm - gaz - Gastora","description":"Achetez Gril de qualit\u00e9 commerciale - lisse - unit\u00e9 double - profondeur 60 cm - gaz au meilleur prix, fiable et performant avec une livraison rapide","robots":{"index":"index","follow":"follow","max-snippet":"max-snippet:-1","max-image-preview":"max-image-preview:large","max-video-preview":"max-video-preview:-1"},"canonical":"https:\/\/gastora.eu\/en\/product\/gril-de-qualit-commerciale-lisse-unit-double-profondeur-60-cm-gaz\/","og_locale":"en_US","og_type":"article","og_title":"Gril de qualit\u00e9 commerciale - lisse - unit\u00e9 double - profondeur 60 cm - gaz - Gastora","og_description":"Achetez Gril de qualit\u00e9 commerciale - lisse - unit\u00e9 double - profondeur 60 cm - gaz au meilleur prix, fiable et performant avec une livraison rapide","og_url":"https:\/\/gastora.eu\/en\/product\/gril-de-qualit-commerciale-lisse-unit-double-profondeur-60-cm-gaz\/","og_site_name":"Gastora","article_modified_time":"2026-04-28T16:55:45+00:00","twitter_card":"summary_large_image","twitter_misc":{"Est. reading time":"3 minutes"},"schema":{"@context":"https:\/\/schema.org","@graph":[{"@type":"WebPage","@id":"https:\/\/gastora.eu\/product\/gril-de-qualit-commerciale-lisse-unit-double-profondeur-60-cm-gaz\/","url":"https:\/\/gastora.eu\/product\/gril-de-qualit-commerciale-lisse-unit-double-profondeur-60-cm-gaz\/","name":"Gril de qualit\u00e9 commerciale - lisse - unit\u00e9 double - profondeur 60 cm - gaz - Gastora","isPartOf":{"@id":"https:\/\/gastora.eu\/#website"},"primaryImageOfPage":{"@id":"https:\/\/gastora.eu\/product\/gril-de-qualit-commerciale-lisse-unit-double-profondeur-60-cm-gaz\/#primaryimage"},"image":{"@id":"https:\/\/gastora.eu\/product\/gril-de-qualit-commerciale-lisse-unit-double-profondeur-60-cm-gaz\/#primaryimage"},"thumbnailUrl":"https:\/\/gastora.eu\/wp-content\/uploads\/2026\/04\/sp-005-61656e91d751c.jpg","datePublished":"2026-04-25T17:41:41+00:00","dateModified":"2026-04-28T16:55:45+00:00","description":"Achetez Gril de qualit\u00e9 commerciale - lisse - unit\u00e9 double - profondeur 60 cm - gaz au meilleur prix, fiable et performant avec une livraison rapide","breadcrumb":{"@id":"https:\/\/gastora.eu\/product\/gril-de-qualit-commerciale-lisse-unit-double-profondeur-60-cm-gaz\/#breadcrumb"},"inLanguage":"en-US","potentialAction":[{"@type":"ReadAction","target":["https:\/\/gastora.eu\/product\/gril-de-qualit-commerciale-lisse-unit-double-profondeur-60-cm-gaz\/"]}]},{"@type":"ImageObject","inLanguage":"en-US","@id":"https:\/\/gastora.eu\/product\/gril-de-qualit-commerciale-lisse-unit-double-profondeur-60-cm-gaz\/#primaryimage","url":"https:\/\/gastora.eu\/wp-content\/uploads\/2026\/04\/sp-005-61656e91d751c.jpg","contentUrl":"https:\/\/gastora.eu\/wp-content\/uploads\/2026\/04\/sp-005-61656e91d751c.jpg","width":1024,"height":1024},{"@type":"BreadcrumbList","@id":"https:\/\/gastora.eu\/product\/gril-de-qualit-commerciale-lisse-unit-double-profondeur-60-cm-gaz\/#breadcrumb","itemListElement":[{"@type":"ListItem","position":1,"name":"Home","item":"https:\/\/gastora.eu\/"},{"@type":"ListItem","position":2,"name":"Shop","item":"https:\/\/gastora.eu\/shop\/"},{"@type":"ListItem","position":3,"name":"Gril de qualit\u00e9 commerciale &#8211; lisse &#8211; unit\u00e9 double &#8211; profondeur 60 cm &#8211; gaz"}]},{"@type":"WebSite","@id":"https:\/\/gastora.eu\/#website","url":"https:\/\/gastora.eu\/","name":"Gastora","description":"\u00c9quipements professionnels CHR","publisher":{"@id":"https:\/\/gastora.eu\/#organization"},"potentialAction":[{"@type":"SearchAction","target":{"@type":"EntryPoint","urlTemplate":"https:\/\/gastora.eu\/?s={search_term_string}"},"query-input":{"@type":"PropertyValueSpecification","valueRequired":true,"valueName":"search_term_string"}}],"inLanguage":"en-US"},{"@type":"Organization","@id":"https:\/\/gastora.eu\/#organization","name":"Gastora","url":"https:\/\/gastora.eu\/","logo":{"@type":"ImageObject","inLanguage":"en-US","@id":"https:\/\/gastora.eu\/#\/schema\/logo\/image\/","url":"https:\/\/gastora.eu\/wp-content\/uploads\/2025\/12\/ChatGPT-Image-2-janv.-2026-22_52_47-1.png","contentUrl":"https:\/\/gastora.eu\/wp-content\/uploads\/2025\/12\/ChatGPT-Image-2-janv.-2026-22_52_47-1.png","width":1536,"height":320,"caption":"Gastora"},"image":{"@id":"https:\/\/gastora.eu\/#\/schema\/logo\/image\/"}}]}},"jetpack_sharing_enabled":true,"_links":{"self":[{"href":"https:\/\/gastora.eu\/en\/wp-json\/wp\/v2\/product\/14019","targetHints":{"allow":["GET"]}}],"collection":[{"href":"https:\/\/gastora.eu\/en\/wp-json\/wp\/v2\/product"}],"about":[{"href":"https:\/\/gastora.eu\/en\/wp-json\/wp\/v2\/types\/product"}],"wp:featuredmedia":[{"embeddable":true,"href":"https:\/\/gastora.eu\/en\/wp-json\/wp\/v2\/media\/6787"}],"wp:attachment":[{"href":"https:\/\/gastora.eu\/en\/wp-json\/wp\/v2\/media?parent=14019"}],"wp:term":[{"taxonomy":"product_brand","embeddable":true,"href":"https:\/\/gastora.eu\/en\/wp-json\/wp\/v2\/product_brand?post=14019"},{"taxonomy":"product_cat","embeddable":true,"href":"https:\/\/gastora.eu\/en\/wp-json\/wp\/v2\/product_cat?post=14019"},{"taxonomy":"product_tag","embeddable":true,"href":"https:\/\/gastora.eu\/en\/wp-json\/wp\/v2\/product_tag?post=14019"}],"curies":[{"name":"wp","href":"https:\/\/api.w.org\/{rel}","templated":true}]}}