{"id":14016,"date":"2026-04-25T17:41:36","date_gmt":"2026-04-25T17:41:36","guid":{"rendered":"https:\/\/gastora.eu\/?post_type=product&#038;p=14016"},"modified":"2026-04-28T16:55:43","modified_gmt":"2026-04-28T16:55:43","slug":"chargrill-de-qualit-commerciale-unit-double-60-cm-de-profondeur-gaz","status":"publish","type":"product","link":"https:\/\/gastora.eu\/en\/product\/chargrill-de-qualit-commerciale-unit-double-60-cm-de-profondeur-gaz\/","title":{"rendered":"Chargrill de qualit\u00e9 commerciale &#8211; unit\u00e9 double &#8211; 60 cm de profondeur &#8211; gaz"},"content":{"rendered":"<p>Ce gril professionnel conf\u00e8re \u00e0 la viande, au poisson et aux l\u00e9gumes la saveur caract\u00e9ristique du charbon de bois. De construction robuste, il convient \u00e0 un usage quotidien intensif dans les restaurants, les h\u00f4tels et autres \u00e9tablissements de restauration. Gr\u00e2ce \u00e0 sa taille compacte, vous pouvez facilement le d\u00e9placer dans votre cuisine. La protection contre les \u00e9claboussures est faite d&#8217;une seule pi\u00e8ce d&#8217;acier inoxydable et emp\u00eache la graisse d&#8217;\u00e9clabousser. La conception sp\u00e9ciale assure l&#8217;\u00e9coulement s\u00fbr de la graisse, sans risque d&#8217;\u00e9ruption.<\/p>\n<h3>Convient pour le montage dans une ligne de cuisson<\/h3>\n<p>Ce gril peut \u00eatre mont\u00e9 sur une ligne de cuisson. Il est en outre \u00e9quip\u00e9 d&#8217;un grand bac de r\u00e9cup\u00e9ration des graisses. L&#8217;avantage est que vous pouvez griller en continu pour servir vos invit\u00e9s. Les grilles en fonte r\u00e9versibles sont faciles \u00e0 retirer pour le nettoyage. Le puissant \u00e9l\u00e9ment chauffant garantit que le chargrill chauffe partout et que les produits sont cuits uniform\u00e9ment. Le gril peut \u00eatre aliment\u00e9 au GPL ou au gaz naturel.<\/p>\n<h3>Fabriqu\u00e9 en acier inoxydable de haute qualit\u00e9<\/h3>\n<p>Toutes les pi\u00e8ces du gril peuvent \u00eatre facilement d\u00e9mont\u00e9es pour un nettoyage en profondeur. Les composants robustes et le dessus soud\u00e9 sans joints emp\u00eachent les r\u00e9sidus de nourriture de s&#8217;accumuler. Le bo\u00eetier en acier inoxydable se nettoie rapidement et facilement avec un chiffon humide, de l&#8217;eau ti\u00e8de et un d\u00e9tergent doux. Les pieds en caoutchouc conf\u00e8rent au gril une stabilit\u00e9 accrue pendant l&#8217;utilisation. Vous pouvez \u00e9galement placer le gril sur un support, qui peut \u00eatre command\u00e9 s\u00e9par\u00e9ment. Ainsi, vous travaillez toujours \u00e0 la bonne hauteur et vous disposez d&#8217;un espace de rangement suppl\u00e9mentaire pour les casseroles et les po\u00eales.<\/p>\n<p><strong>Caract\u00e9ristiques<\/strong><\/p>\n<ul>\n<li>Protection anti-\u00e9claboussures robuste en acier inoxydable d&#8217;une seule pi\u00e8ce<\/li>\n<li>Grilles en fonte amovibles pour faciliter le nettoyage<\/li>\n<li>Grand tiroir de r\u00e9cup\u00e9ration des graisses sur la face avant<\/li>\n<li>Grilles en fonte r\u00e9versibles pour l&#8217;autonettoyage<\/li>\n<li>Grilles de cuisson en fonte tr\u00e8s r\u00e9sistantes avec radians de cuisson et pare-flammes sur chaque br\u00fbleur<\/li>\n<li>Taille compacte pour une mise en place facile<\/li>\n<\/ul>\n<p><strong>Sp\u00e9cifications des produits<\/strong><\/p>\n<ul>\n<li>Poids net : 51 kg<\/li>\n<li>Dimensions : B60 x D60 x H34cm<\/li>\n<li>Puissance totale : 9,0 kW<\/li>\n<li>Injecteurs de gaz pr\u00e9install\u00e9s : G25 &#8211; Gaz naturel<\/li>\n<li>Injecteurs de gaz suppl\u00e9mentaires : G30 &#8211; GPL (Propane \/ Butane)<\/li>\n<\/ul>","protected":false},"excerpt":{"rendered":"<p>Pr\u00e9parez la viande et les l\u00e9gumes comme s&#8217;ils \u00e9taient grill\u00e9s sur du charbon de bois avec ce gril \u00e0 gaz professionnel pour la restauration. Ce gril est facile \u00e0 utiliser et id\u00e9al pour une utilisation quotidienne. Ce gril robuste peut \u00eatre install\u00e9 dans une ligne de cuisson de 600 mm de profondeur. Les parties du gril sont amovibles, ce qui facilite le nettoyage du gril.<\/p>","protected":false},"featured_media":6781,"template":"","meta":{"_acf_changed":false},"product_brand":[],"product_cat":[495],"product_tag":[],"class_list":{"0":"post-14016","1":"product","2":"type-product","3":"status-publish","4":"has-post-thumbnail","6":"product_cat-plaques-pianos-de-cuisson-2","8":"first","9":"instock","10":"sale","11":"taxable","12":"shipping-taxable","13":"purchasable","14":"product-type-simple"},"acf":[],"yoast_head":"<!-- This site is optimized with the Yoast SEO plugin v27.5 - https:\/\/yoast.com\/product\/yoast-seo-wordpress\/ -->\n<title>Chargrill de qualit\u00e9 commerciale - unit\u00e9 double - 60 cm de profondeur - gaz - Gastora<\/title>\n<meta name=\"description\" content=\"Achetez Chargrill de qualit\u00e9 commerciale - unit\u00e9 double - 60 cm de profondeur - gaz au meilleur prix, fiable et performant avec une livraison rapide\" \/>\n<meta name=\"robots\" content=\"index, follow, max-snippet:-1, max-image-preview:large, max-video-preview:-1\" \/>\n<link rel=\"canonical\" href=\"https:\/\/gastora.eu\/en\/product\/chargrill-de-qualit-commerciale-unit-double-60-cm-de-profondeur-gaz\/\" \/>\n<meta property=\"og:locale\" content=\"en_US\" \/>\n<meta property=\"og:type\" content=\"article\" \/>\n<meta property=\"og:title\" content=\"Chargrill de qualit\u00e9 commerciale - unit\u00e9 double - 60 cm de profondeur - gaz - Gastora\" \/>\n<meta property=\"og:description\" content=\"Achetez Chargrill de qualit\u00e9 commerciale - unit\u00e9 double - 60 cm de profondeur - gaz au meilleur prix, fiable et performant avec une livraison rapide\" \/>\n<meta property=\"og:url\" content=\"https:\/\/gastora.eu\/en\/product\/chargrill-de-qualit-commerciale-unit-double-60-cm-de-profondeur-gaz\/\" \/>\n<meta property=\"og:site_name\" content=\"Gastora\" \/>\n<meta property=\"article:modified_time\" content=\"2026-04-28T16:55:43+00:00\" \/>\n<meta name=\"twitter:card\" content=\"summary_large_image\" \/>\n<meta name=\"twitter:label1\" content=\"Est. reading time\" \/>\n\t<meta name=\"twitter:data1\" content=\"2 minutes\" \/>\n<script type=\"application\/ld+json\" class=\"yoast-schema-graph\">{\"@context\":\"https:\\\/\\\/schema.org\",\"@graph\":[{\"@type\":\"WebPage\",\"@id\":\"https:\\\/\\\/gastora.eu\\\/product\\\/chargrill-de-qualit-commerciale-unit-double-60-cm-de-profondeur-gaz\\\/\",\"url\":\"https:\\\/\\\/gastora.eu\\\/product\\\/chargrill-de-qualit-commerciale-unit-double-60-cm-de-profondeur-gaz\\\/\",\"name\":\"Chargrill de qualit\u00e9 commerciale - unit\u00e9 double - 60 cm de profondeur - gaz - Gastora\",\"isPartOf\":{\"@id\":\"https:\\\/\\\/gastora.eu\\\/#website\"},\"primaryImageOfPage\":{\"@id\":\"https:\\\/\\\/gastora.eu\\\/product\\\/chargrill-de-qualit-commerciale-unit-double-60-cm-de-profondeur-gaz\\\/#primaryimage\"},\"image\":{\"@id\":\"https:\\\/\\\/gastora.eu\\\/product\\\/chargrill-de-qualit-commerciale-unit-double-60-cm-de-profondeur-gaz\\\/#primaryimage\"},\"thumbnailUrl\":\"https:\\\/\\\/gastora.eu\\\/wp-content\\\/uploads\\\/2026\\\/04\\\/sp-005-61656e9180916.jpg\",\"datePublished\":\"2026-04-25T17:41:36+00:00\",\"dateModified\":\"2026-04-28T16:55:43+00:00\",\"description\":\"Achetez Chargrill de qualit\u00e9 commerciale - unit\u00e9 double - 60 cm de profondeur - gaz au meilleur prix, fiable et performant avec une livraison rapide\",\"breadcrumb\":{\"@id\":\"https:\\\/\\\/gastora.eu\\\/product\\\/chargrill-de-qualit-commerciale-unit-double-60-cm-de-profondeur-gaz\\\/#breadcrumb\"},\"inLanguage\":\"en-US\",\"potentialAction\":[{\"@type\":\"ReadAction\",\"target\":[\"https:\\\/\\\/gastora.eu\\\/product\\\/chargrill-de-qualit-commerciale-unit-double-60-cm-de-profondeur-gaz\\\/\"]}]},{\"@type\":\"ImageObject\",\"inLanguage\":\"en-US\",\"@id\":\"https:\\\/\\\/gastora.eu\\\/product\\\/chargrill-de-qualit-commerciale-unit-double-60-cm-de-profondeur-gaz\\\/#primaryimage\",\"url\":\"https:\\\/\\\/gastora.eu\\\/wp-content\\\/uploads\\\/2026\\\/04\\\/sp-005-61656e9180916.jpg\",\"contentUrl\":\"https:\\\/\\\/gastora.eu\\\/wp-content\\\/uploads\\\/2026\\\/04\\\/sp-005-61656e9180916.jpg\",\"width\":1024,\"height\":1024},{\"@type\":\"BreadcrumbList\",\"@id\":\"https:\\\/\\\/gastora.eu\\\/product\\\/chargrill-de-qualit-commerciale-unit-double-60-cm-de-profondeur-gaz\\\/#breadcrumb\",\"itemListElement\":[{\"@type\":\"ListItem\",\"position\":1,\"name\":\"Home\",\"item\":\"https:\\\/\\\/gastora.eu\\\/\"},{\"@type\":\"ListItem\",\"position\":2,\"name\":\"Shop\",\"item\":\"https:\\\/\\\/gastora.eu\\\/shop\\\/\"},{\"@type\":\"ListItem\",\"position\":3,\"name\":\"Chargrill de qualit\u00e9 commerciale &#8211; unit\u00e9 double &#8211; 60 cm de profondeur &#8211; gaz\"}]},{\"@type\":\"WebSite\",\"@id\":\"https:\\\/\\\/gastora.eu\\\/#website\",\"url\":\"https:\\\/\\\/gastora.eu\\\/\",\"name\":\"Gastora\",\"description\":\"\u00c9quipements professionnels CHR\",\"publisher\":{\"@id\":\"https:\\\/\\\/gastora.eu\\\/#organization\"},\"potentialAction\":[{\"@type\":\"SearchAction\",\"target\":{\"@type\":\"EntryPoint\",\"urlTemplate\":\"https:\\\/\\\/gastora.eu\\\/?s={search_term_string}\"},\"query-input\":{\"@type\":\"PropertyValueSpecification\",\"valueRequired\":true,\"valueName\":\"search_term_string\"}}],\"inLanguage\":\"en-US\"},{\"@type\":\"Organization\",\"@id\":\"https:\\\/\\\/gastora.eu\\\/#organization\",\"name\":\"Gastora\",\"url\":\"https:\\\/\\\/gastora.eu\\\/\",\"logo\":{\"@type\":\"ImageObject\",\"inLanguage\":\"en-US\",\"@id\":\"https:\\\/\\\/gastora.eu\\\/#\\\/schema\\\/logo\\\/image\\\/\",\"url\":\"https:\\\/\\\/gastora.eu\\\/wp-content\\\/uploads\\\/2025\\\/12\\\/ChatGPT-Image-2-janv.-2026-22_52_47-1.png\",\"contentUrl\":\"https:\\\/\\\/gastora.eu\\\/wp-content\\\/uploads\\\/2025\\\/12\\\/ChatGPT-Image-2-janv.-2026-22_52_47-1.png\",\"width\":1536,\"height\":320,\"caption\":\"Gastora\"},\"image\":{\"@id\":\"https:\\\/\\\/gastora.eu\\\/#\\\/schema\\\/logo\\\/image\\\/\"}}]}<\/script>\n<!-- \/ Yoast SEO plugin. -->","yoast_head_json":{"title":"Chargrill de qualit\u00e9 commerciale - unit\u00e9 double - 60 cm de profondeur - gaz - Gastora","description":"Achetez Chargrill de qualit\u00e9 commerciale - unit\u00e9 double - 60 cm de profondeur - gaz au meilleur prix, fiable et performant avec une livraison rapide","robots":{"index":"index","follow":"follow","max-snippet":"max-snippet:-1","max-image-preview":"max-image-preview:large","max-video-preview":"max-video-preview:-1"},"canonical":"https:\/\/gastora.eu\/en\/product\/chargrill-de-qualit-commerciale-unit-double-60-cm-de-profondeur-gaz\/","og_locale":"en_US","og_type":"article","og_title":"Chargrill de qualit\u00e9 commerciale - unit\u00e9 double - 60 cm de profondeur - gaz - Gastora","og_description":"Achetez Chargrill de qualit\u00e9 commerciale - unit\u00e9 double - 60 cm de profondeur - gaz au meilleur prix, fiable et performant avec une livraison rapide","og_url":"https:\/\/gastora.eu\/en\/product\/chargrill-de-qualit-commerciale-unit-double-60-cm-de-profondeur-gaz\/","og_site_name":"Gastora","article_modified_time":"2026-04-28T16:55:43+00:00","twitter_card":"summary_large_image","twitter_misc":{"Est. reading time":"2 minutes"},"schema":{"@context":"https:\/\/schema.org","@graph":[{"@type":"WebPage","@id":"https:\/\/gastora.eu\/product\/chargrill-de-qualit-commerciale-unit-double-60-cm-de-profondeur-gaz\/","url":"https:\/\/gastora.eu\/product\/chargrill-de-qualit-commerciale-unit-double-60-cm-de-profondeur-gaz\/","name":"Chargrill de qualit\u00e9 commerciale - unit\u00e9 double - 60 cm de profondeur - gaz - Gastora","isPartOf":{"@id":"https:\/\/gastora.eu\/#website"},"primaryImageOfPage":{"@id":"https:\/\/gastora.eu\/product\/chargrill-de-qualit-commerciale-unit-double-60-cm-de-profondeur-gaz\/#primaryimage"},"image":{"@id":"https:\/\/gastora.eu\/product\/chargrill-de-qualit-commerciale-unit-double-60-cm-de-profondeur-gaz\/#primaryimage"},"thumbnailUrl":"https:\/\/gastora.eu\/wp-content\/uploads\/2026\/04\/sp-005-61656e9180916.jpg","datePublished":"2026-04-25T17:41:36+00:00","dateModified":"2026-04-28T16:55:43+00:00","description":"Achetez Chargrill de qualit\u00e9 commerciale - unit\u00e9 double - 60 cm de profondeur - gaz au meilleur prix, fiable et performant avec une livraison rapide","breadcrumb":{"@id":"https:\/\/gastora.eu\/product\/chargrill-de-qualit-commerciale-unit-double-60-cm-de-profondeur-gaz\/#breadcrumb"},"inLanguage":"en-US","potentialAction":[{"@type":"ReadAction","target":["https:\/\/gastora.eu\/product\/chargrill-de-qualit-commerciale-unit-double-60-cm-de-profondeur-gaz\/"]}]},{"@type":"ImageObject","inLanguage":"en-US","@id":"https:\/\/gastora.eu\/product\/chargrill-de-qualit-commerciale-unit-double-60-cm-de-profondeur-gaz\/#primaryimage","url":"https:\/\/gastora.eu\/wp-content\/uploads\/2026\/04\/sp-005-61656e9180916.jpg","contentUrl":"https:\/\/gastora.eu\/wp-content\/uploads\/2026\/04\/sp-005-61656e9180916.jpg","width":1024,"height":1024},{"@type":"BreadcrumbList","@id":"https:\/\/gastora.eu\/product\/chargrill-de-qualit-commerciale-unit-double-60-cm-de-profondeur-gaz\/#breadcrumb","itemListElement":[{"@type":"ListItem","position":1,"name":"Home","item":"https:\/\/gastora.eu\/"},{"@type":"ListItem","position":2,"name":"Shop","item":"https:\/\/gastora.eu\/shop\/"},{"@type":"ListItem","position":3,"name":"Chargrill de qualit\u00e9 commerciale &#8211; unit\u00e9 double &#8211; 60 cm de profondeur &#8211; gaz"}]},{"@type":"WebSite","@id":"https:\/\/gastora.eu\/#website","url":"https:\/\/gastora.eu\/","name":"Gastora","description":"\u00c9quipements professionnels CHR","publisher":{"@id":"https:\/\/gastora.eu\/#organization"},"potentialAction":[{"@type":"SearchAction","target":{"@type":"EntryPoint","urlTemplate":"https:\/\/gastora.eu\/?s={search_term_string}"},"query-input":{"@type":"PropertyValueSpecification","valueRequired":true,"valueName":"search_term_string"}}],"inLanguage":"en-US"},{"@type":"Organization","@id":"https:\/\/gastora.eu\/#organization","name":"Gastora","url":"https:\/\/gastora.eu\/","logo":{"@type":"ImageObject","inLanguage":"en-US","@id":"https:\/\/gastora.eu\/#\/schema\/logo\/image\/","url":"https:\/\/gastora.eu\/wp-content\/uploads\/2025\/12\/ChatGPT-Image-2-janv.-2026-22_52_47-1.png","contentUrl":"https:\/\/gastora.eu\/wp-content\/uploads\/2025\/12\/ChatGPT-Image-2-janv.-2026-22_52_47-1.png","width":1536,"height":320,"caption":"Gastora"},"image":{"@id":"https:\/\/gastora.eu\/#\/schema\/logo\/image\/"}}]}},"jetpack_sharing_enabled":true,"_links":{"self":[{"href":"https:\/\/gastora.eu\/en\/wp-json\/wp\/v2\/product\/14016","targetHints":{"allow":["GET"]}}],"collection":[{"href":"https:\/\/gastora.eu\/en\/wp-json\/wp\/v2\/product"}],"about":[{"href":"https:\/\/gastora.eu\/en\/wp-json\/wp\/v2\/types\/product"}],"wp:featuredmedia":[{"embeddable":true,"href":"https:\/\/gastora.eu\/en\/wp-json\/wp\/v2\/media\/6781"}],"wp:attachment":[{"href":"https:\/\/gastora.eu\/en\/wp-json\/wp\/v2\/media?parent=14016"}],"wp:term":[{"taxonomy":"product_brand","embeddable":true,"href":"https:\/\/gastora.eu\/en\/wp-json\/wp\/v2\/product_brand?post=14016"},{"taxonomy":"product_cat","embeddable":true,"href":"https:\/\/gastora.eu\/en\/wp-json\/wp\/v2\/product_cat?post=14016"},{"taxonomy":"product_tag","embeddable":true,"href":"https:\/\/gastora.eu\/en\/wp-json\/wp\/v2\/product_tag?post=14016"}],"curies":[{"name":"wp","href":"https:\/\/api.w.org\/{rel}","templated":true}]}}