{"id":14015,"date":"2026-04-25T17:41:35","date_gmt":"2026-04-25T17:41:35","guid":{"rendered":"https:\/\/gastora.eu\/?post_type=product&#038;p=14015"},"modified":"2026-04-28T16:55:43","modified_gmt":"2026-04-28T16:55:43","slug":"cuiseur-wok-28-cm-anneau-de-cuisson-profondeur-60-cm-gaz","status":"publish","type":"product","link":"https:\/\/gastora.eu\/en\/product\/cuiseur-wok-28-cm-anneau-de-cuisson-profondeur-60-cm-gaz\/","title":{"rendered":"Cuiseur Wok &#8211; \u00d828 cm anneau de cuisson &#8211; profondeur 60 cm &#8211; gaz"},"content":{"rendered":"<p>Lors de la pr\u00e9paration des aliments, la saveur des ingr\u00e9dients ne doit pas \u00eatre perdue. En faisant sauter les plats, on conserve non seulement la saveur, mais aussi les vitamines et les nutriments. Ce cuiseur wok professionnel \u00e0 gaz avec un seul br\u00fbleur convient \u00e0 la pr\u00e9paration de viandes, de poulets et de l\u00e9gumes. Sur l&#8217;anneau en fonte durable de 28 cm de diam\u00e8tre, vous pouvez placer n&#8217;importe quelle po\u00eale wok adapt\u00e9e au gaz. Gr\u00e2ce \u00e0 sa construction robuste, \u00e0 son br\u00fbleur en fonte puissant et \u00e0 son anneau de po\u00eale durable, ce br\u00fbleur wok est id\u00e9al pour une utilisation quotidienne intensive dans la cuisine de restauration. Vous pouvez utiliser le r\u00e9chaud pendant des heures gr\u00e2ce au large bac de r\u00e9cup\u00e9ration facilement amovible.<\/p>\n<h3>Thermostat convivial<\/h3>\n<p>Ce mod\u00e8le compact de table peut \u00eatre plac\u00e9 sur une table ou un comptoir. Vous pouvez \u00e9galement commander le support en acier inoxydable sur lequel le cuiseur wok s&#8217;adapte parfaitement. Gr\u00e2ce au thermostat convivial, vous pouvez facilement r\u00e9gler la temp\u00e9rature id\u00e9ale. Le cuiseur wok est \u00e9quip\u00e9 d&#8217;une veilleuse et d&#8217;une soupape de s\u00e9curit\u00e9 gaz avec thermocouple. Vous pouvez l&#8217;utiliser avec du GPL ou du gaz naturel. Ce cuiseur peut \u00eatre utilis\u00e9 dans une ligne de cuisson.<\/p>\n<h3>Anneau de cuisson amovible<\/h3>\n<p>Le br\u00fbleur wok est \u00e9galement facile et rapide \u00e0 nettoyer. L&#8217;anneau de la casserole et le plateau d&#8217;\u00e9gouttage peuvent \u00eatre retir\u00e9s pour faciliter le nettoyage. Utilisez un chiffon humide, de l&#8217;eau chaude et un d\u00e9tergent doux pour l&#8217;ext\u00e9rieur et les parties mobiles. Apr\u00e8s le nettoyage, utilisez un chiffon doux pour s\u00e9cher les pi\u00e8ces avant la prochaine utilisation.<\/p>\n<p><strong>Caract\u00e9ristiques<\/strong><\/p>\n<ul>\n<li>Br\u00fbleurs en fonte tr\u00e8s puissants<\/li>\n<li>Anneau de cuisson en fonte durable et solide<\/li>\n<li>Anneau de cuisson amovible pour un nettoyage facile<\/li>\n<li>Avec un large bac de r\u00e9cup\u00e9ration pour une utilisation continue<\/li>\n<li>Le bac de r\u00e9cup\u00e9ration peut \u00eatre retir\u00e9 pour faciliter le nettoyage<\/li>\n<li>Flamme pilote et dispositif de s\u00e9curit\u00e9 en cas de d\u00e9faillance de la flamme<\/li>\n<\/ul>\n<p><strong>Caract\u00e9ristiques du produit<\/strong><\/p>\n<ul>\n<li>Poids net : 23 kg<\/li>\n<li>Dimensions : B40 x D60 x H34cm<\/li>\n<li>Puissance totale : 12,0 kW<\/li>\n<li>Injecteurs de gaz pr\u00e9install\u00e9s : G25 &#8211; Gaz naturel<\/li>\n<li>Injecteurs de gaz suppl\u00e9mentaires : G30 &#8211; GPL (Propane \/ Butane)<\/li>\n<\/ul>","protected":false},"excerpt":{"rendered":"<p>Ce cuiseur wok professionnel fonctionne au gaz et a une construction tr\u00e8s durable. Avec son anneau en fonte de 28 cm de diam\u00e8tre, il convient \u00e0 un usage quotidien intensif et peut \u00eatre plac\u00e9 dans une ligne de cuisson de 600 mm de profondeur. L&#8217;anneau et le bac de r\u00e9cup\u00e9ration amovibles facilitent le nettoyage du wok-cuiseur.<\/p>","protected":false},"featured_media":6779,"template":"","meta":{"_acf_changed":false},"product_brand":[],"product_cat":[495],"product_tag":[],"class_list":{"0":"post-14015","1":"product","2":"type-product","3":"status-publish","4":"has-post-thumbnail","6":"product_cat-plaques-pianos-de-cuisson-2","8":"first","9":"instock","10":"sale","11":"taxable","12":"shipping-taxable","13":"purchasable","14":"product-type-simple"},"acf":[],"yoast_head":"<!-- This site is optimized with the Yoast SEO plugin v27.5 - https:\/\/yoast.com\/product\/yoast-seo-wordpress\/ -->\n<title>Cuiseur Wok - \u00d828 cm anneau de cuisson - profondeur 60 cm - gaz - Gastora<\/title>\n<meta name=\"description\" content=\"Achetez Cuiseur Wok - \u00d828 cm anneau de cuisson - profondeur 60 cm - gaz au meilleur prix, fiable et performant avec une livraison rapide\" \/>\n<meta name=\"robots\" content=\"index, follow, max-snippet:-1, max-image-preview:large, max-video-preview:-1\" \/>\n<link rel=\"canonical\" href=\"https:\/\/gastora.eu\/en\/product\/cuiseur-wok-28-cm-anneau-de-cuisson-profondeur-60-cm-gaz\/\" \/>\n<meta property=\"og:locale\" content=\"en_US\" \/>\n<meta property=\"og:type\" content=\"article\" \/>\n<meta property=\"og:title\" content=\"Cuiseur Wok - \u00d828 cm anneau de cuisson - profondeur 60 cm - gaz - Gastora\" \/>\n<meta property=\"og:description\" content=\"Achetez Cuiseur Wok - \u00d828 cm anneau de cuisson - profondeur 60 cm - gaz au meilleur prix, fiable et performant avec une livraison rapide\" \/>\n<meta property=\"og:url\" content=\"https:\/\/gastora.eu\/en\/product\/cuiseur-wok-28-cm-anneau-de-cuisson-profondeur-60-cm-gaz\/\" \/>\n<meta property=\"og:site_name\" content=\"Gastora\" \/>\n<meta property=\"article:modified_time\" content=\"2026-04-28T16:55:43+00:00\" \/>\n<meta name=\"twitter:card\" content=\"summary_large_image\" \/>\n<meta name=\"twitter:label1\" content=\"Est. reading time\" \/>\n\t<meta name=\"twitter:data1\" content=\"2 minutes\" \/>\n<script type=\"application\/ld+json\" class=\"yoast-schema-graph\">{\"@context\":\"https:\\\/\\\/schema.org\",\"@graph\":[{\"@type\":\"WebPage\",\"@id\":\"https:\\\/\\\/gastora.eu\\\/product\\\/cuiseur-wok-28-cm-anneau-de-cuisson-profondeur-60-cm-gaz\\\/\",\"url\":\"https:\\\/\\\/gastora.eu\\\/product\\\/cuiseur-wok-28-cm-anneau-de-cuisson-profondeur-60-cm-gaz\\\/\",\"name\":\"Cuiseur Wok - \u00d828 cm anneau de cuisson - profondeur 60 cm - gaz - Gastora\",\"isPartOf\":{\"@id\":\"https:\\\/\\\/gastora.eu\\\/#website\"},\"primaryImageOfPage\":{\"@id\":\"https:\\\/\\\/gastora.eu\\\/product\\\/cuiseur-wok-28-cm-anneau-de-cuisson-profondeur-60-cm-gaz\\\/#primaryimage\"},\"image\":{\"@id\":\"https:\\\/\\\/gastora.eu\\\/product\\\/cuiseur-wok-28-cm-anneau-de-cuisson-profondeur-60-cm-gaz\\\/#primaryimage\"},\"thumbnailUrl\":\"https:\\\/\\\/gastora.eu\\\/wp-content\\\/uploads\\\/2026\\\/04\\\/sp-005-61656e916b4af.jpg\",\"datePublished\":\"2026-04-25T17:41:35+00:00\",\"dateModified\":\"2026-04-28T16:55:43+00:00\",\"description\":\"Achetez Cuiseur Wok - \u00d828 cm anneau de cuisson - profondeur 60 cm - gaz au meilleur prix, fiable et performant avec une livraison rapide\",\"breadcrumb\":{\"@id\":\"https:\\\/\\\/gastora.eu\\\/product\\\/cuiseur-wok-28-cm-anneau-de-cuisson-profondeur-60-cm-gaz\\\/#breadcrumb\"},\"inLanguage\":\"en-US\",\"potentialAction\":[{\"@type\":\"ReadAction\",\"target\":[\"https:\\\/\\\/gastora.eu\\\/product\\\/cuiseur-wok-28-cm-anneau-de-cuisson-profondeur-60-cm-gaz\\\/\"]}]},{\"@type\":\"ImageObject\",\"inLanguage\":\"en-US\",\"@id\":\"https:\\\/\\\/gastora.eu\\\/product\\\/cuiseur-wok-28-cm-anneau-de-cuisson-profondeur-60-cm-gaz\\\/#primaryimage\",\"url\":\"https:\\\/\\\/gastora.eu\\\/wp-content\\\/uploads\\\/2026\\\/04\\\/sp-005-61656e916b4af.jpg\",\"contentUrl\":\"https:\\\/\\\/gastora.eu\\\/wp-content\\\/uploads\\\/2026\\\/04\\\/sp-005-61656e916b4af.jpg\",\"width\":1024,\"height\":1024},{\"@type\":\"BreadcrumbList\",\"@id\":\"https:\\\/\\\/gastora.eu\\\/product\\\/cuiseur-wok-28-cm-anneau-de-cuisson-profondeur-60-cm-gaz\\\/#breadcrumb\",\"itemListElement\":[{\"@type\":\"ListItem\",\"position\":1,\"name\":\"Home\",\"item\":\"https:\\\/\\\/gastora.eu\\\/\"},{\"@type\":\"ListItem\",\"position\":2,\"name\":\"Shop\",\"item\":\"https:\\\/\\\/gastora.eu\\\/shop\\\/\"},{\"@type\":\"ListItem\",\"position\":3,\"name\":\"Cuiseur Wok &#8211; \u00d828 cm anneau de cuisson &#8211; profondeur 60 cm &#8211; gaz\"}]},{\"@type\":\"WebSite\",\"@id\":\"https:\\\/\\\/gastora.eu\\\/#website\",\"url\":\"https:\\\/\\\/gastora.eu\\\/\",\"name\":\"Gastora\",\"description\":\"\u00c9quipements professionnels CHR\",\"publisher\":{\"@id\":\"https:\\\/\\\/gastora.eu\\\/#organization\"},\"potentialAction\":[{\"@type\":\"SearchAction\",\"target\":{\"@type\":\"EntryPoint\",\"urlTemplate\":\"https:\\\/\\\/gastora.eu\\\/?s={search_term_string}\"},\"query-input\":{\"@type\":\"PropertyValueSpecification\",\"valueRequired\":true,\"valueName\":\"search_term_string\"}}],\"inLanguage\":\"en-US\"},{\"@type\":\"Organization\",\"@id\":\"https:\\\/\\\/gastora.eu\\\/#organization\",\"name\":\"Gastora\",\"url\":\"https:\\\/\\\/gastora.eu\\\/\",\"logo\":{\"@type\":\"ImageObject\",\"inLanguage\":\"en-US\",\"@id\":\"https:\\\/\\\/gastora.eu\\\/#\\\/schema\\\/logo\\\/image\\\/\",\"url\":\"https:\\\/\\\/gastora.eu\\\/wp-content\\\/uploads\\\/2025\\\/12\\\/ChatGPT-Image-2-janv.-2026-22_52_47-1.png\",\"contentUrl\":\"https:\\\/\\\/gastora.eu\\\/wp-content\\\/uploads\\\/2025\\\/12\\\/ChatGPT-Image-2-janv.-2026-22_52_47-1.png\",\"width\":1536,\"height\":320,\"caption\":\"Gastora\"},\"image\":{\"@id\":\"https:\\\/\\\/gastora.eu\\\/#\\\/schema\\\/logo\\\/image\\\/\"}}]}<\/script>\n<!-- \/ Yoast SEO plugin. -->","yoast_head_json":{"title":"Cuiseur Wok - \u00d828 cm anneau de cuisson - profondeur 60 cm - gaz - Gastora","description":"Achetez Cuiseur Wok - \u00d828 cm anneau de cuisson - profondeur 60 cm - gaz au meilleur prix, fiable et performant avec une livraison rapide","robots":{"index":"index","follow":"follow","max-snippet":"max-snippet:-1","max-image-preview":"max-image-preview:large","max-video-preview":"max-video-preview:-1"},"canonical":"https:\/\/gastora.eu\/en\/product\/cuiseur-wok-28-cm-anneau-de-cuisson-profondeur-60-cm-gaz\/","og_locale":"en_US","og_type":"article","og_title":"Cuiseur Wok - \u00d828 cm anneau de cuisson - profondeur 60 cm - gaz - Gastora","og_description":"Achetez Cuiseur Wok - \u00d828 cm anneau de cuisson - profondeur 60 cm - gaz au meilleur prix, fiable et performant avec une livraison rapide","og_url":"https:\/\/gastora.eu\/en\/product\/cuiseur-wok-28-cm-anneau-de-cuisson-profondeur-60-cm-gaz\/","og_site_name":"Gastora","article_modified_time":"2026-04-28T16:55:43+00:00","twitter_card":"summary_large_image","twitter_misc":{"Est. reading time":"2 minutes"},"schema":{"@context":"https:\/\/schema.org","@graph":[{"@type":"WebPage","@id":"https:\/\/gastora.eu\/product\/cuiseur-wok-28-cm-anneau-de-cuisson-profondeur-60-cm-gaz\/","url":"https:\/\/gastora.eu\/product\/cuiseur-wok-28-cm-anneau-de-cuisson-profondeur-60-cm-gaz\/","name":"Cuiseur Wok - \u00d828 cm anneau de cuisson - profondeur 60 cm - gaz - Gastora","isPartOf":{"@id":"https:\/\/gastora.eu\/#website"},"primaryImageOfPage":{"@id":"https:\/\/gastora.eu\/product\/cuiseur-wok-28-cm-anneau-de-cuisson-profondeur-60-cm-gaz\/#primaryimage"},"image":{"@id":"https:\/\/gastora.eu\/product\/cuiseur-wok-28-cm-anneau-de-cuisson-profondeur-60-cm-gaz\/#primaryimage"},"thumbnailUrl":"https:\/\/gastora.eu\/wp-content\/uploads\/2026\/04\/sp-005-61656e916b4af.jpg","datePublished":"2026-04-25T17:41:35+00:00","dateModified":"2026-04-28T16:55:43+00:00","description":"Achetez Cuiseur Wok - \u00d828 cm anneau de cuisson - profondeur 60 cm - gaz au meilleur prix, fiable et performant avec une livraison rapide","breadcrumb":{"@id":"https:\/\/gastora.eu\/product\/cuiseur-wok-28-cm-anneau-de-cuisson-profondeur-60-cm-gaz\/#breadcrumb"},"inLanguage":"en-US","potentialAction":[{"@type":"ReadAction","target":["https:\/\/gastora.eu\/product\/cuiseur-wok-28-cm-anneau-de-cuisson-profondeur-60-cm-gaz\/"]}]},{"@type":"ImageObject","inLanguage":"en-US","@id":"https:\/\/gastora.eu\/product\/cuiseur-wok-28-cm-anneau-de-cuisson-profondeur-60-cm-gaz\/#primaryimage","url":"https:\/\/gastora.eu\/wp-content\/uploads\/2026\/04\/sp-005-61656e916b4af.jpg","contentUrl":"https:\/\/gastora.eu\/wp-content\/uploads\/2026\/04\/sp-005-61656e916b4af.jpg","width":1024,"height":1024},{"@type":"BreadcrumbList","@id":"https:\/\/gastora.eu\/product\/cuiseur-wok-28-cm-anneau-de-cuisson-profondeur-60-cm-gaz\/#breadcrumb","itemListElement":[{"@type":"ListItem","position":1,"name":"Home","item":"https:\/\/gastora.eu\/"},{"@type":"ListItem","position":2,"name":"Shop","item":"https:\/\/gastora.eu\/shop\/"},{"@type":"ListItem","position":3,"name":"Cuiseur Wok &#8211; \u00d828 cm anneau de cuisson &#8211; profondeur 60 cm &#8211; gaz"}]},{"@type":"WebSite","@id":"https:\/\/gastora.eu\/#website","url":"https:\/\/gastora.eu\/","name":"Gastora","description":"\u00c9quipements professionnels CHR","publisher":{"@id":"https:\/\/gastora.eu\/#organization"},"potentialAction":[{"@type":"SearchAction","target":{"@type":"EntryPoint","urlTemplate":"https:\/\/gastora.eu\/?s={search_term_string}"},"query-input":{"@type":"PropertyValueSpecification","valueRequired":true,"valueName":"search_term_string"}}],"inLanguage":"en-US"},{"@type":"Organization","@id":"https:\/\/gastora.eu\/#organization","name":"Gastora","url":"https:\/\/gastora.eu\/","logo":{"@type":"ImageObject","inLanguage":"en-US","@id":"https:\/\/gastora.eu\/#\/schema\/logo\/image\/","url":"https:\/\/gastora.eu\/wp-content\/uploads\/2025\/12\/ChatGPT-Image-2-janv.-2026-22_52_47-1.png","contentUrl":"https:\/\/gastora.eu\/wp-content\/uploads\/2025\/12\/ChatGPT-Image-2-janv.-2026-22_52_47-1.png","width":1536,"height":320,"caption":"Gastora"},"image":{"@id":"https:\/\/gastora.eu\/#\/schema\/logo\/image\/"}}]}},"jetpack_sharing_enabled":true,"_links":{"self":[{"href":"https:\/\/gastora.eu\/en\/wp-json\/wp\/v2\/product\/14015","targetHints":{"allow":["GET"]}}],"collection":[{"href":"https:\/\/gastora.eu\/en\/wp-json\/wp\/v2\/product"}],"about":[{"href":"https:\/\/gastora.eu\/en\/wp-json\/wp\/v2\/types\/product"}],"wp:featuredmedia":[{"embeddable":true,"href":"https:\/\/gastora.eu\/en\/wp-json\/wp\/v2\/media\/6779"}],"wp:attachment":[{"href":"https:\/\/gastora.eu\/en\/wp-json\/wp\/v2\/media?parent=14015"}],"wp:term":[{"taxonomy":"product_brand","embeddable":true,"href":"https:\/\/gastora.eu\/en\/wp-json\/wp\/v2\/product_brand?post=14015"},{"taxonomy":"product_cat","embeddable":true,"href":"https:\/\/gastora.eu\/en\/wp-json\/wp\/v2\/product_cat?post=14015"},{"taxonomy":"product_tag","embeddable":true,"href":"https:\/\/gastora.eu\/en\/wp-json\/wp\/v2\/product_tag?post=14015"}],"curies":[{"name":"wp","href":"https:\/\/api.w.org\/{rel}","templated":true}]}}