{"id":14010,"date":"2026-04-25T17:41:30","date_gmt":"2026-04-25T17:41:30","guid":{"rendered":"https:\/\/gastora.eu\/?post_type=product&#038;p=14010"},"modified":"2026-04-28T16:55:43","modified_gmt":"2026-04-28T16:55:43","slug":"cuiseur-de-qualit-commerciale-2-brleurs-unit-simple-profondeur-60-cm-gaz","status":"publish","type":"product","link":"https:\/\/gastora.eu\/en\/product\/cuiseur-de-qualit-commerciale-2-brleurs-unit-simple-profondeur-60-cm-gaz\/","title":{"rendered":"Cuiseur de qualit\u00e9 commerciale &#8211; 2 br\u00fbleurs &#8211; unit\u00e9 simple &#8211; profondeur 60 cm &#8211; gaz"},"content":{"rendered":"<p>Lorsque vous achetez un appareil de cuisine pour une cuisine professionnelle, il doit \u00eatre durable, de haute qualit\u00e9 et de longue dur\u00e9e. C&#8217;est le cas de cette cuisini\u00e8re \u00e0 gaz robuste. Dot\u00e9e de deux br\u00fbleurs, cette cuisini\u00e8re est sp\u00e9cialement con\u00e7ue pour une utilisation intensive dans les grandes cuisines. Elle sera la bienvenue dans tout restaurant, caf\u00e9, h\u00f4tel ou autre \u00e9tablissement de restauration. Les supports sur lesquels les casseroles peuvent \u00eatre pos\u00e9es sont en acier inoxydable. Sa taille compacte pr\u00e9sente l&#8217;avantage de pouvoir \u00eatre facilement plac\u00e9e ou rapidement d\u00e9plac\u00e9e vers un autre endroit.<\/p>\n<h3>Boutons faciles \u00e0 utiliser<\/h3>\n<p>Les grands boutons rotatifs sont tr\u00e8s faciles \u00e0 utiliser et fonctionnent ind\u00e9pendamment les uns des autres. Les br\u00fbleurs sont en chrome pour une meilleure performance de cuisson. La veilleuse assure l&#8217;allumage du gaz lorsque vous tournez le bouton. Il s&#8217;agit \u00e9galement d&#8217;un dispositif de s\u00e9curit\u00e9 suppl\u00e9mentaire pour \u00e9viter les fuites de gaz. Vous pouvez utiliser cette cuisini\u00e8re professionnelle avec du GPL ou du gaz naturel. La table de cuisson est \u00e9galement disponible en version 4 feux. Une base en acier inoxydable, sur laquelle la cuisini\u00e8re s&#8217;adapte parfaitement, peut \u00e9galement \u00eatre command\u00e9e s\u00e9par\u00e9ment.<\/p>\n<h3>Nettoyage rapide<\/h3>\n<p>Comme cette gazini\u00e8re est fabriqu\u00e9e en acier inoxydable et en chrome, elle se nettoie rapidement et facilement. Les poign\u00e9es sont amovibles pour faciliter le nettoyage. Le dessus soud\u00e9 sans joints emp\u00eache la salet\u00e9 de s&#8217;incruster. Les coins sont \u00e9galement arrondis pour emp\u00eacher la salet\u00e9 de s&#8217;accumuler. Retirez les poign\u00e9es de la table de cuisson et utilisez un chiffon, de l&#8217;eau chaude et un d\u00e9tergent doux pour tout nettoyer \u00e0 fond. S\u00e9chez \u00e0 nouveau les pi\u00e8ces avec un chiffon doux.<\/p>\n<p><strong>Caract\u00e9ristiques<\/strong><\/p>\n<ul>\n<li>Supports de transport en acier inoxydable<\/li>\n<li>Br\u00fbleurs chrom\u00e9s<\/li>\n<li>Facile \u00e0 nettoyer et \u00e0 entretenir<\/li>\n<li>Dispositifs de s\u00e9curit\u00e9 en cas de d\u00e9faillance de la flamme sur tous les br\u00fbleurs ouverts<\/li>\n<li>Construction tr\u00e8s durable<\/li>\n<li>Taille compacte pour une mise en place facile<\/li>\n<\/ul>\n<p><strong>Caract\u00e9ristiques du produit<\/strong><\/p>\n<ul>\n<li>Poids net : 20 kg<\/li>\n<li>Dimensions : B40 x D60 x H24cm<\/li>\n<li>Puissance : 5 kW + 3,5 kW<\/li>\n<li>Injecteurs de gaz install\u00e9s : G25<\/li>\n<li>Gaz naturel<\/li>\n<li>Jeu suppl\u00e9mentaire d&#8217;injecteurs de gaz : G30<\/li>\n<li>GPL (propane\/butane)<\/li>\n<\/ul>\n<p>\u00c9galement disponible en mod\u00e8le \u00e0 quatre br\u00fbleurs et facile \u00e0 combiner avec un ch\u00e2ssis de la s\u00e9rie 600.<\/p>","protected":false},"excerpt":{"rendered":"<p>Cette cuisini\u00e8re robuste \u00e0 deux feux peut \u00eatre mont\u00e9e dans une ligne de cuisson de 600 mm de profondeur. Les pi\u00e8ces de cette gazini\u00e8re sont en acier inoxydable et en chrome, ce qui la rend durable et adapt\u00e9e \u00e0 une utilisation intensive et quotidienne dans la cuisine professionnelle.<\/p>","protected":false},"featured_media":6769,"template":"","meta":{"_acf_changed":false},"product_brand":[],"product_cat":[495],"product_tag":[],"class_list":{"0":"post-14010","1":"product","2":"type-product","3":"status-publish","4":"has-post-thumbnail","6":"product_cat-plaques-pianos-de-cuisson-2","8":"first","9":"instock","10":"sale","11":"taxable","12":"shipping-taxable","13":"purchasable","14":"product-type-simple"},"acf":[],"yoast_head":"<!-- This site is optimized with the Yoast SEO plugin v27.5 - https:\/\/yoast.com\/product\/yoast-seo-wordpress\/ -->\n<title>Cuiseur de qualit\u00e9 commerciale - 2 br\u00fbleurs - unit\u00e9 simple - profondeur 60 cm - gaz - Gastora<\/title>\n<meta name=\"description\" content=\"Achetez Cuiseur de qualit\u00e9 commerciale - 2 br\u00fbleurs - unit\u00e9 simple - profondeur 60 cm - gaz au meilleur prix, fiable et performant avec une livraison rapide\" \/>\n<meta name=\"robots\" content=\"index, follow, max-snippet:-1, max-image-preview:large, max-video-preview:-1\" \/>\n<link rel=\"canonical\" href=\"https:\/\/gastora.eu\/en\/product\/cuiseur-de-qualit-commerciale-2-brleurs-unit-simple-profondeur-60-cm-gaz\/\" \/>\n<meta property=\"og:locale\" content=\"en_US\" \/>\n<meta property=\"og:type\" content=\"article\" \/>\n<meta property=\"og:title\" content=\"Cuiseur de qualit\u00e9 commerciale - 2 br\u00fbleurs - unit\u00e9 simple - profondeur 60 cm - gaz - Gastora\" \/>\n<meta property=\"og:description\" content=\"Achetez Cuiseur de qualit\u00e9 commerciale - 2 br\u00fbleurs - unit\u00e9 simple - profondeur 60 cm - gaz au meilleur prix, fiable et performant avec une livraison rapide\" \/>\n<meta property=\"og:url\" content=\"https:\/\/gastora.eu\/en\/product\/cuiseur-de-qualit-commerciale-2-brleurs-unit-simple-profondeur-60-cm-gaz\/\" \/>\n<meta property=\"og:site_name\" content=\"Gastora\" \/>\n<meta property=\"article:modified_time\" content=\"2026-04-28T16:55:43+00:00\" \/>\n<meta name=\"twitter:card\" content=\"summary_large_image\" \/>\n<meta name=\"twitter:label1\" content=\"Est. reading time\" \/>\n\t<meta name=\"twitter:data1\" content=\"2 minutes\" \/>\n<script type=\"application\/ld+json\" class=\"yoast-schema-graph\">{\"@context\":\"https:\\\/\\\/schema.org\",\"@graph\":[{\"@type\":\"WebPage\",\"@id\":\"https:\\\/\\\/gastora.eu\\\/product\\\/cuiseur-de-qualit-commerciale-2-brleurs-unit-simple-profondeur-60-cm-gaz\\\/\",\"url\":\"https:\\\/\\\/gastora.eu\\\/product\\\/cuiseur-de-qualit-commerciale-2-brleurs-unit-simple-profondeur-60-cm-gaz\\\/\",\"name\":\"Cuiseur de qualit\u00e9 commerciale - 2 br\u00fbleurs - unit\u00e9 simple - profondeur 60 cm - gaz - Gastora\",\"isPartOf\":{\"@id\":\"https:\\\/\\\/gastora.eu\\\/#website\"},\"primaryImageOfPage\":{\"@id\":\"https:\\\/\\\/gastora.eu\\\/product\\\/cuiseur-de-qualit-commerciale-2-brleurs-unit-simple-profondeur-60-cm-gaz\\\/#primaryimage\"},\"image\":{\"@id\":\"https:\\\/\\\/gastora.eu\\\/product\\\/cuiseur-de-qualit-commerciale-2-brleurs-unit-simple-profondeur-60-cm-gaz\\\/#primaryimage\"},\"thumbnailUrl\":\"https:\\\/\\\/gastora.eu\\\/wp-content\\\/uploads\\\/2026\\\/04\\\/sp-005-61656e9096669.jpg\",\"datePublished\":\"2026-04-25T17:41:30+00:00\",\"dateModified\":\"2026-04-28T16:55:43+00:00\",\"description\":\"Achetez Cuiseur de qualit\u00e9 commerciale - 2 br\u00fbleurs - unit\u00e9 simple - profondeur 60 cm - gaz au meilleur prix, fiable et performant avec une livraison rapide\",\"breadcrumb\":{\"@id\":\"https:\\\/\\\/gastora.eu\\\/product\\\/cuiseur-de-qualit-commerciale-2-brleurs-unit-simple-profondeur-60-cm-gaz\\\/#breadcrumb\"},\"inLanguage\":\"en-US\",\"potentialAction\":[{\"@type\":\"ReadAction\",\"target\":[\"https:\\\/\\\/gastora.eu\\\/product\\\/cuiseur-de-qualit-commerciale-2-brleurs-unit-simple-profondeur-60-cm-gaz\\\/\"]}]},{\"@type\":\"ImageObject\",\"inLanguage\":\"en-US\",\"@id\":\"https:\\\/\\\/gastora.eu\\\/product\\\/cuiseur-de-qualit-commerciale-2-brleurs-unit-simple-profondeur-60-cm-gaz\\\/#primaryimage\",\"url\":\"https:\\\/\\\/gastora.eu\\\/wp-content\\\/uploads\\\/2026\\\/04\\\/sp-005-61656e9096669.jpg\",\"contentUrl\":\"https:\\\/\\\/gastora.eu\\\/wp-content\\\/uploads\\\/2026\\\/04\\\/sp-005-61656e9096669.jpg\",\"width\":1024,\"height\":1024},{\"@type\":\"BreadcrumbList\",\"@id\":\"https:\\\/\\\/gastora.eu\\\/product\\\/cuiseur-de-qualit-commerciale-2-brleurs-unit-simple-profondeur-60-cm-gaz\\\/#breadcrumb\",\"itemListElement\":[{\"@type\":\"ListItem\",\"position\":1,\"name\":\"Home\",\"item\":\"https:\\\/\\\/gastora.eu\\\/\"},{\"@type\":\"ListItem\",\"position\":2,\"name\":\"Shop\",\"item\":\"https:\\\/\\\/gastora.eu\\\/shop\\\/\"},{\"@type\":\"ListItem\",\"position\":3,\"name\":\"Cuiseur de qualit\u00e9 commerciale &#8211; 2 br\u00fbleurs &#8211; unit\u00e9 simple &#8211; profondeur 60 cm &#8211; gaz\"}]},{\"@type\":\"WebSite\",\"@id\":\"https:\\\/\\\/gastora.eu\\\/#website\",\"url\":\"https:\\\/\\\/gastora.eu\\\/\",\"name\":\"Gastora\",\"description\":\"\u00c9quipements professionnels CHR\",\"publisher\":{\"@id\":\"https:\\\/\\\/gastora.eu\\\/#organization\"},\"potentialAction\":[{\"@type\":\"SearchAction\",\"target\":{\"@type\":\"EntryPoint\",\"urlTemplate\":\"https:\\\/\\\/gastora.eu\\\/?s={search_term_string}\"},\"query-input\":{\"@type\":\"PropertyValueSpecification\",\"valueRequired\":true,\"valueName\":\"search_term_string\"}}],\"inLanguage\":\"en-US\"},{\"@type\":\"Organization\",\"@id\":\"https:\\\/\\\/gastora.eu\\\/#organization\",\"name\":\"Gastora\",\"url\":\"https:\\\/\\\/gastora.eu\\\/\",\"logo\":{\"@type\":\"ImageObject\",\"inLanguage\":\"en-US\",\"@id\":\"https:\\\/\\\/gastora.eu\\\/#\\\/schema\\\/logo\\\/image\\\/\",\"url\":\"https:\\\/\\\/gastora.eu\\\/wp-content\\\/uploads\\\/2025\\\/12\\\/ChatGPT-Image-2-janv.-2026-22_52_47-1.png\",\"contentUrl\":\"https:\\\/\\\/gastora.eu\\\/wp-content\\\/uploads\\\/2025\\\/12\\\/ChatGPT-Image-2-janv.-2026-22_52_47-1.png\",\"width\":1536,\"height\":320,\"caption\":\"Gastora\"},\"image\":{\"@id\":\"https:\\\/\\\/gastora.eu\\\/#\\\/schema\\\/logo\\\/image\\\/\"}}]}<\/script>\n<!-- \/ Yoast SEO plugin. -->","yoast_head_json":{"title":"Cuiseur de qualit\u00e9 commerciale - 2 br\u00fbleurs - unit\u00e9 simple - profondeur 60 cm - gaz - Gastora","description":"Achetez Cuiseur de qualit\u00e9 commerciale - 2 br\u00fbleurs - unit\u00e9 simple - profondeur 60 cm - gaz au meilleur prix, fiable et performant avec une livraison rapide","robots":{"index":"index","follow":"follow","max-snippet":"max-snippet:-1","max-image-preview":"max-image-preview:large","max-video-preview":"max-video-preview:-1"},"canonical":"https:\/\/gastora.eu\/en\/product\/cuiseur-de-qualit-commerciale-2-brleurs-unit-simple-profondeur-60-cm-gaz\/","og_locale":"en_US","og_type":"article","og_title":"Cuiseur de qualit\u00e9 commerciale - 2 br\u00fbleurs - unit\u00e9 simple - profondeur 60 cm - gaz - Gastora","og_description":"Achetez Cuiseur de qualit\u00e9 commerciale - 2 br\u00fbleurs - unit\u00e9 simple - profondeur 60 cm - gaz au meilleur prix, fiable et performant avec une livraison rapide","og_url":"https:\/\/gastora.eu\/en\/product\/cuiseur-de-qualit-commerciale-2-brleurs-unit-simple-profondeur-60-cm-gaz\/","og_site_name":"Gastora","article_modified_time":"2026-04-28T16:55:43+00:00","twitter_card":"summary_large_image","twitter_misc":{"Est. reading time":"2 minutes"},"schema":{"@context":"https:\/\/schema.org","@graph":[{"@type":"WebPage","@id":"https:\/\/gastora.eu\/product\/cuiseur-de-qualit-commerciale-2-brleurs-unit-simple-profondeur-60-cm-gaz\/","url":"https:\/\/gastora.eu\/product\/cuiseur-de-qualit-commerciale-2-brleurs-unit-simple-profondeur-60-cm-gaz\/","name":"Cuiseur de qualit\u00e9 commerciale - 2 br\u00fbleurs - unit\u00e9 simple - profondeur 60 cm - gaz - Gastora","isPartOf":{"@id":"https:\/\/gastora.eu\/#website"},"primaryImageOfPage":{"@id":"https:\/\/gastora.eu\/product\/cuiseur-de-qualit-commerciale-2-brleurs-unit-simple-profondeur-60-cm-gaz\/#primaryimage"},"image":{"@id":"https:\/\/gastora.eu\/product\/cuiseur-de-qualit-commerciale-2-brleurs-unit-simple-profondeur-60-cm-gaz\/#primaryimage"},"thumbnailUrl":"https:\/\/gastora.eu\/wp-content\/uploads\/2026\/04\/sp-005-61656e9096669.jpg","datePublished":"2026-04-25T17:41:30+00:00","dateModified":"2026-04-28T16:55:43+00:00","description":"Achetez Cuiseur de qualit\u00e9 commerciale - 2 br\u00fbleurs - unit\u00e9 simple - profondeur 60 cm - gaz au meilleur prix, fiable et performant avec une livraison rapide","breadcrumb":{"@id":"https:\/\/gastora.eu\/product\/cuiseur-de-qualit-commerciale-2-brleurs-unit-simple-profondeur-60-cm-gaz\/#breadcrumb"},"inLanguage":"en-US","potentialAction":[{"@type":"ReadAction","target":["https:\/\/gastora.eu\/product\/cuiseur-de-qualit-commerciale-2-brleurs-unit-simple-profondeur-60-cm-gaz\/"]}]},{"@type":"ImageObject","inLanguage":"en-US","@id":"https:\/\/gastora.eu\/product\/cuiseur-de-qualit-commerciale-2-brleurs-unit-simple-profondeur-60-cm-gaz\/#primaryimage","url":"https:\/\/gastora.eu\/wp-content\/uploads\/2026\/04\/sp-005-61656e9096669.jpg","contentUrl":"https:\/\/gastora.eu\/wp-content\/uploads\/2026\/04\/sp-005-61656e9096669.jpg","width":1024,"height":1024},{"@type":"BreadcrumbList","@id":"https:\/\/gastora.eu\/product\/cuiseur-de-qualit-commerciale-2-brleurs-unit-simple-profondeur-60-cm-gaz\/#breadcrumb","itemListElement":[{"@type":"ListItem","position":1,"name":"Home","item":"https:\/\/gastora.eu\/"},{"@type":"ListItem","position":2,"name":"Shop","item":"https:\/\/gastora.eu\/shop\/"},{"@type":"ListItem","position":3,"name":"Cuiseur de qualit\u00e9 commerciale &#8211; 2 br\u00fbleurs &#8211; unit\u00e9 simple &#8211; profondeur 60 cm &#8211; gaz"}]},{"@type":"WebSite","@id":"https:\/\/gastora.eu\/#website","url":"https:\/\/gastora.eu\/","name":"Gastora","description":"\u00c9quipements professionnels CHR","publisher":{"@id":"https:\/\/gastora.eu\/#organization"},"potentialAction":[{"@type":"SearchAction","target":{"@type":"EntryPoint","urlTemplate":"https:\/\/gastora.eu\/?s={search_term_string}"},"query-input":{"@type":"PropertyValueSpecification","valueRequired":true,"valueName":"search_term_string"}}],"inLanguage":"en-US"},{"@type":"Organization","@id":"https:\/\/gastora.eu\/#organization","name":"Gastora","url":"https:\/\/gastora.eu\/","logo":{"@type":"ImageObject","inLanguage":"en-US","@id":"https:\/\/gastora.eu\/#\/schema\/logo\/image\/","url":"https:\/\/gastora.eu\/wp-content\/uploads\/2025\/12\/ChatGPT-Image-2-janv.-2026-22_52_47-1.png","contentUrl":"https:\/\/gastora.eu\/wp-content\/uploads\/2025\/12\/ChatGPT-Image-2-janv.-2026-22_52_47-1.png","width":1536,"height":320,"caption":"Gastora"},"image":{"@id":"https:\/\/gastora.eu\/#\/schema\/logo\/image\/"}}]}},"jetpack_sharing_enabled":true,"_links":{"self":[{"href":"https:\/\/gastora.eu\/en\/wp-json\/wp\/v2\/product\/14010","targetHints":{"allow":["GET"]}}],"collection":[{"href":"https:\/\/gastora.eu\/en\/wp-json\/wp\/v2\/product"}],"about":[{"href":"https:\/\/gastora.eu\/en\/wp-json\/wp\/v2\/types\/product"}],"wp:featuredmedia":[{"embeddable":true,"href":"https:\/\/gastora.eu\/en\/wp-json\/wp\/v2\/media\/6769"}],"wp:attachment":[{"href":"https:\/\/gastora.eu\/en\/wp-json\/wp\/v2\/media?parent=14010"}],"wp:term":[{"taxonomy":"product_brand","embeddable":true,"href":"https:\/\/gastora.eu\/en\/wp-json\/wp\/v2\/product_brand?post=14010"},{"taxonomy":"product_cat","embeddable":true,"href":"https:\/\/gastora.eu\/en\/wp-json\/wp\/v2\/product_cat?post=14010"},{"taxonomy":"product_tag","embeddable":true,"href":"https:\/\/gastora.eu\/en\/wp-json\/wp\/v2\/product_tag?post=14010"}],"curies":[{"name":"wp","href":"https:\/\/api.w.org\/{rel}","templated":true}]}}