{"id":13995,"date":"2026-04-25T17:41:11","date_gmt":"2026-04-25T17:41:11","guid":{"rendered":"https:\/\/gastora.eu\/?post_type=product&#038;p=13995"},"modified":"2026-04-28T16:55:40","modified_gmt":"2026-04-28T16:55:40","slug":"vitrine-rfrigre-500-l-152-cm","status":"publish","type":"product","link":"https:\/\/gastora.eu\/en\/product\/vitrine-rfrigre-500-l-152-cm\/","title":{"rendered":"Vitrine r\u00e9frig\u00e9r\u00e9e &#8211; 500 L &#8211; 152 cm"},"content":{"rendered":"<p>Travailler avec des ingr\u00e9dients frais dans une boulangerie, un restaurant ou un caf\u00e9 n\u00e9cessite un bon syst\u00e8me de refroidissement. Cette vitrine r\u00e9frig\u00e9r\u00e9e d&#8217;une capacit\u00e9 de 500 litres non seulement refroidit bien, mais a aussi un aspect tr\u00e8s luxueux gr\u00e2ce \u00e0 ses finitions en noir et en acier inoxydable. Deux \u00e9tag\u00e8res en verre r\u00e9glables en hauteur peuvent \u00eatre plac\u00e9es \u00e0 l&#8217;int\u00e9rieur de la vitrine. Avec l&#8217;\u00e9clairage LED int\u00e9gr\u00e9 \u00e0 haut rendement \u00e9nerg\u00e9tique, les produits sont pr\u00e9sent\u00e9s de mani\u00e8re professionnelle et attrayante. Gr\u00e2ce \u00e0 la porte coulissante \u00e0 l&#8217;arri\u00e8re, qui coulisse en douceur, vous pouvez facilement servir ou remplir les produits.<\/p>\n<h3>Temp\u00e9rature facile \u00e0 r\u00e9gler<\/h3>\n<p>Peu importe que vous placiez les produits en haut ou en bas de la vitrine r\u00e9frig\u00e9r\u00e9e, gr\u00e2ce au syst\u00e8me de refroidissement avec ventilateur, la temp\u00e9rature dans la glaci\u00e8re est la m\u00eame partout. L&#8217;air froid est distribu\u00e9 uniform\u00e9ment dans la vitrine r\u00e9frig\u00e9r\u00e9e \u00e0 l&#8217;aide du ventilateur. Vous pouvez \u00e9galement r\u00e9gler facilement la temp\u00e9rature entre 2\u00b0 et 8\u00b0C \u00e0 l&#8217;aide du panneau de commande num\u00e9rique convivial. Le r\u00e9frig\u00e9rant utilis\u00e9 pour cette vitrine de luxe est le R290 et ne contient pas de CFC.<\/p>\n<h3>Vitrine r\u00e9frig\u00e9r\u00e9e de luxe sur roues<\/h3>\n<p>Vous souhaitez placer la vitrine r\u00e9frig\u00e9r\u00e9e \u00e0 un autre endroit apr\u00e8s l&#8217;avoir pos\u00e9e ? Gr\u00e2ce aux quatre roues situ\u00e9es en bas, ce n&#8217;est pas un probl\u00e8me. Le nettoyage est \u00e9galement rapide et facile. L&#8217;ext\u00e9rieur en acier inoxydable de la vitrine r\u00e9frig\u00e9r\u00e9e peut \u00eatre nettoy\u00e9 avec un chiffon doux et humide et \u00e9ventuellement un produit de nettoyage doux. Toute la verrerie se nettoie avec de l&#8217;eau et de l&#8217;eau savonneuse.<\/p>\n<ul>\n<li>Vitrine r\u00e9frig\u00e9r\u00e9e \/ Vitrine p\u00e2tisserie 500L<\/li>\n<li>Id\u00e9ale pour les g\u00e2teaux, les p\u00e2tisseries, les snacks et les sandwiches<\/li>\n<li>Bo\u00eetier en acier inoxydable avec des vitres droites tout autour<\/li>\n<li>Porte coulissante \u00e0 l&#8217;arri\u00e8re<\/li>\n<li>Fen\u00eatres en verre sur tous les c\u00f4t\u00e9s (double vitrage)<\/li>\n<li>Equip\u00e9e de 2 \u00e9tag\u00e8res en verre r\u00e9glables<\/li>\n<li>Syst\u00e8me de refroidissement avec ventilateur (adapt\u00e9 aux g\u00e2teaux)<\/li>\n<li>Cycle de refroidissement unique pour r\u00e9duire le processus de formation de glace<\/li>\n<li>\u00c9clairage LED \u00e0 l&#8217;int\u00e9rieur<\/li>\n<li>R\u00e9frig\u00e9rant R290 \/ sans CFC<\/li>\n<li>Contr\u00f4leur de temp\u00e9rature num\u00e9rique<\/li>\n<li>Temp\u00e9rature de +2\u00b0 \u00e0 +8\u00b0 degr\u00e9s Celsius<\/li>\n<li>Mobile gr\u00e2ce \u00e0 ses 4 roues<\/li>\n<li>Volume : 500 litres<\/li>\n<li>Poids net : 182kg<\/li>\n<li>Dimensions internes de l&#8217;appareil : L145,9 x P58 x H64,8cm<\/li>\n<li>Dimensions ext\u00e9rieures de l&#8217;appareil : L151,5 x P67,5 x H121cm<\/li>\n<li>Puissance : 230V \/ 50Hz \/ 1Phase 480W<\/li>\n<\/ul>\n<p><strong>Remarque :<\/strong> Pour \u00e9viter la condensation, ne pas placer la vitrine dans une pi\u00e8ce chaude et\/ou humide. En cas de condensation (trop importante), veuillez nous contacter.<\/p>","protected":false},"excerpt":{"rendered":"<p>Avec une capacit\u00e9 de 500 litres, vous pouvez remplir cette luxueuse vitrine avec un large \u00e9ventail de g\u00e2teaux, de p\u00e2tisseries, de snacks ou de sandwichs. Gr\u00e2ce \u00e0 ses quatre roues, cette vitrine r\u00e9frig\u00e9r\u00e9e est \u00e9galement facile \u00e0 d\u00e9placer.<\/p>","protected":false},"featured_media":6739,"template":"","meta":{"_acf_changed":false},"product_brand":[],"product_cat":[475],"product_tag":[],"class_list":{"0":"post-13995","1":"product","2":"type-product","3":"status-publish","4":"has-post-thumbnail","6":"product_cat-vitrines-refrigerees-2","8":"first","9":"instock","10":"sale","11":"taxable","12":"shipping-taxable","13":"purchasable","14":"product-type-simple"},"acf":[],"yoast_head":"<!-- This site is optimized with the Yoast SEO plugin v27.5 - https:\/\/yoast.com\/product\/yoast-seo-wordpress\/ -->\n<title>Vitrine r\u00e9frig\u00e9r\u00e9e - 500 L - 152 cm - Gastora<\/title>\n<meta name=\"description\" content=\"Achetez Vitrine r\u00e9frig\u00e9r\u00e9e - 500 L - 152 cm au meilleur prix, fiable et performant avec une livraison rapide\" \/>\n<meta name=\"robots\" content=\"index, follow, max-snippet:-1, max-image-preview:large, max-video-preview:-1\" \/>\n<link rel=\"canonical\" href=\"https:\/\/gastora.eu\/en\/product\/vitrine-rfrigre-500-l-152-cm\/\" \/>\n<meta property=\"og:locale\" content=\"en_US\" \/>\n<meta property=\"og:type\" content=\"article\" \/>\n<meta property=\"og:title\" content=\"Vitrine r\u00e9frig\u00e9r\u00e9e - 500 L - 152 cm - Gastora\" \/>\n<meta property=\"og:description\" content=\"Achetez Vitrine r\u00e9frig\u00e9r\u00e9e - 500 L - 152 cm au meilleur prix, fiable et performant avec une livraison rapide\" \/>\n<meta property=\"og:url\" content=\"https:\/\/gastora.eu\/en\/product\/vitrine-rfrigre-500-l-152-cm\/\" \/>\n<meta property=\"og:site_name\" content=\"Gastora\" \/>\n<meta property=\"article:modified_time\" content=\"2026-04-28T16:55:40+00:00\" \/>\n<meta name=\"twitter:card\" content=\"summary_large_image\" \/>\n<meta name=\"twitter:label1\" content=\"Est. reading time\" \/>\n\t<meta name=\"twitter:data1\" content=\"2 minutes\" \/>\n<script type=\"application\/ld+json\" class=\"yoast-schema-graph\">{\"@context\":\"https:\\\/\\\/schema.org\",\"@graph\":[{\"@type\":\"WebPage\",\"@id\":\"https:\\\/\\\/gastora.eu\\\/product\\\/vitrine-rfrigre-500-l-152-cm\\\/\",\"url\":\"https:\\\/\\\/gastora.eu\\\/product\\\/vitrine-rfrigre-500-l-152-cm\\\/\",\"name\":\"Vitrine r\u00e9frig\u00e9r\u00e9e - 500 L - 152 cm - Gastora\",\"isPartOf\":{\"@id\":\"https:\\\/\\\/gastora.eu\\\/#website\"},\"primaryImageOfPage\":{\"@id\":\"https:\\\/\\\/gastora.eu\\\/product\\\/vitrine-rfrigre-500-l-152-cm\\\/#primaryimage\"},\"image\":{\"@id\":\"https:\\\/\\\/gastora.eu\\\/product\\\/vitrine-rfrigre-500-l-152-cm\\\/#primaryimage\"},\"thumbnailUrl\":\"https:\\\/\\\/gastora.eu\\\/wp-content\\\/uploads\\\/2026\\\/04\\\/maxima-showcase-300l-400l-500l-1-61656e9dbbb4e.jpg\",\"datePublished\":\"2026-04-25T17:41:11+00:00\",\"dateModified\":\"2026-04-28T16:55:40+00:00\",\"description\":\"Achetez Vitrine r\u00e9frig\u00e9r\u00e9e - 500 L - 152 cm au meilleur prix, fiable et performant avec une livraison rapide\",\"breadcrumb\":{\"@id\":\"https:\\\/\\\/gastora.eu\\\/product\\\/vitrine-rfrigre-500-l-152-cm\\\/#breadcrumb\"},\"inLanguage\":\"en-US\",\"potentialAction\":[{\"@type\":\"ReadAction\",\"target\":[\"https:\\\/\\\/gastora.eu\\\/product\\\/vitrine-rfrigre-500-l-152-cm\\\/\"]}]},{\"@type\":\"ImageObject\",\"inLanguage\":\"en-US\",\"@id\":\"https:\\\/\\\/gastora.eu\\\/product\\\/vitrine-rfrigre-500-l-152-cm\\\/#primaryimage\",\"url\":\"https:\\\/\\\/gastora.eu\\\/wp-content\\\/uploads\\\/2026\\\/04\\\/maxima-showcase-300l-400l-500l-1-61656e9dbbb4e.jpg\",\"contentUrl\":\"https:\\\/\\\/gastora.eu\\\/wp-content\\\/uploads\\\/2026\\\/04\\\/maxima-showcase-300l-400l-500l-1-61656e9dbbb4e.jpg\",\"width\":1024,\"height\":1024},{\"@type\":\"BreadcrumbList\",\"@id\":\"https:\\\/\\\/gastora.eu\\\/product\\\/vitrine-rfrigre-500-l-152-cm\\\/#breadcrumb\",\"itemListElement\":[{\"@type\":\"ListItem\",\"position\":1,\"name\":\"Home\",\"item\":\"https:\\\/\\\/gastora.eu\\\/\"},{\"@type\":\"ListItem\",\"position\":2,\"name\":\"Shop\",\"item\":\"https:\\\/\\\/gastora.eu\\\/shop\\\/\"},{\"@type\":\"ListItem\",\"position\":3,\"name\":\"Vitrine r\u00e9frig\u00e9r\u00e9e &#8211; 500 L &#8211; 152 cm\"}]},{\"@type\":\"WebSite\",\"@id\":\"https:\\\/\\\/gastora.eu\\\/#website\",\"url\":\"https:\\\/\\\/gastora.eu\\\/\",\"name\":\"Gastora\",\"description\":\"\u00c9quipements professionnels CHR\",\"publisher\":{\"@id\":\"https:\\\/\\\/gastora.eu\\\/#organization\"},\"potentialAction\":[{\"@type\":\"SearchAction\",\"target\":{\"@type\":\"EntryPoint\",\"urlTemplate\":\"https:\\\/\\\/gastora.eu\\\/?s={search_term_string}\"},\"query-input\":{\"@type\":\"PropertyValueSpecification\",\"valueRequired\":true,\"valueName\":\"search_term_string\"}}],\"inLanguage\":\"en-US\"},{\"@type\":\"Organization\",\"@id\":\"https:\\\/\\\/gastora.eu\\\/#organization\",\"name\":\"Gastora\",\"url\":\"https:\\\/\\\/gastora.eu\\\/\",\"logo\":{\"@type\":\"ImageObject\",\"inLanguage\":\"en-US\",\"@id\":\"https:\\\/\\\/gastora.eu\\\/#\\\/schema\\\/logo\\\/image\\\/\",\"url\":\"https:\\\/\\\/gastora.eu\\\/wp-content\\\/uploads\\\/2025\\\/12\\\/ChatGPT-Image-2-janv.-2026-22_52_47-1.png\",\"contentUrl\":\"https:\\\/\\\/gastora.eu\\\/wp-content\\\/uploads\\\/2025\\\/12\\\/ChatGPT-Image-2-janv.-2026-22_52_47-1.png\",\"width\":1536,\"height\":320,\"caption\":\"Gastora\"},\"image\":{\"@id\":\"https:\\\/\\\/gastora.eu\\\/#\\\/schema\\\/logo\\\/image\\\/\"}}]}<\/script>\n<!-- \/ Yoast SEO plugin. -->","yoast_head_json":{"title":"Vitrine r\u00e9frig\u00e9r\u00e9e - 500 L - 152 cm - Gastora","description":"Achetez Vitrine r\u00e9frig\u00e9r\u00e9e - 500 L - 152 cm au meilleur prix, fiable et performant avec une livraison rapide","robots":{"index":"index","follow":"follow","max-snippet":"max-snippet:-1","max-image-preview":"max-image-preview:large","max-video-preview":"max-video-preview:-1"},"canonical":"https:\/\/gastora.eu\/en\/product\/vitrine-rfrigre-500-l-152-cm\/","og_locale":"en_US","og_type":"article","og_title":"Vitrine r\u00e9frig\u00e9r\u00e9e - 500 L - 152 cm - Gastora","og_description":"Achetez Vitrine r\u00e9frig\u00e9r\u00e9e - 500 L - 152 cm au meilleur prix, fiable et performant avec une livraison rapide","og_url":"https:\/\/gastora.eu\/en\/product\/vitrine-rfrigre-500-l-152-cm\/","og_site_name":"Gastora","article_modified_time":"2026-04-28T16:55:40+00:00","twitter_card":"summary_large_image","twitter_misc":{"Est. reading time":"2 minutes"},"schema":{"@context":"https:\/\/schema.org","@graph":[{"@type":"WebPage","@id":"https:\/\/gastora.eu\/product\/vitrine-rfrigre-500-l-152-cm\/","url":"https:\/\/gastora.eu\/product\/vitrine-rfrigre-500-l-152-cm\/","name":"Vitrine r\u00e9frig\u00e9r\u00e9e - 500 L - 152 cm - Gastora","isPartOf":{"@id":"https:\/\/gastora.eu\/#website"},"primaryImageOfPage":{"@id":"https:\/\/gastora.eu\/product\/vitrine-rfrigre-500-l-152-cm\/#primaryimage"},"image":{"@id":"https:\/\/gastora.eu\/product\/vitrine-rfrigre-500-l-152-cm\/#primaryimage"},"thumbnailUrl":"https:\/\/gastora.eu\/wp-content\/uploads\/2026\/04\/maxima-showcase-300l-400l-500l-1-61656e9dbbb4e.jpg","datePublished":"2026-04-25T17:41:11+00:00","dateModified":"2026-04-28T16:55:40+00:00","description":"Achetez Vitrine r\u00e9frig\u00e9r\u00e9e - 500 L - 152 cm au meilleur prix, fiable et performant avec une livraison rapide","breadcrumb":{"@id":"https:\/\/gastora.eu\/product\/vitrine-rfrigre-500-l-152-cm\/#breadcrumb"},"inLanguage":"en-US","potentialAction":[{"@type":"ReadAction","target":["https:\/\/gastora.eu\/product\/vitrine-rfrigre-500-l-152-cm\/"]}]},{"@type":"ImageObject","inLanguage":"en-US","@id":"https:\/\/gastora.eu\/product\/vitrine-rfrigre-500-l-152-cm\/#primaryimage","url":"https:\/\/gastora.eu\/wp-content\/uploads\/2026\/04\/maxima-showcase-300l-400l-500l-1-61656e9dbbb4e.jpg","contentUrl":"https:\/\/gastora.eu\/wp-content\/uploads\/2026\/04\/maxima-showcase-300l-400l-500l-1-61656e9dbbb4e.jpg","width":1024,"height":1024},{"@type":"BreadcrumbList","@id":"https:\/\/gastora.eu\/product\/vitrine-rfrigre-500-l-152-cm\/#breadcrumb","itemListElement":[{"@type":"ListItem","position":1,"name":"Home","item":"https:\/\/gastora.eu\/"},{"@type":"ListItem","position":2,"name":"Shop","item":"https:\/\/gastora.eu\/shop\/"},{"@type":"ListItem","position":3,"name":"Vitrine r\u00e9frig\u00e9r\u00e9e &#8211; 500 L &#8211; 152 cm"}]},{"@type":"WebSite","@id":"https:\/\/gastora.eu\/#website","url":"https:\/\/gastora.eu\/","name":"Gastora","description":"\u00c9quipements professionnels CHR","publisher":{"@id":"https:\/\/gastora.eu\/#organization"},"potentialAction":[{"@type":"SearchAction","target":{"@type":"EntryPoint","urlTemplate":"https:\/\/gastora.eu\/?s={search_term_string}"},"query-input":{"@type":"PropertyValueSpecification","valueRequired":true,"valueName":"search_term_string"}}],"inLanguage":"en-US"},{"@type":"Organization","@id":"https:\/\/gastora.eu\/#organization","name":"Gastora","url":"https:\/\/gastora.eu\/","logo":{"@type":"ImageObject","inLanguage":"en-US","@id":"https:\/\/gastora.eu\/#\/schema\/logo\/image\/","url":"https:\/\/gastora.eu\/wp-content\/uploads\/2025\/12\/ChatGPT-Image-2-janv.-2026-22_52_47-1.png","contentUrl":"https:\/\/gastora.eu\/wp-content\/uploads\/2025\/12\/ChatGPT-Image-2-janv.-2026-22_52_47-1.png","width":1536,"height":320,"caption":"Gastora"},"image":{"@id":"https:\/\/gastora.eu\/#\/schema\/logo\/image\/"}}]}},"jetpack_sharing_enabled":true,"_links":{"self":[{"href":"https:\/\/gastora.eu\/en\/wp-json\/wp\/v2\/product\/13995","targetHints":{"allow":["GET"]}}],"collection":[{"href":"https:\/\/gastora.eu\/en\/wp-json\/wp\/v2\/product"}],"about":[{"href":"https:\/\/gastora.eu\/en\/wp-json\/wp\/v2\/types\/product"}],"wp:featuredmedia":[{"embeddable":true,"href":"https:\/\/gastora.eu\/en\/wp-json\/wp\/v2\/media\/6739"}],"wp:attachment":[{"href":"https:\/\/gastora.eu\/en\/wp-json\/wp\/v2\/media?parent=13995"}],"wp:term":[{"taxonomy":"product_brand","embeddable":true,"href":"https:\/\/gastora.eu\/en\/wp-json\/wp\/v2\/product_brand?post=13995"},{"taxonomy":"product_cat","embeddable":true,"href":"https:\/\/gastora.eu\/en\/wp-json\/wp\/v2\/product_cat?post=13995"},{"taxonomy":"product_tag","embeddable":true,"href":"https:\/\/gastora.eu\/en\/wp-json\/wp\/v2\/product_tag?post=13995"}],"curies":[{"name":"wp","href":"https:\/\/api.w.org\/{rel}","templated":true}]}}