{"id":13994,"date":"2026-04-25T17:41:10","date_gmt":"2026-04-25T17:41:10","guid":{"rendered":"https:\/\/gastora.eu\/?post_type=product&#038;p=13994"},"modified":"2026-04-26T08:31:48","modified_gmt":"2026-04-26T08:31:48","slug":"vitrine-rfrigre-400-l-122-cm","status":"publish","type":"product","link":"https:\/\/gastora.eu\/en\/product\/vitrine-rfrigre-400-l-122-cm\/","title":{"rendered":"Vitrine r\u00e9frig\u00e9r\u00e9e &#8211; 400 L &#8211; 122 cm"},"content":{"rendered":"<p>Une bonne boulangerie, une brasserie ou un caf\u00e9 a besoin d&#8217;une vitrine r\u00e9frig\u00e9r\u00e9e pour conserver les aliments au frais. Cette vitrine \u00e0 p\u00e2tisserie noire et en acier inoxydable respire le luxe et est bien adapt\u00e9e pour pr\u00e9senter vos produits de mani\u00e8re attrayante. Les snacks, les p\u00e2tisseries et les g\u00e2teaux sont clairement visibles gr\u00e2ce \u00e0 l&#8217;\u00e9clairage LED int\u00e9gr\u00e9 et \u00e9conome en \u00e9nergie. La vitrine r\u00e9frig\u00e9r\u00e9e a des parois et une porte en verre et est \u00e9quip\u00e9e de deux \u00e9tag\u00e8res en verre r\u00e9glables en hauteur. \u00c0 l&#8217;arri\u00e8re de la vitrine r\u00e9frig\u00e9r\u00e9e se trouve une porte coulissante en verre pour un acc\u00e8s facile aux produits expos\u00e9s.<\/p>\n<h3>Temp\u00e9rature uniform\u00e9ment r\u00e9partie<\/h3>\n<p>Gr\u00e2ce au panneau de commande num\u00e9rique, vous pouvez r\u00e9gler avec pr\u00e9cision une temp\u00e9rature comprise entre 2\u00b0 et 8\u00b0C. Comme le r\u00e9frig\u00e9rateur d&#8217;exposition est dot\u00e9 d&#8217;un syst\u00e8me de refroidissement avec un ventilateur, tous les produits restent \u00e9galement frais, peu importe ce que vous mettez en haut ou en bas du r\u00e9frig\u00e9rateur. Le ventilateur veillera \u00e0 ce que l&#8217;air froid soit uniform\u00e9ment r\u00e9parti dans tout l&#8217;appareil. Le r\u00e9frig\u00e9rant utilis\u00e9 pour cette vitrine est le R290 et est exempt de CFC.<\/p>\n<h3>Vitrine d&#8217;exposition mobile<\/h3>\n<p>Le r\u00e9frig\u00e9rateur d&#8217;exposition est \u00e9quip\u00e9 de quatre roues, ce qui permet de le d\u00e9placer facilement dans tout le magasin. Le nettoyage est un travail facile gr\u00e2ce \u00e0 l&#8217;ext\u00e9rieur en acier inoxydable du r\u00e9frig\u00e9rateur d&#8217;exposition. Il suffit d&#8217;un chiffon doux et humide pour essuyer l&#8217;ext\u00e9rieur. Vous pouvez nettoyer les \u00e9tag\u00e8res en verre et les fen\u00eatres avec de l&#8217;eau chaude savonneuse.<\/p>\n<ul>\n<li>Vitrine r\u00e9frig\u00e9r\u00e9e \/ Vitrine p\u00e2tisserie 400L<\/li>\n<li>Id\u00e9ale pour les g\u00e2teaux, p\u00e2tisseries, snacks et sandwichs<\/li>\n<li>Bo\u00eetier en acier inoxydable avec des vitres droites tout autour<\/li>\n<li>Porte coulissante \u00e0 l&#8217;arri\u00e8re<\/li>\n<li>Fen\u00eatres en verre sur tous les c\u00f4t\u00e9s (double vitrage)<\/li>\n<li>Equip\u00e9e de 2 \u00e9tag\u00e8res en verre r\u00e9glables<\/li>\n<li>Syst\u00e8me de refroidissement avec ventilateur (adapt\u00e9 aux g\u00e2teaux)<\/li>\n<li>Cycle de refroidissement unique pour r\u00e9duire le processus de formation de glace<\/li>\n<li>\u00c9clairage LED \u00e0 l&#8217;int\u00e9rieur<\/li>\n<li>R\u00e9frig\u00e9rant R290 \/ sans CFC<\/li>\n<li>Contr\u00f4leur de temp\u00e9rature num\u00e9rique<\/li>\n<li>Temp\u00e9rature de +2\u00b0 \u00e0 +8\u00b0 degr\u00e9s Celsius<\/li>\n<li>Mobile gr\u00e2ce \u00e0 ses 4 roues<\/li>\n<li>Volume : 400 litres<\/li>\n<li>Poids net : 155 kg<\/li>\n<li>Dimensions internes de l&#8217;unit\u00e9 : L115,9 x P58 x H64,8cm<\/li>\n<li>Dimensions ext\u00e9rieures de l&#8217;appareil : L121,5 x P67,5 x H121cm<\/li>\n<li>Puissance : 230V \/ 50Hz \/ 1Phase 480W<\/li>\n<\/ul>\n<p><strong>Remarque :<\/strong> Pour \u00e9viter la condensation, ne pas placer la vitrine dans une pi\u00e8ce chaude et\/ou humide. En cas de condensation (trop importante), veuillez nous contacter.<\/p>","protected":false},"excerpt":{"rendered":"<p>Avec cette vitrine de luxe sur roulettes, les g\u00e2teaux, les p\u00e2tisseries ou les produits de boulangerie sont refroidis et pr\u00e9sent\u00e9s de mani\u00e8re attrayante. Avec une capacit\u00e9 de 400 litres, cette vitrine r\u00e9frig\u00e9r\u00e9e est id\u00e9ale pour une boulangerie, un caf\u00e9 ou d&#8217;autres \u00e9tablissements de restauration.<\/p>","protected":false},"featured_media":6737,"template":"","meta":{"_acf_changed":false},"product_brand":[],"product_cat":[475],"product_tag":[],"class_list":{"0":"post-13994","1":"product","2":"type-product","3":"status-publish","4":"has-post-thumbnail","6":"product_cat-vitrines-refrigerees-2","8":"first","9":"instock","10":"sale","11":"taxable","12":"shipping-taxable","13":"purchasable","14":"product-type-simple"},"acf":[],"yoast_head":"<!-- This site is optimized with the Yoast SEO plugin v27.4 - https:\/\/yoast.com\/product\/yoast-seo-wordpress\/ -->\n<title>Vitrine r\u00e9frig\u00e9r\u00e9e - 400 L - 122 cm - Gastora<\/title>\n<meta name=\"description\" content=\"Achetez Vitrine r\u00e9frig\u00e9r\u00e9e - 400 L - 122 cm au meilleur prix, fiable et performant avec une livraison rapide\" \/>\n<meta name=\"robots\" content=\"index, follow, max-snippet:-1, max-image-preview:large, max-video-preview:-1\" \/>\n<link rel=\"canonical\" href=\"https:\/\/gastora.eu\/en\/product\/vitrine-rfrigre-400-l-122-cm\/\" \/>\n<meta property=\"og:locale\" content=\"en_US\" \/>\n<meta property=\"og:type\" content=\"article\" \/>\n<meta property=\"og:title\" content=\"Vitrine r\u00e9frig\u00e9r\u00e9e - 400 L - 122 cm - Gastora\" \/>\n<meta property=\"og:description\" content=\"Achetez Vitrine r\u00e9frig\u00e9r\u00e9e - 400 L - 122 cm au meilleur prix, fiable et performant avec une livraison rapide\" \/>\n<meta property=\"og:url\" content=\"https:\/\/gastora.eu\/en\/product\/vitrine-rfrigre-400-l-122-cm\/\" \/>\n<meta property=\"og:site_name\" content=\"Gastora\" \/>\n<meta property=\"article:modified_time\" content=\"2026-04-26T08:31:48+00:00\" \/>\n<meta name=\"twitter:card\" content=\"summary_large_image\" \/>\n<meta name=\"twitter:label1\" content=\"Est. reading time\" \/>\n\t<meta name=\"twitter:data1\" content=\"2 minutes\" \/>\n<script type=\"application\/ld+json\" class=\"yoast-schema-graph\">{\"@context\":\"https:\\\/\\\/schema.org\",\"@graph\":[{\"@type\":\"WebPage\",\"@id\":\"https:\\\/\\\/gastora.eu\\\/product\\\/vitrine-rfrigre-400-l-122-cm\\\/\",\"url\":\"https:\\\/\\\/gastora.eu\\\/product\\\/vitrine-rfrigre-400-l-122-cm\\\/\",\"name\":\"Vitrine r\u00e9frig\u00e9r\u00e9e - 400 L - 122 cm - Gastora\",\"isPartOf\":{\"@id\":\"https:\\\/\\\/gastora.eu\\\/#website\"},\"primaryImageOfPage\":{\"@id\":\"https:\\\/\\\/gastora.eu\\\/product\\\/vitrine-rfrigre-400-l-122-cm\\\/#primaryimage\"},\"image\":{\"@id\":\"https:\\\/\\\/gastora.eu\\\/product\\\/vitrine-rfrigre-400-l-122-cm\\\/#primaryimage\"},\"thumbnailUrl\":\"https:\\\/\\\/gastora.eu\\\/wp-content\\\/uploads\\\/2026\\\/04\\\/maxima-showcase-300l-400l-500l-1-61656e9dabae3.jpg\",\"datePublished\":\"2026-04-25T17:41:10+00:00\",\"dateModified\":\"2026-04-26T08:31:48+00:00\",\"description\":\"Achetez Vitrine r\u00e9frig\u00e9r\u00e9e - 400 L - 122 cm au meilleur prix, fiable et performant avec une livraison rapide\",\"breadcrumb\":{\"@id\":\"https:\\\/\\\/gastora.eu\\\/product\\\/vitrine-rfrigre-400-l-122-cm\\\/#breadcrumb\"},\"inLanguage\":\"en-US\",\"potentialAction\":[{\"@type\":\"ReadAction\",\"target\":[\"https:\\\/\\\/gastora.eu\\\/product\\\/vitrine-rfrigre-400-l-122-cm\\\/\"]}]},{\"@type\":\"ImageObject\",\"inLanguage\":\"en-US\",\"@id\":\"https:\\\/\\\/gastora.eu\\\/product\\\/vitrine-rfrigre-400-l-122-cm\\\/#primaryimage\",\"url\":\"https:\\\/\\\/gastora.eu\\\/wp-content\\\/uploads\\\/2026\\\/04\\\/maxima-showcase-300l-400l-500l-1-61656e9dabae3.jpg\",\"contentUrl\":\"https:\\\/\\\/gastora.eu\\\/wp-content\\\/uploads\\\/2026\\\/04\\\/maxima-showcase-300l-400l-500l-1-61656e9dabae3.jpg\",\"width\":1024,\"height\":1024},{\"@type\":\"BreadcrumbList\",\"@id\":\"https:\\\/\\\/gastora.eu\\\/product\\\/vitrine-rfrigre-400-l-122-cm\\\/#breadcrumb\",\"itemListElement\":[{\"@type\":\"ListItem\",\"position\":1,\"name\":\"Home\",\"item\":\"https:\\\/\\\/gastora.eu\\\/\"},{\"@type\":\"ListItem\",\"position\":2,\"name\":\"Shop\",\"item\":\"https:\\\/\\\/gastora.eu\\\/shop\\\/\"},{\"@type\":\"ListItem\",\"position\":3,\"name\":\"Vitrine r\u00e9frig\u00e9r\u00e9e &#8211; 400 L &#8211; 122 cm\"}]},{\"@type\":\"WebSite\",\"@id\":\"https:\\\/\\\/gastora.eu\\\/#website\",\"url\":\"https:\\\/\\\/gastora.eu\\\/\",\"name\":\"Gastora\",\"description\":\"\u00c9quipements professionnels CHR\",\"publisher\":{\"@id\":\"https:\\\/\\\/gastora.eu\\\/#organization\"},\"potentialAction\":[{\"@type\":\"SearchAction\",\"target\":{\"@type\":\"EntryPoint\",\"urlTemplate\":\"https:\\\/\\\/gastora.eu\\\/?s={search_term_string}\"},\"query-input\":{\"@type\":\"PropertyValueSpecification\",\"valueRequired\":true,\"valueName\":\"search_term_string\"}}],\"inLanguage\":\"en-US\"},{\"@type\":\"Organization\",\"@id\":\"https:\\\/\\\/gastora.eu\\\/#organization\",\"name\":\"Gastora\",\"url\":\"https:\\\/\\\/gastora.eu\\\/\",\"logo\":{\"@type\":\"ImageObject\",\"inLanguage\":\"en-US\",\"@id\":\"https:\\\/\\\/gastora.eu\\\/#\\\/schema\\\/logo\\\/image\\\/\",\"url\":\"https:\\\/\\\/gastora.eu\\\/wp-content\\\/uploads\\\/2025\\\/12\\\/ChatGPT-Image-2-janv.-2026-22_52_47-1.png\",\"contentUrl\":\"https:\\\/\\\/gastora.eu\\\/wp-content\\\/uploads\\\/2025\\\/12\\\/ChatGPT-Image-2-janv.-2026-22_52_47-1.png\",\"width\":1536,\"height\":320,\"caption\":\"Gastora\"},\"image\":{\"@id\":\"https:\\\/\\\/gastora.eu\\\/#\\\/schema\\\/logo\\\/image\\\/\"}}]}<\/script>\n<!-- \/ Yoast SEO plugin. -->","yoast_head_json":{"title":"Vitrine r\u00e9frig\u00e9r\u00e9e - 400 L - 122 cm - Gastora","description":"Achetez Vitrine r\u00e9frig\u00e9r\u00e9e - 400 L - 122 cm au meilleur prix, fiable et performant avec une livraison rapide","robots":{"index":"index","follow":"follow","max-snippet":"max-snippet:-1","max-image-preview":"max-image-preview:large","max-video-preview":"max-video-preview:-1"},"canonical":"https:\/\/gastora.eu\/en\/product\/vitrine-rfrigre-400-l-122-cm\/","og_locale":"en_US","og_type":"article","og_title":"Vitrine r\u00e9frig\u00e9r\u00e9e - 400 L - 122 cm - Gastora","og_description":"Achetez Vitrine r\u00e9frig\u00e9r\u00e9e - 400 L - 122 cm au meilleur prix, fiable et performant avec une livraison rapide","og_url":"https:\/\/gastora.eu\/en\/product\/vitrine-rfrigre-400-l-122-cm\/","og_site_name":"Gastora","article_modified_time":"2026-04-26T08:31:48+00:00","twitter_card":"summary_large_image","twitter_misc":{"Est. reading time":"2 minutes"},"schema":{"@context":"https:\/\/schema.org","@graph":[{"@type":"WebPage","@id":"https:\/\/gastora.eu\/product\/vitrine-rfrigre-400-l-122-cm\/","url":"https:\/\/gastora.eu\/product\/vitrine-rfrigre-400-l-122-cm\/","name":"Vitrine r\u00e9frig\u00e9r\u00e9e - 400 L - 122 cm - Gastora","isPartOf":{"@id":"https:\/\/gastora.eu\/#website"},"primaryImageOfPage":{"@id":"https:\/\/gastora.eu\/product\/vitrine-rfrigre-400-l-122-cm\/#primaryimage"},"image":{"@id":"https:\/\/gastora.eu\/product\/vitrine-rfrigre-400-l-122-cm\/#primaryimage"},"thumbnailUrl":"https:\/\/gastora.eu\/wp-content\/uploads\/2026\/04\/maxima-showcase-300l-400l-500l-1-61656e9dabae3.jpg","datePublished":"2026-04-25T17:41:10+00:00","dateModified":"2026-04-26T08:31:48+00:00","description":"Achetez Vitrine r\u00e9frig\u00e9r\u00e9e - 400 L - 122 cm au meilleur prix, fiable et performant avec une livraison rapide","breadcrumb":{"@id":"https:\/\/gastora.eu\/product\/vitrine-rfrigre-400-l-122-cm\/#breadcrumb"},"inLanguage":"en-US","potentialAction":[{"@type":"ReadAction","target":["https:\/\/gastora.eu\/product\/vitrine-rfrigre-400-l-122-cm\/"]}]},{"@type":"ImageObject","inLanguage":"en-US","@id":"https:\/\/gastora.eu\/product\/vitrine-rfrigre-400-l-122-cm\/#primaryimage","url":"https:\/\/gastora.eu\/wp-content\/uploads\/2026\/04\/maxima-showcase-300l-400l-500l-1-61656e9dabae3.jpg","contentUrl":"https:\/\/gastora.eu\/wp-content\/uploads\/2026\/04\/maxima-showcase-300l-400l-500l-1-61656e9dabae3.jpg","width":1024,"height":1024},{"@type":"BreadcrumbList","@id":"https:\/\/gastora.eu\/product\/vitrine-rfrigre-400-l-122-cm\/#breadcrumb","itemListElement":[{"@type":"ListItem","position":1,"name":"Home","item":"https:\/\/gastora.eu\/"},{"@type":"ListItem","position":2,"name":"Shop","item":"https:\/\/gastora.eu\/shop\/"},{"@type":"ListItem","position":3,"name":"Vitrine r\u00e9frig\u00e9r\u00e9e &#8211; 400 L &#8211; 122 cm"}]},{"@type":"WebSite","@id":"https:\/\/gastora.eu\/#website","url":"https:\/\/gastora.eu\/","name":"Gastora","description":"\u00c9quipements professionnels CHR","publisher":{"@id":"https:\/\/gastora.eu\/#organization"},"potentialAction":[{"@type":"SearchAction","target":{"@type":"EntryPoint","urlTemplate":"https:\/\/gastora.eu\/?s={search_term_string}"},"query-input":{"@type":"PropertyValueSpecification","valueRequired":true,"valueName":"search_term_string"}}],"inLanguage":"en-US"},{"@type":"Organization","@id":"https:\/\/gastora.eu\/#organization","name":"Gastora","url":"https:\/\/gastora.eu\/","logo":{"@type":"ImageObject","inLanguage":"en-US","@id":"https:\/\/gastora.eu\/#\/schema\/logo\/image\/","url":"https:\/\/gastora.eu\/wp-content\/uploads\/2025\/12\/ChatGPT-Image-2-janv.-2026-22_52_47-1.png","contentUrl":"https:\/\/gastora.eu\/wp-content\/uploads\/2025\/12\/ChatGPT-Image-2-janv.-2026-22_52_47-1.png","width":1536,"height":320,"caption":"Gastora"},"image":{"@id":"https:\/\/gastora.eu\/#\/schema\/logo\/image\/"}}]}},"jetpack_sharing_enabled":true,"_links":{"self":[{"href":"https:\/\/gastora.eu\/en\/wp-json\/wp\/v2\/product\/13994","targetHints":{"allow":["GET"]}}],"collection":[{"href":"https:\/\/gastora.eu\/en\/wp-json\/wp\/v2\/product"}],"about":[{"href":"https:\/\/gastora.eu\/en\/wp-json\/wp\/v2\/types\/product"}],"wp:featuredmedia":[{"embeddable":true,"href":"https:\/\/gastora.eu\/en\/wp-json\/wp\/v2\/media\/6737"}],"wp:attachment":[{"href":"https:\/\/gastora.eu\/en\/wp-json\/wp\/v2\/media?parent=13994"}],"wp:term":[{"taxonomy":"product_brand","embeddable":true,"href":"https:\/\/gastora.eu\/en\/wp-json\/wp\/v2\/product_brand?post=13994"},{"taxonomy":"product_cat","embeddable":true,"href":"https:\/\/gastora.eu\/en\/wp-json\/wp\/v2\/product_cat?post=13994"},{"taxonomy":"product_tag","embeddable":true,"href":"https:\/\/gastora.eu\/en\/wp-json\/wp\/v2\/product_tag?post=13994"}],"curies":[{"name":"wp","href":"https:\/\/api.w.org\/{rel}","templated":true}]}}