{"id":13993,"date":"2026-04-25T17:41:08","date_gmt":"2026-04-25T17:41:08","guid":{"rendered":"https:\/\/gastora.eu\/?post_type=product&#038;p=13993"},"modified":"2026-04-26T08:31:47","modified_gmt":"2026-04-26T08:31:47","slug":"vitrine-rfrigre-255-l-125-cm-avec-support","status":"publish","type":"product","link":"https:\/\/gastora.eu\/en\/product\/vitrine-rfrigre-255-l-125-cm-avec-support\/","title":{"rendered":"Vitrine r\u00e9frig\u00e9r\u00e9e &#8211; 255 L &#8211; 125 cm &#8211; avec support"},"content":{"rendered":"<p>Un r\u00e9frig\u00e9rateur d&#8217;exposition \u00e0 base roulante est une excellente alternative si vous manquez d&#8217;espace sur votre comptoir. Ce r\u00e9frig\u00e9rateur d&#8217;exposition est id\u00e9al si vous devez le d\u00e9placer r\u00e9guli\u00e8rement. La face avant est dot\u00e9e d&#8217;une vitre incurv\u00e9e pour une meilleure visibilit\u00e9, et la face arri\u00e8re est \u00e9quip\u00e9e de deux portes coulissantes qui vous permettent de remplacer rapidement les aliments et de servir les clients. D&#8217;une capacit\u00e9 de 255 litres, cet appareil peut accueillir trois r\u00e9cipients Gastronorm 1\/1 GN et deux r\u00e9cipients Gastronorm 1\/4 GN d&#8217;une profondeur maximale de 15 cm. Si vous pr\u00e9f\u00e9rez cacher la base, vous pouvez le faire en utilisant un emballage qui compl\u00e8te votre entreprise et votre image de marque.<\/p>\n<h3>Contr\u00f4le pr\u00e9cis de la temp\u00e9rature<\/h3>\n<p>S&#8217;assurer que la temp\u00e9rature est non seulement r\u00e9gl\u00e9e avec pr\u00e9cision, mais aussi qu&#8217;elle reste constante, est une n\u00e9cessit\u00e9 pour toute entreprise de restauration professionnelle. Pour y parvenir, ce r\u00e9frig\u00e9rateur est \u00e9quip\u00e9 d&#8217;un r\u00e9gulateur de temp\u00e9rature num\u00e9rique tr\u00e8s convivial. Il vous permet de r\u00e9gler avec pr\u00e9cision la temp\u00e9rature dont vous avez besoin dans une fourchette de 2 \u00e0 12\u00b0C. Il dispose \u00e9galement d&#8217;un cycle de refroidissement sp\u00e9cial pour \u00e9viter la formation de glace, qui peut avoir un impact sur la temp\u00e9rature \u00e0 l&#8217;int\u00e9rieur. Le r\u00e9frig\u00e9rant utilis\u00e9 pour cette vitrine avec socle est le R600a, exempt de CFC. Ce r\u00e9frig\u00e9rateur d&#8217;exposition haut de gamme dispose \u00e9galement d&#8217;un \u00e9clairage LED int\u00e9gr\u00e9 sur le dessus pour mieux mettre en valeur vos aliments.<\/p>\n<h3>Nettoyage facile<\/h3>\n<p>Cet \u00e9l\u00e9gant r\u00e9frig\u00e9rateur de pr\u00e9sentation a \u00e9t\u00e9 sp\u00e9cialement con\u00e7u pour une utilisation professionnelle dans les entreprises de restauration, telles que les restaurants, les caf\u00e9s, les cantines ou les brasseries. Lorsque l&#8217;on travaille avec des produits frais dans l&#8217;industrie alimentaire, l&#8217;\u00e9quipement doit \u00eatre facile \u00e0 nettoyer. C&#8217;est d&#8217;autant plus important lorsqu&#8217;il s&#8217;agit d&#8217;appareils utilis\u00e9s quotidiennement. Avec ce r\u00e9frig\u00e9rateur d&#8217;exposition, il suffit d&#8217;un chiffon doux et humide avec un peu de d\u00e9tergent pour nettoyer l&#8217;int\u00e9rieur et l&#8217;ext\u00e9rieur du r\u00e9frig\u00e9rateur.<\/p>\n<p><strong>Caract\u00e9ristiques<\/strong><\/p>\n<ul>\n<li>Syst\u00e8me de refroidissement statique<\/li>\n<li>Cycle de refroidissement sp\u00e9cial pour r\u00e9duire la formation de glace<\/li>\n<li>Convient aux r\u00e9cipients GN<\/li>\n<li>Fen\u00eatre en verre incurv\u00e9e \u00e0 l&#8217;avant<\/li>\n<li>Contr\u00f4le et affichage num\u00e9riques de la temp\u00e9rature<\/li>\n<li>\u00c9vaporateur avec r\u00e9cipient pour recueillir la condensation<\/li>\n<\/ul>\n<p><strong>Caract\u00e9ristiques du produit<\/strong><\/p>\n<ul>\n<li>Poids net : 84 kg<\/li>\n<li>Dimensions : L125 x P89 x H108cm L125 x P89 x H108cm<\/li>\n<li>Capacit\u00e9 : Convient \u00e0 3 x 1\/1 et 2 x 1\/4 conteneurs GN de 15cm de profondeur<\/li>\n<li>230V \/ 50Hz \/ 1 Phase 200W<\/li>\n<\/ul>","protected":false},"excerpt":{"rendered":"<p>Ce r\u00e9frig\u00e9rateur d&#8217;une capacit\u00e9 de 255 litres est \u00e9quip\u00e9 d&#8217;un support sur roulettes, ce qui permet de le d\u00e9placer facilement o\u00f9 vous le souhaitez. Il est dot\u00e9 d&#8217;un verre bomb\u00e9 et d&#8217;un contr\u00f4le num\u00e9rique de la temp\u00e9rature. Les portes coulissantes \u00e0 l&#8217;arri\u00e8re facilitent l&#8217;acc\u00e8s pour le remplissage et le retrait des produits. Convient \u00e9galement aux r\u00e9cipients GN de 15 cm de profondeur.<\/p>","protected":false},"featured_media":6735,"template":"","meta":{"_acf_changed":false},"product_brand":[],"product_cat":[475],"product_tag":[],"class_list":{"0":"post-13993","1":"product","2":"type-product","3":"status-publish","4":"has-post-thumbnail","6":"product_cat-vitrines-refrigerees-2","8":"first","9":"instock","10":"sale","11":"taxable","12":"shipping-taxable","13":"purchasable","14":"product-type-simple"},"acf":[],"yoast_head":"<!-- This site is optimized with the Yoast SEO plugin v27.4 - https:\/\/yoast.com\/product\/yoast-seo-wordpress\/ -->\n<title>Vitrine r\u00e9frig\u00e9r\u00e9e - 255 L - 125 cm - avec support - Gastora<\/title>\n<meta name=\"description\" content=\"Achetez Vitrine r\u00e9frig\u00e9r\u00e9e - 255 L - 125 cm - avec support au meilleur prix, fiable et performant avec une livraison rapide\" \/>\n<meta name=\"robots\" content=\"index, follow, max-snippet:-1, max-image-preview:large, max-video-preview:-1\" \/>\n<link rel=\"canonical\" href=\"https:\/\/gastora.eu\/en\/product\/vitrine-rfrigre-255-l-125-cm-avec-support\/\" \/>\n<meta property=\"og:locale\" content=\"en_US\" \/>\n<meta property=\"og:type\" content=\"article\" \/>\n<meta property=\"og:title\" content=\"Vitrine r\u00e9frig\u00e9r\u00e9e - 255 L - 125 cm - avec support - Gastora\" \/>\n<meta property=\"og:description\" content=\"Achetez Vitrine r\u00e9frig\u00e9r\u00e9e - 255 L - 125 cm - avec support au meilleur prix, fiable et performant avec une livraison rapide\" \/>\n<meta property=\"og:url\" content=\"https:\/\/gastora.eu\/en\/product\/vitrine-rfrigre-255-l-125-cm-avec-support\/\" \/>\n<meta property=\"og:site_name\" content=\"Gastora\" \/>\n<meta property=\"article:modified_time\" content=\"2026-04-26T08:31:47+00:00\" \/>\n<meta name=\"twitter:card\" content=\"summary_large_image\" \/>\n<meta name=\"twitter:label1\" content=\"Est. reading time\" \/>\n\t<meta name=\"twitter:data1\" content=\"2 minutes\" \/>\n<script type=\"application\/ld+json\" class=\"yoast-schema-graph\">{\"@context\":\"https:\\\/\\\/schema.org\",\"@graph\":[{\"@type\":\"WebPage\",\"@id\":\"https:\\\/\\\/gastora.eu\\\/product\\\/vitrine-rfrigre-255-l-125-cm-avec-support\\\/\",\"url\":\"https:\\\/\\\/gastora.eu\\\/product\\\/vitrine-rfrigre-255-l-125-cm-avec-support\\\/\",\"name\":\"Vitrine r\u00e9frig\u00e9r\u00e9e - 255 L - 125 cm - avec support - Gastora\",\"isPartOf\":{\"@id\":\"https:\\\/\\\/gastora.eu\\\/#website\"},\"primaryImageOfPage\":{\"@id\":\"https:\\\/\\\/gastora.eu\\\/product\\\/vitrine-rfrigre-255-l-125-cm-avec-support\\\/#primaryimage\"},\"image\":{\"@id\":\"https:\\\/\\\/gastora.eu\\\/product\\\/vitrine-rfrigre-255-l-125-cm-avec-support\\\/#primaryimage\"},\"thumbnailUrl\":\"https:\\\/\\\/gastora.eu\\\/wp-content\\\/uploads\\\/2026\\\/04\\\/09400821-maxima-showcase-225l-with-stand-1.jpg\",\"datePublished\":\"2026-04-25T17:41:08+00:00\",\"dateModified\":\"2026-04-26T08:31:47+00:00\",\"description\":\"Achetez Vitrine r\u00e9frig\u00e9r\u00e9e - 255 L - 125 cm - avec support au meilleur prix, fiable et performant avec une livraison rapide\",\"breadcrumb\":{\"@id\":\"https:\\\/\\\/gastora.eu\\\/product\\\/vitrine-rfrigre-255-l-125-cm-avec-support\\\/#breadcrumb\"},\"inLanguage\":\"en-US\",\"potentialAction\":[{\"@type\":\"ReadAction\",\"target\":[\"https:\\\/\\\/gastora.eu\\\/product\\\/vitrine-rfrigre-255-l-125-cm-avec-support\\\/\"]}]},{\"@type\":\"ImageObject\",\"inLanguage\":\"en-US\",\"@id\":\"https:\\\/\\\/gastora.eu\\\/product\\\/vitrine-rfrigre-255-l-125-cm-avec-support\\\/#primaryimage\",\"url\":\"https:\\\/\\\/gastora.eu\\\/wp-content\\\/uploads\\\/2026\\\/04\\\/09400821-maxima-showcase-225l-with-stand-1.jpg\",\"contentUrl\":\"https:\\\/\\\/gastora.eu\\\/wp-content\\\/uploads\\\/2026\\\/04\\\/09400821-maxima-showcase-225l-with-stand-1.jpg\",\"width\":1024,\"height\":1024},{\"@type\":\"BreadcrumbList\",\"@id\":\"https:\\\/\\\/gastora.eu\\\/product\\\/vitrine-rfrigre-255-l-125-cm-avec-support\\\/#breadcrumb\",\"itemListElement\":[{\"@type\":\"ListItem\",\"position\":1,\"name\":\"Home\",\"item\":\"https:\\\/\\\/gastora.eu\\\/\"},{\"@type\":\"ListItem\",\"position\":2,\"name\":\"Shop\",\"item\":\"https:\\\/\\\/gastora.eu\\\/shop\\\/\"},{\"@type\":\"ListItem\",\"position\":3,\"name\":\"Vitrine r\u00e9frig\u00e9r\u00e9e &#8211; 255 L &#8211; 125 cm &#8211; avec support\"}]},{\"@type\":\"WebSite\",\"@id\":\"https:\\\/\\\/gastora.eu\\\/#website\",\"url\":\"https:\\\/\\\/gastora.eu\\\/\",\"name\":\"Gastora\",\"description\":\"\u00c9quipements professionnels CHR\",\"publisher\":{\"@id\":\"https:\\\/\\\/gastora.eu\\\/#organization\"},\"potentialAction\":[{\"@type\":\"SearchAction\",\"target\":{\"@type\":\"EntryPoint\",\"urlTemplate\":\"https:\\\/\\\/gastora.eu\\\/?s={search_term_string}\"},\"query-input\":{\"@type\":\"PropertyValueSpecification\",\"valueRequired\":true,\"valueName\":\"search_term_string\"}}],\"inLanguage\":\"en-US\"},{\"@type\":\"Organization\",\"@id\":\"https:\\\/\\\/gastora.eu\\\/#organization\",\"name\":\"Gastora\",\"url\":\"https:\\\/\\\/gastora.eu\\\/\",\"logo\":{\"@type\":\"ImageObject\",\"inLanguage\":\"en-US\",\"@id\":\"https:\\\/\\\/gastora.eu\\\/#\\\/schema\\\/logo\\\/image\\\/\",\"url\":\"https:\\\/\\\/gastora.eu\\\/wp-content\\\/uploads\\\/2025\\\/12\\\/ChatGPT-Image-2-janv.-2026-22_52_47-1.png\",\"contentUrl\":\"https:\\\/\\\/gastora.eu\\\/wp-content\\\/uploads\\\/2025\\\/12\\\/ChatGPT-Image-2-janv.-2026-22_52_47-1.png\",\"width\":1536,\"height\":320,\"caption\":\"Gastora\"},\"image\":{\"@id\":\"https:\\\/\\\/gastora.eu\\\/#\\\/schema\\\/logo\\\/image\\\/\"}}]}<\/script>\n<!-- \/ Yoast SEO plugin. -->","yoast_head_json":{"title":"Vitrine r\u00e9frig\u00e9r\u00e9e - 255 L - 125 cm - avec support - Gastora","description":"Achetez Vitrine r\u00e9frig\u00e9r\u00e9e - 255 L - 125 cm - avec support au meilleur prix, fiable et performant avec une livraison rapide","robots":{"index":"index","follow":"follow","max-snippet":"max-snippet:-1","max-image-preview":"max-image-preview:large","max-video-preview":"max-video-preview:-1"},"canonical":"https:\/\/gastora.eu\/en\/product\/vitrine-rfrigre-255-l-125-cm-avec-support\/","og_locale":"en_US","og_type":"article","og_title":"Vitrine r\u00e9frig\u00e9r\u00e9e - 255 L - 125 cm - avec support - Gastora","og_description":"Achetez Vitrine r\u00e9frig\u00e9r\u00e9e - 255 L - 125 cm - avec support au meilleur prix, fiable et performant avec une livraison rapide","og_url":"https:\/\/gastora.eu\/en\/product\/vitrine-rfrigre-255-l-125-cm-avec-support\/","og_site_name":"Gastora","article_modified_time":"2026-04-26T08:31:47+00:00","twitter_card":"summary_large_image","twitter_misc":{"Est. reading time":"2 minutes"},"schema":{"@context":"https:\/\/schema.org","@graph":[{"@type":"WebPage","@id":"https:\/\/gastora.eu\/product\/vitrine-rfrigre-255-l-125-cm-avec-support\/","url":"https:\/\/gastora.eu\/product\/vitrine-rfrigre-255-l-125-cm-avec-support\/","name":"Vitrine r\u00e9frig\u00e9r\u00e9e - 255 L - 125 cm - avec support - Gastora","isPartOf":{"@id":"https:\/\/gastora.eu\/#website"},"primaryImageOfPage":{"@id":"https:\/\/gastora.eu\/product\/vitrine-rfrigre-255-l-125-cm-avec-support\/#primaryimage"},"image":{"@id":"https:\/\/gastora.eu\/product\/vitrine-rfrigre-255-l-125-cm-avec-support\/#primaryimage"},"thumbnailUrl":"https:\/\/gastora.eu\/wp-content\/uploads\/2026\/04\/09400821-maxima-showcase-225l-with-stand-1.jpg","datePublished":"2026-04-25T17:41:08+00:00","dateModified":"2026-04-26T08:31:47+00:00","description":"Achetez Vitrine r\u00e9frig\u00e9r\u00e9e - 255 L - 125 cm - avec support au meilleur prix, fiable et performant avec une livraison rapide","breadcrumb":{"@id":"https:\/\/gastora.eu\/product\/vitrine-rfrigre-255-l-125-cm-avec-support\/#breadcrumb"},"inLanguage":"en-US","potentialAction":[{"@type":"ReadAction","target":["https:\/\/gastora.eu\/product\/vitrine-rfrigre-255-l-125-cm-avec-support\/"]}]},{"@type":"ImageObject","inLanguage":"en-US","@id":"https:\/\/gastora.eu\/product\/vitrine-rfrigre-255-l-125-cm-avec-support\/#primaryimage","url":"https:\/\/gastora.eu\/wp-content\/uploads\/2026\/04\/09400821-maxima-showcase-225l-with-stand-1.jpg","contentUrl":"https:\/\/gastora.eu\/wp-content\/uploads\/2026\/04\/09400821-maxima-showcase-225l-with-stand-1.jpg","width":1024,"height":1024},{"@type":"BreadcrumbList","@id":"https:\/\/gastora.eu\/product\/vitrine-rfrigre-255-l-125-cm-avec-support\/#breadcrumb","itemListElement":[{"@type":"ListItem","position":1,"name":"Home","item":"https:\/\/gastora.eu\/"},{"@type":"ListItem","position":2,"name":"Shop","item":"https:\/\/gastora.eu\/shop\/"},{"@type":"ListItem","position":3,"name":"Vitrine r\u00e9frig\u00e9r\u00e9e &#8211; 255 L &#8211; 125 cm &#8211; avec support"}]},{"@type":"WebSite","@id":"https:\/\/gastora.eu\/#website","url":"https:\/\/gastora.eu\/","name":"Gastora","description":"\u00c9quipements professionnels CHR","publisher":{"@id":"https:\/\/gastora.eu\/#organization"},"potentialAction":[{"@type":"SearchAction","target":{"@type":"EntryPoint","urlTemplate":"https:\/\/gastora.eu\/?s={search_term_string}"},"query-input":{"@type":"PropertyValueSpecification","valueRequired":true,"valueName":"search_term_string"}}],"inLanguage":"en-US"},{"@type":"Organization","@id":"https:\/\/gastora.eu\/#organization","name":"Gastora","url":"https:\/\/gastora.eu\/","logo":{"@type":"ImageObject","inLanguage":"en-US","@id":"https:\/\/gastora.eu\/#\/schema\/logo\/image\/","url":"https:\/\/gastora.eu\/wp-content\/uploads\/2025\/12\/ChatGPT-Image-2-janv.-2026-22_52_47-1.png","contentUrl":"https:\/\/gastora.eu\/wp-content\/uploads\/2025\/12\/ChatGPT-Image-2-janv.-2026-22_52_47-1.png","width":1536,"height":320,"caption":"Gastora"},"image":{"@id":"https:\/\/gastora.eu\/#\/schema\/logo\/image\/"}}]}},"jetpack_sharing_enabled":true,"_links":{"self":[{"href":"https:\/\/gastora.eu\/en\/wp-json\/wp\/v2\/product\/13993","targetHints":{"allow":["GET"]}}],"collection":[{"href":"https:\/\/gastora.eu\/en\/wp-json\/wp\/v2\/product"}],"about":[{"href":"https:\/\/gastora.eu\/en\/wp-json\/wp\/v2\/types\/product"}],"wp:featuredmedia":[{"embeddable":true,"href":"https:\/\/gastora.eu\/en\/wp-json\/wp\/v2\/media\/6735"}],"wp:attachment":[{"href":"https:\/\/gastora.eu\/en\/wp-json\/wp\/v2\/media?parent=13993"}],"wp:term":[{"taxonomy":"product_brand","embeddable":true,"href":"https:\/\/gastora.eu\/en\/wp-json\/wp\/v2\/product_brand?post=13993"},{"taxonomy":"product_cat","embeddable":true,"href":"https:\/\/gastora.eu\/en\/wp-json\/wp\/v2\/product_cat?post=13993"},{"taxonomy":"product_tag","embeddable":true,"href":"https:\/\/gastora.eu\/en\/wp-json\/wp\/v2\/product_tag?post=13993"}],"curies":[{"name":"wp","href":"https:\/\/api.w.org\/{rel}","templated":true}]}}