{"id":13987,"date":"2026-04-25T17:41:00","date_gmt":"2026-04-25T17:41:00","guid":{"rendered":"https:\/\/gastora.eu\/?post_type=product&#038;p=13987"},"modified":"2026-04-28T16:55:39","modified_gmt":"2026-04-28T16:55:39","slug":"mlangeur-de-boissons-2-x-2-l-2-tasses-2-vitesses","status":"publish","type":"product","link":"https:\/\/gastora.eu\/en\/product\/mlangeur-de-boissons-2-x-2-l-2-tasses-2-vitesses\/","title":{"rendered":"M\u00e9langeur de boissons &#8211; 2 x 2 L &#8211; 2 tasses &#8211; 2 vitesses"},"content":{"rendered":"<p>Ce mixeur professionnel est polyvalent et peut \u00eatre utilis\u00e9 dans de nombreux \u00e9tablissements de restauration, tels que les glaciers, les bars, les clubs, les h\u00f4tels, les snacks, les caf\u00e9t\u00e9rias et les restaurants. Il convient parfaitement aux boissons qui doivent \u00eatre m\u00e9lang\u00e9es ou mix\u00e9es. Gr\u00e2ce \u00e0 ce mixeur pour boissons de restauration avec deux gobelets, vous pouvez enrichir votre menu de divers smoothies, milkshakes et cocktails. Gr\u00e2ce \u00e0 sa taille compacte, le mixeur de boissons est \u00e9galement facile \u00e0 ranger lorsqu&#8217;il n&#8217;est pas utilis\u00e9 r\u00e9guli\u00e8rement.<\/p>\n<h3>Construction stable et robuste<\/h3>\n<p>Gr\u00e2ce au double gobelet, vous pouvez pr\u00e9parer deux boissons diff\u00e9rentes en un rien de temps, sans avoir \u00e0 rincer le gobelet en acier inoxydable entre-temps. Le personnel en cuisine ou au bar peut ainsi r\u00e9pondre plus facilement \u00e0 la demande des clients. Le m\u00e9langeur est \u00e9galement tr\u00e8s facile \u00e0 utiliser et le support lourd assure une bonne stabilit\u00e9 pendant le m\u00e9lange des boissons. La capacit\u00e9 de chaque gobelet est d&#8217;un litre et chaque gobelet a son propre moteur qui offre deux vitesses diff\u00e9rentes : 10 000 et 15 000 tours\/minute. L&#8217;arbre d&#8217;entra\u00eenement robuste en acier inoxydable et le moteur puissant se combinent pour vous permettre de servir de d\u00e9licieuses boissons en quelques secondes.<\/p>\n<h3>Diff\u00e9rentes m\u00e9thodes de nettoyage<\/h3>\n<p>Ce m\u00e9langeur de boissons de haute qualit\u00e9 destin\u00e9 aux cuisines de restauration est \u00e9galement tr\u00e8s facile \u00e0 nettoyer, ce qui est un aspect important lorsqu&#8217;il s&#8217;agit d&#8217;un \u00e9quipement professionnel. Gr\u00e2ce au choix de surfaces en acier inoxydable, il est anticorrosion et r\u00e9sistant aux rayures. Pour nettoyer l&#8217;appareil, il suffit d&#8217;essuyer le bo\u00eetier du mixeur avec un chiffon doux et humide. Les gobelets peuvent \u00eatre mis au lave-vaisselle ou nettoy\u00e9s \u00e0 l&#8217;eau savonneuse. Il est conseill\u00e9 de nettoyer les gobelets le plus rapidement possible apr\u00e8s utilisation afin d&#8217;\u00e9viter la formation de r\u00e9sidus tenaces. Les lames du mixeur sont \u00e9galement amovibles pour le nettoyage, mais une m\u00e9thode beaucoup plus simple consiste \u00e0 placer une tasse d&#8217;eau chaude propre dans les tasses de mixage et \u00e0 la mettre en marche. Les lames et l&#8217;arbre du mixeur sont ainsi tr\u00e8s bien rinc\u00e9s.<\/p>\n<p><strong>Caract\u00e9ristiques<\/strong><\/p>\n<ul>\n<li>Arbre d&#8217;entra\u00eenement robuste en acier inoxydable<\/li>\n<li>Gobelets en acier inoxydable pour un nettoyage facile<\/li>\n<li>R\u00e9duit le travail manuel<\/li>\n<li>Mixeur lourd pour boissons, donc stable pendant l&#8217;utilisation<\/li>\n<li>Compact et facile \u00e0 ranger lorsqu&#8217;il n&#8217;est pas utilis\u00e9<\/li>\n<\/ul>\n<p><strong>Caract\u00e9ristiques du produit<\/strong><\/p>\n<ul>\n<li>Poids net : 7,9 kg<\/li>\n<li>Dimensions : 33 x 19 x 48 cm L33 x P19 x H48cm<\/li>\n<li>Vitesse : 2 vitesses de 10 000 et 15 000 tours\/minute<\/li>\n<li>Contenu du gobelet : 1L<\/li>\n<li>Puissance du moteur : 400W (par moteur)<\/li>\n<li>230V \/ 50Hz \/ 1 Phase 800W<\/li>\n<\/ul>","protected":false},"excerpt":{"rendered":"<p>Ce mixeur en acier inoxydable est livr\u00e9 avec deux gobelets de 2 litres chacun et convient pour m\u00e9langer des boissons telles que des cocktails, des milkshakes ou des smoothies. Le support robuste assure la stabilit\u00e9 de l&#8217;appareil et les deux vitesses permettent de varier la texture des boissons. Il est id\u00e9al pour les bars, les caf\u00e9s et les cuisines professionnelles.<\/p>","protected":false},"featured_media":6723,"template":"","meta":{"_acf_changed":false},"product_brand":[],"product_cat":[480],"product_tag":[],"class_list":{"0":"post-13987","1":"product","2":"type-product","3":"status-publish","4":"has-post-thumbnail","6":"product_cat-batteurs-melangeurs-2","8":"first","9":"instock","10":"sale","11":"taxable","12":"shipping-taxable","13":"purchasable","14":"product-type-simple"},"acf":[],"yoast_head":"<!-- This site is optimized with the Yoast SEO plugin v27.5 - https:\/\/yoast.com\/product\/yoast-seo-wordpress\/ -->\n<title>M\u00e9langeur de boissons - 2 x 2 L - 2 tasses - 2 vitesses - Gastora<\/title>\n<meta name=\"description\" content=\"Achetez M\u00e9langeur de boissons - 2 x 2 L - 2 tasses - 2 vitesses au meilleur prix, fiable et performant avec une livraison rapide\" \/>\n<meta name=\"robots\" content=\"index, follow, max-snippet:-1, max-image-preview:large, max-video-preview:-1\" \/>\n<link rel=\"canonical\" href=\"https:\/\/gastora.eu\/en\/product\/mlangeur-de-boissons-2-x-2-l-2-tasses-2-vitesses\/\" \/>\n<meta property=\"og:locale\" content=\"en_US\" \/>\n<meta property=\"og:type\" content=\"article\" \/>\n<meta property=\"og:title\" content=\"M\u00e9langeur de boissons - 2 x 2 L - 2 tasses - 2 vitesses - Gastora\" \/>\n<meta property=\"og:description\" content=\"Achetez M\u00e9langeur de boissons - 2 x 2 L - 2 tasses - 2 vitesses au meilleur prix, fiable et performant avec une livraison rapide\" \/>\n<meta property=\"og:url\" content=\"https:\/\/gastora.eu\/en\/product\/mlangeur-de-boissons-2-x-2-l-2-tasses-2-vitesses\/\" \/>\n<meta property=\"og:site_name\" content=\"Gastora\" \/>\n<meta property=\"article:modified_time\" content=\"2026-04-28T16:55:39+00:00\" \/>\n<meta name=\"twitter:card\" content=\"summary_large_image\" \/>\n<meta name=\"twitter:label1\" content=\"Est. reading time\" \/>\n\t<meta name=\"twitter:data1\" content=\"2 minutes\" \/>\n<script type=\"application\/ld+json\" class=\"yoast-schema-graph\">{\"@context\":\"https:\\\/\\\/schema.org\",\"@graph\":[{\"@type\":\"WebPage\",\"@id\":\"https:\\\/\\\/gastora.eu\\\/product\\\/mlangeur-de-boissons-2-x-2-l-2-tasses-2-vitesses\\\/\",\"url\":\"https:\\\/\\\/gastora.eu\\\/product\\\/mlangeur-de-boissons-2-x-2-l-2-tasses-2-vitesses\\\/\",\"name\":\"M\u00e9langeur de boissons - 2 x 2 L - 2 tasses - 2 vitesses - Gastora\",\"isPartOf\":{\"@id\":\"https:\\\/\\\/gastora.eu\\\/#website\"},\"primaryImageOfPage\":{\"@id\":\"https:\\\/\\\/gastora.eu\\\/product\\\/mlangeur-de-boissons-2-x-2-l-2-tasses-2-vitesses\\\/#primaryimage\"},\"image\":{\"@id\":\"https:\\\/\\\/gastora.eu\\\/product\\\/mlangeur-de-boissons-2-x-2-l-2-tasses-2-vitesses\\\/#primaryimage\"},\"thumbnailUrl\":\"https:\\\/\\\/gastora.eu\\\/wp-content\\\/uploads\\\/2026\\\/04\\\/09362102-maxima-drink-mixer-double-1.jpg\",\"datePublished\":\"2026-04-25T17:41:00+00:00\",\"dateModified\":\"2026-04-28T16:55:39+00:00\",\"description\":\"Achetez M\u00e9langeur de boissons - 2 x 2 L - 2 tasses - 2 vitesses au meilleur prix, fiable et performant avec une livraison rapide\",\"breadcrumb\":{\"@id\":\"https:\\\/\\\/gastora.eu\\\/product\\\/mlangeur-de-boissons-2-x-2-l-2-tasses-2-vitesses\\\/#breadcrumb\"},\"inLanguage\":\"en-US\",\"potentialAction\":[{\"@type\":\"ReadAction\",\"target\":[\"https:\\\/\\\/gastora.eu\\\/product\\\/mlangeur-de-boissons-2-x-2-l-2-tasses-2-vitesses\\\/\"]}]},{\"@type\":\"ImageObject\",\"inLanguage\":\"en-US\",\"@id\":\"https:\\\/\\\/gastora.eu\\\/product\\\/mlangeur-de-boissons-2-x-2-l-2-tasses-2-vitesses\\\/#primaryimage\",\"url\":\"https:\\\/\\\/gastora.eu\\\/wp-content\\\/uploads\\\/2026\\\/04\\\/09362102-maxima-drink-mixer-double-1.jpg\",\"contentUrl\":\"https:\\\/\\\/gastora.eu\\\/wp-content\\\/uploads\\\/2026\\\/04\\\/09362102-maxima-drink-mixer-double-1.jpg\",\"width\":1024,\"height\":1024},{\"@type\":\"BreadcrumbList\",\"@id\":\"https:\\\/\\\/gastora.eu\\\/product\\\/mlangeur-de-boissons-2-x-2-l-2-tasses-2-vitesses\\\/#breadcrumb\",\"itemListElement\":[{\"@type\":\"ListItem\",\"position\":1,\"name\":\"Home\",\"item\":\"https:\\\/\\\/gastora.eu\\\/\"},{\"@type\":\"ListItem\",\"position\":2,\"name\":\"Shop\",\"item\":\"https:\\\/\\\/gastora.eu\\\/shop\\\/\"},{\"@type\":\"ListItem\",\"position\":3,\"name\":\"M\u00e9langeur de boissons &#8211; 2 x 2 L &#8211; 2 tasses &#8211; 2 vitesses\"}]},{\"@type\":\"WebSite\",\"@id\":\"https:\\\/\\\/gastora.eu\\\/#website\",\"url\":\"https:\\\/\\\/gastora.eu\\\/\",\"name\":\"Gastora\",\"description\":\"\u00c9quipements professionnels CHR\",\"publisher\":{\"@id\":\"https:\\\/\\\/gastora.eu\\\/#organization\"},\"potentialAction\":[{\"@type\":\"SearchAction\",\"target\":{\"@type\":\"EntryPoint\",\"urlTemplate\":\"https:\\\/\\\/gastora.eu\\\/?s={search_term_string}\"},\"query-input\":{\"@type\":\"PropertyValueSpecification\",\"valueRequired\":true,\"valueName\":\"search_term_string\"}}],\"inLanguage\":\"en-US\"},{\"@type\":\"Organization\",\"@id\":\"https:\\\/\\\/gastora.eu\\\/#organization\",\"name\":\"Gastora\",\"url\":\"https:\\\/\\\/gastora.eu\\\/\",\"logo\":{\"@type\":\"ImageObject\",\"inLanguage\":\"en-US\",\"@id\":\"https:\\\/\\\/gastora.eu\\\/#\\\/schema\\\/logo\\\/image\\\/\",\"url\":\"https:\\\/\\\/gastora.eu\\\/wp-content\\\/uploads\\\/2025\\\/12\\\/ChatGPT-Image-2-janv.-2026-22_52_47-1.png\",\"contentUrl\":\"https:\\\/\\\/gastora.eu\\\/wp-content\\\/uploads\\\/2025\\\/12\\\/ChatGPT-Image-2-janv.-2026-22_52_47-1.png\",\"width\":1536,\"height\":320,\"caption\":\"Gastora\"},\"image\":{\"@id\":\"https:\\\/\\\/gastora.eu\\\/#\\\/schema\\\/logo\\\/image\\\/\"}}]}<\/script>\n<!-- \/ Yoast SEO plugin. -->","yoast_head_json":{"title":"M\u00e9langeur de boissons - 2 x 2 L - 2 tasses - 2 vitesses - Gastora","description":"Achetez M\u00e9langeur de boissons - 2 x 2 L - 2 tasses - 2 vitesses au meilleur prix, fiable et performant avec une livraison rapide","robots":{"index":"index","follow":"follow","max-snippet":"max-snippet:-1","max-image-preview":"max-image-preview:large","max-video-preview":"max-video-preview:-1"},"canonical":"https:\/\/gastora.eu\/en\/product\/mlangeur-de-boissons-2-x-2-l-2-tasses-2-vitesses\/","og_locale":"en_US","og_type":"article","og_title":"M\u00e9langeur de boissons - 2 x 2 L - 2 tasses - 2 vitesses - Gastora","og_description":"Achetez M\u00e9langeur de boissons - 2 x 2 L - 2 tasses - 2 vitesses au meilleur prix, fiable et performant avec une livraison rapide","og_url":"https:\/\/gastora.eu\/en\/product\/mlangeur-de-boissons-2-x-2-l-2-tasses-2-vitesses\/","og_site_name":"Gastora","article_modified_time":"2026-04-28T16:55:39+00:00","twitter_card":"summary_large_image","twitter_misc":{"Est. reading time":"2 minutes"},"schema":{"@context":"https:\/\/schema.org","@graph":[{"@type":"WebPage","@id":"https:\/\/gastora.eu\/product\/mlangeur-de-boissons-2-x-2-l-2-tasses-2-vitesses\/","url":"https:\/\/gastora.eu\/product\/mlangeur-de-boissons-2-x-2-l-2-tasses-2-vitesses\/","name":"M\u00e9langeur de boissons - 2 x 2 L - 2 tasses - 2 vitesses - Gastora","isPartOf":{"@id":"https:\/\/gastora.eu\/#website"},"primaryImageOfPage":{"@id":"https:\/\/gastora.eu\/product\/mlangeur-de-boissons-2-x-2-l-2-tasses-2-vitesses\/#primaryimage"},"image":{"@id":"https:\/\/gastora.eu\/product\/mlangeur-de-boissons-2-x-2-l-2-tasses-2-vitesses\/#primaryimage"},"thumbnailUrl":"https:\/\/gastora.eu\/wp-content\/uploads\/2026\/04\/09362102-maxima-drink-mixer-double-1.jpg","datePublished":"2026-04-25T17:41:00+00:00","dateModified":"2026-04-28T16:55:39+00:00","description":"Achetez M\u00e9langeur de boissons - 2 x 2 L - 2 tasses - 2 vitesses au meilleur prix, fiable et performant avec une livraison rapide","breadcrumb":{"@id":"https:\/\/gastora.eu\/product\/mlangeur-de-boissons-2-x-2-l-2-tasses-2-vitesses\/#breadcrumb"},"inLanguage":"en-US","potentialAction":[{"@type":"ReadAction","target":["https:\/\/gastora.eu\/product\/mlangeur-de-boissons-2-x-2-l-2-tasses-2-vitesses\/"]}]},{"@type":"ImageObject","inLanguage":"en-US","@id":"https:\/\/gastora.eu\/product\/mlangeur-de-boissons-2-x-2-l-2-tasses-2-vitesses\/#primaryimage","url":"https:\/\/gastora.eu\/wp-content\/uploads\/2026\/04\/09362102-maxima-drink-mixer-double-1.jpg","contentUrl":"https:\/\/gastora.eu\/wp-content\/uploads\/2026\/04\/09362102-maxima-drink-mixer-double-1.jpg","width":1024,"height":1024},{"@type":"BreadcrumbList","@id":"https:\/\/gastora.eu\/product\/mlangeur-de-boissons-2-x-2-l-2-tasses-2-vitesses\/#breadcrumb","itemListElement":[{"@type":"ListItem","position":1,"name":"Home","item":"https:\/\/gastora.eu\/"},{"@type":"ListItem","position":2,"name":"Shop","item":"https:\/\/gastora.eu\/shop\/"},{"@type":"ListItem","position":3,"name":"M\u00e9langeur de boissons &#8211; 2 x 2 L &#8211; 2 tasses &#8211; 2 vitesses"}]},{"@type":"WebSite","@id":"https:\/\/gastora.eu\/#website","url":"https:\/\/gastora.eu\/","name":"Gastora","description":"\u00c9quipements professionnels CHR","publisher":{"@id":"https:\/\/gastora.eu\/#organization"},"potentialAction":[{"@type":"SearchAction","target":{"@type":"EntryPoint","urlTemplate":"https:\/\/gastora.eu\/?s={search_term_string}"},"query-input":{"@type":"PropertyValueSpecification","valueRequired":true,"valueName":"search_term_string"}}],"inLanguage":"en-US"},{"@type":"Organization","@id":"https:\/\/gastora.eu\/#organization","name":"Gastora","url":"https:\/\/gastora.eu\/","logo":{"@type":"ImageObject","inLanguage":"en-US","@id":"https:\/\/gastora.eu\/#\/schema\/logo\/image\/","url":"https:\/\/gastora.eu\/wp-content\/uploads\/2025\/12\/ChatGPT-Image-2-janv.-2026-22_52_47-1.png","contentUrl":"https:\/\/gastora.eu\/wp-content\/uploads\/2025\/12\/ChatGPT-Image-2-janv.-2026-22_52_47-1.png","width":1536,"height":320,"caption":"Gastora"},"image":{"@id":"https:\/\/gastora.eu\/#\/schema\/logo\/image\/"}}]}},"jetpack_sharing_enabled":true,"_links":{"self":[{"href":"https:\/\/gastora.eu\/en\/wp-json\/wp\/v2\/product\/13987","targetHints":{"allow":["GET"]}}],"collection":[{"href":"https:\/\/gastora.eu\/en\/wp-json\/wp\/v2\/product"}],"about":[{"href":"https:\/\/gastora.eu\/en\/wp-json\/wp\/v2\/types\/product"}],"wp:featuredmedia":[{"embeddable":true,"href":"https:\/\/gastora.eu\/en\/wp-json\/wp\/v2\/media\/6723"}],"wp:attachment":[{"href":"https:\/\/gastora.eu\/en\/wp-json\/wp\/v2\/media?parent=13987"}],"wp:term":[{"taxonomy":"product_brand","embeddable":true,"href":"https:\/\/gastora.eu\/en\/wp-json\/wp\/v2\/product_brand?post=13987"},{"taxonomy":"product_cat","embeddable":true,"href":"https:\/\/gastora.eu\/en\/wp-json\/wp\/v2\/product_cat?post=13987"},{"taxonomy":"product_tag","embeddable":true,"href":"https:\/\/gastora.eu\/en\/wp-json\/wp\/v2\/product_tag?post=13987"}],"curies":[{"name":"wp","href":"https:\/\/api.w.org\/{rel}","templated":true}]}}