{"id":13986,"date":"2026-04-25T17:40:59","date_gmt":"2026-04-25T17:40:59","guid":{"rendered":"https:\/\/gastora.eu\/?post_type=product&#038;p=13986"},"modified":"2026-04-28T16:55:39","modified_gmt":"2026-04-28T16:55:39","slug":"mlangeur-de-boissons-1-x-1-l-1-tasse-2-vitesses","status":"publish","type":"product","link":"https:\/\/gastora.eu\/en\/product\/mlangeur-de-boissons-1-x-1-l-1-tasse-2-vitesses\/","title":{"rendered":"M\u00e9langeur de boissons &#8211; 1 x 1 L &#8211; 1 tasse &#8211; 2 vitesses"},"content":{"rendered":"<p>Lorsque des milkshakes, des cocktails ou des smoothies sont servis dans des glaciers, des bars, des clubs, des h\u00f4tels, des snack-bars et des restaurants, ce robuste mixeur de boissons est indispensable. Sa taille compacte permet de le ranger facilement apr\u00e8s utilisation. C&#8217;est un appareil de cuisine id\u00e9al pour m\u00e9langer et faire mousser rapidement une grande vari\u00e9t\u00e9 de boissons. Le support lourd donne au mixeur \u00e0 boissons une stabilit\u00e9 suppl\u00e9mentaire lorsqu&#8217;il est utilis\u00e9 <\/p>\n<h3>Tr\u00e8s facile \u00e0 utiliser<\/h3>\n<p>Ce mixeur pour boissons est dot\u00e9 d&#8217;un gobelet unique facile \u00e0 nettoyer, que ce soit \u00e0 la main ou au lave-vaisselle. Cet appareil de cuisine est \u00e9galement tr\u00e8s facile \u00e0 utiliser car son fonctionnement simple parle de lui-m\u00eame. Le gobelet du mixeur a une capacit\u00e9 d&#8217;un litre et la capacit\u00e9 de remplissage maximale est de 700 ml afin que les ingr\u00e9dients ne d\u00e9bordent pas du bord pendant le m\u00e9lange. Le m\u00e9langeur est \u00e9quip\u00e9 d&#8217;un arbre d&#8217;entra\u00eenement solide en acier inoxydable et d&#8217;un moteur puissant pour une utilisation commerciale. Vous pouvez m\u00e9langer vos boissons \u00e0 deux vitesses : 10 000 et 15 000RPM. Vous pouvez donc toujours choisir la bonne texture pour votre boisson et terminer le m\u00e9lange en quelques secondes <\/p>\n<h3>Facile \u00e0 nettoyer<\/h3>\n<p>Le m\u00e9langeur est anticorrosion et r\u00e9sistant aux rayures, il durera donc longtemps et pourra r\u00e9sister \u00e0 beaucoup d&#8217;usure. Le nettoyage ne pose aucun probl\u00e8me, gr\u00e2ce aux surfaces en acier inoxydable. Pour l&#8217;ext\u00e9rieur, vous avez besoin d&#8217;un chiffon humide et d&#8217;eau chaude. Le s\u00e9chage peut se faire avec un chiffon sec et doux. Le gobelet m\u00e9langeur est amovible et passe au lave-vaisselle. Nettoyez le gobelet m\u00e9langeur d\u00e8s que possible apr\u00e8s utilisation pour \u00e9viter que les r\u00e9sidus d&#8217;aliments ne collent, notamment lors de la pr\u00e9paration de smoothies. Vous pouvez \u00e9galement sortir les lames du mixeur et les nettoyer. Une autre option consiste \u00e0 placer une tasse remplie d&#8217;eau chaude dans le mixeur et \u00e0 le mettre en marche. De cette fa\u00e7on, vous pouvez nettoyer les lames et l&#8217;arbre.<\/p>\n<ul>\n<li>M\u00e9langeur de boissons \/ machine \u00e0 milk-shake de haute qualit\u00e9 pour la restauration<\/li>\n<li>Facile \u00e0 utiliser gr\u00e2ce \u00e0 son fonctionnement simple<\/li>\n<li>Tasse en acier inoxydable pour un nettoyage facile<\/li>\n<li>Le gobelet du shaker passe au lave-vaisselle<\/li>\n<li>Contenu du gobelet : 1 litre<\/li>\n<li>Capacit\u00e9 de remplissage maximale : 700 ml<\/li>\n<li>Arbre d&#8217;entra\u00eenement robuste en acier inoxydable<\/li>\n<li>Appareil anticorrosion et r\u00e9sistant aux rayures<\/li>\n<li>Moteur puissant pour une poursuite commerciale<\/li>\n<li>Deux vitesses, 10 000 RPM et 15 000 RPM<\/li>\n<li>M\u00e9lange termin\u00e9 en quelques secondes<\/li>\n<\/ul>\n<ul>\n<li>Poids net : 3,6 kg<\/li>\n<li>Dimensions : L200 x D230 x H500 mm<\/li>\n<li>230V \/ 50Hz \/ 1 Phase 400 Watt<\/li>\n<\/ul>\n<ul>\n<li>Poids net : 3,6 kg\n<\/li>\n<li>Dimensions : B20 x D23 x H50cm\n<\/li>\n<li>Deux vitesses : 10 000 et 15 000 tr\/min\n<\/li>\n<li>230V\/50Hz\/1Phase 400W<br \/>","protected":false},"excerpt":{"rendered":"<p>Avec ce mixeur \u00e0 boissons professionnel \u00e0 une seule tasse, vous pouvez pr\u00e9parer de d\u00e9licieux cocktails, milkshakes et smoothies en un rien de temps. Ce m\u00e9langeur est un atout pour de nombreux \u00e9tablissements de restauration, gr\u00e2ce \u00e0 sa taille compacte et \u00e0 sa facilit\u00e9 d&#8217;utilisation. Pour plus de stabilit\u00e9, le shaker est fabriqu\u00e9 en m\u00e9tal robuste.<\/p>","protected":false},"featured_media":6721,"template":"","meta":{"_acf_changed":false},"product_brand":[],"product_cat":[480],"product_tag":[],"class_list":{"0":"post-13986","1":"product","2":"type-product","3":"status-publish","4":"has-post-thumbnail","6":"product_cat-batteurs-melangeurs-2","8":"first","9":"instock","10":"sale","11":"taxable","12":"shipping-taxable","13":"purchasable","14":"product-type-simple"},"acf":[],"yoast_head":"<!-- This site is optimized with the Yoast SEO plugin v27.5 - https:\/\/yoast.com\/product\/yoast-seo-wordpress\/ -->\n<title>M\u00e9langeur de boissons - 1 x 1 L - 1 tasse - 2 vitesses - Gastora<\/title>\n<meta name=\"description\" content=\"Achetez M\u00e9langeur de boissons - 1 x 1 L - 1 tasse - 2 vitesses au meilleur prix, fiable et performant avec une livraison rapide\" \/>\n<meta name=\"robots\" content=\"index, follow, max-snippet:-1, max-image-preview:large, max-video-preview:-1\" \/>\n<link rel=\"canonical\" href=\"https:\/\/gastora.eu\/en\/product\/mlangeur-de-boissons-1-x-1-l-1-tasse-2-vitesses\/\" \/>\n<meta property=\"og:locale\" content=\"en_US\" \/>\n<meta property=\"og:type\" content=\"article\" \/>\n<meta property=\"og:title\" content=\"M\u00e9langeur de boissons - 1 x 1 L - 1 tasse - 2 vitesses - Gastora\" \/>\n<meta property=\"og:description\" content=\"Achetez M\u00e9langeur de boissons - 1 x 1 L - 1 tasse - 2 vitesses au meilleur prix, fiable et performant avec une livraison rapide\" \/>\n<meta property=\"og:url\" content=\"https:\/\/gastora.eu\/en\/product\/mlangeur-de-boissons-1-x-1-l-1-tasse-2-vitesses\/\" \/>\n<meta property=\"og:site_name\" content=\"Gastora\" \/>\n<meta property=\"article:modified_time\" content=\"2026-04-28T16:55:39+00:00\" \/>\n<meta name=\"twitter:card\" content=\"summary_large_image\" \/>\n<meta name=\"twitter:label1\" content=\"Est. reading time\" \/>\n\t<meta name=\"twitter:data1\" content=\"2 minutes\" \/>\n<script type=\"application\/ld+json\" class=\"yoast-schema-graph\">{\"@context\":\"https:\\\/\\\/schema.org\",\"@graph\":[{\"@type\":\"WebPage\",\"@id\":\"https:\\\/\\\/gastora.eu\\\/product\\\/mlangeur-de-boissons-1-x-1-l-1-tasse-2-vitesses\\\/\",\"url\":\"https:\\\/\\\/gastora.eu\\\/product\\\/mlangeur-de-boissons-1-x-1-l-1-tasse-2-vitesses\\\/\",\"name\":\"M\u00e9langeur de boissons - 1 x 1 L - 1 tasse - 2 vitesses - Gastora\",\"isPartOf\":{\"@id\":\"https:\\\/\\\/gastora.eu\\\/#website\"},\"primaryImageOfPage\":{\"@id\":\"https:\\\/\\\/gastora.eu\\\/product\\\/mlangeur-de-boissons-1-x-1-l-1-tasse-2-vitesses\\\/#primaryimage\"},\"image\":{\"@id\":\"https:\\\/\\\/gastora.eu\\\/product\\\/mlangeur-de-boissons-1-x-1-l-1-tasse-2-vitesses\\\/#primaryimage\"},\"thumbnailUrl\":\"https:\\\/\\\/gastora.eu\\\/wp-content\\\/uploads\\\/2026\\\/04\\\/09362101-maxima-drink-mixer-single-1.jpg\",\"datePublished\":\"2026-04-25T17:40:59+00:00\",\"dateModified\":\"2026-04-28T16:55:39+00:00\",\"description\":\"Achetez M\u00e9langeur de boissons - 1 x 1 L - 1 tasse - 2 vitesses au meilleur prix, fiable et performant avec une livraison rapide\",\"breadcrumb\":{\"@id\":\"https:\\\/\\\/gastora.eu\\\/product\\\/mlangeur-de-boissons-1-x-1-l-1-tasse-2-vitesses\\\/#breadcrumb\"},\"inLanguage\":\"en-US\",\"potentialAction\":[{\"@type\":\"ReadAction\",\"target\":[\"https:\\\/\\\/gastora.eu\\\/product\\\/mlangeur-de-boissons-1-x-1-l-1-tasse-2-vitesses\\\/\"]}]},{\"@type\":\"ImageObject\",\"inLanguage\":\"en-US\",\"@id\":\"https:\\\/\\\/gastora.eu\\\/product\\\/mlangeur-de-boissons-1-x-1-l-1-tasse-2-vitesses\\\/#primaryimage\",\"url\":\"https:\\\/\\\/gastora.eu\\\/wp-content\\\/uploads\\\/2026\\\/04\\\/09362101-maxima-drink-mixer-single-1.jpg\",\"contentUrl\":\"https:\\\/\\\/gastora.eu\\\/wp-content\\\/uploads\\\/2026\\\/04\\\/09362101-maxima-drink-mixer-single-1.jpg\",\"width\":1024,\"height\":1024},{\"@type\":\"BreadcrumbList\",\"@id\":\"https:\\\/\\\/gastora.eu\\\/product\\\/mlangeur-de-boissons-1-x-1-l-1-tasse-2-vitesses\\\/#breadcrumb\",\"itemListElement\":[{\"@type\":\"ListItem\",\"position\":1,\"name\":\"Home\",\"item\":\"https:\\\/\\\/gastora.eu\\\/\"},{\"@type\":\"ListItem\",\"position\":2,\"name\":\"Shop\",\"item\":\"https:\\\/\\\/gastora.eu\\\/shop\\\/\"},{\"@type\":\"ListItem\",\"position\":3,\"name\":\"M\u00e9langeur de boissons &#8211; 1 x 1 L &#8211; 1 tasse &#8211; 2 vitesses\"}]},{\"@type\":\"WebSite\",\"@id\":\"https:\\\/\\\/gastora.eu\\\/#website\",\"url\":\"https:\\\/\\\/gastora.eu\\\/\",\"name\":\"Gastora\",\"description\":\"\u00c9quipements professionnels CHR\",\"publisher\":{\"@id\":\"https:\\\/\\\/gastora.eu\\\/#organization\"},\"potentialAction\":[{\"@type\":\"SearchAction\",\"target\":{\"@type\":\"EntryPoint\",\"urlTemplate\":\"https:\\\/\\\/gastora.eu\\\/?s={search_term_string}\"},\"query-input\":{\"@type\":\"PropertyValueSpecification\",\"valueRequired\":true,\"valueName\":\"search_term_string\"}}],\"inLanguage\":\"en-US\"},{\"@type\":\"Organization\",\"@id\":\"https:\\\/\\\/gastora.eu\\\/#organization\",\"name\":\"Gastora\",\"url\":\"https:\\\/\\\/gastora.eu\\\/\",\"logo\":{\"@type\":\"ImageObject\",\"inLanguage\":\"en-US\",\"@id\":\"https:\\\/\\\/gastora.eu\\\/#\\\/schema\\\/logo\\\/image\\\/\",\"url\":\"https:\\\/\\\/gastora.eu\\\/wp-content\\\/uploads\\\/2025\\\/12\\\/ChatGPT-Image-2-janv.-2026-22_52_47-1.png\",\"contentUrl\":\"https:\\\/\\\/gastora.eu\\\/wp-content\\\/uploads\\\/2025\\\/12\\\/ChatGPT-Image-2-janv.-2026-22_52_47-1.png\",\"width\":1536,\"height\":320,\"caption\":\"Gastora\"},\"image\":{\"@id\":\"https:\\\/\\\/gastora.eu\\\/#\\\/schema\\\/logo\\\/image\\\/\"}}]}<\/script>\n<!-- \/ Yoast SEO plugin. -->","yoast_head_json":{"title":"M\u00e9langeur de boissons - 1 x 1 L - 1 tasse - 2 vitesses - Gastora","description":"Achetez M\u00e9langeur de boissons - 1 x 1 L - 1 tasse - 2 vitesses au meilleur prix, fiable et performant avec une livraison rapide","robots":{"index":"index","follow":"follow","max-snippet":"max-snippet:-1","max-image-preview":"max-image-preview:large","max-video-preview":"max-video-preview:-1"},"canonical":"https:\/\/gastora.eu\/en\/product\/mlangeur-de-boissons-1-x-1-l-1-tasse-2-vitesses\/","og_locale":"en_US","og_type":"article","og_title":"M\u00e9langeur de boissons - 1 x 1 L - 1 tasse - 2 vitesses - Gastora","og_description":"Achetez M\u00e9langeur de boissons - 1 x 1 L - 1 tasse - 2 vitesses au meilleur prix, fiable et performant avec une livraison rapide","og_url":"https:\/\/gastora.eu\/en\/product\/mlangeur-de-boissons-1-x-1-l-1-tasse-2-vitesses\/","og_site_name":"Gastora","article_modified_time":"2026-04-28T16:55:39+00:00","twitter_card":"summary_large_image","twitter_misc":{"Est. reading time":"2 minutes"},"schema":{"@context":"https:\/\/schema.org","@graph":[{"@type":"WebPage","@id":"https:\/\/gastora.eu\/product\/mlangeur-de-boissons-1-x-1-l-1-tasse-2-vitesses\/","url":"https:\/\/gastora.eu\/product\/mlangeur-de-boissons-1-x-1-l-1-tasse-2-vitesses\/","name":"M\u00e9langeur de boissons - 1 x 1 L - 1 tasse - 2 vitesses - Gastora","isPartOf":{"@id":"https:\/\/gastora.eu\/#website"},"primaryImageOfPage":{"@id":"https:\/\/gastora.eu\/product\/mlangeur-de-boissons-1-x-1-l-1-tasse-2-vitesses\/#primaryimage"},"image":{"@id":"https:\/\/gastora.eu\/product\/mlangeur-de-boissons-1-x-1-l-1-tasse-2-vitesses\/#primaryimage"},"thumbnailUrl":"https:\/\/gastora.eu\/wp-content\/uploads\/2026\/04\/09362101-maxima-drink-mixer-single-1.jpg","datePublished":"2026-04-25T17:40:59+00:00","dateModified":"2026-04-28T16:55:39+00:00","description":"Achetez M\u00e9langeur de boissons - 1 x 1 L - 1 tasse - 2 vitesses au meilleur prix, fiable et performant avec une livraison rapide","breadcrumb":{"@id":"https:\/\/gastora.eu\/product\/mlangeur-de-boissons-1-x-1-l-1-tasse-2-vitesses\/#breadcrumb"},"inLanguage":"en-US","potentialAction":[{"@type":"ReadAction","target":["https:\/\/gastora.eu\/product\/mlangeur-de-boissons-1-x-1-l-1-tasse-2-vitesses\/"]}]},{"@type":"ImageObject","inLanguage":"en-US","@id":"https:\/\/gastora.eu\/product\/mlangeur-de-boissons-1-x-1-l-1-tasse-2-vitesses\/#primaryimage","url":"https:\/\/gastora.eu\/wp-content\/uploads\/2026\/04\/09362101-maxima-drink-mixer-single-1.jpg","contentUrl":"https:\/\/gastora.eu\/wp-content\/uploads\/2026\/04\/09362101-maxima-drink-mixer-single-1.jpg","width":1024,"height":1024},{"@type":"BreadcrumbList","@id":"https:\/\/gastora.eu\/product\/mlangeur-de-boissons-1-x-1-l-1-tasse-2-vitesses\/#breadcrumb","itemListElement":[{"@type":"ListItem","position":1,"name":"Home","item":"https:\/\/gastora.eu\/"},{"@type":"ListItem","position":2,"name":"Shop","item":"https:\/\/gastora.eu\/shop\/"},{"@type":"ListItem","position":3,"name":"M\u00e9langeur de boissons &#8211; 1 x 1 L &#8211; 1 tasse &#8211; 2 vitesses"}]},{"@type":"WebSite","@id":"https:\/\/gastora.eu\/#website","url":"https:\/\/gastora.eu\/","name":"Gastora","description":"\u00c9quipements professionnels CHR","publisher":{"@id":"https:\/\/gastora.eu\/#organization"},"potentialAction":[{"@type":"SearchAction","target":{"@type":"EntryPoint","urlTemplate":"https:\/\/gastora.eu\/?s={search_term_string}"},"query-input":{"@type":"PropertyValueSpecification","valueRequired":true,"valueName":"search_term_string"}}],"inLanguage":"en-US"},{"@type":"Organization","@id":"https:\/\/gastora.eu\/#organization","name":"Gastora","url":"https:\/\/gastora.eu\/","logo":{"@type":"ImageObject","inLanguage":"en-US","@id":"https:\/\/gastora.eu\/#\/schema\/logo\/image\/","url":"https:\/\/gastora.eu\/wp-content\/uploads\/2025\/12\/ChatGPT-Image-2-janv.-2026-22_52_47-1.png","contentUrl":"https:\/\/gastora.eu\/wp-content\/uploads\/2025\/12\/ChatGPT-Image-2-janv.-2026-22_52_47-1.png","width":1536,"height":320,"caption":"Gastora"},"image":{"@id":"https:\/\/gastora.eu\/#\/schema\/logo\/image\/"}}]}},"jetpack_sharing_enabled":true,"_links":{"self":[{"href":"https:\/\/gastora.eu\/en\/wp-json\/wp\/v2\/product\/13986","targetHints":{"allow":["GET"]}}],"collection":[{"href":"https:\/\/gastora.eu\/en\/wp-json\/wp\/v2\/product"}],"about":[{"href":"https:\/\/gastora.eu\/en\/wp-json\/wp\/v2\/types\/product"}],"wp:featuredmedia":[{"embeddable":true,"href":"https:\/\/gastora.eu\/en\/wp-json\/wp\/v2\/media\/6721"}],"wp:attachment":[{"href":"https:\/\/gastora.eu\/en\/wp-json\/wp\/v2\/media?parent=13986"}],"wp:term":[{"taxonomy":"product_brand","embeddable":true,"href":"https:\/\/gastora.eu\/en\/wp-json\/wp\/v2\/product_brand?post=13986"},{"taxonomy":"product_cat","embeddable":true,"href":"https:\/\/gastora.eu\/en\/wp-json\/wp\/v2\/product_cat?post=13986"},{"taxonomy":"product_tag","embeddable":true,"href":"https:\/\/gastora.eu\/en\/wp-json\/wp\/v2\/product_tag?post=13986"}],"curies":[{"name":"wp","href":"https:\/\/api.w.org\/{rel}","templated":true}]}}