{"id":13980,"date":"2026-04-25T17:40:53","date_gmt":"2026-04-25T17:40:53","guid":{"rendered":"https:\/\/gastora.eu\/?post_type=product&#038;p=13980"},"modified":"2026-04-27T08:34:22","modified_gmt":"2026-04-27T08:34:22","slug":"machine-glaons-85-kgjour-broyfloconn-refroidissement-par-air","status":"publish","type":"product","link":"https:\/\/gastora.eu\/en\/product\/machine-glaons-85-kgjour-broyfloconn-refroidissement-par-air\/","title":{"rendered":"Machine \u00e0 gla\u00e7ons &#8211; 85 kg\/jour &#8211; broy\u00e9\/floconn\u00e9 &#8211; refroidissement par air"},"content":{"rendered":"<p>Cette machine \u00e0 glace vous permet de pr\u00e9senter les produits de mani\u00e8re attrayante, de garder les salades fra\u00eechement pr\u00e9par\u00e9es au frais ou de transporter les aliments \u00e0 la bonne temp\u00e9rature. Cette machine compacte \u00e0 glace pil\u00e9e produit jusqu&#8217;\u00e0 85 kg de glace par 24 heures. Gr\u00e2ce \u00e0 l&#8217;espace de stockage \u00e0 l&#8217;int\u00e9rieur, vous pouvez \u00e9galement garder 20 kg de glace en flocons \u00e0 port\u00e9e de main. Gr\u00e2ce \u00e0 la pelle \u00e0 glace fournie, vous pouvez facilement servir la bonne quantit\u00e9 de glace pil\u00e9e. Un autre avantage de cette machine \u00e0 gla\u00e7ons est qu&#8217;elle est tr\u00e8s facile \u00e0 placer sous le bar ou le comptoir pour une utilisation optimale.<\/p>\n<h3>Alimentation automatique en eau<\/h3>\n<p>Cette machine \u00e0 glace \u00e9cailles \u00e9tant refroidie par air, il faut laisser un espace suffisant \u00e0 l&#8217;arri\u00e8re pour que l&#8217;air puisse circuler. Pour assurer une bonne s\u00e9curit\u00e9 de travail, l&#8217;appareil est \u00e9quip\u00e9 d&#8217;une protection contre les surcharges. Les tuyaux fournis permettent de raccorder la machine \u00e0 un r\u00e9seau d&#8217;eau potable. Le r\u00e9servoir d&#8217;eau se remplit alors automatiquement, ce qui permet \u00e0 la machine \u00e0 gla\u00e7ons de produire en continu de la glace \u00e9caill\u00e9e sans n\u00e9cessiter de travail manuel. La machine \u00e0 gla\u00e7ons n&#8217;est pas \u00e9quip\u00e9e d&#8217;une pompe de vidange. Le tuyau de vidange doit \u00eatre raccord\u00e9 plus bas que la sortie de la machine. Un syst\u00e8me de refroidissement efficace utilisant le r\u00e9frig\u00e9rant R290 est utilis\u00e9 pour refroidir l&#8217;appareil. Elle est \u00e9galement \u00e9quip\u00e9e d&#8217;un panneau de commande avec des voyants d&#8217;avertissement pour signaler tout dysfonctionnement, d&#8217;un r\u00e9servoir de stockage plein et d&#8217;un niveau d&#8217;eau bas.<\/p>\n<h3>Nettoyage facile<\/h3>\n<p>Pour produire de la glace, la machine \u00e0 gla\u00e7ons doit se trouver dans une position stable et s\u00fbre. Gr\u00e2ce \u00e0 ses pieds r\u00e9glables, elle reste bien en place sur presque toutes les surfaces. Gr\u00e2ce aux mat\u00e9riaux utilis\u00e9s pour la conception de cette machine, le nettoyage est \u00e9galement ais\u00e9. L&#8217;ext\u00e9rieur est en acier inoxydable 18\/8 et l&#8217;int\u00e9rieur en ABS. Un chiffon humide et un peu de d\u00e9tergent suffisent pour nettoyer rapidement et en profondeur l&#8217;ensemble. Ensuite, il suffit de l&#8217;essuyer avec un chiffon doux avant de remettre la machine en marche.<\/p>\n<p><strong>Caract\u00e9ristiques<\/strong><\/p>\n<ul>\n<li>Protection contre les surcharges<\/li>\n<li>Livr\u00e9 avec un robinet d&#8217;eau<\/li>\n<li>Panneau de commande convivial<\/li>\n<li>Bonne isolation et hygi\u00e8ne<\/li>\n<li>Voyants lumineux indiquant que le r\u00e9servoir est plein et que le niveau d&#8217;eau est bas<\/li>\n<\/ul>\n<p><strong>Caract\u00e9ristiques du produit<\/strong><\/p>\n<ul>\n<li>Poids net : 46 kg<\/li>\n<li>Capacit\u00e9 de production : 85 kg en 24 heures<\/li>\n<li>Capacit\u00e9 de stockage : 20 kg<\/li>\n<li>Dimensions : L39,8 x P51 x H83,2cm L39,8 x P51 x H83,2cm<\/li>\n<li>R\u00e9frig\u00e9rant : R290<\/li>\n<li>230V \/ 50Hz \/ 1 Phase 470W<\/li>\n<\/ul>","protected":false},"excerpt":{"rendered":"<p>Cette machine \u00e0 glace refroidie par air permet de produire 85 kg de glace pil\u00e9e en 24 heures. En connectant la machine \u00e0 glace \u00e0 l&#8217;alimentation en eau potable, le r\u00e9servoir d&#8217;eau se remplit automatiquement. Elle dispose d&#8217;un espace de stockage pour 20 kg de glace pil\u00e9e et constitue une solution parfaite pour transporter des aliments afin de les conserver au frais ou pour pr\u00e9senter vos produits.<\/p>","protected":false},"featured_media":6709,"template":"","meta":{"_acf_changed":false},"product_brand":[],"product_cat":[491],"product_tag":[],"class_list":{"0":"post-13980","1":"product","2":"type-product","3":"status-publish","4":"has-post-thumbnail","6":"product_cat-machines-a-glacons-2","8":"first","9":"instock","10":"sale","11":"taxable","12":"shipping-taxable","13":"purchasable","14":"product-type-simple"},"acf":[],"yoast_head":"<!-- This site is optimized with the Yoast SEO plugin v27.4 - https:\/\/yoast.com\/product\/yoast-seo-wordpress\/ -->\n<title>Machine \u00e0 gla\u00e7ons - 85 kg\/jour - broy\u00e9\/floconn\u00e9 - refroidissement par air - Gastora<\/title>\n<meta name=\"description\" content=\"Achetez Machine \u00e0 gla\u00e7ons - 85 kg\/jour - broy\u00e9\/floconn\u00e9 - refroidissement par air au meilleur prix, fiable et performant avec une livraison rapide\" \/>\n<meta name=\"robots\" content=\"index, follow, max-snippet:-1, max-image-preview:large, max-video-preview:-1\" \/>\n<link rel=\"canonical\" href=\"https:\/\/gastora.eu\/en\/product\/machine-glaons-85-kgjour-broyfloconn-refroidissement-par-air\/\" \/>\n<meta property=\"og:locale\" content=\"en_US\" \/>\n<meta property=\"og:type\" content=\"article\" \/>\n<meta property=\"og:title\" content=\"Machine \u00e0 gla\u00e7ons - 85 kg\/jour - broy\u00e9\/floconn\u00e9 - refroidissement par air - Gastora\" \/>\n<meta property=\"og:description\" content=\"Achetez Machine \u00e0 gla\u00e7ons - 85 kg\/jour - broy\u00e9\/floconn\u00e9 - refroidissement par air au meilleur prix, fiable et performant avec une livraison rapide\" \/>\n<meta property=\"og:url\" content=\"https:\/\/gastora.eu\/en\/product\/machine-glaons-85-kgjour-broyfloconn-refroidissement-par-air\/\" \/>\n<meta property=\"og:site_name\" content=\"Gastora\" \/>\n<meta property=\"article:modified_time\" content=\"2026-04-27T08:34:22+00:00\" \/>\n<meta name=\"twitter:card\" content=\"summary_large_image\" \/>\n<meta name=\"twitter:label1\" content=\"Est. reading time\" \/>\n\t<meta name=\"twitter:data1\" content=\"2 minutes\" \/>\n<script type=\"application\/ld+json\" class=\"yoast-schema-graph\">{\"@context\":\"https:\\\/\\\/schema.org\",\"@graph\":[{\"@type\":\"WebPage\",\"@id\":\"https:\\\/\\\/gastora.eu\\\/product\\\/machine-glaons-85-kgjour-broyfloconn-refroidissement-par-air\\\/\",\"url\":\"https:\\\/\\\/gastora.eu\\\/product\\\/machine-glaons-85-kgjour-broyfloconn-refroidissement-par-air\\\/\",\"name\":\"Machine \u00e0 gla\u00e7ons - 85 kg\\\/jour - broy\u00e9\\\/floconn\u00e9 - refroidissement par air - Gastora\",\"isPartOf\":{\"@id\":\"https:\\\/\\\/gastora.eu\\\/#website\"},\"primaryImageOfPage\":{\"@id\":\"https:\\\/\\\/gastora.eu\\\/product\\\/machine-glaons-85-kgjour-broyfloconn-refroidissement-par-air\\\/#primaryimage\"},\"image\":{\"@id\":\"https:\\\/\\\/gastora.eu\\\/product\\\/machine-glaons-85-kgjour-broyfloconn-refroidissement-par-air\\\/#primaryimage\"},\"thumbnailUrl\":\"https:\\\/\\\/gastora.eu\\\/wp-content\\\/uploads\\\/2026\\\/04\\\/sp-005-61656e7633a8c.jpg\",\"datePublished\":\"2026-04-25T17:40:53+00:00\",\"dateModified\":\"2026-04-27T08:34:22+00:00\",\"description\":\"Achetez Machine \u00e0 gla\u00e7ons - 85 kg\\\/jour - broy\u00e9\\\/floconn\u00e9 - refroidissement par air au meilleur prix, fiable et performant avec une livraison rapide\",\"breadcrumb\":{\"@id\":\"https:\\\/\\\/gastora.eu\\\/product\\\/machine-glaons-85-kgjour-broyfloconn-refroidissement-par-air\\\/#breadcrumb\"},\"inLanguage\":\"en-US\",\"potentialAction\":[{\"@type\":\"ReadAction\",\"target\":[\"https:\\\/\\\/gastora.eu\\\/product\\\/machine-glaons-85-kgjour-broyfloconn-refroidissement-par-air\\\/\"]}]},{\"@type\":\"ImageObject\",\"inLanguage\":\"en-US\",\"@id\":\"https:\\\/\\\/gastora.eu\\\/product\\\/machine-glaons-85-kgjour-broyfloconn-refroidissement-par-air\\\/#primaryimage\",\"url\":\"https:\\\/\\\/gastora.eu\\\/wp-content\\\/uploads\\\/2026\\\/04\\\/sp-005-61656e7633a8c.jpg\",\"contentUrl\":\"https:\\\/\\\/gastora.eu\\\/wp-content\\\/uploads\\\/2026\\\/04\\\/sp-005-61656e7633a8c.jpg\",\"width\":2048,\"height\":2048},{\"@type\":\"BreadcrumbList\",\"@id\":\"https:\\\/\\\/gastora.eu\\\/product\\\/machine-glaons-85-kgjour-broyfloconn-refroidissement-par-air\\\/#breadcrumb\",\"itemListElement\":[{\"@type\":\"ListItem\",\"position\":1,\"name\":\"Home\",\"item\":\"https:\\\/\\\/gastora.eu\\\/\"},{\"@type\":\"ListItem\",\"position\":2,\"name\":\"Shop\",\"item\":\"https:\\\/\\\/gastora.eu\\\/shop\\\/\"},{\"@type\":\"ListItem\",\"position\":3,\"name\":\"Machine \u00e0 gla\u00e7ons &#8211; 85 kg\\\/jour &#8211; broy\u00e9\\\/floconn\u00e9 &#8211; refroidissement par air\"}]},{\"@type\":\"WebSite\",\"@id\":\"https:\\\/\\\/gastora.eu\\\/#website\",\"url\":\"https:\\\/\\\/gastora.eu\\\/\",\"name\":\"Gastora\",\"description\":\"\u00c9quipements professionnels CHR\",\"publisher\":{\"@id\":\"https:\\\/\\\/gastora.eu\\\/#organization\"},\"potentialAction\":[{\"@type\":\"SearchAction\",\"target\":{\"@type\":\"EntryPoint\",\"urlTemplate\":\"https:\\\/\\\/gastora.eu\\\/?s={search_term_string}\"},\"query-input\":{\"@type\":\"PropertyValueSpecification\",\"valueRequired\":true,\"valueName\":\"search_term_string\"}}],\"inLanguage\":\"en-US\"},{\"@type\":\"Organization\",\"@id\":\"https:\\\/\\\/gastora.eu\\\/#organization\",\"name\":\"Gastora\",\"url\":\"https:\\\/\\\/gastora.eu\\\/\",\"logo\":{\"@type\":\"ImageObject\",\"inLanguage\":\"en-US\",\"@id\":\"https:\\\/\\\/gastora.eu\\\/#\\\/schema\\\/logo\\\/image\\\/\",\"url\":\"https:\\\/\\\/gastora.eu\\\/wp-content\\\/uploads\\\/2025\\\/12\\\/ChatGPT-Image-2-janv.-2026-22_52_47-1.png\",\"contentUrl\":\"https:\\\/\\\/gastora.eu\\\/wp-content\\\/uploads\\\/2025\\\/12\\\/ChatGPT-Image-2-janv.-2026-22_52_47-1.png\",\"width\":1536,\"height\":320,\"caption\":\"Gastora\"},\"image\":{\"@id\":\"https:\\\/\\\/gastora.eu\\\/#\\\/schema\\\/logo\\\/image\\\/\"}}]}<\/script>\n<!-- \/ Yoast SEO plugin. -->","yoast_head_json":{"title":"Machine \u00e0 gla\u00e7ons - 85 kg\/jour - broy\u00e9\/floconn\u00e9 - refroidissement par air - Gastora","description":"Achetez Machine \u00e0 gla\u00e7ons - 85 kg\/jour - broy\u00e9\/floconn\u00e9 - refroidissement par air au meilleur prix, fiable et performant avec une livraison rapide","robots":{"index":"index","follow":"follow","max-snippet":"max-snippet:-1","max-image-preview":"max-image-preview:large","max-video-preview":"max-video-preview:-1"},"canonical":"https:\/\/gastora.eu\/en\/product\/machine-glaons-85-kgjour-broyfloconn-refroidissement-par-air\/","og_locale":"en_US","og_type":"article","og_title":"Machine \u00e0 gla\u00e7ons - 85 kg\/jour - broy\u00e9\/floconn\u00e9 - refroidissement par air - Gastora","og_description":"Achetez Machine \u00e0 gla\u00e7ons - 85 kg\/jour - broy\u00e9\/floconn\u00e9 - refroidissement par air au meilleur prix, fiable et performant avec une livraison rapide","og_url":"https:\/\/gastora.eu\/en\/product\/machine-glaons-85-kgjour-broyfloconn-refroidissement-par-air\/","og_site_name":"Gastora","article_modified_time":"2026-04-27T08:34:22+00:00","twitter_card":"summary_large_image","twitter_misc":{"Est. reading time":"2 minutes"},"schema":{"@context":"https:\/\/schema.org","@graph":[{"@type":"WebPage","@id":"https:\/\/gastora.eu\/product\/machine-glaons-85-kgjour-broyfloconn-refroidissement-par-air\/","url":"https:\/\/gastora.eu\/product\/machine-glaons-85-kgjour-broyfloconn-refroidissement-par-air\/","name":"Machine \u00e0 gla\u00e7ons - 85 kg\/jour - broy\u00e9\/floconn\u00e9 - refroidissement par air - Gastora","isPartOf":{"@id":"https:\/\/gastora.eu\/#website"},"primaryImageOfPage":{"@id":"https:\/\/gastora.eu\/product\/machine-glaons-85-kgjour-broyfloconn-refroidissement-par-air\/#primaryimage"},"image":{"@id":"https:\/\/gastora.eu\/product\/machine-glaons-85-kgjour-broyfloconn-refroidissement-par-air\/#primaryimage"},"thumbnailUrl":"https:\/\/gastora.eu\/wp-content\/uploads\/2026\/04\/sp-005-61656e7633a8c.jpg","datePublished":"2026-04-25T17:40:53+00:00","dateModified":"2026-04-27T08:34:22+00:00","description":"Achetez Machine \u00e0 gla\u00e7ons - 85 kg\/jour - broy\u00e9\/floconn\u00e9 - refroidissement par air au meilleur prix, fiable et performant avec une livraison rapide","breadcrumb":{"@id":"https:\/\/gastora.eu\/product\/machine-glaons-85-kgjour-broyfloconn-refroidissement-par-air\/#breadcrumb"},"inLanguage":"en-US","potentialAction":[{"@type":"ReadAction","target":["https:\/\/gastora.eu\/product\/machine-glaons-85-kgjour-broyfloconn-refroidissement-par-air\/"]}]},{"@type":"ImageObject","inLanguage":"en-US","@id":"https:\/\/gastora.eu\/product\/machine-glaons-85-kgjour-broyfloconn-refroidissement-par-air\/#primaryimage","url":"https:\/\/gastora.eu\/wp-content\/uploads\/2026\/04\/sp-005-61656e7633a8c.jpg","contentUrl":"https:\/\/gastora.eu\/wp-content\/uploads\/2026\/04\/sp-005-61656e7633a8c.jpg","width":2048,"height":2048},{"@type":"BreadcrumbList","@id":"https:\/\/gastora.eu\/product\/machine-glaons-85-kgjour-broyfloconn-refroidissement-par-air\/#breadcrumb","itemListElement":[{"@type":"ListItem","position":1,"name":"Home","item":"https:\/\/gastora.eu\/"},{"@type":"ListItem","position":2,"name":"Shop","item":"https:\/\/gastora.eu\/shop\/"},{"@type":"ListItem","position":3,"name":"Machine \u00e0 gla\u00e7ons &#8211; 85 kg\/jour &#8211; broy\u00e9\/floconn\u00e9 &#8211; refroidissement par air"}]},{"@type":"WebSite","@id":"https:\/\/gastora.eu\/#website","url":"https:\/\/gastora.eu\/","name":"Gastora","description":"\u00c9quipements professionnels CHR","publisher":{"@id":"https:\/\/gastora.eu\/#organization"},"potentialAction":[{"@type":"SearchAction","target":{"@type":"EntryPoint","urlTemplate":"https:\/\/gastora.eu\/?s={search_term_string}"},"query-input":{"@type":"PropertyValueSpecification","valueRequired":true,"valueName":"search_term_string"}}],"inLanguage":"en-US"},{"@type":"Organization","@id":"https:\/\/gastora.eu\/#organization","name":"Gastora","url":"https:\/\/gastora.eu\/","logo":{"@type":"ImageObject","inLanguage":"en-US","@id":"https:\/\/gastora.eu\/#\/schema\/logo\/image\/","url":"https:\/\/gastora.eu\/wp-content\/uploads\/2025\/12\/ChatGPT-Image-2-janv.-2026-22_52_47-1.png","contentUrl":"https:\/\/gastora.eu\/wp-content\/uploads\/2025\/12\/ChatGPT-Image-2-janv.-2026-22_52_47-1.png","width":1536,"height":320,"caption":"Gastora"},"image":{"@id":"https:\/\/gastora.eu\/#\/schema\/logo\/image\/"}}]}},"jetpack_sharing_enabled":true,"_links":{"self":[{"href":"https:\/\/gastora.eu\/en\/wp-json\/wp\/v2\/product\/13980","targetHints":{"allow":["GET"]}}],"collection":[{"href":"https:\/\/gastora.eu\/en\/wp-json\/wp\/v2\/product"}],"about":[{"href":"https:\/\/gastora.eu\/en\/wp-json\/wp\/v2\/types\/product"}],"wp:featuredmedia":[{"embeddable":true,"href":"https:\/\/gastora.eu\/en\/wp-json\/wp\/v2\/media\/6709"}],"wp:attachment":[{"href":"https:\/\/gastora.eu\/en\/wp-json\/wp\/v2\/media?parent=13980"}],"wp:term":[{"taxonomy":"product_brand","embeddable":true,"href":"https:\/\/gastora.eu\/en\/wp-json\/wp\/v2\/product_brand?post=13980"},{"taxonomy":"product_cat","embeddable":true,"href":"https:\/\/gastora.eu\/en\/wp-json\/wp\/v2\/product_cat?post=13980"},{"taxonomy":"product_tag","embeddable":true,"href":"https:\/\/gastora.eu\/en\/wp-json\/wp\/v2\/product_tag?post=13980"}],"curies":[{"name":"wp","href":"https:\/\/api.w.org\/{rel}","templated":true}]}}