{"id":13975,"date":"2026-04-25T17:40:46","date_gmt":"2026-04-25T17:40:46","guid":{"rendered":"https:\/\/gastora.eu\/?post_type=product&#038;p=13975"},"modified":"2026-04-27T08:34:20","modified_gmt":"2026-04-27T08:34:20","slug":"conglateur-coffre-282-l-2-roues-incl-panier-suspendu","status":"publish","type":"product","link":"https:\/\/gastora.eu\/en\/product\/conglateur-coffre-282-l-2-roues-incl-panier-suspendu\/","title":{"rendered":"Cong\u00e9lateur coffre &#8211; 282 L &#8211; 2 roues &#8211; incl panier suspendu"},"content":{"rendered":"<p>Tout \u00e9tablissement de restauration a besoin d&#8217;un bon syst\u00e8me de r\u00e9frig\u00e9ration. Un cong\u00e9lateur coffre est une option pratique pour la plupart des restaurants, caf\u00e9s et cantines. Les produits alimentaires peuvent \u00eatre conserv\u00e9s plus longtemps en les congelant rapidement. Avec une capacit\u00e9 de 282 litres, ce cong\u00e9lateur coffre est une excellente solution. Il comprend un panier suspendu pratique, ainsi qu&#8217;un \u00e9clairage LED dans le couvercle pour que le contenu soit \u00e9clair\u00e9 lorsque vous l&#8217;ouvrez. La poign\u00e9e est \u00e9quip\u00e9e d&#8217;une serrure pour que vos produits restent en s\u00e9curit\u00e9. Il s&#8217;agit d&#8217;un cong\u00e9lateur aux finitions tr\u00e8s soign\u00e9es qui s&#8217;int\u00e8gre parfaitement dans la plupart des cuisines.<\/p>\n<h3>Thermostat num\u00e9rique<\/h3>\n<p>Le corps m\u00e9tallique de ce cong\u00e9lateur coffre est recouvert d&#8217;un rev\u00eatement blanc. Le couvercle est dot\u00e9 d&#8217;un joint antibact\u00e9rien qui vous permet de conserver vos produits de mani\u00e8re hygi\u00e9nique. Gr\u00e2ce au thermostat num\u00e9rique facile \u00e0 lire, vous pouvez r\u00e9gler la temp\u00e9rature entre -14 et -24\u2070C. Le cong\u00e9lateur peut \u00eatre utilis\u00e9 \u00e0 une temp\u00e9rature ambiante comprise entre 3 et 38\u2070C. L&#8217;int\u00e9rieur du cong\u00e9lateur est \u00e9quip\u00e9 d&#8217;une sortie d&#8217;humidit\u00e9 et le syst\u00e8me de refroidissement avec ventilateur utilise le r\u00e9frig\u00e9rant R600a, qui ne contient pas de CFC.<\/p>\n<h3>D\u00e9givrage manuel<\/h3>\n<p>Le cong\u00e9lateur coffre est \u00e9quip\u00e9 de deux pieds et de deux roues qui permettent de le d\u00e9placer facilement, m\u00eame lorsqu&#8217;il est rempli de produits et d&#8217;ingr\u00e9dients. C&#8217;est un cong\u00e9lateur silencieux et \u00e9conomique qui peut \u00eatre d\u00e9givr\u00e9 manuellement. Le nettoyage du cong\u00e9lateur est tr\u00e8s simple. Il suffit de d\u00e9brancher l&#8217;appareil et de vider le cong\u00e9lateur. L&#8217;eau fondue s&#8217;\u00e9coule par l&#8217;orifice d&#8217;\u00e9vacuation de l&#8217;humidit\u00e9. Apr\u00e8s le d\u00e9givrage, nettoyez l&#8217;int\u00e9rieur de l&#8217;appareil avec de l&#8217;eau chaude et un chiffon doux. Avant de rebrancher l&#8217;appareil, s\u00e9chez-le soigneusement.<\/p>\n<p><strong>Caract\u00e9ristiques<\/strong><\/p>\n<ul>\n<li>Syst\u00e8me de refroidissement avec ventilateur<\/li>\n<li>Thermostat num\u00e9rique<\/li>\n<li>Poign\u00e9e avec serrure<\/li>\n<li>Int\u00e9rieur recouvert d&#8217;aluminium<\/li>\n<li>Bo\u00eetier m\u00e9tallique avec rev\u00eatement blanc<\/li>\n<li>Coins et poign\u00e9e chrom\u00e9s<\/li>\n<li>Sortie d&#8217;humidit\u00e9 \u00e0 l&#8217;int\u00e9rieur<\/li>\n<\/ul>\n<p><strong>Caract\u00e9ristiques du produit<\/strong><\/p>\n<ul>\n<li>Poids net : 38 kg<\/li>\n<li>Capacit\u00e9 : 282L<\/li>\n<li>Dimensions int\u00e9rieures : L97,2 x P46 x H66cm<\/li>\n<li>Dimensions ext\u00e9rieures : L111,6 x P64,4 x H84,5cm<\/li>\n<li>Epaisseur de l&#8217;isolation : 7,5cm<\/li>\n<li>230V \/ 50Hz \/ 1 Phase 130W, 0.8A<\/li>\n<\/ul>","protected":false},"excerpt":{"rendered":"<p>Tout \u00e9tablissement de restauration a besoin d&#8217;un moyen de conserver les produits congel\u00e9s et un cong\u00e9lateur coffre est une option tr\u00e8s pratique. Ce cong\u00e9lateur coffre professionnel a une capacit\u00e9 de 282 litres et est \u00e9quip\u00e9 d&#8217;une poign\u00e9e et d&#8217;une serrure. Il est livr\u00e9 avec un panier suspendu utile et dispose d&#8217;un \u00e9clairage LED dans le couvercle pour que vous puissiez facilement voir ce qu&#8217;il y a \u00e0 l&#8217;int\u00e9rieur.<\/p>","protected":false},"featured_media":6699,"template":"","meta":{"_acf_changed":false},"product_brand":[],"product_cat":[24],"product_tag":[],"class_list":{"0":"post-13975","1":"product","2":"type-product","3":"status-publish","4":"has-post-thumbnail","6":"product_cat-froid","8":"first","9":"instock","10":"sale","11":"taxable","12":"shipping-taxable","13":"purchasable","14":"product-type-simple"},"acf":[],"yoast_head":"<!-- This site is optimized with the Yoast SEO plugin v27.4 - https:\/\/yoast.com\/product\/yoast-seo-wordpress\/ -->\n<title>Cong\u00e9lateur coffre - 282 L - 2 roues - incl panier suspendu - Gastora<\/title>\n<meta name=\"description\" content=\"Achetez Cong\u00e9lateur coffre - 282 L - 2 roues - incl panier suspendu au meilleur prix, fiable et performant avec une livraison rapide\" \/>\n<meta name=\"robots\" content=\"index, follow, max-snippet:-1, max-image-preview:large, max-video-preview:-1\" \/>\n<link rel=\"canonical\" href=\"https:\/\/gastora.eu\/en\/product\/conglateur-coffre-282-l-2-roues-incl-panier-suspendu\/\" \/>\n<meta property=\"og:locale\" content=\"en_US\" \/>\n<meta property=\"og:type\" content=\"article\" \/>\n<meta property=\"og:title\" content=\"Cong\u00e9lateur coffre - 282 L - 2 roues - incl panier suspendu - Gastora\" \/>\n<meta property=\"og:description\" content=\"Achetez Cong\u00e9lateur coffre - 282 L - 2 roues - incl panier suspendu au meilleur prix, fiable et performant avec une livraison rapide\" \/>\n<meta property=\"og:url\" content=\"https:\/\/gastora.eu\/en\/product\/conglateur-coffre-282-l-2-roues-incl-panier-suspendu\/\" \/>\n<meta property=\"og:site_name\" content=\"Gastora\" \/>\n<meta property=\"article:modified_time\" content=\"2026-04-27T08:34:20+00:00\" \/>\n<meta name=\"twitter:card\" content=\"summary_large_image\" \/>\n<meta name=\"twitter:label1\" content=\"Est. reading time\" \/>\n\t<meta name=\"twitter:data1\" content=\"2 minutes\" \/>\n<script type=\"application\/ld+json\" class=\"yoast-schema-graph\">{\"@context\":\"https:\\\/\\\/schema.org\",\"@graph\":[{\"@type\":\"WebPage\",\"@id\":\"https:\\\/\\\/gastora.eu\\\/product\\\/conglateur-coffre-282-l-2-roues-incl-panier-suspendu\\\/\",\"url\":\"https:\\\/\\\/gastora.eu\\\/product\\\/conglateur-coffre-282-l-2-roues-incl-panier-suspendu\\\/\",\"name\":\"Cong\u00e9lateur coffre - 282 L - 2 roues - incl panier suspendu - Gastora\",\"isPartOf\":{\"@id\":\"https:\\\/\\\/gastora.eu\\\/#website\"},\"primaryImageOfPage\":{\"@id\":\"https:\\\/\\\/gastora.eu\\\/product\\\/conglateur-coffre-282-l-2-roues-incl-panier-suspendu\\\/#primaryimage\"},\"image\":{\"@id\":\"https:\\\/\\\/gastora.eu\\\/product\\\/conglateur-coffre-282-l-2-roues-incl-panier-suspendu\\\/#primaryimage\"},\"thumbnailUrl\":\"https:\\\/\\\/gastora.eu\\\/wp-content\\\/uploads\\\/2026\\\/04\\\/sp-005-61656e8c605bd.jpg\",\"datePublished\":\"2026-04-25T17:40:46+00:00\",\"dateModified\":\"2026-04-27T08:34:20+00:00\",\"description\":\"Achetez Cong\u00e9lateur coffre - 282 L - 2 roues - incl panier suspendu au meilleur prix, fiable et performant avec une livraison rapide\",\"breadcrumb\":{\"@id\":\"https:\\\/\\\/gastora.eu\\\/product\\\/conglateur-coffre-282-l-2-roues-incl-panier-suspendu\\\/#breadcrumb\"},\"inLanguage\":\"en-US\",\"potentialAction\":[{\"@type\":\"ReadAction\",\"target\":[\"https:\\\/\\\/gastora.eu\\\/product\\\/conglateur-coffre-282-l-2-roues-incl-panier-suspendu\\\/\"]}]},{\"@type\":\"ImageObject\",\"inLanguage\":\"en-US\",\"@id\":\"https:\\\/\\\/gastora.eu\\\/product\\\/conglateur-coffre-282-l-2-roues-incl-panier-suspendu\\\/#primaryimage\",\"url\":\"https:\\\/\\\/gastora.eu\\\/wp-content\\\/uploads\\\/2026\\\/04\\\/sp-005-61656e8c605bd.jpg\",\"contentUrl\":\"https:\\\/\\\/gastora.eu\\\/wp-content\\\/uploads\\\/2026\\\/04\\\/sp-005-61656e8c605bd.jpg\",\"width\":1024,\"height\":1024},{\"@type\":\"BreadcrumbList\",\"@id\":\"https:\\\/\\\/gastora.eu\\\/product\\\/conglateur-coffre-282-l-2-roues-incl-panier-suspendu\\\/#breadcrumb\",\"itemListElement\":[{\"@type\":\"ListItem\",\"position\":1,\"name\":\"Home\",\"item\":\"https:\\\/\\\/gastora.eu\\\/\"},{\"@type\":\"ListItem\",\"position\":2,\"name\":\"Shop\",\"item\":\"https:\\\/\\\/gastora.eu\\\/shop\\\/\"},{\"@type\":\"ListItem\",\"position\":3,\"name\":\"Cong\u00e9lateur coffre &#8211; 282 L &#8211; 2 roues &#8211; incl panier suspendu\"}]},{\"@type\":\"WebSite\",\"@id\":\"https:\\\/\\\/gastora.eu\\\/#website\",\"url\":\"https:\\\/\\\/gastora.eu\\\/\",\"name\":\"Gastora\",\"description\":\"\u00c9quipements professionnels CHR\",\"publisher\":{\"@id\":\"https:\\\/\\\/gastora.eu\\\/#organization\"},\"potentialAction\":[{\"@type\":\"SearchAction\",\"target\":{\"@type\":\"EntryPoint\",\"urlTemplate\":\"https:\\\/\\\/gastora.eu\\\/?s={search_term_string}\"},\"query-input\":{\"@type\":\"PropertyValueSpecification\",\"valueRequired\":true,\"valueName\":\"search_term_string\"}}],\"inLanguage\":\"en-US\"},{\"@type\":\"Organization\",\"@id\":\"https:\\\/\\\/gastora.eu\\\/#organization\",\"name\":\"Gastora\",\"url\":\"https:\\\/\\\/gastora.eu\\\/\",\"logo\":{\"@type\":\"ImageObject\",\"inLanguage\":\"en-US\",\"@id\":\"https:\\\/\\\/gastora.eu\\\/#\\\/schema\\\/logo\\\/image\\\/\",\"url\":\"https:\\\/\\\/gastora.eu\\\/wp-content\\\/uploads\\\/2025\\\/12\\\/ChatGPT-Image-2-janv.-2026-22_52_47-1.png\",\"contentUrl\":\"https:\\\/\\\/gastora.eu\\\/wp-content\\\/uploads\\\/2025\\\/12\\\/ChatGPT-Image-2-janv.-2026-22_52_47-1.png\",\"width\":1536,\"height\":320,\"caption\":\"Gastora\"},\"image\":{\"@id\":\"https:\\\/\\\/gastora.eu\\\/#\\\/schema\\\/logo\\\/image\\\/\"}}]}<\/script>\n<!-- \/ Yoast SEO plugin. -->","yoast_head_json":{"title":"Cong\u00e9lateur coffre - 282 L - 2 roues - incl panier suspendu - Gastora","description":"Achetez Cong\u00e9lateur coffre - 282 L - 2 roues - incl panier suspendu au meilleur prix, fiable et performant avec une livraison rapide","robots":{"index":"index","follow":"follow","max-snippet":"max-snippet:-1","max-image-preview":"max-image-preview:large","max-video-preview":"max-video-preview:-1"},"canonical":"https:\/\/gastora.eu\/en\/product\/conglateur-coffre-282-l-2-roues-incl-panier-suspendu\/","og_locale":"en_US","og_type":"article","og_title":"Cong\u00e9lateur coffre - 282 L - 2 roues - incl panier suspendu - Gastora","og_description":"Achetez Cong\u00e9lateur coffre - 282 L - 2 roues - incl panier suspendu au meilleur prix, fiable et performant avec une livraison rapide","og_url":"https:\/\/gastora.eu\/en\/product\/conglateur-coffre-282-l-2-roues-incl-panier-suspendu\/","og_site_name":"Gastora","article_modified_time":"2026-04-27T08:34:20+00:00","twitter_card":"summary_large_image","twitter_misc":{"Est. reading time":"2 minutes"},"schema":{"@context":"https:\/\/schema.org","@graph":[{"@type":"WebPage","@id":"https:\/\/gastora.eu\/product\/conglateur-coffre-282-l-2-roues-incl-panier-suspendu\/","url":"https:\/\/gastora.eu\/product\/conglateur-coffre-282-l-2-roues-incl-panier-suspendu\/","name":"Cong\u00e9lateur coffre - 282 L - 2 roues - incl panier suspendu - Gastora","isPartOf":{"@id":"https:\/\/gastora.eu\/#website"},"primaryImageOfPage":{"@id":"https:\/\/gastora.eu\/product\/conglateur-coffre-282-l-2-roues-incl-panier-suspendu\/#primaryimage"},"image":{"@id":"https:\/\/gastora.eu\/product\/conglateur-coffre-282-l-2-roues-incl-panier-suspendu\/#primaryimage"},"thumbnailUrl":"https:\/\/gastora.eu\/wp-content\/uploads\/2026\/04\/sp-005-61656e8c605bd.jpg","datePublished":"2026-04-25T17:40:46+00:00","dateModified":"2026-04-27T08:34:20+00:00","description":"Achetez Cong\u00e9lateur coffre - 282 L - 2 roues - incl panier suspendu au meilleur prix, fiable et performant avec une livraison rapide","breadcrumb":{"@id":"https:\/\/gastora.eu\/product\/conglateur-coffre-282-l-2-roues-incl-panier-suspendu\/#breadcrumb"},"inLanguage":"en-US","potentialAction":[{"@type":"ReadAction","target":["https:\/\/gastora.eu\/product\/conglateur-coffre-282-l-2-roues-incl-panier-suspendu\/"]}]},{"@type":"ImageObject","inLanguage":"en-US","@id":"https:\/\/gastora.eu\/product\/conglateur-coffre-282-l-2-roues-incl-panier-suspendu\/#primaryimage","url":"https:\/\/gastora.eu\/wp-content\/uploads\/2026\/04\/sp-005-61656e8c605bd.jpg","contentUrl":"https:\/\/gastora.eu\/wp-content\/uploads\/2026\/04\/sp-005-61656e8c605bd.jpg","width":1024,"height":1024},{"@type":"BreadcrumbList","@id":"https:\/\/gastora.eu\/product\/conglateur-coffre-282-l-2-roues-incl-panier-suspendu\/#breadcrumb","itemListElement":[{"@type":"ListItem","position":1,"name":"Home","item":"https:\/\/gastora.eu\/"},{"@type":"ListItem","position":2,"name":"Shop","item":"https:\/\/gastora.eu\/shop\/"},{"@type":"ListItem","position":3,"name":"Cong\u00e9lateur coffre &#8211; 282 L &#8211; 2 roues &#8211; incl panier suspendu"}]},{"@type":"WebSite","@id":"https:\/\/gastora.eu\/#website","url":"https:\/\/gastora.eu\/","name":"Gastora","description":"\u00c9quipements professionnels CHR","publisher":{"@id":"https:\/\/gastora.eu\/#organization"},"potentialAction":[{"@type":"SearchAction","target":{"@type":"EntryPoint","urlTemplate":"https:\/\/gastora.eu\/?s={search_term_string}"},"query-input":{"@type":"PropertyValueSpecification","valueRequired":true,"valueName":"search_term_string"}}],"inLanguage":"en-US"},{"@type":"Organization","@id":"https:\/\/gastora.eu\/#organization","name":"Gastora","url":"https:\/\/gastora.eu\/","logo":{"@type":"ImageObject","inLanguage":"en-US","@id":"https:\/\/gastora.eu\/#\/schema\/logo\/image\/","url":"https:\/\/gastora.eu\/wp-content\/uploads\/2025\/12\/ChatGPT-Image-2-janv.-2026-22_52_47-1.png","contentUrl":"https:\/\/gastora.eu\/wp-content\/uploads\/2025\/12\/ChatGPT-Image-2-janv.-2026-22_52_47-1.png","width":1536,"height":320,"caption":"Gastora"},"image":{"@id":"https:\/\/gastora.eu\/#\/schema\/logo\/image\/"}}]}},"jetpack_sharing_enabled":true,"_links":{"self":[{"href":"https:\/\/gastora.eu\/en\/wp-json\/wp\/v2\/product\/13975","targetHints":{"allow":["GET"]}}],"collection":[{"href":"https:\/\/gastora.eu\/en\/wp-json\/wp\/v2\/product"}],"about":[{"href":"https:\/\/gastora.eu\/en\/wp-json\/wp\/v2\/types\/product"}],"wp:featuredmedia":[{"embeddable":true,"href":"https:\/\/gastora.eu\/en\/wp-json\/wp\/v2\/media\/6699"}],"wp:attachment":[{"href":"https:\/\/gastora.eu\/en\/wp-json\/wp\/v2\/media?parent=13975"}],"wp:term":[{"taxonomy":"product_brand","embeddable":true,"href":"https:\/\/gastora.eu\/en\/wp-json\/wp\/v2\/product_brand?post=13975"},{"taxonomy":"product_cat","embeddable":true,"href":"https:\/\/gastora.eu\/en\/wp-json\/wp\/v2\/product_cat?post=13975"},{"taxonomy":"product_tag","embeddable":true,"href":"https:\/\/gastora.eu\/en\/wp-json\/wp\/v2\/product_tag?post=13975"}],"curies":[{"name":"wp","href":"https:\/\/api.w.org\/{rel}","templated":true}]}}