{"id":13972,"date":"2026-04-25T17:40:42","date_gmt":"2026-04-25T17:40:42","guid":{"rendered":"https:\/\/gastora.eu\/?post_type=product&#038;p=13972"},"modified":"2026-04-28T16:55:38","modified_gmt":"2026-04-28T16:55:38","slug":"ptrin-spirale-ptrin-pte-50-l-32-kg-de-pte-2-vitesses","status":"publish","type":"product","link":"https:\/\/gastora.eu\/en\/product\/ptrin-spirale-ptrin-pte-50-l-32-kg-de-pte-2-vitesses\/","title":{"rendered":"P\u00e9trin \u00e0 spirale \/ p\u00e9trin \u00e0 p\u00e2te &#8211; 50 L &#8211; 32 kg de p\u00e2te &#8211; 2 vitesses"},"content":{"rendered":"<p>Ce puissant p\u00e9trin dot\u00e9 d&#8217;un bol de 50 litres est un compl\u00e9ment indispensable \u00e0 toute cuisine professionnelle. Il est tr\u00e8s facile de p\u00e9trir jusqu&#8217;\u00e0 32 kg de p\u00e2te avec cet appareil. Le crochet de p\u00e9trissage et le bol de p\u00e9trissage tournant sur leur axe, les ingr\u00e9dients sont soigneusement m\u00e9lang\u00e9s pour cr\u00e9er une p\u00e2te parfaitement lisse, pr\u00eate \u00e0 cuire du pain et des pizzas. Ce p\u00e9trin peut traiter jusqu&#8217;\u00e0 20 kg de farine et la quantit\u00e9 minimale de p\u00e2te que vous pouvez p\u00e9trir est de 15 kg.<\/p>\n<h3>S\u00e9curit\u00e9 et rapidit\u00e9<\/h3>\n<p>Gr\u00e2ce au puissant moteur, vous pouvez p\u00e9trir de grandes quantit\u00e9s de p\u00e2te en toute simplicit\u00e9. Choisissez la vitesse souhait\u00e9e, lente ou rapide, gr\u00e2ce au panneau de commande simple : p\u00e9trissage lent \u00e0 110 tr\/min ou p\u00e9trissage rapide \u00e0 220 tr\/min. Pour pouvoir travailler avec ce p\u00e9trin professionnel en toute s\u00e9curit\u00e9, il dispose de plusieurs options de s\u00e9curit\u00e9. L&#8217;appareil est \u00e9quip\u00e9 d&#8217;un interrupteur de s\u00e9curit\u00e9 qui emp\u00eache le moteur de surchauffer. Si cela se produit, le p\u00e9trin s&#8217;\u00e9teint automatiquement. Le bol de m\u00e9lange est \u00e9galement dot\u00e9 d&#8217;une cage de protection verrouillable pour \u00e9viter les accidents lors du p\u00e9trissage. Enfin, le p\u00e9trin est \u00e9quip\u00e9 d&#8217;une protection contre les surcharges afin que le bol de m\u00e9lange ne soit jamais surcharg\u00e9.<\/p>\n<h3>Facile \u00e0 nettoyer<\/h3>\n<p>Le bo\u00eetier de ce p\u00e9trin est en m\u00e9tal avec un rev\u00eatement durable. Le bol de mixage et le crochet de p\u00e9trissage sont en acier inoxydable et faciles \u00e0 nettoyer. Pour nettoyer le p\u00e9trin, utilisez un chiffon humide et un d\u00e9tergent doux. Apr\u00e8s le nettoyage, s\u00e9chez le tout avec un chiffon doux.<\/p>\n<p><strong>Caract\u00e9ristiques :<\/strong><\/p>\n<ul>\n<li>\u00c9quip\u00e9 d&#8217;une cha\u00eene d&#8217;entra\u00eenement et de courroies trap\u00e9zo\u00efdales<\/li>\n<li>Bo\u00eetier m\u00e9tallique avec rev\u00eatement durable<\/li>\n<li>Axe et spirale en acier inoxydable<\/li>\n<li>Protection m\u00e9tallique<\/li>\n<li>Avec interrupteur de s\u00e9curit\u00e9<\/li>\n<li>Repose sur quatre pieds en caoutchouc<\/li>\n<\/ul>\n<p><strong>Caract\u00e9ristiques du produit :<\/strong><\/p>\n<ul>\n<li>Poids net : 143 kg<\/li>\n<li>Capacit\u00e9 nette du bol : 57,3l<\/li>\n<li>Dimensions : L53,2 x P80 x H105,2cm L53,2 x P80 x H105,2cm<\/li>\n<li>Dimensions du bol de m\u00e9lange : \u00f8 50 x H30cm<\/li>\n<li>Vitesse des spirales : 110 et 220RPM<\/li>\n<li>Vitesse du bol de m\u00e9lange : 11 et 22RPM<\/li>\n<li>400V\/50Hz\/3Phase 2400W<\/li>\n<\/ul>\n<p><strong>Capacit\u00e9 de production :<\/strong><\/p>\n<ul>\n<li>Quantit\u00e9 max. de farine : 20kg<\/li>\n<li>Quantit\u00e9 max. de p\u00e2te : 32kg<\/li>\n<li>Quantit\u00e9 minimale de p\u00e2te : 15 kg<\/li>\n<\/ul>\n<p><strong>Remarque :<\/strong> le bol de m\u00e9lange est fixe et ne peut pas \u00eatre retir\u00e9.<\/p>","protected":false},"excerpt":{"rendered":"<p>Ce p\u00e9trin professionnel avec bol de 50 litres permet de p\u00e9trir jusqu&#8217;\u00e0 32 kg de p\u00e2te. Il est dot\u00e9 d&#8217;un panneau de commande facile \u00e0 utiliser, de deux vitesses et de plusieurs dispositifs de s\u00e9curit\u00e9 tels que des interrupteurs de s\u00e9curit\u00e9 et une grille de protection. Le p\u00e9trin est dot\u00e9 d&#8217;un bo\u00eetier m\u00e9tallique avec rev\u00eatement, d&#8217;un crochet en acier inoxydable et d&#8217;un bol de m\u00e9lange fixe.<\/p>","protected":false},"featured_media":6693,"template":"","meta":{"_acf_changed":false},"product_brand":[],"product_cat":[493],"product_tag":[],"class_list":{"0":"post-13972","1":"product","2":"type-product","3":"status-publish","4":"has-post-thumbnail","6":"product_cat-petrins-spirale-2","8":"first","9":"instock","10":"sale","11":"taxable","12":"shipping-taxable","13":"purchasable","14":"product-type-simple"},"acf":[],"yoast_head":"<!-- This site is optimized with the Yoast SEO plugin v27.5 - https:\/\/yoast.com\/product\/yoast-seo-wordpress\/ -->\n<title>P\u00e9trin \u00e0 spirale \/ p\u00e9trin \u00e0 p\u00e2te - 50 L - 32 kg de p\u00e2te - 2 vitesses - Gastora<\/title>\n<meta name=\"description\" content=\"Achetez P\u00e9trin \u00e0 spirale \/ p\u00e9trin \u00e0 p\u00e2te - 50 L - 32 kg de p\u00e2te - 2 vitesses au meilleur prix, fiable et performant avec une livraison rapide\" \/>\n<meta name=\"robots\" content=\"index, follow, max-snippet:-1, max-image-preview:large, max-video-preview:-1\" \/>\n<link rel=\"canonical\" href=\"https:\/\/gastora.eu\/en\/product\/ptrin-spirale-ptrin-pte-50-l-32-kg-de-pte-2-vitesses\/\" \/>\n<meta property=\"og:locale\" content=\"en_US\" \/>\n<meta property=\"og:type\" content=\"article\" \/>\n<meta property=\"og:title\" content=\"P\u00e9trin \u00e0 spirale \/ p\u00e9trin \u00e0 p\u00e2te - 50 L - 32 kg de p\u00e2te - 2 vitesses - Gastora\" \/>\n<meta property=\"og:description\" content=\"Achetez P\u00e9trin \u00e0 spirale \/ p\u00e9trin \u00e0 p\u00e2te - 50 L - 32 kg de p\u00e2te - 2 vitesses au meilleur prix, fiable et performant avec une livraison rapide\" \/>\n<meta property=\"og:url\" content=\"https:\/\/gastora.eu\/en\/product\/ptrin-spirale-ptrin-pte-50-l-32-kg-de-pte-2-vitesses\/\" \/>\n<meta property=\"og:site_name\" content=\"Gastora\" \/>\n<meta property=\"article:modified_time\" content=\"2026-04-28T16:55:38+00:00\" \/>\n<meta name=\"twitter:card\" content=\"summary_large_image\" \/>\n<meta name=\"twitter:label1\" content=\"Est. reading time\" \/>\n\t<meta name=\"twitter:data1\" content=\"2 minutes\" \/>\n<script type=\"application\/ld+json\" class=\"yoast-schema-graph\">{\"@context\":\"https:\\\/\\\/schema.org\",\"@graph\":[{\"@type\":\"WebPage\",\"@id\":\"https:\\\/\\\/gastora.eu\\\/product\\\/ptrin-spirale-ptrin-pte-50-l-32-kg-de-pte-2-vitesses\\\/\",\"url\":\"https:\\\/\\\/gastora.eu\\\/product\\\/ptrin-spirale-ptrin-pte-50-l-32-kg-de-pte-2-vitesses\\\/\",\"name\":\"P\u00e9trin \u00e0 spirale \\\/ p\u00e9trin \u00e0 p\u00e2te - 50 L - 32 kg de p\u00e2te - 2 vitesses - Gastora\",\"isPartOf\":{\"@id\":\"https:\\\/\\\/gastora.eu\\\/#website\"},\"primaryImageOfPage\":{\"@id\":\"https:\\\/\\\/gastora.eu\\\/product\\\/ptrin-spirale-ptrin-pte-50-l-32-kg-de-pte-2-vitesses\\\/#primaryimage\"},\"image\":{\"@id\":\"https:\\\/\\\/gastora.eu\\\/product\\\/ptrin-spirale-ptrin-pte-50-l-32-kg-de-pte-2-vitesses\\\/#primaryimage\"},\"thumbnailUrl\":\"https:\\\/\\\/gastora.eu\\\/wp-content\\\/uploads\\\/2026\\\/04\\\/1_msm-50_w38_3518.jpg\",\"datePublished\":\"2026-04-25T17:40:42+00:00\",\"dateModified\":\"2026-04-28T16:55:38+00:00\",\"description\":\"Achetez P\u00e9trin \u00e0 spirale \\\/ p\u00e9trin \u00e0 p\u00e2te - 50 L - 32 kg de p\u00e2te - 2 vitesses au meilleur prix, fiable et performant avec une livraison rapide\",\"breadcrumb\":{\"@id\":\"https:\\\/\\\/gastora.eu\\\/product\\\/ptrin-spirale-ptrin-pte-50-l-32-kg-de-pte-2-vitesses\\\/#breadcrumb\"},\"inLanguage\":\"en-US\",\"potentialAction\":[{\"@type\":\"ReadAction\",\"target\":[\"https:\\\/\\\/gastora.eu\\\/product\\\/ptrin-spirale-ptrin-pte-50-l-32-kg-de-pte-2-vitesses\\\/\"]}]},{\"@type\":\"ImageObject\",\"inLanguage\":\"en-US\",\"@id\":\"https:\\\/\\\/gastora.eu\\\/product\\\/ptrin-spirale-ptrin-pte-50-l-32-kg-de-pte-2-vitesses\\\/#primaryimage\",\"url\":\"https:\\\/\\\/gastora.eu\\\/wp-content\\\/uploads\\\/2026\\\/04\\\/1_msm-50_w38_3518.jpg\",\"contentUrl\":\"https:\\\/\\\/gastora.eu\\\/wp-content\\\/uploads\\\/2026\\\/04\\\/1_msm-50_w38_3518.jpg\",\"width\":1200,\"height\":1200},{\"@type\":\"BreadcrumbList\",\"@id\":\"https:\\\/\\\/gastora.eu\\\/product\\\/ptrin-spirale-ptrin-pte-50-l-32-kg-de-pte-2-vitesses\\\/#breadcrumb\",\"itemListElement\":[{\"@type\":\"ListItem\",\"position\":1,\"name\":\"Home\",\"item\":\"https:\\\/\\\/gastora.eu\\\/\"},{\"@type\":\"ListItem\",\"position\":2,\"name\":\"Shop\",\"item\":\"https:\\\/\\\/gastora.eu\\\/shop\\\/\"},{\"@type\":\"ListItem\",\"position\":3,\"name\":\"P\u00e9trin \u00e0 spirale \\\/ p\u00e9trin \u00e0 p\u00e2te &#8211; 50 L &#8211; 32 kg de p\u00e2te &#8211; 2 vitesses\"}]},{\"@type\":\"WebSite\",\"@id\":\"https:\\\/\\\/gastora.eu\\\/#website\",\"url\":\"https:\\\/\\\/gastora.eu\\\/\",\"name\":\"Gastora\",\"description\":\"\u00c9quipements professionnels CHR\",\"publisher\":{\"@id\":\"https:\\\/\\\/gastora.eu\\\/#organization\"},\"potentialAction\":[{\"@type\":\"SearchAction\",\"target\":{\"@type\":\"EntryPoint\",\"urlTemplate\":\"https:\\\/\\\/gastora.eu\\\/?s={search_term_string}\"},\"query-input\":{\"@type\":\"PropertyValueSpecification\",\"valueRequired\":true,\"valueName\":\"search_term_string\"}}],\"inLanguage\":\"en-US\"},{\"@type\":\"Organization\",\"@id\":\"https:\\\/\\\/gastora.eu\\\/#organization\",\"name\":\"Gastora\",\"url\":\"https:\\\/\\\/gastora.eu\\\/\",\"logo\":{\"@type\":\"ImageObject\",\"inLanguage\":\"en-US\",\"@id\":\"https:\\\/\\\/gastora.eu\\\/#\\\/schema\\\/logo\\\/image\\\/\",\"url\":\"https:\\\/\\\/gastora.eu\\\/wp-content\\\/uploads\\\/2025\\\/12\\\/ChatGPT-Image-2-janv.-2026-22_52_47-1.png\",\"contentUrl\":\"https:\\\/\\\/gastora.eu\\\/wp-content\\\/uploads\\\/2025\\\/12\\\/ChatGPT-Image-2-janv.-2026-22_52_47-1.png\",\"width\":1536,\"height\":320,\"caption\":\"Gastora\"},\"image\":{\"@id\":\"https:\\\/\\\/gastora.eu\\\/#\\\/schema\\\/logo\\\/image\\\/\"}}]}<\/script>\n<!-- \/ Yoast SEO plugin. -->","yoast_head_json":{"title":"P\u00e9trin \u00e0 spirale \/ p\u00e9trin \u00e0 p\u00e2te - 50 L - 32 kg de p\u00e2te - 2 vitesses - Gastora","description":"Achetez P\u00e9trin \u00e0 spirale \/ p\u00e9trin \u00e0 p\u00e2te - 50 L - 32 kg de p\u00e2te - 2 vitesses au meilleur prix, fiable et performant avec une livraison rapide","robots":{"index":"index","follow":"follow","max-snippet":"max-snippet:-1","max-image-preview":"max-image-preview:large","max-video-preview":"max-video-preview:-1"},"canonical":"https:\/\/gastora.eu\/en\/product\/ptrin-spirale-ptrin-pte-50-l-32-kg-de-pte-2-vitesses\/","og_locale":"en_US","og_type":"article","og_title":"P\u00e9trin \u00e0 spirale \/ p\u00e9trin \u00e0 p\u00e2te - 50 L - 32 kg de p\u00e2te - 2 vitesses - Gastora","og_description":"Achetez P\u00e9trin \u00e0 spirale \/ p\u00e9trin \u00e0 p\u00e2te - 50 L - 32 kg de p\u00e2te - 2 vitesses au meilleur prix, fiable et performant avec une livraison rapide","og_url":"https:\/\/gastora.eu\/en\/product\/ptrin-spirale-ptrin-pte-50-l-32-kg-de-pte-2-vitesses\/","og_site_name":"Gastora","article_modified_time":"2026-04-28T16:55:38+00:00","twitter_card":"summary_large_image","twitter_misc":{"Est. reading time":"2 minutes"},"schema":{"@context":"https:\/\/schema.org","@graph":[{"@type":"WebPage","@id":"https:\/\/gastora.eu\/product\/ptrin-spirale-ptrin-pte-50-l-32-kg-de-pte-2-vitesses\/","url":"https:\/\/gastora.eu\/product\/ptrin-spirale-ptrin-pte-50-l-32-kg-de-pte-2-vitesses\/","name":"P\u00e9trin \u00e0 spirale \/ p\u00e9trin \u00e0 p\u00e2te - 50 L - 32 kg de p\u00e2te - 2 vitesses - Gastora","isPartOf":{"@id":"https:\/\/gastora.eu\/#website"},"primaryImageOfPage":{"@id":"https:\/\/gastora.eu\/product\/ptrin-spirale-ptrin-pte-50-l-32-kg-de-pte-2-vitesses\/#primaryimage"},"image":{"@id":"https:\/\/gastora.eu\/product\/ptrin-spirale-ptrin-pte-50-l-32-kg-de-pte-2-vitesses\/#primaryimage"},"thumbnailUrl":"https:\/\/gastora.eu\/wp-content\/uploads\/2026\/04\/1_msm-50_w38_3518.jpg","datePublished":"2026-04-25T17:40:42+00:00","dateModified":"2026-04-28T16:55:38+00:00","description":"Achetez P\u00e9trin \u00e0 spirale \/ p\u00e9trin \u00e0 p\u00e2te - 50 L - 32 kg de p\u00e2te - 2 vitesses au meilleur prix, fiable et performant avec une livraison rapide","breadcrumb":{"@id":"https:\/\/gastora.eu\/product\/ptrin-spirale-ptrin-pte-50-l-32-kg-de-pte-2-vitesses\/#breadcrumb"},"inLanguage":"en-US","potentialAction":[{"@type":"ReadAction","target":["https:\/\/gastora.eu\/product\/ptrin-spirale-ptrin-pte-50-l-32-kg-de-pte-2-vitesses\/"]}]},{"@type":"ImageObject","inLanguage":"en-US","@id":"https:\/\/gastora.eu\/product\/ptrin-spirale-ptrin-pte-50-l-32-kg-de-pte-2-vitesses\/#primaryimage","url":"https:\/\/gastora.eu\/wp-content\/uploads\/2026\/04\/1_msm-50_w38_3518.jpg","contentUrl":"https:\/\/gastora.eu\/wp-content\/uploads\/2026\/04\/1_msm-50_w38_3518.jpg","width":1200,"height":1200},{"@type":"BreadcrumbList","@id":"https:\/\/gastora.eu\/product\/ptrin-spirale-ptrin-pte-50-l-32-kg-de-pte-2-vitesses\/#breadcrumb","itemListElement":[{"@type":"ListItem","position":1,"name":"Home","item":"https:\/\/gastora.eu\/"},{"@type":"ListItem","position":2,"name":"Shop","item":"https:\/\/gastora.eu\/shop\/"},{"@type":"ListItem","position":3,"name":"P\u00e9trin \u00e0 spirale \/ p\u00e9trin \u00e0 p\u00e2te &#8211; 50 L &#8211; 32 kg de p\u00e2te &#8211; 2 vitesses"}]},{"@type":"WebSite","@id":"https:\/\/gastora.eu\/#website","url":"https:\/\/gastora.eu\/","name":"Gastora","description":"\u00c9quipements professionnels CHR","publisher":{"@id":"https:\/\/gastora.eu\/#organization"},"potentialAction":[{"@type":"SearchAction","target":{"@type":"EntryPoint","urlTemplate":"https:\/\/gastora.eu\/?s={search_term_string}"},"query-input":{"@type":"PropertyValueSpecification","valueRequired":true,"valueName":"search_term_string"}}],"inLanguage":"en-US"},{"@type":"Organization","@id":"https:\/\/gastora.eu\/#organization","name":"Gastora","url":"https:\/\/gastora.eu\/","logo":{"@type":"ImageObject","inLanguage":"en-US","@id":"https:\/\/gastora.eu\/#\/schema\/logo\/image\/","url":"https:\/\/gastora.eu\/wp-content\/uploads\/2025\/12\/ChatGPT-Image-2-janv.-2026-22_52_47-1.png","contentUrl":"https:\/\/gastora.eu\/wp-content\/uploads\/2025\/12\/ChatGPT-Image-2-janv.-2026-22_52_47-1.png","width":1536,"height":320,"caption":"Gastora"},"image":{"@id":"https:\/\/gastora.eu\/#\/schema\/logo\/image\/"}}]}},"jetpack_sharing_enabled":true,"_links":{"self":[{"href":"https:\/\/gastora.eu\/en\/wp-json\/wp\/v2\/product\/13972","targetHints":{"allow":["GET"]}}],"collection":[{"href":"https:\/\/gastora.eu\/en\/wp-json\/wp\/v2\/product"}],"about":[{"href":"https:\/\/gastora.eu\/en\/wp-json\/wp\/v2\/types\/product"}],"wp:featuredmedia":[{"embeddable":true,"href":"https:\/\/gastora.eu\/en\/wp-json\/wp\/v2\/media\/6693"}],"wp:attachment":[{"href":"https:\/\/gastora.eu\/en\/wp-json\/wp\/v2\/media?parent=13972"}],"wp:term":[{"taxonomy":"product_brand","embeddable":true,"href":"https:\/\/gastora.eu\/en\/wp-json\/wp\/v2\/product_brand?post=13972"},{"taxonomy":"product_cat","embeddable":true,"href":"https:\/\/gastora.eu\/en\/wp-json\/wp\/v2\/product_cat?post=13972"},{"taxonomy":"product_tag","embeddable":true,"href":"https:\/\/gastora.eu\/en\/wp-json\/wp\/v2\/product_tag?post=13972"}],"curies":[{"name":"wp","href":"https:\/\/api.w.org\/{rel}","templated":true}]}}