{"id":13971,"date":"2026-04-25T17:40:41","date_gmt":"2026-04-25T17:40:41","guid":{"rendered":"https:\/\/gastora.eu\/?post_type=product&#038;p=13971"},"modified":"2026-04-28T16:55:38","modified_gmt":"2026-04-28T16:55:38","slug":"ptrin-spirale-ptrin-pte-30-l-19-kg-de-pte-2-vitesses","status":"publish","type":"product","link":"https:\/\/gastora.eu\/en\/product\/ptrin-spirale-ptrin-pte-30-l-19-kg-de-pte-2-vitesses\/","title":{"rendered":"P\u00e9trin \u00e0 spirale \/ p\u00e9trin \u00e0 p\u00e2te &#8211; 30 L &#8211; 19 kg de p\u00e2te &#8211; 2 vitesses"},"content":{"rendered":"<p>Ce p\u00e9trin est un appareil robuste indispensable \u00e0 toute cuisine professionnelle. Gr\u00e2ce \u00e0 son puissant moteur, p\u00e9trir la p\u00e2te n&#8217;a jamais \u00e9t\u00e9 aussi facile. Dans le grand bol de m\u00e9lange, ce p\u00e9trin combine rapidement diff\u00e9rents ingr\u00e9dients pour obtenir une p\u00e2te \u00e0 pain ou une p\u00e2te \u00e0 pizza. Il peut traiter 12 kg de farine et 19 kg de p\u00e2te. La quantit\u00e9 minimale pouvant \u00eatre trait\u00e9e avec ce p\u00e9trin est de 10 kg.<\/p>\n<h3>Travailler en toute s\u00e9curit\u00e9 avec le p\u00e9trin<\/h3>\n<p>Ce p\u00e9trin est tr\u00e8s facile \u00e0 utiliser. Vous pouvez choisir entre deux vitesses \u00e0 l&#8217;aide des boutons situ\u00e9s sur le panneau : p\u00e9trissage lent ou p\u00e9trissage rapide. La s\u00e9curit\u00e9 est \u00e9galement essentielle pour travailler dans une cuisine de restauration. C&#8217;est pourquoi le p\u00e9trin est \u00e9quip\u00e9 d&#8217;un interrupteur de s\u00e9curit\u00e9 int\u00e9gr\u00e9 qui emp\u00eache le moteur de surchauffer. Celui-ci \u00e9teint l&#8217;appareil d\u00e8s qu&#8217;il surchauffe. Pour \u00e9viter que des objets ou des mains ne p\u00e9n\u00e8trent dans le bol de mixage en cours d&#8217;utilisation, le mixeur est \u00e9quip\u00e9 d&#8217;une cage de protection. Tant que cette grille de protection n&#8217;est pas compl\u00e8tement ferm\u00e9e, le p\u00e9trin ne d\u00e9marre pas. Le p\u00e9trin est \u00e9quip\u00e9 d&#8217;un crochet de p\u00e9trissage qui, tout comme le bol de p\u00e9trissage, tourne autour de son axe pendant le p\u00e9trissage. Ce puissant p\u00e9trin est \u00e9galement \u00e9quip\u00e9 d&#8217;une protection contre les surcharges afin que le bol de m\u00e9lange ne soit jamais surcharg\u00e9.<\/p>\n<h3>Facile et rapide \u00e0 nettoyer<\/h3>\n<p>Si vous travaillez beaucoup avec de la p\u00e2te, vous voudrez nettoyer ce p\u00e9trin presque tous les jours. Gr\u00e2ce au bo\u00eetier m\u00e9tallique avec rev\u00eatement durable et aux accessoires en acier inoxydable, le nettoyage est une t\u00e2che facile. Le rev\u00eatement durable garantit \u00e9galement que le p\u00e9trin restera beau et sans rayures pendant longtemps. Nettoyez le p\u00e9trin avec un chiffon humide, de l&#8217;eau et un d\u00e9tergent doux. Le batteur repose \u00e9galement sur quatre pieds en caoutchouc pour une meilleure stabilit\u00e9 pendant l&#8217;utilisation.<\/p>\n<p><strong>Caract\u00e9ristiques :<\/strong><\/p>\n<ul>\n<li>\u00c9quip\u00e9 d&#8217;une cha\u00eene d&#8217;entra\u00eenement et de courroies trap\u00e9zo\u00efdales<\/li>\n<li>Bo\u00eetier m\u00e9tallique avec rev\u00eatement durable<\/li>\n<li>Axe et spirale en acier inoxydable<\/li>\n<li>Protection en m\u00e9tal<\/li>\n<li>Avec interrupteur de s\u00e9curit\u00e9<\/li>\n<li>Repose sur quatre pieds en caoutchouc<\/li>\n<\/ul>\n<p><strong>Caract\u00e9ristiques du produit :<\/strong><\/p>\n<ul>\n<li>Poids net : 106 kg<\/li>\n<li>Capacit\u00e9 nette du bol : 36,2l<\/li>\n<li>Dimensions : L43,2 x P72,5 x H88,6cm L43,2 x P72,5 x H88,6cm<\/li>\n<li>Dimensions du bol de m\u00e9lange : \u00f8 41 x H27cm<\/li>\n<li>Vitesse des spirales : 115 et 187RPM<\/li>\n<li>Vitesse du bol de m\u00e9lange : 11 et 18RPM<\/li>\n<li>230V\/50Hz\/1Phase 1500W<\/li>\n<\/ul>\n<p><strong>Capacit\u00e9 de production :<\/strong><\/p>\n<ul>\n<li>Quantit\u00e9 max. de farine : 12kg<\/li>\n<li>Quantit\u00e9 max. de p\u00e2te : 19kg<\/li>\n<li>Quantit\u00e9 minimale de p\u00e2te : 10 kg<\/li>\n<\/ul>\n<p><strong>Remarque :<\/strong> le bol de m\u00e9lange est fixe et ne peut pas \u00eatre retir\u00e9.<\/p>","protected":false},"excerpt":{"rendered":"<p>Ce p\u00e9trin professionnel avec bol de 30 litres permet de p\u00e9trir jusqu&#8217;\u00e0 19 kg de p\u00e2te. Il est dot\u00e9 d&#8217;un panneau de commande facile \u00e0 utiliser, de deux vitesses et de plusieurs dispositifs de s\u00e9curit\u00e9 tels que des interrupteurs de s\u00e9curit\u00e9 et une grille de protection. Le p\u00e9trin est dot\u00e9 d&#8217;un bo\u00eetier m\u00e9tallique avec rev\u00eatement, d&#8217;un crochet en acier inoxydable et d&#8217;un bol de m\u00e9lange fixe.<\/p>","protected":false},"featured_media":6691,"template":"","meta":{"_acf_changed":false},"product_brand":[],"product_cat":[493],"product_tag":[],"class_list":{"0":"post-13971","1":"product","2":"type-product","3":"status-publish","4":"has-post-thumbnail","6":"product_cat-petrins-spirale-2","8":"first","9":"instock","10":"sale","11":"taxable","12":"shipping-taxable","13":"purchasable","14":"product-type-simple"},"acf":[],"yoast_head":"<!-- This site is optimized with the Yoast SEO plugin v27.5 - https:\/\/yoast.com\/product\/yoast-seo-wordpress\/ -->\n<title>P\u00e9trin \u00e0 spirale \/ p\u00e9trin \u00e0 p\u00e2te - 30 L - 19 kg de p\u00e2te - 2 vitesses - Gastora<\/title>\n<meta name=\"description\" content=\"Achetez P\u00e9trin \u00e0 spirale \/ p\u00e9trin \u00e0 p\u00e2te - 30 L - 19 kg de p\u00e2te - 2 vitesses au meilleur prix, fiable et performant avec une livraison rapide\" \/>\n<meta name=\"robots\" content=\"index, follow, max-snippet:-1, max-image-preview:large, max-video-preview:-1\" \/>\n<link rel=\"canonical\" href=\"https:\/\/gastora.eu\/en\/product\/ptrin-spirale-ptrin-pte-30-l-19-kg-de-pte-2-vitesses\/\" \/>\n<meta property=\"og:locale\" content=\"en_US\" \/>\n<meta property=\"og:type\" content=\"article\" \/>\n<meta property=\"og:title\" content=\"P\u00e9trin \u00e0 spirale \/ p\u00e9trin \u00e0 p\u00e2te - 30 L - 19 kg de p\u00e2te - 2 vitesses - Gastora\" \/>\n<meta property=\"og:description\" content=\"Achetez P\u00e9trin \u00e0 spirale \/ p\u00e9trin \u00e0 p\u00e2te - 30 L - 19 kg de p\u00e2te - 2 vitesses au meilleur prix, fiable et performant avec une livraison rapide\" \/>\n<meta property=\"og:url\" content=\"https:\/\/gastora.eu\/en\/product\/ptrin-spirale-ptrin-pte-30-l-19-kg-de-pte-2-vitesses\/\" \/>\n<meta property=\"og:site_name\" content=\"Gastora\" \/>\n<meta property=\"article:modified_time\" content=\"2026-04-28T16:55:38+00:00\" \/>\n<meta name=\"twitter:card\" content=\"summary_large_image\" \/>\n<meta name=\"twitter:label1\" content=\"Est. reading time\" \/>\n\t<meta name=\"twitter:data1\" content=\"2 minutes\" \/>\n<script type=\"application\/ld+json\" class=\"yoast-schema-graph\">{\"@context\":\"https:\\\/\\\/schema.org\",\"@graph\":[{\"@type\":\"WebPage\",\"@id\":\"https:\\\/\\\/gastora.eu\\\/product\\\/ptrin-spirale-ptrin-pte-30-l-19-kg-de-pte-2-vitesses\\\/\",\"url\":\"https:\\\/\\\/gastora.eu\\\/product\\\/ptrin-spirale-ptrin-pte-30-l-19-kg-de-pte-2-vitesses\\\/\",\"name\":\"P\u00e9trin \u00e0 spirale \\\/ p\u00e9trin \u00e0 p\u00e2te - 30 L - 19 kg de p\u00e2te - 2 vitesses - Gastora\",\"isPartOf\":{\"@id\":\"https:\\\/\\\/gastora.eu\\\/#website\"},\"primaryImageOfPage\":{\"@id\":\"https:\\\/\\\/gastora.eu\\\/product\\\/ptrin-spirale-ptrin-pte-30-l-19-kg-de-pte-2-vitesses\\\/#primaryimage\"},\"image\":{\"@id\":\"https:\\\/\\\/gastora.eu\\\/product\\\/ptrin-spirale-ptrin-pte-30-l-19-kg-de-pte-2-vitesses\\\/#primaryimage\"},\"thumbnailUrl\":\"https:\\\/\\\/gastora.eu\\\/wp-content\\\/uploads\\\/2026\\\/04\\\/1_msm30_8911.jpg\",\"datePublished\":\"2026-04-25T17:40:41+00:00\",\"dateModified\":\"2026-04-28T16:55:38+00:00\",\"description\":\"Achetez P\u00e9trin \u00e0 spirale \\\/ p\u00e9trin \u00e0 p\u00e2te - 30 L - 19 kg de p\u00e2te - 2 vitesses au meilleur prix, fiable et performant avec une livraison rapide\",\"breadcrumb\":{\"@id\":\"https:\\\/\\\/gastora.eu\\\/product\\\/ptrin-spirale-ptrin-pte-30-l-19-kg-de-pte-2-vitesses\\\/#breadcrumb\"},\"inLanguage\":\"en-US\",\"potentialAction\":[{\"@type\":\"ReadAction\",\"target\":[\"https:\\\/\\\/gastora.eu\\\/product\\\/ptrin-spirale-ptrin-pte-30-l-19-kg-de-pte-2-vitesses\\\/\"]}]},{\"@type\":\"ImageObject\",\"inLanguage\":\"en-US\",\"@id\":\"https:\\\/\\\/gastora.eu\\\/product\\\/ptrin-spirale-ptrin-pte-30-l-19-kg-de-pte-2-vitesses\\\/#primaryimage\",\"url\":\"https:\\\/\\\/gastora.eu\\\/wp-content\\\/uploads\\\/2026\\\/04\\\/1_msm30_8911.jpg\",\"contentUrl\":\"https:\\\/\\\/gastora.eu\\\/wp-content\\\/uploads\\\/2026\\\/04\\\/1_msm30_8911.jpg\",\"width\":1200,\"height\":1200},{\"@type\":\"BreadcrumbList\",\"@id\":\"https:\\\/\\\/gastora.eu\\\/product\\\/ptrin-spirale-ptrin-pte-30-l-19-kg-de-pte-2-vitesses\\\/#breadcrumb\",\"itemListElement\":[{\"@type\":\"ListItem\",\"position\":1,\"name\":\"Home\",\"item\":\"https:\\\/\\\/gastora.eu\\\/\"},{\"@type\":\"ListItem\",\"position\":2,\"name\":\"Shop\",\"item\":\"https:\\\/\\\/gastora.eu\\\/shop\\\/\"},{\"@type\":\"ListItem\",\"position\":3,\"name\":\"P\u00e9trin \u00e0 spirale \\\/ p\u00e9trin \u00e0 p\u00e2te &#8211; 30 L &#8211; 19 kg de p\u00e2te &#8211; 2 vitesses\"}]},{\"@type\":\"WebSite\",\"@id\":\"https:\\\/\\\/gastora.eu\\\/#website\",\"url\":\"https:\\\/\\\/gastora.eu\\\/\",\"name\":\"Gastora\",\"description\":\"\u00c9quipements professionnels CHR\",\"publisher\":{\"@id\":\"https:\\\/\\\/gastora.eu\\\/#organization\"},\"potentialAction\":[{\"@type\":\"SearchAction\",\"target\":{\"@type\":\"EntryPoint\",\"urlTemplate\":\"https:\\\/\\\/gastora.eu\\\/?s={search_term_string}\"},\"query-input\":{\"@type\":\"PropertyValueSpecification\",\"valueRequired\":true,\"valueName\":\"search_term_string\"}}],\"inLanguage\":\"en-US\"},{\"@type\":\"Organization\",\"@id\":\"https:\\\/\\\/gastora.eu\\\/#organization\",\"name\":\"Gastora\",\"url\":\"https:\\\/\\\/gastora.eu\\\/\",\"logo\":{\"@type\":\"ImageObject\",\"inLanguage\":\"en-US\",\"@id\":\"https:\\\/\\\/gastora.eu\\\/#\\\/schema\\\/logo\\\/image\\\/\",\"url\":\"https:\\\/\\\/gastora.eu\\\/wp-content\\\/uploads\\\/2025\\\/12\\\/ChatGPT-Image-2-janv.-2026-22_52_47-1.png\",\"contentUrl\":\"https:\\\/\\\/gastora.eu\\\/wp-content\\\/uploads\\\/2025\\\/12\\\/ChatGPT-Image-2-janv.-2026-22_52_47-1.png\",\"width\":1536,\"height\":320,\"caption\":\"Gastora\"},\"image\":{\"@id\":\"https:\\\/\\\/gastora.eu\\\/#\\\/schema\\\/logo\\\/image\\\/\"}}]}<\/script>\n<!-- \/ Yoast SEO plugin. -->","yoast_head_json":{"title":"P\u00e9trin \u00e0 spirale \/ p\u00e9trin \u00e0 p\u00e2te - 30 L - 19 kg de p\u00e2te - 2 vitesses - Gastora","description":"Achetez P\u00e9trin \u00e0 spirale \/ p\u00e9trin \u00e0 p\u00e2te - 30 L - 19 kg de p\u00e2te - 2 vitesses au meilleur prix, fiable et performant avec une livraison rapide","robots":{"index":"index","follow":"follow","max-snippet":"max-snippet:-1","max-image-preview":"max-image-preview:large","max-video-preview":"max-video-preview:-1"},"canonical":"https:\/\/gastora.eu\/en\/product\/ptrin-spirale-ptrin-pte-30-l-19-kg-de-pte-2-vitesses\/","og_locale":"en_US","og_type":"article","og_title":"P\u00e9trin \u00e0 spirale \/ p\u00e9trin \u00e0 p\u00e2te - 30 L - 19 kg de p\u00e2te - 2 vitesses - Gastora","og_description":"Achetez P\u00e9trin \u00e0 spirale \/ p\u00e9trin \u00e0 p\u00e2te - 30 L - 19 kg de p\u00e2te - 2 vitesses au meilleur prix, fiable et performant avec une livraison rapide","og_url":"https:\/\/gastora.eu\/en\/product\/ptrin-spirale-ptrin-pte-30-l-19-kg-de-pte-2-vitesses\/","og_site_name":"Gastora","article_modified_time":"2026-04-28T16:55:38+00:00","twitter_card":"summary_large_image","twitter_misc":{"Est. reading time":"2 minutes"},"schema":{"@context":"https:\/\/schema.org","@graph":[{"@type":"WebPage","@id":"https:\/\/gastora.eu\/product\/ptrin-spirale-ptrin-pte-30-l-19-kg-de-pte-2-vitesses\/","url":"https:\/\/gastora.eu\/product\/ptrin-spirale-ptrin-pte-30-l-19-kg-de-pte-2-vitesses\/","name":"P\u00e9trin \u00e0 spirale \/ p\u00e9trin \u00e0 p\u00e2te - 30 L - 19 kg de p\u00e2te - 2 vitesses - Gastora","isPartOf":{"@id":"https:\/\/gastora.eu\/#website"},"primaryImageOfPage":{"@id":"https:\/\/gastora.eu\/product\/ptrin-spirale-ptrin-pte-30-l-19-kg-de-pte-2-vitesses\/#primaryimage"},"image":{"@id":"https:\/\/gastora.eu\/product\/ptrin-spirale-ptrin-pte-30-l-19-kg-de-pte-2-vitesses\/#primaryimage"},"thumbnailUrl":"https:\/\/gastora.eu\/wp-content\/uploads\/2026\/04\/1_msm30_8911.jpg","datePublished":"2026-04-25T17:40:41+00:00","dateModified":"2026-04-28T16:55:38+00:00","description":"Achetez P\u00e9trin \u00e0 spirale \/ p\u00e9trin \u00e0 p\u00e2te - 30 L - 19 kg de p\u00e2te - 2 vitesses au meilleur prix, fiable et performant avec une livraison rapide","breadcrumb":{"@id":"https:\/\/gastora.eu\/product\/ptrin-spirale-ptrin-pte-30-l-19-kg-de-pte-2-vitesses\/#breadcrumb"},"inLanguage":"en-US","potentialAction":[{"@type":"ReadAction","target":["https:\/\/gastora.eu\/product\/ptrin-spirale-ptrin-pte-30-l-19-kg-de-pte-2-vitesses\/"]}]},{"@type":"ImageObject","inLanguage":"en-US","@id":"https:\/\/gastora.eu\/product\/ptrin-spirale-ptrin-pte-30-l-19-kg-de-pte-2-vitesses\/#primaryimage","url":"https:\/\/gastora.eu\/wp-content\/uploads\/2026\/04\/1_msm30_8911.jpg","contentUrl":"https:\/\/gastora.eu\/wp-content\/uploads\/2026\/04\/1_msm30_8911.jpg","width":1200,"height":1200},{"@type":"BreadcrumbList","@id":"https:\/\/gastora.eu\/product\/ptrin-spirale-ptrin-pte-30-l-19-kg-de-pte-2-vitesses\/#breadcrumb","itemListElement":[{"@type":"ListItem","position":1,"name":"Home","item":"https:\/\/gastora.eu\/"},{"@type":"ListItem","position":2,"name":"Shop","item":"https:\/\/gastora.eu\/shop\/"},{"@type":"ListItem","position":3,"name":"P\u00e9trin \u00e0 spirale \/ p\u00e9trin \u00e0 p\u00e2te &#8211; 30 L &#8211; 19 kg de p\u00e2te &#8211; 2 vitesses"}]},{"@type":"WebSite","@id":"https:\/\/gastora.eu\/#website","url":"https:\/\/gastora.eu\/","name":"Gastora","description":"\u00c9quipements professionnels CHR","publisher":{"@id":"https:\/\/gastora.eu\/#organization"},"potentialAction":[{"@type":"SearchAction","target":{"@type":"EntryPoint","urlTemplate":"https:\/\/gastora.eu\/?s={search_term_string}"},"query-input":{"@type":"PropertyValueSpecification","valueRequired":true,"valueName":"search_term_string"}}],"inLanguage":"en-US"},{"@type":"Organization","@id":"https:\/\/gastora.eu\/#organization","name":"Gastora","url":"https:\/\/gastora.eu\/","logo":{"@type":"ImageObject","inLanguage":"en-US","@id":"https:\/\/gastora.eu\/#\/schema\/logo\/image\/","url":"https:\/\/gastora.eu\/wp-content\/uploads\/2025\/12\/ChatGPT-Image-2-janv.-2026-22_52_47-1.png","contentUrl":"https:\/\/gastora.eu\/wp-content\/uploads\/2025\/12\/ChatGPT-Image-2-janv.-2026-22_52_47-1.png","width":1536,"height":320,"caption":"Gastora"},"image":{"@id":"https:\/\/gastora.eu\/#\/schema\/logo\/image\/"}}]}},"jetpack_sharing_enabled":true,"_links":{"self":[{"href":"https:\/\/gastora.eu\/en\/wp-json\/wp\/v2\/product\/13971","targetHints":{"allow":["GET"]}}],"collection":[{"href":"https:\/\/gastora.eu\/en\/wp-json\/wp\/v2\/product"}],"about":[{"href":"https:\/\/gastora.eu\/en\/wp-json\/wp\/v2\/types\/product"}],"wp:featuredmedia":[{"embeddable":true,"href":"https:\/\/gastora.eu\/en\/wp-json\/wp\/v2\/media\/6691"}],"wp:attachment":[{"href":"https:\/\/gastora.eu\/en\/wp-json\/wp\/v2\/media?parent=13971"}],"wp:term":[{"taxonomy":"product_brand","embeddable":true,"href":"https:\/\/gastora.eu\/en\/wp-json\/wp\/v2\/product_brand?post=13971"},{"taxonomy":"product_cat","embeddable":true,"href":"https:\/\/gastora.eu\/en\/wp-json\/wp\/v2\/product_cat?post=13971"},{"taxonomy":"product_tag","embeddable":true,"href":"https:\/\/gastora.eu\/en\/wp-json\/wp\/v2\/product_tag?post=13971"}],"curies":[{"name":"wp","href":"https:\/\/api.w.org\/{rel}","templated":true}]}}