{"id":13968,"date":"2026-04-25T17:40:38","date_gmt":"2026-04-25T17:40:38","guid":{"rendered":"https:\/\/gastora.eu\/?post_type=product&#038;p=13968"},"modified":"2026-04-28T16:55:38","modified_gmt":"2026-04-28T16:55:38","slug":"mixer-plantaire-60-l-jusqu-30-kg-de-pte-3-vitesses","status":"publish","type":"product","link":"https:\/\/gastora.eu\/en\/product\/mixer-plantaire-60-l-jusqu-30-kg-de-pte-3-vitesses\/","title":{"rendered":"Mixer plan\u00e9taire &#8211; 60 L &#8211; jusqu&#8217;\u00e0 30 kg de p\u00e2te &#8211; 3 vitesses"},"content":{"rendered":"<p>Avec ce robuste m\u00e9langeur plan\u00e9taire, comprenant un bol de m\u00e9lange en acier inoxydable de 60 litres, vous pouvez p\u00e9trir, battre, m\u00e9langer et remuer \u00e0 trois vitesses diff\u00e9rentes : 74, 150 et 288 tours\/minute. Le batteur plan\u00e9taire est \u00e9quip\u00e9 d&#8217;un crochet p\u00e9trisseur, d&#8217;une aile de batteur et d&#8217;un fouet. Il est donc indispensable et parfaitement adapt\u00e9 pour p\u00e9trir des p\u00e2tes, m\u00e9langer des p\u00e2tes \u00e0 frire, battre des blancs d&#8217;\u0153ufs ou fouetter de la cr\u00e8me. M\u00eame avec de grandes quantit\u00e9s d&#8217;ingr\u00e9dients, ce batteur ne d\u00e9\u00e7oit pas car les courroies garantissent un m\u00e9lange parfait de tout type de p\u00e2te ou de p\u00e2te \u00e0 frire.<\/p>\n<h3>Grandes quantit\u00e9s de p\u00e2tes et de p\u00e2tes \u00e0 frire<\/h3>\n<p>Le p\u00e9trissage et le m\u00e9lange dans les grandes cuisines de restaurants, les cantines, les boulangeries et les pizzerias sont difficiles sans un m\u00e9langeur plan\u00e9taire de haute qualit\u00e9. Cet appareil traite facilement 30 kg de p\u00e2te \u00e0 pizza et 24 kg de p\u00e2te \u00e0 pain. La quantit\u00e9 minimale de p\u00e2te \u00e0 pain pouvant \u00eatre p\u00e9trie est de 7 kg. Gr\u00e2ce \u00e0 son puissant moteur et \u00e0 ses courroies, le crochet p\u00e9trisseur se fraye un chemin \u00e0 travers n&#8217;importe quelle p\u00e2te ou p\u00e2te sans effort. Lorsque le bol est rempli de p\u00e2te, il peut \u00eatre facilement abaiss\u00e9 apr\u00e8s le p\u00e9trissage \u00e0 l&#8217;aide du levier situ\u00e9 sur le c\u00f4t\u00e9.<\/p>\n<h3>Rev\u00eatement r\u00e9sistant aux rayures et s\u00e9curit\u00e9 d&#8217;utilisation<\/h3>\n<p>M\u00eame en cas d&#8217;utilisation fr\u00e9quente, ce batteur plan\u00e9taire restera longtemps exempt de rayures gr\u00e2ce \u00e0 son bo\u00eetier en fonte et \u00e0 son rev\u00eatement r\u00e9sistant aux rayures. Les pi\u00e8ces en acier inoxydable se nettoient facilement \u00e0 l&#8217;eau chaude savonneuse et avec un chiffon doux. Ce mixeur est \u00e9galement \u00e9quip\u00e9 d&#8217;une grille de protection en acier inoxydable qui entoure le bol de mixage lorsqu&#8217;il est utilis\u00e9. Gr\u00e2ce aux doubles interrupteurs de s\u00e9curit\u00e9 int\u00e9gr\u00e9s, cet appareil de cuisine est \u00e0 la fois s\u00fbr et facile \u00e0 utiliser. Vous pouvez accompagner ce mixeur d&#8217;un chariot mobile et d&#8217;autres accessoires tels que des paniers assortis.<\/p>\n<p><strong>Caract\u00e9ristiques :<\/strong><\/p>\n<ul>\n<li>3 vitesses : 74, 150, 288 TR\/MIN<\/li>\n<li>Transmission robuste par courroies<\/li>\n<li>Poign\u00e9e tournante de levage de la cuve et interrupteur de s\u00e9curit\u00e9<\/li>\n<li>Interrupteur de s\u00e9curit\u00e9 dans la grille de protection<\/li>\n<li>Boutons de d\u00e9marrage et d&#8217;arr\u00eat s\u00e9par\u00e9s<\/li>\n<li>Bo\u00eetier en fonte robuste avec rev\u00eatement r\u00e9sistant aux rayures<\/li>\n<\/ul>\n<p><strong>Caract\u00e9ristiques du produit :<\/strong><\/p>\n<ul>\n<li>Poids net : 212kg<\/li>\n<li>Capacit\u00e9 nette du bol : 64,5l<\/li>\n<li>Dimensions de la cuve : \u00d8460 x H435mm<\/li>\n<li>Dimensions de l&#8217;unit\u00e9 : L724 x P652 x H1300mm<\/li>\n<li>Puissance : 400V \/ 50Hz \/ 3Phase 2000W<\/li>\n<li>Couleur : Gris lourd<\/li>\n<\/ul>\n<p><strong>Capacit\u00e9 de production :<\/strong><\/p>\n<ul>\n<li>P\u00e2te \u00e0 pizza max. 30kg de p\u00e2te<\/li>\n<li>P\u00e2te \u00e0 pain max. 24kg de p\u00e2te<\/li>\n<li>P\u00e2te \u00e0 pain min. 7kg de p\u00e2te<\/li>\n<\/ul>\n<p><em>Inclus :<\/em><\/p>\n<ul>\n<li><em>Bol de m\u00e9lange en acier inoxydable de 60L<\/em><\/li>\n<li><em>Crochet \u00e0 p\u00e2te en aluminium -&gt; ne passe pas au lave-vaisselle<\/em><\/li>\n<li><em>Batteur plat en aluminium -&gt; ne va pas au lave-vaisselle<\/em><\/li>\n<li><em>Fouet en acier inoxydable\/aluminium -&gt; ne va pas au lave-vaisselle<\/em><\/li>\n<\/ul>","protected":false},"excerpt":{"rendered":"<p>Ce m\u00e9langeur plan\u00e9taire dot\u00e9 d&#8217;un bol de 60 litres permet de m\u00e9langer jusqu&#8217;\u00e0 30 kg de p\u00e2te. Il dispose de trois vitesses diff\u00e9rentes et de plusieurs dispositifs de s\u00e9curit\u00e9 tels que des interrupteurs de s\u00e9curit\u00e9 et une grille de protection. Le m\u00e9langeur plan\u00e9taire est dot\u00e9 d&#8217;un bo\u00eetier en fonte avec un rev\u00eatement r\u00e9sistant aux rayures et d&#8217;un bol de m\u00e9lange en acier inoxydable.<\/p>","protected":false},"featured_media":6685,"template":"","meta":{"_acf_changed":false},"product_brand":[],"product_cat":[480],"product_tag":[],"class_list":{"0":"post-13968","1":"product","2":"type-product","3":"status-publish","4":"has-post-thumbnail","6":"product_cat-batteurs-melangeurs-2","8":"first","9":"instock","10":"sale","11":"taxable","12":"shipping-taxable","13":"purchasable","14":"product-type-simple"},"acf":[],"yoast_head":"<!-- This site is optimized with the Yoast SEO plugin v27.5 - https:\/\/yoast.com\/product\/yoast-seo-wordpress\/ -->\n<title>Mixer plan\u00e9taire - 60 L - jusqu&#039;\u00e0 30 kg de p\u00e2te - 3 vitesses - Gastora<\/title>\n<meta name=\"description\" content=\"Achetez Mixer plan\u00e9taire - 60 L - jusqu&#039;\u00e0 30 kg de p\u00e2te - 3 vitesses au meilleur prix, fiable et performant avec une livraison rapide\" \/>\n<meta name=\"robots\" content=\"index, follow, max-snippet:-1, max-image-preview:large, max-video-preview:-1\" \/>\n<link rel=\"canonical\" href=\"https:\/\/gastora.eu\/en\/product\/mixer-plantaire-60-l-jusqu-30-kg-de-pte-3-vitesses\/\" \/>\n<meta property=\"og:locale\" content=\"en_US\" \/>\n<meta property=\"og:type\" content=\"article\" \/>\n<meta property=\"og:title\" content=\"Mixer plan\u00e9taire - 60 L - jusqu&#039;\u00e0 30 kg de p\u00e2te - 3 vitesses - Gastora\" \/>\n<meta property=\"og:description\" content=\"Achetez Mixer plan\u00e9taire - 60 L - jusqu&#039;\u00e0 30 kg de p\u00e2te - 3 vitesses au meilleur prix, fiable et performant avec une livraison rapide\" \/>\n<meta property=\"og:url\" content=\"https:\/\/gastora.eu\/en\/product\/mixer-plantaire-60-l-jusqu-30-kg-de-pte-3-vitesses\/\" \/>\n<meta property=\"og:site_name\" content=\"Gastora\" \/>\n<meta property=\"article:modified_time\" content=\"2026-04-28T16:55:38+00:00\" \/>\n<meta name=\"twitter:card\" content=\"summary_large_image\" \/>\n<meta name=\"twitter:label1\" content=\"Est. reading time\" \/>\n\t<meta name=\"twitter:data1\" content=\"3 minutes\" \/>\n<script type=\"application\/ld+json\" class=\"yoast-schema-graph\">{\"@context\":\"https:\\\/\\\/schema.org\",\"@graph\":[{\"@type\":\"WebPage\",\"@id\":\"https:\\\/\\\/gastora.eu\\\/product\\\/mixer-plantaire-60-l-jusqu-30-kg-de-pte-3-vitesses\\\/\",\"url\":\"https:\\\/\\\/gastora.eu\\\/product\\\/mixer-plantaire-60-l-jusqu-30-kg-de-pte-3-vitesses\\\/\",\"name\":\"Mixer plan\u00e9taire - 60 L - jusqu'\u00e0 30 kg de p\u00e2te - 3 vitesses - Gastora\",\"isPartOf\":{\"@id\":\"https:\\\/\\\/gastora.eu\\\/#website\"},\"primaryImageOfPage\":{\"@id\":\"https:\\\/\\\/gastora.eu\\\/product\\\/mixer-plantaire-60-l-jusqu-30-kg-de-pte-3-vitesses\\\/#primaryimage\"},\"image\":{\"@id\":\"https:\\\/\\\/gastora.eu\\\/product\\\/mixer-plantaire-60-l-jusqu-30-kg-de-pte-3-vitesses\\\/#primaryimage\"},\"thumbnailUrl\":\"https:\\\/\\\/gastora.eu\\\/wp-content\\\/uploads\\\/2026\\\/04\\\/1_mpm60-wk_403985.jpg\",\"datePublished\":\"2026-04-25T17:40:38+00:00\",\"dateModified\":\"2026-04-28T16:55:38+00:00\",\"description\":\"Achetez Mixer plan\u00e9taire - 60 L - jusqu'\u00e0 30 kg de p\u00e2te - 3 vitesses au meilleur prix, fiable et performant avec une livraison rapide\",\"breadcrumb\":{\"@id\":\"https:\\\/\\\/gastora.eu\\\/product\\\/mixer-plantaire-60-l-jusqu-30-kg-de-pte-3-vitesses\\\/#breadcrumb\"},\"inLanguage\":\"en-US\",\"potentialAction\":[{\"@type\":\"ReadAction\",\"target\":[\"https:\\\/\\\/gastora.eu\\\/product\\\/mixer-plantaire-60-l-jusqu-30-kg-de-pte-3-vitesses\\\/\"]}]},{\"@type\":\"ImageObject\",\"inLanguage\":\"en-US\",\"@id\":\"https:\\\/\\\/gastora.eu\\\/product\\\/mixer-plantaire-60-l-jusqu-30-kg-de-pte-3-vitesses\\\/#primaryimage\",\"url\":\"https:\\\/\\\/gastora.eu\\\/wp-content\\\/uploads\\\/2026\\\/04\\\/1_mpm60-wk_403985.jpg\",\"contentUrl\":\"https:\\\/\\\/gastora.eu\\\/wp-content\\\/uploads\\\/2026\\\/04\\\/1_mpm60-wk_403985.jpg\",\"width\":1200,\"height\":1200},{\"@type\":\"BreadcrumbList\",\"@id\":\"https:\\\/\\\/gastora.eu\\\/product\\\/mixer-plantaire-60-l-jusqu-30-kg-de-pte-3-vitesses\\\/#breadcrumb\",\"itemListElement\":[{\"@type\":\"ListItem\",\"position\":1,\"name\":\"Home\",\"item\":\"https:\\\/\\\/gastora.eu\\\/\"},{\"@type\":\"ListItem\",\"position\":2,\"name\":\"Shop\",\"item\":\"https:\\\/\\\/gastora.eu\\\/shop\\\/\"},{\"@type\":\"ListItem\",\"position\":3,\"name\":\"Mixer plan\u00e9taire &#8211; 60 L &#8211; jusqu&#8217;\u00e0 30 kg de p\u00e2te &#8211; 3 vitesses\"}]},{\"@type\":\"WebSite\",\"@id\":\"https:\\\/\\\/gastora.eu\\\/#website\",\"url\":\"https:\\\/\\\/gastora.eu\\\/\",\"name\":\"Gastora\",\"description\":\"\u00c9quipements professionnels CHR\",\"publisher\":{\"@id\":\"https:\\\/\\\/gastora.eu\\\/#organization\"},\"potentialAction\":[{\"@type\":\"SearchAction\",\"target\":{\"@type\":\"EntryPoint\",\"urlTemplate\":\"https:\\\/\\\/gastora.eu\\\/?s={search_term_string}\"},\"query-input\":{\"@type\":\"PropertyValueSpecification\",\"valueRequired\":true,\"valueName\":\"search_term_string\"}}],\"inLanguage\":\"en-US\"},{\"@type\":\"Organization\",\"@id\":\"https:\\\/\\\/gastora.eu\\\/#organization\",\"name\":\"Gastora\",\"url\":\"https:\\\/\\\/gastora.eu\\\/\",\"logo\":{\"@type\":\"ImageObject\",\"inLanguage\":\"en-US\",\"@id\":\"https:\\\/\\\/gastora.eu\\\/#\\\/schema\\\/logo\\\/image\\\/\",\"url\":\"https:\\\/\\\/gastora.eu\\\/wp-content\\\/uploads\\\/2025\\\/12\\\/ChatGPT-Image-2-janv.-2026-22_52_47-1.png\",\"contentUrl\":\"https:\\\/\\\/gastora.eu\\\/wp-content\\\/uploads\\\/2025\\\/12\\\/ChatGPT-Image-2-janv.-2026-22_52_47-1.png\",\"width\":1536,\"height\":320,\"caption\":\"Gastora\"},\"image\":{\"@id\":\"https:\\\/\\\/gastora.eu\\\/#\\\/schema\\\/logo\\\/image\\\/\"}}]}<\/script>\n<!-- \/ Yoast SEO plugin. -->","yoast_head_json":{"title":"Mixer plan\u00e9taire - 60 L - jusqu'\u00e0 30 kg de p\u00e2te - 3 vitesses - Gastora","description":"Achetez Mixer plan\u00e9taire - 60 L - jusqu'\u00e0 30 kg de p\u00e2te - 3 vitesses au meilleur prix, fiable et performant avec une livraison rapide","robots":{"index":"index","follow":"follow","max-snippet":"max-snippet:-1","max-image-preview":"max-image-preview:large","max-video-preview":"max-video-preview:-1"},"canonical":"https:\/\/gastora.eu\/en\/product\/mixer-plantaire-60-l-jusqu-30-kg-de-pte-3-vitesses\/","og_locale":"en_US","og_type":"article","og_title":"Mixer plan\u00e9taire - 60 L - jusqu'\u00e0 30 kg de p\u00e2te - 3 vitesses - Gastora","og_description":"Achetez Mixer plan\u00e9taire - 60 L - jusqu'\u00e0 30 kg de p\u00e2te - 3 vitesses au meilleur prix, fiable et performant avec une livraison rapide","og_url":"https:\/\/gastora.eu\/en\/product\/mixer-plantaire-60-l-jusqu-30-kg-de-pte-3-vitesses\/","og_site_name":"Gastora","article_modified_time":"2026-04-28T16:55:38+00:00","twitter_card":"summary_large_image","twitter_misc":{"Est. reading time":"3 minutes"},"schema":{"@context":"https:\/\/schema.org","@graph":[{"@type":"WebPage","@id":"https:\/\/gastora.eu\/product\/mixer-plantaire-60-l-jusqu-30-kg-de-pte-3-vitesses\/","url":"https:\/\/gastora.eu\/product\/mixer-plantaire-60-l-jusqu-30-kg-de-pte-3-vitesses\/","name":"Mixer plan\u00e9taire - 60 L - jusqu'\u00e0 30 kg de p\u00e2te - 3 vitesses - Gastora","isPartOf":{"@id":"https:\/\/gastora.eu\/#website"},"primaryImageOfPage":{"@id":"https:\/\/gastora.eu\/product\/mixer-plantaire-60-l-jusqu-30-kg-de-pte-3-vitesses\/#primaryimage"},"image":{"@id":"https:\/\/gastora.eu\/product\/mixer-plantaire-60-l-jusqu-30-kg-de-pte-3-vitesses\/#primaryimage"},"thumbnailUrl":"https:\/\/gastora.eu\/wp-content\/uploads\/2026\/04\/1_mpm60-wk_403985.jpg","datePublished":"2026-04-25T17:40:38+00:00","dateModified":"2026-04-28T16:55:38+00:00","description":"Achetez Mixer plan\u00e9taire - 60 L - jusqu'\u00e0 30 kg de p\u00e2te - 3 vitesses au meilleur prix, fiable et performant avec une livraison rapide","breadcrumb":{"@id":"https:\/\/gastora.eu\/product\/mixer-plantaire-60-l-jusqu-30-kg-de-pte-3-vitesses\/#breadcrumb"},"inLanguage":"en-US","potentialAction":[{"@type":"ReadAction","target":["https:\/\/gastora.eu\/product\/mixer-plantaire-60-l-jusqu-30-kg-de-pte-3-vitesses\/"]}]},{"@type":"ImageObject","inLanguage":"en-US","@id":"https:\/\/gastora.eu\/product\/mixer-plantaire-60-l-jusqu-30-kg-de-pte-3-vitesses\/#primaryimage","url":"https:\/\/gastora.eu\/wp-content\/uploads\/2026\/04\/1_mpm60-wk_403985.jpg","contentUrl":"https:\/\/gastora.eu\/wp-content\/uploads\/2026\/04\/1_mpm60-wk_403985.jpg","width":1200,"height":1200},{"@type":"BreadcrumbList","@id":"https:\/\/gastora.eu\/product\/mixer-plantaire-60-l-jusqu-30-kg-de-pte-3-vitesses\/#breadcrumb","itemListElement":[{"@type":"ListItem","position":1,"name":"Home","item":"https:\/\/gastora.eu\/"},{"@type":"ListItem","position":2,"name":"Shop","item":"https:\/\/gastora.eu\/shop\/"},{"@type":"ListItem","position":3,"name":"Mixer plan\u00e9taire &#8211; 60 L &#8211; jusqu&#8217;\u00e0 30 kg de p\u00e2te &#8211; 3 vitesses"}]},{"@type":"WebSite","@id":"https:\/\/gastora.eu\/#website","url":"https:\/\/gastora.eu\/","name":"Gastora","description":"\u00c9quipements professionnels CHR","publisher":{"@id":"https:\/\/gastora.eu\/#organization"},"potentialAction":[{"@type":"SearchAction","target":{"@type":"EntryPoint","urlTemplate":"https:\/\/gastora.eu\/?s={search_term_string}"},"query-input":{"@type":"PropertyValueSpecification","valueRequired":true,"valueName":"search_term_string"}}],"inLanguage":"en-US"},{"@type":"Organization","@id":"https:\/\/gastora.eu\/#organization","name":"Gastora","url":"https:\/\/gastora.eu\/","logo":{"@type":"ImageObject","inLanguage":"en-US","@id":"https:\/\/gastora.eu\/#\/schema\/logo\/image\/","url":"https:\/\/gastora.eu\/wp-content\/uploads\/2025\/12\/ChatGPT-Image-2-janv.-2026-22_52_47-1.png","contentUrl":"https:\/\/gastora.eu\/wp-content\/uploads\/2025\/12\/ChatGPT-Image-2-janv.-2026-22_52_47-1.png","width":1536,"height":320,"caption":"Gastora"},"image":{"@id":"https:\/\/gastora.eu\/#\/schema\/logo\/image\/"}}]}},"jetpack_sharing_enabled":true,"_links":{"self":[{"href":"https:\/\/gastora.eu\/en\/wp-json\/wp\/v2\/product\/13968","targetHints":{"allow":["GET"]}}],"collection":[{"href":"https:\/\/gastora.eu\/en\/wp-json\/wp\/v2\/product"}],"about":[{"href":"https:\/\/gastora.eu\/en\/wp-json\/wp\/v2\/types\/product"}],"wp:featuredmedia":[{"embeddable":true,"href":"https:\/\/gastora.eu\/en\/wp-json\/wp\/v2\/media\/6685"}],"wp:attachment":[{"href":"https:\/\/gastora.eu\/en\/wp-json\/wp\/v2\/media?parent=13968"}],"wp:term":[{"taxonomy":"product_brand","embeddable":true,"href":"https:\/\/gastora.eu\/en\/wp-json\/wp\/v2\/product_brand?post=13968"},{"taxonomy":"product_cat","embeddable":true,"href":"https:\/\/gastora.eu\/en\/wp-json\/wp\/v2\/product_cat?post=13968"},{"taxonomy":"product_tag","embeddable":true,"href":"https:\/\/gastora.eu\/en\/wp-json\/wp\/v2\/product_tag?post=13968"}],"curies":[{"name":"wp","href":"https:\/\/api.w.org\/{rel}","templated":true}]}}