{"id":13967,"date":"2026-04-25T17:40:36","date_gmt":"2026-04-25T17:40:36","guid":{"rendered":"https:\/\/gastora.eu\/?post_type=product&#038;p=13967"},"modified":"2026-04-28T16:55:37","modified_gmt":"2026-04-28T16:55:37","slug":"dispensateur-de-boissons-3-x-8-l-tube-de-refroidissement-central-fonctionne-sans-lectricit","status":"publish","type":"product","link":"https:\/\/gastora.eu\/en\/product\/dispensateur-de-boissons-3-x-8-l-tube-de-refroidissement-central-fonctionne-sans-lectricit\/","title":{"rendered":"Dispensateur de boissons &#8211; 3 x 8 L &#8211; tube de refroidissement central &#8211; fonctionne sans \u00e9lectricit\u00e9"},"content":{"rendered":"<p>Ce distributeur de boissons au design \u00e9l\u00e9gant convient \u00e0 la pr\u00e9sentation de jus de fruits, de slushies et d&#8217;autres boissons. Il peut \u00e9galement \u00eatre utilis\u00e9 en libre-service dans les \u00e9tablissements de restauration. Par exemple, il est utile de l&#8217;utiliser pour les buffets de petit-d\u00e9jeuner dans les h\u00f4tels ou sur l&#8217;\u00eelot des boissons dans les restaurants rapides et les caf\u00e9t\u00e9rias. Ce distributeur de boissons convient \u00e9galement pour servir de l&#8217;eau glac\u00e9e, des boissons non alcoolis\u00e9es et de la limonade fra\u00eechement pr\u00e9par\u00e9e. Chaque r\u00e9servoir peut contenir jusqu&#8217;\u00e0 huit litres, ce qui donne un total de 24 litres pour l&#8217;ensemble de l&#8217;appareil. Vous pouvez l&#8217;utiliser avec des verres d&#8217;une hauteur maximale de 15 cm.<\/p>\n<h3>Pas besoin d&#8217;\u00e9lectricit\u00e9<\/h3>\n<p>L&#8217;un des principaux avantages de ce distributeur de boissons est qu&#8217;il peut \u00eatre utilis\u00e9 sans \u00e9lectricit\u00e9. Le liquide est maintenu au frais dans le r\u00e9servoir 100 % sans BPA \u00e0 l&#8217;aide d&#8217;un tube en acier inoxydable plac\u00e9 au centre et rempli de glace. Le corps du distributeur est fabriqu\u00e9 en acier inoxydable, qui est \u00e0 la fois r\u00e9sistant aux rayures et facile \u00e0 nettoyer. Le r\u00e9cipient est transparent, ce qui permet aux clients de mieux voir le produit et de faire leur choix. La base solide et le design moderne garantissent que le distributeur n&#8217;a pas seulement un aspect professionnel, mais qu&#8217;il est \u00e9galement stable. Il y a \u00e9galement deux poign\u00e9es sur le c\u00f4t\u00e9 de chaque r\u00e9servoir pour faciliter le levage.<\/p>\n<h3>Facile \u00e0 nettoyer<\/h3>\n<p>Le bac d&#8217;\u00e9gouttage fourni en standard avec ce distributeur de boissons est facile \u00e0 retirer et \u00e0 nettoyer. Il en va de m\u00eame pour le reste du distributeur. Il suffit de retirer les pi\u00e8ces et de les nettoyer \u00e0 l&#8217;eau chaude avec un peu de d\u00e9tergent doux. Les pi\u00e8ces ne peuvent pas \u00eatre nettoy\u00e9es au lave-vaisselle. Apr\u00e8s le nettoyage, prenez un chiffon doux et essuyez toutes les pi\u00e8ces. Vous pouvez ensuite remonter le distributeur et l&#8217;utiliser \u00e0 nouveau.<\/p>\n<p><strong>Caract\u00e9ristiques<\/strong><\/p>\n<ul>\n<li>Facile \u00e0 d\u00e9monter<\/li>\n<li>Convient aux verres jusqu&#8217;\u00e0 15 cm<\/li>\n<li>Plateau d&#8217;\u00e9gouttage facile \u00e0 nettoyer<\/li>\n<li>Contient un tube central en acier inoxydable pour le refroidissement<\/li>\n<li>Ne n\u00e9cessite aucune source d&#8217;\u00e9nergie<\/li>\n<\/ul>\n<p><strong>Caract\u00e9ristiques du produit<\/strong><\/p>\n<ul>\n<li>Poids net : 8,4 kg<\/li>\n<li>Dimensions : L86 x P36 x H56cm L86 x P36 x H56cm<\/li>\n<\/ul>","protected":false},"excerpt":{"rendered":"<p>Ce distributeur de boissons a une capacit\u00e9 totale de 24 litres r\u00e9partis entre trois r\u00e9servoirs de 8 litres. Il vous permet de servir de grandes quantit\u00e9s de boissons \u00e0 vos clients dans des lieux tels que les h\u00f4tels et les restaurants. Il est refroidi efficacement \u00e0 l&#8217;aide de glace et poss\u00e8de \u00e9galement un tube central en acier inoxydable qui peut \u00eatre rempli de glace pour garder les boissons froides.<\/p>","protected":false},"featured_media":6683,"template":"","meta":{"_acf_changed":false},"product_brand":[],"product_cat":[472],"product_tag":[],"class_list":{"0":"post-13967","1":"product","2":"type-product","3":"status-publish","4":"has-post-thumbnail","6":"product_cat-armoires-a-boissons-2","8":"first","9":"instock","10":"sale","11":"taxable","12":"shipping-taxable","13":"purchasable","14":"product-type-simple"},"acf":[],"yoast_head":"<!-- This site is optimized with the Yoast SEO plugin v27.5 - https:\/\/yoast.com\/product\/yoast-seo-wordpress\/ -->\n<title>Dispensateur de boissons - 3 x 8 L - tube de refroidissement central - fonctionne sans \u00e9lectricit\u00e9 - Gastora<\/title>\n<meta name=\"description\" content=\"Achetez Dispensateur de boissons - 3 x 8 L - tube de refroidissement central - fonctionne sans \u00e9lectricit\u00e9 au meilleur prix, fiable et performant avec une livraison rapide\" \/>\n<meta name=\"robots\" content=\"index, follow, max-snippet:-1, max-image-preview:large, max-video-preview:-1\" \/>\n<link rel=\"canonical\" href=\"https:\/\/gastora.eu\/en\/product\/dispensateur-de-boissons-3-x-8-l-tube-de-refroidissement-central-fonctionne-sans-lectricit\/\" \/>\n<meta property=\"og:locale\" content=\"en_US\" \/>\n<meta property=\"og:type\" content=\"article\" \/>\n<meta property=\"og:title\" content=\"Dispensateur de boissons - 3 x 8 L - tube de refroidissement central - fonctionne sans \u00e9lectricit\u00e9 - Gastora\" \/>\n<meta property=\"og:description\" content=\"Achetez Dispensateur de boissons - 3 x 8 L - tube de refroidissement central - fonctionne sans \u00e9lectricit\u00e9 au meilleur prix, fiable et performant avec une livraison rapide\" \/>\n<meta property=\"og:url\" content=\"https:\/\/gastora.eu\/en\/product\/dispensateur-de-boissons-3-x-8-l-tube-de-refroidissement-central-fonctionne-sans-lectricit\/\" \/>\n<meta property=\"og:site_name\" content=\"Gastora\" \/>\n<meta property=\"article:modified_time\" content=\"2026-04-28T16:55:37+00:00\" \/>\n<meta name=\"twitter:card\" content=\"summary_large_image\" \/>\n<meta name=\"twitter:label1\" content=\"Est. reading time\" \/>\n\t<meta name=\"twitter:data1\" content=\"2 minutes\" \/>\n<script type=\"application\/ld+json\" class=\"yoast-schema-graph\">{\"@context\":\"https:\\\/\\\/schema.org\",\"@graph\":[{\"@type\":\"WebPage\",\"@id\":\"https:\\\/\\\/gastora.eu\\\/product\\\/dispensateur-de-boissons-3-x-8-l-tube-de-refroidissement-central-fonctionne-sans-lectricit\\\/\",\"url\":\"https:\\\/\\\/gastora.eu\\\/product\\\/dispensateur-de-boissons-3-x-8-l-tube-de-refroidissement-central-fonctionne-sans-lectricit\\\/\",\"name\":\"Dispensateur de boissons - 3 x 8 L - tube de refroidissement central - fonctionne sans \u00e9lectricit\u00e9 - Gastora\",\"isPartOf\":{\"@id\":\"https:\\\/\\\/gastora.eu\\\/#website\"},\"primaryImageOfPage\":{\"@id\":\"https:\\\/\\\/gastora.eu\\\/product\\\/dispensateur-de-boissons-3-x-8-l-tube-de-refroidissement-central-fonctionne-sans-lectricit\\\/#primaryimage\"},\"image\":{\"@id\":\"https:\\\/\\\/gastora.eu\\\/product\\\/dispensateur-de-boissons-3-x-8-l-tube-de-refroidissement-central-fonctionne-sans-lectricit\\\/#primaryimage\"},\"thumbnailUrl\":\"https:\\\/\\\/gastora.eu\\\/wp-content\\\/uploads\\\/2026\\\/04\\\/drankendispenser-sapdispenser-3-8l.jpg\",\"datePublished\":\"2026-04-25T17:40:36+00:00\",\"dateModified\":\"2026-04-28T16:55:37+00:00\",\"description\":\"Achetez Dispensateur de boissons - 3 x 8 L - tube de refroidissement central - fonctionne sans \u00e9lectricit\u00e9 au meilleur prix, fiable et performant avec une livraison rapide\",\"breadcrumb\":{\"@id\":\"https:\\\/\\\/gastora.eu\\\/product\\\/dispensateur-de-boissons-3-x-8-l-tube-de-refroidissement-central-fonctionne-sans-lectricit\\\/#breadcrumb\"},\"inLanguage\":\"en-US\",\"potentialAction\":[{\"@type\":\"ReadAction\",\"target\":[\"https:\\\/\\\/gastora.eu\\\/product\\\/dispensateur-de-boissons-3-x-8-l-tube-de-refroidissement-central-fonctionne-sans-lectricit\\\/\"]}]},{\"@type\":\"ImageObject\",\"inLanguage\":\"en-US\",\"@id\":\"https:\\\/\\\/gastora.eu\\\/product\\\/dispensateur-de-boissons-3-x-8-l-tube-de-refroidissement-central-fonctionne-sans-lectricit\\\/#primaryimage\",\"url\":\"https:\\\/\\\/gastora.eu\\\/wp-content\\\/uploads\\\/2026\\\/04\\\/drankendispenser-sapdispenser-3-8l.jpg\",\"contentUrl\":\"https:\\\/\\\/gastora.eu\\\/wp-content\\\/uploads\\\/2026\\\/04\\\/drankendispenser-sapdispenser-3-8l.jpg\",\"width\":1024,\"height\":1024},{\"@type\":\"BreadcrumbList\",\"@id\":\"https:\\\/\\\/gastora.eu\\\/product\\\/dispensateur-de-boissons-3-x-8-l-tube-de-refroidissement-central-fonctionne-sans-lectricit\\\/#breadcrumb\",\"itemListElement\":[{\"@type\":\"ListItem\",\"position\":1,\"name\":\"Home\",\"item\":\"https:\\\/\\\/gastora.eu\\\/\"},{\"@type\":\"ListItem\",\"position\":2,\"name\":\"Shop\",\"item\":\"https:\\\/\\\/gastora.eu\\\/shop\\\/\"},{\"@type\":\"ListItem\",\"position\":3,\"name\":\"Dispensateur de boissons &#8211; 3 x 8 L &#8211; tube de refroidissement central &#8211; fonctionne sans \u00e9lectricit\u00e9\"}]},{\"@type\":\"WebSite\",\"@id\":\"https:\\\/\\\/gastora.eu\\\/#website\",\"url\":\"https:\\\/\\\/gastora.eu\\\/\",\"name\":\"Gastora\",\"description\":\"\u00c9quipements professionnels CHR\",\"publisher\":{\"@id\":\"https:\\\/\\\/gastora.eu\\\/#organization\"},\"potentialAction\":[{\"@type\":\"SearchAction\",\"target\":{\"@type\":\"EntryPoint\",\"urlTemplate\":\"https:\\\/\\\/gastora.eu\\\/?s={search_term_string}\"},\"query-input\":{\"@type\":\"PropertyValueSpecification\",\"valueRequired\":true,\"valueName\":\"search_term_string\"}}],\"inLanguage\":\"en-US\"},{\"@type\":\"Organization\",\"@id\":\"https:\\\/\\\/gastora.eu\\\/#organization\",\"name\":\"Gastora\",\"url\":\"https:\\\/\\\/gastora.eu\\\/\",\"logo\":{\"@type\":\"ImageObject\",\"inLanguage\":\"en-US\",\"@id\":\"https:\\\/\\\/gastora.eu\\\/#\\\/schema\\\/logo\\\/image\\\/\",\"url\":\"https:\\\/\\\/gastora.eu\\\/wp-content\\\/uploads\\\/2025\\\/12\\\/ChatGPT-Image-2-janv.-2026-22_52_47-1.png\",\"contentUrl\":\"https:\\\/\\\/gastora.eu\\\/wp-content\\\/uploads\\\/2025\\\/12\\\/ChatGPT-Image-2-janv.-2026-22_52_47-1.png\",\"width\":1536,\"height\":320,\"caption\":\"Gastora\"},\"image\":{\"@id\":\"https:\\\/\\\/gastora.eu\\\/#\\\/schema\\\/logo\\\/image\\\/\"}}]}<\/script>\n<!-- \/ Yoast SEO plugin. -->","yoast_head_json":{"title":"Dispensateur de boissons - 3 x 8 L - tube de refroidissement central - fonctionne sans \u00e9lectricit\u00e9 - Gastora","description":"Achetez Dispensateur de boissons - 3 x 8 L - tube de refroidissement central - fonctionne sans \u00e9lectricit\u00e9 au meilleur prix, fiable et performant avec une livraison rapide","robots":{"index":"index","follow":"follow","max-snippet":"max-snippet:-1","max-image-preview":"max-image-preview:large","max-video-preview":"max-video-preview:-1"},"canonical":"https:\/\/gastora.eu\/en\/product\/dispensateur-de-boissons-3-x-8-l-tube-de-refroidissement-central-fonctionne-sans-lectricit\/","og_locale":"en_US","og_type":"article","og_title":"Dispensateur de boissons - 3 x 8 L - tube de refroidissement central - fonctionne sans \u00e9lectricit\u00e9 - Gastora","og_description":"Achetez Dispensateur de boissons - 3 x 8 L - tube de refroidissement central - fonctionne sans \u00e9lectricit\u00e9 au meilleur prix, fiable et performant avec une livraison rapide","og_url":"https:\/\/gastora.eu\/en\/product\/dispensateur-de-boissons-3-x-8-l-tube-de-refroidissement-central-fonctionne-sans-lectricit\/","og_site_name":"Gastora","article_modified_time":"2026-04-28T16:55:37+00:00","twitter_card":"summary_large_image","twitter_misc":{"Est. reading time":"2 minutes"},"schema":{"@context":"https:\/\/schema.org","@graph":[{"@type":"WebPage","@id":"https:\/\/gastora.eu\/product\/dispensateur-de-boissons-3-x-8-l-tube-de-refroidissement-central-fonctionne-sans-lectricit\/","url":"https:\/\/gastora.eu\/product\/dispensateur-de-boissons-3-x-8-l-tube-de-refroidissement-central-fonctionne-sans-lectricit\/","name":"Dispensateur de boissons - 3 x 8 L - tube de refroidissement central - fonctionne sans \u00e9lectricit\u00e9 - Gastora","isPartOf":{"@id":"https:\/\/gastora.eu\/#website"},"primaryImageOfPage":{"@id":"https:\/\/gastora.eu\/product\/dispensateur-de-boissons-3-x-8-l-tube-de-refroidissement-central-fonctionne-sans-lectricit\/#primaryimage"},"image":{"@id":"https:\/\/gastora.eu\/product\/dispensateur-de-boissons-3-x-8-l-tube-de-refroidissement-central-fonctionne-sans-lectricit\/#primaryimage"},"thumbnailUrl":"https:\/\/gastora.eu\/wp-content\/uploads\/2026\/04\/drankendispenser-sapdispenser-3-8l.jpg","datePublished":"2026-04-25T17:40:36+00:00","dateModified":"2026-04-28T16:55:37+00:00","description":"Achetez Dispensateur de boissons - 3 x 8 L - tube de refroidissement central - fonctionne sans \u00e9lectricit\u00e9 au meilleur prix, fiable et performant avec une livraison rapide","breadcrumb":{"@id":"https:\/\/gastora.eu\/product\/dispensateur-de-boissons-3-x-8-l-tube-de-refroidissement-central-fonctionne-sans-lectricit\/#breadcrumb"},"inLanguage":"en-US","potentialAction":[{"@type":"ReadAction","target":["https:\/\/gastora.eu\/product\/dispensateur-de-boissons-3-x-8-l-tube-de-refroidissement-central-fonctionne-sans-lectricit\/"]}]},{"@type":"ImageObject","inLanguage":"en-US","@id":"https:\/\/gastora.eu\/product\/dispensateur-de-boissons-3-x-8-l-tube-de-refroidissement-central-fonctionne-sans-lectricit\/#primaryimage","url":"https:\/\/gastora.eu\/wp-content\/uploads\/2026\/04\/drankendispenser-sapdispenser-3-8l.jpg","contentUrl":"https:\/\/gastora.eu\/wp-content\/uploads\/2026\/04\/drankendispenser-sapdispenser-3-8l.jpg","width":1024,"height":1024},{"@type":"BreadcrumbList","@id":"https:\/\/gastora.eu\/product\/dispensateur-de-boissons-3-x-8-l-tube-de-refroidissement-central-fonctionne-sans-lectricit\/#breadcrumb","itemListElement":[{"@type":"ListItem","position":1,"name":"Home","item":"https:\/\/gastora.eu\/"},{"@type":"ListItem","position":2,"name":"Shop","item":"https:\/\/gastora.eu\/shop\/"},{"@type":"ListItem","position":3,"name":"Dispensateur de boissons &#8211; 3 x 8 L &#8211; tube de refroidissement central &#8211; fonctionne sans \u00e9lectricit\u00e9"}]},{"@type":"WebSite","@id":"https:\/\/gastora.eu\/#website","url":"https:\/\/gastora.eu\/","name":"Gastora","description":"\u00c9quipements professionnels CHR","publisher":{"@id":"https:\/\/gastora.eu\/#organization"},"potentialAction":[{"@type":"SearchAction","target":{"@type":"EntryPoint","urlTemplate":"https:\/\/gastora.eu\/?s={search_term_string}"},"query-input":{"@type":"PropertyValueSpecification","valueRequired":true,"valueName":"search_term_string"}}],"inLanguage":"en-US"},{"@type":"Organization","@id":"https:\/\/gastora.eu\/#organization","name":"Gastora","url":"https:\/\/gastora.eu\/","logo":{"@type":"ImageObject","inLanguage":"en-US","@id":"https:\/\/gastora.eu\/#\/schema\/logo\/image\/","url":"https:\/\/gastora.eu\/wp-content\/uploads\/2025\/12\/ChatGPT-Image-2-janv.-2026-22_52_47-1.png","contentUrl":"https:\/\/gastora.eu\/wp-content\/uploads\/2025\/12\/ChatGPT-Image-2-janv.-2026-22_52_47-1.png","width":1536,"height":320,"caption":"Gastora"},"image":{"@id":"https:\/\/gastora.eu\/#\/schema\/logo\/image\/"}}]}},"jetpack_sharing_enabled":true,"_links":{"self":[{"href":"https:\/\/gastora.eu\/en\/wp-json\/wp\/v2\/product\/13967","targetHints":{"allow":["GET"]}}],"collection":[{"href":"https:\/\/gastora.eu\/en\/wp-json\/wp\/v2\/product"}],"about":[{"href":"https:\/\/gastora.eu\/en\/wp-json\/wp\/v2\/types\/product"}],"wp:featuredmedia":[{"embeddable":true,"href":"https:\/\/gastora.eu\/en\/wp-json\/wp\/v2\/media\/6683"}],"wp:attachment":[{"href":"https:\/\/gastora.eu\/en\/wp-json\/wp\/v2\/media?parent=13967"}],"wp:term":[{"taxonomy":"product_brand","embeddable":true,"href":"https:\/\/gastora.eu\/en\/wp-json\/wp\/v2\/product_brand?post=13967"},{"taxonomy":"product_cat","embeddable":true,"href":"https:\/\/gastora.eu\/en\/wp-json\/wp\/v2\/product_cat?post=13967"},{"taxonomy":"product_tag","embeddable":true,"href":"https:\/\/gastora.eu\/en\/wp-json\/wp\/v2\/product_tag?post=13967"}],"curies":[{"name":"wp","href":"https:\/\/api.w.org\/{rel}","templated":true}]}}