{"id":13965,"date":"2026-04-25T17:40:34","date_gmt":"2026-04-25T17:40:34","guid":{"rendered":"https:\/\/gastora.eu\/?post_type=product&#038;p=13965"},"modified":"2026-04-28T16:55:37","modified_gmt":"2026-04-28T16:55:37","slug":"dispensateur-de-boissons-1-x-8-l-tube-de-refroidissement-central-fonctionne-sans-lectricit","status":"publish","type":"product","link":"https:\/\/gastora.eu\/en\/product\/dispensateur-de-boissons-1-x-8-l-tube-de-refroidissement-central-fonctionne-sans-lectricit\/","title":{"rendered":"Dispensateur de boissons &#8211; 1 x 8 L &#8211; tube de refroidissement central &#8211; fonctionne sans \u00e9lectricit\u00e9"},"content":{"rendered":"<p>Ce distributeur de boissons magnifiquement con\u00e7u convient \u00e0 la pr\u00e9sentation professionnelle de jus de fruits et d&#8217;autres boissons. En outre, vous pouvez \u00e9galement utiliser le distributeur de boissons dans votre \u00e9tablissement de restauration pour le libre-service. Par exemple, au buffet de petit-d\u00e9jeuner dans les h\u00f4tels ou \u00e0 l&#8217;\u00eelot de boissons dans les fast-foods ou les caf\u00e9t\u00e9rias. Outre le jus d&#8217;orange et le jus de pomme, le distributeur de boissons convient \u00e9galement pour servir de l&#8217;eau, des boissons rafra\u00eechissantes et de la limonade fra\u00eeche. Ce distributeur peut contenir 1 x 8 litres et vous pouvez l&#8217;utiliser en combinaison avec des verres d&#8217;une hauteur maximale de 15 cm. 15 cm de hauteur.<\/p>\n<h3>Fonctionne sans \u00e9lectricit\u00e9<\/h3>\n<p>L&#8217;avantage de ce distributeur de boissons est que vous pouvez l&#8217;utiliser sans \u00e9lectricit\u00e9. Le liquide est maintenu au frais dans le r\u00e9servoir 100% sans BPA, gr\u00e2ce \u00e0 un tube en acier inoxydable rempli de glace. Le corps du distributeur est en acier inoxydable et il dispose d&#8217;un r\u00e9cipient transparent. Gr\u00e2ce \u00e0 sa base solide et \u00e0 son design moderne, le distributeur reste en place pendant l&#8217;utilisation et est \u00e9galement tr\u00e8s esth\u00e9tique. Pour soulever le distributeur, utilisez les leviers pratiques <\/p>\n<h3>Facile \u00e0 nettoyer<\/h3>\n<p>Le bac de r\u00e9cup\u00e9ration fourni en standard avec ce distributeur de boissons professionnel et robuste est facile \u00e0 retirer et \u00e0 nettoyer. Il en va de m\u00eame pour le reste du distributeur. Il suffit de retirer les pi\u00e8ces et de les nettoyer \u00e0 l&#8217;eau chaude avec un peu de d\u00e9tergent doux. Les pi\u00e8ces ne peuvent pas \u00eatre nettoy\u00e9es au lave-vaisselle. Apr\u00e8s le nettoyage, prenez un chiffon doux et essuyez toutes les pi\u00e8ces. Ensuite, vous pouvez r\u00e9assembler le distributeur et il est pr\u00eat pour la prochaine tourn\u00e9e.<\/p>\n<ul>\n<li>1 x distributeur de boissons \/ jus de 8L<\/li>\n<li>Bo\u00eetier en acier inoxydable avec r\u00e9cipient transparent<\/li>\n<li>100% sans BPA<\/li>\n<li>Design moderne avec un pied robuste<\/li>\n<li>Poign\u00e9es pratiques pour soulever le distributeur<\/li>\n<li>Plateau d&#8217;\u00e9gouttage facile \u00e0 nettoyer<\/li>\n<li>\u00c9quip\u00e9 d&#8217;un tube de refroidissement en acier inoxydable<\/li>\n<li>Facile \u00e0 d\u00e9monter<\/li>\n<li>Convient aux verres jusqu&#8217;\u00e0 15 cm<\/li>\n<li>Poids net : 2,8 kg<\/li>\n<li>Dimensions : H560 x L260 x P360 mm<\/li>\n<\/ul>\n<h2>Service<\/h2>\n<p>Parce qu&#8217;un excellent service client et une bonne exp\u00e9rience avec nos produits ne sont pas une option mais une exigence, nous pensons qu&#8217;il est important que vous puissiez \u00e9galement nous contacter apr\u00e8s l&#8217;achat. Pour ce faire, nous disposons d&#8217;un service technique interne qui se fera un plaisir de vous aider pour toute question ou tout d\u00e9faut \u00e9ventuel. N&#8217;h\u00e9sitez pas \u00e0 contacter l&#8217;un de nos collaborateurs. <br \/>Vous vous demandez comment et o\u00f9 vous pouvez nous trouver ? Veuillez consulter notre <a href=\"\/en\/{{store url=''}}service\/\" target=\"_blank\" rel=\"noopener\">page de service \u00e0 la client\u00e8le<\/a>.<\/p>\n<ul>\n<li>Poids net : 2,8kg\n<\/li>\n<li>Dimensions : L26 x P36 x H56cm<br \/>","protected":false},"excerpt":{"rendered":"<p>Ce distributeur de boissons a une capacit\u00e9 de 1 x 8L et vous permet de servir de grandes quantit\u00e9s de boissons aux clients des h\u00f4tels et des restaurants. Il est refroidi par la glace gr\u00e2ce \u00e0 un tube en acier inoxydable qui peut \u00eatre rempli de glace pour garder les boissons au frais<\/p>","protected":false},"featured_media":6679,"template":"","meta":{"_acf_changed":false},"product_brand":[],"product_cat":[472],"product_tag":[],"class_list":{"0":"post-13965","1":"product","2":"type-product","3":"status-publish","4":"has-post-thumbnail","6":"product_cat-armoires-a-boissons-2","8":"first","9":"instock","10":"sale","11":"taxable","12":"shipping-taxable","13":"purchasable","14":"product-type-simple"},"acf":[],"yoast_head":"<!-- This site is optimized with the Yoast SEO plugin v27.6 - https:\/\/yoast.com\/product\/yoast-seo-wordpress\/ -->\n<title>Dispensateur de boissons - 1 x 8 L - tube de refroidissement central - fonctionne sans \u00e9lectricit\u00e9 - Gastora<\/title>\n<meta name=\"description\" content=\"Achetez Dispensateur de boissons - 1 x 8 L - tube de refroidissement central - fonctionne sans \u00e9lectricit\u00e9 au meilleur prix, fiable et performant avec une livraison rapide\" \/>\n<meta name=\"robots\" content=\"index, follow, max-snippet:-1, max-image-preview:large, max-video-preview:-1\" \/>\n<link rel=\"canonical\" href=\"https:\/\/gastora.eu\/en\/product\/dispensateur-de-boissons-1-x-8-l-tube-de-refroidissement-central-fonctionne-sans-lectricit\/\" \/>\n<meta property=\"og:locale\" content=\"en_US\" \/>\n<meta property=\"og:type\" content=\"article\" \/>\n<meta property=\"og:title\" content=\"Dispensateur de boissons - 1 x 8 L - tube de refroidissement central - fonctionne sans \u00e9lectricit\u00e9 - Gastora\" \/>\n<meta property=\"og:description\" content=\"Achetez Dispensateur de boissons - 1 x 8 L - tube de refroidissement central - fonctionne sans \u00e9lectricit\u00e9 au meilleur prix, fiable et performant avec une livraison rapide\" \/>\n<meta property=\"og:url\" content=\"https:\/\/gastora.eu\/en\/product\/dispensateur-de-boissons-1-x-8-l-tube-de-refroidissement-central-fonctionne-sans-lectricit\/\" \/>\n<meta property=\"og:site_name\" content=\"Gastora\" \/>\n<meta property=\"article:modified_time\" content=\"2026-04-28T16:55:37+00:00\" \/>\n<meta name=\"twitter:card\" content=\"summary_large_image\" \/>\n<meta name=\"twitter:label1\" content=\"Est. reading time\" \/>\n\t<meta name=\"twitter:data1\" content=\"2 minutes\" \/>\n<script type=\"application\/ld+json\" class=\"yoast-schema-graph\">{\"@context\":\"https:\\\/\\\/schema.org\",\"@graph\":[{\"@type\":\"WebPage\",\"@id\":\"https:\\\/\\\/gastora.eu\\\/product\\\/dispensateur-de-boissons-1-x-8-l-tube-de-refroidissement-central-fonctionne-sans-lectricit\\\/\",\"url\":\"https:\\\/\\\/gastora.eu\\\/product\\\/dispensateur-de-boissons-1-x-8-l-tube-de-refroidissement-central-fonctionne-sans-lectricit\\\/\",\"name\":\"Dispensateur de boissons - 1 x 8 L - tube de refroidissement central - fonctionne sans \u00e9lectricit\u00e9 - Gastora\",\"isPartOf\":{\"@id\":\"https:\\\/\\\/gastora.eu\\\/#website\"},\"primaryImageOfPage\":{\"@id\":\"https:\\\/\\\/gastora.eu\\\/product\\\/dispensateur-de-boissons-1-x-8-l-tube-de-refroidissement-central-fonctionne-sans-lectricit\\\/#primaryimage\"},\"image\":{\"@id\":\"https:\\\/\\\/gastora.eu\\\/product\\\/dispensateur-de-boissons-1-x-8-l-tube-de-refroidissement-central-fonctionne-sans-lectricit\\\/#primaryimage\"},\"thumbnailUrl\":\"https:\\\/\\\/gastora.eu\\\/wp-content\\\/uploads\\\/2026\\\/04\\\/maxima-beverage-dispenser-juice-dispenser-1-x-8l.jpg\",\"datePublished\":\"2026-04-25T17:40:34+00:00\",\"dateModified\":\"2026-04-28T16:55:37+00:00\",\"description\":\"Achetez Dispensateur de boissons - 1 x 8 L - tube de refroidissement central - fonctionne sans \u00e9lectricit\u00e9 au meilleur prix, fiable et performant avec une livraison rapide\",\"breadcrumb\":{\"@id\":\"https:\\\/\\\/gastora.eu\\\/product\\\/dispensateur-de-boissons-1-x-8-l-tube-de-refroidissement-central-fonctionne-sans-lectricit\\\/#breadcrumb\"},\"inLanguage\":\"en-US\",\"potentialAction\":[{\"@type\":\"ReadAction\",\"target\":[\"https:\\\/\\\/gastora.eu\\\/product\\\/dispensateur-de-boissons-1-x-8-l-tube-de-refroidissement-central-fonctionne-sans-lectricit\\\/\"]}]},{\"@type\":\"ImageObject\",\"inLanguage\":\"en-US\",\"@id\":\"https:\\\/\\\/gastora.eu\\\/product\\\/dispensateur-de-boissons-1-x-8-l-tube-de-refroidissement-central-fonctionne-sans-lectricit\\\/#primaryimage\",\"url\":\"https:\\\/\\\/gastora.eu\\\/wp-content\\\/uploads\\\/2026\\\/04\\\/maxima-beverage-dispenser-juice-dispenser-1-x-8l.jpg\",\"contentUrl\":\"https:\\\/\\\/gastora.eu\\\/wp-content\\\/uploads\\\/2026\\\/04\\\/maxima-beverage-dispenser-juice-dispenser-1-x-8l.jpg\",\"width\":1024,\"height\":1024},{\"@type\":\"BreadcrumbList\",\"@id\":\"https:\\\/\\\/gastora.eu\\\/product\\\/dispensateur-de-boissons-1-x-8-l-tube-de-refroidissement-central-fonctionne-sans-lectricit\\\/#breadcrumb\",\"itemListElement\":[{\"@type\":\"ListItem\",\"position\":1,\"name\":\"Home\",\"item\":\"https:\\\/\\\/gastora.eu\\\/\"},{\"@type\":\"ListItem\",\"position\":2,\"name\":\"Shop\",\"item\":\"https:\\\/\\\/gastora.eu\\\/shop\\\/\"},{\"@type\":\"ListItem\",\"position\":3,\"name\":\"Dispensateur de boissons &#8211; 1 x 8 L &#8211; tube de refroidissement central &#8211; fonctionne sans \u00e9lectricit\u00e9\"}]},{\"@type\":\"WebSite\",\"@id\":\"https:\\\/\\\/gastora.eu\\\/#website\",\"url\":\"https:\\\/\\\/gastora.eu\\\/\",\"name\":\"Gastora\",\"description\":\"\u00c9quipements professionnels CHR\",\"publisher\":{\"@id\":\"https:\\\/\\\/gastora.eu\\\/#organization\"},\"potentialAction\":[{\"@type\":\"SearchAction\",\"target\":{\"@type\":\"EntryPoint\",\"urlTemplate\":\"https:\\\/\\\/gastora.eu\\\/?s={search_term_string}\"},\"query-input\":{\"@type\":\"PropertyValueSpecification\",\"valueRequired\":true,\"valueName\":\"search_term_string\"}}],\"inLanguage\":\"en-US\"},{\"@type\":\"Organization\",\"@id\":\"https:\\\/\\\/gastora.eu\\\/#organization\",\"name\":\"Gastora\",\"url\":\"https:\\\/\\\/gastora.eu\\\/\",\"logo\":{\"@type\":\"ImageObject\",\"inLanguage\":\"en-US\",\"@id\":\"https:\\\/\\\/gastora.eu\\\/#\\\/schema\\\/logo\\\/image\\\/\",\"url\":\"https:\\\/\\\/gastora.eu\\\/wp-content\\\/uploads\\\/2025\\\/12\\\/ChatGPT-Image-2-janv.-2026-22_52_47-1.png\",\"contentUrl\":\"https:\\\/\\\/gastora.eu\\\/wp-content\\\/uploads\\\/2025\\\/12\\\/ChatGPT-Image-2-janv.-2026-22_52_47-1.png\",\"width\":1536,\"height\":320,\"caption\":\"Gastora\"},\"image\":{\"@id\":\"https:\\\/\\\/gastora.eu\\\/#\\\/schema\\\/logo\\\/image\\\/\"}}]}<\/script>\n<!-- \/ Yoast SEO plugin. -->","yoast_head_json":{"title":"Dispensateur de boissons - 1 x 8 L - tube de refroidissement central - fonctionne sans \u00e9lectricit\u00e9 - Gastora","description":"Achetez Dispensateur de boissons - 1 x 8 L - tube de refroidissement central - fonctionne sans \u00e9lectricit\u00e9 au meilleur prix, fiable et performant avec une livraison rapide","robots":{"index":"index","follow":"follow","max-snippet":"max-snippet:-1","max-image-preview":"max-image-preview:large","max-video-preview":"max-video-preview:-1"},"canonical":"https:\/\/gastora.eu\/en\/product\/dispensateur-de-boissons-1-x-8-l-tube-de-refroidissement-central-fonctionne-sans-lectricit\/","og_locale":"en_US","og_type":"article","og_title":"Dispensateur de boissons - 1 x 8 L - tube de refroidissement central - fonctionne sans \u00e9lectricit\u00e9 - Gastora","og_description":"Achetez Dispensateur de boissons - 1 x 8 L - tube de refroidissement central - fonctionne sans \u00e9lectricit\u00e9 au meilleur prix, fiable et performant avec une livraison rapide","og_url":"https:\/\/gastora.eu\/en\/product\/dispensateur-de-boissons-1-x-8-l-tube-de-refroidissement-central-fonctionne-sans-lectricit\/","og_site_name":"Gastora","article_modified_time":"2026-04-28T16:55:37+00:00","twitter_card":"summary_large_image","twitter_misc":{"Est. reading time":"2 minutes"},"schema":{"@context":"https:\/\/schema.org","@graph":[{"@type":"WebPage","@id":"https:\/\/gastora.eu\/product\/dispensateur-de-boissons-1-x-8-l-tube-de-refroidissement-central-fonctionne-sans-lectricit\/","url":"https:\/\/gastora.eu\/product\/dispensateur-de-boissons-1-x-8-l-tube-de-refroidissement-central-fonctionne-sans-lectricit\/","name":"Dispensateur de boissons - 1 x 8 L - tube de refroidissement central - fonctionne sans \u00e9lectricit\u00e9 - Gastora","isPartOf":{"@id":"https:\/\/gastora.eu\/#website"},"primaryImageOfPage":{"@id":"https:\/\/gastora.eu\/product\/dispensateur-de-boissons-1-x-8-l-tube-de-refroidissement-central-fonctionne-sans-lectricit\/#primaryimage"},"image":{"@id":"https:\/\/gastora.eu\/product\/dispensateur-de-boissons-1-x-8-l-tube-de-refroidissement-central-fonctionne-sans-lectricit\/#primaryimage"},"thumbnailUrl":"https:\/\/gastora.eu\/wp-content\/uploads\/2026\/04\/maxima-beverage-dispenser-juice-dispenser-1-x-8l.jpg","datePublished":"2026-04-25T17:40:34+00:00","dateModified":"2026-04-28T16:55:37+00:00","description":"Achetez Dispensateur de boissons - 1 x 8 L - tube de refroidissement central - fonctionne sans \u00e9lectricit\u00e9 au meilleur prix, fiable et performant avec une livraison rapide","breadcrumb":{"@id":"https:\/\/gastora.eu\/product\/dispensateur-de-boissons-1-x-8-l-tube-de-refroidissement-central-fonctionne-sans-lectricit\/#breadcrumb"},"inLanguage":"en-US","potentialAction":[{"@type":"ReadAction","target":["https:\/\/gastora.eu\/product\/dispensateur-de-boissons-1-x-8-l-tube-de-refroidissement-central-fonctionne-sans-lectricit\/"]}]},{"@type":"ImageObject","inLanguage":"en-US","@id":"https:\/\/gastora.eu\/product\/dispensateur-de-boissons-1-x-8-l-tube-de-refroidissement-central-fonctionne-sans-lectricit\/#primaryimage","url":"https:\/\/gastora.eu\/wp-content\/uploads\/2026\/04\/maxima-beverage-dispenser-juice-dispenser-1-x-8l.jpg","contentUrl":"https:\/\/gastora.eu\/wp-content\/uploads\/2026\/04\/maxima-beverage-dispenser-juice-dispenser-1-x-8l.jpg","width":1024,"height":1024},{"@type":"BreadcrumbList","@id":"https:\/\/gastora.eu\/product\/dispensateur-de-boissons-1-x-8-l-tube-de-refroidissement-central-fonctionne-sans-lectricit\/#breadcrumb","itemListElement":[{"@type":"ListItem","position":1,"name":"Home","item":"https:\/\/gastora.eu\/"},{"@type":"ListItem","position":2,"name":"Shop","item":"https:\/\/gastora.eu\/shop\/"},{"@type":"ListItem","position":3,"name":"Dispensateur de boissons &#8211; 1 x 8 L &#8211; tube de refroidissement central &#8211; fonctionne sans \u00e9lectricit\u00e9"}]},{"@type":"WebSite","@id":"https:\/\/gastora.eu\/#website","url":"https:\/\/gastora.eu\/","name":"Gastora","description":"\u00c9quipements professionnels CHR","publisher":{"@id":"https:\/\/gastora.eu\/#organization"},"potentialAction":[{"@type":"SearchAction","target":{"@type":"EntryPoint","urlTemplate":"https:\/\/gastora.eu\/?s={search_term_string}"},"query-input":{"@type":"PropertyValueSpecification","valueRequired":true,"valueName":"search_term_string"}}],"inLanguage":"en-US"},{"@type":"Organization","@id":"https:\/\/gastora.eu\/#organization","name":"Gastora","url":"https:\/\/gastora.eu\/","logo":{"@type":"ImageObject","inLanguage":"en-US","@id":"https:\/\/gastora.eu\/#\/schema\/logo\/image\/","url":"https:\/\/gastora.eu\/wp-content\/uploads\/2025\/12\/ChatGPT-Image-2-janv.-2026-22_52_47-1.png","contentUrl":"https:\/\/gastora.eu\/wp-content\/uploads\/2025\/12\/ChatGPT-Image-2-janv.-2026-22_52_47-1.png","width":1536,"height":320,"caption":"Gastora"},"image":{"@id":"https:\/\/gastora.eu\/#\/schema\/logo\/image\/"}}]}},"jetpack_sharing_enabled":true,"_links":{"self":[{"href":"https:\/\/gastora.eu\/en\/wp-json\/wp\/v2\/product\/13965","targetHints":{"allow":["GET"]}}],"collection":[{"href":"https:\/\/gastora.eu\/en\/wp-json\/wp\/v2\/product"}],"about":[{"href":"https:\/\/gastora.eu\/en\/wp-json\/wp\/v2\/types\/product"}],"wp:featuredmedia":[{"embeddable":true,"href":"https:\/\/gastora.eu\/en\/wp-json\/wp\/v2\/media\/6679"}],"wp:attachment":[{"href":"https:\/\/gastora.eu\/en\/wp-json\/wp\/v2\/media?parent=13965"}],"wp:term":[{"taxonomy":"product_brand","embeddable":true,"href":"https:\/\/gastora.eu\/en\/wp-json\/wp\/v2\/product_brand?post=13965"},{"taxonomy":"product_cat","embeddable":true,"href":"https:\/\/gastora.eu\/en\/wp-json\/wp\/v2\/product_cat?post=13965"},{"taxonomy":"product_tag","embeddable":true,"href":"https:\/\/gastora.eu\/en\/wp-json\/wp\/v2\/product_tag?post=13965"}],"curies":[{"name":"wp","href":"https:\/\/api.w.org\/{rel}","templated":true}]}}