{"id":13957,"date":"2026-04-25T17:40:24","date_gmt":"2026-04-25T17:40:24","guid":{"rendered":"https:\/\/gastora.eu\/?post_type=product&#038;p=13957"},"modified":"2026-04-26T08:31:19","modified_gmt":"2026-04-26T08:31:19","slug":"rfrigrateur-de-prparation-de-comptoir-95-cm-sadapte-3-x-13-gn","status":"publish","type":"product","link":"https:\/\/gastora.eu\/en\/product\/rfrigrateur-de-prparation-de-comptoir-95-cm-sadapte-3-x-13-gn\/","title":{"rendered":"R\u00e9frig\u00e9rateur de pr\u00e9paration de comptoir &#8211; 95 cm &#8211; s&#8217;adapte \u00e0 3 x 1\/3 GN"},"content":{"rendered":"<p>Le r\u00e9frig\u00e9rateur de pr\u00e9paration de comptoir est id\u00e9al pour une utilisation intensive dans toute cuisine professionnelle. Trois r\u00e9cipients GN 1\/3 peuvent y \u00eatre plac\u00e9s pour aider \u00e0 conserver les ingr\u00e9dients \u00e0 la bonne temp\u00e9rature, pr\u00eats \u00e0 \u00eatre utilis\u00e9s au pied lev\u00e9. Le r\u00e9frig\u00e9rateur de comptoir est \u00e9galement bien adapt\u00e9 \u00e0 des t\u00e2ches telles que le remplissage rapide de sandwichs et la pr\u00e9paration de pizzas et de salades. Les r\u00e9cipients GN et les couvercles ne sont pas inclus, mais peuvent \u00eatre command\u00e9s s\u00e9par\u00e9ment sur notre boutique en ligne.<\/p>\n<h3>R\u00e9gulateur de temp\u00e9rature facile \u00e0 utiliser<\/h3>\n<p>Dans la cuisine de restauration, les dispositifs de refroidissement sont essentiels pour conserver les aliments frais le plus longtemps possible. Gr\u00e2ce au r\u00e9gulateur de temp\u00e9rature num\u00e9rique, vous pouvez facilement r\u00e9gler une temp\u00e9rature souhait\u00e9e entre 0\u00b0 et 10\u00b0C afin que les ingr\u00e9dients soient refroidis correctement. Le r\u00e9frig\u00e9rateur de pr\u00e9paration de comptoir peut \u00eatre utilis\u00e9 en toute s\u00e9curit\u00e9 \u00e0 des temp\u00e9ratures ambiantes allant jusqu&#8217;\u00e0 32\u00b0C. En outre, il b\u00e9n\u00e9ficie d&#8217;un refroidissement statique. Les tuyaux dans les parois de l&#8217;unit\u00e9 de refroidissement utilisent le r\u00e9frig\u00e9rant R600a et sont exempts de CFC. Pour \u00e9viter la formation de glace, le r\u00e9frig\u00e9rateur de pr\u00e9paration de comptoir est \u00e9quip\u00e9 d&#8217;un cycle de refroidissement unique et d&#8217;un \u00e9vaporateur constant int\u00e9gr\u00e9.<\/p>\n<h3>Peut \u00eatre plac\u00e9 sur n&#8217;importe quelle surface<\/h3>\n<p>Le bo\u00eetier en acier inoxydable de la vitrine r\u00e9frig\u00e9r\u00e9e est facile \u00e0 nettoyer avec un chiffon doux et humide et un produit de nettoyage doux. L&#8217;\u00e9cran en verre peut \u00eatre nettoy\u00e9 avec de l&#8217;eau et du savon. Gr\u00e2ce aux pieds r\u00e9glables situ\u00e9s en dessous, il peut \u00e9galement \u00eatre plac\u00e9 sur des surfaces in\u00e9gales et reste toujours stable.<\/p>\n<ul>\n<li>Vitrine r\u00e9frig\u00e9r\u00e9e de luxe avec verre rectangulaire<\/li>\n<li>Bo\u00eetier et supports en acier inoxydable<\/li>\n<li>Capacit\u00e9 3 x 1\/3 GN<\/li>\n<li>Bacs et couvercles exclusifs de s\u00e9rie<\/li>\n<li>Fourni avec 2 barres transversales<\/li>\n<li>Equip\u00e9 de pieds r\u00e9glables<\/li>\n<li>Contr\u00f4le num\u00e9rique de la temp\u00e9rature (DIXELL)<\/li>\n<li>Refroidissement statique<\/li>\n<li>Evaporateur en mousse<\/li>\n<li>R\u00e9frig\u00e9rant R600a \/ sans CFC<\/li>\n<li>Temp\u00e9rature de 0 \u00b0 \u00e0 + 10 \u00b0 Celsius<\/li>\n<li>Temp\u00e9rature ambiante maximale 32<\/li>\n<li>Isolation protectrice compacte de 50 mm<\/li>\n<li>Cycle de refroidissement unique pour r\u00e9duire la formation de glace<\/li>\n<li>Syst\u00e8me anti-condensation<\/li>\n<li>Poids net : 35kg<\/li>\n<li>Dimensions : L95,5 x P39,5 x H43,5cm<\/li>\n<li>Puissance : 230V \/ 50Hz \/ 1Phase 200W<\/li>\n<\/ul>","protected":false},"excerpt":{"rendered":"<p>Ce r\u00e9frig\u00e9rateur de comptoir en surface avec couvercle en verre a une largeur de 95 cm et peut accueillir trois r\u00e9cipients Gastronorm 1\/3. Les ingr\u00e9dients restent frais et refroidis gr\u00e2ce au r\u00e9gulateur de temp\u00e9rature num\u00e9rique.<\/p>","protected":false},"featured_media":6663,"template":"","meta":{"_acf_changed":false},"product_brand":[],"product_cat":[475],"product_tag":[],"class_list":{"0":"post-13957","1":"product","2":"type-product","3":"status-publish","4":"has-post-thumbnail","6":"product_cat-vitrines-refrigerees-2","8":"first","9":"instock","10":"sale","11":"taxable","12":"shipping-taxable","13":"purchasable","14":"product-type-simple"},"acf":[],"yoast_head":"<!-- This site is optimized with the Yoast SEO plugin v27.4 - https:\/\/yoast.com\/product\/yoast-seo-wordpress\/ -->\n<title>R\u00e9frig\u00e9rateur de pr\u00e9paration de comptoir - 95 cm - s&#039;adapte \u00e0 3 x 1\/3 GN - Gastora<\/title>\n<meta name=\"description\" content=\"Achetez R\u00e9frig\u00e9rateur de pr\u00e9paration de comptoir - 95 cm - s&#039;adapte \u00e0 3 x 1\/3 GN au meilleur prix, fiable et performant avec une livraison rapide\" \/>\n<meta name=\"robots\" content=\"index, follow, max-snippet:-1, max-image-preview:large, max-video-preview:-1\" \/>\n<link rel=\"canonical\" href=\"https:\/\/gastora.eu\/en\/product\/rfrigrateur-de-prparation-de-comptoir-95-cm-sadapte-3-x-13-gn\/\" \/>\n<meta property=\"og:locale\" content=\"en_US\" \/>\n<meta property=\"og:type\" content=\"article\" \/>\n<meta property=\"og:title\" content=\"R\u00e9frig\u00e9rateur de pr\u00e9paration de comptoir - 95 cm - s&#039;adapte \u00e0 3 x 1\/3 GN - Gastora\" \/>\n<meta property=\"og:description\" content=\"Achetez R\u00e9frig\u00e9rateur de pr\u00e9paration de comptoir - 95 cm - s&#039;adapte \u00e0 3 x 1\/3 GN au meilleur prix, fiable et performant avec une livraison rapide\" \/>\n<meta property=\"og:url\" content=\"https:\/\/gastora.eu\/en\/product\/rfrigrateur-de-prparation-de-comptoir-95-cm-sadapte-3-x-13-gn\/\" \/>\n<meta property=\"og:site_name\" content=\"Gastora\" \/>\n<meta property=\"article:modified_time\" content=\"2026-04-26T08:31:19+00:00\" \/>\n<meta name=\"twitter:card\" content=\"summary_large_image\" \/>\n<meta name=\"twitter:label1\" content=\"Est. reading time\" \/>\n\t<meta name=\"twitter:data1\" content=\"2 minutes\" \/>\n<script type=\"application\/ld+json\" class=\"yoast-schema-graph\">{\"@context\":\"https:\\\/\\\/schema.org\",\"@graph\":[{\"@type\":\"WebPage\",\"@id\":\"https:\\\/\\\/gastora.eu\\\/product\\\/rfrigrateur-de-prparation-de-comptoir-95-cm-sadapte-3-x-13-gn\\\/\",\"url\":\"https:\\\/\\\/gastora.eu\\\/product\\\/rfrigrateur-de-prparation-de-comptoir-95-cm-sadapte-3-x-13-gn\\\/\",\"name\":\"R\u00e9frig\u00e9rateur de pr\u00e9paration de comptoir - 95 cm - s'adapte \u00e0 3 x 1\\\/3 GN - Gastora\",\"isPartOf\":{\"@id\":\"https:\\\/\\\/gastora.eu\\\/#website\"},\"primaryImageOfPage\":{\"@id\":\"https:\\\/\\\/gastora.eu\\\/product\\\/rfrigrateur-de-prparation-de-comptoir-95-cm-sadapte-3-x-13-gn\\\/#primaryimage\"},\"image\":{\"@id\":\"https:\\\/\\\/gastora.eu\\\/product\\\/rfrigrateur-de-prparation-de-comptoir-95-cm-sadapte-3-x-13-gn\\\/#primaryimage\"},\"thumbnailUrl\":\"https:\\\/\\\/gastora.eu\\\/wp-content\\\/uploads\\\/2026\\\/04\\\/sp-005-61656e7882ead.jpg\",\"datePublished\":\"2026-04-25T17:40:24+00:00\",\"dateModified\":\"2026-04-26T08:31:19+00:00\",\"description\":\"Achetez R\u00e9frig\u00e9rateur de pr\u00e9paration de comptoir - 95 cm - s'adapte \u00e0 3 x 1\\\/3 GN au meilleur prix, fiable et performant avec une livraison rapide\",\"breadcrumb\":{\"@id\":\"https:\\\/\\\/gastora.eu\\\/product\\\/rfrigrateur-de-prparation-de-comptoir-95-cm-sadapte-3-x-13-gn\\\/#breadcrumb\"},\"inLanguage\":\"en-US\",\"potentialAction\":[{\"@type\":\"ReadAction\",\"target\":[\"https:\\\/\\\/gastora.eu\\\/product\\\/rfrigrateur-de-prparation-de-comptoir-95-cm-sadapte-3-x-13-gn\\\/\"]}]},{\"@type\":\"ImageObject\",\"inLanguage\":\"en-US\",\"@id\":\"https:\\\/\\\/gastora.eu\\\/product\\\/rfrigrateur-de-prparation-de-comptoir-95-cm-sadapte-3-x-13-gn\\\/#primaryimage\",\"url\":\"https:\\\/\\\/gastora.eu\\\/wp-content\\\/uploads\\\/2026\\\/04\\\/sp-005-61656e7882ead.jpg\",\"contentUrl\":\"https:\\\/\\\/gastora.eu\\\/wp-content\\\/uploads\\\/2026\\\/04\\\/sp-005-61656e7882ead.jpg\",\"width\":1024,\"height\":1024},{\"@type\":\"BreadcrumbList\",\"@id\":\"https:\\\/\\\/gastora.eu\\\/product\\\/rfrigrateur-de-prparation-de-comptoir-95-cm-sadapte-3-x-13-gn\\\/#breadcrumb\",\"itemListElement\":[{\"@type\":\"ListItem\",\"position\":1,\"name\":\"Home\",\"item\":\"https:\\\/\\\/gastora.eu\\\/\"},{\"@type\":\"ListItem\",\"position\":2,\"name\":\"Shop\",\"item\":\"https:\\\/\\\/gastora.eu\\\/shop\\\/\"},{\"@type\":\"ListItem\",\"position\":3,\"name\":\"R\u00e9frig\u00e9rateur de pr\u00e9paration de comptoir &#8211; 95 cm &#8211; s&#8217;adapte \u00e0 3 x 1\\\/3 GN\"}]},{\"@type\":\"WebSite\",\"@id\":\"https:\\\/\\\/gastora.eu\\\/#website\",\"url\":\"https:\\\/\\\/gastora.eu\\\/\",\"name\":\"Gastora\",\"description\":\"\u00c9quipements professionnels CHR\",\"publisher\":{\"@id\":\"https:\\\/\\\/gastora.eu\\\/#organization\"},\"potentialAction\":[{\"@type\":\"SearchAction\",\"target\":{\"@type\":\"EntryPoint\",\"urlTemplate\":\"https:\\\/\\\/gastora.eu\\\/?s={search_term_string}\"},\"query-input\":{\"@type\":\"PropertyValueSpecification\",\"valueRequired\":true,\"valueName\":\"search_term_string\"}}],\"inLanguage\":\"en-US\"},{\"@type\":\"Organization\",\"@id\":\"https:\\\/\\\/gastora.eu\\\/#organization\",\"name\":\"Gastora\",\"url\":\"https:\\\/\\\/gastora.eu\\\/\",\"logo\":{\"@type\":\"ImageObject\",\"inLanguage\":\"en-US\",\"@id\":\"https:\\\/\\\/gastora.eu\\\/#\\\/schema\\\/logo\\\/image\\\/\",\"url\":\"https:\\\/\\\/gastora.eu\\\/wp-content\\\/uploads\\\/2025\\\/12\\\/ChatGPT-Image-2-janv.-2026-22_52_47-1.png\",\"contentUrl\":\"https:\\\/\\\/gastora.eu\\\/wp-content\\\/uploads\\\/2025\\\/12\\\/ChatGPT-Image-2-janv.-2026-22_52_47-1.png\",\"width\":1536,\"height\":320,\"caption\":\"Gastora\"},\"image\":{\"@id\":\"https:\\\/\\\/gastora.eu\\\/#\\\/schema\\\/logo\\\/image\\\/\"}}]}<\/script>\n<!-- \/ Yoast SEO plugin. -->","yoast_head_json":{"title":"R\u00e9frig\u00e9rateur de pr\u00e9paration de comptoir - 95 cm - s'adapte \u00e0 3 x 1\/3 GN - Gastora","description":"Achetez R\u00e9frig\u00e9rateur de pr\u00e9paration de comptoir - 95 cm - s'adapte \u00e0 3 x 1\/3 GN au meilleur prix, fiable et performant avec une livraison rapide","robots":{"index":"index","follow":"follow","max-snippet":"max-snippet:-1","max-image-preview":"max-image-preview:large","max-video-preview":"max-video-preview:-1"},"canonical":"https:\/\/gastora.eu\/en\/product\/rfrigrateur-de-prparation-de-comptoir-95-cm-sadapte-3-x-13-gn\/","og_locale":"en_US","og_type":"article","og_title":"R\u00e9frig\u00e9rateur de pr\u00e9paration de comptoir - 95 cm - s'adapte \u00e0 3 x 1\/3 GN - Gastora","og_description":"Achetez R\u00e9frig\u00e9rateur de pr\u00e9paration de comptoir - 95 cm - s'adapte \u00e0 3 x 1\/3 GN au meilleur prix, fiable et performant avec une livraison rapide","og_url":"https:\/\/gastora.eu\/en\/product\/rfrigrateur-de-prparation-de-comptoir-95-cm-sadapte-3-x-13-gn\/","og_site_name":"Gastora","article_modified_time":"2026-04-26T08:31:19+00:00","twitter_card":"summary_large_image","twitter_misc":{"Est. reading time":"2 minutes"},"schema":{"@context":"https:\/\/schema.org","@graph":[{"@type":"WebPage","@id":"https:\/\/gastora.eu\/product\/rfrigrateur-de-prparation-de-comptoir-95-cm-sadapte-3-x-13-gn\/","url":"https:\/\/gastora.eu\/product\/rfrigrateur-de-prparation-de-comptoir-95-cm-sadapte-3-x-13-gn\/","name":"R\u00e9frig\u00e9rateur de pr\u00e9paration de comptoir - 95 cm - s'adapte \u00e0 3 x 1\/3 GN - Gastora","isPartOf":{"@id":"https:\/\/gastora.eu\/#website"},"primaryImageOfPage":{"@id":"https:\/\/gastora.eu\/product\/rfrigrateur-de-prparation-de-comptoir-95-cm-sadapte-3-x-13-gn\/#primaryimage"},"image":{"@id":"https:\/\/gastora.eu\/product\/rfrigrateur-de-prparation-de-comptoir-95-cm-sadapte-3-x-13-gn\/#primaryimage"},"thumbnailUrl":"https:\/\/gastora.eu\/wp-content\/uploads\/2026\/04\/sp-005-61656e7882ead.jpg","datePublished":"2026-04-25T17:40:24+00:00","dateModified":"2026-04-26T08:31:19+00:00","description":"Achetez R\u00e9frig\u00e9rateur de pr\u00e9paration de comptoir - 95 cm - s'adapte \u00e0 3 x 1\/3 GN au meilleur prix, fiable et performant avec une livraison rapide","breadcrumb":{"@id":"https:\/\/gastora.eu\/product\/rfrigrateur-de-prparation-de-comptoir-95-cm-sadapte-3-x-13-gn\/#breadcrumb"},"inLanguage":"en-US","potentialAction":[{"@type":"ReadAction","target":["https:\/\/gastora.eu\/product\/rfrigrateur-de-prparation-de-comptoir-95-cm-sadapte-3-x-13-gn\/"]}]},{"@type":"ImageObject","inLanguage":"en-US","@id":"https:\/\/gastora.eu\/product\/rfrigrateur-de-prparation-de-comptoir-95-cm-sadapte-3-x-13-gn\/#primaryimage","url":"https:\/\/gastora.eu\/wp-content\/uploads\/2026\/04\/sp-005-61656e7882ead.jpg","contentUrl":"https:\/\/gastora.eu\/wp-content\/uploads\/2026\/04\/sp-005-61656e7882ead.jpg","width":1024,"height":1024},{"@type":"BreadcrumbList","@id":"https:\/\/gastora.eu\/product\/rfrigrateur-de-prparation-de-comptoir-95-cm-sadapte-3-x-13-gn\/#breadcrumb","itemListElement":[{"@type":"ListItem","position":1,"name":"Home","item":"https:\/\/gastora.eu\/"},{"@type":"ListItem","position":2,"name":"Shop","item":"https:\/\/gastora.eu\/shop\/"},{"@type":"ListItem","position":3,"name":"R\u00e9frig\u00e9rateur de pr\u00e9paration de comptoir &#8211; 95 cm &#8211; s&#8217;adapte \u00e0 3 x 1\/3 GN"}]},{"@type":"WebSite","@id":"https:\/\/gastora.eu\/#website","url":"https:\/\/gastora.eu\/","name":"Gastora","description":"\u00c9quipements professionnels CHR","publisher":{"@id":"https:\/\/gastora.eu\/#organization"},"potentialAction":[{"@type":"SearchAction","target":{"@type":"EntryPoint","urlTemplate":"https:\/\/gastora.eu\/?s={search_term_string}"},"query-input":{"@type":"PropertyValueSpecification","valueRequired":true,"valueName":"search_term_string"}}],"inLanguage":"en-US"},{"@type":"Organization","@id":"https:\/\/gastora.eu\/#organization","name":"Gastora","url":"https:\/\/gastora.eu\/","logo":{"@type":"ImageObject","inLanguage":"en-US","@id":"https:\/\/gastora.eu\/#\/schema\/logo\/image\/","url":"https:\/\/gastora.eu\/wp-content\/uploads\/2025\/12\/ChatGPT-Image-2-janv.-2026-22_52_47-1.png","contentUrl":"https:\/\/gastora.eu\/wp-content\/uploads\/2025\/12\/ChatGPT-Image-2-janv.-2026-22_52_47-1.png","width":1536,"height":320,"caption":"Gastora"},"image":{"@id":"https:\/\/gastora.eu\/#\/schema\/logo\/image\/"}}]}},"jetpack_sharing_enabled":true,"_links":{"self":[{"href":"https:\/\/gastora.eu\/en\/wp-json\/wp\/v2\/product\/13957","targetHints":{"allow":["GET"]}}],"collection":[{"href":"https:\/\/gastora.eu\/en\/wp-json\/wp\/v2\/product"}],"about":[{"href":"https:\/\/gastora.eu\/en\/wp-json\/wp\/v2\/types\/product"}],"wp:featuredmedia":[{"embeddable":true,"href":"https:\/\/gastora.eu\/en\/wp-json\/wp\/v2\/media\/6663"}],"wp:attachment":[{"href":"https:\/\/gastora.eu\/en\/wp-json\/wp\/v2\/media?parent=13957"}],"wp:term":[{"taxonomy":"product_brand","embeddable":true,"href":"https:\/\/gastora.eu\/en\/wp-json\/wp\/v2\/product_brand?post=13957"},{"taxonomy":"product_cat","embeddable":true,"href":"https:\/\/gastora.eu\/en\/wp-json\/wp\/v2\/product_cat?post=13957"},{"taxonomy":"product_tag","embeddable":true,"href":"https:\/\/gastora.eu\/en\/wp-json\/wp\/v2\/product_tag?post=13957"}],"curies":[{"name":"wp","href":"https:\/\/api.w.org\/{rel}","templated":true}]}}