{"id":13955,"date":"2026-04-25T17:40:23","date_gmt":"2026-04-25T17:40:23","guid":{"rendered":"https:\/\/gastora.eu\/?post_type=product&#038;p=13955"},"modified":"2026-04-28T16:55:36","modified_gmt":"2026-04-28T16:55:36","slug":"rfrigrateur-pour-la-prparation-des-pizzas-202-cm-2-portes-7-tiroirs","status":"publish","type":"product","link":"https:\/\/gastora.eu\/en\/product\/rfrigrateur-pour-la-prparation-des-pizzas-202-cm-2-portes-7-tiroirs\/","title":{"rendered":"R\u00e9frig\u00e9rateur pour la pr\u00e9paration des pizzas &#8211; 202 cm &#8211; 2 portes &#8211; 7 tiroirs"},"content":{"rendered":"<p>Si vous pr\u00e9parez chaque jour des pizzas fra\u00eeches avec les garnitures les plus savoureuses, cette superbe station de pr\u00e9paration r\u00e9frig\u00e9r\u00e9e est indispensable \u00e0 votre cuisine. Gr\u00e2ce au grand plan de travail en granit de ce r\u00e9frig\u00e9rateur pour pr\u00e9paration de pizzas, la p\u00e2te ne colle pas et peut \u00eatre \u00e9tal\u00e9e et pr\u00eate \u00e0 l&#8217;emploi. Pour compl\u00e9ter le r\u00e9frig\u00e9rateur pour pr\u00e9paration de pizzas, il est possible de commander une vitrine r\u00e9frig\u00e9r\u00e9e s\u00e9par\u00e9e, mont\u00e9e sur le dessus, afin d&#8217;avoir \u00e0 port\u00e9e de main toutes les garnitures pour votre pizza. Cet appareil de cuisine haut de gamme est \u00e9galement livr\u00e9 avec des supports en acier inoxydable pour les r\u00e9cipients GN, bien que les r\u00e9cipients et les couvercles eux-m\u00eames ne soient pas inclus. Ceux-ci peuvent \u00eatre command\u00e9s s\u00e9par\u00e9ment dans la boutique en ligne. L&#8217;appareil est \u00e9quip\u00e9 de roues et d&#8217;un frein pour faciliter son d\u00e9placement.<\/p>\n<h3>Syst\u00e8me de r\u00e9frig\u00e9ration professionnel<\/h3>\n<p>Ce r\u00e9frig\u00e9rateur professionnel pour la pr\u00e9paration des pizzas a une capacit\u00e9 de r\u00e9frig\u00e9ration de 580 litres afin de maintenir les ingr\u00e9dients au frais le plus longtemps possible. Derri\u00e8re les deux portes en acier inoxydable se trouve une \u00e9tag\u00e8re r\u00e9glable qui vous permet de personnaliser l&#8217;agencement \u00e0 votre guise. Il est \u00e9galement possible de commander des \u00e9tag\u00e8res suppl\u00e9mentaires et de les ajouter l\u00e0 o\u00f9 c&#8217;est n\u00e9cessaire. \u00c0 c\u00f4t\u00e9 du syst\u00e8me de refroidissement se trouvent sept tiroirs pour la p\u00e2te qui n&#8217;est pas activement refroidie, ce qui est id\u00e9al pour laisser lever la p\u00e2te \u00e0 pizza. Ce r\u00e9frig\u00e9rateur de pr\u00e9paration fonctionne de mani\u00e8re optimale \u00e0 une temp\u00e9rature ambiante de 32\u00b0C. Son syst\u00e8me de refroidissement comprend un ventilateur, un compresseur Zanussi et un \u00e9vaporateur mouss\u00e9 sur trois c\u00f4t\u00e9s. Il utilise le r\u00e9frig\u00e9rant R600a, exempt de CFC. Le cycle de refroidissement permet de r\u00e9duire au minimum la formation de glace. Le thermostat num\u00e9rique permet de r\u00e9gler la temp\u00e9rature entre -2 et 10\u00b0C.<\/p>\n<h3>Facile \u00e0 maintenir hygi\u00e9nique et propre<\/h3>\n<p>Le r\u00e9frig\u00e9rateur professionnel pour la pr\u00e9paration des pizzas est fabriqu\u00e9 en acier inoxydable et en granit, ce qui le rend tr\u00e8s facile \u00e0 nettoyer. En outre, l&#8217;acier inoxydable pr\u00e9sente l&#8217;avantage d&#8217;\u00eatre tr\u00e8s durable et r\u00e9sistant aux rayures, ce qui contribue \u00e0 minimiser la propagation des bact\u00e9ries. Le r\u00e9frig\u00e9rateur peut \u00eatre nettoy\u00e9 \u00e0 l&#8217;aide d&#8217;un chiffon humide, d&#8217;eau chaude et d&#8217;un d\u00e9tergent doux. Apr\u00e8s le nettoyage, essuyez le tout avec un chiffon doux et sec.<\/p>\n<p><strong>Caract\u00e9ristiques<\/strong><\/p>\n<ul>\n<li>Avec espace de travail en granit sur le dessus<\/li>\n<li>R\u00e9gulation num\u00e9rique de la temp\u00e9rature (Dixell)<\/li>\n<li>Bo\u00eetier en acier inoxydable (AISI 304)<\/li>\n<li>Comprend des \u00e9tag\u00e8res r\u00e9glables (une par porte)<\/li>\n<li>Cycle de refroidissement pour r\u00e9duire la formation de glace<\/li>\n<li>Isolation protectrice compacte de 3,5 cm<\/li>\n<\/ul>\n<p><strong>Caract\u00e9ristiques du produit<\/strong><\/p>\n<ul>\n<li>Poids net : 332 kg<\/li>\n<li>Dimensions int\u00e9rieures : L96 x P68 x H56cm<\/li>\n<li>Dimensions ext\u00e9rieures : L202 x P80 x H100cm<\/li>\n<li>Hauteur de travail : 86cm<\/li>\n<li>Capacit\u00e9 : 300L<\/li>\n<li>230V \/ 50Hz \/ 1 Phase 350W<\/li>\n<\/ul>\n<p><em>Inclus<\/em><\/p>\n<ul>\n<li><em>2 grilles avec guides 53 x 33,5cm<\/em><\/li>\n<li><em>7 Tiroirs 40 x 63 x 7cm<\/em><\/li>\n<\/ul>","protected":false},"excerpt":{"rendered":"<p>Ce r\u00e9frig\u00e9rateur \u00e0 pizza en acier inoxydable avec deux portes, sept tiroirs et un plan de travail en granit vous permet de pr\u00e9parer les pizzas les plus savoureuses. Il dispose de sept grands tiroirs et de deux grilles. Ce r\u00e9frig\u00e9rateur pour pizzas peut \u00eatre compl\u00e9t\u00e9 par une vitrine r\u00e9frig\u00e9r\u00e9e s\u00e9par\u00e9e, mont\u00e9e sur le dessus, avec cinq r\u00e9cipients GN de 1\/6.<\/p>","protected":false},"featured_media":6659,"template":"","meta":{"_acf_changed":false},"product_brand":[],"product_cat":[474],"product_tag":[],"class_list":{"0":"post-13955","1":"product","2":"type-product","3":"status-publish","4":"has-post-thumbnail","6":"product_cat-armoires-refrigerees-positif-negatif-2","8":"first","9":"instock","10":"sale","11":"taxable","12":"shipping-taxable","13":"purchasable","14":"product-type-simple"},"acf":[],"yoast_head":"<!-- This site is optimized with the Yoast SEO plugin v27.5 - https:\/\/yoast.com\/product\/yoast-seo-wordpress\/ -->\n<title>R\u00e9frig\u00e9rateur pour la pr\u00e9paration des pizzas - 202 cm - 2 portes - 7 tiroirs - Gastora<\/title>\n<meta name=\"description\" content=\"Achetez R\u00e9frig\u00e9rateur pour la pr\u00e9paration des pizzas - 202 cm - 2 portes - 7 tiroirs au meilleur prix, fiable et performant avec une livraison rapide\" \/>\n<meta name=\"robots\" content=\"index, follow, max-snippet:-1, max-image-preview:large, max-video-preview:-1\" \/>\n<link rel=\"canonical\" href=\"https:\/\/gastora.eu\/en\/product\/rfrigrateur-pour-la-prparation-des-pizzas-202-cm-2-portes-7-tiroirs\/\" \/>\n<meta property=\"og:locale\" content=\"en_US\" \/>\n<meta property=\"og:type\" content=\"article\" \/>\n<meta property=\"og:title\" content=\"R\u00e9frig\u00e9rateur pour la pr\u00e9paration des pizzas - 202 cm - 2 portes - 7 tiroirs - Gastora\" \/>\n<meta property=\"og:description\" content=\"Achetez R\u00e9frig\u00e9rateur pour la pr\u00e9paration des pizzas - 202 cm - 2 portes - 7 tiroirs au meilleur prix, fiable et performant avec une livraison rapide\" \/>\n<meta property=\"og:url\" content=\"https:\/\/gastora.eu\/en\/product\/rfrigrateur-pour-la-prparation-des-pizzas-202-cm-2-portes-7-tiroirs\/\" \/>\n<meta property=\"og:site_name\" content=\"Gastora\" \/>\n<meta property=\"article:modified_time\" content=\"2026-04-28T16:55:36+00:00\" \/>\n<meta name=\"twitter:card\" content=\"summary_large_image\" \/>\n<meta name=\"twitter:label1\" content=\"Est. reading time\" \/>\n\t<meta name=\"twitter:data1\" content=\"3 minutes\" \/>\n<script type=\"application\/ld+json\" class=\"yoast-schema-graph\">{\"@context\":\"https:\\\/\\\/schema.org\",\"@graph\":[{\"@type\":\"WebPage\",\"@id\":\"https:\\\/\\\/gastora.eu\\\/product\\\/rfrigrateur-pour-la-prparation-des-pizzas-202-cm-2-portes-7-tiroirs\\\/\",\"url\":\"https:\\\/\\\/gastora.eu\\\/product\\\/rfrigrateur-pour-la-prparation-des-pizzas-202-cm-2-portes-7-tiroirs\\\/\",\"name\":\"R\u00e9frig\u00e9rateur pour la pr\u00e9paration des pizzas - 202 cm - 2 portes - 7 tiroirs - Gastora\",\"isPartOf\":{\"@id\":\"https:\\\/\\\/gastora.eu\\\/#website\"},\"primaryImageOfPage\":{\"@id\":\"https:\\\/\\\/gastora.eu\\\/product\\\/rfrigrateur-pour-la-prparation-des-pizzas-202-cm-2-portes-7-tiroirs\\\/#primaryimage\"},\"image\":{\"@id\":\"https:\\\/\\\/gastora.eu\\\/product\\\/rfrigrateur-pour-la-prparation-des-pizzas-202-cm-2-portes-7-tiroirs\\\/#primaryimage\"},\"thumbnailUrl\":\"https:\\\/\\\/gastora.eu\\\/wp-content\\\/uploads\\\/2026\\\/04\\\/maxima-05-61656e76e480d.jpg\",\"datePublished\":\"2026-04-25T17:40:23+00:00\",\"dateModified\":\"2026-04-28T16:55:36+00:00\",\"description\":\"Achetez R\u00e9frig\u00e9rateur pour la pr\u00e9paration des pizzas - 202 cm - 2 portes - 7 tiroirs au meilleur prix, fiable et performant avec une livraison rapide\",\"breadcrumb\":{\"@id\":\"https:\\\/\\\/gastora.eu\\\/product\\\/rfrigrateur-pour-la-prparation-des-pizzas-202-cm-2-portes-7-tiroirs\\\/#breadcrumb\"},\"inLanguage\":\"en-US\",\"potentialAction\":[{\"@type\":\"ReadAction\",\"target\":[\"https:\\\/\\\/gastora.eu\\\/product\\\/rfrigrateur-pour-la-prparation-des-pizzas-202-cm-2-portes-7-tiroirs\\\/\"]}]},{\"@type\":\"ImageObject\",\"inLanguage\":\"en-US\",\"@id\":\"https:\\\/\\\/gastora.eu\\\/product\\\/rfrigrateur-pour-la-prparation-des-pizzas-202-cm-2-portes-7-tiroirs\\\/#primaryimage\",\"url\":\"https:\\\/\\\/gastora.eu\\\/wp-content\\\/uploads\\\/2026\\\/04\\\/maxima-05-61656e76e480d.jpg\",\"contentUrl\":\"https:\\\/\\\/gastora.eu\\\/wp-content\\\/uploads\\\/2026\\\/04\\\/maxima-05-61656e76e480d.jpg\",\"width\":1024,\"height\":1024},{\"@type\":\"BreadcrumbList\",\"@id\":\"https:\\\/\\\/gastora.eu\\\/product\\\/rfrigrateur-pour-la-prparation-des-pizzas-202-cm-2-portes-7-tiroirs\\\/#breadcrumb\",\"itemListElement\":[{\"@type\":\"ListItem\",\"position\":1,\"name\":\"Home\",\"item\":\"https:\\\/\\\/gastora.eu\\\/\"},{\"@type\":\"ListItem\",\"position\":2,\"name\":\"Shop\",\"item\":\"https:\\\/\\\/gastora.eu\\\/shop\\\/\"},{\"@type\":\"ListItem\",\"position\":3,\"name\":\"R\u00e9frig\u00e9rateur pour la pr\u00e9paration des pizzas &#8211; 202 cm &#8211; 2 portes &#8211; 7 tiroirs\"}]},{\"@type\":\"WebSite\",\"@id\":\"https:\\\/\\\/gastora.eu\\\/#website\",\"url\":\"https:\\\/\\\/gastora.eu\\\/\",\"name\":\"Gastora\",\"description\":\"\u00c9quipements professionnels CHR\",\"publisher\":{\"@id\":\"https:\\\/\\\/gastora.eu\\\/#organization\"},\"potentialAction\":[{\"@type\":\"SearchAction\",\"target\":{\"@type\":\"EntryPoint\",\"urlTemplate\":\"https:\\\/\\\/gastora.eu\\\/?s={search_term_string}\"},\"query-input\":{\"@type\":\"PropertyValueSpecification\",\"valueRequired\":true,\"valueName\":\"search_term_string\"}}],\"inLanguage\":\"en-US\"},{\"@type\":\"Organization\",\"@id\":\"https:\\\/\\\/gastora.eu\\\/#organization\",\"name\":\"Gastora\",\"url\":\"https:\\\/\\\/gastora.eu\\\/\",\"logo\":{\"@type\":\"ImageObject\",\"inLanguage\":\"en-US\",\"@id\":\"https:\\\/\\\/gastora.eu\\\/#\\\/schema\\\/logo\\\/image\\\/\",\"url\":\"https:\\\/\\\/gastora.eu\\\/wp-content\\\/uploads\\\/2025\\\/12\\\/ChatGPT-Image-2-janv.-2026-22_52_47-1.png\",\"contentUrl\":\"https:\\\/\\\/gastora.eu\\\/wp-content\\\/uploads\\\/2025\\\/12\\\/ChatGPT-Image-2-janv.-2026-22_52_47-1.png\",\"width\":1536,\"height\":320,\"caption\":\"Gastora\"},\"image\":{\"@id\":\"https:\\\/\\\/gastora.eu\\\/#\\\/schema\\\/logo\\\/image\\\/\"}}]}<\/script>\n<!-- \/ Yoast SEO plugin. -->","yoast_head_json":{"title":"R\u00e9frig\u00e9rateur pour la pr\u00e9paration des pizzas - 202 cm - 2 portes - 7 tiroirs - Gastora","description":"Achetez R\u00e9frig\u00e9rateur pour la pr\u00e9paration des pizzas - 202 cm - 2 portes - 7 tiroirs au meilleur prix, fiable et performant avec une livraison rapide","robots":{"index":"index","follow":"follow","max-snippet":"max-snippet:-1","max-image-preview":"max-image-preview:large","max-video-preview":"max-video-preview:-1"},"canonical":"https:\/\/gastora.eu\/en\/product\/rfrigrateur-pour-la-prparation-des-pizzas-202-cm-2-portes-7-tiroirs\/","og_locale":"en_US","og_type":"article","og_title":"R\u00e9frig\u00e9rateur pour la pr\u00e9paration des pizzas - 202 cm - 2 portes - 7 tiroirs - Gastora","og_description":"Achetez R\u00e9frig\u00e9rateur pour la pr\u00e9paration des pizzas - 202 cm - 2 portes - 7 tiroirs au meilleur prix, fiable et performant avec une livraison rapide","og_url":"https:\/\/gastora.eu\/en\/product\/rfrigrateur-pour-la-prparation-des-pizzas-202-cm-2-portes-7-tiroirs\/","og_site_name":"Gastora","article_modified_time":"2026-04-28T16:55:36+00:00","twitter_card":"summary_large_image","twitter_misc":{"Est. reading time":"3 minutes"},"schema":{"@context":"https:\/\/schema.org","@graph":[{"@type":"WebPage","@id":"https:\/\/gastora.eu\/product\/rfrigrateur-pour-la-prparation-des-pizzas-202-cm-2-portes-7-tiroirs\/","url":"https:\/\/gastora.eu\/product\/rfrigrateur-pour-la-prparation-des-pizzas-202-cm-2-portes-7-tiroirs\/","name":"R\u00e9frig\u00e9rateur pour la pr\u00e9paration des pizzas - 202 cm - 2 portes - 7 tiroirs - Gastora","isPartOf":{"@id":"https:\/\/gastora.eu\/#website"},"primaryImageOfPage":{"@id":"https:\/\/gastora.eu\/product\/rfrigrateur-pour-la-prparation-des-pizzas-202-cm-2-portes-7-tiroirs\/#primaryimage"},"image":{"@id":"https:\/\/gastora.eu\/product\/rfrigrateur-pour-la-prparation-des-pizzas-202-cm-2-portes-7-tiroirs\/#primaryimage"},"thumbnailUrl":"https:\/\/gastora.eu\/wp-content\/uploads\/2026\/04\/maxima-05-61656e76e480d.jpg","datePublished":"2026-04-25T17:40:23+00:00","dateModified":"2026-04-28T16:55:36+00:00","description":"Achetez R\u00e9frig\u00e9rateur pour la pr\u00e9paration des pizzas - 202 cm - 2 portes - 7 tiroirs au meilleur prix, fiable et performant avec une livraison rapide","breadcrumb":{"@id":"https:\/\/gastora.eu\/product\/rfrigrateur-pour-la-prparation-des-pizzas-202-cm-2-portes-7-tiroirs\/#breadcrumb"},"inLanguage":"en-US","potentialAction":[{"@type":"ReadAction","target":["https:\/\/gastora.eu\/product\/rfrigrateur-pour-la-prparation-des-pizzas-202-cm-2-portes-7-tiroirs\/"]}]},{"@type":"ImageObject","inLanguage":"en-US","@id":"https:\/\/gastora.eu\/product\/rfrigrateur-pour-la-prparation-des-pizzas-202-cm-2-portes-7-tiroirs\/#primaryimage","url":"https:\/\/gastora.eu\/wp-content\/uploads\/2026\/04\/maxima-05-61656e76e480d.jpg","contentUrl":"https:\/\/gastora.eu\/wp-content\/uploads\/2026\/04\/maxima-05-61656e76e480d.jpg","width":1024,"height":1024},{"@type":"BreadcrumbList","@id":"https:\/\/gastora.eu\/product\/rfrigrateur-pour-la-prparation-des-pizzas-202-cm-2-portes-7-tiroirs\/#breadcrumb","itemListElement":[{"@type":"ListItem","position":1,"name":"Home","item":"https:\/\/gastora.eu\/"},{"@type":"ListItem","position":2,"name":"Shop","item":"https:\/\/gastora.eu\/shop\/"},{"@type":"ListItem","position":3,"name":"R\u00e9frig\u00e9rateur pour la pr\u00e9paration des pizzas &#8211; 202 cm &#8211; 2 portes &#8211; 7 tiroirs"}]},{"@type":"WebSite","@id":"https:\/\/gastora.eu\/#website","url":"https:\/\/gastora.eu\/","name":"Gastora","description":"\u00c9quipements professionnels CHR","publisher":{"@id":"https:\/\/gastora.eu\/#organization"},"potentialAction":[{"@type":"SearchAction","target":{"@type":"EntryPoint","urlTemplate":"https:\/\/gastora.eu\/?s={search_term_string}"},"query-input":{"@type":"PropertyValueSpecification","valueRequired":true,"valueName":"search_term_string"}}],"inLanguage":"en-US"},{"@type":"Organization","@id":"https:\/\/gastora.eu\/#organization","name":"Gastora","url":"https:\/\/gastora.eu\/","logo":{"@type":"ImageObject","inLanguage":"en-US","@id":"https:\/\/gastora.eu\/#\/schema\/logo\/image\/","url":"https:\/\/gastora.eu\/wp-content\/uploads\/2025\/12\/ChatGPT-Image-2-janv.-2026-22_52_47-1.png","contentUrl":"https:\/\/gastora.eu\/wp-content\/uploads\/2025\/12\/ChatGPT-Image-2-janv.-2026-22_52_47-1.png","width":1536,"height":320,"caption":"Gastora"},"image":{"@id":"https:\/\/gastora.eu\/#\/schema\/logo\/image\/"}}]}},"jetpack_sharing_enabled":true,"_links":{"self":[{"href":"https:\/\/gastora.eu\/en\/wp-json\/wp\/v2\/product\/13955","targetHints":{"allow":["GET"]}}],"collection":[{"href":"https:\/\/gastora.eu\/en\/wp-json\/wp\/v2\/product"}],"about":[{"href":"https:\/\/gastora.eu\/en\/wp-json\/wp\/v2\/types\/product"}],"wp:featuredmedia":[{"embeddable":true,"href":"https:\/\/gastora.eu\/en\/wp-json\/wp\/v2\/media\/6659"}],"wp:attachment":[{"href":"https:\/\/gastora.eu\/en\/wp-json\/wp\/v2\/media?parent=13955"}],"wp:term":[{"taxonomy":"product_brand","embeddable":true,"href":"https:\/\/gastora.eu\/en\/wp-json\/wp\/v2\/product_brand?post=13955"},{"taxonomy":"product_cat","embeddable":true,"href":"https:\/\/gastora.eu\/en\/wp-json\/wp\/v2\/product_cat?post=13955"},{"taxonomy":"product_tag","embeddable":true,"href":"https:\/\/gastora.eu\/en\/wp-json\/wp\/v2\/product_tag?post=13955"}],"curies":[{"name":"wp","href":"https:\/\/api.w.org\/{rel}","templated":true}]}}